{"id":7857,"date":"2026-01-12T21:02:49","date_gmt":"2026-01-12T20:02:49","guid":{"rendered":"https:\/\/www.tattja.com\/?post_type=product&#038;p=7857"},"modified":"2026-04-05T19:44:32","modified_gmt":"2026-04-05T17:44:32","slug":"damske-oblecenie-2-set-ingeborg-cerveny","status":"publish","type":"product","link":"https:\/\/www.tattja.com\/de\/product\/damske-oblecenie-2-set-ingeborg-cerveny\/","title":{"rendered":"D\u00e1mske oble\u010denie 2-set INGEBORG \u010derven\u00fd"},"content":{"rendered":"<div class=\"relative basis-auto flex-col -mb-(--composer-overlap-px) [--composer-overlap-px:28px] grow flex\">\n<div class=\"flex flex-col text-sm pb-25\">\n<article class=\"text-token-text-primary w-full focus:outline-none [--shadow-height:45px] has-data-writing-block:pointer-events-none has-data-writing-block:-mt-(--shadow-height) has-data-writing-block:pt-(--shadow-height) [&amp;:has([data-writing-block])&gt;*]:pointer-events-auto scroll-mt-[calc(var(--header-height)+min(200px,max(70px,20svh)))]\" dir=\"auto\" tabindex=\"-1\" data-turn-id=\"request-6963e0ce-03c8-8331-8c85-e44131e76878-19\" data-testid=\"conversation-turn-104\" data-scroll-anchor=\"true\" data-turn=\"assistant\">\n<div class=\"text-base my-auto mx-auto pb-10 [--thread-content-margin:--spacing(4)] @w-sm\/main:[--thread-content-margin:--spacing(6)] @w-lg\/main:[--thread-content-margin:--spacing(16)] px-(--thread-content-margin)\">\n<div class=\"[--thread-content-max-width:40rem] @w-lg\/main:[--thread-content-max-width:48rem] mx-auto max-w-(--thread-content-max-width) flex-1 group\/turn-messages focus-visible:outline-hidden relative flex w-full min-w-0 flex-col agent-turn\" tabindex=\"-1\">\n<div class=\"flex max-w-full flex-col grow\">\n<div class=\"min-h-8 text-message relative flex w-full flex-col items-end gap-2 text-start break-words whitespace-normal [.text-message+&amp;]:mt-1\" dir=\"auto\" data-message-author-role=\"assistant\" data-message-id=\"5013ad63-7476-43c5-9862-c4e144dd9993\" data-message-model-slug=\"gpt-5-2\">\n<div class=\"flex w-full flex-col gap-1 empty:hidden first:pt-[1px]\">\n<div class=\"markdown prose dark:prose-invert w-full break-words light markdown-new-styling\">\n<p data-start=\"111\" data-end=\"404\"><strong data-start=\"111\" data-end=\"156\">D\u00e1mske oble\u010denie dvojset INGEBORG \u010derven\u00fd<\/strong> predstavuje dokonal\u00fa rovnov\u00e1hu medzi \u017eenskou energiou, eleganciou a modern\u00fdm komfortom. Tento v\u00fdrazn\u00fd model z kolekcie <strong data-start=\"276\" data-end=\"286\">TATTJA<\/strong> sp\u00e1ja hrejiv\u00fa jemnos\u0165 pleteniny s nad\u010dasov\u00fdm dizajnom, ktor\u00fd p\u00f4sob\u00ed sebavedomo, luxusne a \u0161t\u00fdlovo po\u010das celej sez\u00f3ny.<\/p>\n<p data-start=\"406\" data-end=\"647\">S\u00fdta \u010derven\u00e1 farba symbolizuje v\u00e1\u0161e\u0148, silu a \u017eenskos\u0165. V outfite vytv\u00e1ra v\u00fdrazn\u00fd akcent, ktor\u00fd pritiahne pozornos\u0165, no z\u00e1rove\u0148 si zachov\u00e1va noblesu a vkus. Tento t\u00f3n kr\u00e1sne roz\u017eiari minimalistick\u00e9 aj elegantn\u00e9 kombin\u00e1cie a dod\u00e1 im osobitos\u0165.<\/p>\n<p data-start=\"649\" data-end=\"974\">N\u00e1kr\u010dn\u00edk s jemnou rebrovanou \u0161trukt\u00farou p\u00f4sob\u00ed ako m\u00e4kk\u00fd pleten\u00fd \u0161perk \u2013 obop\u00edna ramen\u00e1 a krk, zahreje a dod\u00e1 outfitu sofistikovan\u00fd vzh\u013ead. \u010ciapka so \u0161iltom dop\u013a\u0148a set o praktick\u00fd a modern\u00fd prvok, ktor\u00fd chr\u00e1ni pred chladom a z\u00e1rove\u0148 pod\u010diarkuje \u0161t\u00fdlov\u00fd charakter celku. Spolu vytv\u00e1raj\u00fa harmonick\u00fa s\u00fahru funk\u010dnosti a estetiky.<\/p>\n<p data-start=\"976\" data-end=\"1267\">Jedes Detail des Doppelsets <strong data-start=\"998\" data-end=\"1010\">INGEBORG<\/strong> spiegelt die Markenphilosophie wider <strong data-start=\"1035\" data-end=\"1045\">TATTJA<\/strong> \u2013 prec\u00edzne spracovanie, pr\u00e9miov\u00fa kvalitu materi\u00e1lov a \u017eensk\u00fd dizajn, ktor\u00fd je nad\u010dasov\u00fd a pohodln\u00fd. Pletenina je m\u00e4kk\u00e1, priedu\u0161n\u00e1 a pr\u00edjemn\u00e1 na dotyk, tak\u017ee set je ide\u00e1lny na ka\u017edodenn\u00e9 nosenie aj \u0161t\u00fdlov\u00e9 mestsk\u00e9 outfity.<\/p>\n<p data-start=\"1269\" data-end=\"1459\"><strong data-start=\"1269\" data-end=\"1314\">D\u00e1mske oble\u010denie dvojset INGEBORG \u010derven\u00fd<\/strong> nie je len hrejiv\u00fdm doplnkom, ale aj vyjadren\u00edm sebavedom\u00e9ho \u017eensk\u00e9ho \u0161t\u00fdlu. Je ur\u010den\u00fd pre \u017eeny, ktor\u00e9 miluj\u00fa farbu, em\u00f3ciu a kr\u00e1su v detailoch.<\/p>\n<\/div>\n<\/div>\n<\/div>\n<\/div>\n<\/div>\n<\/div>\n<\/article>\n<\/div>\n<\/div>\n<p data-start=\"2247\" data-end=\"2352\">Entdecken Sie die Sch\u00f6nheit der Zartheit, die raffinierten Details und den femininen Stil, der Sie warm h\u00e4lt und <a href=\"https:\/\/www.tattja.com\/de\/product-category\/damske-oblecenie\/dvojsety\/nakrcnik-a-ciapka\/\">in anderen Farben.<\/a><\/p>\n<p data-start=\"2354\" data-end=\"2467\"><strong data-start=\"2354\" data-end=\"2408\">Siehe, <a href=\"https:\/\/shop.bogensberger.co.at\/produkt-schlagwort\/merino-extrafein\/\">aus welchen Materialien<\/a> wir produzieren unsere St\u00fccke<\/strong> und g\u00f6nnen Sie sich einen Hauch von Luxus, den Sie in jeder Faser sp\u00fcren k\u00f6nnen.<\/p>","protected":false},"excerpt":{"rendered":"<p data-start=\"724\" data-end=\"875\"><strong data-start=\"44\" data-end=\"89\">D\u00e1mske oble\u010denie dvojset INGEBORG \u010derven\u00fd<\/strong> \u2013 spojenie \u010diapky a n\u00e1kr\u010dn\u00edka v jemnej pletenine, ktor\u00e1 prin\u00e1\u0161a teplo, v\u00fdrazn\u00fd \u0161t\u00fdl a elegantn\u00fa \u017eenskos\u0165. \u2764\ufe0f<\/p>\n<p data-start=\"724\" data-end=\"875\">","protected":false},"featured_media":7640,"comment_status":"open","ping_status":"closed","template":"","meta":[],"product_brand":[],"product_cat":[289,334,291,332],"product_tag":[],"class_list":{"0":"post-7857","1":"product","2":"type-product","3":"status-publish","4":"has-post-thumbnail","6":"product_cat-dvojsety","7":"product_cat-dvojsety-cervene","8":"product_cat-nakrcnik-a-ciapka","9":"product_cat-pleteninove-doplnky-cervene","11":"first","12":"instock","13":"taxable","14":"shipping-taxable","15":"purchasable","16":"product-type-simple"},"yoast_head":"<!-- This site is optimized with the Yoast SEO plugin v26.0 - https:\/\/yoast.com\/wordpress\/plugins\/seo\/ -->\n<title>D\u00e1mske oble\u010denie 2-set INGEBORG \u010derven\u00fd - TATTJA<\/title>\n<meta name=\"description\" content=\"D\u00e1mske oble\u010denie dvojset INGEBORG \u010derven\u00fd \u2013 elegantn\u00e1 harm\u00f3nia \u010diapky a n\u00e1kr\u010dn\u00edka v luxusnej pletenine, ktor\u00e1 sp\u00e1ja komfort, \u017eenskos\u0165 a noblesu.\" \/>\n<meta name=\"robots\" content=\"index, follow, max-snippet:-1, max-image-preview:large, max-video-preview:-1\" \/>\n<link rel=\"canonical\" href=\"https:\/\/www.tattja.com\/de\/product\/damske-oblecenie-2-set-ingeborg-cerveny\/\" \/>\n<meta property=\"og:locale\" content=\"de_DE\" \/>\n<meta property=\"og:type\" content=\"article\" \/>\n<meta property=\"og:title\" content=\"D\u00e1mske oble\u010denie 2-set INGEBORG \u010derven\u00fd - TATTJA\" \/>\n<meta property=\"og:description\" content=\"D\u00e1mske oble\u010denie dvojset INGEBORG \u010derven\u00fd \u2013 elegantn\u00e1 harm\u00f3nia \u010diapky a n\u00e1kr\u010dn\u00edka v luxusnej pletenine, ktor\u00e1 sp\u00e1ja komfort, \u017eenskos\u0165 a noblesu.\" \/>\n<meta property=\"og:url\" content=\"https:\/\/www.tattja.com\/de\/product\/damske-oblecenie-2-set-ingeborg-cerveny\/\" \/>\n<meta property=\"og:site_name\" content=\"TATTJA\" \/>\n<meta property=\"article:modified_time\" content=\"2026-04-05T17:44:32+00:00\" \/>\n<meta property=\"og:image\" content=\"https:\/\/www.tattja.com\/wp-content\/uploads\/2026\/01\/cerveny-dvojset-nakrcnik-ciapka-spredu.webp\" \/>\n\t<meta property=\"og:image:width\" content=\"1365\" \/>\n\t<meta property=\"og:image:height\" content=\"2048\" \/>\n\t<meta property=\"og:image:type\" content=\"image\/webp\" \/>\n<meta name=\"twitter:card\" content=\"summary_large_image\" \/>\n<meta name=\"twitter:label1\" content=\"Gesch\u00e4tzte Lesezeit\" \/>\n\t<meta name=\"twitter:data1\" content=\"2\u00a0Minuten\" \/>\n<script type=\"application\/ld+json\" class=\"yoast-schema-graph\">{\"@context\":\"https:\/\/schema.org\",\"@graph\":[{\"@type\":\"WebPage\",\"@id\":\"https:\/\/www.tattja.com\/product\/damske-oblecenie-2-set-ingeborg-cerveny\/\",\"url\":\"https:\/\/www.tattja.com\/product\/damske-oblecenie-2-set-ingeborg-cerveny\/\",\"name\":\"D\u00e1mske oble\u010denie 2-set INGEBORG \u010derven\u00fd - TATTJA\",\"isPartOf\":{\"@id\":\"https:\/\/www.tattja.com\/#website\"},\"primaryImageOfPage\":{\"@id\":\"https:\/\/www.tattja.com\/product\/damske-oblecenie-2-set-ingeborg-cerveny\/#primaryimage\"},\"image\":{\"@id\":\"https:\/\/www.tattja.com\/product\/damske-oblecenie-2-set-ingeborg-cerveny\/#primaryimage\"},\"thumbnailUrl\":\"https:\/\/www.tattja.com\/wp-content\/uploads\/2026\/01\/cerveny-dvojset-nakrcnik-ciapka-spredu.webp\",\"datePublished\":\"2026-01-12T20:02:49+00:00\",\"dateModified\":\"2026-04-05T17:44:32+00:00\",\"description\":\"D\u00e1mske oble\u010denie dvojset INGEBORG \u010derven\u00fd \u2013 elegantn\u00e1 harm\u00f3nia \u010diapky a n\u00e1kr\u010dn\u00edka v luxusnej pletenine, ktor\u00e1 sp\u00e1ja komfort, \u017eenskos\u0165 a noblesu.\",\"breadcrumb\":{\"@id\":\"https:\/\/www.tattja.com\/product\/damske-oblecenie-2-set-ingeborg-cerveny\/#breadcrumb\"},\"inLanguage\":\"de\",\"potentialAction\":[{\"@type\":\"ReadAction\",\"target\":[\"https:\/\/www.tattja.com\/product\/damske-oblecenie-2-set-ingeborg-cerveny\/\"]}]},{\"@type\":\"ImageObject\",\"inLanguage\":\"de\",\"@id\":\"https:\/\/www.tattja.com\/product\/damske-oblecenie-2-set-ingeborg-cerveny\/#primaryimage\",\"url\":\"https:\/\/www.tattja.com\/wp-content\/uploads\/2026\/01\/cerveny-dvojset-nakrcnik-ciapka-spredu.webp\",\"contentUrl\":\"https:\/\/www.tattja.com\/wp-content\/uploads\/2026\/01\/cerveny-dvojset-nakrcnik-ciapka-spredu.webp\",\"width\":1365,\"height\":2048,\"caption\":\"\u010cerven\u00fd pleten\u00fd dvojset INGEBORG \u2013 n\u00e1kr\u010dn\u00edk a \u010diapka (spredu)\"},{\"@type\":\"BreadcrumbList\",\"@id\":\"https:\/\/www.tattja.com\/product\/damske-oblecenie-2-set-ingeborg-cerveny\/#breadcrumb\",\"itemListElement\":[{\"@type\":\"ListItem\",\"position\":1,\"name\":\"Domov\",\"item\":\"https:\/\/www.tattja.com\/\"},{\"@type\":\"ListItem\",\"position\":2,\"name\":\"Produkty\",\"item\":\"https:\/\/www.tattja.com\/damske-oblecenie-produkty\/\"},{\"@type\":\"ListItem\",\"position\":3,\"name\":\"D\u00e1mske oble\u010denie 2-set INGEBORG \u010derven\u00fd\"}]},{\"@type\":\"WebSite\",\"@id\":\"https:\/\/www.tattja.com\/#website\",\"url\":\"https:\/\/www.tattja.com\/\",\"name\":\"TATTJA\",\"description\":\"D\u00e1mske oble\u010denie z extra jemnej merino vlny \u2014 ru\u010dne pleten\u00e9 na Slovensku\",\"potentialAction\":[{\"@type\":\"SearchAction\",\"target\":{\"@type\":\"EntryPoint\",\"urlTemplate\":\"https:\/\/www.tattja.com\/?s={search_term_string}\"},\"query-input\":{\"@type\":\"PropertyValueSpecification\",\"valueRequired\":true,\"valueName\":\"search_term_string\"}}],\"inLanguage\":\"de\"}]}<\/script>\n<!-- \/ Yoast SEO plugin. -->","yoast_head_json":{"title":"D\u00e1mske oble\u010denie 2-set INGEBORG \u010derven\u00fd - TATTJA","description":"D\u00e1mske oble\u010denie dvojset INGEBORG \u010derven\u00fd \u2013 elegantn\u00e1 harm\u00f3nia \u010diapky a n\u00e1kr\u010dn\u00edka v luxusnej pletenine, ktor\u00e1 sp\u00e1ja komfort, \u017eenskos\u0165 a noblesu.","robots":{"index":"index","follow":"follow","max-snippet":"max-snippet:-1","max-image-preview":"max-image-preview:large","max-video-preview":"max-video-preview:-1"},"canonical":"https:\/\/www.tattja.com\/de\/product\/damske-oblecenie-2-set-ingeborg-cerveny\/","og_locale":"de_DE","og_type":"article","og_title":"D\u00e1mske oble\u010denie 2-set INGEBORG \u010derven\u00fd - TATTJA","og_description":"D\u00e1mske oble\u010denie dvojset INGEBORG \u010derven\u00fd \u2013 elegantn\u00e1 harm\u00f3nia \u010diapky a n\u00e1kr\u010dn\u00edka v luxusnej pletenine, ktor\u00e1 sp\u00e1ja komfort, \u017eenskos\u0165 a noblesu.","og_url":"https:\/\/www.tattja.com\/de\/product\/damske-oblecenie-2-set-ingeborg-cerveny\/","og_site_name":"TATTJA","article_modified_time":"2026-04-05T17:44:32+00:00","og_image":[{"width":1365,"height":2048,"url":"https:\/\/www.tattja.com\/wp-content\/uploads\/2026\/01\/cerveny-dvojset-nakrcnik-ciapka-spredu.webp","type":"image\/webp"}],"twitter_card":"summary_large_image","twitter_misc":{"Gesch\u00e4tzte Lesezeit":"2\u00a0Minuten"},"schema":{"@context":"https:\/\/schema.org","@graph":[{"@type":"WebPage","@id":"https:\/\/www.tattja.com\/product\/damske-oblecenie-2-set-ingeborg-cerveny\/","url":"https:\/\/www.tattja.com\/product\/damske-oblecenie-2-set-ingeborg-cerveny\/","name":"D\u00e1mske oble\u010denie 2-set INGEBORG \u010derven\u00fd - TATTJA","isPartOf":{"@id":"https:\/\/www.tattja.com\/#website"},"primaryImageOfPage":{"@id":"https:\/\/www.tattja.com\/product\/damske-oblecenie-2-set-ingeborg-cerveny\/#primaryimage"},"image":{"@id":"https:\/\/www.tattja.com\/product\/damske-oblecenie-2-set-ingeborg-cerveny\/#primaryimage"},"thumbnailUrl":"https:\/\/www.tattja.com\/wp-content\/uploads\/2026\/01\/cerveny-dvojset-nakrcnik-ciapka-spredu.webp","datePublished":"2026-01-12T20:02:49+00:00","dateModified":"2026-04-05T17:44:32+00:00","description":"D\u00e1mske oble\u010denie dvojset INGEBORG \u010derven\u00fd \u2013 elegantn\u00e1 harm\u00f3nia \u010diapky a n\u00e1kr\u010dn\u00edka v luxusnej pletenine, ktor\u00e1 sp\u00e1ja komfort, \u017eenskos\u0165 a noblesu.","breadcrumb":{"@id":"https:\/\/www.tattja.com\/product\/damske-oblecenie-2-set-ingeborg-cerveny\/#breadcrumb"},"inLanguage":"de","potentialAction":[{"@type":"ReadAction","target":["https:\/\/www.tattja.com\/product\/damske-oblecenie-2-set-ingeborg-cerveny\/"]}]},{"@type":"ImageObject","inLanguage":"de","@id":"https:\/\/www.tattja.com\/product\/damske-oblecenie-2-set-ingeborg-cerveny\/#primaryimage","url":"https:\/\/www.tattja.com\/wp-content\/uploads\/2026\/01\/cerveny-dvojset-nakrcnik-ciapka-spredu.webp","contentUrl":"https:\/\/www.tattja.com\/wp-content\/uploads\/2026\/01\/cerveny-dvojset-nakrcnik-ciapka-spredu.webp","width":1365,"height":2048,"caption":"\u010cerven\u00fd pleten\u00fd dvojset INGEBORG \u2013 n\u00e1kr\u010dn\u00edk a \u010diapka (spredu)"},{"@type":"BreadcrumbList","@id":"https:\/\/www.tattja.com\/product\/damske-oblecenie-2-set-ingeborg-cerveny\/#breadcrumb","itemListElement":[{"@type":"ListItem","position":1,"name":"Domov","item":"https:\/\/www.tattja.com\/"},{"@type":"ListItem","position":2,"name":"Produkty","item":"https:\/\/www.tattja.com\/damske-oblecenie-produkty\/"},{"@type":"ListItem","position":3,"name":"D\u00e1mske oble\u010denie 2-set INGEBORG \u010derven\u00fd"}]},{"@type":"WebSite","@id":"https:\/\/www.tattja.com\/#website","url":"https:\/\/www.tattja.com\/","name":"TATTJA","description":"D\u00e1mske oble\u010denie z extra jemnej merino vlny \u2014 ru\u010dne pleten\u00e9 na Slovensku","potentialAction":[{"@type":"SearchAction","target":{"@type":"EntryPoint","urlTemplate":"https:\/\/www.tattja.com\/?s={search_term_string}"},"query-input":{"@type":"PropertyValueSpecification","valueRequired":true,"valueName":"search_term_string"}}],"inLanguage":"de"}]}},"_links":{"self":[{"href":"https:\/\/www.tattja.com\/de\/wp-json\/wp\/v2\/product\/7857","targetHints":{"allow":["GET"]}}],"collection":[{"href":"https:\/\/www.tattja.com\/de\/wp-json\/wp\/v2\/product"}],"about":[{"href":"https:\/\/www.tattja.com\/de\/wp-json\/wp\/v2\/types\/product"}],"replies":[{"embeddable":true,"href":"https:\/\/www.tattja.com\/de\/wp-json\/wp\/v2\/comments?post=7857"}],"version-history":[{"count":3,"href":"https:\/\/www.tattja.com\/de\/wp-json\/wp\/v2\/product\/7857\/revisions"}],"predecessor-version":[{"id":7897,"href":"https:\/\/www.tattja.com\/de\/wp-json\/wp\/v2\/product\/7857\/revisions\/7897"}],"wp:featuredmedia":[{"embeddable":true,"href":"https:\/\/www.tattja.com\/de\/wp-json\/wp\/v2\/media\/7640"}],"wp:attachment":[{"href":"https:\/\/www.tattja.com\/de\/wp-json\/wp\/v2\/media?parent=7857"}],"wp:term":[{"taxonomy":"product_brand","embeddable":true,"href":"https:\/\/www.tattja.com\/de\/wp-json\/wp\/v2\/product_brand?post=7857"},{"taxonomy":"product_cat","embeddable":true,"href":"https:\/\/www.tattja.com\/de\/wp-json\/wp\/v2\/product_cat?post=7857"},{"taxonomy":"product_tag","embeddable":true,"href":"https:\/\/www.tattja.com\/de\/wp-json\/wp\/v2\/product_tag?post=7857"}],"curies":[{"name":"wp","href":"https:\/\/api.w.org\/{rel}","templated":true}]}}