{"id":1727,"date":"2025-07-28T09:10:52","date_gmt":"2025-07-28T07:10:52","guid":{"rendered":"https:\/\/www.tattja.com\/?post_type=product&#038;p=1727"},"modified":"2026-04-05T19:45:12","modified_gmt":"2026-04-05T17:45:12","slug":"damske-oblecenie-ciapka-anja-kremovo-vanilkova","status":"publish","type":"product","link":"https:\/\/www.tattja.com\/en\/product\/damske-oblecenie-ciapka-anja-kremovo-vanilkova\/","title":{"rendered":"Women's clothing cap ANJA cream-vanilla"},"content":{"rendered":"<p data-start=\"850\" data-end=\"1163\"><strong data-start=\"850\" data-end=\"900\">Women's clothing cap ANJA cream-vanilla<\/strong> It will bring refinement, elegance and timeless style to your wardrobe. This model from the collection <strong data-start=\"980\" data-end=\"990\">TATTJA<\/strong> combines comfort, practicality and feminine design in perfect harmony. Thanks to its shade, it looks versatile, you can easily combine it. It will give your otufit a clean, sophisticated look.<\/p>\n<p data-start=\"1165\" data-end=\"1487\">We have knitted the hat from soft, silky yarn that hugs your head nicely and provides warmth during colder days. The material is breathable, lightweight and soft to the touch, offering maximum comfort even when worn for long periods of time. Every detail has been carefully worked out, making it not only practical but also an aesthetic accessory.<\/p>\n<p data-start=\"1489\" data-end=\"1706\">The creamy-vanilla shade looks fresh and feminine. It can brighten the complexion and accentuate facial features. Thanks to its neutral colour, it goes perfectly with both darker and lighter pieces - from jeans and shirts to elegant coats.<\/p>\n<p data-start=\"1708\" data-end=\"1964\">The stylish visor adds a subtle urban accent to the cap and protects the eyes from the sun's rays or the wind. Combined with the soft texture of the knit, it creates a balanced mix of functionality and style. This model can be worn for transitional, travel or everyday wear.<\/p>\n<p data-start=\"1966\" data-end=\"2065\">Women's clothing cap <strong data-start=\"1973\" data-end=\"1999\">ANJA cream-vanilla<\/strong> stands out for its versatility and can complement any outfit.<\/p>\n<p data-start=\"2067\" data-end=\"2172\">Discover the beauty of delicacy, sophisticated details and feminine style that will keep you warm and <a href=\"https:\/\/www.tattja.com\/en\/product-category\/damske-oblecenie\/doplnky-jednotlivo\/ciapky\/\">in other colours<\/a>.<\/p>\n<p data-start=\"2174\" data-end=\"2309\"><strong data-start=\"2174\" data-end=\"2228\">See, <a href=\"https:\/\/shop.bogensberger.co.at\/produkt-schlagwort\/merino-extrafein\/\">from what materials<\/a> we produce our pieces<\/strong> and treat yourself to a combination of elegance, comfort and timeless design <strong data-start=\"2296\" data-end=\"2306\">TATTJA<\/strong>.<\/p>","protected":false},"excerpt":{"rendered":"<p><strong data-start=\"651\" data-end=\"701\">Women's clothing cap ANJA cream-vanilla<\/strong> combines refinement, elegance and comfort. A soft knit, a stylish silhouette and a versatile shade for the modern woman.<\/p>","protected":false},"featured_media":2333,"comment_status":"open","ping_status":"closed","template":"","meta":[],"product_brand":[],"product_cat":[144,282,300,298,137],"product_tag":[],"class_list":{"0":"post-1727","1":"product","2":"type-product","3":"status-publish","4":"has-post-thumbnail","6":"product_cat-ciapka-kremovo-vanilkova","7":"product_cat-ciapky","8":"product_cat-damske-oblecenie","9":"product_cat-doplnky-jednotlivo","10":"product_cat-pleteninove-doplnky-kremovo-vanilkove","12":"first","13":"instock","14":"taxable","15":"shipping-taxable","16":"purchasable","17":"product-type-simple"},"yoast_head":"<!-- This site is optimized with the Yoast SEO plugin v26.0 - https:\/\/yoast.com\/wordpress\/plugins\/seo\/ -->\n<title>D\u00e1mske oble\u010denie \u010diapka ANJA kr\u00e9movo-vanilkov\u00e1 - TATTJA<\/title>\n<meta name=\"description\" content=\"D\u00e1mske oble\u010denie \u010diapka ANJA kr\u00e9movo-vanilkov\u00e1 \u2013 jemn\u00e1, elegantn\u00e1 a praktick\u00e1 \u010diapka s modern\u00fdm dizajnom a univerz\u00e1lnym odtie\u0148om.\" \/>\n<meta name=\"robots\" content=\"index, follow, max-snippet:-1, max-image-preview:large, max-video-preview:-1\" \/>\n<link rel=\"canonical\" href=\"https:\/\/www.tattja.com\/en\/product\/damske-oblecenie-ciapka-anja-kremovo-vanilkova\/\" \/>\n<meta property=\"og:locale\" content=\"en_GB\" \/>\n<meta property=\"og:type\" content=\"article\" \/>\n<meta property=\"og:title\" content=\"D\u00e1mske oble\u010denie \u010diapka ANJA kr\u00e9movo-vanilkov\u00e1 - TATTJA\" \/>\n<meta property=\"og:description\" content=\"D\u00e1mske oble\u010denie \u010diapka ANJA kr\u00e9movo-vanilkov\u00e1 \u2013 jemn\u00e1, elegantn\u00e1 a praktick\u00e1 \u010diapka s modern\u00fdm dizajnom a univerz\u00e1lnym odtie\u0148om.\" \/>\n<meta property=\"og:url\" content=\"https:\/\/www.tattja.com\/en\/product\/damske-oblecenie-ciapka-anja-kremovo-vanilkova\/\" \/>\n<meta property=\"og:site_name\" content=\"TATTJA\" \/>\n<meta property=\"article:modified_time\" content=\"2026-04-05T17:45:12+00:00\" \/>\n<meta property=\"og:image\" content=\"https:\/\/www.tattja.com\/wp-content\/uploads\/2025\/09\/kremovo-vanilkovy-ciapka-spredu-43-2.webp\" \/>\n\t<meta property=\"og:image:width\" content=\"1365\" \/>\n\t<meta property=\"og:image:height\" content=\"2048\" \/>\n\t<meta property=\"og:image:type\" content=\"image\/webp\" \/>\n<meta name=\"twitter:card\" content=\"summary_large_image\" \/>\n<meta name=\"twitter:label1\" content=\"Estimated reading time\" \/>\n\t<meta name=\"twitter:data1\" content=\"2 minutes\" \/>\n<script type=\"application\/ld+json\" class=\"yoast-schema-graph\">{\"@context\":\"https:\/\/schema.org\",\"@graph\":[{\"@type\":\"WebPage\",\"@id\":\"https:\/\/www.tattja.com\/product\/damske-oblecenie-ciapka-anja-kremovo-vanilkova\/\",\"url\":\"https:\/\/www.tattja.com\/product\/damske-oblecenie-ciapka-anja-kremovo-vanilkova\/\",\"name\":\"D\u00e1mske oble\u010denie \u010diapka ANJA kr\u00e9movo-vanilkov\u00e1 - TATTJA\",\"isPartOf\":{\"@id\":\"https:\/\/www.tattja.com\/#website\"},\"primaryImageOfPage\":{\"@id\":\"https:\/\/www.tattja.com\/product\/damske-oblecenie-ciapka-anja-kremovo-vanilkova\/#primaryimage\"},\"image\":{\"@id\":\"https:\/\/www.tattja.com\/product\/damske-oblecenie-ciapka-anja-kremovo-vanilkova\/#primaryimage\"},\"thumbnailUrl\":\"https:\/\/www.tattja.com\/wp-content\/uploads\/2025\/09\/kremovo-vanilkovy-ciapka-spredu-43-2.webp\",\"datePublished\":\"2025-07-28T07:10:52+00:00\",\"dateModified\":\"2026-04-05T17:45:12+00:00\",\"description\":\"D\u00e1mske oble\u010denie \u010diapka ANJA kr\u00e9movo-vanilkov\u00e1 \u2013 jemn\u00e1, elegantn\u00e1 a praktick\u00e1 \u010diapka s modern\u00fdm dizajnom a univerz\u00e1lnym odtie\u0148om.\",\"breadcrumb\":{\"@id\":\"https:\/\/www.tattja.com\/product\/damske-oblecenie-ciapka-anja-kremovo-vanilkova\/#breadcrumb\"},\"inLanguage\":\"en-GB\",\"potentialAction\":[{\"@type\":\"ReadAction\",\"target\":[\"https:\/\/www.tattja.com\/product\/damske-oblecenie-ciapka-anja-kremovo-vanilkova\/\"]}]},{\"@type\":\"ImageObject\",\"inLanguage\":\"en-GB\",\"@id\":\"https:\/\/www.tattja.com\/product\/damske-oblecenie-ciapka-anja-kremovo-vanilkova\/#primaryimage\",\"url\":\"https:\/\/www.tattja.com\/wp-content\/uploads\/2025\/09\/kremovo-vanilkovy-ciapka-spredu-43-2.webp\",\"contentUrl\":\"https:\/\/www.tattja.com\/wp-content\/uploads\/2025\/09\/kremovo-vanilkovy-ciapka-spredu-43-2.webp\",\"width\":1365,\"height\":2048,\"caption\":\"\u010ciapka ANJA \u2013 kr\u00e9movo-vanilkov\u00e1 pleten\u00e1 \u010diapka TATTJA | predn\u00fd poh\u013ead\"},{\"@type\":\"BreadcrumbList\",\"@id\":\"https:\/\/www.tattja.com\/product\/damske-oblecenie-ciapka-anja-kremovo-vanilkova\/#breadcrumb\",\"itemListElement\":[{\"@type\":\"ListItem\",\"position\":1,\"name\":\"Domov\",\"item\":\"https:\/\/www.tattja.com\/\"},{\"@type\":\"ListItem\",\"position\":2,\"name\":\"Produkty\",\"item\":\"https:\/\/www.tattja.com\/damske-oblecenie-produkty\/\"},{\"@type\":\"ListItem\",\"position\":3,\"name\":\"D\u00e1mske oble\u010denie \u010diapka ANJA kr\u00e9movo-vanilkov\u00e1\"}]},{\"@type\":\"WebSite\",\"@id\":\"https:\/\/www.tattja.com\/#website\",\"url\":\"https:\/\/www.tattja.com\/\",\"name\":\"TATTJA\",\"description\":\"D\u00e1mske oble\u010denie z extra jemnej merino vlny \u2014 ru\u010dne pleten\u00e9 na Slovensku\",\"potentialAction\":[{\"@type\":\"SearchAction\",\"target\":{\"@type\":\"EntryPoint\",\"urlTemplate\":\"https:\/\/www.tattja.com\/?s={search_term_string}\"},\"query-input\":{\"@type\":\"PropertyValueSpecification\",\"valueRequired\":true,\"valueName\":\"search_term_string\"}}],\"inLanguage\":\"en-GB\"}]}<\/script>\n<!-- \/ Yoast SEO plugin. -->","yoast_head_json":{"title":"D\u00e1mske oble\u010denie \u010diapka ANJA kr\u00e9movo-vanilkov\u00e1 - TATTJA","description":"D\u00e1mske oble\u010denie \u010diapka ANJA kr\u00e9movo-vanilkov\u00e1 \u2013 jemn\u00e1, elegantn\u00e1 a praktick\u00e1 \u010diapka s modern\u00fdm dizajnom a univerz\u00e1lnym odtie\u0148om.","robots":{"index":"index","follow":"follow","max-snippet":"max-snippet:-1","max-image-preview":"max-image-preview:large","max-video-preview":"max-video-preview:-1"},"canonical":"https:\/\/www.tattja.com\/en\/product\/damske-oblecenie-ciapka-anja-kremovo-vanilkova\/","og_locale":"en_GB","og_type":"article","og_title":"D\u00e1mske oble\u010denie \u010diapka ANJA kr\u00e9movo-vanilkov\u00e1 - TATTJA","og_description":"D\u00e1mske oble\u010denie \u010diapka ANJA kr\u00e9movo-vanilkov\u00e1 \u2013 jemn\u00e1, elegantn\u00e1 a praktick\u00e1 \u010diapka s modern\u00fdm dizajnom a univerz\u00e1lnym odtie\u0148om.","og_url":"https:\/\/www.tattja.com\/en\/product\/damske-oblecenie-ciapka-anja-kremovo-vanilkova\/","og_site_name":"TATTJA","article_modified_time":"2026-04-05T17:45:12+00:00","og_image":[{"width":1365,"height":2048,"url":"https:\/\/www.tattja.com\/wp-content\/uploads\/2025\/09\/kremovo-vanilkovy-ciapka-spredu-43-2.webp","type":"image\/webp"}],"twitter_card":"summary_large_image","twitter_misc":{"Estimated reading time":"2 minutes"},"schema":{"@context":"https:\/\/schema.org","@graph":[{"@type":"WebPage","@id":"https:\/\/www.tattja.com\/product\/damske-oblecenie-ciapka-anja-kremovo-vanilkova\/","url":"https:\/\/www.tattja.com\/product\/damske-oblecenie-ciapka-anja-kremovo-vanilkova\/","name":"D\u00e1mske oble\u010denie \u010diapka ANJA kr\u00e9movo-vanilkov\u00e1 - TATTJA","isPartOf":{"@id":"https:\/\/www.tattja.com\/#website"},"primaryImageOfPage":{"@id":"https:\/\/www.tattja.com\/product\/damske-oblecenie-ciapka-anja-kremovo-vanilkova\/#primaryimage"},"image":{"@id":"https:\/\/www.tattja.com\/product\/damske-oblecenie-ciapka-anja-kremovo-vanilkova\/#primaryimage"},"thumbnailUrl":"https:\/\/www.tattja.com\/wp-content\/uploads\/2025\/09\/kremovo-vanilkovy-ciapka-spredu-43-2.webp","datePublished":"2025-07-28T07:10:52+00:00","dateModified":"2026-04-05T17:45:12+00:00","description":"D\u00e1mske oble\u010denie \u010diapka ANJA kr\u00e9movo-vanilkov\u00e1 \u2013 jemn\u00e1, elegantn\u00e1 a praktick\u00e1 \u010diapka s modern\u00fdm dizajnom a univerz\u00e1lnym odtie\u0148om.","breadcrumb":{"@id":"https:\/\/www.tattja.com\/product\/damske-oblecenie-ciapka-anja-kremovo-vanilkova\/#breadcrumb"},"inLanguage":"en-GB","potentialAction":[{"@type":"ReadAction","target":["https:\/\/www.tattja.com\/product\/damske-oblecenie-ciapka-anja-kremovo-vanilkova\/"]}]},{"@type":"ImageObject","inLanguage":"en-GB","@id":"https:\/\/www.tattja.com\/product\/damske-oblecenie-ciapka-anja-kremovo-vanilkova\/#primaryimage","url":"https:\/\/www.tattja.com\/wp-content\/uploads\/2025\/09\/kremovo-vanilkovy-ciapka-spredu-43-2.webp","contentUrl":"https:\/\/www.tattja.com\/wp-content\/uploads\/2025\/09\/kremovo-vanilkovy-ciapka-spredu-43-2.webp","width":1365,"height":2048,"caption":"\u010ciapka ANJA \u2013 kr\u00e9movo-vanilkov\u00e1 pleten\u00e1 \u010diapka TATTJA | predn\u00fd poh\u013ead"},{"@type":"BreadcrumbList","@id":"https:\/\/www.tattja.com\/product\/damske-oblecenie-ciapka-anja-kremovo-vanilkova\/#breadcrumb","itemListElement":[{"@type":"ListItem","position":1,"name":"Domov","item":"https:\/\/www.tattja.com\/"},{"@type":"ListItem","position":2,"name":"Produkty","item":"https:\/\/www.tattja.com\/damske-oblecenie-produkty\/"},{"@type":"ListItem","position":3,"name":"D\u00e1mske oble\u010denie \u010diapka ANJA kr\u00e9movo-vanilkov\u00e1"}]},{"@type":"WebSite","@id":"https:\/\/www.tattja.com\/#website","url":"https:\/\/www.tattja.com\/","name":"TATTJA","description":"D\u00e1mske oble\u010denie z extra jemnej merino vlny \u2014 ru\u010dne pleten\u00e9 na Slovensku","potentialAction":[{"@type":"SearchAction","target":{"@type":"EntryPoint","urlTemplate":"https:\/\/www.tattja.com\/?s={search_term_string}"},"query-input":{"@type":"PropertyValueSpecification","valueRequired":true,"valueName":"search_term_string"}}],"inLanguage":"en-GB"}]}},"_links":{"self":[{"href":"https:\/\/www.tattja.com\/en\/wp-json\/wp\/v2\/product\/1727","targetHints":{"allow":["GET"]}}],"collection":[{"href":"https:\/\/www.tattja.com\/en\/wp-json\/wp\/v2\/product"}],"about":[{"href":"https:\/\/www.tattja.com\/en\/wp-json\/wp\/v2\/types\/product"}],"replies":[{"embeddable":true,"href":"https:\/\/www.tattja.com\/en\/wp-json\/wp\/v2\/comments?post=1727"}],"version-history":[{"count":6,"href":"https:\/\/www.tattja.com\/en\/wp-json\/wp\/v2\/product\/1727\/revisions"}],"predecessor-version":[{"id":5906,"href":"https:\/\/www.tattja.com\/en\/wp-json\/wp\/v2\/product\/1727\/revisions\/5906"}],"wp:featuredmedia":[{"embeddable":true,"href":"https:\/\/www.tattja.com\/en\/wp-json\/wp\/v2\/media\/2333"}],"wp:attachment":[{"href":"https:\/\/www.tattja.com\/en\/wp-json\/wp\/v2\/media?parent=1727"}],"wp:term":[{"taxonomy":"product_brand","embeddable":true,"href":"https:\/\/www.tattja.com\/en\/wp-json\/wp\/v2\/product_brand?post=1727"},{"taxonomy":"product_cat","embeddable":true,"href":"https:\/\/www.tattja.com\/en\/wp-json\/wp\/v2\/product_cat?post=1727"},{"taxonomy":"product_tag","embeddable":true,"href":"https:\/\/www.tattja.com\/en\/wp-json\/wp\/v2\/product_tag?post=1727"}],"curies":[{"name":"wp","href":"https:\/\/api.w.org\/{rel}","templated":true}]}}