{"id":1824,"date":"2025-08-06T07:25:38","date_gmt":"2025-08-06T05:25:38","guid":{"rendered":"https:\/\/www.tattja.com\/?post_type=product&#038;p=1824"},"modified":"2026-04-05T19:45:08","modified_gmt":"2026-04-05T17:45:08","slug":"damske-oblecenie-ciapka-anja-horcicovo-zlta","status":"publish","type":"product","link":"https:\/\/www.tattja.com\/en\/product\/damske-oblecenie-ciapka-anja-horcicovo-zlta\/","title":{"rendered":"Women's clothing cap ANJA mustard-yellow"},"content":{"rendered":"<p data-start=\"922\" data-end=\"1197\"><strong data-start=\"922\" data-end=\"969\">Women's clothing cap ANJA mustard-yellow<\/strong> is a combination of elegance, comfort and radiant energy. This exceptional addition to the collection <strong data-start=\"1059\" data-end=\"1069\">TATTJA<\/strong> brings freshness, optimism and self-confidence to your everyday outfit. It is ideal for women who love style, quality and detail.<\/p>\n<p data-start=\"1199\" data-end=\"1473\">The mustard-yellow hue symbolizes warmth, joy and creative energy. It can brighten up even a minimalist outfit and add a touch of originality. Thanks to this vibrant tone, the cap looks distinctive, yet harmonious - it blends perfectly with both light and darker colours of clothing.<\/p>\n<p data-start=\"1475\" data-end=\"1750\">The fine knit wraps around the head softly and comfortably, ensuring a feeling of warming comfort on colder days. The soft texture adapts to the shape of the head while maintaining its shape and soft sheen. Precision craftsmanship guarantees long life and the brand's typical quality <strong data-start=\"1737\" data-end=\"1747\">TATTJA<\/strong>.<\/p>\n<p data-start=\"1752\" data-end=\"1962\">The modern silhouette adds both functionality and urban flair to the cap. It protects the eyes from the wind or the sun and at the same time enhances feminine features. It is a detail that combines practicality with elegance and adds a distinctive character to the outfit.<\/p>\n<p data-start=\"1964\" data-end=\"2258\"><strong data-start=\"1964\" data-end=\"1994\">Women's clothing cap ANJA mustard-yellow<\/strong> as an accessory to underline individuality and bring a dose of energy and light to every day. In combination with other pieces from the collection <strong data-start=\"2160\" data-end=\"2170\">TATTJA<\/strong> - with a shrug, mufflers or neckwarmer - it creates a harmonious and sophisticated whole.<\/p>\n<p data-start=\"2260\" data-end=\"2365\">Discover the beauty of delicacy, sophisticated details and feminine style that will keep you warm and <a href=\"https:\/\/www.tattja.com\/en\/product-category\/damske-oblecenie\/doplnky-jednotlivo\/ciapky\/\">in other colours.<\/a><\/p>\n<p data-start=\"2367\" data-end=\"2490\"><strong data-start=\"2367\" data-end=\"2421\">See, <a href=\"https:\/\/shop.bogensberger.co.at\/produkt-schlagwort\/merino-extrafein\/\">from what materials<\/a> we produce our pieces<\/strong> and treat yourself to unparalleled comfort that stands out every time you wear it.<\/p>","protected":false},"excerpt":{"rendered":"<p><strong data-start=\"724\" data-end=\"771\">Women's clothing cap ANJA mustard-yellow<\/strong> - luxurious knit, vibrant hue and precise design that will add optimism, warmth and sophistication to your style.<\/p>","protected":false},"featured_media":7522,"comment_status":"open","ping_status":"closed","template":"","meta":[],"product_brand":[],"product_cat":[192,282,300,263,298,185],"product_tag":[],"class_list":{"0":"post-1824","1":"product","2":"type-product","3":"status-publish","4":"has-post-thumbnail","6":"product_cat-ciapka-horcicovo-zlta","7":"product_cat-ciapky","8":"product_cat-damske-oblecenie","9":"product_cat-jednotlive-doplnky-horcicovo-zlte","10":"product_cat-doplnky-jednotlivo","11":"product_cat-pleteninove-doplnky-horcicovo-zlte","13":"first","14":"instock","15":"taxable","16":"shipping-taxable","17":"purchasable","18":"product-type-simple"},"yoast_head":"<!-- This site is optimized with the Yoast SEO plugin v26.0 - https:\/\/yoast.com\/wordpress\/plugins\/seo\/ -->\n<title>D\u00e1mske oble\u010denie \u010diapka ANJA hor\u010dicovo-\u017elt\u00e1 - TATTJA<\/title>\n<meta name=\"description\" content=\"D\u00e1mske oble\u010denie \u010diapka ANJA hor\u010dicovo-\u017elt\u00e1 \u2013 hrejiv\u00e1 elegancia, jemn\u00e1 pletenina a \u017eiariv\u00fd odtie\u0148 pre \u017eeny, ktor\u00e9 miluj\u00fa \u0161t\u00fdl a pohodlie.\" \/>\n<meta name=\"robots\" content=\"index, follow, max-snippet:-1, max-image-preview:large, max-video-preview:-1\" \/>\n<link rel=\"canonical\" href=\"https:\/\/www.tattja.com\/en\/product\/damske-oblecenie-ciapka-anja-horcicovo-zlta\/\" \/>\n<meta property=\"og:locale\" content=\"en_GB\" \/>\n<meta property=\"og:type\" content=\"article\" \/>\n<meta property=\"og:title\" content=\"D\u00e1mske oble\u010denie \u010diapka ANJA hor\u010dicovo-\u017elt\u00e1 - TATTJA\" \/>\n<meta property=\"og:description\" content=\"D\u00e1mske oble\u010denie \u010diapka ANJA hor\u010dicovo-\u017elt\u00e1 \u2013 hrejiv\u00e1 elegancia, jemn\u00e1 pletenina a \u017eiariv\u00fd odtie\u0148 pre \u017eeny, ktor\u00e9 miluj\u00fa \u0161t\u00fdl a pohodlie.\" \/>\n<meta property=\"og:url\" content=\"https:\/\/www.tattja.com\/en\/product\/damske-oblecenie-ciapka-anja-horcicovo-zlta\/\" \/>\n<meta property=\"og:site_name\" content=\"TATTJA\" \/>\n<meta property=\"article:modified_time\" content=\"2026-04-05T17:45:08+00:00\" \/>\n<meta property=\"og:image\" content=\"https:\/\/www.tattja.com\/wp-content\/uploads\/2026\/01\/horcicovo-zlty-ciapka-spredu-43.webp\" \/>\n\t<meta property=\"og:image:width\" content=\"1365\" \/>\n\t<meta property=\"og:image:height\" content=\"2048\" \/>\n\t<meta property=\"og:image:type\" content=\"image\/webp\" \/>\n<meta name=\"twitter:card\" content=\"summary_large_image\" \/>\n<meta name=\"twitter:label1\" content=\"Estimated reading time\" \/>\n\t<meta name=\"twitter:data1\" content=\"2 minutes\" \/>\n<script type=\"application\/ld+json\" class=\"yoast-schema-graph\">{\"@context\":\"https:\/\/schema.org\",\"@graph\":[{\"@type\":\"WebPage\",\"@id\":\"https:\/\/www.tattja.com\/product\/damske-oblecenie-ciapka-anja-horcicovo-zlta\/\",\"url\":\"https:\/\/www.tattja.com\/product\/damske-oblecenie-ciapka-anja-horcicovo-zlta\/\",\"name\":\"D\u00e1mske oble\u010denie \u010diapka ANJA hor\u010dicovo-\u017elt\u00e1 - TATTJA\",\"isPartOf\":{\"@id\":\"https:\/\/www.tattja.com\/#website\"},\"primaryImageOfPage\":{\"@id\":\"https:\/\/www.tattja.com\/product\/damske-oblecenie-ciapka-anja-horcicovo-zlta\/#primaryimage\"},\"image\":{\"@id\":\"https:\/\/www.tattja.com\/product\/damske-oblecenie-ciapka-anja-horcicovo-zlta\/#primaryimage\"},\"thumbnailUrl\":\"https:\/\/www.tattja.com\/wp-content\/uploads\/2026\/01\/horcicovo-zlty-ciapka-spredu-43.webp\",\"datePublished\":\"2025-08-06T05:25:38+00:00\",\"dateModified\":\"2026-04-05T17:45:08+00:00\",\"description\":\"D\u00e1mske oble\u010denie \u010diapka ANJA hor\u010dicovo-\u017elt\u00e1 \u2013 hrejiv\u00e1 elegancia, jemn\u00e1 pletenina a \u017eiariv\u00fd odtie\u0148 pre \u017eeny, ktor\u00e9 miluj\u00fa \u0161t\u00fdl a pohodlie.\",\"breadcrumb\":{\"@id\":\"https:\/\/www.tattja.com\/product\/damske-oblecenie-ciapka-anja-horcicovo-zlta\/#breadcrumb\"},\"inLanguage\":\"en-GB\",\"potentialAction\":[{\"@type\":\"ReadAction\",\"target\":[\"https:\/\/www.tattja.com\/product\/damske-oblecenie-ciapka-anja-horcicovo-zlta\/\"]}]},{\"@type\":\"ImageObject\",\"inLanguage\":\"en-GB\",\"@id\":\"https:\/\/www.tattja.com\/product\/damske-oblecenie-ciapka-anja-horcicovo-zlta\/#primaryimage\",\"url\":\"https:\/\/www.tattja.com\/wp-content\/uploads\/2026\/01\/horcicovo-zlty-ciapka-spredu-43.webp\",\"contentUrl\":\"https:\/\/www.tattja.com\/wp-content\/uploads\/2026\/01\/horcicovo-zlty-ciapka-spredu-43.webp\",\"width\":1365,\"height\":2048,\"caption\":\"Elegantn\u00e1 pleten\u00e1 \u010diapka ANJA v hor\u010dicovo-\u017eltom odtieni \u2013 TATTJA\"},{\"@type\":\"BreadcrumbList\",\"@id\":\"https:\/\/www.tattja.com\/product\/damske-oblecenie-ciapka-anja-horcicovo-zlta\/#breadcrumb\",\"itemListElement\":[{\"@type\":\"ListItem\",\"position\":1,\"name\":\"Domov\",\"item\":\"https:\/\/www.tattja.com\/\"},{\"@type\":\"ListItem\",\"position\":2,\"name\":\"Produkty\",\"item\":\"https:\/\/www.tattja.com\/damske-oblecenie-produkty\/\"},{\"@type\":\"ListItem\",\"position\":3,\"name\":\"D\u00e1mske oble\u010denie \u010diapka ANJA hor\u010dicovo-\u017elt\u00e1\"}]},{\"@type\":\"WebSite\",\"@id\":\"https:\/\/www.tattja.com\/#website\",\"url\":\"https:\/\/www.tattja.com\/\",\"name\":\"TATTJA\",\"description\":\"D\u00e1mske oble\u010denie z extra jemnej merino vlny \u2014 ru\u010dne pleten\u00e9 na Slovensku\",\"potentialAction\":[{\"@type\":\"SearchAction\",\"target\":{\"@type\":\"EntryPoint\",\"urlTemplate\":\"https:\/\/www.tattja.com\/?s={search_term_string}\"},\"query-input\":{\"@type\":\"PropertyValueSpecification\",\"valueRequired\":true,\"valueName\":\"search_term_string\"}}],\"inLanguage\":\"en-GB\"}]}<\/script>\n<!-- \/ Yoast SEO plugin. -->","yoast_head_json":{"title":"D\u00e1mske oble\u010denie \u010diapka ANJA hor\u010dicovo-\u017elt\u00e1 - TATTJA","description":"D\u00e1mske oble\u010denie \u010diapka ANJA hor\u010dicovo-\u017elt\u00e1 \u2013 hrejiv\u00e1 elegancia, jemn\u00e1 pletenina a \u017eiariv\u00fd odtie\u0148 pre \u017eeny, ktor\u00e9 miluj\u00fa \u0161t\u00fdl a pohodlie.","robots":{"index":"index","follow":"follow","max-snippet":"max-snippet:-1","max-image-preview":"max-image-preview:large","max-video-preview":"max-video-preview:-1"},"canonical":"https:\/\/www.tattja.com\/en\/product\/damske-oblecenie-ciapka-anja-horcicovo-zlta\/","og_locale":"en_GB","og_type":"article","og_title":"D\u00e1mske oble\u010denie \u010diapka ANJA hor\u010dicovo-\u017elt\u00e1 - TATTJA","og_description":"D\u00e1mske oble\u010denie \u010diapka ANJA hor\u010dicovo-\u017elt\u00e1 \u2013 hrejiv\u00e1 elegancia, jemn\u00e1 pletenina a \u017eiariv\u00fd odtie\u0148 pre \u017eeny, ktor\u00e9 miluj\u00fa \u0161t\u00fdl a pohodlie.","og_url":"https:\/\/www.tattja.com\/en\/product\/damske-oblecenie-ciapka-anja-horcicovo-zlta\/","og_site_name":"TATTJA","article_modified_time":"2026-04-05T17:45:08+00:00","og_image":[{"width":1365,"height":2048,"url":"https:\/\/www.tattja.com\/wp-content\/uploads\/2026\/01\/horcicovo-zlty-ciapka-spredu-43.webp","type":"image\/webp"}],"twitter_card":"summary_large_image","twitter_misc":{"Estimated reading time":"2 minutes"},"schema":{"@context":"https:\/\/schema.org","@graph":[{"@type":"WebPage","@id":"https:\/\/www.tattja.com\/product\/damske-oblecenie-ciapka-anja-horcicovo-zlta\/","url":"https:\/\/www.tattja.com\/product\/damske-oblecenie-ciapka-anja-horcicovo-zlta\/","name":"D\u00e1mske oble\u010denie \u010diapka ANJA hor\u010dicovo-\u017elt\u00e1 - TATTJA","isPartOf":{"@id":"https:\/\/www.tattja.com\/#website"},"primaryImageOfPage":{"@id":"https:\/\/www.tattja.com\/product\/damske-oblecenie-ciapka-anja-horcicovo-zlta\/#primaryimage"},"image":{"@id":"https:\/\/www.tattja.com\/product\/damske-oblecenie-ciapka-anja-horcicovo-zlta\/#primaryimage"},"thumbnailUrl":"https:\/\/www.tattja.com\/wp-content\/uploads\/2026\/01\/horcicovo-zlty-ciapka-spredu-43.webp","datePublished":"2025-08-06T05:25:38+00:00","dateModified":"2026-04-05T17:45:08+00:00","description":"D\u00e1mske oble\u010denie \u010diapka ANJA hor\u010dicovo-\u017elt\u00e1 \u2013 hrejiv\u00e1 elegancia, jemn\u00e1 pletenina a \u017eiariv\u00fd odtie\u0148 pre \u017eeny, ktor\u00e9 miluj\u00fa \u0161t\u00fdl a pohodlie.","breadcrumb":{"@id":"https:\/\/www.tattja.com\/product\/damske-oblecenie-ciapka-anja-horcicovo-zlta\/#breadcrumb"},"inLanguage":"en-GB","potentialAction":[{"@type":"ReadAction","target":["https:\/\/www.tattja.com\/product\/damske-oblecenie-ciapka-anja-horcicovo-zlta\/"]}]},{"@type":"ImageObject","inLanguage":"en-GB","@id":"https:\/\/www.tattja.com\/product\/damske-oblecenie-ciapka-anja-horcicovo-zlta\/#primaryimage","url":"https:\/\/www.tattja.com\/wp-content\/uploads\/2026\/01\/horcicovo-zlty-ciapka-spredu-43.webp","contentUrl":"https:\/\/www.tattja.com\/wp-content\/uploads\/2026\/01\/horcicovo-zlty-ciapka-spredu-43.webp","width":1365,"height":2048,"caption":"Elegantn\u00e1 pleten\u00e1 \u010diapka ANJA v hor\u010dicovo-\u017eltom odtieni \u2013 TATTJA"},{"@type":"BreadcrumbList","@id":"https:\/\/www.tattja.com\/product\/damske-oblecenie-ciapka-anja-horcicovo-zlta\/#breadcrumb","itemListElement":[{"@type":"ListItem","position":1,"name":"Domov","item":"https:\/\/www.tattja.com\/"},{"@type":"ListItem","position":2,"name":"Produkty","item":"https:\/\/www.tattja.com\/damske-oblecenie-produkty\/"},{"@type":"ListItem","position":3,"name":"D\u00e1mske oble\u010denie \u010diapka ANJA hor\u010dicovo-\u017elt\u00e1"}]},{"@type":"WebSite","@id":"https:\/\/www.tattja.com\/#website","url":"https:\/\/www.tattja.com\/","name":"TATTJA","description":"D\u00e1mske oble\u010denie z extra jemnej merino vlny \u2014 ru\u010dne pleten\u00e9 na Slovensku","potentialAction":[{"@type":"SearchAction","target":{"@type":"EntryPoint","urlTemplate":"https:\/\/www.tattja.com\/?s={search_term_string}"},"query-input":{"@type":"PropertyValueSpecification","valueRequired":true,"valueName":"search_term_string"}}],"inLanguage":"en-GB"}]}},"_links":{"self":[{"href":"https:\/\/www.tattja.com\/en\/wp-json\/wp\/v2\/product\/1824","targetHints":{"allow":["GET"]}}],"collection":[{"href":"https:\/\/www.tattja.com\/en\/wp-json\/wp\/v2\/product"}],"about":[{"href":"https:\/\/www.tattja.com\/en\/wp-json\/wp\/v2\/types\/product"}],"replies":[{"embeddable":true,"href":"https:\/\/www.tattja.com\/en\/wp-json\/wp\/v2\/comments?post=1824"}],"version-history":[{"count":6,"href":"https:\/\/www.tattja.com\/en\/wp-json\/wp\/v2\/product\/1824\/revisions"}],"predecessor-version":[{"id":2817,"href":"https:\/\/www.tattja.com\/en\/wp-json\/wp\/v2\/product\/1824\/revisions\/2817"}],"wp:featuredmedia":[{"embeddable":true,"href":"https:\/\/www.tattja.com\/en\/wp-json\/wp\/v2\/media\/7522"}],"wp:attachment":[{"href":"https:\/\/www.tattja.com\/en\/wp-json\/wp\/v2\/media?parent=1824"}],"wp:term":[{"taxonomy":"product_brand","embeddable":true,"href":"https:\/\/www.tattja.com\/en\/wp-json\/wp\/v2\/product_brand?post=1824"},{"taxonomy":"product_cat","embeddable":true,"href":"https:\/\/www.tattja.com\/en\/wp-json\/wp\/v2\/product_cat?post=1824"},{"taxonomy":"product_tag","embeddable":true,"href":"https:\/\/www.tattja.com\/en\/wp-json\/wp\/v2\/product_tag?post=1824"}],"curies":[{"name":"wp","href":"https:\/\/api.w.org\/{rel}","templated":true}]}}