{"id":1842,"date":"2025-08-06T07:44:13","date_gmt":"2025-08-06T05:44:13","guid":{"rendered":"https:\/\/www.tattja.com\/?post_type=product&#038;p=1842"},"modified":"2026-04-05T19:45:07","modified_gmt":"2026-04-05T17:45:07","slug":"damske-oblecenie-dvojset-magnhild-horcicovo-zlty","status":"publish","type":"product","link":"https:\/\/www.tattja.com\/en\/product\/damske-oblecenie-dvojset-magnhild-horcicovo-zlty\/","title":{"rendered":"D\u00e1mske oble\u010denie 2-set MAGNHILD hor\u010dicovo-\u017elt\u00fd"},"content":{"rendered":"<p data-start=\"931\" data-end=\"1259\"><strong data-start=\"931\" data-end=\"983\">Women's double set MAGNHILD mustard-yellow<\/strong> represents a combination of elegance, practicality and positive energy. This double set from the collection <strong data-start=\"1076\" data-end=\"1086\">TATTJA<\/strong> consists of two perfectly matched parts - a knitted shrug and a cap with a shield. Together they create a distinctive yet harmonious whole that strikes a balance between style and comfort.<\/p>\n<p data-start=\"1261\" data-end=\"1565\">The mustard-yellow color symbolizes joy, courage and optimism in life. It is vibrant, yet elegant and sophisticated. The shrug gently wraps around the waist, providing a warming sensation and shaping a feminine silhouette. Thanks to the stretchy knit, it adapts comfortably to the movement of the body and maintains comfort throughout the day.<\/p>\n<p data-start=\"1567\" data-end=\"1900\">The beanie with a shirt adds a distinctive detail to the outfit, which protects against the cold and at the same time increases the stylishness of the whole look. It is light, airy and ideal for everyday wear. Women's double set outfit <strong data-start=\"1744\" data-end=\"1771\">MAGNHILD mustard-yellow<\/strong> looks fresh, original and elegant - the ideal companion for women who love timeless design with an eye for detail.<\/p>\n<p data-start=\"1902\" data-end=\"2153\">In combination with light shades it creates a subtle contrast, with grey or dark tones it looks bold and urban. This model perfectly combines functionality, style and natural femininity, making it a favourite piece in every confident woman's wardrobe.<\/p>\n<p data-start=\"2155\" data-end=\"2260\">Discover the beauty <a href=\"https:\/\/shop.bogensberger.co.at\/produkt-schlagwort\/merino-extrafein\/\">Subtleties<\/a>, sophisticated details and feminine style that will keep you warm and <a href=\"https:\/\/www.tattja.com\/en\/product-category\/damske-oblecenie\/dvojsety\/driekovnik-a-ciapka\/\">in other colours.<\/a><\/p>\n<p data-start=\"2262\" data-end=\"2419\"><strong data-start=\"2262\" data-end=\"2316\">See what materials we use to make our pieces<\/strong> and indulge in a feeling of luxury that touches your skin with the softness and care of the brand <strong data-start=\"2406\" data-end=\"2416\">TATTJA<\/strong>.<\/p>","protected":false},"excerpt":{"rendered":"<p><strong data-start=\"594\" data-end=\"646\">Women's double set MAGNHILD mustard-yellow<\/strong> combines elegance, energy and comfort. The knitted shrug accentuates the silhouette and keeps the waist warm, while the beanie cap gives the outfit a modern urban flair. The vibrant mustard color will brighten up any day and accentuate your unique style.<\/p>","protected":false},"featured_media":7528,"comment_status":"open","ping_status":"closed","template":"","meta":[],"product_brand":[],"product_cat":[289,300,294,188,185],"product_tag":[],"class_list":{"0":"post-1842","1":"product","2":"type-product","3":"status-publish","4":"has-post-thumbnail","6":"product_cat-dvojsety","7":"product_cat-damske-oblecenie","8":"product_cat-driekovnik-a-ciapka","9":"product_cat-dvojsety-horcicovo-zlte","10":"product_cat-pleteninove-doplnky-horcicovo-zlte","12":"first","13":"instock","14":"taxable","15":"shipping-taxable","16":"purchasable","17":"product-type-simple"},"yoast_head":"<!-- This site is optimized with the Yoast SEO plugin v26.0 - https:\/\/yoast.com\/wordpress\/plugins\/seo\/ -->\n<title>D\u00e1mske oble\u010denie 2-set MAGNHILD hor\u010dicovo-\u017elt\u00fd - TATTJA<\/title>\n<meta name=\"description\" content=\"D\u00e1mske oble\u010denie dvojset MAGNHILD hor\u010dicovo-\u017elt\u00fd \u2013 \u017eiariv\u00fd akcent luxusu a energie. Dokonal\u00e1 rovnov\u00e1ha \u0161t\u00fdlu, pohodlia a \u017eenskosti v jednom sete.\" \/>\n<meta name=\"robots\" content=\"index, follow, max-snippet:-1, max-image-preview:large, max-video-preview:-1\" \/>\n<link rel=\"canonical\" href=\"https:\/\/www.tattja.com\/en\/product\/damske-oblecenie-dvojset-magnhild-horcicovo-zlty\/\" \/>\n<meta property=\"og:locale\" content=\"en_GB\" \/>\n<meta property=\"og:type\" content=\"article\" \/>\n<meta property=\"og:title\" content=\"D\u00e1mske oble\u010denie 2-set MAGNHILD hor\u010dicovo-\u017elt\u00fd - TATTJA\" \/>\n<meta property=\"og:description\" content=\"D\u00e1mske oble\u010denie dvojset MAGNHILD hor\u010dicovo-\u017elt\u00fd \u2013 \u017eiariv\u00fd akcent luxusu a energie. Dokonal\u00e1 rovnov\u00e1ha \u0161t\u00fdlu, pohodlia a \u017eenskosti v jednom sete.\" \/>\n<meta property=\"og:url\" content=\"https:\/\/www.tattja.com\/en\/product\/damske-oblecenie-dvojset-magnhild-horcicovo-zlty\/\" \/>\n<meta property=\"og:site_name\" content=\"TATTJA\" \/>\n<meta property=\"article:modified_time\" content=\"2026-04-05T17:45:07+00:00\" \/>\n<meta property=\"og:image\" content=\"https:\/\/www.tattja.com\/wp-content\/uploads\/2026\/01\/horcicovo-zlty-dvojset-driekovnik-ciapka-spredu-28.webp\" \/>\n\t<meta property=\"og:image:width\" content=\"1365\" \/>\n\t<meta property=\"og:image:height\" content=\"2048\" \/>\n\t<meta property=\"og:image:type\" content=\"image\/webp\" \/>\n<meta name=\"twitter:card\" content=\"summary_large_image\" \/>\n<meta name=\"twitter:label1\" content=\"Estimated reading time\" \/>\n\t<meta name=\"twitter:data1\" content=\"2 minutes\" \/>\n<script type=\"application\/ld+json\" class=\"yoast-schema-graph\">{\"@context\":\"https:\/\/schema.org\",\"@graph\":[{\"@type\":\"WebPage\",\"@id\":\"https:\/\/www.tattja.com\/product\/damske-oblecenie-dvojset-magnhild-horcicovo-zlty\/\",\"url\":\"https:\/\/www.tattja.com\/product\/damske-oblecenie-dvojset-magnhild-horcicovo-zlty\/\",\"name\":\"D\u00e1mske oble\u010denie 2-set MAGNHILD hor\u010dicovo-\u017elt\u00fd - TATTJA\",\"isPartOf\":{\"@id\":\"https:\/\/www.tattja.com\/#website\"},\"primaryImageOfPage\":{\"@id\":\"https:\/\/www.tattja.com\/product\/damske-oblecenie-dvojset-magnhild-horcicovo-zlty\/#primaryimage\"},\"image\":{\"@id\":\"https:\/\/www.tattja.com\/product\/damske-oblecenie-dvojset-magnhild-horcicovo-zlty\/#primaryimage\"},\"thumbnailUrl\":\"https:\/\/www.tattja.com\/wp-content\/uploads\/2026\/01\/horcicovo-zlty-dvojset-driekovnik-ciapka-spredu-28.webp\",\"datePublished\":\"2025-08-06T05:44:13+00:00\",\"dateModified\":\"2026-04-05T17:45:07+00:00\",\"description\":\"D\u00e1mske oble\u010denie dvojset MAGNHILD hor\u010dicovo-\u017elt\u00fd \u2013 \u017eiariv\u00fd akcent luxusu a energie. Dokonal\u00e1 rovnov\u00e1ha \u0161t\u00fdlu, pohodlia a \u017eenskosti v jednom sete.\",\"breadcrumb\":{\"@id\":\"https:\/\/www.tattja.com\/product\/damske-oblecenie-dvojset-magnhild-horcicovo-zlty\/#breadcrumb\"},\"inLanguage\":\"en-GB\",\"potentialAction\":[{\"@type\":\"ReadAction\",\"target\":[\"https:\/\/www.tattja.com\/product\/damske-oblecenie-dvojset-magnhild-horcicovo-zlty\/\"]}]},{\"@type\":\"ImageObject\",\"inLanguage\":\"en-GB\",\"@id\":\"https:\/\/www.tattja.com\/product\/damske-oblecenie-dvojset-magnhild-horcicovo-zlty\/#primaryimage\",\"url\":\"https:\/\/www.tattja.com\/wp-content\/uploads\/2026\/01\/horcicovo-zlty-dvojset-driekovnik-ciapka-spredu-28.webp\",\"contentUrl\":\"https:\/\/www.tattja.com\/wp-content\/uploads\/2026\/01\/horcicovo-zlty-dvojset-driekovnik-ciapka-spredu-28.webp\",\"width\":1365,\"height\":2048,\"caption\":\"Elegantn\u00fd pleten\u00fd dvojset MAGNHILD v hor\u010dicovo-\u017eltom odtieni \u2013 TATTJA\"},{\"@type\":\"BreadcrumbList\",\"@id\":\"https:\/\/www.tattja.com\/product\/damske-oblecenie-dvojset-magnhild-horcicovo-zlty\/#breadcrumb\",\"itemListElement\":[{\"@type\":\"ListItem\",\"position\":1,\"name\":\"Domov\",\"item\":\"https:\/\/www.tattja.com\/\"},{\"@type\":\"ListItem\",\"position\":2,\"name\":\"Produkty\",\"item\":\"https:\/\/www.tattja.com\/damske-oblecenie-produkty\/\"},{\"@type\":\"ListItem\",\"position\":3,\"name\":\"D\u00e1mske oble\u010denie 2-set MAGNHILD hor\u010dicovo-\u017elt\u00fd\"}]},{\"@type\":\"WebSite\",\"@id\":\"https:\/\/www.tattja.com\/#website\",\"url\":\"https:\/\/www.tattja.com\/\",\"name\":\"TATTJA\",\"description\":\"D\u00e1mske oble\u010denie z extra jemnej merino vlny \u2014 ru\u010dne pleten\u00e9 na Slovensku\",\"potentialAction\":[{\"@type\":\"SearchAction\",\"target\":{\"@type\":\"EntryPoint\",\"urlTemplate\":\"https:\/\/www.tattja.com\/?s={search_term_string}\"},\"query-input\":{\"@type\":\"PropertyValueSpecification\",\"valueRequired\":true,\"valueName\":\"search_term_string\"}}],\"inLanguage\":\"en-GB\"}]}<\/script>\n<!-- \/ Yoast SEO plugin. -->","yoast_head_json":{"title":"D\u00e1mske oble\u010denie 2-set MAGNHILD hor\u010dicovo-\u017elt\u00fd - TATTJA","description":"D\u00e1mske oble\u010denie dvojset MAGNHILD hor\u010dicovo-\u017elt\u00fd \u2013 \u017eiariv\u00fd akcent luxusu a energie. Dokonal\u00e1 rovnov\u00e1ha \u0161t\u00fdlu, pohodlia a \u017eenskosti v jednom sete.","robots":{"index":"index","follow":"follow","max-snippet":"max-snippet:-1","max-image-preview":"max-image-preview:large","max-video-preview":"max-video-preview:-1"},"canonical":"https:\/\/www.tattja.com\/en\/product\/damske-oblecenie-dvojset-magnhild-horcicovo-zlty\/","og_locale":"en_GB","og_type":"article","og_title":"D\u00e1mske oble\u010denie 2-set MAGNHILD hor\u010dicovo-\u017elt\u00fd - TATTJA","og_description":"D\u00e1mske oble\u010denie dvojset MAGNHILD hor\u010dicovo-\u017elt\u00fd \u2013 \u017eiariv\u00fd akcent luxusu a energie. Dokonal\u00e1 rovnov\u00e1ha \u0161t\u00fdlu, pohodlia a \u017eenskosti v jednom sete.","og_url":"https:\/\/www.tattja.com\/en\/product\/damske-oblecenie-dvojset-magnhild-horcicovo-zlty\/","og_site_name":"TATTJA","article_modified_time":"2026-04-05T17:45:07+00:00","og_image":[{"width":1365,"height":2048,"url":"https:\/\/www.tattja.com\/wp-content\/uploads\/2026\/01\/horcicovo-zlty-dvojset-driekovnik-ciapka-spredu-28.webp","type":"image\/webp"}],"twitter_card":"summary_large_image","twitter_misc":{"Estimated reading time":"2 minutes"},"schema":{"@context":"https:\/\/schema.org","@graph":[{"@type":"WebPage","@id":"https:\/\/www.tattja.com\/product\/damske-oblecenie-dvojset-magnhild-horcicovo-zlty\/","url":"https:\/\/www.tattja.com\/product\/damske-oblecenie-dvojset-magnhild-horcicovo-zlty\/","name":"D\u00e1mske oble\u010denie 2-set MAGNHILD hor\u010dicovo-\u017elt\u00fd - TATTJA","isPartOf":{"@id":"https:\/\/www.tattja.com\/#website"},"primaryImageOfPage":{"@id":"https:\/\/www.tattja.com\/product\/damske-oblecenie-dvojset-magnhild-horcicovo-zlty\/#primaryimage"},"image":{"@id":"https:\/\/www.tattja.com\/product\/damske-oblecenie-dvojset-magnhild-horcicovo-zlty\/#primaryimage"},"thumbnailUrl":"https:\/\/www.tattja.com\/wp-content\/uploads\/2026\/01\/horcicovo-zlty-dvojset-driekovnik-ciapka-spredu-28.webp","datePublished":"2025-08-06T05:44:13+00:00","dateModified":"2026-04-05T17:45:07+00:00","description":"D\u00e1mske oble\u010denie dvojset MAGNHILD hor\u010dicovo-\u017elt\u00fd \u2013 \u017eiariv\u00fd akcent luxusu a energie. Dokonal\u00e1 rovnov\u00e1ha \u0161t\u00fdlu, pohodlia a \u017eenskosti v jednom sete.","breadcrumb":{"@id":"https:\/\/www.tattja.com\/product\/damske-oblecenie-dvojset-magnhild-horcicovo-zlty\/#breadcrumb"},"inLanguage":"en-GB","potentialAction":[{"@type":"ReadAction","target":["https:\/\/www.tattja.com\/product\/damske-oblecenie-dvojset-magnhild-horcicovo-zlty\/"]}]},{"@type":"ImageObject","inLanguage":"en-GB","@id":"https:\/\/www.tattja.com\/product\/damske-oblecenie-dvojset-magnhild-horcicovo-zlty\/#primaryimage","url":"https:\/\/www.tattja.com\/wp-content\/uploads\/2026\/01\/horcicovo-zlty-dvojset-driekovnik-ciapka-spredu-28.webp","contentUrl":"https:\/\/www.tattja.com\/wp-content\/uploads\/2026\/01\/horcicovo-zlty-dvojset-driekovnik-ciapka-spredu-28.webp","width":1365,"height":2048,"caption":"Elegantn\u00fd pleten\u00fd dvojset MAGNHILD v hor\u010dicovo-\u017eltom odtieni \u2013 TATTJA"},{"@type":"BreadcrumbList","@id":"https:\/\/www.tattja.com\/product\/damske-oblecenie-dvojset-magnhild-horcicovo-zlty\/#breadcrumb","itemListElement":[{"@type":"ListItem","position":1,"name":"Domov","item":"https:\/\/www.tattja.com\/"},{"@type":"ListItem","position":2,"name":"Produkty","item":"https:\/\/www.tattja.com\/damske-oblecenie-produkty\/"},{"@type":"ListItem","position":3,"name":"D\u00e1mske oble\u010denie 2-set MAGNHILD hor\u010dicovo-\u017elt\u00fd"}]},{"@type":"WebSite","@id":"https:\/\/www.tattja.com\/#website","url":"https:\/\/www.tattja.com\/","name":"TATTJA","description":"D\u00e1mske oble\u010denie z extra jemnej merino vlny \u2014 ru\u010dne pleten\u00e9 na Slovensku","potentialAction":[{"@type":"SearchAction","target":{"@type":"EntryPoint","urlTemplate":"https:\/\/www.tattja.com\/?s={search_term_string}"},"query-input":{"@type":"PropertyValueSpecification","valueRequired":true,"valueName":"search_term_string"}}],"inLanguage":"en-GB"}]}},"_links":{"self":[{"href":"https:\/\/www.tattja.com\/en\/wp-json\/wp\/v2\/product\/1842","targetHints":{"allow":["GET"]}}],"collection":[{"href":"https:\/\/www.tattja.com\/en\/wp-json\/wp\/v2\/product"}],"about":[{"href":"https:\/\/www.tattja.com\/en\/wp-json\/wp\/v2\/types\/product"}],"replies":[{"embeddable":true,"href":"https:\/\/www.tattja.com\/en\/wp-json\/wp\/v2\/comments?post=1842"}],"version-history":[{"count":6,"href":"https:\/\/www.tattja.com\/en\/wp-json\/wp\/v2\/product\/1842\/revisions"}],"predecessor-version":[{"id":2777,"href":"https:\/\/www.tattja.com\/en\/wp-json\/wp\/v2\/product\/1842\/revisions\/2777"}],"wp:featuredmedia":[{"embeddable":true,"href":"https:\/\/www.tattja.com\/en\/wp-json\/wp\/v2\/media\/7528"}],"wp:attachment":[{"href":"https:\/\/www.tattja.com\/en\/wp-json\/wp\/v2\/media?parent=1842"}],"wp:term":[{"taxonomy":"product_brand","embeddable":true,"href":"https:\/\/www.tattja.com\/en\/wp-json\/wp\/v2\/product_brand?post=1842"},{"taxonomy":"product_cat","embeddable":true,"href":"https:\/\/www.tattja.com\/en\/wp-json\/wp\/v2\/product_cat?post=1842"},{"taxonomy":"product_tag","embeddable":true,"href":"https:\/\/www.tattja.com\/en\/wp-json\/wp\/v2\/product_tag?post=1842"}],"curies":[{"name":"wp","href":"https:\/\/api.w.org\/{rel}","templated":true}]}}