{"id":1844,"date":"2025-08-06T07:46:43","date_gmt":"2025-08-06T05:46:43","guid":{"rendered":"https:\/\/www.tattja.com\/?post_type=product&#038;p=1844"},"modified":"2026-04-05T19:45:07","modified_gmt":"2026-04-05T17:45:07","slug":"tattja-dvojset-ingeborg-horcicovo-zlty","status":"publish","type":"product","link":"https:\/\/www.tattja.com\/en\/product\/tattja-dvojset-ingeborg-horcicovo-zlty\/","title":{"rendered":"D\u00e1mske oble\u010denie 2-set INGEBORG hor\u010dicovo-\u017elt\u00fd"},"content":{"rendered":"<p data-start=\"933\" data-end=\"1210\"><strong data-start=\"933\" data-end=\"985\">Women's clothing double set INGEBORG mustard-yellow<\/strong> represents a fusion of energy, elegance and feminine confidence. This iconic set from the collection <strong data-start=\"1080\" data-end=\"1090\">TATTJA<\/strong> combines a beanie with a shawl and a knitted neck warmer into a harmonious whole that embodies style, comfort and functionality all in one.<\/p>\n<p data-start=\"1212\" data-end=\"1552\">The mustard-yellow hue symbolizes warmth, optimism and natural charisma. It's a colour that brightens up an outfit and instantly attracts attention - it looks luxurious yet fresh. It combines well with both neutral and contrasting colours to create bold yet balanced combinations for everyday wear and special occasions.<\/p>\n<p data-start=\"1554\" data-end=\"1891\">The neckwarmer in fine ribbed knit adapts softly to the shoulders and neck, providing a warming feeling of comfort and at the same time elegantly completing the silhouette. The beanie with shield will protect your head from the wind and sun, while its shape will add a modern and feminine touch to the outfit. The combination of the two creates a balanced duet that emphasises the wearer's distinctive style.<\/p>\n<p data-start=\"1893\" data-end=\"2135\">Women's clothing double set <strong data-start=\"1901\" data-end=\"1928\">INGEBORG mustard-yellow<\/strong> is designed for women who love the combination of practicality, aesthetics and craftsmanship. Every detail is meticulously crafted with the attention to precision and timeless elegance that is the brand's <strong data-start=\"2114\" data-end=\"2124\">TATTJA<\/strong>typical.<\/p>\n<p data-start=\"2137\" data-end=\"2242\">Discover the beauty of delicacy, sophisticated details and feminine style that will keep you warm and <a href=\"https:\/\/www.tattja.com\/en\/product-category\/damske-oblecenie\/dvojsety\/nakrcnik-a-ciapka\/\">in other colours<\/a>.<\/p>\n<p data-start=\"2244\" data-end=\"2395\"><strong data-start=\"2244\" data-end=\"2298\">See, <a href=\"https:\/\/shop.bogensberger.co.at\/produkt-schlagwort\/merino-extrafein\/\">from what materials<\/a> we produce our pieces<\/strong> and treat yourself to a touch of premium luxury that stands out for comfort, quality and unique design.<\/p>","protected":false},"excerpt":{"rendered":"<p data-start=\"735\" data-end=\"891\"><strong data-start=\"735\" data-end=\"787\">Women's clothing double set INGEBORG mustard-yellow<\/strong> - A fusion of warming comfort, refinement and modern radiance in a single timeless TATTJA set.<\/p>","protected":false},"featured_media":7534,"comment_status":"open","ping_status":"closed","template":"","meta":[],"product_brand":[],"product_cat":[289,300,188,291,185],"product_tag":[],"class_list":{"0":"post-1844","1":"product","2":"type-product","3":"status-publish","4":"has-post-thumbnail","6":"product_cat-dvojsety","7":"product_cat-damske-oblecenie","8":"product_cat-dvojsety-horcicovo-zlte","9":"product_cat-nakrcnik-a-ciapka","10":"product_cat-pleteninove-doplnky-horcicovo-zlte","12":"first","13":"instock","14":"taxable","15":"shipping-taxable","16":"purchasable","17":"product-type-simple"},"yoast_head":"<!-- This site is optimized with the Yoast SEO plugin v26.0 - https:\/\/yoast.com\/wordpress\/plugins\/seo\/ -->\n<title>D\u00e1mske oble\u010denie 2-set INGEBORG hor\u010dicovo-\u017elt\u00fd - TATTJA<\/title>\n<meta name=\"description\" content=\"D\u00e1mske oble\u010denie dvojset INGEBORG hor\u010dicovo-\u017elt\u00fd \u2013 luxusn\u00fd set \u010diapky a n\u00e1kr\u010dn\u00edka v odtieni energie a elegancie, ktor\u00fd roz\u017eiari ka\u017ed\u00fd de\u0148.\" \/>\n<meta name=\"robots\" content=\"index, follow, max-snippet:-1, max-image-preview:large, max-video-preview:-1\" \/>\n<link rel=\"canonical\" href=\"https:\/\/www.tattja.com\/en\/product\/tattja-dvojset-ingeborg-horcicovo-zlty\/\" \/>\n<meta property=\"og:locale\" content=\"en_GB\" \/>\n<meta property=\"og:type\" content=\"article\" \/>\n<meta property=\"og:title\" content=\"D\u00e1mske oble\u010denie 2-set INGEBORG hor\u010dicovo-\u017elt\u00fd - TATTJA\" \/>\n<meta property=\"og:description\" content=\"D\u00e1mske oble\u010denie dvojset INGEBORG hor\u010dicovo-\u017elt\u00fd \u2013 luxusn\u00fd set \u010diapky a n\u00e1kr\u010dn\u00edka v odtieni energie a elegancie, ktor\u00fd roz\u017eiari ka\u017ed\u00fd de\u0148.\" \/>\n<meta property=\"og:url\" content=\"https:\/\/www.tattja.com\/en\/product\/tattja-dvojset-ingeborg-horcicovo-zlty\/\" \/>\n<meta property=\"og:site_name\" content=\"TATTJA\" \/>\n<meta property=\"article:modified_time\" content=\"2026-04-05T17:45:07+00:00\" \/>\n<meta property=\"og:image\" content=\"https:\/\/www.tattja.com\/wp-content\/uploads\/2026\/01\/horcicovo-zlty-dvojset-nakrcnik-ciapka-spredu-25.webp\" \/>\n\t<meta property=\"og:image:width\" content=\"1365\" \/>\n\t<meta property=\"og:image:height\" content=\"2048\" \/>\n\t<meta property=\"og:image:type\" content=\"image\/webp\" \/>\n<meta name=\"twitter:card\" content=\"summary_large_image\" \/>\n<meta name=\"twitter:label1\" content=\"Estimated reading time\" \/>\n\t<meta name=\"twitter:data1\" content=\"2 minutes\" \/>\n<script type=\"application\/ld+json\" class=\"yoast-schema-graph\">{\"@context\":\"https:\/\/schema.org\",\"@graph\":[{\"@type\":\"WebPage\",\"@id\":\"https:\/\/www.tattja.com\/product\/tattja-dvojset-ingeborg-horcicovo-zlty\/\",\"url\":\"https:\/\/www.tattja.com\/product\/tattja-dvojset-ingeborg-horcicovo-zlty\/\",\"name\":\"D\u00e1mske oble\u010denie 2-set INGEBORG hor\u010dicovo-\u017elt\u00fd - TATTJA\",\"isPartOf\":{\"@id\":\"https:\/\/www.tattja.com\/#website\"},\"primaryImageOfPage\":{\"@id\":\"https:\/\/www.tattja.com\/product\/tattja-dvojset-ingeborg-horcicovo-zlty\/#primaryimage\"},\"image\":{\"@id\":\"https:\/\/www.tattja.com\/product\/tattja-dvojset-ingeborg-horcicovo-zlty\/#primaryimage\"},\"thumbnailUrl\":\"https:\/\/www.tattja.com\/wp-content\/uploads\/2026\/01\/horcicovo-zlty-dvojset-nakrcnik-ciapka-spredu-25.webp\",\"datePublished\":\"2025-08-06T05:46:43+00:00\",\"dateModified\":\"2026-04-05T17:45:07+00:00\",\"description\":\"D\u00e1mske oble\u010denie dvojset INGEBORG hor\u010dicovo-\u017elt\u00fd \u2013 luxusn\u00fd set \u010diapky a n\u00e1kr\u010dn\u00edka v odtieni energie a elegancie, ktor\u00fd roz\u017eiari ka\u017ed\u00fd de\u0148.\",\"breadcrumb\":{\"@id\":\"https:\/\/www.tattja.com\/product\/tattja-dvojset-ingeborg-horcicovo-zlty\/#breadcrumb\"},\"inLanguage\":\"en-GB\",\"potentialAction\":[{\"@type\":\"ReadAction\",\"target\":[\"https:\/\/www.tattja.com\/product\/tattja-dvojset-ingeborg-horcicovo-zlty\/\"]}]},{\"@type\":\"ImageObject\",\"inLanguage\":\"en-GB\",\"@id\":\"https:\/\/www.tattja.com\/product\/tattja-dvojset-ingeborg-horcicovo-zlty\/#primaryimage\",\"url\":\"https:\/\/www.tattja.com\/wp-content\/uploads\/2026\/01\/horcicovo-zlty-dvojset-nakrcnik-ciapka-spredu-25.webp\",\"contentUrl\":\"https:\/\/www.tattja.com\/wp-content\/uploads\/2026\/01\/horcicovo-zlty-dvojset-nakrcnik-ciapka-spredu-25.webp\",\"width\":1365,\"height\":2048,\"caption\":\"Elegantn\u00fd pleten\u00fd dvojset INGEBORG v hor\u010dicovo-\u017eltom odtieni \u2013 TATTJA\"},{\"@type\":\"BreadcrumbList\",\"@id\":\"https:\/\/www.tattja.com\/product\/tattja-dvojset-ingeborg-horcicovo-zlty\/#breadcrumb\",\"itemListElement\":[{\"@type\":\"ListItem\",\"position\":1,\"name\":\"Domov\",\"item\":\"https:\/\/www.tattja.com\/\"},{\"@type\":\"ListItem\",\"position\":2,\"name\":\"Produkty\",\"item\":\"https:\/\/www.tattja.com\/damske-oblecenie-produkty\/\"},{\"@type\":\"ListItem\",\"position\":3,\"name\":\"D\u00e1mske oble\u010denie 2-set INGEBORG hor\u010dicovo-\u017elt\u00fd\"}]},{\"@type\":\"WebSite\",\"@id\":\"https:\/\/www.tattja.com\/#website\",\"url\":\"https:\/\/www.tattja.com\/\",\"name\":\"TATTJA\",\"description\":\"D\u00e1mske oble\u010denie z extra jemnej merino vlny \u2014 ru\u010dne pleten\u00e9 na Slovensku\",\"potentialAction\":[{\"@type\":\"SearchAction\",\"target\":{\"@type\":\"EntryPoint\",\"urlTemplate\":\"https:\/\/www.tattja.com\/?s={search_term_string}\"},\"query-input\":{\"@type\":\"PropertyValueSpecification\",\"valueRequired\":true,\"valueName\":\"search_term_string\"}}],\"inLanguage\":\"en-GB\"}]}<\/script>\n<!-- \/ Yoast SEO plugin. -->","yoast_head_json":{"title":"D\u00e1mske oble\u010denie 2-set INGEBORG hor\u010dicovo-\u017elt\u00fd - TATTJA","description":"D\u00e1mske oble\u010denie dvojset INGEBORG hor\u010dicovo-\u017elt\u00fd \u2013 luxusn\u00fd set \u010diapky a n\u00e1kr\u010dn\u00edka v odtieni energie a elegancie, ktor\u00fd roz\u017eiari ka\u017ed\u00fd de\u0148.","robots":{"index":"index","follow":"follow","max-snippet":"max-snippet:-1","max-image-preview":"max-image-preview:large","max-video-preview":"max-video-preview:-1"},"canonical":"https:\/\/www.tattja.com\/en\/product\/tattja-dvojset-ingeborg-horcicovo-zlty\/","og_locale":"en_GB","og_type":"article","og_title":"D\u00e1mske oble\u010denie 2-set INGEBORG hor\u010dicovo-\u017elt\u00fd - TATTJA","og_description":"D\u00e1mske oble\u010denie dvojset INGEBORG hor\u010dicovo-\u017elt\u00fd \u2013 luxusn\u00fd set \u010diapky a n\u00e1kr\u010dn\u00edka v odtieni energie a elegancie, ktor\u00fd roz\u017eiari ka\u017ed\u00fd de\u0148.","og_url":"https:\/\/www.tattja.com\/en\/product\/tattja-dvojset-ingeborg-horcicovo-zlty\/","og_site_name":"TATTJA","article_modified_time":"2026-04-05T17:45:07+00:00","og_image":[{"width":1365,"height":2048,"url":"https:\/\/www.tattja.com\/wp-content\/uploads\/2026\/01\/horcicovo-zlty-dvojset-nakrcnik-ciapka-spredu-25.webp","type":"image\/webp"}],"twitter_card":"summary_large_image","twitter_misc":{"Estimated reading time":"2 minutes"},"schema":{"@context":"https:\/\/schema.org","@graph":[{"@type":"WebPage","@id":"https:\/\/www.tattja.com\/product\/tattja-dvojset-ingeborg-horcicovo-zlty\/","url":"https:\/\/www.tattja.com\/product\/tattja-dvojset-ingeborg-horcicovo-zlty\/","name":"D\u00e1mske oble\u010denie 2-set INGEBORG hor\u010dicovo-\u017elt\u00fd - TATTJA","isPartOf":{"@id":"https:\/\/www.tattja.com\/#website"},"primaryImageOfPage":{"@id":"https:\/\/www.tattja.com\/product\/tattja-dvojset-ingeborg-horcicovo-zlty\/#primaryimage"},"image":{"@id":"https:\/\/www.tattja.com\/product\/tattja-dvojset-ingeborg-horcicovo-zlty\/#primaryimage"},"thumbnailUrl":"https:\/\/www.tattja.com\/wp-content\/uploads\/2026\/01\/horcicovo-zlty-dvojset-nakrcnik-ciapka-spredu-25.webp","datePublished":"2025-08-06T05:46:43+00:00","dateModified":"2026-04-05T17:45:07+00:00","description":"D\u00e1mske oble\u010denie dvojset INGEBORG hor\u010dicovo-\u017elt\u00fd \u2013 luxusn\u00fd set \u010diapky a n\u00e1kr\u010dn\u00edka v odtieni energie a elegancie, ktor\u00fd roz\u017eiari ka\u017ed\u00fd de\u0148.","breadcrumb":{"@id":"https:\/\/www.tattja.com\/product\/tattja-dvojset-ingeborg-horcicovo-zlty\/#breadcrumb"},"inLanguage":"en-GB","potentialAction":[{"@type":"ReadAction","target":["https:\/\/www.tattja.com\/product\/tattja-dvojset-ingeborg-horcicovo-zlty\/"]}]},{"@type":"ImageObject","inLanguage":"en-GB","@id":"https:\/\/www.tattja.com\/product\/tattja-dvojset-ingeborg-horcicovo-zlty\/#primaryimage","url":"https:\/\/www.tattja.com\/wp-content\/uploads\/2026\/01\/horcicovo-zlty-dvojset-nakrcnik-ciapka-spredu-25.webp","contentUrl":"https:\/\/www.tattja.com\/wp-content\/uploads\/2026\/01\/horcicovo-zlty-dvojset-nakrcnik-ciapka-spredu-25.webp","width":1365,"height":2048,"caption":"Elegantn\u00fd pleten\u00fd dvojset INGEBORG v hor\u010dicovo-\u017eltom odtieni \u2013 TATTJA"},{"@type":"BreadcrumbList","@id":"https:\/\/www.tattja.com\/product\/tattja-dvojset-ingeborg-horcicovo-zlty\/#breadcrumb","itemListElement":[{"@type":"ListItem","position":1,"name":"Domov","item":"https:\/\/www.tattja.com\/"},{"@type":"ListItem","position":2,"name":"Produkty","item":"https:\/\/www.tattja.com\/damske-oblecenie-produkty\/"},{"@type":"ListItem","position":3,"name":"D\u00e1mske oble\u010denie 2-set INGEBORG hor\u010dicovo-\u017elt\u00fd"}]},{"@type":"WebSite","@id":"https:\/\/www.tattja.com\/#website","url":"https:\/\/www.tattja.com\/","name":"TATTJA","description":"D\u00e1mske oble\u010denie z extra jemnej merino vlny \u2014 ru\u010dne pleten\u00e9 na Slovensku","potentialAction":[{"@type":"SearchAction","target":{"@type":"EntryPoint","urlTemplate":"https:\/\/www.tattja.com\/?s={search_term_string}"},"query-input":{"@type":"PropertyValueSpecification","valueRequired":true,"valueName":"search_term_string"}}],"inLanguage":"en-GB"}]}},"_links":{"self":[{"href":"https:\/\/www.tattja.com\/en\/wp-json\/wp\/v2\/product\/1844","targetHints":{"allow":["GET"]}}],"collection":[{"href":"https:\/\/www.tattja.com\/en\/wp-json\/wp\/v2\/product"}],"about":[{"href":"https:\/\/www.tattja.com\/en\/wp-json\/wp\/v2\/types\/product"}],"replies":[{"embeddable":true,"href":"https:\/\/www.tattja.com\/en\/wp-json\/wp\/v2\/comments?post=1844"}],"version-history":[{"count":6,"href":"https:\/\/www.tattja.com\/en\/wp-json\/wp\/v2\/product\/1844\/revisions"}],"predecessor-version":[{"id":7267,"href":"https:\/\/www.tattja.com\/en\/wp-json\/wp\/v2\/product\/1844\/revisions\/7267"}],"wp:featuredmedia":[{"embeddable":true,"href":"https:\/\/www.tattja.com\/en\/wp-json\/wp\/v2\/media\/7534"}],"wp:attachment":[{"href":"https:\/\/www.tattja.com\/en\/wp-json\/wp\/v2\/media?parent=1844"}],"wp:term":[{"taxonomy":"product_brand","embeddable":true,"href":"https:\/\/www.tattja.com\/en\/wp-json\/wp\/v2\/product_brand?post=1844"},{"taxonomy":"product_cat","embeddable":true,"href":"https:\/\/www.tattja.com\/en\/wp-json\/wp\/v2\/product_cat?post=1844"},{"taxonomy":"product_tag","embeddable":true,"href":"https:\/\/www.tattja.com\/en\/wp-json\/wp\/v2\/product_tag?post=1844"}],"curies":[{"name":"wp","href":"https:\/\/api.w.org\/{rel}","templated":true}]}}