{"id":1846,"date":"2025-08-06T07:49:08","date_gmt":"2025-08-06T05:49:08","guid":{"rendered":"https:\/\/www.tattja.com\/?post_type=product&#038;p=1846"},"modified":"2026-04-05T19:45:07","modified_gmt":"2026-04-05T17:45:07","slug":"damske-oblecenie-trojset-dakin-horcicovo-zlty","status":"publish","type":"product","link":"https:\/\/www.tattja.com\/en\/product\/damske-oblecenie-trojset-dakin-horcicovo-zlty\/","title":{"rendered":"D\u00e1mske oble\u010denie 3-set DAKIN hor\u010dicovo-\u017elt\u00fd"},"content":{"rendered":"<p data-start=\"937\" data-end=\"1206\"><strong data-start=\"937\" data-end=\"986\">Women's clothing three-set DAKIN mustard-yellow<\/strong> represents the perfect blend of elegance, comfort and modern energy. This exceptional set from the collection <strong data-start=\"1088\" data-end=\"1098\">TATTJA<\/strong> was created for women who see fashion as a way of self-expression and want to feel confident in every moment.<\/p>\n<p data-start=\"1208\" data-end=\"1614\">The triple set consists of three interconnected pieces - a neckpiece, a shrug and sleeves. The neckpiece wraps around the shoulders and neck, giving a feeling of warmth and security, while looking elegant and feminine. The shrug warms the middle of the body, accentuates the waist and shapes a graceful silhouette. The sleeves bring a subtle accent and practical protection from the cold. Together, they create a thoughtful ensemble that combines functionality with aesthetic expression.<\/p>\n<p data-start=\"1616\" data-end=\"1907\">The mustard-yellow colour radiates life, energy and optimism. It symbolizes determination, vitality and feminine strength. This shade combines beautifully with neutral tones and contrasting colours to give any outfit an exceptional character. Warm in winter and brighten every day in spring.<\/p>\n<p data-start=\"1909\" data-end=\"2196\">The knitted fabric made from premium fibres is soft, stretchy and breathable, ensuring all-day comfort. Every detail of the model <strong data-start=\"2022\" data-end=\"2031\">DAKIN<\/strong> is carefully crafted to show off the feminine shape and gracefulness of movement.<\/p>\n<p data-start=\"1909\" data-end=\"2196\">DAKIN women's mustard-yellow triple set We created this set for women who are looking for a combination of luxury, natural beauty and functionality.<\/p>\n<p data-start=\"2198\" data-end=\"2303\">Discover the beauty of delicacy, sophisticated details and feminine style that will keep you warm and <a href=\"https:\/\/www.tattja.com\/en\/product-category\/damske-oblecenie\/trojsety-3\/nakrcnik-a-driekovnik-a-rukavniky\/\">in other colours<\/a>.<\/p>\n<p data-start=\"2305\" data-end=\"2428\"><strong data-start=\"2305\" data-end=\"2359\">See, <a href=\"https:\/\/shop.bogensberger.co.at\/produkt-schlagwort\/merino-extrafein\/\">from what materials<\/a> we produce our pieces<\/strong> and treat yourself to the feeling of uniqueness in every thread of TATTJA knitwear.<\/p>","protected":false},"excerpt":{"rendered":"<p><strong data-start=\"619\" data-end=\"668\">Women's clothing three-set DAKIN mustard-yellow<\/strong> combines style, comfort and courage. Necktie, shrug and sleeves form a harmonious set that accentuates the female figure and brings a warming energy to the outfit. The mustard-yellow shade looks fresh, bold and timeless.<\/p>","protected":false},"featured_media":7561,"comment_status":"open","ping_status":"closed","template":"","meta":[],"product_brand":[],"product_cat":[284,300,285,185,187],"product_tag":[],"class_list":{"0":"post-1846","1":"product","2":"type-product","3":"status-publish","4":"has-post-thumbnail","6":"product_cat-trojsety-3","7":"product_cat-damske-oblecenie","8":"product_cat-nakrcnik-a-driekovnik-a-rukavniky","9":"product_cat-pleteninove-doplnky-horcicovo-zlte","10":"product_cat-trojsety-horcicovo-zlte","12":"first","13":"instock","14":"taxable","15":"shipping-taxable","16":"purchasable","17":"product-type-simple"},"yoast_head":"<!-- This site is optimized with the Yoast SEO plugin v26.0 - https:\/\/yoast.com\/wordpress\/plugins\/seo\/ -->\n<title>D\u00e1mske oble\u010denie 3-set DAKIN hor\u010dicovo-\u017elt\u00fd - TATTJA<\/title>\n<meta name=\"description\" content=\"D\u00e1mske oble\u010denie trojset DAKIN hor\u010dicovo-\u017elt\u00fd \u2013 exkluz\u00edvny pleten\u00fd set TATTJA, ktor\u00fd sp\u00e1ja noblesu, komfort a \u017eiariv\u00fa energiu v modernom dizajne.\" \/>\n<meta name=\"robots\" content=\"index, follow, max-snippet:-1, max-image-preview:large, max-video-preview:-1\" \/>\n<link rel=\"canonical\" href=\"https:\/\/www.tattja.com\/en\/product\/damske-oblecenie-trojset-dakin-horcicovo-zlty\/\" \/>\n<meta property=\"og:locale\" content=\"en_GB\" \/>\n<meta property=\"og:type\" content=\"article\" \/>\n<meta property=\"og:title\" content=\"D\u00e1mske oble\u010denie 3-set DAKIN hor\u010dicovo-\u017elt\u00fd - TATTJA\" \/>\n<meta property=\"og:description\" content=\"D\u00e1mske oble\u010denie trojset DAKIN hor\u010dicovo-\u017elt\u00fd \u2013 exkluz\u00edvny pleten\u00fd set TATTJA, ktor\u00fd sp\u00e1ja noblesu, komfort a \u017eiariv\u00fa energiu v modernom dizajne.\" \/>\n<meta property=\"og:url\" content=\"https:\/\/www.tattja.com\/en\/product\/damske-oblecenie-trojset-dakin-horcicovo-zlty\/\" \/>\n<meta property=\"og:site_name\" content=\"TATTJA\" \/>\n<meta property=\"article:modified_time\" content=\"2026-04-05T17:45:07+00:00\" \/>\n<meta property=\"og:image\" content=\"https:\/\/www.tattja.com\/wp-content\/uploads\/2026\/01\/horcicovo-zlty-trojset-nakrcnik-driekovnik-rukavniky-spredu-7.webp\" \/>\n\t<meta property=\"og:image:width\" content=\"1365\" \/>\n\t<meta property=\"og:image:height\" content=\"2048\" \/>\n\t<meta property=\"og:image:type\" content=\"image\/webp\" \/>\n<meta name=\"twitter:card\" content=\"summary_large_image\" \/>\n<meta name=\"twitter:label1\" content=\"Estimated reading time\" \/>\n\t<meta name=\"twitter:data1\" content=\"2 minutes\" \/>\n<script type=\"application\/ld+json\" class=\"yoast-schema-graph\">{\"@context\":\"https:\/\/schema.org\",\"@graph\":[{\"@type\":\"WebPage\",\"@id\":\"https:\/\/www.tattja.com\/product\/damske-oblecenie-trojset-dakin-horcicovo-zlty\/\",\"url\":\"https:\/\/www.tattja.com\/product\/damske-oblecenie-trojset-dakin-horcicovo-zlty\/\",\"name\":\"D\u00e1mske oble\u010denie 3-set DAKIN hor\u010dicovo-\u017elt\u00fd - TATTJA\",\"isPartOf\":{\"@id\":\"https:\/\/www.tattja.com\/#website\"},\"primaryImageOfPage\":{\"@id\":\"https:\/\/www.tattja.com\/product\/damske-oblecenie-trojset-dakin-horcicovo-zlty\/#primaryimage\"},\"image\":{\"@id\":\"https:\/\/www.tattja.com\/product\/damske-oblecenie-trojset-dakin-horcicovo-zlty\/#primaryimage\"},\"thumbnailUrl\":\"https:\/\/www.tattja.com\/wp-content\/uploads\/2026\/01\/horcicovo-zlty-trojset-nakrcnik-driekovnik-rukavniky-spredu-7.webp\",\"datePublished\":\"2025-08-06T05:49:08+00:00\",\"dateModified\":\"2026-04-05T17:45:07+00:00\",\"description\":\"D\u00e1mske oble\u010denie trojset DAKIN hor\u010dicovo-\u017elt\u00fd \u2013 exkluz\u00edvny pleten\u00fd set TATTJA, ktor\u00fd sp\u00e1ja noblesu, komfort a \u017eiariv\u00fa energiu v modernom dizajne.\",\"breadcrumb\":{\"@id\":\"https:\/\/www.tattja.com\/product\/damske-oblecenie-trojset-dakin-horcicovo-zlty\/#breadcrumb\"},\"inLanguage\":\"en-GB\",\"potentialAction\":[{\"@type\":\"ReadAction\",\"target\":[\"https:\/\/www.tattja.com\/product\/damske-oblecenie-trojset-dakin-horcicovo-zlty\/\"]}]},{\"@type\":\"ImageObject\",\"inLanguage\":\"en-GB\",\"@id\":\"https:\/\/www.tattja.com\/product\/damske-oblecenie-trojset-dakin-horcicovo-zlty\/#primaryimage\",\"url\":\"https:\/\/www.tattja.com\/wp-content\/uploads\/2026\/01\/horcicovo-zlty-trojset-nakrcnik-driekovnik-rukavniky-spredu-7.webp\",\"contentUrl\":\"https:\/\/www.tattja.com\/wp-content\/uploads\/2026\/01\/horcicovo-zlty-trojset-nakrcnik-driekovnik-rukavniky-spredu-7.webp\",\"width\":1365,\"height\":2048,\"caption\":\"Elegantn\u00fd pleten\u00fd trojset DAKIN v hor\u010dicovo-\u017eltom odtieni \u2013 TATTJA\"},{\"@type\":\"BreadcrumbList\",\"@id\":\"https:\/\/www.tattja.com\/product\/damske-oblecenie-trojset-dakin-horcicovo-zlty\/#breadcrumb\",\"itemListElement\":[{\"@type\":\"ListItem\",\"position\":1,\"name\":\"Domov\",\"item\":\"https:\/\/www.tattja.com\/\"},{\"@type\":\"ListItem\",\"position\":2,\"name\":\"Produkty\",\"item\":\"https:\/\/www.tattja.com\/damske-oblecenie-produkty\/\"},{\"@type\":\"ListItem\",\"position\":3,\"name\":\"D\u00e1mske oble\u010denie 3-set DAKIN hor\u010dicovo-\u017elt\u00fd\"}]},{\"@type\":\"WebSite\",\"@id\":\"https:\/\/www.tattja.com\/#website\",\"url\":\"https:\/\/www.tattja.com\/\",\"name\":\"TATTJA\",\"description\":\"D\u00e1mske oble\u010denie z extra jemnej merino vlny \u2014 ru\u010dne pleten\u00e9 na Slovensku\",\"potentialAction\":[{\"@type\":\"SearchAction\",\"target\":{\"@type\":\"EntryPoint\",\"urlTemplate\":\"https:\/\/www.tattja.com\/?s={search_term_string}\"},\"query-input\":{\"@type\":\"PropertyValueSpecification\",\"valueRequired\":true,\"valueName\":\"search_term_string\"}}],\"inLanguage\":\"en-GB\"}]}<\/script>\n<!-- \/ Yoast SEO plugin. -->","yoast_head_json":{"title":"D\u00e1mske oble\u010denie 3-set DAKIN hor\u010dicovo-\u017elt\u00fd - TATTJA","description":"D\u00e1mske oble\u010denie trojset DAKIN hor\u010dicovo-\u017elt\u00fd \u2013 exkluz\u00edvny pleten\u00fd set TATTJA, ktor\u00fd sp\u00e1ja noblesu, komfort a \u017eiariv\u00fa energiu v modernom dizajne.","robots":{"index":"index","follow":"follow","max-snippet":"max-snippet:-1","max-image-preview":"max-image-preview:large","max-video-preview":"max-video-preview:-1"},"canonical":"https:\/\/www.tattja.com\/en\/product\/damske-oblecenie-trojset-dakin-horcicovo-zlty\/","og_locale":"en_GB","og_type":"article","og_title":"D\u00e1mske oble\u010denie 3-set DAKIN hor\u010dicovo-\u017elt\u00fd - TATTJA","og_description":"D\u00e1mske oble\u010denie trojset DAKIN hor\u010dicovo-\u017elt\u00fd \u2013 exkluz\u00edvny pleten\u00fd set TATTJA, ktor\u00fd sp\u00e1ja noblesu, komfort a \u017eiariv\u00fa energiu v modernom dizajne.","og_url":"https:\/\/www.tattja.com\/en\/product\/damske-oblecenie-trojset-dakin-horcicovo-zlty\/","og_site_name":"TATTJA","article_modified_time":"2026-04-05T17:45:07+00:00","og_image":[{"width":1365,"height":2048,"url":"https:\/\/www.tattja.com\/wp-content\/uploads\/2026\/01\/horcicovo-zlty-trojset-nakrcnik-driekovnik-rukavniky-spredu-7.webp","type":"image\/webp"}],"twitter_card":"summary_large_image","twitter_misc":{"Estimated reading time":"2 minutes"},"schema":{"@context":"https:\/\/schema.org","@graph":[{"@type":"WebPage","@id":"https:\/\/www.tattja.com\/product\/damske-oblecenie-trojset-dakin-horcicovo-zlty\/","url":"https:\/\/www.tattja.com\/product\/damske-oblecenie-trojset-dakin-horcicovo-zlty\/","name":"D\u00e1mske oble\u010denie 3-set DAKIN hor\u010dicovo-\u017elt\u00fd - TATTJA","isPartOf":{"@id":"https:\/\/www.tattja.com\/#website"},"primaryImageOfPage":{"@id":"https:\/\/www.tattja.com\/product\/damske-oblecenie-trojset-dakin-horcicovo-zlty\/#primaryimage"},"image":{"@id":"https:\/\/www.tattja.com\/product\/damske-oblecenie-trojset-dakin-horcicovo-zlty\/#primaryimage"},"thumbnailUrl":"https:\/\/www.tattja.com\/wp-content\/uploads\/2026\/01\/horcicovo-zlty-trojset-nakrcnik-driekovnik-rukavniky-spredu-7.webp","datePublished":"2025-08-06T05:49:08+00:00","dateModified":"2026-04-05T17:45:07+00:00","description":"D\u00e1mske oble\u010denie trojset DAKIN hor\u010dicovo-\u017elt\u00fd \u2013 exkluz\u00edvny pleten\u00fd set TATTJA, ktor\u00fd sp\u00e1ja noblesu, komfort a \u017eiariv\u00fa energiu v modernom dizajne.","breadcrumb":{"@id":"https:\/\/www.tattja.com\/product\/damske-oblecenie-trojset-dakin-horcicovo-zlty\/#breadcrumb"},"inLanguage":"en-GB","potentialAction":[{"@type":"ReadAction","target":["https:\/\/www.tattja.com\/product\/damske-oblecenie-trojset-dakin-horcicovo-zlty\/"]}]},{"@type":"ImageObject","inLanguage":"en-GB","@id":"https:\/\/www.tattja.com\/product\/damske-oblecenie-trojset-dakin-horcicovo-zlty\/#primaryimage","url":"https:\/\/www.tattja.com\/wp-content\/uploads\/2026\/01\/horcicovo-zlty-trojset-nakrcnik-driekovnik-rukavniky-spredu-7.webp","contentUrl":"https:\/\/www.tattja.com\/wp-content\/uploads\/2026\/01\/horcicovo-zlty-trojset-nakrcnik-driekovnik-rukavniky-spredu-7.webp","width":1365,"height":2048,"caption":"Elegantn\u00fd pleten\u00fd trojset DAKIN v hor\u010dicovo-\u017eltom odtieni \u2013 TATTJA"},{"@type":"BreadcrumbList","@id":"https:\/\/www.tattja.com\/product\/damske-oblecenie-trojset-dakin-horcicovo-zlty\/#breadcrumb","itemListElement":[{"@type":"ListItem","position":1,"name":"Domov","item":"https:\/\/www.tattja.com\/"},{"@type":"ListItem","position":2,"name":"Produkty","item":"https:\/\/www.tattja.com\/damske-oblecenie-produkty\/"},{"@type":"ListItem","position":3,"name":"D\u00e1mske oble\u010denie 3-set DAKIN hor\u010dicovo-\u017elt\u00fd"}]},{"@type":"WebSite","@id":"https:\/\/www.tattja.com\/#website","url":"https:\/\/www.tattja.com\/","name":"TATTJA","description":"D\u00e1mske oble\u010denie z extra jemnej merino vlny \u2014 ru\u010dne pleten\u00e9 na Slovensku","potentialAction":[{"@type":"SearchAction","target":{"@type":"EntryPoint","urlTemplate":"https:\/\/www.tattja.com\/?s={search_term_string}"},"query-input":{"@type":"PropertyValueSpecification","valueRequired":true,"valueName":"search_term_string"}}],"inLanguage":"en-GB"}]}},"_links":{"self":[{"href":"https:\/\/www.tattja.com\/en\/wp-json\/wp\/v2\/product\/1846","targetHints":{"allow":["GET"]}}],"collection":[{"href":"https:\/\/www.tattja.com\/en\/wp-json\/wp\/v2\/product"}],"about":[{"href":"https:\/\/www.tattja.com\/en\/wp-json\/wp\/v2\/types\/product"}],"replies":[{"embeddable":true,"href":"https:\/\/www.tattja.com\/en\/wp-json\/wp\/v2\/comments?post=1846"}],"version-history":[{"count":6,"href":"https:\/\/www.tattja.com\/en\/wp-json\/wp\/v2\/product\/1846\/revisions"}],"predecessor-version":[{"id":7266,"href":"https:\/\/www.tattja.com\/en\/wp-json\/wp\/v2\/product\/1846\/revisions\/7266"}],"wp:featuredmedia":[{"embeddable":true,"href":"https:\/\/www.tattja.com\/en\/wp-json\/wp\/v2\/media\/7561"}],"wp:attachment":[{"href":"https:\/\/www.tattja.com\/en\/wp-json\/wp\/v2\/media?parent=1846"}],"wp:term":[{"taxonomy":"product_brand","embeddable":true,"href":"https:\/\/www.tattja.com\/en\/wp-json\/wp\/v2\/product_brand?post=1846"},{"taxonomy":"product_cat","embeddable":true,"href":"https:\/\/www.tattja.com\/en\/wp-json\/wp\/v2\/product_cat?post=1846"},{"taxonomy":"product_tag","embeddable":true,"href":"https:\/\/www.tattja.com\/en\/wp-json\/wp\/v2\/product_tag?post=1846"}],"curies":[{"name":"wp","href":"https:\/\/api.w.org\/{rel}","templated":true}]}}