{"id":1852,"date":"2025-08-06T07:54:00","date_gmt":"2025-08-06T05:54:00","guid":{"rendered":"https:\/\/www.tattja.com\/?post_type=product&#038;p=1852"},"modified":"2026-04-05T19:45:06","modified_gmt":"2026-04-05T17:45:06","slug":"damske-oblecenie-trojset-solvej-horcicovo-zlty","status":"publish","type":"product","link":"https:\/\/www.tattja.com\/en\/product\/damske-oblecenie-trojset-solvej-horcicovo-zlty\/","title":{"rendered":"D\u00e1mske oble\u010denie 3-set SOLVEJ hor\u010dicovo-\u017elt\u00fd"},"content":{"rendered":"<p data-start=\"954\" data-end=\"1281\"><strong data-start=\"954\" data-end=\"1004\">Women's clothing three-set SOLVEJ mustard-yellow<\/strong> as an original knitted set that combines sophistication, comfort and modern feminine energy. This set from the brand <strong data-start=\"1120\" data-end=\"1130\">TATTJA<\/strong> It consists of three sophisticated pieces - a neckpiece, a shrug and a cap with a shield - that blend together in a perfect harmony of shapes and tones.<\/p>\n<p data-start=\"1283\" data-end=\"1548\">The neckwarmer wraps around the shoulders and neck, creating a warming feeling of security while looking elegant at the same time. The collar naturally accentuates the silhouette and brings comfort throughout the day. The beanie cap adds a modern urban touch to the whole and becomes a stylish detail to any outfit.<\/p>\n<p data-start=\"1550\" data-end=\"1877\">Synonymous with warmth, joy and positivity, the mustard-yellow shade brings light and optimism to autumn and winter days, while retaining the refined character typical of the TATTJA brand. The knitted fabric made from premium fibres is soft, stretchy and perfectly breathable, allowing it to adapt to movement and guaranteeing comfort during wear.<\/p>\n<p data-start=\"1879\" data-end=\"2107\">The SOLVEJ mustard-yellow women's three-piece set is suitable for layering, everyday wear and special occasions. It combines practicality with an artistic touch and embodies the philosophy of slow fashion - quality, craftsmanship and feminine grace in every detail.<\/p>\n<p data-start=\"2109\" data-end=\"2346\">Each piece in the TATTJA collection brings a sense of distinction while remaining naturally elegant and timeless.<\/p>\n<p data-start=\"2109\" data-end=\"2346\">Discover the beauty of delicacy, sophisticated details and feminine style that will keep you warm and <a href=\"https:\/\/www.tattja.com\/en\/product-category\/produkty\/trojsety-3\/nakrcnik-a-driekovnik-a-ciapka\/\">in other colours<\/a>.<br data-start=\"2213\" data-end=\"2216\" \/><strong data-start=\"2216\" data-end=\"2273\">See, <a href=\"https:\/\/shop.bogensberger.co.at\/produkt-schlagwort\/merino-extrafein\/\">from what materials<\/a> we produce our pieces<\/strong> and discover how the softness of knitwear is transformed into a harmony of comfort and style.<\/p>","protected":false},"excerpt":{"rendered":"<p><strong data-start=\"698\" data-end=\"748\">Women's clothing three-set SOLVEJ mustard-yellow<\/strong> - luxurious knitted set TATTJA with neck warmer, neck warmer and cap. The vibrant shade of yellow brings energy, style and warming comfort in one elegant ensemble.<\/p>","protected":false},"featured_media":7558,"comment_status":"open","ping_status":"closed","template":"","meta":[],"product_brand":[],"product_cat":[284,300,286,185,187],"product_tag":[],"class_list":{"0":"post-1852","1":"product","2":"type-product","3":"status-publish","4":"has-post-thumbnail","6":"product_cat-trojsety-3","7":"product_cat-damske-oblecenie","8":"product_cat-nakrcnik-a-driekovnik-a-ciapka","9":"product_cat-pleteninove-doplnky-horcicovo-zlte","10":"product_cat-trojsety-horcicovo-zlte","12":"first","13":"instock","14":"taxable","15":"shipping-taxable","16":"purchasable","17":"product-type-simple"},"yoast_head":"<!-- This site is optimized with the Yoast SEO plugin v26.0 - https:\/\/yoast.com\/wordpress\/plugins\/seo\/ -->\n<title>D\u00e1mske oble\u010denie 3-set SOLVEJ hor\u010dicovo-\u017elt\u00fd - TATTJA<\/title>\n<meta name=\"description\" content=\"D\u00e1mske oble\u010denie trojset SOLVEJ hor\u010dicovo-\u017elt\u00fd \u2013 elegantn\u00fd pleten\u00fd komplet TATTJA, ktor\u00fd sp\u00e1ja luxus, teplo a \u017eenskos\u0165 v odtieni slne\u010dnej harm\u00f3nie.\" \/>\n<meta name=\"robots\" content=\"index, follow, max-snippet:-1, max-image-preview:large, max-video-preview:-1\" \/>\n<link rel=\"canonical\" href=\"https:\/\/www.tattja.com\/en\/product\/damske-oblecenie-trojset-solvej-horcicovo-zlty\/\" \/>\n<meta property=\"og:locale\" content=\"en_GB\" \/>\n<meta property=\"og:type\" content=\"article\" \/>\n<meta property=\"og:title\" content=\"D\u00e1mske oble\u010denie 3-set SOLVEJ hor\u010dicovo-\u017elt\u00fd - TATTJA\" \/>\n<meta property=\"og:description\" content=\"D\u00e1mske oble\u010denie trojset SOLVEJ hor\u010dicovo-\u017elt\u00fd \u2013 elegantn\u00fd pleten\u00fd komplet TATTJA, ktor\u00fd sp\u00e1ja luxus, teplo a \u017eenskos\u0165 v odtieni slne\u010dnej harm\u00f3nie.\" \/>\n<meta property=\"og:url\" content=\"https:\/\/www.tattja.com\/en\/product\/damske-oblecenie-trojset-solvej-horcicovo-zlty\/\" \/>\n<meta property=\"og:site_name\" content=\"TATTJA\" \/>\n<meta property=\"article:modified_time\" content=\"2026-04-05T17:45:06+00:00\" \/>\n<meta property=\"og:image\" content=\"https:\/\/www.tattja.com\/wp-content\/uploads\/2026\/01\/horcicovo-zlty-trojset-nakrcnik-driekovnik-ciapka-spredu-31.webp\" \/>\n\t<meta property=\"og:image:width\" content=\"1365\" \/>\n\t<meta property=\"og:image:height\" content=\"2048\" \/>\n\t<meta property=\"og:image:type\" content=\"image\/webp\" \/>\n<meta name=\"twitter:card\" content=\"summary_large_image\" \/>\n<meta name=\"twitter:label1\" content=\"Estimated reading time\" \/>\n\t<meta name=\"twitter:data1\" content=\"2 minutes\" \/>\n<script type=\"application\/ld+json\" class=\"yoast-schema-graph\">{\"@context\":\"https:\/\/schema.org\",\"@graph\":[{\"@type\":\"WebPage\",\"@id\":\"https:\/\/www.tattja.com\/product\/damske-oblecenie-trojset-solvej-horcicovo-zlty\/\",\"url\":\"https:\/\/www.tattja.com\/product\/damske-oblecenie-trojset-solvej-horcicovo-zlty\/\",\"name\":\"D\u00e1mske oble\u010denie 3-set SOLVEJ hor\u010dicovo-\u017elt\u00fd - TATTJA\",\"isPartOf\":{\"@id\":\"https:\/\/www.tattja.com\/#website\"},\"primaryImageOfPage\":{\"@id\":\"https:\/\/www.tattja.com\/product\/damske-oblecenie-trojset-solvej-horcicovo-zlty\/#primaryimage\"},\"image\":{\"@id\":\"https:\/\/www.tattja.com\/product\/damske-oblecenie-trojset-solvej-horcicovo-zlty\/#primaryimage\"},\"thumbnailUrl\":\"https:\/\/www.tattja.com\/wp-content\/uploads\/2026\/01\/horcicovo-zlty-trojset-nakrcnik-driekovnik-ciapka-spredu-31.webp\",\"datePublished\":\"2025-08-06T05:54:00+00:00\",\"dateModified\":\"2026-04-05T17:45:06+00:00\",\"description\":\"D\u00e1mske oble\u010denie trojset SOLVEJ hor\u010dicovo-\u017elt\u00fd \u2013 elegantn\u00fd pleten\u00fd komplet TATTJA, ktor\u00fd sp\u00e1ja luxus, teplo a \u017eenskos\u0165 v odtieni slne\u010dnej harm\u00f3nie.\",\"breadcrumb\":{\"@id\":\"https:\/\/www.tattja.com\/product\/damske-oblecenie-trojset-solvej-horcicovo-zlty\/#breadcrumb\"},\"inLanguage\":\"en-GB\",\"potentialAction\":[{\"@type\":\"ReadAction\",\"target\":[\"https:\/\/www.tattja.com\/product\/damske-oblecenie-trojset-solvej-horcicovo-zlty\/\"]}]},{\"@type\":\"ImageObject\",\"inLanguage\":\"en-GB\",\"@id\":\"https:\/\/www.tattja.com\/product\/damske-oblecenie-trojset-solvej-horcicovo-zlty\/#primaryimage\",\"url\":\"https:\/\/www.tattja.com\/wp-content\/uploads\/2026\/01\/horcicovo-zlty-trojset-nakrcnik-driekovnik-ciapka-spredu-31.webp\",\"contentUrl\":\"https:\/\/www.tattja.com\/wp-content\/uploads\/2026\/01\/horcicovo-zlty-trojset-nakrcnik-driekovnik-ciapka-spredu-31.webp\",\"width\":1365,\"height\":2048,\"caption\":\"Elegantn\u00fd pleten\u00fd trojset SOLVEJ v hor\u010dicovo-\u017eltom odtieni \u2013 TATTJA\"},{\"@type\":\"BreadcrumbList\",\"@id\":\"https:\/\/www.tattja.com\/product\/damske-oblecenie-trojset-solvej-horcicovo-zlty\/#breadcrumb\",\"itemListElement\":[{\"@type\":\"ListItem\",\"position\":1,\"name\":\"Domov\",\"item\":\"https:\/\/www.tattja.com\/\"},{\"@type\":\"ListItem\",\"position\":2,\"name\":\"Produkty\",\"item\":\"https:\/\/www.tattja.com\/damske-oblecenie-produkty\/\"},{\"@type\":\"ListItem\",\"position\":3,\"name\":\"D\u00e1mske oble\u010denie 3-set SOLVEJ hor\u010dicovo-\u017elt\u00fd\"}]},{\"@type\":\"WebSite\",\"@id\":\"https:\/\/www.tattja.com\/#website\",\"url\":\"https:\/\/www.tattja.com\/\",\"name\":\"TATTJA\",\"description\":\"D\u00e1mske oble\u010denie z extra jemnej merino vlny \u2014 ru\u010dne pleten\u00e9 na Slovensku\",\"potentialAction\":[{\"@type\":\"SearchAction\",\"target\":{\"@type\":\"EntryPoint\",\"urlTemplate\":\"https:\/\/www.tattja.com\/?s={search_term_string}\"},\"query-input\":{\"@type\":\"PropertyValueSpecification\",\"valueRequired\":true,\"valueName\":\"search_term_string\"}}],\"inLanguage\":\"en-GB\"}]}<\/script>\n<!-- \/ Yoast SEO plugin. -->","yoast_head_json":{"title":"D\u00e1mske oble\u010denie 3-set SOLVEJ hor\u010dicovo-\u017elt\u00fd - TATTJA","description":"D\u00e1mske oble\u010denie trojset SOLVEJ hor\u010dicovo-\u017elt\u00fd \u2013 elegantn\u00fd pleten\u00fd komplet TATTJA, ktor\u00fd sp\u00e1ja luxus, teplo a \u017eenskos\u0165 v odtieni slne\u010dnej harm\u00f3nie.","robots":{"index":"index","follow":"follow","max-snippet":"max-snippet:-1","max-image-preview":"max-image-preview:large","max-video-preview":"max-video-preview:-1"},"canonical":"https:\/\/www.tattja.com\/en\/product\/damske-oblecenie-trojset-solvej-horcicovo-zlty\/","og_locale":"en_GB","og_type":"article","og_title":"D\u00e1mske oble\u010denie 3-set SOLVEJ hor\u010dicovo-\u017elt\u00fd - TATTJA","og_description":"D\u00e1mske oble\u010denie trojset SOLVEJ hor\u010dicovo-\u017elt\u00fd \u2013 elegantn\u00fd pleten\u00fd komplet TATTJA, ktor\u00fd sp\u00e1ja luxus, teplo a \u017eenskos\u0165 v odtieni slne\u010dnej harm\u00f3nie.","og_url":"https:\/\/www.tattja.com\/en\/product\/damske-oblecenie-trojset-solvej-horcicovo-zlty\/","og_site_name":"TATTJA","article_modified_time":"2026-04-05T17:45:06+00:00","og_image":[{"width":1365,"height":2048,"url":"https:\/\/www.tattja.com\/wp-content\/uploads\/2026\/01\/horcicovo-zlty-trojset-nakrcnik-driekovnik-ciapka-spredu-31.webp","type":"image\/webp"}],"twitter_card":"summary_large_image","twitter_misc":{"Estimated reading time":"2 minutes"},"schema":{"@context":"https:\/\/schema.org","@graph":[{"@type":"WebPage","@id":"https:\/\/www.tattja.com\/product\/damske-oblecenie-trojset-solvej-horcicovo-zlty\/","url":"https:\/\/www.tattja.com\/product\/damske-oblecenie-trojset-solvej-horcicovo-zlty\/","name":"D\u00e1mske oble\u010denie 3-set SOLVEJ hor\u010dicovo-\u017elt\u00fd - TATTJA","isPartOf":{"@id":"https:\/\/www.tattja.com\/#website"},"primaryImageOfPage":{"@id":"https:\/\/www.tattja.com\/product\/damske-oblecenie-trojset-solvej-horcicovo-zlty\/#primaryimage"},"image":{"@id":"https:\/\/www.tattja.com\/product\/damske-oblecenie-trojset-solvej-horcicovo-zlty\/#primaryimage"},"thumbnailUrl":"https:\/\/www.tattja.com\/wp-content\/uploads\/2026\/01\/horcicovo-zlty-trojset-nakrcnik-driekovnik-ciapka-spredu-31.webp","datePublished":"2025-08-06T05:54:00+00:00","dateModified":"2026-04-05T17:45:06+00:00","description":"D\u00e1mske oble\u010denie trojset SOLVEJ hor\u010dicovo-\u017elt\u00fd \u2013 elegantn\u00fd pleten\u00fd komplet TATTJA, ktor\u00fd sp\u00e1ja luxus, teplo a \u017eenskos\u0165 v odtieni slne\u010dnej harm\u00f3nie.","breadcrumb":{"@id":"https:\/\/www.tattja.com\/product\/damske-oblecenie-trojset-solvej-horcicovo-zlty\/#breadcrumb"},"inLanguage":"en-GB","potentialAction":[{"@type":"ReadAction","target":["https:\/\/www.tattja.com\/product\/damske-oblecenie-trojset-solvej-horcicovo-zlty\/"]}]},{"@type":"ImageObject","inLanguage":"en-GB","@id":"https:\/\/www.tattja.com\/product\/damske-oblecenie-trojset-solvej-horcicovo-zlty\/#primaryimage","url":"https:\/\/www.tattja.com\/wp-content\/uploads\/2026\/01\/horcicovo-zlty-trojset-nakrcnik-driekovnik-ciapka-spredu-31.webp","contentUrl":"https:\/\/www.tattja.com\/wp-content\/uploads\/2026\/01\/horcicovo-zlty-trojset-nakrcnik-driekovnik-ciapka-spredu-31.webp","width":1365,"height":2048,"caption":"Elegantn\u00fd pleten\u00fd trojset SOLVEJ v hor\u010dicovo-\u017eltom odtieni \u2013 TATTJA"},{"@type":"BreadcrumbList","@id":"https:\/\/www.tattja.com\/product\/damske-oblecenie-trojset-solvej-horcicovo-zlty\/#breadcrumb","itemListElement":[{"@type":"ListItem","position":1,"name":"Domov","item":"https:\/\/www.tattja.com\/"},{"@type":"ListItem","position":2,"name":"Produkty","item":"https:\/\/www.tattja.com\/damske-oblecenie-produkty\/"},{"@type":"ListItem","position":3,"name":"D\u00e1mske oble\u010denie 3-set SOLVEJ hor\u010dicovo-\u017elt\u00fd"}]},{"@type":"WebSite","@id":"https:\/\/www.tattja.com\/#website","url":"https:\/\/www.tattja.com\/","name":"TATTJA","description":"D\u00e1mske oble\u010denie z extra jemnej merino vlny \u2014 ru\u010dne pleten\u00e9 na Slovensku","potentialAction":[{"@type":"SearchAction","target":{"@type":"EntryPoint","urlTemplate":"https:\/\/www.tattja.com\/?s={search_term_string}"},"query-input":{"@type":"PropertyValueSpecification","valueRequired":true,"valueName":"search_term_string"}}],"inLanguage":"en-GB"}]}},"_links":{"self":[{"href":"https:\/\/www.tattja.com\/en\/wp-json\/wp\/v2\/product\/1852","targetHints":{"allow":["GET"]}}],"collection":[{"href":"https:\/\/www.tattja.com\/en\/wp-json\/wp\/v2\/product"}],"about":[{"href":"https:\/\/www.tattja.com\/en\/wp-json\/wp\/v2\/types\/product"}],"replies":[{"embeddable":true,"href":"https:\/\/www.tattja.com\/en\/wp-json\/wp\/v2\/comments?post=1852"}],"version-history":[{"count":6,"href":"https:\/\/www.tattja.com\/en\/wp-json\/wp\/v2\/product\/1852\/revisions"}],"predecessor-version":[{"id":7263,"href":"https:\/\/www.tattja.com\/en\/wp-json\/wp\/v2\/product\/1852\/revisions\/7263"}],"wp:featuredmedia":[{"embeddable":true,"href":"https:\/\/www.tattja.com\/en\/wp-json\/wp\/v2\/media\/7558"}],"wp:attachment":[{"href":"https:\/\/www.tattja.com\/en\/wp-json\/wp\/v2\/media?parent=1852"}],"wp:term":[{"taxonomy":"product_brand","embeddable":true,"href":"https:\/\/www.tattja.com\/en\/wp-json\/wp\/v2\/product_brand?post=1852"},{"taxonomy":"product_cat","embeddable":true,"href":"https:\/\/www.tattja.com\/en\/wp-json\/wp\/v2\/product_cat?post=1852"},{"taxonomy":"product_tag","embeddable":true,"href":"https:\/\/www.tattja.com\/en\/wp-json\/wp\/v2\/product_tag?post=1852"}],"curies":[{"name":"wp","href":"https:\/\/api.w.org\/{rel}","templated":true}]}}