{"id":1862,"date":"2025-08-08T07:22:48","date_gmt":"2025-08-08T05:22:48","guid":{"rendered":"https:\/\/www.tattja.com\/?post_type=product&#038;p=1862"},"modified":"2026-04-05T19:45:06","modified_gmt":"2026-04-05T17:45:06","slug":"damske-oblecenie-ciapka-anja-cerveno-oranzova-lososova","status":"publish","type":"product","link":"https:\/\/www.tattja.com\/en\/product\/damske-oblecenie-ciapka-anja-cerveno-oranzova-lososova\/","title":{"rendered":"Women's clothing cap ANJA red-orange-salmon"},"content":{"rendered":"<p data-start=\"911\" data-end=\"1191\"><strong data-start=\"911\" data-end=\"969\">Women's clothing cap ANJA red-orange-salmon<\/strong> is a combination of energy, femininity and timeless style. This exceptional accessory from the collection <strong data-start=\"1057\" data-end=\"1067\">TATTJA<\/strong> stands out with its fresh colour, comfortable knit and precise workmanship, which underlines the exceptional character of the brand.<\/p>\n<p data-start=\"1193\" data-end=\"1532\">The vibrant hue oscillates between red intensity, orange warmth, and the softness of a salmon tone. This colour harmony makes the cap look playful yet elegant. It brings optimism, joy and feminine charm to the outfit. It blends well with neutral shades and contrasting pieces, opening up endless styling possibilities.<\/p>\n<p data-start=\"1534\" data-end=\"1777\">The fine ribbed knit adapts to the shape of the head and provides a pleasant feeling of warmth and comfort. The material feels soft, yet retains its shape and elegant texture. Thanks to the precision workmanship, the cap combines practicality with aesthetic perfection.<\/p>\n<p data-start=\"1779\" data-end=\"2054\">The refined silhouette gives the cap a modern urban touch and enhances its functionality. It protects the eyes from the wind and the sun's rays while creating a sophisticated silhouette. This detail sets the model apart <strong data-start=\"1964\" data-end=\"1972\">ANJA<\/strong> from ordinary knitted caps and makes it an iconic accessory for everyday style.<\/p>\n<p data-start=\"2056\" data-end=\"2305\"><strong data-start=\"2056\" data-end=\"2097\">Women's clothing cap ANJA red-orange-salmon<\/strong> stands out on its own and in combination with other pieces from the collection <strong data-start=\"2162\" data-end=\"2172\">TATTJA<\/strong>- with a shirt collar, armbands or a neck warmer. Together they create a harmonious whole that combines comfort, originality and feminine elegance.<\/p>\n<p data-start=\"2307\" data-end=\"2412\">Discover the beauty of delicacy, sophisticated details and feminine style that will keep you warm and <a href=\"https:\/\/www.tattja.com\/en\/product-category\/damske-oblecenie\/doplnky-jednotlivo\/ciapky\/\">in other colours<\/a>.<\/p>\n<p data-start=\"2414\" data-end=\"2527\"><strong data-start=\"2414\" data-end=\"2468\">See, <a href=\"https:\/\/shop.bogensberger.co.at\/produkt-schlagwort\/merino-extrafein\/\">from what materials<\/a> we produce our pieces<\/strong> and treat yourself to a touch of luxury that you can feel in every fibre.<\/p>","protected":false},"excerpt":{"rendered":"<p><strong data-start=\"704\" data-end=\"762\">Women's clothing cap ANJA red-orange-salmon<\/strong> - A vibrant knitted beanie with a shawl that combines warmth, femininity and playfulness in a uniquely fashionable design.<\/p>","protected":false},"featured_media":7077,"comment_status":"open","ping_status":"closed","template":"","meta":[],"product_brand":[],"product_cat":[176,282,300,298,169],"product_tag":[],"class_list":{"0":"post-1862","1":"product","2":"type-product","3":"status-publish","4":"has-post-thumbnail","6":"product_cat-ciapka-cervenooranzova-lososova","7":"product_cat-ciapky","8":"product_cat-damske-oblecenie","9":"product_cat-doplnky-jednotlivo","10":"product_cat-pleteninove-doplnky-cervenooranzove-lososove","12":"first","13":"instock","14":"taxable","15":"shipping-taxable","16":"purchasable","17":"product-type-simple"},"yoast_head":"<!-- This site is optimized with the Yoast SEO plugin v26.0 - https:\/\/yoast.com\/wordpress\/plugins\/seo\/ -->\n<title>D\u00e1mske oble\u010denie \u010diapka ANJA \u010derveno-oran\u017eov\u00e1-lososov\u00e1 - TATTJA<\/title>\n<meta name=\"description\" content=\"D\u00e1mske oble\u010denie \u010diapka ANJA \u010derveno-oran\u017eovo-lososov\u00e1 \u2013 svie\u017ea energia, \u017eensk\u00fd \u0161arm a jemn\u00e1 pletenina pre pohodlie a \u0161t\u00fdl po\u010das chladn\u00fdch dn\u00ed.\" \/>\n<meta name=\"robots\" content=\"index, follow, max-snippet:-1, max-image-preview:large, max-video-preview:-1\" \/>\n<link rel=\"canonical\" href=\"https:\/\/www.tattja.com\/en\/product\/damske-oblecenie-ciapka-anja-cerveno-oranzova-lososova\/\" \/>\n<meta property=\"og:locale\" content=\"en_GB\" \/>\n<meta property=\"og:type\" content=\"article\" \/>\n<meta property=\"og:title\" content=\"D\u00e1mske oble\u010denie \u010diapka ANJA \u010derveno-oran\u017eov\u00e1-lososov\u00e1 - TATTJA\" \/>\n<meta property=\"og:description\" content=\"D\u00e1mske oble\u010denie \u010diapka ANJA \u010derveno-oran\u017eovo-lososov\u00e1 \u2013 svie\u017ea energia, \u017eensk\u00fd \u0161arm a jemn\u00e1 pletenina pre pohodlie a \u0161t\u00fdl po\u010das chladn\u00fdch dn\u00ed.\" \/>\n<meta property=\"og:url\" content=\"https:\/\/www.tattja.com\/en\/product\/damske-oblecenie-ciapka-anja-cerveno-oranzova-lososova\/\" \/>\n<meta property=\"og:site_name\" content=\"TATTJA\" \/>\n<meta property=\"article:modified_time\" content=\"2026-04-05T17:45:06+00:00\" \/>\n<meta property=\"og:image\" content=\"https:\/\/www.tattja.com\/wp-content\/uploads\/2025\/12\/cerveno-oranzovy-lososovy-ciapka-spredu-43.webp\" \/>\n\t<meta property=\"og:image:width\" content=\"1365\" \/>\n\t<meta property=\"og:image:height\" content=\"2048\" \/>\n\t<meta property=\"og:image:type\" content=\"image\/webp\" \/>\n<meta name=\"twitter:card\" content=\"summary_large_image\" \/>\n<meta name=\"twitter:label1\" content=\"Estimated reading time\" \/>\n\t<meta name=\"twitter:data1\" content=\"2 minutes\" \/>\n<script type=\"application\/ld+json\" class=\"yoast-schema-graph\">{\"@context\":\"https:\/\/schema.org\",\"@graph\":[{\"@type\":\"WebPage\",\"@id\":\"https:\/\/www.tattja.com\/product\/damske-oblecenie-ciapka-anja-cerveno-oranzova-lososova\/\",\"url\":\"https:\/\/www.tattja.com\/product\/damske-oblecenie-ciapka-anja-cerveno-oranzova-lososova\/\",\"name\":\"D\u00e1mske oble\u010denie \u010diapka ANJA \u010derveno-oran\u017eov\u00e1-lososov\u00e1 - TATTJA\",\"isPartOf\":{\"@id\":\"https:\/\/www.tattja.com\/#website\"},\"primaryImageOfPage\":{\"@id\":\"https:\/\/www.tattja.com\/product\/damske-oblecenie-ciapka-anja-cerveno-oranzova-lososova\/#primaryimage\"},\"image\":{\"@id\":\"https:\/\/www.tattja.com\/product\/damske-oblecenie-ciapka-anja-cerveno-oranzova-lososova\/#primaryimage\"},\"thumbnailUrl\":\"https:\/\/www.tattja.com\/wp-content\/uploads\/2025\/12\/cerveno-oranzovy-lososovy-ciapka-spredu-43.webp\",\"datePublished\":\"2025-08-08T05:22:48+00:00\",\"dateModified\":\"2026-04-05T17:45:06+00:00\",\"description\":\"D\u00e1mske oble\u010denie \u010diapka ANJA \u010derveno-oran\u017eovo-lososov\u00e1 \u2013 svie\u017ea energia, \u017eensk\u00fd \u0161arm a jemn\u00e1 pletenina pre pohodlie a \u0161t\u00fdl po\u010das chladn\u00fdch dn\u00ed.\",\"breadcrumb\":{\"@id\":\"https:\/\/www.tattja.com\/product\/damske-oblecenie-ciapka-anja-cerveno-oranzova-lososova\/#breadcrumb\"},\"inLanguage\":\"en-GB\",\"potentialAction\":[{\"@type\":\"ReadAction\",\"target\":[\"https:\/\/www.tattja.com\/product\/damske-oblecenie-ciapka-anja-cerveno-oranzova-lososova\/\"]}]},{\"@type\":\"ImageObject\",\"inLanguage\":\"en-GB\",\"@id\":\"https:\/\/www.tattja.com\/product\/damske-oblecenie-ciapka-anja-cerveno-oranzova-lososova\/#primaryimage\",\"url\":\"https:\/\/www.tattja.com\/wp-content\/uploads\/2025\/12\/cerveno-oranzovy-lososovy-ciapka-spredu-43.webp\",\"contentUrl\":\"https:\/\/www.tattja.com\/wp-content\/uploads\/2025\/12\/cerveno-oranzovy-lososovy-ciapka-spredu-43.webp\",\"width\":1365,\"height\":2048,\"caption\":\"\u010ciapka ANJA \u2013 \u010derveno-oran\u017eovo-lososov\u00fd odtie\u0148 v prednom poh\u013eade\"},{\"@type\":\"BreadcrumbList\",\"@id\":\"https:\/\/www.tattja.com\/product\/damske-oblecenie-ciapka-anja-cerveno-oranzova-lososova\/#breadcrumb\",\"itemListElement\":[{\"@type\":\"ListItem\",\"position\":1,\"name\":\"Domov\",\"item\":\"https:\/\/www.tattja.com\/\"},{\"@type\":\"ListItem\",\"position\":2,\"name\":\"Produkty\",\"item\":\"https:\/\/www.tattja.com\/damske-oblecenie-produkty\/\"},{\"@type\":\"ListItem\",\"position\":3,\"name\":\"D\u00e1mske oble\u010denie \u010diapka ANJA \u010derveno-oran\u017eov\u00e1-lososov\u00e1\"}]},{\"@type\":\"WebSite\",\"@id\":\"https:\/\/www.tattja.com\/#website\",\"url\":\"https:\/\/www.tattja.com\/\",\"name\":\"TATTJA\",\"description\":\"D\u00e1mske oble\u010denie z extra jemnej merino vlny \u2014 ru\u010dne pleten\u00e9 na Slovensku\",\"potentialAction\":[{\"@type\":\"SearchAction\",\"target\":{\"@type\":\"EntryPoint\",\"urlTemplate\":\"https:\/\/www.tattja.com\/?s={search_term_string}\"},\"query-input\":{\"@type\":\"PropertyValueSpecification\",\"valueRequired\":true,\"valueName\":\"search_term_string\"}}],\"inLanguage\":\"en-GB\"}]}<\/script>\n<!-- \/ Yoast SEO plugin. -->","yoast_head_json":{"title":"D\u00e1mske oble\u010denie \u010diapka ANJA \u010derveno-oran\u017eov\u00e1-lososov\u00e1 - TATTJA","description":"D\u00e1mske oble\u010denie \u010diapka ANJA \u010derveno-oran\u017eovo-lososov\u00e1 \u2013 svie\u017ea energia, \u017eensk\u00fd \u0161arm a jemn\u00e1 pletenina pre pohodlie a \u0161t\u00fdl po\u010das chladn\u00fdch dn\u00ed.","robots":{"index":"index","follow":"follow","max-snippet":"max-snippet:-1","max-image-preview":"max-image-preview:large","max-video-preview":"max-video-preview:-1"},"canonical":"https:\/\/www.tattja.com\/en\/product\/damske-oblecenie-ciapka-anja-cerveno-oranzova-lososova\/","og_locale":"en_GB","og_type":"article","og_title":"D\u00e1mske oble\u010denie \u010diapka ANJA \u010derveno-oran\u017eov\u00e1-lososov\u00e1 - TATTJA","og_description":"D\u00e1mske oble\u010denie \u010diapka ANJA \u010derveno-oran\u017eovo-lososov\u00e1 \u2013 svie\u017ea energia, \u017eensk\u00fd \u0161arm a jemn\u00e1 pletenina pre pohodlie a \u0161t\u00fdl po\u010das chladn\u00fdch dn\u00ed.","og_url":"https:\/\/www.tattja.com\/en\/product\/damske-oblecenie-ciapka-anja-cerveno-oranzova-lososova\/","og_site_name":"TATTJA","article_modified_time":"2026-04-05T17:45:06+00:00","og_image":[{"width":1365,"height":2048,"url":"https:\/\/www.tattja.com\/wp-content\/uploads\/2025\/12\/cerveno-oranzovy-lososovy-ciapka-spredu-43.webp","type":"image\/webp"}],"twitter_card":"summary_large_image","twitter_misc":{"Estimated reading time":"2 minutes"},"schema":{"@context":"https:\/\/schema.org","@graph":[{"@type":"WebPage","@id":"https:\/\/www.tattja.com\/product\/damske-oblecenie-ciapka-anja-cerveno-oranzova-lososova\/","url":"https:\/\/www.tattja.com\/product\/damske-oblecenie-ciapka-anja-cerveno-oranzova-lososova\/","name":"D\u00e1mske oble\u010denie \u010diapka ANJA \u010derveno-oran\u017eov\u00e1-lososov\u00e1 - TATTJA","isPartOf":{"@id":"https:\/\/www.tattja.com\/#website"},"primaryImageOfPage":{"@id":"https:\/\/www.tattja.com\/product\/damske-oblecenie-ciapka-anja-cerveno-oranzova-lososova\/#primaryimage"},"image":{"@id":"https:\/\/www.tattja.com\/product\/damske-oblecenie-ciapka-anja-cerveno-oranzova-lososova\/#primaryimage"},"thumbnailUrl":"https:\/\/www.tattja.com\/wp-content\/uploads\/2025\/12\/cerveno-oranzovy-lososovy-ciapka-spredu-43.webp","datePublished":"2025-08-08T05:22:48+00:00","dateModified":"2026-04-05T17:45:06+00:00","description":"D\u00e1mske oble\u010denie \u010diapka ANJA \u010derveno-oran\u017eovo-lososov\u00e1 \u2013 svie\u017ea energia, \u017eensk\u00fd \u0161arm a jemn\u00e1 pletenina pre pohodlie a \u0161t\u00fdl po\u010das chladn\u00fdch dn\u00ed.","breadcrumb":{"@id":"https:\/\/www.tattja.com\/product\/damske-oblecenie-ciapka-anja-cerveno-oranzova-lososova\/#breadcrumb"},"inLanguage":"en-GB","potentialAction":[{"@type":"ReadAction","target":["https:\/\/www.tattja.com\/product\/damske-oblecenie-ciapka-anja-cerveno-oranzova-lososova\/"]}]},{"@type":"ImageObject","inLanguage":"en-GB","@id":"https:\/\/www.tattja.com\/product\/damske-oblecenie-ciapka-anja-cerveno-oranzova-lososova\/#primaryimage","url":"https:\/\/www.tattja.com\/wp-content\/uploads\/2025\/12\/cerveno-oranzovy-lososovy-ciapka-spredu-43.webp","contentUrl":"https:\/\/www.tattja.com\/wp-content\/uploads\/2025\/12\/cerveno-oranzovy-lososovy-ciapka-spredu-43.webp","width":1365,"height":2048,"caption":"\u010ciapka ANJA \u2013 \u010derveno-oran\u017eovo-lososov\u00fd odtie\u0148 v prednom poh\u013eade"},{"@type":"BreadcrumbList","@id":"https:\/\/www.tattja.com\/product\/damske-oblecenie-ciapka-anja-cerveno-oranzova-lososova\/#breadcrumb","itemListElement":[{"@type":"ListItem","position":1,"name":"Domov","item":"https:\/\/www.tattja.com\/"},{"@type":"ListItem","position":2,"name":"Produkty","item":"https:\/\/www.tattja.com\/damske-oblecenie-produkty\/"},{"@type":"ListItem","position":3,"name":"D\u00e1mske oble\u010denie \u010diapka ANJA \u010derveno-oran\u017eov\u00e1-lososov\u00e1"}]},{"@type":"WebSite","@id":"https:\/\/www.tattja.com\/#website","url":"https:\/\/www.tattja.com\/","name":"TATTJA","description":"D\u00e1mske oble\u010denie z extra jemnej merino vlny \u2014 ru\u010dne pleten\u00e9 na Slovensku","potentialAction":[{"@type":"SearchAction","target":{"@type":"EntryPoint","urlTemplate":"https:\/\/www.tattja.com\/?s={search_term_string}"},"query-input":{"@type":"PropertyValueSpecification","valueRequired":true,"valueName":"search_term_string"}}],"inLanguage":"en-GB"}]}},"_links":{"self":[{"href":"https:\/\/www.tattja.com\/en\/wp-json\/wp\/v2\/product\/1862","targetHints":{"allow":["GET"]}}],"collection":[{"href":"https:\/\/www.tattja.com\/en\/wp-json\/wp\/v2\/product"}],"about":[{"href":"https:\/\/www.tattja.com\/en\/wp-json\/wp\/v2\/types\/product"}],"replies":[{"embeddable":true,"href":"https:\/\/www.tattja.com\/en\/wp-json\/wp\/v2\/comments?post=1862"}],"version-history":[{"count":6,"href":"https:\/\/www.tattja.com\/en\/wp-json\/wp\/v2\/product\/1862\/revisions"}],"predecessor-version":[{"id":5922,"href":"https:\/\/www.tattja.com\/en\/wp-json\/wp\/v2\/product\/1862\/revisions\/5922"}],"wp:featuredmedia":[{"embeddable":true,"href":"https:\/\/www.tattja.com\/en\/wp-json\/wp\/v2\/media\/7077"}],"wp:attachment":[{"href":"https:\/\/www.tattja.com\/en\/wp-json\/wp\/v2\/media?parent=1862"}],"wp:term":[{"taxonomy":"product_brand","embeddable":true,"href":"https:\/\/www.tattja.com\/en\/wp-json\/wp\/v2\/product_brand?post=1862"},{"taxonomy":"product_cat","embeddable":true,"href":"https:\/\/www.tattja.com\/en\/wp-json\/wp\/v2\/product_cat?post=1862"},{"taxonomy":"product_tag","embeddable":true,"href":"https:\/\/www.tattja.com\/en\/wp-json\/wp\/v2\/product_tag?post=1862"}],"curies":[{"name":"wp","href":"https:\/\/api.w.org\/{rel}","templated":true}]}}