{"id":1864,"date":"2025-08-08T07:23:44","date_gmt":"2025-08-08T05:23:44","guid":{"rendered":"https:\/\/www.tattja.com\/?post_type=product&#038;p=1864"},"modified":"2026-04-05T19:45:06","modified_gmt":"2026-04-05T17:45:06","slug":"rukavniky-katja-cerveno-oranzove-lososove","status":"publish","type":"product","link":"https:\/\/www.tattja.com\/en\/product\/rukavniky-katja-cerveno-oranzove-lososove\/","title":{"rendered":"Women's clothing sleeves KATJA red-orange salmon"},"content":{"rendered":"<p data-start=\"887\" data-end=\"1190\"><strong data-start=\"887\" data-end=\"949\">Women's clothing sleeves KATJA red-orange salmon<\/strong> are a combination of playfulness, elegance and comfort. This striking addition to the collection <strong data-start=\"1038\" data-end=\"1048\">TATTJA<\/strong> transforms an ordinary outfit into a unique stylish ensemble. The sleeves combine functionality with aesthetics and bring a feeling of warmth even on colder days.<\/p>\n<p data-start=\"1192\" data-end=\"1544\">The red-orange-salmon colour radiates energy, femininity and optimism. It's a shade that brightens the complexion and gives a fresh and bold tone to the whole outfit. It stands out in contrast with white, beige or grey, but also works harmoniously with soft pastels. Sleeves in this colour appeal to women who want to express their personality through colour and detail.<\/p>\n<p data-start=\"1546\" data-end=\"1836\">The ribbed structure of the knit ensures elasticity, comfort and a pleasant touch. The sleeves adapt to the shape of the hands, gently wrap around them and remain comfortable even when worn for long periods of time. Each pair is made with attention to quality, meticulous details and aesthetic purity typical of the brand <strong data-start=\"1823\" data-end=\"1833\">TATTJA<\/strong>.<\/p>\n<p data-start=\"1838\" data-end=\"2109\">Women's clothing armbands <strong data-start=\"1848\" data-end=\"1883\">KATJA red-orange salmon<\/strong> they are ideal for layering - they will impress as a stand-alone fashion accent, but they will also stand out in combination with a neckpiece, neckwarmer or cap from the same collection. Together they create a harmonious and stylish ensemble that will underline your femininity.<\/p>\n<p data-start=\"2111\" data-end=\"2216\">Discover the beauty of delicacy, sophisticated details and feminine style that will keep you warm and <a href=\"https:\/\/www.tattja.com\/en\/product-category\/damske-oblecenie\/doplnky-jednotlivo\/rukavniky-2\/\">in other colours<\/a>.<\/p>\n<p data-start=\"2218\" data-end=\"2370\"><strong data-start=\"2218\" data-end=\"2272\">See, <a href=\"https:\/\/shop.bogensberger.co.at\/produkt-schlagwort\/merino-extrafein\/\">from what materials<\/a> we produce our pieces<\/strong> and let yourself be carried away by the quality, comfort and luxury that characterise each model <strong data-start=\"2357\" data-end=\"2367\">TATTJA<\/strong>.<\/p>","protected":false},"excerpt":{"rendered":"<p><strong data-start=\"674\" data-end=\"736\">Women's clothing sleeves KATJA red-orange salmon<\/strong> add freshness, energy and pizzazz to your outfit. The fine knit brings comfort, femininity and style all in one.<\/p>","protected":false},"featured_media":7104,"comment_status":"open","ping_status":"closed","template":"","meta":[],"product_brand":[],"product_cat":[300,298,169,281,175],"product_tag":[],"class_list":{"0":"post-1864","1":"product","2":"type-product","3":"status-publish","4":"has-post-thumbnail","6":"product_cat-damske-oblecenie","7":"product_cat-doplnky-jednotlivo","8":"product_cat-pleteninove-doplnky-cervenooranzove-lososove","9":"product_cat-rukavniky-2","10":"product_cat-rukavniky-cervenooranzove-lososove","12":"first","13":"instock","14":"taxable","15":"shipping-taxable","16":"purchasable","17":"product-type-simple"},"yoast_head":"<!-- This site is optimized with the Yoast SEO plugin v26.0 - https:\/\/yoast.com\/wordpress\/plugins\/seo\/ -->\n<title>D\u00e1mske oble\u010denie ruk\u00e1vniky KATJA \u010derveno-oran\u017eov\u00e9 lososov\u00e9 - TATTJA<\/title>\n<meta name=\"description\" content=\"D\u00e1mske oble\u010denie ruk\u00e1vniky KATJA \u010derveno-oran\u017eov\u00e9 lososov\u00e9 \u2013 hrejiv\u00fd, v\u00fdrazn\u00fd a \u017eensk\u00fd doplnok, ktor\u00fd sp\u00e1ja eleganciu, \u0161t\u00fdl a pohodlie.\" \/>\n<meta name=\"robots\" content=\"index, follow, max-snippet:-1, max-image-preview:large, max-video-preview:-1\" \/>\n<link rel=\"canonical\" href=\"https:\/\/www.tattja.com\/en\/product\/rukavniky-katja-cerveno-oranzove-lososove\/\" \/>\n<meta property=\"og:locale\" content=\"en_GB\" \/>\n<meta property=\"og:type\" content=\"article\" \/>\n<meta property=\"og:title\" content=\"D\u00e1mske oble\u010denie ruk\u00e1vniky KATJA \u010derveno-oran\u017eov\u00e9 lososov\u00e9 - TATTJA\" \/>\n<meta property=\"og:description\" content=\"D\u00e1mske oble\u010denie ruk\u00e1vniky KATJA \u010derveno-oran\u017eov\u00e9 lososov\u00e9 \u2013 hrejiv\u00fd, v\u00fdrazn\u00fd a \u017eensk\u00fd doplnok, ktor\u00fd sp\u00e1ja eleganciu, \u0161t\u00fdl a pohodlie.\" \/>\n<meta property=\"og:url\" content=\"https:\/\/www.tattja.com\/en\/product\/rukavniky-katja-cerveno-oranzove-lososove\/\" \/>\n<meta property=\"og:site_name\" content=\"TATTJA\" \/>\n<meta property=\"article:modified_time\" content=\"2026-04-05T17:45:06+00:00\" \/>\n<meta property=\"og:image\" content=\"https:\/\/www.tattja.com\/wp-content\/uploads\/2025\/12\/cerveno-oranzovy-lososovy-rukavniky-spredu-31.webp\" \/>\n\t<meta property=\"og:image:width\" content=\"1365\" \/>\n\t<meta property=\"og:image:height\" content=\"2048\" \/>\n\t<meta property=\"og:image:type\" content=\"image\/webp\" \/>\n<meta name=\"twitter:card\" content=\"summary_large_image\" \/>\n<meta name=\"twitter:label1\" content=\"Estimated reading time\" \/>\n\t<meta name=\"twitter:data1\" content=\"2 minutes\" \/>\n<script type=\"application\/ld+json\" class=\"yoast-schema-graph\">{\"@context\":\"https:\/\/schema.org\",\"@graph\":[{\"@type\":\"WebPage\",\"@id\":\"https:\/\/www.tattja.com\/product\/rukavniky-katja-cerveno-oranzove-lososove\/\",\"url\":\"https:\/\/www.tattja.com\/product\/rukavniky-katja-cerveno-oranzove-lososove\/\",\"name\":\"D\u00e1mske oble\u010denie ruk\u00e1vniky KATJA \u010derveno-oran\u017eov\u00e9 lososov\u00e9 - TATTJA\",\"isPartOf\":{\"@id\":\"https:\/\/www.tattja.com\/#website\"},\"primaryImageOfPage\":{\"@id\":\"https:\/\/www.tattja.com\/product\/rukavniky-katja-cerveno-oranzove-lososove\/#primaryimage\"},\"image\":{\"@id\":\"https:\/\/www.tattja.com\/product\/rukavniky-katja-cerveno-oranzove-lososove\/#primaryimage\"},\"thumbnailUrl\":\"https:\/\/www.tattja.com\/wp-content\/uploads\/2025\/12\/cerveno-oranzovy-lososovy-rukavniky-spredu-31.webp\",\"datePublished\":\"2025-08-08T05:23:44+00:00\",\"dateModified\":\"2026-04-05T17:45:06+00:00\",\"description\":\"D\u00e1mske oble\u010denie ruk\u00e1vniky KATJA \u010derveno-oran\u017eov\u00e9 lososov\u00e9 \u2013 hrejiv\u00fd, v\u00fdrazn\u00fd a \u017eensk\u00fd doplnok, ktor\u00fd sp\u00e1ja eleganciu, \u0161t\u00fdl a pohodlie.\",\"breadcrumb\":{\"@id\":\"https:\/\/www.tattja.com\/product\/rukavniky-katja-cerveno-oranzove-lososove\/#breadcrumb\"},\"inLanguage\":\"en-GB\",\"potentialAction\":[{\"@type\":\"ReadAction\",\"target\":[\"https:\/\/www.tattja.com\/product\/rukavniky-katja-cerveno-oranzove-lososove\/\"]}]},{\"@type\":\"ImageObject\",\"inLanguage\":\"en-GB\",\"@id\":\"https:\/\/www.tattja.com\/product\/rukavniky-katja-cerveno-oranzove-lososove\/#primaryimage\",\"url\":\"https:\/\/www.tattja.com\/wp-content\/uploads\/2025\/12\/cerveno-oranzovy-lososovy-rukavniky-spredu-31.webp\",\"contentUrl\":\"https:\/\/www.tattja.com\/wp-content\/uploads\/2025\/12\/cerveno-oranzovy-lososovy-rukavniky-spredu-31.webp\",\"width\":1365,\"height\":2048,\"caption\":\"Ruk\u00e1vniky KATJA v \u010derveno-oran\u017eovo-lososovej farbe \u2013 predn\u00fd poh\u013ead\"},{\"@type\":\"BreadcrumbList\",\"@id\":\"https:\/\/www.tattja.com\/product\/rukavniky-katja-cerveno-oranzove-lososove\/#breadcrumb\",\"itemListElement\":[{\"@type\":\"ListItem\",\"position\":1,\"name\":\"Domov\",\"item\":\"https:\/\/www.tattja.com\/\"},{\"@type\":\"ListItem\",\"position\":2,\"name\":\"Produkty\",\"item\":\"https:\/\/www.tattja.com\/damske-oblecenie-produkty\/\"},{\"@type\":\"ListItem\",\"position\":3,\"name\":\"D\u00e1mske oble\u010denie ruk\u00e1vniky KATJA \u010derveno-oran\u017eov\u00e9 lososov\u00e9\"}]},{\"@type\":\"WebSite\",\"@id\":\"https:\/\/www.tattja.com\/#website\",\"url\":\"https:\/\/www.tattja.com\/\",\"name\":\"TATTJA\",\"description\":\"D\u00e1mske oble\u010denie z extra jemnej merino vlny \u2014 ru\u010dne pleten\u00e9 na Slovensku\",\"potentialAction\":[{\"@type\":\"SearchAction\",\"target\":{\"@type\":\"EntryPoint\",\"urlTemplate\":\"https:\/\/www.tattja.com\/?s={search_term_string}\"},\"query-input\":{\"@type\":\"PropertyValueSpecification\",\"valueRequired\":true,\"valueName\":\"search_term_string\"}}],\"inLanguage\":\"en-GB\"}]}<\/script>\n<!-- \/ Yoast SEO plugin. -->","yoast_head_json":{"title":"D\u00e1mske oble\u010denie ruk\u00e1vniky KATJA \u010derveno-oran\u017eov\u00e9 lososov\u00e9 - TATTJA","description":"D\u00e1mske oble\u010denie ruk\u00e1vniky KATJA \u010derveno-oran\u017eov\u00e9 lososov\u00e9 \u2013 hrejiv\u00fd, v\u00fdrazn\u00fd a \u017eensk\u00fd doplnok, ktor\u00fd sp\u00e1ja eleganciu, \u0161t\u00fdl a pohodlie.","robots":{"index":"index","follow":"follow","max-snippet":"max-snippet:-1","max-image-preview":"max-image-preview:large","max-video-preview":"max-video-preview:-1"},"canonical":"https:\/\/www.tattja.com\/en\/product\/rukavniky-katja-cerveno-oranzove-lososove\/","og_locale":"en_GB","og_type":"article","og_title":"D\u00e1mske oble\u010denie ruk\u00e1vniky KATJA \u010derveno-oran\u017eov\u00e9 lososov\u00e9 - TATTJA","og_description":"D\u00e1mske oble\u010denie ruk\u00e1vniky KATJA \u010derveno-oran\u017eov\u00e9 lososov\u00e9 \u2013 hrejiv\u00fd, v\u00fdrazn\u00fd a \u017eensk\u00fd doplnok, ktor\u00fd sp\u00e1ja eleganciu, \u0161t\u00fdl a pohodlie.","og_url":"https:\/\/www.tattja.com\/en\/product\/rukavniky-katja-cerveno-oranzove-lososove\/","og_site_name":"TATTJA","article_modified_time":"2026-04-05T17:45:06+00:00","og_image":[{"width":1365,"height":2048,"url":"https:\/\/www.tattja.com\/wp-content\/uploads\/2025\/12\/cerveno-oranzovy-lososovy-rukavniky-spredu-31.webp","type":"image\/webp"}],"twitter_card":"summary_large_image","twitter_misc":{"Estimated reading time":"2 minutes"},"schema":{"@context":"https:\/\/schema.org","@graph":[{"@type":"WebPage","@id":"https:\/\/www.tattja.com\/product\/rukavniky-katja-cerveno-oranzove-lososove\/","url":"https:\/\/www.tattja.com\/product\/rukavniky-katja-cerveno-oranzove-lososove\/","name":"D\u00e1mske oble\u010denie ruk\u00e1vniky KATJA \u010derveno-oran\u017eov\u00e9 lososov\u00e9 - TATTJA","isPartOf":{"@id":"https:\/\/www.tattja.com\/#website"},"primaryImageOfPage":{"@id":"https:\/\/www.tattja.com\/product\/rukavniky-katja-cerveno-oranzove-lososove\/#primaryimage"},"image":{"@id":"https:\/\/www.tattja.com\/product\/rukavniky-katja-cerveno-oranzove-lososove\/#primaryimage"},"thumbnailUrl":"https:\/\/www.tattja.com\/wp-content\/uploads\/2025\/12\/cerveno-oranzovy-lososovy-rukavniky-spredu-31.webp","datePublished":"2025-08-08T05:23:44+00:00","dateModified":"2026-04-05T17:45:06+00:00","description":"D\u00e1mske oble\u010denie ruk\u00e1vniky KATJA \u010derveno-oran\u017eov\u00e9 lososov\u00e9 \u2013 hrejiv\u00fd, v\u00fdrazn\u00fd a \u017eensk\u00fd doplnok, ktor\u00fd sp\u00e1ja eleganciu, \u0161t\u00fdl a pohodlie.","breadcrumb":{"@id":"https:\/\/www.tattja.com\/product\/rukavniky-katja-cerveno-oranzove-lososove\/#breadcrumb"},"inLanguage":"en-GB","potentialAction":[{"@type":"ReadAction","target":["https:\/\/www.tattja.com\/product\/rukavniky-katja-cerveno-oranzove-lososove\/"]}]},{"@type":"ImageObject","inLanguage":"en-GB","@id":"https:\/\/www.tattja.com\/product\/rukavniky-katja-cerveno-oranzove-lososove\/#primaryimage","url":"https:\/\/www.tattja.com\/wp-content\/uploads\/2025\/12\/cerveno-oranzovy-lososovy-rukavniky-spredu-31.webp","contentUrl":"https:\/\/www.tattja.com\/wp-content\/uploads\/2025\/12\/cerveno-oranzovy-lososovy-rukavniky-spredu-31.webp","width":1365,"height":2048,"caption":"Ruk\u00e1vniky KATJA v \u010derveno-oran\u017eovo-lososovej farbe \u2013 predn\u00fd poh\u013ead"},{"@type":"BreadcrumbList","@id":"https:\/\/www.tattja.com\/product\/rukavniky-katja-cerveno-oranzove-lososove\/#breadcrumb","itemListElement":[{"@type":"ListItem","position":1,"name":"Domov","item":"https:\/\/www.tattja.com\/"},{"@type":"ListItem","position":2,"name":"Produkty","item":"https:\/\/www.tattja.com\/damske-oblecenie-produkty\/"},{"@type":"ListItem","position":3,"name":"D\u00e1mske oble\u010denie ruk\u00e1vniky KATJA \u010derveno-oran\u017eov\u00e9 lososov\u00e9"}]},{"@type":"WebSite","@id":"https:\/\/www.tattja.com\/#website","url":"https:\/\/www.tattja.com\/","name":"TATTJA","description":"D\u00e1mske oble\u010denie z extra jemnej merino vlny \u2014 ru\u010dne pleten\u00e9 na Slovensku","potentialAction":[{"@type":"SearchAction","target":{"@type":"EntryPoint","urlTemplate":"https:\/\/www.tattja.com\/?s={search_term_string}"},"query-input":{"@type":"PropertyValueSpecification","valueRequired":true,"valueName":"search_term_string"}}],"inLanguage":"en-GB"}]}},"_links":{"self":[{"href":"https:\/\/www.tattja.com\/en\/wp-json\/wp\/v2\/product\/1864","targetHints":{"allow":["GET"]}}],"collection":[{"href":"https:\/\/www.tattja.com\/en\/wp-json\/wp\/v2\/product"}],"about":[{"href":"https:\/\/www.tattja.com\/en\/wp-json\/wp\/v2\/types\/product"}],"replies":[{"embeddable":true,"href":"https:\/\/www.tattja.com\/en\/wp-json\/wp\/v2\/comments?post=1864"}],"version-history":[{"count":6,"href":"https:\/\/www.tattja.com\/en\/wp-json\/wp\/v2\/product\/1864\/revisions"}],"predecessor-version":[{"id":5896,"href":"https:\/\/www.tattja.com\/en\/wp-json\/wp\/v2\/product\/1864\/revisions\/5896"}],"wp:featuredmedia":[{"embeddable":true,"href":"https:\/\/www.tattja.com\/en\/wp-json\/wp\/v2\/media\/7104"}],"wp:attachment":[{"href":"https:\/\/www.tattja.com\/en\/wp-json\/wp\/v2\/media?parent=1864"}],"wp:term":[{"taxonomy":"product_brand","embeddable":true,"href":"https:\/\/www.tattja.com\/en\/wp-json\/wp\/v2\/product_brand?post=1864"},{"taxonomy":"product_cat","embeddable":true,"href":"https:\/\/www.tattja.com\/en\/wp-json\/wp\/v2\/product_cat?post=1864"},{"taxonomy":"product_tag","embeddable":true,"href":"https:\/\/www.tattja.com\/en\/wp-json\/wp\/v2\/product_tag?post=1864"}],"curies":[{"name":"wp","href":"https:\/\/api.w.org\/{rel}","templated":true}]}}