{"id":1866,"date":"2025-08-08T07:25:30","date_gmt":"2025-08-08T05:25:30","guid":{"rendered":"https:\/\/www.tattja.com\/?post_type=product&#038;p=1866"},"modified":"2026-04-05T19:45:06","modified_gmt":"2026-04-05T17:45:06","slug":"damske-oblecenie-driekovnik-natasja-cerveno-oranzovy","status":"publish","type":"product","link":"https:\/\/www.tattja.com\/en\/product\/damske-oblecenie-driekovnik-natasja-cerveno-oranzovy\/","title":{"rendered":"Women's clothing shirt NATASJA red-orange"},"content":{"rendered":"<p data-start=\"919\" data-end=\"1256\"><strong data-start=\"919\" data-end=\"984\">Women's clothing shirt NATASJA red-orange <\/strong>combines femininity, style and functionality. This knitted accessory from the collection <strong data-start=\"1059\" data-end=\"1069\">TATTJA<\/strong> gently hugs the waist area, providing comfortable warmth while accentuating the natural curves of the body. Its design makes it both an elegant and practical companion for colder days.<\/p>\n<p data-start=\"1258\" data-end=\"1565\">The shade of red-orange-salmon brings freshness, energy and optimism to the outfit. It feels warm, cheerful and feminine - adding charisma and a subtle dose of boldness to the overall look. This shade is perfect for women who are not afraid of colour, love modern design and want to liven up their wardrobe with a luxurious accent.<\/p>\n<p data-start=\"1567\" data-end=\"1964\">The fine ribbed structure of the knit naturally adapts to the figure, accentuating the waist and creating harmonious lines. Thanks to the premium quality of the material, the shrug remains soft, stretchy and durable even with frequent wear. You can wear it alone or combine it with a shirt, turtleneck or jacket. It creates the perfect contrast with neutral tones, but it also stands out just as beautifully in a bold colour combination.<\/p>\n<p data-start=\"1966\" data-end=\"2176\">Women's shirtdress NATASJA red-orange is synonymous with style, comfort and a distinctive expression. Every detail reflects the meticulous craftsmanship, feminine strength and aesthetic balance that are characteristic of the brand <strong data-start=\"2163\" data-end=\"2173\">TATTJA<\/strong>.<\/p>\n<p data-start=\"2178\" data-end=\"2283\">Discover the beauty of delicacy, sophisticated details and feminine style that will keep you warm and <a href=\"https:\/\/www.tattja.com\/en\/product-category\/damske-oblecenie\/doplnky-jednotlivo\/driekovniky\/\">in other colours<\/a>.<\/p>\n<p data-start=\"2285\" data-end=\"2415\"><strong data-start=\"2285\" data-end=\"2339\">See, <a href=\"https:\/\/shop.bogensberger.co.at\/produkt-schlagwort\/merino-extrafein\/\">from what materials<\/a> we produce our pieces<\/strong> and treat yourself to a combination of quality, refinement and unique design <strong data-start=\"2402\" data-end=\"2412\">TATTJA<\/strong>.<\/p>","protected":false},"excerpt":{"rendered":"<p data-start=\"692\" data-end=\"877\"><strong data-start=\"692\" data-end=\"757\">Women's clothing shirt NATASJA red-orange salmon<\/strong> is a stylish knitted accessory that combines elegance and comfort. It accentuates the waist, warms and adds energy and femininity to the outfit.<\/p>","protected":false},"featured_media":7080,"comment_status":"open","ping_status":"closed","template":"","meta":[],"product_brand":[],"product_cat":[300,298,174,280,169],"product_tag":[],"class_list":{"0":"post-1866","1":"product","2":"type-product","3":"status-publish","4":"has-post-thumbnail","6":"product_cat-damske-oblecenie","7":"product_cat-doplnky-jednotlivo","8":"product_cat-driekovnik-cervenooranzovy-lososovy","9":"product_cat-driekovniky","10":"product_cat-pleteninove-doplnky-cervenooranzove-lososove","12":"first","13":"instock","14":"taxable","15":"shipping-taxable","16":"purchasable","17":"product-type-simple"},"yoast_head":"<!-- This site is optimized with the Yoast SEO plugin v26.0 - https:\/\/yoast.com\/wordpress\/plugins\/seo\/ -->\n<title>D\u00e1mske oble\u010denie driekovn\u00edk NATASJA \u010derveno-oran\u017eov\u00fd - TATTJA<\/title>\n<meta name=\"description\" content=\"D\u00e1mske oble\u010denie driekovn\u00edk NATASJA \u010derveno-oran\u017eov\u00fd lososov\u00fd \u2013 modern\u00fd pleten\u00fd doplnok, ktor\u00fd zv\u00fdrazn\u00ed p\u00e1s, zahreje telo a dod\u00e1 outfitu svie\u017ei luxus.\" \/>\n<meta name=\"robots\" content=\"index, follow, max-snippet:-1, max-image-preview:large, max-video-preview:-1\" \/>\n<link rel=\"canonical\" href=\"https:\/\/www.tattja.com\/en\/product\/damske-oblecenie-driekovnik-natasja-cerveno-oranzovy\/\" \/>\n<meta property=\"og:locale\" content=\"en_GB\" \/>\n<meta property=\"og:type\" content=\"article\" \/>\n<meta property=\"og:title\" content=\"D\u00e1mske oble\u010denie driekovn\u00edk NATASJA \u010derveno-oran\u017eov\u00fd - TATTJA\" \/>\n<meta property=\"og:description\" content=\"D\u00e1mske oble\u010denie driekovn\u00edk NATASJA \u010derveno-oran\u017eov\u00fd lososov\u00fd \u2013 modern\u00fd pleten\u00fd doplnok, ktor\u00fd zv\u00fdrazn\u00ed p\u00e1s, zahreje telo a dod\u00e1 outfitu svie\u017ei luxus.\" \/>\n<meta property=\"og:url\" content=\"https:\/\/www.tattja.com\/en\/product\/damske-oblecenie-driekovnik-natasja-cerveno-oranzovy\/\" \/>\n<meta property=\"og:site_name\" content=\"TATTJA\" \/>\n<meta property=\"article:modified_time\" content=\"2026-04-05T17:45:06+00:00\" \/>\n<meta property=\"og:image\" content=\"https:\/\/www.tattja.com\/wp-content\/uploads\/2025\/12\/cerveno-oranzovy-lososovy-driekovnik-spredu-1.webp\" \/>\n\t<meta property=\"og:image:width\" content=\"1365\" \/>\n\t<meta property=\"og:image:height\" content=\"2048\" \/>\n\t<meta property=\"og:image:type\" content=\"image\/webp\" \/>\n<meta name=\"twitter:card\" content=\"summary_large_image\" \/>\n<meta name=\"twitter:label1\" content=\"Estimated reading time\" \/>\n\t<meta name=\"twitter:data1\" content=\"2 minutes\" \/>\n<script type=\"application\/ld+json\" class=\"yoast-schema-graph\">{\"@context\":\"https:\/\/schema.org\",\"@graph\":[{\"@type\":\"WebPage\",\"@id\":\"https:\/\/www.tattja.com\/product\/damske-oblecenie-driekovnik-natasja-cerveno-oranzovy\/\",\"url\":\"https:\/\/www.tattja.com\/product\/damske-oblecenie-driekovnik-natasja-cerveno-oranzovy\/\",\"name\":\"D\u00e1mske oble\u010denie driekovn\u00edk NATASJA \u010derveno-oran\u017eov\u00fd - TATTJA\",\"isPartOf\":{\"@id\":\"https:\/\/www.tattja.com\/#website\"},\"primaryImageOfPage\":{\"@id\":\"https:\/\/www.tattja.com\/product\/damske-oblecenie-driekovnik-natasja-cerveno-oranzovy\/#primaryimage\"},\"image\":{\"@id\":\"https:\/\/www.tattja.com\/product\/damske-oblecenie-driekovnik-natasja-cerveno-oranzovy\/#primaryimage\"},\"thumbnailUrl\":\"https:\/\/www.tattja.com\/wp-content\/uploads\/2025\/12\/cerveno-oranzovy-lososovy-driekovnik-spredu-1.webp\",\"datePublished\":\"2025-08-08T05:25:30+00:00\",\"dateModified\":\"2026-04-05T17:45:06+00:00\",\"description\":\"D\u00e1mske oble\u010denie driekovn\u00edk NATASJA \u010derveno-oran\u017eov\u00fd lososov\u00fd \u2013 modern\u00fd pleten\u00fd doplnok, ktor\u00fd zv\u00fdrazn\u00ed p\u00e1s, zahreje telo a dod\u00e1 outfitu svie\u017ei luxus.\",\"breadcrumb\":{\"@id\":\"https:\/\/www.tattja.com\/product\/damske-oblecenie-driekovnik-natasja-cerveno-oranzovy\/#breadcrumb\"},\"inLanguage\":\"en-GB\",\"potentialAction\":[{\"@type\":\"ReadAction\",\"target\":[\"https:\/\/www.tattja.com\/product\/damske-oblecenie-driekovnik-natasja-cerveno-oranzovy\/\"]}]},{\"@type\":\"ImageObject\",\"inLanguage\":\"en-GB\",\"@id\":\"https:\/\/www.tattja.com\/product\/damske-oblecenie-driekovnik-natasja-cerveno-oranzovy\/#primaryimage\",\"url\":\"https:\/\/www.tattja.com\/wp-content\/uploads\/2025\/12\/cerveno-oranzovy-lososovy-driekovnik-spredu-1.webp\",\"contentUrl\":\"https:\/\/www.tattja.com\/wp-content\/uploads\/2025\/12\/cerveno-oranzovy-lososovy-driekovnik-spredu-1.webp\",\"width\":1365,\"height\":2048,\"caption\":\"Driekovn\u00edk NATASJA v \u010derveno-oran\u017eovo-lososovej farbe \u2013 predn\u00fd poh\u013ead\"},{\"@type\":\"BreadcrumbList\",\"@id\":\"https:\/\/www.tattja.com\/product\/damske-oblecenie-driekovnik-natasja-cerveno-oranzovy\/#breadcrumb\",\"itemListElement\":[{\"@type\":\"ListItem\",\"position\":1,\"name\":\"Domov\",\"item\":\"https:\/\/www.tattja.com\/\"},{\"@type\":\"ListItem\",\"position\":2,\"name\":\"Produkty\",\"item\":\"https:\/\/www.tattja.com\/damske-oblecenie-produkty\/\"},{\"@type\":\"ListItem\",\"position\":3,\"name\":\"D\u00e1mske oble\u010denie driekovn\u00edk NATASJA \u010derveno-oran\u017eov\u00fd\"}]},{\"@type\":\"WebSite\",\"@id\":\"https:\/\/www.tattja.com\/#website\",\"url\":\"https:\/\/www.tattja.com\/\",\"name\":\"TATTJA\",\"description\":\"D\u00e1mske oble\u010denie z extra jemnej merino vlny \u2014 ru\u010dne pleten\u00e9 na Slovensku\",\"potentialAction\":[{\"@type\":\"SearchAction\",\"target\":{\"@type\":\"EntryPoint\",\"urlTemplate\":\"https:\/\/www.tattja.com\/?s={search_term_string}\"},\"query-input\":{\"@type\":\"PropertyValueSpecification\",\"valueRequired\":true,\"valueName\":\"search_term_string\"}}],\"inLanguage\":\"en-GB\"}]}<\/script>\n<!-- \/ Yoast SEO plugin. -->","yoast_head_json":{"title":"D\u00e1mske oble\u010denie driekovn\u00edk NATASJA \u010derveno-oran\u017eov\u00fd - TATTJA","description":"D\u00e1mske oble\u010denie driekovn\u00edk NATASJA \u010derveno-oran\u017eov\u00fd lososov\u00fd \u2013 modern\u00fd pleten\u00fd doplnok, ktor\u00fd zv\u00fdrazn\u00ed p\u00e1s, zahreje telo a dod\u00e1 outfitu svie\u017ei luxus.","robots":{"index":"index","follow":"follow","max-snippet":"max-snippet:-1","max-image-preview":"max-image-preview:large","max-video-preview":"max-video-preview:-1"},"canonical":"https:\/\/www.tattja.com\/en\/product\/damske-oblecenie-driekovnik-natasja-cerveno-oranzovy\/","og_locale":"en_GB","og_type":"article","og_title":"D\u00e1mske oble\u010denie driekovn\u00edk NATASJA \u010derveno-oran\u017eov\u00fd - TATTJA","og_description":"D\u00e1mske oble\u010denie driekovn\u00edk NATASJA \u010derveno-oran\u017eov\u00fd lososov\u00fd \u2013 modern\u00fd pleten\u00fd doplnok, ktor\u00fd zv\u00fdrazn\u00ed p\u00e1s, zahreje telo a dod\u00e1 outfitu svie\u017ei luxus.","og_url":"https:\/\/www.tattja.com\/en\/product\/damske-oblecenie-driekovnik-natasja-cerveno-oranzovy\/","og_site_name":"TATTJA","article_modified_time":"2026-04-05T17:45:06+00:00","og_image":[{"width":1365,"height":2048,"url":"https:\/\/www.tattja.com\/wp-content\/uploads\/2025\/12\/cerveno-oranzovy-lososovy-driekovnik-spredu-1.webp","type":"image\/webp"}],"twitter_card":"summary_large_image","twitter_misc":{"Estimated reading time":"2 minutes"},"schema":{"@context":"https:\/\/schema.org","@graph":[{"@type":"WebPage","@id":"https:\/\/www.tattja.com\/product\/damske-oblecenie-driekovnik-natasja-cerveno-oranzovy\/","url":"https:\/\/www.tattja.com\/product\/damske-oblecenie-driekovnik-natasja-cerveno-oranzovy\/","name":"D\u00e1mske oble\u010denie driekovn\u00edk NATASJA \u010derveno-oran\u017eov\u00fd - TATTJA","isPartOf":{"@id":"https:\/\/www.tattja.com\/#website"},"primaryImageOfPage":{"@id":"https:\/\/www.tattja.com\/product\/damske-oblecenie-driekovnik-natasja-cerveno-oranzovy\/#primaryimage"},"image":{"@id":"https:\/\/www.tattja.com\/product\/damske-oblecenie-driekovnik-natasja-cerveno-oranzovy\/#primaryimage"},"thumbnailUrl":"https:\/\/www.tattja.com\/wp-content\/uploads\/2025\/12\/cerveno-oranzovy-lososovy-driekovnik-spredu-1.webp","datePublished":"2025-08-08T05:25:30+00:00","dateModified":"2026-04-05T17:45:06+00:00","description":"D\u00e1mske oble\u010denie driekovn\u00edk NATASJA \u010derveno-oran\u017eov\u00fd lososov\u00fd \u2013 modern\u00fd pleten\u00fd doplnok, ktor\u00fd zv\u00fdrazn\u00ed p\u00e1s, zahreje telo a dod\u00e1 outfitu svie\u017ei luxus.","breadcrumb":{"@id":"https:\/\/www.tattja.com\/product\/damske-oblecenie-driekovnik-natasja-cerveno-oranzovy\/#breadcrumb"},"inLanguage":"en-GB","potentialAction":[{"@type":"ReadAction","target":["https:\/\/www.tattja.com\/product\/damske-oblecenie-driekovnik-natasja-cerveno-oranzovy\/"]}]},{"@type":"ImageObject","inLanguage":"en-GB","@id":"https:\/\/www.tattja.com\/product\/damske-oblecenie-driekovnik-natasja-cerveno-oranzovy\/#primaryimage","url":"https:\/\/www.tattja.com\/wp-content\/uploads\/2025\/12\/cerveno-oranzovy-lososovy-driekovnik-spredu-1.webp","contentUrl":"https:\/\/www.tattja.com\/wp-content\/uploads\/2025\/12\/cerveno-oranzovy-lososovy-driekovnik-spredu-1.webp","width":1365,"height":2048,"caption":"Driekovn\u00edk NATASJA v \u010derveno-oran\u017eovo-lososovej farbe \u2013 predn\u00fd poh\u013ead"},{"@type":"BreadcrumbList","@id":"https:\/\/www.tattja.com\/product\/damske-oblecenie-driekovnik-natasja-cerveno-oranzovy\/#breadcrumb","itemListElement":[{"@type":"ListItem","position":1,"name":"Domov","item":"https:\/\/www.tattja.com\/"},{"@type":"ListItem","position":2,"name":"Produkty","item":"https:\/\/www.tattja.com\/damske-oblecenie-produkty\/"},{"@type":"ListItem","position":3,"name":"D\u00e1mske oble\u010denie driekovn\u00edk NATASJA \u010derveno-oran\u017eov\u00fd"}]},{"@type":"WebSite","@id":"https:\/\/www.tattja.com\/#website","url":"https:\/\/www.tattja.com\/","name":"TATTJA","description":"D\u00e1mske oble\u010denie z extra jemnej merino vlny \u2014 ru\u010dne pleten\u00e9 na Slovensku","potentialAction":[{"@type":"SearchAction","target":{"@type":"EntryPoint","urlTemplate":"https:\/\/www.tattja.com\/?s={search_term_string}"},"query-input":{"@type":"PropertyValueSpecification","valueRequired":true,"valueName":"search_term_string"}}],"inLanguage":"en-GB"}]}},"_links":{"self":[{"href":"https:\/\/www.tattja.com\/en\/wp-json\/wp\/v2\/product\/1866","targetHints":{"allow":["GET"]}}],"collection":[{"href":"https:\/\/www.tattja.com\/en\/wp-json\/wp\/v2\/product"}],"about":[{"href":"https:\/\/www.tattja.com\/en\/wp-json\/wp\/v2\/types\/product"}],"replies":[{"embeddable":true,"href":"https:\/\/www.tattja.com\/en\/wp-json\/wp\/v2\/comments?post=1866"}],"version-history":[{"count":6,"href":"https:\/\/www.tattja.com\/en\/wp-json\/wp\/v2\/product\/1866\/revisions"}],"predecessor-version":[{"id":5869,"href":"https:\/\/www.tattja.com\/en\/wp-json\/wp\/v2\/product\/1866\/revisions\/5869"}],"wp:featuredmedia":[{"embeddable":true,"href":"https:\/\/www.tattja.com\/en\/wp-json\/wp\/v2\/media\/7080"}],"wp:attachment":[{"href":"https:\/\/www.tattja.com\/en\/wp-json\/wp\/v2\/media?parent=1866"}],"wp:term":[{"taxonomy":"product_brand","embeddable":true,"href":"https:\/\/www.tattja.com\/en\/wp-json\/wp\/v2\/product_brand?post=1866"},{"taxonomy":"product_cat","embeddable":true,"href":"https:\/\/www.tattja.com\/en\/wp-json\/wp\/v2\/product_cat?post=1866"},{"taxonomy":"product_tag","embeddable":true,"href":"https:\/\/www.tattja.com\/en\/wp-json\/wp\/v2\/product_tag?post=1866"}],"curies":[{"name":"wp","href":"https:\/\/api.w.org\/{rel}","templated":true}]}}