{"id":1868,"date":"2025-08-08T07:27:35","date_gmt":"2025-08-08T05:27:35","guid":{"rendered":"https:\/\/www.tattja.com\/?post_type=product&#038;p=1868"},"modified":"2026-04-05T19:45:06","modified_gmt":"2026-04-05T17:45:06","slug":"damske-oblecenie-nakrcnik-tanja-cerveno-oranzovy-lososovy","status":"publish","type":"product","link":"https:\/\/www.tattja.com\/en\/product\/damske-oblecenie-nakrcnik-tanja-cerveno-oranzovy-lososovy\/","title":{"rendered":"Women's clothing neck warmer TANJA red-orange salmon"},"content":{"rendered":"<p data-start=\"896\" data-end=\"1146\"><strong data-start=\"896\" data-end=\"957\">Women's clothing neck warmer TANJA red-orange salmon<\/strong> is the epitome of courage, femininity and luxurious comfort. This knitted accessory from the collection <strong data-start=\"1046\" data-end=\"1056\">TATTJA<\/strong> is designed for women who love colours with character and want to stand out without overdoing it.<\/p>\n<p data-start=\"1148\" data-end=\"1438\">The red-orange-salmon shade carries the warmth of the setting sun, the energy of life and a touch of gentle romance. Its rich colour refreshes an outfit and gives it a radiant yet elegant tone. This neckpiece is suitable for the modern woman who combines natural elegance with playfulness and confidence.<\/p>\n<p data-start=\"1440\" data-end=\"1761\">Soft ribbed knit hugs the shoulders and neck with softness and comfort. It brings cosy warmth, yet remains lightweight and breathable. Thanks to the precise workmanship, it looks perfectly clean and creates a smooth, harmonious fall of material. Every detail reflects the care and handmade quality that is typical of the TATTJA brand.<\/p>\n<p data-start=\"1763\" data-end=\"2000\">This red-orange salmon shade acts as a bold accent that accentuates facial features and adds an original touch to the outfit. It stands out in combination with neutral tones as well as dark colours - creating the perfect contrast and a modern look.<\/p>\n<p data-start=\"2002\" data-end=\"2184\">Women's clothing neck warmer TANJA red-orange salmon suits both elegant and casual outfits. Its versatile design makes it a timeless piece that you wear with confidence and comfort.<\/p>\n<p data-start=\"2186\" data-end=\"2291\">Discover the beauty of delicacy, sophisticated details and feminine style that will keep you warm and <a href=\"https:\/\/www.tattja.com\/en\/product-category\/damske-oblecenie\/doplnky-jednotlivo\/nakrcniky\/\">in other colours.<\/a><\/p>\n<p data-start=\"2293\" data-end=\"2422\"><strong data-start=\"2293\" data-end=\"2347\">See what materials we use to make our pieces<\/strong> and treat yourself to a unique feeling of luxury, comfort and craftsmanship.<\/p>","protected":false},"excerpt":{"rendered":"<p data-start=\"686\" data-end=\"854\"><strong data-start=\"686\" data-end=\"747\">Women's clothing neck warmer TANJA red-orange salmon<\/strong> brings energy, passion and refinement in a single accessory. The soft knit adds warmth and a radiant accent to the outfit.<\/p>","protected":false},"featured_media":7101,"comment_status":"open","ping_status":"closed","template":"","meta":[],"product_brand":[],"product_cat":[300,261,298,173,279,169],"product_tag":[],"class_list":{"0":"post-1868","1":"product","2":"type-product","3":"status-publish","4":"has-post-thumbnail","6":"product_cat-damske-oblecenie","7":"product_cat-jednotlive-doplnky-cervenooranzove-lososove","8":"product_cat-doplnky-jednotlivo","9":"product_cat-nakrcnik-cervenooranzovy-lososovy","10":"product_cat-nakrcniky","11":"product_cat-pleteninove-doplnky-cervenooranzove-lososove","13":"first","14":"instock","15":"taxable","16":"shipping-taxable","17":"purchasable","18":"product-type-simple"},"yoast_head":"<!-- This site is optimized with the Yoast SEO plugin v26.0 - https:\/\/yoast.com\/wordpress\/plugins\/seo\/ -->\n<title>D\u00e1mske oble\u010denie n\u00e1kr\u010dn\u00edk TANJA \u010derveno-oran\u017eov\u00fd lososov\u00fd - TATTJA<\/title>\n<meta name=\"description\" content=\"D\u00e1mske oble\u010denie n\u00e1kr\u010dn\u00edk TANJA \u010derveno-oran\u017eov\u00fd lososov\u00fd \u2013 v\u00fdrazn\u00fd pleten\u00fd doplnok TATTJA, ktor\u00fd sp\u00e1ja \u017eenskos\u0165, teplo a odv\u00e1\u017enu eleganciu.\" \/>\n<meta name=\"robots\" content=\"index, follow, max-snippet:-1, max-image-preview:large, max-video-preview:-1\" \/>\n<link rel=\"canonical\" href=\"https:\/\/www.tattja.com\/en\/product\/damske-oblecenie-nakrcnik-tanja-cerveno-oranzovy-lososovy\/\" \/>\n<meta property=\"og:locale\" content=\"en_GB\" \/>\n<meta property=\"og:type\" content=\"article\" \/>\n<meta property=\"og:title\" content=\"D\u00e1mske oble\u010denie n\u00e1kr\u010dn\u00edk TANJA \u010derveno-oran\u017eov\u00fd lososov\u00fd - TATTJA\" \/>\n<meta property=\"og:description\" content=\"D\u00e1mske oble\u010denie n\u00e1kr\u010dn\u00edk TANJA \u010derveno-oran\u017eov\u00fd lososov\u00fd \u2013 v\u00fdrazn\u00fd pleten\u00fd doplnok TATTJA, ktor\u00fd sp\u00e1ja \u017eenskos\u0165, teplo a odv\u00e1\u017enu eleganciu.\" \/>\n<meta property=\"og:url\" content=\"https:\/\/www.tattja.com\/en\/product\/damske-oblecenie-nakrcnik-tanja-cerveno-oranzovy-lososovy\/\" \/>\n<meta property=\"og:site_name\" content=\"TATTJA\" \/>\n<meta property=\"article:modified_time\" content=\"2026-04-05T17:45:06+00:00\" \/>\n<meta property=\"og:image\" content=\"https:\/\/www.tattja.com\/wp-content\/uploads\/2025\/12\/cerveno-oranzovy-lososovy-nakrcnik-spredu-34.webp\" \/>\n\t<meta property=\"og:image:width\" content=\"1365\" \/>\n\t<meta property=\"og:image:height\" content=\"2048\" \/>\n\t<meta property=\"og:image:type\" content=\"image\/webp\" \/>\n<meta name=\"twitter:card\" content=\"summary_large_image\" \/>\n<meta name=\"twitter:label1\" content=\"Estimated reading time\" \/>\n\t<meta name=\"twitter:data1\" content=\"2 minutes\" \/>\n<script type=\"application\/ld+json\" class=\"yoast-schema-graph\">{\"@context\":\"https:\/\/schema.org\",\"@graph\":[{\"@type\":\"WebPage\",\"@id\":\"https:\/\/www.tattja.com\/product\/damske-oblecenie-nakrcnik-tanja-cerveno-oranzovy-lososovy\/\",\"url\":\"https:\/\/www.tattja.com\/product\/damske-oblecenie-nakrcnik-tanja-cerveno-oranzovy-lososovy\/\",\"name\":\"D\u00e1mske oble\u010denie n\u00e1kr\u010dn\u00edk TANJA \u010derveno-oran\u017eov\u00fd lososov\u00fd - TATTJA\",\"isPartOf\":{\"@id\":\"https:\/\/www.tattja.com\/#website\"},\"primaryImageOfPage\":{\"@id\":\"https:\/\/www.tattja.com\/product\/damske-oblecenie-nakrcnik-tanja-cerveno-oranzovy-lososovy\/#primaryimage\"},\"image\":{\"@id\":\"https:\/\/www.tattja.com\/product\/damske-oblecenie-nakrcnik-tanja-cerveno-oranzovy-lososovy\/#primaryimage\"},\"thumbnailUrl\":\"https:\/\/www.tattja.com\/wp-content\/uploads\/2025\/12\/cerveno-oranzovy-lososovy-nakrcnik-spredu-34.webp\",\"datePublished\":\"2025-08-08T05:27:35+00:00\",\"dateModified\":\"2026-04-05T17:45:06+00:00\",\"description\":\"D\u00e1mske oble\u010denie n\u00e1kr\u010dn\u00edk TANJA \u010derveno-oran\u017eov\u00fd lososov\u00fd \u2013 v\u00fdrazn\u00fd pleten\u00fd doplnok TATTJA, ktor\u00fd sp\u00e1ja \u017eenskos\u0165, teplo a odv\u00e1\u017enu eleganciu.\",\"breadcrumb\":{\"@id\":\"https:\/\/www.tattja.com\/product\/damske-oblecenie-nakrcnik-tanja-cerveno-oranzovy-lososovy\/#breadcrumb\"},\"inLanguage\":\"en-GB\",\"potentialAction\":[{\"@type\":\"ReadAction\",\"target\":[\"https:\/\/www.tattja.com\/product\/damske-oblecenie-nakrcnik-tanja-cerveno-oranzovy-lososovy\/\"]}]},{\"@type\":\"ImageObject\",\"inLanguage\":\"en-GB\",\"@id\":\"https:\/\/www.tattja.com\/product\/damske-oblecenie-nakrcnik-tanja-cerveno-oranzovy-lososovy\/#primaryimage\",\"url\":\"https:\/\/www.tattja.com\/wp-content\/uploads\/2025\/12\/cerveno-oranzovy-lososovy-nakrcnik-spredu-34.webp\",\"contentUrl\":\"https:\/\/www.tattja.com\/wp-content\/uploads\/2025\/12\/cerveno-oranzovy-lososovy-nakrcnik-spredu-34.webp\",\"width\":1365,\"height\":2048,\"caption\":\"N\u00e1kr\u010dn\u00edk TANJA v \u010derveno-oran\u017eovo-lososovej farbe \u2013 predn\u00fd poh\u013ead\"},{\"@type\":\"BreadcrumbList\",\"@id\":\"https:\/\/www.tattja.com\/product\/damske-oblecenie-nakrcnik-tanja-cerveno-oranzovy-lososovy\/#breadcrumb\",\"itemListElement\":[{\"@type\":\"ListItem\",\"position\":1,\"name\":\"Domov\",\"item\":\"https:\/\/www.tattja.com\/\"},{\"@type\":\"ListItem\",\"position\":2,\"name\":\"Produkty\",\"item\":\"https:\/\/www.tattja.com\/damske-oblecenie-produkty\/\"},{\"@type\":\"ListItem\",\"position\":3,\"name\":\"D\u00e1mske oble\u010denie n\u00e1kr\u010dn\u00edk TANJA \u010derveno-oran\u017eov\u00fd lososov\u00fd\"}]},{\"@type\":\"WebSite\",\"@id\":\"https:\/\/www.tattja.com\/#website\",\"url\":\"https:\/\/www.tattja.com\/\",\"name\":\"TATTJA\",\"description\":\"D\u00e1mske oble\u010denie z extra jemnej merino vlny \u2014 ru\u010dne pleten\u00e9 na Slovensku\",\"potentialAction\":[{\"@type\":\"SearchAction\",\"target\":{\"@type\":\"EntryPoint\",\"urlTemplate\":\"https:\/\/www.tattja.com\/?s={search_term_string}\"},\"query-input\":{\"@type\":\"PropertyValueSpecification\",\"valueRequired\":true,\"valueName\":\"search_term_string\"}}],\"inLanguage\":\"en-GB\"}]}<\/script>\n<!-- \/ Yoast SEO plugin. -->","yoast_head_json":{"title":"D\u00e1mske oble\u010denie n\u00e1kr\u010dn\u00edk TANJA \u010derveno-oran\u017eov\u00fd lososov\u00fd - TATTJA","description":"D\u00e1mske oble\u010denie n\u00e1kr\u010dn\u00edk TANJA \u010derveno-oran\u017eov\u00fd lososov\u00fd \u2013 v\u00fdrazn\u00fd pleten\u00fd doplnok TATTJA, ktor\u00fd sp\u00e1ja \u017eenskos\u0165, teplo a odv\u00e1\u017enu eleganciu.","robots":{"index":"index","follow":"follow","max-snippet":"max-snippet:-1","max-image-preview":"max-image-preview:large","max-video-preview":"max-video-preview:-1"},"canonical":"https:\/\/www.tattja.com\/en\/product\/damske-oblecenie-nakrcnik-tanja-cerveno-oranzovy-lososovy\/","og_locale":"en_GB","og_type":"article","og_title":"D\u00e1mske oble\u010denie n\u00e1kr\u010dn\u00edk TANJA \u010derveno-oran\u017eov\u00fd lososov\u00fd - TATTJA","og_description":"D\u00e1mske oble\u010denie n\u00e1kr\u010dn\u00edk TANJA \u010derveno-oran\u017eov\u00fd lososov\u00fd \u2013 v\u00fdrazn\u00fd pleten\u00fd doplnok TATTJA, ktor\u00fd sp\u00e1ja \u017eenskos\u0165, teplo a odv\u00e1\u017enu eleganciu.","og_url":"https:\/\/www.tattja.com\/en\/product\/damske-oblecenie-nakrcnik-tanja-cerveno-oranzovy-lososovy\/","og_site_name":"TATTJA","article_modified_time":"2026-04-05T17:45:06+00:00","og_image":[{"width":1365,"height":2048,"url":"https:\/\/www.tattja.com\/wp-content\/uploads\/2025\/12\/cerveno-oranzovy-lososovy-nakrcnik-spredu-34.webp","type":"image\/webp"}],"twitter_card":"summary_large_image","twitter_misc":{"Estimated reading time":"2 minutes"},"schema":{"@context":"https:\/\/schema.org","@graph":[{"@type":"WebPage","@id":"https:\/\/www.tattja.com\/product\/damske-oblecenie-nakrcnik-tanja-cerveno-oranzovy-lososovy\/","url":"https:\/\/www.tattja.com\/product\/damske-oblecenie-nakrcnik-tanja-cerveno-oranzovy-lososovy\/","name":"D\u00e1mske oble\u010denie n\u00e1kr\u010dn\u00edk TANJA \u010derveno-oran\u017eov\u00fd lososov\u00fd - TATTJA","isPartOf":{"@id":"https:\/\/www.tattja.com\/#website"},"primaryImageOfPage":{"@id":"https:\/\/www.tattja.com\/product\/damske-oblecenie-nakrcnik-tanja-cerveno-oranzovy-lososovy\/#primaryimage"},"image":{"@id":"https:\/\/www.tattja.com\/product\/damske-oblecenie-nakrcnik-tanja-cerveno-oranzovy-lososovy\/#primaryimage"},"thumbnailUrl":"https:\/\/www.tattja.com\/wp-content\/uploads\/2025\/12\/cerveno-oranzovy-lososovy-nakrcnik-spredu-34.webp","datePublished":"2025-08-08T05:27:35+00:00","dateModified":"2026-04-05T17:45:06+00:00","description":"D\u00e1mske oble\u010denie n\u00e1kr\u010dn\u00edk TANJA \u010derveno-oran\u017eov\u00fd lososov\u00fd \u2013 v\u00fdrazn\u00fd pleten\u00fd doplnok TATTJA, ktor\u00fd sp\u00e1ja \u017eenskos\u0165, teplo a odv\u00e1\u017enu eleganciu.","breadcrumb":{"@id":"https:\/\/www.tattja.com\/product\/damske-oblecenie-nakrcnik-tanja-cerveno-oranzovy-lososovy\/#breadcrumb"},"inLanguage":"en-GB","potentialAction":[{"@type":"ReadAction","target":["https:\/\/www.tattja.com\/product\/damske-oblecenie-nakrcnik-tanja-cerveno-oranzovy-lososovy\/"]}]},{"@type":"ImageObject","inLanguage":"en-GB","@id":"https:\/\/www.tattja.com\/product\/damske-oblecenie-nakrcnik-tanja-cerveno-oranzovy-lososovy\/#primaryimage","url":"https:\/\/www.tattja.com\/wp-content\/uploads\/2025\/12\/cerveno-oranzovy-lososovy-nakrcnik-spredu-34.webp","contentUrl":"https:\/\/www.tattja.com\/wp-content\/uploads\/2025\/12\/cerveno-oranzovy-lososovy-nakrcnik-spredu-34.webp","width":1365,"height":2048,"caption":"N\u00e1kr\u010dn\u00edk TANJA v \u010derveno-oran\u017eovo-lososovej farbe \u2013 predn\u00fd poh\u013ead"},{"@type":"BreadcrumbList","@id":"https:\/\/www.tattja.com\/product\/damske-oblecenie-nakrcnik-tanja-cerveno-oranzovy-lososovy\/#breadcrumb","itemListElement":[{"@type":"ListItem","position":1,"name":"Domov","item":"https:\/\/www.tattja.com\/"},{"@type":"ListItem","position":2,"name":"Produkty","item":"https:\/\/www.tattja.com\/damske-oblecenie-produkty\/"},{"@type":"ListItem","position":3,"name":"D\u00e1mske oble\u010denie n\u00e1kr\u010dn\u00edk TANJA \u010derveno-oran\u017eov\u00fd lososov\u00fd"}]},{"@type":"WebSite","@id":"https:\/\/www.tattja.com\/#website","url":"https:\/\/www.tattja.com\/","name":"TATTJA","description":"D\u00e1mske oble\u010denie z extra jemnej merino vlny \u2014 ru\u010dne pleten\u00e9 na Slovensku","potentialAction":[{"@type":"SearchAction","target":{"@type":"EntryPoint","urlTemplate":"https:\/\/www.tattja.com\/?s={search_term_string}"},"query-input":{"@type":"PropertyValueSpecification","valueRequired":true,"valueName":"search_term_string"}}],"inLanguage":"en-GB"}]}},"_links":{"self":[{"href":"https:\/\/www.tattja.com\/en\/wp-json\/wp\/v2\/product\/1868","targetHints":{"allow":["GET"]}}],"collection":[{"href":"https:\/\/www.tattja.com\/en\/wp-json\/wp\/v2\/product"}],"about":[{"href":"https:\/\/www.tattja.com\/en\/wp-json\/wp\/v2\/types\/product"}],"replies":[{"embeddable":true,"href":"https:\/\/www.tattja.com\/en\/wp-json\/wp\/v2\/comments?post=1868"}],"version-history":[{"count":6,"href":"https:\/\/www.tattja.com\/en\/wp-json\/wp\/v2\/product\/1868\/revisions"}],"predecessor-version":[{"id":5840,"href":"https:\/\/www.tattja.com\/en\/wp-json\/wp\/v2\/product\/1868\/revisions\/5840"}],"wp:featuredmedia":[{"embeddable":true,"href":"https:\/\/www.tattja.com\/en\/wp-json\/wp\/v2\/media\/7101"}],"wp:attachment":[{"href":"https:\/\/www.tattja.com\/en\/wp-json\/wp\/v2\/media?parent=1868"}],"wp:term":[{"taxonomy":"product_brand","embeddable":true,"href":"https:\/\/www.tattja.com\/en\/wp-json\/wp\/v2\/product_brand?post=1868"},{"taxonomy":"product_cat","embeddable":true,"href":"https:\/\/www.tattja.com\/en\/wp-json\/wp\/v2\/product_cat?post=1868"},{"taxonomy":"product_tag","embeddable":true,"href":"https:\/\/www.tattja.com\/en\/wp-json\/wp\/v2\/product_tag?post=1868"}],"curies":[{"name":"wp","href":"https:\/\/api.w.org\/{rel}","templated":true}]}}