{"id":1870,"date":"2025-08-08T07:34:08","date_gmt":"2025-08-08T05:34:08","guid":{"rendered":"https:\/\/www.tattja.com\/?post_type=product&#038;p=1870"},"modified":"2026-04-05T19:45:05","modified_gmt":"2026-04-05T17:45:05","slug":"damske-oblecenie-dvojset-sighrith-cerveno-oranzovy","status":"publish","type":"product","link":"https:\/\/www.tattja.com\/en\/product\/damske-oblecenie-dvojset-sighrith-cerveno-oranzovy\/","title":{"rendered":"D\u00e1mske oble\u010denie 2-set SIGHRITH \u010derveno-oran\u017eov\u00fd"},"content":{"rendered":"<p data-start=\"887\" data-end=\"1239\"><strong data-start=\"887\" data-end=\"950\">Women's double set SIGHRITH red-orange salmon<\/strong> combines femininity, warmth and modern design. This double set is created for women who love colour, originality and detailed workmanship. The combination of the knitted shrug and cuffs creates a harmonious whole that warms, accentuates the figure and adds a radiant accent to any outfit.<\/p>\n<p data-start=\"1241\" data-end=\"1517\">The salmon-red shade looks fresh, confident and optimistic. It brings a colour to your wardrobe that underlines your personality and gives you energy even on colder days. This tone exudes feminine strength and sensuality, making the two-set the perfect choice for women who aren't afraid to stand out.<\/p>\n<p data-start=\"1519\" data-end=\"1855\">The collar elegantly wraps around the waist, providing a feeling of warmth and comfort. The sleeves, in turn, add softness and visual dynamism to the outfit, while elongating the silhouette of the arms. The knitted fabric is soft, pleasant to the touch and adapts to the figure without losing its shape. Every detail of the doublet reflects the brand's values <strong data-start=\"1802\" data-end=\"1812\">TATTJA<\/strong> - precision, quality and timeless beauty.<\/p>\n<p data-start=\"1857\" data-end=\"2108\">The SIGHRITH women's red-orange salmon double set is more than just an accessory. It's a combination of functionality and style that brings joy, warmth and sophistication. It perfectly complements both minimalist and bolder pieces and enhances the wearer's feminine character.<\/p>\n<p data-start=\"2110\" data-end=\"2336\">Discover the beauty of delicacy, sophisticated details and feminine style that will keep you warm and <a href=\"https:\/\/www.tattja.com\/en\/product-category\/damske-oblecenie\/dvojsety\/driekovnik-a-rukavniky\/\">in other colours.<\/a><br data-start=\"2213\" data-end=\"2216\" \/><strong data-start=\"2216\" data-end=\"2270\">See, <a href=\"https:\/\/shop.bogensberger.co.at\/produkt-schlagwort\/merino-extrafein\/\">from what materials<\/a> we produce our pieces<\/strong>, and treat yourself to a touch of luxury and comfort that brightens up every day.<\/p>","protected":false},"excerpt":{"rendered":"<p>The SIGHRITH women's red-orange salmon double set brings a fresh touch of energy and style. The combination of a shrug and cuffs creates a comfortable, feminine and timeless outfit for every day.<\/p>","protected":false},"featured_media":7086,"comment_status":"open","ping_status":"closed","template":"","meta":[],"product_brand":[],"product_cat":[289,300,293,172,169],"product_tag":[],"class_list":{"0":"post-1870","1":"product","2":"type-product","3":"status-publish","4":"has-post-thumbnail","6":"product_cat-dvojsety","7":"product_cat-damske-oblecenie","8":"product_cat-driekovnik-a-rukavniky","9":"product_cat-dvojsety-cervenooranzove-lososove","10":"product_cat-pleteninove-doplnky-cervenooranzove-lososove","12":"first","13":"instock","14":"taxable","15":"shipping-taxable","16":"purchasable","17":"product-type-simple"},"yoast_head":"<!-- This site is optimized with the Yoast SEO plugin v26.0 - https:\/\/yoast.com\/wordpress\/plugins\/seo\/ -->\n<title>D\u00e1mske oble\u010denie 2-set SIGHRITH \u010derveno-oran\u017eov\u00fd - TATTJA<\/title>\n<meta name=\"description\" content=\"D\u00e1mske oble\u010denie dvojset SIGHRITH \u010derveno-oran\u017eov\u00fd \u2013 \u017eiariv\u00fd, hrejiv\u00fd a \u017eensk\u00fd komplet, ktor\u00fd sp\u00e1ja pohodlie, \u0161t\u00fdl a eleganciu zna\u010dky TATTJA.\" \/>\n<meta name=\"robots\" content=\"index, follow, max-snippet:-1, max-image-preview:large, max-video-preview:-1\" \/>\n<link rel=\"canonical\" href=\"https:\/\/www.tattja.com\/en\/product\/damske-oblecenie-dvojset-sighrith-cerveno-oranzovy\/\" \/>\n<meta property=\"og:locale\" content=\"en_GB\" \/>\n<meta property=\"og:type\" content=\"article\" \/>\n<meta property=\"og:title\" content=\"D\u00e1mske oble\u010denie 2-set SIGHRITH \u010derveno-oran\u017eov\u00fd - TATTJA\" \/>\n<meta property=\"og:description\" content=\"D\u00e1mske oble\u010denie dvojset SIGHRITH \u010derveno-oran\u017eov\u00fd \u2013 \u017eiariv\u00fd, hrejiv\u00fd a \u017eensk\u00fd komplet, ktor\u00fd sp\u00e1ja pohodlie, \u0161t\u00fdl a eleganciu zna\u010dky TATTJA.\" \/>\n<meta property=\"og:url\" content=\"https:\/\/www.tattja.com\/en\/product\/damske-oblecenie-dvojset-sighrith-cerveno-oranzovy\/\" \/>\n<meta property=\"og:site_name\" content=\"TATTJA\" \/>\n<meta property=\"article:modified_time\" content=\"2026-04-05T17:45:05+00:00\" \/>\n<meta property=\"og:image\" content=\"https:\/\/www.tattja.com\/wp-content\/uploads\/2025\/12\/cerveno-oranzovy-lososovy-dvojset-driekovnik-rukavniky-spredu-16.webp\" \/>\n\t<meta property=\"og:image:width\" content=\"1365\" \/>\n\t<meta property=\"og:image:height\" content=\"2048\" \/>\n\t<meta property=\"og:image:type\" content=\"image\/webp\" \/>\n<meta name=\"twitter:card\" content=\"summary_large_image\" \/>\n<meta name=\"twitter:label1\" content=\"Estimated reading time\" \/>\n\t<meta name=\"twitter:data1\" content=\"2 minutes\" \/>\n<script type=\"application\/ld+json\" class=\"yoast-schema-graph\">{\"@context\":\"https:\/\/schema.org\",\"@graph\":[{\"@type\":\"WebPage\",\"@id\":\"https:\/\/www.tattja.com\/product\/damske-oblecenie-dvojset-sighrith-cerveno-oranzovy\/\",\"url\":\"https:\/\/www.tattja.com\/product\/damske-oblecenie-dvojset-sighrith-cerveno-oranzovy\/\",\"name\":\"D\u00e1mske oble\u010denie 2-set SIGHRITH \u010derveno-oran\u017eov\u00fd - TATTJA\",\"isPartOf\":{\"@id\":\"https:\/\/www.tattja.com\/#website\"},\"primaryImageOfPage\":{\"@id\":\"https:\/\/www.tattja.com\/product\/damske-oblecenie-dvojset-sighrith-cerveno-oranzovy\/#primaryimage\"},\"image\":{\"@id\":\"https:\/\/www.tattja.com\/product\/damske-oblecenie-dvojset-sighrith-cerveno-oranzovy\/#primaryimage\"},\"thumbnailUrl\":\"https:\/\/www.tattja.com\/wp-content\/uploads\/2025\/12\/cerveno-oranzovy-lososovy-dvojset-driekovnik-rukavniky-spredu-16.webp\",\"datePublished\":\"2025-08-08T05:34:08+00:00\",\"dateModified\":\"2026-04-05T17:45:05+00:00\",\"description\":\"D\u00e1mske oble\u010denie dvojset SIGHRITH \u010derveno-oran\u017eov\u00fd \u2013 \u017eiariv\u00fd, hrejiv\u00fd a \u017eensk\u00fd komplet, ktor\u00fd sp\u00e1ja pohodlie, \u0161t\u00fdl a eleganciu zna\u010dky TATTJA.\",\"breadcrumb\":{\"@id\":\"https:\/\/www.tattja.com\/product\/damske-oblecenie-dvojset-sighrith-cerveno-oranzovy\/#breadcrumb\"},\"inLanguage\":\"en-GB\",\"potentialAction\":[{\"@type\":\"ReadAction\",\"target\":[\"https:\/\/www.tattja.com\/product\/damske-oblecenie-dvojset-sighrith-cerveno-oranzovy\/\"]}]},{\"@type\":\"ImageObject\",\"inLanguage\":\"en-GB\",\"@id\":\"https:\/\/www.tattja.com\/product\/damske-oblecenie-dvojset-sighrith-cerveno-oranzovy\/#primaryimage\",\"url\":\"https:\/\/www.tattja.com\/wp-content\/uploads\/2025\/12\/cerveno-oranzovy-lososovy-dvojset-driekovnik-rukavniky-spredu-16.webp\",\"contentUrl\":\"https:\/\/www.tattja.com\/wp-content\/uploads\/2025\/12\/cerveno-oranzovy-lososovy-dvojset-driekovnik-rukavniky-spredu-16.webp\",\"width\":1365,\"height\":2048,\"caption\":\"Dvojset driekovn\u00edk + ruk\u00e1vniky v \u010derveno-oran\u017eovo-lososovej farbe \u2013 predn\u00fd poh\u013ead\"},{\"@type\":\"BreadcrumbList\",\"@id\":\"https:\/\/www.tattja.com\/product\/damske-oblecenie-dvojset-sighrith-cerveno-oranzovy\/#breadcrumb\",\"itemListElement\":[{\"@type\":\"ListItem\",\"position\":1,\"name\":\"Domov\",\"item\":\"https:\/\/www.tattja.com\/\"},{\"@type\":\"ListItem\",\"position\":2,\"name\":\"Produkty\",\"item\":\"https:\/\/www.tattja.com\/damske-oblecenie-produkty\/\"},{\"@type\":\"ListItem\",\"position\":3,\"name\":\"D\u00e1mske oble\u010denie 2-set SIGHRITH \u010derveno-oran\u017eov\u00fd\"}]},{\"@type\":\"WebSite\",\"@id\":\"https:\/\/www.tattja.com\/#website\",\"url\":\"https:\/\/www.tattja.com\/\",\"name\":\"TATTJA\",\"description\":\"D\u00e1mske oble\u010denie z extra jemnej merino vlny \u2014 ru\u010dne pleten\u00e9 na Slovensku\",\"potentialAction\":[{\"@type\":\"SearchAction\",\"target\":{\"@type\":\"EntryPoint\",\"urlTemplate\":\"https:\/\/www.tattja.com\/?s={search_term_string}\"},\"query-input\":{\"@type\":\"PropertyValueSpecification\",\"valueRequired\":true,\"valueName\":\"search_term_string\"}}],\"inLanguage\":\"en-GB\"}]}<\/script>\n<!-- \/ Yoast SEO plugin. -->","yoast_head_json":{"title":"D\u00e1mske oble\u010denie 2-set SIGHRITH \u010derveno-oran\u017eov\u00fd - TATTJA","description":"D\u00e1mske oble\u010denie dvojset SIGHRITH \u010derveno-oran\u017eov\u00fd \u2013 \u017eiariv\u00fd, hrejiv\u00fd a \u017eensk\u00fd komplet, ktor\u00fd sp\u00e1ja pohodlie, \u0161t\u00fdl a eleganciu zna\u010dky TATTJA.","robots":{"index":"index","follow":"follow","max-snippet":"max-snippet:-1","max-image-preview":"max-image-preview:large","max-video-preview":"max-video-preview:-1"},"canonical":"https:\/\/www.tattja.com\/en\/product\/damske-oblecenie-dvojset-sighrith-cerveno-oranzovy\/","og_locale":"en_GB","og_type":"article","og_title":"D\u00e1mske oble\u010denie 2-set SIGHRITH \u010derveno-oran\u017eov\u00fd - TATTJA","og_description":"D\u00e1mske oble\u010denie dvojset SIGHRITH \u010derveno-oran\u017eov\u00fd \u2013 \u017eiariv\u00fd, hrejiv\u00fd a \u017eensk\u00fd komplet, ktor\u00fd sp\u00e1ja pohodlie, \u0161t\u00fdl a eleganciu zna\u010dky TATTJA.","og_url":"https:\/\/www.tattja.com\/en\/product\/damske-oblecenie-dvojset-sighrith-cerveno-oranzovy\/","og_site_name":"TATTJA","article_modified_time":"2026-04-05T17:45:05+00:00","og_image":[{"width":1365,"height":2048,"url":"https:\/\/www.tattja.com\/wp-content\/uploads\/2025\/12\/cerveno-oranzovy-lososovy-dvojset-driekovnik-rukavniky-spredu-16.webp","type":"image\/webp"}],"twitter_card":"summary_large_image","twitter_misc":{"Estimated reading time":"2 minutes"},"schema":{"@context":"https:\/\/schema.org","@graph":[{"@type":"WebPage","@id":"https:\/\/www.tattja.com\/product\/damske-oblecenie-dvojset-sighrith-cerveno-oranzovy\/","url":"https:\/\/www.tattja.com\/product\/damske-oblecenie-dvojset-sighrith-cerveno-oranzovy\/","name":"D\u00e1mske oble\u010denie 2-set SIGHRITH \u010derveno-oran\u017eov\u00fd - TATTJA","isPartOf":{"@id":"https:\/\/www.tattja.com\/#website"},"primaryImageOfPage":{"@id":"https:\/\/www.tattja.com\/product\/damske-oblecenie-dvojset-sighrith-cerveno-oranzovy\/#primaryimage"},"image":{"@id":"https:\/\/www.tattja.com\/product\/damske-oblecenie-dvojset-sighrith-cerveno-oranzovy\/#primaryimage"},"thumbnailUrl":"https:\/\/www.tattja.com\/wp-content\/uploads\/2025\/12\/cerveno-oranzovy-lososovy-dvojset-driekovnik-rukavniky-spredu-16.webp","datePublished":"2025-08-08T05:34:08+00:00","dateModified":"2026-04-05T17:45:05+00:00","description":"D\u00e1mske oble\u010denie dvojset SIGHRITH \u010derveno-oran\u017eov\u00fd \u2013 \u017eiariv\u00fd, hrejiv\u00fd a \u017eensk\u00fd komplet, ktor\u00fd sp\u00e1ja pohodlie, \u0161t\u00fdl a eleganciu zna\u010dky TATTJA.","breadcrumb":{"@id":"https:\/\/www.tattja.com\/product\/damske-oblecenie-dvojset-sighrith-cerveno-oranzovy\/#breadcrumb"},"inLanguage":"en-GB","potentialAction":[{"@type":"ReadAction","target":["https:\/\/www.tattja.com\/product\/damske-oblecenie-dvojset-sighrith-cerveno-oranzovy\/"]}]},{"@type":"ImageObject","inLanguage":"en-GB","@id":"https:\/\/www.tattja.com\/product\/damske-oblecenie-dvojset-sighrith-cerveno-oranzovy\/#primaryimage","url":"https:\/\/www.tattja.com\/wp-content\/uploads\/2025\/12\/cerveno-oranzovy-lososovy-dvojset-driekovnik-rukavniky-spredu-16.webp","contentUrl":"https:\/\/www.tattja.com\/wp-content\/uploads\/2025\/12\/cerveno-oranzovy-lososovy-dvojset-driekovnik-rukavniky-spredu-16.webp","width":1365,"height":2048,"caption":"Dvojset driekovn\u00edk + ruk\u00e1vniky v \u010derveno-oran\u017eovo-lososovej farbe \u2013 predn\u00fd poh\u013ead"},{"@type":"BreadcrumbList","@id":"https:\/\/www.tattja.com\/product\/damske-oblecenie-dvojset-sighrith-cerveno-oranzovy\/#breadcrumb","itemListElement":[{"@type":"ListItem","position":1,"name":"Domov","item":"https:\/\/www.tattja.com\/"},{"@type":"ListItem","position":2,"name":"Produkty","item":"https:\/\/www.tattja.com\/damske-oblecenie-produkty\/"},{"@type":"ListItem","position":3,"name":"D\u00e1mske oble\u010denie 2-set SIGHRITH \u010derveno-oran\u017eov\u00fd"}]},{"@type":"WebSite","@id":"https:\/\/www.tattja.com\/#website","url":"https:\/\/www.tattja.com\/","name":"TATTJA","description":"D\u00e1mske oble\u010denie z extra jemnej merino vlny \u2014 ru\u010dne pleten\u00e9 na Slovensku","potentialAction":[{"@type":"SearchAction","target":{"@type":"EntryPoint","urlTemplate":"https:\/\/www.tattja.com\/?s={search_term_string}"},"query-input":{"@type":"PropertyValueSpecification","valueRequired":true,"valueName":"search_term_string"}}],"inLanguage":"en-GB"}]}},"_links":{"self":[{"href":"https:\/\/www.tattja.com\/en\/wp-json\/wp\/v2\/product\/1870","targetHints":{"allow":["GET"]}}],"collection":[{"href":"https:\/\/www.tattja.com\/en\/wp-json\/wp\/v2\/product"}],"about":[{"href":"https:\/\/www.tattja.com\/en\/wp-json\/wp\/v2\/types\/product"}],"replies":[{"embeddable":true,"href":"https:\/\/www.tattja.com\/en\/wp-json\/wp\/v2\/comments?post=1870"}],"version-history":[{"count":6,"href":"https:\/\/www.tattja.com\/en\/wp-json\/wp\/v2\/product\/1870\/revisions"}],"predecessor-version":[{"id":7261,"href":"https:\/\/www.tattja.com\/en\/wp-json\/wp\/v2\/product\/1870\/revisions\/7261"}],"wp:featuredmedia":[{"embeddable":true,"href":"https:\/\/www.tattja.com\/en\/wp-json\/wp\/v2\/media\/7086"}],"wp:attachment":[{"href":"https:\/\/www.tattja.com\/en\/wp-json\/wp\/v2\/media?parent=1870"}],"wp:term":[{"taxonomy":"product_brand","embeddable":true,"href":"https:\/\/www.tattja.com\/en\/wp-json\/wp\/v2\/product_brand?post=1870"},{"taxonomy":"product_cat","embeddable":true,"href":"https:\/\/www.tattja.com\/en\/wp-json\/wp\/v2\/product_cat?post=1870"},{"taxonomy":"product_tag","embeddable":true,"href":"https:\/\/www.tattja.com\/en\/wp-json\/wp\/v2\/product_tag?post=1870"}],"curies":[{"name":"wp","href":"https:\/\/api.w.org\/{rel}","templated":true}]}}