{"id":1872,"date":"2025-08-08T07:35:33","date_gmt":"2025-08-08T05:35:33","guid":{"rendered":"https:\/\/www.tattja.com\/?post_type=product&#038;p=1872"},"modified":"2026-04-05T19:45:03","modified_gmt":"2026-04-05T17:45:03","slug":"damske-oblecenie-dvojset-rigmor-cerveno-oranzovy","status":"publish","type":"product","link":"https:\/\/www.tattja.com\/en\/product\/damske-oblecenie-dvojset-rigmor-cerveno-oranzovy\/","title":{"rendered":"D\u00e1mske oble\u010denie 2-set RIGMOR \u010derveno-oran\u017eov\u00fd"},"content":{"rendered":"<p data-start=\"873\" data-end=\"1233\"><strong data-start=\"873\" data-end=\"934\">Women's clothing double set RIGMOR red-orange salmon<\/strong> is a unique piece that combines passion, elegance and comfort. This double set with neck and sleeves creates a harmonious combination of luxurious design and functionality. The soft ribbed knit provides cosy warmth, while the feminine cut accentuates the silhouette and adds a unique character to the outfit.<\/p>\n<p data-start=\"1235\" data-end=\"1509\">The red-orange-salmon colour carries the energy of a sunset - bold, warming and radiant. It symbolises confidence and passion, with subtle tonal transitions creating an impression of natural feminine strength. This shade will brighten up any wardrobe and add a touch of joy and originality.<\/p>\n<p data-start=\"1511\" data-end=\"1892\">The neckband wraps around the shoulders and neck, providing warmth and aesthetic accents, while the sleeves create long, sleek lines. Together, they act as a sophisticated unit that complements both minimalist and bolder outfits. Every detail of the RIGMOR red-orange salmon double set reflects the precision workmanship, quality craftsmanship and sense of femininity that is typical of the TATTJA brand.<\/p>\n<p data-start=\"1894\" data-end=\"2144\">Women's double set RIGMOR red-orange in this bold tone becomes an iconic piece - not only a warming accessory, but also an expression of personality and taste. It fits perfectly with other pieces from the TATTJA collection, such as the shrug or the cap, to create a harmonious four-piece set for perfect style.<\/p>\n<p data-start=\"2146\" data-end=\"2379\">Discover the beauty of delicacy, sophisticated details and feminine style that will keep you warm and <a href=\"https:\/\/www.tattja.com\/en\/product-category\/damske-oblecenie\/dvojsety\/nakrcnik-a-rukavniky\/\">in other colours.<\/a><br data-start=\"2249\" data-end=\"2252\" \/><strong data-start=\"2252\" data-end=\"2306\">See, <a href=\"https:\/\/shop.bogensberger.co.at\/produkt-schlagwort\/merino-extrafein\/\">from what materials<\/a> we produce our pieces<\/strong>, and treat yourself to a touch of quality that combines luxury, comfort and originality.<\/p>","protected":false},"excerpt":{"rendered":"<p>The RIGMOR red-orange salmon women's double set combines the passion of colour with feminine elegance. The warm neck and cuffs add energy, style and sophistication to the outfit. Ideal for women who love originality and bold tones.<\/p>","protected":false},"featured_media":7095,"comment_status":"open","ping_status":"closed","template":"","meta":[],"product_brand":[],"product_cat":[289,300,172,292,169],"product_tag":[],"class_list":{"0":"post-1872","1":"product","2":"type-product","3":"status-publish","4":"has-post-thumbnail","6":"product_cat-dvojsety","7":"product_cat-damske-oblecenie","8":"product_cat-dvojsety-cervenooranzove-lososove","9":"product_cat-nakrcnik-a-rukavniky","10":"product_cat-pleteninove-doplnky-cervenooranzove-lososove","12":"first","13":"instock","14":"taxable","15":"shipping-taxable","16":"purchasable","17":"product-type-simple"},"yoast_head":"<!-- This site is optimized with the Yoast SEO plugin v26.0 - https:\/\/yoast.com\/wordpress\/plugins\/seo\/ -->\n<title>D\u00e1mske oble\u010denie 2-set RIGMOR \u010derveno-oran\u017eov\u00fd - TATTJA<\/title>\n<meta name=\"description\" content=\"D\u00e1mske oble\u010denie dvojset RIGMOR \u010derveno-oran\u017eov\u00fd \u2013 \u017eiariv\u00fd luxus a \u017eensk\u00fd \u0161arm v jednom. N\u00e1kr\u010dn\u00edk a ruk\u00e1vniky, ktor\u00e9 sp\u00e1jaj\u00fa \u0161t\u00fdl, teplo a eleganciu.\" \/>\n<meta name=\"robots\" content=\"index, follow, max-snippet:-1, max-image-preview:large, max-video-preview:-1\" \/>\n<link rel=\"canonical\" href=\"https:\/\/www.tattja.com\/en\/product\/damske-oblecenie-dvojset-rigmor-cerveno-oranzovy\/\" \/>\n<meta property=\"og:locale\" content=\"en_GB\" \/>\n<meta property=\"og:type\" content=\"article\" \/>\n<meta property=\"og:title\" content=\"D\u00e1mske oble\u010denie 2-set RIGMOR \u010derveno-oran\u017eov\u00fd - TATTJA\" \/>\n<meta property=\"og:description\" content=\"D\u00e1mske oble\u010denie dvojset RIGMOR \u010derveno-oran\u017eov\u00fd \u2013 \u017eiariv\u00fd luxus a \u017eensk\u00fd \u0161arm v jednom. N\u00e1kr\u010dn\u00edk a ruk\u00e1vniky, ktor\u00e9 sp\u00e1jaj\u00fa \u0161t\u00fdl, teplo a eleganciu.\" \/>\n<meta property=\"og:url\" content=\"https:\/\/www.tattja.com\/en\/product\/damske-oblecenie-dvojset-rigmor-cerveno-oranzovy\/\" \/>\n<meta property=\"og:site_name\" content=\"TATTJA\" \/>\n<meta property=\"article:modified_time\" content=\"2026-04-05T17:45:03+00:00\" \/>\n<meta property=\"og:image\" content=\"https:\/\/www.tattja.com\/wp-content\/uploads\/2025\/12\/cerveno-oranzovy-lososovy-dvojset-nakrcnik-rukavniky-spredu-28.webp\" \/>\n\t<meta property=\"og:image:width\" content=\"1365\" \/>\n\t<meta property=\"og:image:height\" content=\"2048\" \/>\n\t<meta property=\"og:image:type\" content=\"image\/webp\" \/>\n<meta name=\"twitter:card\" content=\"summary_large_image\" \/>\n<meta name=\"twitter:label1\" content=\"Estimated reading time\" \/>\n\t<meta name=\"twitter:data1\" content=\"2 minutes\" \/>\n<script type=\"application\/ld+json\" class=\"yoast-schema-graph\">{\"@context\":\"https:\/\/schema.org\",\"@graph\":[{\"@type\":\"WebPage\",\"@id\":\"https:\/\/www.tattja.com\/product\/damske-oblecenie-dvojset-rigmor-cerveno-oranzovy\/\",\"url\":\"https:\/\/www.tattja.com\/product\/damske-oblecenie-dvojset-rigmor-cerveno-oranzovy\/\",\"name\":\"D\u00e1mske oble\u010denie 2-set RIGMOR \u010derveno-oran\u017eov\u00fd - TATTJA\",\"isPartOf\":{\"@id\":\"https:\/\/www.tattja.com\/#website\"},\"primaryImageOfPage\":{\"@id\":\"https:\/\/www.tattja.com\/product\/damske-oblecenie-dvojset-rigmor-cerveno-oranzovy\/#primaryimage\"},\"image\":{\"@id\":\"https:\/\/www.tattja.com\/product\/damske-oblecenie-dvojset-rigmor-cerveno-oranzovy\/#primaryimage\"},\"thumbnailUrl\":\"https:\/\/www.tattja.com\/wp-content\/uploads\/2025\/12\/cerveno-oranzovy-lososovy-dvojset-nakrcnik-rukavniky-spredu-28.webp\",\"datePublished\":\"2025-08-08T05:35:33+00:00\",\"dateModified\":\"2026-04-05T17:45:03+00:00\",\"description\":\"D\u00e1mske oble\u010denie dvojset RIGMOR \u010derveno-oran\u017eov\u00fd \u2013 \u017eiariv\u00fd luxus a \u017eensk\u00fd \u0161arm v jednom. N\u00e1kr\u010dn\u00edk a ruk\u00e1vniky, ktor\u00e9 sp\u00e1jaj\u00fa \u0161t\u00fdl, teplo a eleganciu.\",\"breadcrumb\":{\"@id\":\"https:\/\/www.tattja.com\/product\/damske-oblecenie-dvojset-rigmor-cerveno-oranzovy\/#breadcrumb\"},\"inLanguage\":\"en-GB\",\"potentialAction\":[{\"@type\":\"ReadAction\",\"target\":[\"https:\/\/www.tattja.com\/product\/damske-oblecenie-dvojset-rigmor-cerveno-oranzovy\/\"]}]},{\"@type\":\"ImageObject\",\"inLanguage\":\"en-GB\",\"@id\":\"https:\/\/www.tattja.com\/product\/damske-oblecenie-dvojset-rigmor-cerveno-oranzovy\/#primaryimage\",\"url\":\"https:\/\/www.tattja.com\/wp-content\/uploads\/2025\/12\/cerveno-oranzovy-lososovy-dvojset-nakrcnik-rukavniky-spredu-28.webp\",\"contentUrl\":\"https:\/\/www.tattja.com\/wp-content\/uploads\/2025\/12\/cerveno-oranzovy-lososovy-dvojset-nakrcnik-rukavniky-spredu-28.webp\",\"width\":1365,\"height\":2048,\"caption\":\"Dvojset n\u00e1kr\u010dn\u00edk + ruk\u00e1vniky v \u010derveno-oran\u017eovo-lososovej farbe \u2013 predn\u00fd poh\u013ead\"},{\"@type\":\"BreadcrumbList\",\"@id\":\"https:\/\/www.tattja.com\/product\/damske-oblecenie-dvojset-rigmor-cerveno-oranzovy\/#breadcrumb\",\"itemListElement\":[{\"@type\":\"ListItem\",\"position\":1,\"name\":\"Domov\",\"item\":\"https:\/\/www.tattja.com\/\"},{\"@type\":\"ListItem\",\"position\":2,\"name\":\"Produkty\",\"item\":\"https:\/\/www.tattja.com\/damske-oblecenie-produkty\/\"},{\"@type\":\"ListItem\",\"position\":3,\"name\":\"D\u00e1mske oble\u010denie 2-set RIGMOR \u010derveno-oran\u017eov\u00fd\"}]},{\"@type\":\"WebSite\",\"@id\":\"https:\/\/www.tattja.com\/#website\",\"url\":\"https:\/\/www.tattja.com\/\",\"name\":\"TATTJA\",\"description\":\"D\u00e1mske oble\u010denie z extra jemnej merino vlny \u2014 ru\u010dne pleten\u00e9 na Slovensku\",\"potentialAction\":[{\"@type\":\"SearchAction\",\"target\":{\"@type\":\"EntryPoint\",\"urlTemplate\":\"https:\/\/www.tattja.com\/?s={search_term_string}\"},\"query-input\":{\"@type\":\"PropertyValueSpecification\",\"valueRequired\":true,\"valueName\":\"search_term_string\"}}],\"inLanguage\":\"en-GB\"}]}<\/script>\n<!-- \/ Yoast SEO plugin. -->","yoast_head_json":{"title":"D\u00e1mske oble\u010denie 2-set RIGMOR \u010derveno-oran\u017eov\u00fd - TATTJA","description":"D\u00e1mske oble\u010denie dvojset RIGMOR \u010derveno-oran\u017eov\u00fd \u2013 \u017eiariv\u00fd luxus a \u017eensk\u00fd \u0161arm v jednom. N\u00e1kr\u010dn\u00edk a ruk\u00e1vniky, ktor\u00e9 sp\u00e1jaj\u00fa \u0161t\u00fdl, teplo a eleganciu.","robots":{"index":"index","follow":"follow","max-snippet":"max-snippet:-1","max-image-preview":"max-image-preview:large","max-video-preview":"max-video-preview:-1"},"canonical":"https:\/\/www.tattja.com\/en\/product\/damske-oblecenie-dvojset-rigmor-cerveno-oranzovy\/","og_locale":"en_GB","og_type":"article","og_title":"D\u00e1mske oble\u010denie 2-set RIGMOR \u010derveno-oran\u017eov\u00fd - TATTJA","og_description":"D\u00e1mske oble\u010denie dvojset RIGMOR \u010derveno-oran\u017eov\u00fd \u2013 \u017eiariv\u00fd luxus a \u017eensk\u00fd \u0161arm v jednom. N\u00e1kr\u010dn\u00edk a ruk\u00e1vniky, ktor\u00e9 sp\u00e1jaj\u00fa \u0161t\u00fdl, teplo a eleganciu.","og_url":"https:\/\/www.tattja.com\/en\/product\/damske-oblecenie-dvojset-rigmor-cerveno-oranzovy\/","og_site_name":"TATTJA","article_modified_time":"2026-04-05T17:45:03+00:00","og_image":[{"width":1365,"height":2048,"url":"https:\/\/www.tattja.com\/wp-content\/uploads\/2025\/12\/cerveno-oranzovy-lososovy-dvojset-nakrcnik-rukavniky-spredu-28.webp","type":"image\/webp"}],"twitter_card":"summary_large_image","twitter_misc":{"Estimated reading time":"2 minutes"},"schema":{"@context":"https:\/\/schema.org","@graph":[{"@type":"WebPage","@id":"https:\/\/www.tattja.com\/product\/damske-oblecenie-dvojset-rigmor-cerveno-oranzovy\/","url":"https:\/\/www.tattja.com\/product\/damske-oblecenie-dvojset-rigmor-cerveno-oranzovy\/","name":"D\u00e1mske oble\u010denie 2-set RIGMOR \u010derveno-oran\u017eov\u00fd - TATTJA","isPartOf":{"@id":"https:\/\/www.tattja.com\/#website"},"primaryImageOfPage":{"@id":"https:\/\/www.tattja.com\/product\/damske-oblecenie-dvojset-rigmor-cerveno-oranzovy\/#primaryimage"},"image":{"@id":"https:\/\/www.tattja.com\/product\/damske-oblecenie-dvojset-rigmor-cerveno-oranzovy\/#primaryimage"},"thumbnailUrl":"https:\/\/www.tattja.com\/wp-content\/uploads\/2025\/12\/cerveno-oranzovy-lososovy-dvojset-nakrcnik-rukavniky-spredu-28.webp","datePublished":"2025-08-08T05:35:33+00:00","dateModified":"2026-04-05T17:45:03+00:00","description":"D\u00e1mske oble\u010denie dvojset RIGMOR \u010derveno-oran\u017eov\u00fd \u2013 \u017eiariv\u00fd luxus a \u017eensk\u00fd \u0161arm v jednom. N\u00e1kr\u010dn\u00edk a ruk\u00e1vniky, ktor\u00e9 sp\u00e1jaj\u00fa \u0161t\u00fdl, teplo a eleganciu.","breadcrumb":{"@id":"https:\/\/www.tattja.com\/product\/damske-oblecenie-dvojset-rigmor-cerveno-oranzovy\/#breadcrumb"},"inLanguage":"en-GB","potentialAction":[{"@type":"ReadAction","target":["https:\/\/www.tattja.com\/product\/damske-oblecenie-dvojset-rigmor-cerveno-oranzovy\/"]}]},{"@type":"ImageObject","inLanguage":"en-GB","@id":"https:\/\/www.tattja.com\/product\/damske-oblecenie-dvojset-rigmor-cerveno-oranzovy\/#primaryimage","url":"https:\/\/www.tattja.com\/wp-content\/uploads\/2025\/12\/cerveno-oranzovy-lososovy-dvojset-nakrcnik-rukavniky-spredu-28.webp","contentUrl":"https:\/\/www.tattja.com\/wp-content\/uploads\/2025\/12\/cerveno-oranzovy-lososovy-dvojset-nakrcnik-rukavniky-spredu-28.webp","width":1365,"height":2048,"caption":"Dvojset n\u00e1kr\u010dn\u00edk + ruk\u00e1vniky v \u010derveno-oran\u017eovo-lososovej farbe \u2013 predn\u00fd poh\u013ead"},{"@type":"BreadcrumbList","@id":"https:\/\/www.tattja.com\/product\/damske-oblecenie-dvojset-rigmor-cerveno-oranzovy\/#breadcrumb","itemListElement":[{"@type":"ListItem","position":1,"name":"Domov","item":"https:\/\/www.tattja.com\/"},{"@type":"ListItem","position":2,"name":"Produkty","item":"https:\/\/www.tattja.com\/damske-oblecenie-produkty\/"},{"@type":"ListItem","position":3,"name":"D\u00e1mske oble\u010denie 2-set RIGMOR \u010derveno-oran\u017eov\u00fd"}]},{"@type":"WebSite","@id":"https:\/\/www.tattja.com\/#website","url":"https:\/\/www.tattja.com\/","name":"TATTJA","description":"D\u00e1mske oble\u010denie z extra jemnej merino vlny \u2014 ru\u010dne pleten\u00e9 na Slovensku","potentialAction":[{"@type":"SearchAction","target":{"@type":"EntryPoint","urlTemplate":"https:\/\/www.tattja.com\/?s={search_term_string}"},"query-input":{"@type":"PropertyValueSpecification","valueRequired":true,"valueName":"search_term_string"}}],"inLanguage":"en-GB"}]}},"_links":{"self":[{"href":"https:\/\/www.tattja.com\/en\/wp-json\/wp\/v2\/product\/1872","targetHints":{"allow":["GET"]}}],"collection":[{"href":"https:\/\/www.tattja.com\/en\/wp-json\/wp\/v2\/product"}],"about":[{"href":"https:\/\/www.tattja.com\/en\/wp-json\/wp\/v2\/types\/product"}],"replies":[{"embeddable":true,"href":"https:\/\/www.tattja.com\/en\/wp-json\/wp\/v2\/comments?post=1872"}],"version-history":[{"count":6,"href":"https:\/\/www.tattja.com\/en\/wp-json\/wp\/v2\/product\/1872\/revisions"}],"predecessor-version":[{"id":7260,"href":"https:\/\/www.tattja.com\/en\/wp-json\/wp\/v2\/product\/1872\/revisions\/7260"}],"wp:featuredmedia":[{"embeddable":true,"href":"https:\/\/www.tattja.com\/en\/wp-json\/wp\/v2\/media\/7095"}],"wp:attachment":[{"href":"https:\/\/www.tattja.com\/en\/wp-json\/wp\/v2\/media?parent=1872"}],"wp:term":[{"taxonomy":"product_brand","embeddable":true,"href":"https:\/\/www.tattja.com\/en\/wp-json\/wp\/v2\/product_brand?post=1872"},{"taxonomy":"product_cat","embeddable":true,"href":"https:\/\/www.tattja.com\/en\/wp-json\/wp\/v2\/product_cat?post=1872"},{"taxonomy":"product_tag","embeddable":true,"href":"https:\/\/www.tattja.com\/en\/wp-json\/wp\/v2\/product_tag?post=1872"}],"curies":[{"name":"wp","href":"https:\/\/api.w.org\/{rel}","templated":true}]}}