{"id":1876,"date":"2025-08-08T07:40:23","date_gmt":"2025-08-08T05:40:23","guid":{"rendered":"https:\/\/www.tattja.com\/?post_type=product&#038;p=1876"},"modified":"2026-04-05T19:45:03","modified_gmt":"2026-04-05T17:45:03","slug":"damske-oblecenie-dvojset-ragbborg-cerveno-oranzovy","status":"publish","type":"product","link":"https:\/\/www.tattja.com\/en\/product\/damske-oblecenie-dvojset-ragbborg-cerveno-oranzovy\/","title":{"rendered":"D\u00e1mske oble\u010denie 2-set RAGBBORG \u010derveno-oran\u017eov\u00fd"},"content":{"rendered":"<p data-start=\"1073\" data-end=\"1426\"><strong data-start=\"1073\" data-end=\"1136\">Women's double set RAGBBORG red-orange<\/strong> Salmon carries sunset energy and feminine charm. This striking model from the collection <strong data-start=\"1217\" data-end=\"1227\">TATTJA<\/strong> consists of a cap with a shawl and knitted sleeves in a fiery warm shade that combines elegance with courage. Every detail works harmoniously to create a design ensemble for the modern, confident woman.<\/p>\n<p data-start=\"1428\" data-end=\"1796\">The sleeves made of a soft, stretchy knit are pleasantly warm, adapt to movement and add structure to the outfit. Their rich colour contrasts with the softer tones of the outfit, creating a visually dynamic accent. A beanie hat with a visor in the same material brings warm comfort and modern style. Together, they create a fashionable duo that embodies energy, playfulness and elegance at the same time.<\/p>\n<p data-start=\"1798\" data-end=\"2079\">The red-orange-salmon shade symbolizes joy, vitality and feminine strength. It will stand out during the winter and transitional months, softening neutral tones and enlivening a minimalist outfit. This two-set is suitable for the city, for walks and casual gatherings, where it is guaranteed to attract stares.<\/p>\n<p data-start=\"2081\" data-end=\"2339\">Women's clothing double set <strong data-start=\"2087\" data-end=\"2125\">RAGBBORG red-orange salmon<\/strong> from the brand <strong data-start=\"2136\" data-end=\"2146\">TATTJA<\/strong> combines functionality with artistic expression. Precise workmanship, quality materials and attention to detail make this piece a unique accessory that emphasizes a woman's character and free spirit.<\/p>\n<p data-start=\"2341\" data-end=\"2446\">Discover the beauty of delicacy, sophisticated details and feminine style that will keep you warm and <a href=\"https:\/\/www.tattja.com\/en\/product-category\/damske-oblecenie\/dvojsety\/rukavniky-a-ciapka\/\">in other colours<\/a>.<\/p>\n<p data-start=\"2448\" data-end=\"2615\"><strong data-start=\"2448\" data-end=\"2502\">See, <a href=\"https:\/\/shop.bogensberger.co.at\/produkt-schlagwort\/merino-extrafein\/\">from what materials<\/a> we produce our pieces<\/strong>, and discover a world of authentic textiles where comfort, quality and aesthetics are combined with the brand's signature <strong data-start=\"2602\" data-end=\"2612\">TATTJA<\/strong>.<\/p>","protected":false},"excerpt":{"rendered":"<p data-start=\"746\" data-end=\"1030\"><strong data-start=\"746\" data-end=\"809\">Women's double set RAGBBORG red-orange salmon<\/strong> combines energy, style and elegance. Knitted sleeves and a cap with a sunset shade add warmth and originality to the outfit. This double set will be appreciated by the woman who is not afraid of colours and wants to stand out from the crowd with refinement.<\/p>","protected":false},"featured_media":7098,"comment_status":"open","ping_status":"closed","template":"","meta":[],"product_brand":[],"product_cat":[289,300,172,169,295],"product_tag":[],"class_list":{"0":"post-1876","1":"product","2":"type-product","3":"status-publish","4":"has-post-thumbnail","6":"product_cat-dvojsety","7":"product_cat-damske-oblecenie","8":"product_cat-dvojsety-cervenooranzove-lososove","9":"product_cat-pleteninove-doplnky-cervenooranzove-lososove","10":"product_cat-rukavniky-a-ciapka","12":"first","13":"instock","14":"taxable","15":"shipping-taxable","16":"purchasable","17":"product-type-simple"},"yoast_head":"<!-- This site is optimized with the Yoast SEO plugin v26.0 - https:\/\/yoast.com\/wordpress\/plugins\/seo\/ -->\n<title>D\u00e1mske oble\u010denie 2-set RAGBBORG \u010derveno-oran\u017eov\u00fd - TATTJA<\/title>\n<meta name=\"description\" content=\"D\u00e1mske oble\u010denie dvojset RAGBBORG \u010derveno-oran\u017eov\u00fd lososov\u00fd \u2013 spojenie energie, \u0161t\u00fdlu a \u017eenskosti v ohnivom t\u00f3ne, ktor\u00fd roz\u017eiari ka\u017ed\u00fd de\u0148.\" \/>\n<meta name=\"robots\" content=\"index, follow, max-snippet:-1, max-image-preview:large, max-video-preview:-1\" \/>\n<link rel=\"canonical\" href=\"https:\/\/www.tattja.com\/en\/product\/damske-oblecenie-dvojset-ragbborg-cerveno-oranzovy\/\" \/>\n<meta property=\"og:locale\" content=\"en_GB\" \/>\n<meta property=\"og:type\" content=\"article\" \/>\n<meta property=\"og:title\" content=\"D\u00e1mske oble\u010denie 2-set RAGBBORG \u010derveno-oran\u017eov\u00fd - TATTJA\" \/>\n<meta property=\"og:description\" content=\"D\u00e1mske oble\u010denie dvojset RAGBBORG \u010derveno-oran\u017eov\u00fd lososov\u00fd \u2013 spojenie energie, \u0161t\u00fdlu a \u017eenskosti v ohnivom t\u00f3ne, ktor\u00fd roz\u017eiari ka\u017ed\u00fd de\u0148.\" \/>\n<meta property=\"og:url\" content=\"https:\/\/www.tattja.com\/en\/product\/damske-oblecenie-dvojset-ragbborg-cerveno-oranzovy\/\" \/>\n<meta property=\"og:site_name\" content=\"TATTJA\" \/>\n<meta property=\"article:modified_time\" content=\"2026-04-05T17:45:03+00:00\" \/>\n<meta property=\"og:image\" content=\"https:\/\/www.tattja.com\/wp-content\/uploads\/2025\/12\/cerveno-oranzovy-lososovy-dvojset-rukavniky-ciapka-spredu-25.webp\" \/>\n\t<meta property=\"og:image:width\" content=\"1365\" \/>\n\t<meta property=\"og:image:height\" content=\"2048\" \/>\n\t<meta property=\"og:image:type\" content=\"image\/webp\" \/>\n<meta name=\"twitter:card\" content=\"summary_large_image\" \/>\n<meta name=\"twitter:label1\" content=\"Estimated reading time\" \/>\n\t<meta name=\"twitter:data1\" content=\"2 minutes\" \/>\n<script type=\"application\/ld+json\" class=\"yoast-schema-graph\">{\"@context\":\"https:\/\/schema.org\",\"@graph\":[{\"@type\":\"WebPage\",\"@id\":\"https:\/\/www.tattja.com\/product\/damske-oblecenie-dvojset-ragbborg-cerveno-oranzovy\/\",\"url\":\"https:\/\/www.tattja.com\/product\/damske-oblecenie-dvojset-ragbborg-cerveno-oranzovy\/\",\"name\":\"D\u00e1mske oble\u010denie 2-set RAGBBORG \u010derveno-oran\u017eov\u00fd - TATTJA\",\"isPartOf\":{\"@id\":\"https:\/\/www.tattja.com\/#website\"},\"primaryImageOfPage\":{\"@id\":\"https:\/\/www.tattja.com\/product\/damske-oblecenie-dvojset-ragbborg-cerveno-oranzovy\/#primaryimage\"},\"image\":{\"@id\":\"https:\/\/www.tattja.com\/product\/damske-oblecenie-dvojset-ragbborg-cerveno-oranzovy\/#primaryimage\"},\"thumbnailUrl\":\"https:\/\/www.tattja.com\/wp-content\/uploads\/2025\/12\/cerveno-oranzovy-lososovy-dvojset-rukavniky-ciapka-spredu-25.webp\",\"datePublished\":\"2025-08-08T05:40:23+00:00\",\"dateModified\":\"2026-04-05T17:45:03+00:00\",\"description\":\"D\u00e1mske oble\u010denie dvojset RAGBBORG \u010derveno-oran\u017eov\u00fd lososov\u00fd \u2013 spojenie energie, \u0161t\u00fdlu a \u017eenskosti v ohnivom t\u00f3ne, ktor\u00fd roz\u017eiari ka\u017ed\u00fd de\u0148.\",\"breadcrumb\":{\"@id\":\"https:\/\/www.tattja.com\/product\/damske-oblecenie-dvojset-ragbborg-cerveno-oranzovy\/#breadcrumb\"},\"inLanguage\":\"en-GB\",\"potentialAction\":[{\"@type\":\"ReadAction\",\"target\":[\"https:\/\/www.tattja.com\/product\/damske-oblecenie-dvojset-ragbborg-cerveno-oranzovy\/\"]}]},{\"@type\":\"ImageObject\",\"inLanguage\":\"en-GB\",\"@id\":\"https:\/\/www.tattja.com\/product\/damske-oblecenie-dvojset-ragbborg-cerveno-oranzovy\/#primaryimage\",\"url\":\"https:\/\/www.tattja.com\/wp-content\/uploads\/2025\/12\/cerveno-oranzovy-lososovy-dvojset-rukavniky-ciapka-spredu-25.webp\",\"contentUrl\":\"https:\/\/www.tattja.com\/wp-content\/uploads\/2025\/12\/cerveno-oranzovy-lososovy-dvojset-rukavniky-ciapka-spredu-25.webp\",\"width\":1365,\"height\":2048,\"caption\":\"Dvojset \u010diapka + ruk\u00e1vniky v \u010derveno-oran\u017eovo-lososovej farbe \u2013 predn\u00fd poh\u013ead\"},{\"@type\":\"BreadcrumbList\",\"@id\":\"https:\/\/www.tattja.com\/product\/damske-oblecenie-dvojset-ragbborg-cerveno-oranzovy\/#breadcrumb\",\"itemListElement\":[{\"@type\":\"ListItem\",\"position\":1,\"name\":\"Domov\",\"item\":\"https:\/\/www.tattja.com\/\"},{\"@type\":\"ListItem\",\"position\":2,\"name\":\"Produkty\",\"item\":\"https:\/\/www.tattja.com\/damske-oblecenie-produkty\/\"},{\"@type\":\"ListItem\",\"position\":3,\"name\":\"D\u00e1mske oble\u010denie 2-set RAGBBORG \u010derveno-oran\u017eov\u00fd\"}]},{\"@type\":\"WebSite\",\"@id\":\"https:\/\/www.tattja.com\/#website\",\"url\":\"https:\/\/www.tattja.com\/\",\"name\":\"TATTJA\",\"description\":\"D\u00e1mske oble\u010denie z extra jemnej merino vlny \u2014 ru\u010dne pleten\u00e9 na Slovensku\",\"potentialAction\":[{\"@type\":\"SearchAction\",\"target\":{\"@type\":\"EntryPoint\",\"urlTemplate\":\"https:\/\/www.tattja.com\/?s={search_term_string}\"},\"query-input\":{\"@type\":\"PropertyValueSpecification\",\"valueRequired\":true,\"valueName\":\"search_term_string\"}}],\"inLanguage\":\"en-GB\"}]}<\/script>\n<!-- \/ Yoast SEO plugin. -->","yoast_head_json":{"title":"D\u00e1mske oble\u010denie 2-set RAGBBORG \u010derveno-oran\u017eov\u00fd - TATTJA","description":"D\u00e1mske oble\u010denie dvojset RAGBBORG \u010derveno-oran\u017eov\u00fd lososov\u00fd \u2013 spojenie energie, \u0161t\u00fdlu a \u017eenskosti v ohnivom t\u00f3ne, ktor\u00fd roz\u017eiari ka\u017ed\u00fd de\u0148.","robots":{"index":"index","follow":"follow","max-snippet":"max-snippet:-1","max-image-preview":"max-image-preview:large","max-video-preview":"max-video-preview:-1"},"canonical":"https:\/\/www.tattja.com\/en\/product\/damske-oblecenie-dvojset-ragbborg-cerveno-oranzovy\/","og_locale":"en_GB","og_type":"article","og_title":"D\u00e1mske oble\u010denie 2-set RAGBBORG \u010derveno-oran\u017eov\u00fd - TATTJA","og_description":"D\u00e1mske oble\u010denie dvojset RAGBBORG \u010derveno-oran\u017eov\u00fd lososov\u00fd \u2013 spojenie energie, \u0161t\u00fdlu a \u017eenskosti v ohnivom t\u00f3ne, ktor\u00fd roz\u017eiari ka\u017ed\u00fd de\u0148.","og_url":"https:\/\/www.tattja.com\/en\/product\/damske-oblecenie-dvojset-ragbborg-cerveno-oranzovy\/","og_site_name":"TATTJA","article_modified_time":"2026-04-05T17:45:03+00:00","og_image":[{"width":1365,"height":2048,"url":"https:\/\/www.tattja.com\/wp-content\/uploads\/2025\/12\/cerveno-oranzovy-lososovy-dvojset-rukavniky-ciapka-spredu-25.webp","type":"image\/webp"}],"twitter_card":"summary_large_image","twitter_misc":{"Estimated reading time":"2 minutes"},"schema":{"@context":"https:\/\/schema.org","@graph":[{"@type":"WebPage","@id":"https:\/\/www.tattja.com\/product\/damske-oblecenie-dvojset-ragbborg-cerveno-oranzovy\/","url":"https:\/\/www.tattja.com\/product\/damske-oblecenie-dvojset-ragbborg-cerveno-oranzovy\/","name":"D\u00e1mske oble\u010denie 2-set RAGBBORG \u010derveno-oran\u017eov\u00fd - TATTJA","isPartOf":{"@id":"https:\/\/www.tattja.com\/#website"},"primaryImageOfPage":{"@id":"https:\/\/www.tattja.com\/product\/damske-oblecenie-dvojset-ragbborg-cerveno-oranzovy\/#primaryimage"},"image":{"@id":"https:\/\/www.tattja.com\/product\/damske-oblecenie-dvojset-ragbborg-cerveno-oranzovy\/#primaryimage"},"thumbnailUrl":"https:\/\/www.tattja.com\/wp-content\/uploads\/2025\/12\/cerveno-oranzovy-lososovy-dvojset-rukavniky-ciapka-spredu-25.webp","datePublished":"2025-08-08T05:40:23+00:00","dateModified":"2026-04-05T17:45:03+00:00","description":"D\u00e1mske oble\u010denie dvojset RAGBBORG \u010derveno-oran\u017eov\u00fd lososov\u00fd \u2013 spojenie energie, \u0161t\u00fdlu a \u017eenskosti v ohnivom t\u00f3ne, ktor\u00fd roz\u017eiari ka\u017ed\u00fd de\u0148.","breadcrumb":{"@id":"https:\/\/www.tattja.com\/product\/damske-oblecenie-dvojset-ragbborg-cerveno-oranzovy\/#breadcrumb"},"inLanguage":"en-GB","potentialAction":[{"@type":"ReadAction","target":["https:\/\/www.tattja.com\/product\/damske-oblecenie-dvojset-ragbborg-cerveno-oranzovy\/"]}]},{"@type":"ImageObject","inLanguage":"en-GB","@id":"https:\/\/www.tattja.com\/product\/damske-oblecenie-dvojset-ragbborg-cerveno-oranzovy\/#primaryimage","url":"https:\/\/www.tattja.com\/wp-content\/uploads\/2025\/12\/cerveno-oranzovy-lososovy-dvojset-rukavniky-ciapka-spredu-25.webp","contentUrl":"https:\/\/www.tattja.com\/wp-content\/uploads\/2025\/12\/cerveno-oranzovy-lososovy-dvojset-rukavniky-ciapka-spredu-25.webp","width":1365,"height":2048,"caption":"Dvojset \u010diapka + ruk\u00e1vniky v \u010derveno-oran\u017eovo-lososovej farbe \u2013 predn\u00fd poh\u013ead"},{"@type":"BreadcrumbList","@id":"https:\/\/www.tattja.com\/product\/damske-oblecenie-dvojset-ragbborg-cerveno-oranzovy\/#breadcrumb","itemListElement":[{"@type":"ListItem","position":1,"name":"Domov","item":"https:\/\/www.tattja.com\/"},{"@type":"ListItem","position":2,"name":"Produkty","item":"https:\/\/www.tattja.com\/damske-oblecenie-produkty\/"},{"@type":"ListItem","position":3,"name":"D\u00e1mske oble\u010denie 2-set RAGBBORG \u010derveno-oran\u017eov\u00fd"}]},{"@type":"WebSite","@id":"https:\/\/www.tattja.com\/#website","url":"https:\/\/www.tattja.com\/","name":"TATTJA","description":"D\u00e1mske oble\u010denie z extra jemnej merino vlny \u2014 ru\u010dne pleten\u00e9 na Slovensku","potentialAction":[{"@type":"SearchAction","target":{"@type":"EntryPoint","urlTemplate":"https:\/\/www.tattja.com\/?s={search_term_string}"},"query-input":{"@type":"PropertyValueSpecification","valueRequired":true,"valueName":"search_term_string"}}],"inLanguage":"en-GB"}]}},"_links":{"self":[{"href":"https:\/\/www.tattja.com\/en\/wp-json\/wp\/v2\/product\/1876","targetHints":{"allow":["GET"]}}],"collection":[{"href":"https:\/\/www.tattja.com\/en\/wp-json\/wp\/v2\/product"}],"about":[{"href":"https:\/\/www.tattja.com\/en\/wp-json\/wp\/v2\/types\/product"}],"replies":[{"embeddable":true,"href":"https:\/\/www.tattja.com\/en\/wp-json\/wp\/v2\/comments?post=1876"}],"version-history":[{"count":6,"href":"https:\/\/www.tattja.com\/en\/wp-json\/wp\/v2\/product\/1876\/revisions"}],"predecessor-version":[{"id":7258,"href":"https:\/\/www.tattja.com\/en\/wp-json\/wp\/v2\/product\/1876\/revisions\/7258"}],"wp:featuredmedia":[{"embeddable":true,"href":"https:\/\/www.tattja.com\/en\/wp-json\/wp\/v2\/media\/7098"}],"wp:attachment":[{"href":"https:\/\/www.tattja.com\/en\/wp-json\/wp\/v2\/media?parent=1876"}],"wp:term":[{"taxonomy":"product_brand","embeddable":true,"href":"https:\/\/www.tattja.com\/en\/wp-json\/wp\/v2\/product_brand?post=1876"},{"taxonomy":"product_cat","embeddable":true,"href":"https:\/\/www.tattja.com\/en\/wp-json\/wp\/v2\/product_cat?post=1876"},{"taxonomy":"product_tag","embeddable":true,"href":"https:\/\/www.tattja.com\/en\/wp-json\/wp\/v2\/product_tag?post=1876"}],"curies":[{"name":"wp","href":"https:\/\/api.w.org\/{rel}","templated":true}]}}