{"id":1878,"date":"2025-08-08T07:42:11","date_gmt":"2025-08-08T05:42:11","guid":{"rendered":"https:\/\/www.tattja.com\/?post_type=product&#038;p=1878"},"modified":"2026-04-05T19:45:03","modified_gmt":"2026-04-05T17:45:03","slug":"damske-oblecenie-dvojset-magnhild-cerveno-oranzovy-lososovy","status":"publish","type":"product","link":"https:\/\/www.tattja.com\/en\/product\/damske-oblecenie-dvojset-magnhild-cerveno-oranzovy-lososovy\/","title":{"rendered":"D\u00e1mske oble\u010denie 2-set MAGNHILD \u010derveno-oran\u017eov\u00fd lososov\u00fd"},"content":{"rendered":"<p data-start=\"960\" data-end=\"1203\"><strong data-start=\"960\" data-end=\"1023\">Women's double set MAGNHILD red-orange salmon<\/strong> combines vitality, femininity and timeless elegance. This double set consists of a knitted shrug and a cap with a shawl - a combination that radiates energy, joy and freedom.<\/p>\n<p data-start=\"1205\" data-end=\"1521\">The waistband hugs the waist nicely, adds a feeling of warmth and increases comfort during the day. Its stretchy knit naturally adapts to the figure, accentuating feminine curves while providing complete freedom of movement. The cap with a shirt protects against the cold while bringing a sporty-elegant element that accentuates the modern look.<\/p>\n<p data-start=\"1523\" data-end=\"1804\">The salmon-red shade combines the softness of pink with the energy of red and the warmth of orange. It is the colour of joy, confidence and passion. Thanks to its freshness, it looks optimistic and brightens up any outfit. Combined with white, grey or beige tones, it creates a balanced, elegant look.<\/p>\n<p data-start=\"1806\" data-end=\"2119\">Women's clothing double set <strong data-start=\"1820\" data-end=\"1858\">MAGNHILD red-orange salmon<\/strong> is ideal for women who love the combination of functionality and style. It is perfect for city walks, work and leisure. Its design reflects the brand's philosophy <strong data-start=\"2026\" data-end=\"2036\">TATTJA<\/strong> - to create pieces that bring comfort, beauty and timelessness in every detail.<\/p>\n<p data-start=\"2121\" data-end=\"2226\">Discover the beauty of delicacy, sophisticated details and feminine style that will keep you warm and <a href=\"https:\/\/www.tattja.com\/en\/product-category\/damske-oblecenie\/dvojsety\/driekovnik-a-ciapka\/\">in other colours.<\/a><\/p>\n<p data-start=\"2228\" data-end=\"2375\"><strong data-start=\"2228\" data-end=\"2282\">See, <a href=\"https:\/\/shop.bogensberger.co.at\/produkt-schlagwort\/merino-extrafein\/\">from what materials<\/a> we produce our pieces<\/strong> and let yourself be carried away by a feeling of luxury that combines functionality, comfort and unique aesthetics.<\/p>\n<hr data-start=\"2377\" data-end=\"2380\" \/>","protected":false},"excerpt":{"rendered":"<p><strong data-start=\"610\" data-end=\"673\">Women's double set MAGNHILD red-orange salmon<\/strong> brings together femininity, energy and comfort. The knitted shrug gently shapes the waist and warms, while the cap with a shawl adds a fresh accent to the outfit. The salmon-red tone exudes optimism and charm - for women who love style and comfort in one.<\/p>","protected":false},"featured_media":7083,"comment_status":"open","ping_status":"closed","template":"","meta":[],"product_brand":[],"product_cat":[289,300,294,172,169],"product_tag":[],"class_list":{"0":"post-1878","1":"product","2":"type-product","3":"status-publish","4":"has-post-thumbnail","6":"product_cat-dvojsety","7":"product_cat-damske-oblecenie","8":"product_cat-driekovnik-a-ciapka","9":"product_cat-dvojsety-cervenooranzove-lososove","10":"product_cat-pleteninove-doplnky-cervenooranzove-lososove","12":"first","13":"instock","14":"taxable","15":"shipping-taxable","16":"purchasable","17":"product-type-simple"},"yoast_head":"<!-- This site is optimized with the Yoast SEO plugin v26.0 - https:\/\/yoast.com\/wordpress\/plugins\/seo\/ -->\n<title>D\u00e1mske oble\u010denie 2-set MAGNHILD \u010derveno-oran\u017eov\u00fd lososov\u00fd - TATTJA<\/title>\n<meta name=\"description\" content=\"D\u00e1mske oble\u010denie dvojset MAGNHILD \u010derveno-oran\u017eov\u00fd lososov\u00fd \u2013 spojenie \u017eiarivej energie, elegancie a pohodlia. Luxusn\u00fd set pre sebavedom\u00e9 \u017eeny.\" \/>\n<meta name=\"robots\" content=\"index, follow, max-snippet:-1, max-image-preview:large, max-video-preview:-1\" \/>\n<link rel=\"canonical\" href=\"https:\/\/www.tattja.com\/en\/product\/damske-oblecenie-dvojset-magnhild-cerveno-oranzovy-lososovy\/\" \/>\n<meta property=\"og:locale\" content=\"en_GB\" \/>\n<meta property=\"og:type\" content=\"article\" \/>\n<meta property=\"og:title\" content=\"D\u00e1mske oble\u010denie 2-set MAGNHILD \u010derveno-oran\u017eov\u00fd lososov\u00fd - TATTJA\" \/>\n<meta property=\"og:description\" content=\"D\u00e1mske oble\u010denie dvojset MAGNHILD \u010derveno-oran\u017eov\u00fd lososov\u00fd \u2013 spojenie \u017eiarivej energie, elegancie a pohodlia. Luxusn\u00fd set pre sebavedom\u00e9 \u017eeny.\" \/>\n<meta property=\"og:url\" content=\"https:\/\/www.tattja.com\/en\/product\/damske-oblecenie-dvojset-magnhild-cerveno-oranzovy-lososovy\/\" \/>\n<meta property=\"og:site_name\" content=\"TATTJA\" \/>\n<meta property=\"article:modified_time\" content=\"2026-04-05T17:45:03+00:00\" \/>\n<meta property=\"og:image\" content=\"https:\/\/www.tattja.com\/wp-content\/uploads\/2025\/12\/cerveno-oranzovy-lososovy-dvojset-driekovnik-ciapka-spredu-40.webp\" \/>\n\t<meta property=\"og:image:width\" content=\"1365\" \/>\n\t<meta property=\"og:image:height\" content=\"2048\" \/>\n\t<meta property=\"og:image:type\" content=\"image\/webp\" \/>\n<meta name=\"twitter:card\" content=\"summary_large_image\" \/>\n<meta name=\"twitter:label1\" content=\"Estimated reading time\" \/>\n\t<meta name=\"twitter:data1\" content=\"2 minutes\" \/>\n<script type=\"application\/ld+json\" class=\"yoast-schema-graph\">{\"@context\":\"https:\/\/schema.org\",\"@graph\":[{\"@type\":\"WebPage\",\"@id\":\"https:\/\/www.tattja.com\/product\/damske-oblecenie-dvojset-magnhild-cerveno-oranzovy-lososovy\/\",\"url\":\"https:\/\/www.tattja.com\/product\/damske-oblecenie-dvojset-magnhild-cerveno-oranzovy-lososovy\/\",\"name\":\"D\u00e1mske oble\u010denie 2-set MAGNHILD \u010derveno-oran\u017eov\u00fd lososov\u00fd - TATTJA\",\"isPartOf\":{\"@id\":\"https:\/\/www.tattja.com\/#website\"},\"primaryImageOfPage\":{\"@id\":\"https:\/\/www.tattja.com\/product\/damske-oblecenie-dvojset-magnhild-cerveno-oranzovy-lososovy\/#primaryimage\"},\"image\":{\"@id\":\"https:\/\/www.tattja.com\/product\/damske-oblecenie-dvojset-magnhild-cerveno-oranzovy-lososovy\/#primaryimage\"},\"thumbnailUrl\":\"https:\/\/www.tattja.com\/wp-content\/uploads\/2025\/12\/cerveno-oranzovy-lososovy-dvojset-driekovnik-ciapka-spredu-40.webp\",\"datePublished\":\"2025-08-08T05:42:11+00:00\",\"dateModified\":\"2026-04-05T17:45:03+00:00\",\"description\":\"D\u00e1mske oble\u010denie dvojset MAGNHILD \u010derveno-oran\u017eov\u00fd lososov\u00fd \u2013 spojenie \u017eiarivej energie, elegancie a pohodlia. Luxusn\u00fd set pre sebavedom\u00e9 \u017eeny.\",\"breadcrumb\":{\"@id\":\"https:\/\/www.tattja.com\/product\/damske-oblecenie-dvojset-magnhild-cerveno-oranzovy-lososovy\/#breadcrumb\"},\"inLanguage\":\"en-GB\",\"potentialAction\":[{\"@type\":\"ReadAction\",\"target\":[\"https:\/\/www.tattja.com\/product\/damske-oblecenie-dvojset-magnhild-cerveno-oranzovy-lososovy\/\"]}]},{\"@type\":\"ImageObject\",\"inLanguage\":\"en-GB\",\"@id\":\"https:\/\/www.tattja.com\/product\/damske-oblecenie-dvojset-magnhild-cerveno-oranzovy-lososovy\/#primaryimage\",\"url\":\"https:\/\/www.tattja.com\/wp-content\/uploads\/2025\/12\/cerveno-oranzovy-lososovy-dvojset-driekovnik-ciapka-spredu-40.webp\",\"contentUrl\":\"https:\/\/www.tattja.com\/wp-content\/uploads\/2025\/12\/cerveno-oranzovy-lososovy-dvojset-driekovnik-ciapka-spredu-40.webp\",\"width\":1365,\"height\":2048,\"caption\":\"\u010cerveno-oran\u017eovo-lososov\u00fd pleten\u00fd dvojset MAGNHILD TATTJA \u2013 v\u00fdrazn\u00e1 \u017eensk\u00e1 elegancia\"},{\"@type\":\"BreadcrumbList\",\"@id\":\"https:\/\/www.tattja.com\/product\/damske-oblecenie-dvojset-magnhild-cerveno-oranzovy-lososovy\/#breadcrumb\",\"itemListElement\":[{\"@type\":\"ListItem\",\"position\":1,\"name\":\"Domov\",\"item\":\"https:\/\/www.tattja.com\/\"},{\"@type\":\"ListItem\",\"position\":2,\"name\":\"Produkty\",\"item\":\"https:\/\/www.tattja.com\/damske-oblecenie-produkty\/\"},{\"@type\":\"ListItem\",\"position\":3,\"name\":\"D\u00e1mske oble\u010denie 2-set MAGNHILD \u010derveno-oran\u017eov\u00fd lososov\u00fd\"}]},{\"@type\":\"WebSite\",\"@id\":\"https:\/\/www.tattja.com\/#website\",\"url\":\"https:\/\/www.tattja.com\/\",\"name\":\"TATTJA\",\"description\":\"D\u00e1mske oble\u010denie z extra jemnej merino vlny \u2014 ru\u010dne pleten\u00e9 na Slovensku\",\"potentialAction\":[{\"@type\":\"SearchAction\",\"target\":{\"@type\":\"EntryPoint\",\"urlTemplate\":\"https:\/\/www.tattja.com\/?s={search_term_string}\"},\"query-input\":{\"@type\":\"PropertyValueSpecification\",\"valueRequired\":true,\"valueName\":\"search_term_string\"}}],\"inLanguage\":\"en-GB\"}]}<\/script>\n<!-- \/ Yoast SEO plugin. -->","yoast_head_json":{"title":"D\u00e1mske oble\u010denie 2-set MAGNHILD \u010derveno-oran\u017eov\u00fd lososov\u00fd - TATTJA","description":"D\u00e1mske oble\u010denie dvojset MAGNHILD \u010derveno-oran\u017eov\u00fd lososov\u00fd \u2013 spojenie \u017eiarivej energie, elegancie a pohodlia. Luxusn\u00fd set pre sebavedom\u00e9 \u017eeny.","robots":{"index":"index","follow":"follow","max-snippet":"max-snippet:-1","max-image-preview":"max-image-preview:large","max-video-preview":"max-video-preview:-1"},"canonical":"https:\/\/www.tattja.com\/en\/product\/damske-oblecenie-dvojset-magnhild-cerveno-oranzovy-lososovy\/","og_locale":"en_GB","og_type":"article","og_title":"D\u00e1mske oble\u010denie 2-set MAGNHILD \u010derveno-oran\u017eov\u00fd lososov\u00fd - TATTJA","og_description":"D\u00e1mske oble\u010denie dvojset MAGNHILD \u010derveno-oran\u017eov\u00fd lososov\u00fd \u2013 spojenie \u017eiarivej energie, elegancie a pohodlia. Luxusn\u00fd set pre sebavedom\u00e9 \u017eeny.","og_url":"https:\/\/www.tattja.com\/en\/product\/damske-oblecenie-dvojset-magnhild-cerveno-oranzovy-lososovy\/","og_site_name":"TATTJA","article_modified_time":"2026-04-05T17:45:03+00:00","og_image":[{"width":1365,"height":2048,"url":"https:\/\/www.tattja.com\/wp-content\/uploads\/2025\/12\/cerveno-oranzovy-lososovy-dvojset-driekovnik-ciapka-spredu-40.webp","type":"image\/webp"}],"twitter_card":"summary_large_image","twitter_misc":{"Estimated reading time":"2 minutes"},"schema":{"@context":"https:\/\/schema.org","@graph":[{"@type":"WebPage","@id":"https:\/\/www.tattja.com\/product\/damske-oblecenie-dvojset-magnhild-cerveno-oranzovy-lososovy\/","url":"https:\/\/www.tattja.com\/product\/damske-oblecenie-dvojset-magnhild-cerveno-oranzovy-lososovy\/","name":"D\u00e1mske oble\u010denie 2-set MAGNHILD \u010derveno-oran\u017eov\u00fd lososov\u00fd - TATTJA","isPartOf":{"@id":"https:\/\/www.tattja.com\/#website"},"primaryImageOfPage":{"@id":"https:\/\/www.tattja.com\/product\/damske-oblecenie-dvojset-magnhild-cerveno-oranzovy-lososovy\/#primaryimage"},"image":{"@id":"https:\/\/www.tattja.com\/product\/damske-oblecenie-dvojset-magnhild-cerveno-oranzovy-lososovy\/#primaryimage"},"thumbnailUrl":"https:\/\/www.tattja.com\/wp-content\/uploads\/2025\/12\/cerveno-oranzovy-lososovy-dvojset-driekovnik-ciapka-spredu-40.webp","datePublished":"2025-08-08T05:42:11+00:00","dateModified":"2026-04-05T17:45:03+00:00","description":"D\u00e1mske oble\u010denie dvojset MAGNHILD \u010derveno-oran\u017eov\u00fd lososov\u00fd \u2013 spojenie \u017eiarivej energie, elegancie a pohodlia. Luxusn\u00fd set pre sebavedom\u00e9 \u017eeny.","breadcrumb":{"@id":"https:\/\/www.tattja.com\/product\/damske-oblecenie-dvojset-magnhild-cerveno-oranzovy-lososovy\/#breadcrumb"},"inLanguage":"en-GB","potentialAction":[{"@type":"ReadAction","target":["https:\/\/www.tattja.com\/product\/damske-oblecenie-dvojset-magnhild-cerveno-oranzovy-lososovy\/"]}]},{"@type":"ImageObject","inLanguage":"en-GB","@id":"https:\/\/www.tattja.com\/product\/damske-oblecenie-dvojset-magnhild-cerveno-oranzovy-lososovy\/#primaryimage","url":"https:\/\/www.tattja.com\/wp-content\/uploads\/2025\/12\/cerveno-oranzovy-lososovy-dvojset-driekovnik-ciapka-spredu-40.webp","contentUrl":"https:\/\/www.tattja.com\/wp-content\/uploads\/2025\/12\/cerveno-oranzovy-lososovy-dvojset-driekovnik-ciapka-spredu-40.webp","width":1365,"height":2048,"caption":"\u010cerveno-oran\u017eovo-lososov\u00fd pleten\u00fd dvojset MAGNHILD TATTJA \u2013 v\u00fdrazn\u00e1 \u017eensk\u00e1 elegancia"},{"@type":"BreadcrumbList","@id":"https:\/\/www.tattja.com\/product\/damske-oblecenie-dvojset-magnhild-cerveno-oranzovy-lososovy\/#breadcrumb","itemListElement":[{"@type":"ListItem","position":1,"name":"Domov","item":"https:\/\/www.tattja.com\/"},{"@type":"ListItem","position":2,"name":"Produkty","item":"https:\/\/www.tattja.com\/damske-oblecenie-produkty\/"},{"@type":"ListItem","position":3,"name":"D\u00e1mske oble\u010denie 2-set MAGNHILD \u010derveno-oran\u017eov\u00fd lososov\u00fd"}]},{"@type":"WebSite","@id":"https:\/\/www.tattja.com\/#website","url":"https:\/\/www.tattja.com\/","name":"TATTJA","description":"D\u00e1mske oble\u010denie z extra jemnej merino vlny \u2014 ru\u010dne pleten\u00e9 na Slovensku","potentialAction":[{"@type":"SearchAction","target":{"@type":"EntryPoint","urlTemplate":"https:\/\/www.tattja.com\/?s={search_term_string}"},"query-input":{"@type":"PropertyValueSpecification","valueRequired":true,"valueName":"search_term_string"}}],"inLanguage":"en-GB"}]}},"_links":{"self":[{"href":"https:\/\/www.tattja.com\/en\/wp-json\/wp\/v2\/product\/1878","targetHints":{"allow":["GET"]}}],"collection":[{"href":"https:\/\/www.tattja.com\/en\/wp-json\/wp\/v2\/product"}],"about":[{"href":"https:\/\/www.tattja.com\/en\/wp-json\/wp\/v2\/types\/product"}],"replies":[{"embeddable":true,"href":"https:\/\/www.tattja.com\/en\/wp-json\/wp\/v2\/comments?post=1878"}],"version-history":[{"count":6,"href":"https:\/\/www.tattja.com\/en\/wp-json\/wp\/v2\/product\/1878\/revisions"}],"predecessor-version":[{"id":7257,"href":"https:\/\/www.tattja.com\/en\/wp-json\/wp\/v2\/product\/1878\/revisions\/7257"}],"wp:featuredmedia":[{"embeddable":true,"href":"https:\/\/www.tattja.com\/en\/wp-json\/wp\/v2\/media\/7083"}],"wp:attachment":[{"href":"https:\/\/www.tattja.com\/en\/wp-json\/wp\/v2\/media?parent=1878"}],"wp:term":[{"taxonomy":"product_brand","embeddable":true,"href":"https:\/\/www.tattja.com\/en\/wp-json\/wp\/v2\/product_brand?post=1878"},{"taxonomy":"product_cat","embeddable":true,"href":"https:\/\/www.tattja.com\/en\/wp-json\/wp\/v2\/product_cat?post=1878"},{"taxonomy":"product_tag","embeddable":true,"href":"https:\/\/www.tattja.com\/en\/wp-json\/wp\/v2\/product_tag?post=1878"}],"curies":[{"name":"wp","href":"https:\/\/api.w.org\/{rel}","templated":true}]}}