{"id":1880,"date":"2025-08-08T07:43:27","date_gmt":"2025-08-08T05:43:27","guid":{"rendered":"https:\/\/www.tattja.com\/?post_type=product&#038;p=1880"},"modified":"2026-04-05T19:45:03","modified_gmt":"2026-04-05T17:45:03","slug":"damske-oblecenie-dvojset-ingeborg-cerveno-oranzovy-lososovy","status":"publish","type":"product","link":"https:\/\/www.tattja.com\/en\/product\/damske-oblecenie-dvojset-ingeborg-cerveno-oranzovy-lososovy\/","title":{"rendered":"D\u00e1mske oble\u010denie 2-set INGEBORG \u010derveno-oran\u017eov\u00fd lososov\u00fd"},"content":{"rendered":"<p data-start=\"977\" data-end=\"1279\"><strong data-start=\"977\" data-end=\"1040\">Women's double set outfit INGEBORG red-orange salmon<\/strong> is a tribute to feminine energy, style and natural self-confidence. This luxurious set from the <strong data-start=\"1132\" data-end=\"1142\">TATTJA<\/strong> combines a beanie with a shawl and an elegant knitted neck warmer into a harmonious whole that brings together softness, warmth and modern design.<\/p>\n<p data-start=\"1281\" data-end=\"1570\">The salmon-red hue radiates joy, determination and optimism. The sunset-inspired colour adds an energy to the whole that brightens your day and brightens up any outfit. It's a colour that enhances femininity and distinctive style, whether you match it with neutral tones or contrasting shades.<\/p>\n<p data-start=\"1572\" data-end=\"1894\">The neck warmer in a fine ribbed knit provides warm comfort and a soft feel that wraps around the shoulders with natural ease. The beanie cap adds a modern character and a practical element to the whole - it protects from both wind and sun, while remaining distinctly elegant. Their combination creates a set that looks sophisticated and feminine.<\/p>\n<p data-start=\"1896\" data-end=\"2154\">Women's clothing double set <strong data-start=\"1904\" data-end=\"1942\">INGEBORG red-orange salmon<\/strong> is perfect for women who love the fusion of art, artisanal precision and timeless design. Every detail reflects the brand's philosophy <strong data-start=\"2079\" data-end=\"2089\">TATTJA<\/strong> - in a balance between luxury, functionality and natural beauty.<\/p>\n<p data-start=\"2156\" data-end=\"2261\">Discover the beauty of delicacy, sophisticated details and feminine style that will keep you warm and<a href=\"https:\/\/www.tattja.com\/en\/product-category\/damske-oblecenie\/dvojsety\/nakrcnik-a-ciapka\/\"> in other colours.<\/a><\/p>\n<p data-start=\"2263\" data-end=\"2409\"><strong data-start=\"2263\" data-end=\"2317\">See, <a href=\"https:\/\/shop.bogensberger.co.at\/produkt-schlagwort\/merino-extrafein\/\">from what materials<\/a> we produce our pieces<\/strong> and treat yourself to a touch of exceptional elegance that combines comfort, quality and radiant energy.<\/p>","protected":false},"excerpt":{"rendered":"<p><strong data-start=\"767\" data-end=\"830\">Women's double set outfit INGEBORG red-orange salmon<\/strong> - an original cap and neckpiece set that combines feminine elegance, warmth and sunset energy.<\/p>","protected":false},"featured_media":7089,"comment_status":"open","ping_status":"closed","template":"","meta":[],"product_brand":[],"product_cat":[289,300,172,291,169],"product_tag":[],"class_list":{"0":"post-1880","1":"product","2":"type-product","3":"status-publish","4":"has-post-thumbnail","6":"product_cat-dvojsety","7":"product_cat-damske-oblecenie","8":"product_cat-dvojsety-cervenooranzove-lososove","9":"product_cat-nakrcnik-a-ciapka","10":"product_cat-pleteninove-doplnky-cervenooranzove-lososove","12":"first","13":"instock","14":"taxable","15":"shipping-taxable","16":"purchasable","17":"product-type-simple"},"yoast_head":"<!-- This site is optimized with the Yoast SEO plugin v26.0 - https:\/\/yoast.com\/wordpress\/plugins\/seo\/ -->\n<title>D\u00e1mske oble\u010denie 2-set INGEBORG \u010derveno-oran\u017eov\u00fd lososov\u00fd - TATTJA<\/title>\n<meta name=\"description\" content=\"D\u00e1mske oble\u010denie dvojset INGEBORG \u010derveno-oran\u017eov\u00fd lososov\u00fd \u2013 luxusn\u00e9 spojenie tepla, \u0161t\u00fdlu a \u017eiarivej energie v pr\u00e9miovej pletenine TATTJA.\" \/>\n<meta name=\"robots\" content=\"index, follow, max-snippet:-1, max-image-preview:large, max-video-preview:-1\" \/>\n<link rel=\"canonical\" href=\"https:\/\/www.tattja.com\/en\/product\/damske-oblecenie-dvojset-ingeborg-cerveno-oranzovy-lososovy\/\" \/>\n<meta property=\"og:locale\" content=\"en_GB\" \/>\n<meta property=\"og:type\" content=\"article\" \/>\n<meta property=\"og:title\" content=\"D\u00e1mske oble\u010denie 2-set INGEBORG \u010derveno-oran\u017eov\u00fd lososov\u00fd - TATTJA\" \/>\n<meta property=\"og:description\" content=\"D\u00e1mske oble\u010denie dvojset INGEBORG \u010derveno-oran\u017eov\u00fd lososov\u00fd \u2013 luxusn\u00e9 spojenie tepla, \u0161t\u00fdlu a \u017eiarivej energie v pr\u00e9miovej pletenine TATTJA.\" \/>\n<meta property=\"og:url\" content=\"https:\/\/www.tattja.com\/en\/product\/damske-oblecenie-dvojset-ingeborg-cerveno-oranzovy-lososovy\/\" \/>\n<meta property=\"og:site_name\" content=\"TATTJA\" \/>\n<meta property=\"article:modified_time\" content=\"2026-04-05T17:45:03+00:00\" \/>\n<meta property=\"og:image\" content=\"https:\/\/www.tattja.com\/wp-content\/uploads\/2025\/12\/cerveno-oranzovy-lososovy-dvojset-nakrcnik-ciapka-spredu-37.webp\" \/>\n\t<meta property=\"og:image:width\" content=\"1365\" \/>\n\t<meta property=\"og:image:height\" content=\"2048\" \/>\n\t<meta property=\"og:image:type\" content=\"image\/webp\" \/>\n<meta name=\"twitter:card\" content=\"summary_large_image\" \/>\n<meta name=\"twitter:label1\" content=\"Estimated reading time\" \/>\n\t<meta name=\"twitter:data1\" content=\"2 minutes\" \/>\n<script type=\"application\/ld+json\" class=\"yoast-schema-graph\">{\"@context\":\"https:\/\/schema.org\",\"@graph\":[{\"@type\":\"WebPage\",\"@id\":\"https:\/\/www.tattja.com\/product\/damske-oblecenie-dvojset-ingeborg-cerveno-oranzovy-lososovy\/\",\"url\":\"https:\/\/www.tattja.com\/product\/damske-oblecenie-dvojset-ingeborg-cerveno-oranzovy-lososovy\/\",\"name\":\"D\u00e1mske oble\u010denie 2-set INGEBORG \u010derveno-oran\u017eov\u00fd lososov\u00fd - TATTJA\",\"isPartOf\":{\"@id\":\"https:\/\/www.tattja.com\/#website\"},\"primaryImageOfPage\":{\"@id\":\"https:\/\/www.tattja.com\/product\/damske-oblecenie-dvojset-ingeborg-cerveno-oranzovy-lososovy\/#primaryimage\"},\"image\":{\"@id\":\"https:\/\/www.tattja.com\/product\/damske-oblecenie-dvojset-ingeborg-cerveno-oranzovy-lososovy\/#primaryimage\"},\"thumbnailUrl\":\"https:\/\/www.tattja.com\/wp-content\/uploads\/2025\/12\/cerveno-oranzovy-lososovy-dvojset-nakrcnik-ciapka-spredu-37.webp\",\"datePublished\":\"2025-08-08T05:43:27+00:00\",\"dateModified\":\"2026-04-05T17:45:03+00:00\",\"description\":\"D\u00e1mske oble\u010denie dvojset INGEBORG \u010derveno-oran\u017eov\u00fd lososov\u00fd \u2013 luxusn\u00e9 spojenie tepla, \u0161t\u00fdlu a \u017eiarivej energie v pr\u00e9miovej pletenine TATTJA.\",\"breadcrumb\":{\"@id\":\"https:\/\/www.tattja.com\/product\/damske-oblecenie-dvojset-ingeborg-cerveno-oranzovy-lososovy\/#breadcrumb\"},\"inLanguage\":\"en-GB\",\"potentialAction\":[{\"@type\":\"ReadAction\",\"target\":[\"https:\/\/www.tattja.com\/product\/damske-oblecenie-dvojset-ingeborg-cerveno-oranzovy-lososovy\/\"]}]},{\"@type\":\"ImageObject\",\"inLanguage\":\"en-GB\",\"@id\":\"https:\/\/www.tattja.com\/product\/damske-oblecenie-dvojset-ingeborg-cerveno-oranzovy-lososovy\/#primaryimage\",\"url\":\"https:\/\/www.tattja.com\/wp-content\/uploads\/2025\/12\/cerveno-oranzovy-lososovy-dvojset-nakrcnik-ciapka-spredu-37.webp\",\"contentUrl\":\"https:\/\/www.tattja.com\/wp-content\/uploads\/2025\/12\/cerveno-oranzovy-lososovy-dvojset-nakrcnik-ciapka-spredu-37.webp\",\"width\":1365,\"height\":2048,\"caption\":\"Dvojset \u010diapka + n\u00e1kr\u010dn\u00edk v \u010derveno-oran\u017eovo-lososovej farbe \u2013 predn\u00fd poh\u013ead\"},{\"@type\":\"BreadcrumbList\",\"@id\":\"https:\/\/www.tattja.com\/product\/damske-oblecenie-dvojset-ingeborg-cerveno-oranzovy-lososovy\/#breadcrumb\",\"itemListElement\":[{\"@type\":\"ListItem\",\"position\":1,\"name\":\"Domov\",\"item\":\"https:\/\/www.tattja.com\/\"},{\"@type\":\"ListItem\",\"position\":2,\"name\":\"Produkty\",\"item\":\"https:\/\/www.tattja.com\/damske-oblecenie-produkty\/\"},{\"@type\":\"ListItem\",\"position\":3,\"name\":\"D\u00e1mske oble\u010denie 2-set INGEBORG \u010derveno-oran\u017eov\u00fd lososov\u00fd\"}]},{\"@type\":\"WebSite\",\"@id\":\"https:\/\/www.tattja.com\/#website\",\"url\":\"https:\/\/www.tattja.com\/\",\"name\":\"TATTJA\",\"description\":\"D\u00e1mske oble\u010denie z extra jemnej merino vlny \u2014 ru\u010dne pleten\u00e9 na Slovensku\",\"potentialAction\":[{\"@type\":\"SearchAction\",\"target\":{\"@type\":\"EntryPoint\",\"urlTemplate\":\"https:\/\/www.tattja.com\/?s={search_term_string}\"},\"query-input\":{\"@type\":\"PropertyValueSpecification\",\"valueRequired\":true,\"valueName\":\"search_term_string\"}}],\"inLanguage\":\"en-GB\"}]}<\/script>\n<!-- \/ Yoast SEO plugin. -->","yoast_head_json":{"title":"D\u00e1mske oble\u010denie 2-set INGEBORG \u010derveno-oran\u017eov\u00fd lososov\u00fd - TATTJA","description":"D\u00e1mske oble\u010denie dvojset INGEBORG \u010derveno-oran\u017eov\u00fd lososov\u00fd \u2013 luxusn\u00e9 spojenie tepla, \u0161t\u00fdlu a \u017eiarivej energie v pr\u00e9miovej pletenine TATTJA.","robots":{"index":"index","follow":"follow","max-snippet":"max-snippet:-1","max-image-preview":"max-image-preview:large","max-video-preview":"max-video-preview:-1"},"canonical":"https:\/\/www.tattja.com\/en\/product\/damske-oblecenie-dvojset-ingeborg-cerveno-oranzovy-lososovy\/","og_locale":"en_GB","og_type":"article","og_title":"D\u00e1mske oble\u010denie 2-set INGEBORG \u010derveno-oran\u017eov\u00fd lososov\u00fd - TATTJA","og_description":"D\u00e1mske oble\u010denie dvojset INGEBORG \u010derveno-oran\u017eov\u00fd lososov\u00fd \u2013 luxusn\u00e9 spojenie tepla, \u0161t\u00fdlu a \u017eiarivej energie v pr\u00e9miovej pletenine TATTJA.","og_url":"https:\/\/www.tattja.com\/en\/product\/damske-oblecenie-dvojset-ingeborg-cerveno-oranzovy-lososovy\/","og_site_name":"TATTJA","article_modified_time":"2026-04-05T17:45:03+00:00","og_image":[{"width":1365,"height":2048,"url":"https:\/\/www.tattja.com\/wp-content\/uploads\/2025\/12\/cerveno-oranzovy-lososovy-dvojset-nakrcnik-ciapka-spredu-37.webp","type":"image\/webp"}],"twitter_card":"summary_large_image","twitter_misc":{"Estimated reading time":"2 minutes"},"schema":{"@context":"https:\/\/schema.org","@graph":[{"@type":"WebPage","@id":"https:\/\/www.tattja.com\/product\/damske-oblecenie-dvojset-ingeborg-cerveno-oranzovy-lososovy\/","url":"https:\/\/www.tattja.com\/product\/damske-oblecenie-dvojset-ingeborg-cerveno-oranzovy-lososovy\/","name":"D\u00e1mske oble\u010denie 2-set INGEBORG \u010derveno-oran\u017eov\u00fd lososov\u00fd - TATTJA","isPartOf":{"@id":"https:\/\/www.tattja.com\/#website"},"primaryImageOfPage":{"@id":"https:\/\/www.tattja.com\/product\/damske-oblecenie-dvojset-ingeborg-cerveno-oranzovy-lososovy\/#primaryimage"},"image":{"@id":"https:\/\/www.tattja.com\/product\/damske-oblecenie-dvojset-ingeborg-cerveno-oranzovy-lososovy\/#primaryimage"},"thumbnailUrl":"https:\/\/www.tattja.com\/wp-content\/uploads\/2025\/12\/cerveno-oranzovy-lososovy-dvojset-nakrcnik-ciapka-spredu-37.webp","datePublished":"2025-08-08T05:43:27+00:00","dateModified":"2026-04-05T17:45:03+00:00","description":"D\u00e1mske oble\u010denie dvojset INGEBORG \u010derveno-oran\u017eov\u00fd lososov\u00fd \u2013 luxusn\u00e9 spojenie tepla, \u0161t\u00fdlu a \u017eiarivej energie v pr\u00e9miovej pletenine TATTJA.","breadcrumb":{"@id":"https:\/\/www.tattja.com\/product\/damske-oblecenie-dvojset-ingeborg-cerveno-oranzovy-lososovy\/#breadcrumb"},"inLanguage":"en-GB","potentialAction":[{"@type":"ReadAction","target":["https:\/\/www.tattja.com\/product\/damske-oblecenie-dvojset-ingeborg-cerveno-oranzovy-lososovy\/"]}]},{"@type":"ImageObject","inLanguage":"en-GB","@id":"https:\/\/www.tattja.com\/product\/damske-oblecenie-dvojset-ingeborg-cerveno-oranzovy-lososovy\/#primaryimage","url":"https:\/\/www.tattja.com\/wp-content\/uploads\/2025\/12\/cerveno-oranzovy-lososovy-dvojset-nakrcnik-ciapka-spredu-37.webp","contentUrl":"https:\/\/www.tattja.com\/wp-content\/uploads\/2025\/12\/cerveno-oranzovy-lososovy-dvojset-nakrcnik-ciapka-spredu-37.webp","width":1365,"height":2048,"caption":"Dvojset \u010diapka + n\u00e1kr\u010dn\u00edk v \u010derveno-oran\u017eovo-lososovej farbe \u2013 predn\u00fd poh\u013ead"},{"@type":"BreadcrumbList","@id":"https:\/\/www.tattja.com\/product\/damske-oblecenie-dvojset-ingeborg-cerveno-oranzovy-lososovy\/#breadcrumb","itemListElement":[{"@type":"ListItem","position":1,"name":"Domov","item":"https:\/\/www.tattja.com\/"},{"@type":"ListItem","position":2,"name":"Produkty","item":"https:\/\/www.tattja.com\/damske-oblecenie-produkty\/"},{"@type":"ListItem","position":3,"name":"D\u00e1mske oble\u010denie 2-set INGEBORG \u010derveno-oran\u017eov\u00fd lososov\u00fd"}]},{"@type":"WebSite","@id":"https:\/\/www.tattja.com\/#website","url":"https:\/\/www.tattja.com\/","name":"TATTJA","description":"D\u00e1mske oble\u010denie z extra jemnej merino vlny \u2014 ru\u010dne pleten\u00e9 na Slovensku","potentialAction":[{"@type":"SearchAction","target":{"@type":"EntryPoint","urlTemplate":"https:\/\/www.tattja.com\/?s={search_term_string}"},"query-input":{"@type":"PropertyValueSpecification","valueRequired":true,"valueName":"search_term_string"}}],"inLanguage":"en-GB"}]}},"_links":{"self":[{"href":"https:\/\/www.tattja.com\/en\/wp-json\/wp\/v2\/product\/1880","targetHints":{"allow":["GET"]}}],"collection":[{"href":"https:\/\/www.tattja.com\/en\/wp-json\/wp\/v2\/product"}],"about":[{"href":"https:\/\/www.tattja.com\/en\/wp-json\/wp\/v2\/types\/product"}],"replies":[{"embeddable":true,"href":"https:\/\/www.tattja.com\/en\/wp-json\/wp\/v2\/comments?post=1880"}],"version-history":[{"count":6,"href":"https:\/\/www.tattja.com\/en\/wp-json\/wp\/v2\/product\/1880\/revisions"}],"predecessor-version":[{"id":7256,"href":"https:\/\/www.tattja.com\/en\/wp-json\/wp\/v2\/product\/1880\/revisions\/7256"}],"wp:featuredmedia":[{"embeddable":true,"href":"https:\/\/www.tattja.com\/en\/wp-json\/wp\/v2\/media\/7089"}],"wp:attachment":[{"href":"https:\/\/www.tattja.com\/en\/wp-json\/wp\/v2\/media?parent=1880"}],"wp:term":[{"taxonomy":"product_brand","embeddable":true,"href":"https:\/\/www.tattja.com\/en\/wp-json\/wp\/v2\/product_brand?post=1880"},{"taxonomy":"product_cat","embeddable":true,"href":"https:\/\/www.tattja.com\/en\/wp-json\/wp\/v2\/product_cat?post=1880"},{"taxonomy":"product_tag","embeddable":true,"href":"https:\/\/www.tattja.com\/en\/wp-json\/wp\/v2\/product_tag?post=1880"}],"curies":[{"name":"wp","href":"https:\/\/api.w.org\/{rel}","templated":true}]}}