{"id":1886,"date":"2025-08-08T07:51:14","date_gmt":"2025-08-08T05:51:14","guid":{"rendered":"https:\/\/www.tattja.com\/?post_type=product&#038;p=1886"},"modified":"2026-04-05T19:45:02","modified_gmt":"2026-04-05T17:45:02","slug":"trojset-mimir-cerveno-oranzovy-lososovy","status":"publish","type":"product","link":"https:\/\/www.tattja.com\/en\/product\/trojset-mimir-cerveno-oranzovy-lososovy\/","title":{"rendered":"D\u00e1mske oble\u010denie 3-set MIMIR \u010derveno-oran\u017eov\u00fd lososov\u00fd"},"content":{"rendered":"<p data-start=\"1043\" data-end=\"1382\"><strong data-start=\"1043\" data-end=\"1103\">Women's clothing three-set MIMIR red-orange salmon<\/strong> combines passion, energy and elegance into one harmonious whole. Luxury knitted set <strong data-start=\"1188\" data-end=\"1198\">TATTJA<\/strong> It consists of three iconic pieces - a neck warmer, armbands and a cap with a visor. Each element has been thought out in detail to work together to create the perfect balance between style and comfort.<\/p>\n<p data-start=\"1384\" data-end=\"1720\">The salmon-red shade symbolizes femininity, strength and vitality. It is full of life and acts as a refreshing accent in every woman's wardrobe. This shade brings a feeling of warmth and courage, yet exudes softness and refinement. Combined with a minimalist design, it creates an effect of timeless elegance that looks feminine and modern at the same time.<\/p>\n<p data-start=\"1722\" data-end=\"2100\">The soft neckwarmer envelops the shoulders and neck in comfortable warmth, accentuating the elegance of the body line. The sleeves add pizzazz and functionality, while the beanie cap crowns the whole look with a modern urban touch. Each piece is made from a quality ribbed knit that is stretchy, soft and breathable. This allows the set to adapt to the body's movement and provide comfort throughout the day.<\/p>\n<p data-start=\"2102\" data-end=\"2342\"><strong data-start=\"2102\" data-end=\"2162\">Women's clothing three-set MIMIR red-orange salmon<\/strong> is ideal for women who seek a balance between expression and comfort in fashion. It brings the possibility of creative layering and is easy to combine with other pieces of the collection <strong data-start=\"2329\" data-end=\"2339\">TATTJA<\/strong>.<\/p>\n<p data-start=\"2344\" data-end=\"2437\">The three-piece becomes more than just an accessory - it is a display of personality, courage and natural beauty.<\/p>\n<p data-start=\"2344\" data-end=\"2437\">Discover the beauty of delicacy, sophisticated details and feminine style that will keep you warm and <a href=\"https:\/\/www.tattja.com\/en\/product-category\/damske-oblecenie\/trojsety-3\/nakrcnik-a-rukavniky-a-ciapka\/\">in other colours<\/a>.<\/p>\n<p data-start=\"2439\" data-end=\"2614\"><strong data-start=\"2439\" data-end=\"2496\">See, <a href=\"https:\/\/shop.bogensberger.co.at\/produkt-schlagwort\/merino-extrafein\/\">from what materials<\/a> we produce our pieces<\/strong> and discover the world <strong data-start=\"2512\" data-end=\"2522\">TATTJA<\/strong>, where luxury meets comfort, femininity meets energy and design meets everyday elegance.<\/p>","protected":false},"excerpt":{"rendered":"<p><strong data-start=\"663\" data-end=\"723\">Women's clothing three-set MIMIR red-orange salmon<\/strong> is a combination of elegance, energy and feminine charm. The neckwarmer wraps the shoulders, the sleeves add warmth and the beanie cap creates a modern accent. The salmon-red tone exudes warmth, determination and confidence. The perfect set for women who love colour and luxury in every detail.<\/p>","protected":false},"featured_media":7119,"comment_status":"open","ping_status":"closed","template":"","meta":[],"product_brand":[],"product_cat":[284,300,287,169,171],"product_tag":[],"class_list":{"0":"post-1886","1":"product","2":"type-product","3":"status-publish","4":"has-post-thumbnail","6":"product_cat-trojsety-3","7":"product_cat-damske-oblecenie","8":"product_cat-nakrcnik-a-rukavniky-a-ciapka","9":"product_cat-pleteninove-doplnky-cervenooranzove-lososove","10":"product_cat-trojsety-cervenooranzove-lososove","12":"first","13":"instock","14":"taxable","15":"shipping-taxable","16":"purchasable","17":"product-type-simple"},"yoast_head":"<!-- This site is optimized with the Yoast SEO plugin v26.0 - https:\/\/yoast.com\/wordpress\/plugins\/seo\/ -->\n<title>D\u00e1mske oble\u010denie 3-set MIMIR \u010derveno-oran\u017eov\u00fd lososov\u00fd - TATTJA<\/title>\n<meta name=\"description\" content=\"D\u00e1mske oble\u010denie trojset MIMIR \u010derveno-oran\u017eov\u00fd lososov\u00fd \u2013 luxusn\u00fd pleten\u00fd set TATTJA, ktor\u00fd sp\u00e1ja energiu farby s eleganciou a pohodl\u00edm.\" \/>\n<meta name=\"robots\" content=\"index, follow, max-snippet:-1, max-image-preview:large, max-video-preview:-1\" \/>\n<link rel=\"canonical\" href=\"https:\/\/www.tattja.com\/en\/product\/trojset-mimir-cerveno-oranzovy-lososovy\/\" \/>\n<meta property=\"og:locale\" content=\"en_GB\" \/>\n<meta property=\"og:type\" content=\"article\" \/>\n<meta property=\"og:title\" content=\"D\u00e1mske oble\u010denie 3-set MIMIR \u010derveno-oran\u017eov\u00fd lososov\u00fd - TATTJA\" \/>\n<meta property=\"og:description\" content=\"D\u00e1mske oble\u010denie trojset MIMIR \u010derveno-oran\u017eov\u00fd lososov\u00fd \u2013 luxusn\u00fd pleten\u00fd set TATTJA, ktor\u00fd sp\u00e1ja energiu farby s eleganciou a pohodl\u00edm.\" \/>\n<meta property=\"og:url\" content=\"https:\/\/www.tattja.com\/en\/product\/trojset-mimir-cerveno-oranzovy-lososovy\/\" \/>\n<meta property=\"og:site_name\" content=\"TATTJA\" \/>\n<meta property=\"article:modified_time\" content=\"2026-04-05T17:45:02+00:00\" \/>\n<meta property=\"og:image\" content=\"https:\/\/www.tattja.com\/wp-content\/uploads\/2025\/12\/cerveno-oranzovy-lososovy-trojset-nakrcnik-rukavniky-ciapka-spredu-22.webp\" \/>\n\t<meta property=\"og:image:width\" content=\"1365\" \/>\n\t<meta property=\"og:image:height\" content=\"2048\" \/>\n\t<meta property=\"og:image:type\" content=\"image\/webp\" \/>\n<meta name=\"twitter:card\" content=\"summary_large_image\" \/>\n<meta name=\"twitter:label1\" content=\"Estimated reading time\" \/>\n\t<meta name=\"twitter:data1\" content=\"2 minutes\" \/>\n<script type=\"application\/ld+json\" class=\"yoast-schema-graph\">{\"@context\":\"https:\/\/schema.org\",\"@graph\":[{\"@type\":\"WebPage\",\"@id\":\"https:\/\/www.tattja.com\/product\/trojset-mimir-cerveno-oranzovy-lososovy\/\",\"url\":\"https:\/\/www.tattja.com\/product\/trojset-mimir-cerveno-oranzovy-lososovy\/\",\"name\":\"D\u00e1mske oble\u010denie 3-set MIMIR \u010derveno-oran\u017eov\u00fd lososov\u00fd - TATTJA\",\"isPartOf\":{\"@id\":\"https:\/\/www.tattja.com\/#website\"},\"primaryImageOfPage\":{\"@id\":\"https:\/\/www.tattja.com\/product\/trojset-mimir-cerveno-oranzovy-lososovy\/#primaryimage\"},\"image\":{\"@id\":\"https:\/\/www.tattja.com\/product\/trojset-mimir-cerveno-oranzovy-lososovy\/#primaryimage\"},\"thumbnailUrl\":\"https:\/\/www.tattja.com\/wp-content\/uploads\/2025\/12\/cerveno-oranzovy-lososovy-trojset-nakrcnik-rukavniky-ciapka-spredu-22.webp\",\"datePublished\":\"2025-08-08T05:51:14+00:00\",\"dateModified\":\"2026-04-05T17:45:02+00:00\",\"description\":\"D\u00e1mske oble\u010denie trojset MIMIR \u010derveno-oran\u017eov\u00fd lososov\u00fd \u2013 luxusn\u00fd pleten\u00fd set TATTJA, ktor\u00fd sp\u00e1ja energiu farby s eleganciou a pohodl\u00edm.\",\"breadcrumb\":{\"@id\":\"https:\/\/www.tattja.com\/product\/trojset-mimir-cerveno-oranzovy-lososovy\/#breadcrumb\"},\"inLanguage\":\"en-GB\",\"potentialAction\":[{\"@type\":\"ReadAction\",\"target\":[\"https:\/\/www.tattja.com\/product\/trojset-mimir-cerveno-oranzovy-lososovy\/\"]}]},{\"@type\":\"ImageObject\",\"inLanguage\":\"en-GB\",\"@id\":\"https:\/\/www.tattja.com\/product\/trojset-mimir-cerveno-oranzovy-lososovy\/#primaryimage\",\"url\":\"https:\/\/www.tattja.com\/wp-content\/uploads\/2025\/12\/cerveno-oranzovy-lososovy-trojset-nakrcnik-rukavniky-ciapka-spredu-22.webp\",\"contentUrl\":\"https:\/\/www.tattja.com\/wp-content\/uploads\/2025\/12\/cerveno-oranzovy-lososovy-trojset-nakrcnik-rukavniky-ciapka-spredu-22.webp\",\"width\":1365,\"height\":2048,\"caption\":\"Trojset n\u00e1kr\u010dn\u00edk + ruk\u00e1vniky + \u010diapka v \u010derveno-oran\u017eovo-lososovej farbe \u2013 predn\u00fd poh\u013ead\"},{\"@type\":\"BreadcrumbList\",\"@id\":\"https:\/\/www.tattja.com\/product\/trojset-mimir-cerveno-oranzovy-lososovy\/#breadcrumb\",\"itemListElement\":[{\"@type\":\"ListItem\",\"position\":1,\"name\":\"Domov\",\"item\":\"https:\/\/www.tattja.com\/\"},{\"@type\":\"ListItem\",\"position\":2,\"name\":\"Produkty\",\"item\":\"https:\/\/www.tattja.com\/damske-oblecenie-produkty\/\"},{\"@type\":\"ListItem\",\"position\":3,\"name\":\"D\u00e1mske oble\u010denie 3-set MIMIR \u010derveno-oran\u017eov\u00fd lososov\u00fd\"}]},{\"@type\":\"WebSite\",\"@id\":\"https:\/\/www.tattja.com\/#website\",\"url\":\"https:\/\/www.tattja.com\/\",\"name\":\"TATTJA\",\"description\":\"D\u00e1mske oble\u010denie z extra jemnej merino vlny \u2014 ru\u010dne pleten\u00e9 na Slovensku\",\"potentialAction\":[{\"@type\":\"SearchAction\",\"target\":{\"@type\":\"EntryPoint\",\"urlTemplate\":\"https:\/\/www.tattja.com\/?s={search_term_string}\"},\"query-input\":{\"@type\":\"PropertyValueSpecification\",\"valueRequired\":true,\"valueName\":\"search_term_string\"}}],\"inLanguage\":\"en-GB\"}]}<\/script>\n<!-- \/ Yoast SEO plugin. -->","yoast_head_json":{"title":"D\u00e1mske oble\u010denie 3-set MIMIR \u010derveno-oran\u017eov\u00fd lososov\u00fd - TATTJA","description":"D\u00e1mske oble\u010denie trojset MIMIR \u010derveno-oran\u017eov\u00fd lososov\u00fd \u2013 luxusn\u00fd pleten\u00fd set TATTJA, ktor\u00fd sp\u00e1ja energiu farby s eleganciou a pohodl\u00edm.","robots":{"index":"index","follow":"follow","max-snippet":"max-snippet:-1","max-image-preview":"max-image-preview:large","max-video-preview":"max-video-preview:-1"},"canonical":"https:\/\/www.tattja.com\/en\/product\/trojset-mimir-cerveno-oranzovy-lososovy\/","og_locale":"en_GB","og_type":"article","og_title":"D\u00e1mske oble\u010denie 3-set MIMIR \u010derveno-oran\u017eov\u00fd lososov\u00fd - TATTJA","og_description":"D\u00e1mske oble\u010denie trojset MIMIR \u010derveno-oran\u017eov\u00fd lososov\u00fd \u2013 luxusn\u00fd pleten\u00fd set TATTJA, ktor\u00fd sp\u00e1ja energiu farby s eleganciou a pohodl\u00edm.","og_url":"https:\/\/www.tattja.com\/en\/product\/trojset-mimir-cerveno-oranzovy-lososovy\/","og_site_name":"TATTJA","article_modified_time":"2026-04-05T17:45:02+00:00","og_image":[{"width":1365,"height":2048,"url":"https:\/\/www.tattja.com\/wp-content\/uploads\/2025\/12\/cerveno-oranzovy-lososovy-trojset-nakrcnik-rukavniky-ciapka-spredu-22.webp","type":"image\/webp"}],"twitter_card":"summary_large_image","twitter_misc":{"Estimated reading time":"2 minutes"},"schema":{"@context":"https:\/\/schema.org","@graph":[{"@type":"WebPage","@id":"https:\/\/www.tattja.com\/product\/trojset-mimir-cerveno-oranzovy-lososovy\/","url":"https:\/\/www.tattja.com\/product\/trojset-mimir-cerveno-oranzovy-lososovy\/","name":"D\u00e1mske oble\u010denie 3-set MIMIR \u010derveno-oran\u017eov\u00fd lososov\u00fd - TATTJA","isPartOf":{"@id":"https:\/\/www.tattja.com\/#website"},"primaryImageOfPage":{"@id":"https:\/\/www.tattja.com\/product\/trojset-mimir-cerveno-oranzovy-lososovy\/#primaryimage"},"image":{"@id":"https:\/\/www.tattja.com\/product\/trojset-mimir-cerveno-oranzovy-lososovy\/#primaryimage"},"thumbnailUrl":"https:\/\/www.tattja.com\/wp-content\/uploads\/2025\/12\/cerveno-oranzovy-lososovy-trojset-nakrcnik-rukavniky-ciapka-spredu-22.webp","datePublished":"2025-08-08T05:51:14+00:00","dateModified":"2026-04-05T17:45:02+00:00","description":"D\u00e1mske oble\u010denie trojset MIMIR \u010derveno-oran\u017eov\u00fd lososov\u00fd \u2013 luxusn\u00fd pleten\u00fd set TATTJA, ktor\u00fd sp\u00e1ja energiu farby s eleganciou a pohodl\u00edm.","breadcrumb":{"@id":"https:\/\/www.tattja.com\/product\/trojset-mimir-cerveno-oranzovy-lososovy\/#breadcrumb"},"inLanguage":"en-GB","potentialAction":[{"@type":"ReadAction","target":["https:\/\/www.tattja.com\/product\/trojset-mimir-cerveno-oranzovy-lososovy\/"]}]},{"@type":"ImageObject","inLanguage":"en-GB","@id":"https:\/\/www.tattja.com\/product\/trojset-mimir-cerveno-oranzovy-lososovy\/#primaryimage","url":"https:\/\/www.tattja.com\/wp-content\/uploads\/2025\/12\/cerveno-oranzovy-lososovy-trojset-nakrcnik-rukavniky-ciapka-spredu-22.webp","contentUrl":"https:\/\/www.tattja.com\/wp-content\/uploads\/2025\/12\/cerveno-oranzovy-lososovy-trojset-nakrcnik-rukavniky-ciapka-spredu-22.webp","width":1365,"height":2048,"caption":"Trojset n\u00e1kr\u010dn\u00edk + ruk\u00e1vniky + \u010diapka v \u010derveno-oran\u017eovo-lososovej farbe \u2013 predn\u00fd poh\u013ead"},{"@type":"BreadcrumbList","@id":"https:\/\/www.tattja.com\/product\/trojset-mimir-cerveno-oranzovy-lososovy\/#breadcrumb","itemListElement":[{"@type":"ListItem","position":1,"name":"Domov","item":"https:\/\/www.tattja.com\/"},{"@type":"ListItem","position":2,"name":"Produkty","item":"https:\/\/www.tattja.com\/damske-oblecenie-produkty\/"},{"@type":"ListItem","position":3,"name":"D\u00e1mske oble\u010denie 3-set MIMIR \u010derveno-oran\u017eov\u00fd lososov\u00fd"}]},{"@type":"WebSite","@id":"https:\/\/www.tattja.com\/#website","url":"https:\/\/www.tattja.com\/","name":"TATTJA","description":"D\u00e1mske oble\u010denie z extra jemnej merino vlny \u2014 ru\u010dne pleten\u00e9 na Slovensku","potentialAction":[{"@type":"SearchAction","target":{"@type":"EntryPoint","urlTemplate":"https:\/\/www.tattja.com\/?s={search_term_string}"},"query-input":{"@type":"PropertyValueSpecification","valueRequired":true,"valueName":"search_term_string"}}],"inLanguage":"en-GB"}]}},"_links":{"self":[{"href":"https:\/\/www.tattja.com\/en\/wp-json\/wp\/v2\/product\/1886","targetHints":{"allow":["GET"]}}],"collection":[{"href":"https:\/\/www.tattja.com\/en\/wp-json\/wp\/v2\/product"}],"about":[{"href":"https:\/\/www.tattja.com\/en\/wp-json\/wp\/v2\/types\/product"}],"replies":[{"embeddable":true,"href":"https:\/\/www.tattja.com\/en\/wp-json\/wp\/v2\/comments?post=1886"}],"version-history":[{"count":6,"href":"https:\/\/www.tattja.com\/en\/wp-json\/wp\/v2\/product\/1886\/revisions"}],"predecessor-version":[{"id":7253,"href":"https:\/\/www.tattja.com\/en\/wp-json\/wp\/v2\/product\/1886\/revisions\/7253"}],"wp:featuredmedia":[{"embeddable":true,"href":"https:\/\/www.tattja.com\/en\/wp-json\/wp\/v2\/media\/7119"}],"wp:attachment":[{"href":"https:\/\/www.tattja.com\/en\/wp-json\/wp\/v2\/media?parent=1886"}],"wp:term":[{"taxonomy":"product_brand","embeddable":true,"href":"https:\/\/www.tattja.com\/en\/wp-json\/wp\/v2\/product_brand?post=1886"},{"taxonomy":"product_cat","embeddable":true,"href":"https:\/\/www.tattja.com\/en\/wp-json\/wp\/v2\/product_cat?post=1886"},{"taxonomy":"product_tag","embeddable":true,"href":"https:\/\/www.tattja.com\/en\/wp-json\/wp\/v2\/product_tag?post=1886"}],"curies":[{"name":"wp","href":"https:\/\/api.w.org\/{rel}","templated":true}]}}