{"id":1894,"date":"2025-08-11T10:13:06","date_gmt":"2025-08-11T08:13:06","guid":{"rendered":"https:\/\/www.tattja.com\/?post_type=product&#038;p=1894"},"modified":"2026-04-05T19:45:01","modified_gmt":"2026-04-05T17:45:01","slug":"rukavniky-katja-cyklamenove","status":"publish","type":"product","link":"https:\/\/www.tattja.com\/en\/product\/rukavniky-katja-cyklamenove\/","title":{"rendered":"Women's clothing sleeves KATJA cyclamen"},"content":{"rendered":"<p data-start=\"900\" data-end=\"1250\"><strong data-start=\"900\" data-end=\"948\">Women's clothing sleeves KATJA cyclamen<\/strong> bring a combination of luxury, comfort and distinctive style. This elegant knitted accessory from the <strong data-start=\"1047\" data-end=\"1057\">TATTJA<\/strong> warms, enhances femininity and energizes every outfit. Thanks to the soft knit fabric with a fine ribbed structure, the sleeves wrap nicely around the arms and provide comfort on colder days.<\/p>\n<p data-start=\"1252\" data-end=\"1622\">The cyclamen colour looks strong, confident and optimistic. It is ideal for women who are not afraid to stand out and love colours with a charge of energy. This shade instantly brightens up both minimalist and elegant outfits and adds a stylish contrast. KATJA's cyclamen sleeves are the perfect way to bring a bold yet sophisticated element to everyday dressing.<\/p>\n<p data-start=\"1624\" data-end=\"1915\">Their universal cut allows you to combine them with a shirt, dress, coat or sweater. Every detail is designed to support the feminine silhouette and bring a balance between function and beauty. The material of the armbands is soft, warm and breathable at the same time, guaranteeing comfort with every movement.<\/p>\n<p data-start=\"1917\" data-end=\"2137\">KATJA women's cyclamen sleeves are more than just a practical accessory. They are an expression of personality, taste and love of detail. Their sophisticated workmanship and premium quality make them a timeless piece that will stand out in every season.<\/p>\n<p data-start=\"2139\" data-end=\"2244\">Discover the beauty of delicacy, sophisticated details and feminine style that will keep you warm and <a href=\"https:\/\/www.tattja.com\/en\/product-category\/damske-oblecenie\/doplnky-jednotlivo\/rukavniky-2\/\">in other colours.<\/a><\/p>\n<p data-start=\"2246\" data-end=\"2391\"><strong data-start=\"2246\" data-end=\"2300\">See, <a href=\"https:\/\/shop.bogensberger.co.at\/produkt-schlagwort\/merino-extrafein\/\">from what materials <\/a>we produce our pieces<\/strong> and indulge in the combination of luxury, comfort and originality that defines the brand <strong data-start=\"2378\" data-end=\"2388\">TATTJA<\/strong>.<\/p>","protected":false},"excerpt":{"rendered":"<p><strong data-start=\"695\" data-end=\"743\">Women's clothing sleeves KATJA cyclamen<\/strong> are distinctive knitted accessories that combine comfort, style and feminine energy. They will add boldness and refinement to your outfit.<\/p>","protected":false},"featured_media":2231,"comment_status":"open","ping_status":"closed","template":"","meta":[],"product_brand":[],"product_cat":[300,298,134,281,125],"product_tag":[],"class_list":{"0":"post-1894","1":"product","2":"type-product","3":"status-publish","4":"has-post-thumbnail","6":"product_cat-damske-oblecenie","7":"product_cat-doplnky-jednotlivo","8":"product_cat-pleteninove-doplnky-cyklamenove","9":"product_cat-rukavniky-2","10":"product_cat-rukavniky","12":"first","13":"instock","14":"taxable","15":"shipping-taxable","16":"purchasable","17":"product-type-simple"},"yoast_head":"<!-- This site is optimized with the Yoast SEO plugin v26.0 - https:\/\/yoast.com\/wordpress\/plugins\/seo\/ -->\n<title>D\u00e1mske oble\u010denie ruk\u00e1vniky KATJA cykl\u00e1menov\u00e9 - TATTJA<\/title>\n<meta name=\"description\" content=\"D\u00e1mske oble\u010denie ruk\u00e1vniky KATJA cykl\u00e1menov\u00e9 \u2013 luxusn\u00e9 pleten\u00e9 doplnky, ktor\u00e9 dodaj\u00fa energiu, \u0161t\u00fdl a \u017eenskos\u0165. Pre \u017eeny, ktor\u00e9 miluj\u00fa eleganciu.\" \/>\n<meta name=\"robots\" content=\"index, follow, max-snippet:-1, max-image-preview:large, max-video-preview:-1\" \/>\n<link rel=\"canonical\" href=\"https:\/\/www.tattja.com\/en\/product\/rukavniky-katja-cyklamenove\/\" \/>\n<meta property=\"og:locale\" content=\"en_GB\" \/>\n<meta property=\"og:type\" content=\"article\" \/>\n<meta property=\"og:title\" content=\"D\u00e1mske oble\u010denie ruk\u00e1vniky KATJA cykl\u00e1menov\u00e9 - TATTJA\" \/>\n<meta property=\"og:description\" content=\"D\u00e1mske oble\u010denie ruk\u00e1vniky KATJA cykl\u00e1menov\u00e9 \u2013 luxusn\u00e9 pleten\u00e9 doplnky, ktor\u00e9 dodaj\u00fa energiu, \u0161t\u00fdl a \u017eenskos\u0165. Pre \u017eeny, ktor\u00e9 miluj\u00fa eleganciu.\" \/>\n<meta property=\"og:url\" content=\"https:\/\/www.tattja.com\/en\/product\/rukavniky-katja-cyklamenove\/\" \/>\n<meta property=\"og:site_name\" content=\"TATTJA\" \/>\n<meta property=\"article:modified_time\" content=\"2026-04-05T17:45:01+00:00\" \/>\n<meta property=\"og:image\" content=\"https:\/\/www.tattja.com\/wp-content\/uploads\/2025\/08\/cyklamenovy-rukavniky-spredu.webp\" \/>\n\t<meta property=\"og:image:width\" content=\"1365\" \/>\n\t<meta property=\"og:image:height\" content=\"2047\" \/>\n\t<meta property=\"og:image:type\" content=\"image\/webp\" \/>\n<meta name=\"twitter:card\" content=\"summary_large_image\" \/>\n<meta name=\"twitter:label1\" content=\"Estimated reading time\" \/>\n\t<meta name=\"twitter:data1\" content=\"2 minutes\" \/>\n<script type=\"application\/ld+json\" class=\"yoast-schema-graph\">{\"@context\":\"https:\/\/schema.org\",\"@graph\":[{\"@type\":\"WebPage\",\"@id\":\"https:\/\/www.tattja.com\/product\/rukavniky-katja-cyklamenove\/\",\"url\":\"https:\/\/www.tattja.com\/product\/rukavniky-katja-cyklamenove\/\",\"name\":\"D\u00e1mske oble\u010denie ruk\u00e1vniky KATJA cykl\u00e1menov\u00e9 - TATTJA\",\"isPartOf\":{\"@id\":\"https:\/\/www.tattja.com\/#website\"},\"primaryImageOfPage\":{\"@id\":\"https:\/\/www.tattja.com\/product\/rukavniky-katja-cyklamenove\/#primaryimage\"},\"image\":{\"@id\":\"https:\/\/www.tattja.com\/product\/rukavniky-katja-cyklamenove\/#primaryimage\"},\"thumbnailUrl\":\"https:\/\/www.tattja.com\/wp-content\/uploads\/2025\/08\/cyklamenovy-rukavniky-spredu.webp\",\"datePublished\":\"2025-08-11T08:13:06+00:00\",\"dateModified\":\"2026-04-05T17:45:01+00:00\",\"description\":\"D\u00e1mske oble\u010denie ruk\u00e1vniky KATJA cykl\u00e1menov\u00e9 \u2013 luxusn\u00e9 pleten\u00e9 doplnky, ktor\u00e9 dodaj\u00fa energiu, \u0161t\u00fdl a \u017eenskos\u0165. Pre \u017eeny, ktor\u00e9 miluj\u00fa eleganciu.\",\"breadcrumb\":{\"@id\":\"https:\/\/www.tattja.com\/product\/rukavniky-katja-cyklamenove\/#breadcrumb\"},\"inLanguage\":\"en-GB\",\"potentialAction\":[{\"@type\":\"ReadAction\",\"target\":[\"https:\/\/www.tattja.com\/product\/rukavniky-katja-cyklamenove\/\"]}]},{\"@type\":\"ImageObject\",\"inLanguage\":\"en-GB\",\"@id\":\"https:\/\/www.tattja.com\/product\/rukavniky-katja-cyklamenove\/#primaryimage\",\"url\":\"https:\/\/www.tattja.com\/wp-content\/uploads\/2025\/08\/cyklamenovy-rukavniky-spredu.webp\",\"contentUrl\":\"https:\/\/www.tattja.com\/wp-content\/uploads\/2025\/08\/cyklamenovy-rukavniky-spredu.webp\",\"width\":1365,\"height\":2047,\"caption\":\"Ruk\u00e1vniky KATJA \u2013 cykl\u00e1menov\u00e9 pleten\u00e9 ruk\u00e1vniky TATTJA | predn\u00fd poh\u013ead\"},{\"@type\":\"BreadcrumbList\",\"@id\":\"https:\/\/www.tattja.com\/product\/rukavniky-katja-cyklamenove\/#breadcrumb\",\"itemListElement\":[{\"@type\":\"ListItem\",\"position\":1,\"name\":\"Domov\",\"item\":\"https:\/\/www.tattja.com\/\"},{\"@type\":\"ListItem\",\"position\":2,\"name\":\"Produkty\",\"item\":\"https:\/\/www.tattja.com\/damske-oblecenie-produkty\/\"},{\"@type\":\"ListItem\",\"position\":3,\"name\":\"D\u00e1mske oble\u010denie ruk\u00e1vniky KATJA cykl\u00e1menov\u00e9\"}]},{\"@type\":\"WebSite\",\"@id\":\"https:\/\/www.tattja.com\/#website\",\"url\":\"https:\/\/www.tattja.com\/\",\"name\":\"TATTJA\",\"description\":\"D\u00e1mske oble\u010denie z extra jemnej merino vlny \u2014 ru\u010dne pleten\u00e9 na Slovensku\",\"potentialAction\":[{\"@type\":\"SearchAction\",\"target\":{\"@type\":\"EntryPoint\",\"urlTemplate\":\"https:\/\/www.tattja.com\/?s={search_term_string}\"},\"query-input\":{\"@type\":\"PropertyValueSpecification\",\"valueRequired\":true,\"valueName\":\"search_term_string\"}}],\"inLanguage\":\"en-GB\"}]}<\/script>\n<!-- \/ Yoast SEO plugin. -->","yoast_head_json":{"title":"D\u00e1mske oble\u010denie ruk\u00e1vniky KATJA cykl\u00e1menov\u00e9 - TATTJA","description":"D\u00e1mske oble\u010denie ruk\u00e1vniky KATJA cykl\u00e1menov\u00e9 \u2013 luxusn\u00e9 pleten\u00e9 doplnky, ktor\u00e9 dodaj\u00fa energiu, \u0161t\u00fdl a \u017eenskos\u0165. Pre \u017eeny, ktor\u00e9 miluj\u00fa eleganciu.","robots":{"index":"index","follow":"follow","max-snippet":"max-snippet:-1","max-image-preview":"max-image-preview:large","max-video-preview":"max-video-preview:-1"},"canonical":"https:\/\/www.tattja.com\/en\/product\/rukavniky-katja-cyklamenove\/","og_locale":"en_GB","og_type":"article","og_title":"D\u00e1mske oble\u010denie ruk\u00e1vniky KATJA cykl\u00e1menov\u00e9 - TATTJA","og_description":"D\u00e1mske oble\u010denie ruk\u00e1vniky KATJA cykl\u00e1menov\u00e9 \u2013 luxusn\u00e9 pleten\u00e9 doplnky, ktor\u00e9 dodaj\u00fa energiu, \u0161t\u00fdl a \u017eenskos\u0165. Pre \u017eeny, ktor\u00e9 miluj\u00fa eleganciu.","og_url":"https:\/\/www.tattja.com\/en\/product\/rukavniky-katja-cyklamenove\/","og_site_name":"TATTJA","article_modified_time":"2026-04-05T17:45:01+00:00","og_image":[{"width":1365,"height":2047,"url":"https:\/\/www.tattja.com\/wp-content\/uploads\/2025\/08\/cyklamenovy-rukavniky-spredu.webp","type":"image\/webp"}],"twitter_card":"summary_large_image","twitter_misc":{"Estimated reading time":"2 minutes"},"schema":{"@context":"https:\/\/schema.org","@graph":[{"@type":"WebPage","@id":"https:\/\/www.tattja.com\/product\/rukavniky-katja-cyklamenove\/","url":"https:\/\/www.tattja.com\/product\/rukavniky-katja-cyklamenove\/","name":"D\u00e1mske oble\u010denie ruk\u00e1vniky KATJA cykl\u00e1menov\u00e9 - TATTJA","isPartOf":{"@id":"https:\/\/www.tattja.com\/#website"},"primaryImageOfPage":{"@id":"https:\/\/www.tattja.com\/product\/rukavniky-katja-cyklamenove\/#primaryimage"},"image":{"@id":"https:\/\/www.tattja.com\/product\/rukavniky-katja-cyklamenove\/#primaryimage"},"thumbnailUrl":"https:\/\/www.tattja.com\/wp-content\/uploads\/2025\/08\/cyklamenovy-rukavniky-spredu.webp","datePublished":"2025-08-11T08:13:06+00:00","dateModified":"2026-04-05T17:45:01+00:00","description":"D\u00e1mske oble\u010denie ruk\u00e1vniky KATJA cykl\u00e1menov\u00e9 \u2013 luxusn\u00e9 pleten\u00e9 doplnky, ktor\u00e9 dodaj\u00fa energiu, \u0161t\u00fdl a \u017eenskos\u0165. Pre \u017eeny, ktor\u00e9 miluj\u00fa eleganciu.","breadcrumb":{"@id":"https:\/\/www.tattja.com\/product\/rukavniky-katja-cyklamenove\/#breadcrumb"},"inLanguage":"en-GB","potentialAction":[{"@type":"ReadAction","target":["https:\/\/www.tattja.com\/product\/rukavniky-katja-cyklamenove\/"]}]},{"@type":"ImageObject","inLanguage":"en-GB","@id":"https:\/\/www.tattja.com\/product\/rukavniky-katja-cyklamenove\/#primaryimage","url":"https:\/\/www.tattja.com\/wp-content\/uploads\/2025\/08\/cyklamenovy-rukavniky-spredu.webp","contentUrl":"https:\/\/www.tattja.com\/wp-content\/uploads\/2025\/08\/cyklamenovy-rukavniky-spredu.webp","width":1365,"height":2047,"caption":"Ruk\u00e1vniky KATJA \u2013 cykl\u00e1menov\u00e9 pleten\u00e9 ruk\u00e1vniky TATTJA | predn\u00fd poh\u013ead"},{"@type":"BreadcrumbList","@id":"https:\/\/www.tattja.com\/product\/rukavniky-katja-cyklamenove\/#breadcrumb","itemListElement":[{"@type":"ListItem","position":1,"name":"Domov","item":"https:\/\/www.tattja.com\/"},{"@type":"ListItem","position":2,"name":"Produkty","item":"https:\/\/www.tattja.com\/damske-oblecenie-produkty\/"},{"@type":"ListItem","position":3,"name":"D\u00e1mske oble\u010denie ruk\u00e1vniky KATJA cykl\u00e1menov\u00e9"}]},{"@type":"WebSite","@id":"https:\/\/www.tattja.com\/#website","url":"https:\/\/www.tattja.com\/","name":"TATTJA","description":"D\u00e1mske oble\u010denie z extra jemnej merino vlny \u2014 ru\u010dne pleten\u00e9 na Slovensku","potentialAction":[{"@type":"SearchAction","target":{"@type":"EntryPoint","urlTemplate":"https:\/\/www.tattja.com\/?s={search_term_string}"},"query-input":{"@type":"PropertyValueSpecification","valueRequired":true,"valueName":"search_term_string"}}],"inLanguage":"en-GB"}]}},"_links":{"self":[{"href":"https:\/\/www.tattja.com\/en\/wp-json\/wp\/v2\/product\/1894","targetHints":{"allow":["GET"]}}],"collection":[{"href":"https:\/\/www.tattja.com\/en\/wp-json\/wp\/v2\/product"}],"about":[{"href":"https:\/\/www.tattja.com\/en\/wp-json\/wp\/v2\/types\/product"}],"replies":[{"embeddable":true,"href":"https:\/\/www.tattja.com\/en\/wp-json\/wp\/v2\/comments?post=1894"}],"version-history":[{"count":5,"href":"https:\/\/www.tattja.com\/en\/wp-json\/wp\/v2\/product\/1894\/revisions"}],"predecessor-version":[{"id":5878,"href":"https:\/\/www.tattja.com\/en\/wp-json\/wp\/v2\/product\/1894\/revisions\/5878"}],"wp:featuredmedia":[{"embeddable":true,"href":"https:\/\/www.tattja.com\/en\/wp-json\/wp\/v2\/media\/2231"}],"wp:attachment":[{"href":"https:\/\/www.tattja.com\/en\/wp-json\/wp\/v2\/media?parent=1894"}],"wp:term":[{"taxonomy":"product_brand","embeddable":true,"href":"https:\/\/www.tattja.com\/en\/wp-json\/wp\/v2\/product_brand?post=1894"},{"taxonomy":"product_cat","embeddable":true,"href":"https:\/\/www.tattja.com\/en\/wp-json\/wp\/v2\/product_cat?post=1894"},{"taxonomy":"product_tag","embeddable":true,"href":"https:\/\/www.tattja.com\/en\/wp-json\/wp\/v2\/product_tag?post=1894"}],"curies":[{"name":"wp","href":"https:\/\/api.w.org\/{rel}","templated":true}]}}