{"id":1898,"date":"2025-08-11T10:16:31","date_gmt":"2025-08-11T08:16:31","guid":{"rendered":"https:\/\/www.tattja.com\/?post_type=product&#038;p=1898"},"modified":"2026-04-05T19:45:01","modified_gmt":"2026-04-05T17:45:01","slug":"damske-oblecenie-nakrcnik-tanja-cyklamenovy","status":"publish","type":"product","link":"https:\/\/www.tattja.com\/en\/product\/damske-oblecenie-nakrcnik-tanja-cyklamenovy\/","title":{"rendered":"Women's clothing neck warmer TANJA cyclamen"},"content":{"rendered":"<p data-start=\"866\" data-end=\"1136\"><strong data-start=\"866\" data-end=\"913\">Women's clothing neck warmer TANJA cyclamen<\/strong> combines elegance, functionality and a bold design that enhances your personality. This exceptional accessory from the collection <strong data-start=\"1024\" data-end=\"1034\">TATTJA<\/strong> will appeal to women who are not afraid of colour, have a sense of style and see fashion as a form of self-expression.<\/p>\n<p data-start=\"1138\" data-end=\"1441\">The neck warmer gently wraps around the shoulders and neck, providing warmth while acting as a sophisticated piece of jewellery. The fine-fibre knitted fabric gives a soft and comfortable feel while maintaining an elegant texture. Its elasticity allows for a variety of ways to wear it - from casual style to a striking addition to a dress or coat.<\/p>\n<p data-start=\"1443\" data-end=\"1738\">Cyclamen brings sparkle, confidence and energy to your outfit. It symbolizes femininity, creativity and joy of life. This shade brightens up neutrals and adds a modern character to any combination. Necktie <strong data-start=\"1649\" data-end=\"1658\">TANJA<\/strong> becomes an unmistakable accent that unites practicality and refinement.<\/p>\n<p data-start=\"1740\" data-end=\"1974\">With its sophisticated knit, fine details and timeless shape, the TANJA women's cyclamen neckwear brings a versatility you'll appreciate in every season. It's perfect for layering, yet elegant enough to stand out as a standalone piece.<\/p>\n<p data-start=\"1976\" data-end=\"2081\">Discover the beauty of delicacy, sophisticated details and feminine style that will keep you warm and <a href=\"https:\/\/www.tattja.com\/en\/product-category\/damske-oblecenie\/doplnky-jednotlivo\/nakrcniky\/\">in other colours<\/a>.<\/p>\n<p data-start=\"2083\" data-end=\"2207\"><strong data-start=\"2083\" data-end=\"2137\">See, <a href=\"https:\/\/shop.bogensberger.co.at\/produkt-schlagwort\/merino-extrafein\/\">from what materials<\/a> we produce our pieces<\/strong> and treat yourself to an accessory that combines comfort, design and modern luxury.<\/p>","protected":false},"excerpt":{"rendered":"<p data-start=\"634\" data-end=\"824\"><strong data-start=\"634\" data-end=\"681\">Women's clothing neck warmer TANJA cyclamen<\/strong> stands out with its distinctive colour, fine texture and luxurious workmanship. It brings a bold accent that brightens up an outfit and underlines feminine energy.<\/p>","protected":false},"featured_media":2218,"comment_status":"open","ping_status":"closed","template":"","meta":[],"product_brand":[],"product_cat":[300,257,298,126,279,134],"product_tag":[],"class_list":{"0":"post-1898","1":"product","2":"type-product","3":"status-publish","4":"has-post-thumbnail","6":"product_cat-damske-oblecenie","7":"product_cat-samostatne-doplnky","8":"product_cat-doplnky-jednotlivo","9":"product_cat-nakrcnik-cyklamenovy","10":"product_cat-nakrcniky","11":"product_cat-pleteninove-doplnky-cyklamenove","13":"first","14":"instock","15":"taxable","16":"shipping-taxable","17":"purchasable","18":"product-type-simple"},"yoast_head":"<!-- This site is optimized with the Yoast SEO plugin v26.0 - https:\/\/yoast.com\/wordpress\/plugins\/seo\/ -->\n<title>D\u00e1mske oble\u010denie n\u00e1kr\u010dn\u00edk TANJA cyklamenov\u00fd - TATTJA<\/title>\n<meta name=\"description\" content=\"D\u00e1mske oble\u010denie n\u00e1kr\u010dn\u00edk TANJA cykl\u00e1menov\u00fd \u2013 odv\u00e1\u017eny doplnok TATTJA, ktor\u00fd sp\u00e1ja hravos\u0165 farby, jemnos\u0165 pleteniny a zmyseln\u00fa \u017eenskos\u0165.\" \/>\n<meta name=\"robots\" content=\"index, follow, max-snippet:-1, max-image-preview:large, max-video-preview:-1\" \/>\n<link rel=\"canonical\" href=\"https:\/\/www.tattja.com\/en\/product\/damske-oblecenie-nakrcnik-tanja-cyklamenovy\/\" \/>\n<meta property=\"og:locale\" content=\"en_GB\" \/>\n<meta property=\"og:type\" content=\"article\" \/>\n<meta property=\"og:title\" content=\"D\u00e1mske oble\u010denie n\u00e1kr\u010dn\u00edk TANJA cyklamenov\u00fd - TATTJA\" \/>\n<meta property=\"og:description\" content=\"D\u00e1mske oble\u010denie n\u00e1kr\u010dn\u00edk TANJA cykl\u00e1menov\u00fd \u2013 odv\u00e1\u017eny doplnok TATTJA, ktor\u00fd sp\u00e1ja hravos\u0165 farby, jemnos\u0165 pleteniny a zmyseln\u00fa \u017eenskos\u0165.\" \/>\n<meta property=\"og:url\" content=\"https:\/\/www.tattja.com\/en\/product\/damske-oblecenie-nakrcnik-tanja-cyklamenovy\/\" \/>\n<meta property=\"og:site_name\" content=\"TATTJA\" \/>\n<meta property=\"article:modified_time\" content=\"2026-04-05T17:45:01+00:00\" \/>\n<meta property=\"og:image\" content=\"https:\/\/www.tattja.com\/wp-content\/uploads\/2025\/08\/cyklamenovy-nakrcnik-spredu.webp\" \/>\n\t<meta property=\"og:image:width\" content=\"1365\" \/>\n\t<meta property=\"og:image:height\" content=\"2048\" \/>\n\t<meta property=\"og:image:type\" content=\"image\/webp\" \/>\n<meta name=\"twitter:card\" content=\"summary_large_image\" \/>\n<meta name=\"twitter:label1\" content=\"Estimated reading time\" \/>\n\t<meta name=\"twitter:data1\" content=\"2 minutes\" \/>\n<script type=\"application\/ld+json\" class=\"yoast-schema-graph\">{\"@context\":\"https:\/\/schema.org\",\"@graph\":[{\"@type\":\"WebPage\",\"@id\":\"https:\/\/www.tattja.com\/product\/damske-oblecenie-nakrcnik-tanja-cyklamenovy\/\",\"url\":\"https:\/\/www.tattja.com\/product\/damske-oblecenie-nakrcnik-tanja-cyklamenovy\/\",\"name\":\"D\u00e1mske oble\u010denie n\u00e1kr\u010dn\u00edk TANJA cyklamenov\u00fd - TATTJA\",\"isPartOf\":{\"@id\":\"https:\/\/www.tattja.com\/#website\"},\"primaryImageOfPage\":{\"@id\":\"https:\/\/www.tattja.com\/product\/damske-oblecenie-nakrcnik-tanja-cyklamenovy\/#primaryimage\"},\"image\":{\"@id\":\"https:\/\/www.tattja.com\/product\/damske-oblecenie-nakrcnik-tanja-cyklamenovy\/#primaryimage\"},\"thumbnailUrl\":\"https:\/\/www.tattja.com\/wp-content\/uploads\/2025\/08\/cyklamenovy-nakrcnik-spredu.webp\",\"datePublished\":\"2025-08-11T08:16:31+00:00\",\"dateModified\":\"2026-04-05T17:45:01+00:00\",\"description\":\"D\u00e1mske oble\u010denie n\u00e1kr\u010dn\u00edk TANJA cykl\u00e1menov\u00fd \u2013 odv\u00e1\u017eny doplnok TATTJA, ktor\u00fd sp\u00e1ja hravos\u0165 farby, jemnos\u0165 pleteniny a zmyseln\u00fa \u017eenskos\u0165.\",\"breadcrumb\":{\"@id\":\"https:\/\/www.tattja.com\/product\/damske-oblecenie-nakrcnik-tanja-cyklamenovy\/#breadcrumb\"},\"inLanguage\":\"en-GB\",\"potentialAction\":[{\"@type\":\"ReadAction\",\"target\":[\"https:\/\/www.tattja.com\/product\/damske-oblecenie-nakrcnik-tanja-cyklamenovy\/\"]}]},{\"@type\":\"ImageObject\",\"inLanguage\":\"en-GB\",\"@id\":\"https:\/\/www.tattja.com\/product\/damske-oblecenie-nakrcnik-tanja-cyklamenovy\/#primaryimage\",\"url\":\"https:\/\/www.tattja.com\/wp-content\/uploads\/2025\/08\/cyklamenovy-nakrcnik-spredu.webp\",\"contentUrl\":\"https:\/\/www.tattja.com\/wp-content\/uploads\/2025\/08\/cyklamenovy-nakrcnik-spredu.webp\",\"width\":1365,\"height\":2048,\"caption\":\"N\u00e1kr\u010dn\u00edk TANJA \u2013 cykl\u00e1menov\u00fd pleten\u00fd n\u00e1kr\u010dn\u00edk TATTJA | predn\u00fd poh\u013ead\"},{\"@type\":\"BreadcrumbList\",\"@id\":\"https:\/\/www.tattja.com\/product\/damske-oblecenie-nakrcnik-tanja-cyklamenovy\/#breadcrumb\",\"itemListElement\":[{\"@type\":\"ListItem\",\"position\":1,\"name\":\"Domov\",\"item\":\"https:\/\/www.tattja.com\/\"},{\"@type\":\"ListItem\",\"position\":2,\"name\":\"Produkty\",\"item\":\"https:\/\/www.tattja.com\/damske-oblecenie-produkty\/\"},{\"@type\":\"ListItem\",\"position\":3,\"name\":\"D\u00e1mske oble\u010denie n\u00e1kr\u010dn\u00edk TANJA cyklamenov\u00fd\"}]},{\"@type\":\"WebSite\",\"@id\":\"https:\/\/www.tattja.com\/#website\",\"url\":\"https:\/\/www.tattja.com\/\",\"name\":\"TATTJA\",\"description\":\"D\u00e1mske oble\u010denie z extra jemnej merino vlny \u2014 ru\u010dne pleten\u00e9 na Slovensku\",\"potentialAction\":[{\"@type\":\"SearchAction\",\"target\":{\"@type\":\"EntryPoint\",\"urlTemplate\":\"https:\/\/www.tattja.com\/?s={search_term_string}\"},\"query-input\":{\"@type\":\"PropertyValueSpecification\",\"valueRequired\":true,\"valueName\":\"search_term_string\"}}],\"inLanguage\":\"en-GB\"}]}<\/script>\n<!-- \/ Yoast SEO plugin. -->","yoast_head_json":{"title":"D\u00e1mske oble\u010denie n\u00e1kr\u010dn\u00edk TANJA cyklamenov\u00fd - TATTJA","description":"D\u00e1mske oble\u010denie n\u00e1kr\u010dn\u00edk TANJA cykl\u00e1menov\u00fd \u2013 odv\u00e1\u017eny doplnok TATTJA, ktor\u00fd sp\u00e1ja hravos\u0165 farby, jemnos\u0165 pleteniny a zmyseln\u00fa \u017eenskos\u0165.","robots":{"index":"index","follow":"follow","max-snippet":"max-snippet:-1","max-image-preview":"max-image-preview:large","max-video-preview":"max-video-preview:-1"},"canonical":"https:\/\/www.tattja.com\/en\/product\/damske-oblecenie-nakrcnik-tanja-cyklamenovy\/","og_locale":"en_GB","og_type":"article","og_title":"D\u00e1mske oble\u010denie n\u00e1kr\u010dn\u00edk TANJA cyklamenov\u00fd - TATTJA","og_description":"D\u00e1mske oble\u010denie n\u00e1kr\u010dn\u00edk TANJA cykl\u00e1menov\u00fd \u2013 odv\u00e1\u017eny doplnok TATTJA, ktor\u00fd sp\u00e1ja hravos\u0165 farby, jemnos\u0165 pleteniny a zmyseln\u00fa \u017eenskos\u0165.","og_url":"https:\/\/www.tattja.com\/en\/product\/damske-oblecenie-nakrcnik-tanja-cyklamenovy\/","og_site_name":"TATTJA","article_modified_time":"2026-04-05T17:45:01+00:00","og_image":[{"width":1365,"height":2048,"url":"https:\/\/www.tattja.com\/wp-content\/uploads\/2025\/08\/cyklamenovy-nakrcnik-spredu.webp","type":"image\/webp"}],"twitter_card":"summary_large_image","twitter_misc":{"Estimated reading time":"2 minutes"},"schema":{"@context":"https:\/\/schema.org","@graph":[{"@type":"WebPage","@id":"https:\/\/www.tattja.com\/product\/damske-oblecenie-nakrcnik-tanja-cyklamenovy\/","url":"https:\/\/www.tattja.com\/product\/damske-oblecenie-nakrcnik-tanja-cyklamenovy\/","name":"D\u00e1mske oble\u010denie n\u00e1kr\u010dn\u00edk TANJA cyklamenov\u00fd - TATTJA","isPartOf":{"@id":"https:\/\/www.tattja.com\/#website"},"primaryImageOfPage":{"@id":"https:\/\/www.tattja.com\/product\/damske-oblecenie-nakrcnik-tanja-cyklamenovy\/#primaryimage"},"image":{"@id":"https:\/\/www.tattja.com\/product\/damske-oblecenie-nakrcnik-tanja-cyklamenovy\/#primaryimage"},"thumbnailUrl":"https:\/\/www.tattja.com\/wp-content\/uploads\/2025\/08\/cyklamenovy-nakrcnik-spredu.webp","datePublished":"2025-08-11T08:16:31+00:00","dateModified":"2026-04-05T17:45:01+00:00","description":"D\u00e1mske oble\u010denie n\u00e1kr\u010dn\u00edk TANJA cykl\u00e1menov\u00fd \u2013 odv\u00e1\u017eny doplnok TATTJA, ktor\u00fd sp\u00e1ja hravos\u0165 farby, jemnos\u0165 pleteniny a zmyseln\u00fa \u017eenskos\u0165.","breadcrumb":{"@id":"https:\/\/www.tattja.com\/product\/damske-oblecenie-nakrcnik-tanja-cyklamenovy\/#breadcrumb"},"inLanguage":"en-GB","potentialAction":[{"@type":"ReadAction","target":["https:\/\/www.tattja.com\/product\/damske-oblecenie-nakrcnik-tanja-cyklamenovy\/"]}]},{"@type":"ImageObject","inLanguage":"en-GB","@id":"https:\/\/www.tattja.com\/product\/damske-oblecenie-nakrcnik-tanja-cyklamenovy\/#primaryimage","url":"https:\/\/www.tattja.com\/wp-content\/uploads\/2025\/08\/cyklamenovy-nakrcnik-spredu.webp","contentUrl":"https:\/\/www.tattja.com\/wp-content\/uploads\/2025\/08\/cyklamenovy-nakrcnik-spredu.webp","width":1365,"height":2048,"caption":"N\u00e1kr\u010dn\u00edk TANJA \u2013 cykl\u00e1menov\u00fd pleten\u00fd n\u00e1kr\u010dn\u00edk TATTJA | predn\u00fd poh\u013ead"},{"@type":"BreadcrumbList","@id":"https:\/\/www.tattja.com\/product\/damske-oblecenie-nakrcnik-tanja-cyklamenovy\/#breadcrumb","itemListElement":[{"@type":"ListItem","position":1,"name":"Domov","item":"https:\/\/www.tattja.com\/"},{"@type":"ListItem","position":2,"name":"Produkty","item":"https:\/\/www.tattja.com\/damske-oblecenie-produkty\/"},{"@type":"ListItem","position":3,"name":"D\u00e1mske oble\u010denie n\u00e1kr\u010dn\u00edk TANJA cyklamenov\u00fd"}]},{"@type":"WebSite","@id":"https:\/\/www.tattja.com\/#website","url":"https:\/\/www.tattja.com\/","name":"TATTJA","description":"D\u00e1mske oble\u010denie z extra jemnej merino vlny \u2014 ru\u010dne pleten\u00e9 na Slovensku","potentialAction":[{"@type":"SearchAction","target":{"@type":"EntryPoint","urlTemplate":"https:\/\/www.tattja.com\/?s={search_term_string}"},"query-input":{"@type":"PropertyValueSpecification","valueRequired":true,"valueName":"search_term_string"}}],"inLanguage":"en-GB"}]}},"_links":{"self":[{"href":"https:\/\/www.tattja.com\/en\/wp-json\/wp\/v2\/product\/1898","targetHints":{"allow":["GET"]}}],"collection":[{"href":"https:\/\/www.tattja.com\/en\/wp-json\/wp\/v2\/product"}],"about":[{"href":"https:\/\/www.tattja.com\/en\/wp-json\/wp\/v2\/types\/product"}],"replies":[{"embeddable":true,"href":"https:\/\/www.tattja.com\/en\/wp-json\/wp\/v2\/comments?post=1898"}],"version-history":[{"count":6,"href":"https:\/\/www.tattja.com\/en\/wp-json\/wp\/v2\/product\/1898\/revisions"}],"predecessor-version":[{"id":5822,"href":"https:\/\/www.tattja.com\/en\/wp-json\/wp\/v2\/product\/1898\/revisions\/5822"}],"wp:featuredmedia":[{"embeddable":true,"href":"https:\/\/www.tattja.com\/en\/wp-json\/wp\/v2\/media\/2218"}],"wp:attachment":[{"href":"https:\/\/www.tattja.com\/en\/wp-json\/wp\/v2\/media?parent=1898"}],"wp:term":[{"taxonomy":"product_brand","embeddable":true,"href":"https:\/\/www.tattja.com\/en\/wp-json\/wp\/v2\/product_brand?post=1898"},{"taxonomy":"product_cat","embeddable":true,"href":"https:\/\/www.tattja.com\/en\/wp-json\/wp\/v2\/product_cat?post=1898"},{"taxonomy":"product_tag","embeddable":true,"href":"https:\/\/www.tattja.com\/en\/wp-json\/wp\/v2\/product_tag?post=1898"}],"curies":[{"name":"wp","href":"https:\/\/api.w.org\/{rel}","templated":true}]}}