{"id":1900,"date":"2025-08-13T19:05:18","date_gmt":"2025-08-13T17:05:18","guid":{"rendered":"https:\/\/www.tattja.com\/?post_type=product&#038;p=1900"},"modified":"2026-04-05T19:45:01","modified_gmt":"2026-04-05T17:45:01","slug":"dvojset-sighrith-cyklamenovy","status":"publish","type":"product","link":"https:\/\/www.tattja.com\/en\/product\/dvojset-sighrith-cyklamenovy\/","title":{"rendered":"D\u00e1mske oble\u010denie 2-set SIGHRITH cykl\u00e1menov\u00fd"},"content":{"rendered":"<p data-start=\"880\" data-end=\"1165\"><strong data-start=\"880\" data-end=\"929\">Women's clothing double set SIGHRITH cyclamen<\/strong> represents a combination of modern refinement, femininity and practicality. This unique model combines an elegant shrug and sleeves into a harmonious ensemble that enhances the feminine figure while providing a feeling of comfort and warmth.<\/p>\n<p data-start=\"1167\" data-end=\"1502\">Cyclamen colour looks energetic, bold and feminine. It symbolizes the passion, joy and inner strength of a woman who knows what she wants. This tone will enliven any outfit, attract stares and become the dominant accent of your wardrobe. The fine ribbed texture of the knit clings to the body, warms you up on colder days and maintains a graceful silhouette.<\/p>\n<p data-start=\"1504\" data-end=\"1781\">The waistband wraps around the waist as an elegant accessory that combines functionality with aesthetic detail. The sleeves gracefully elongate the lines of the arms and add a harmonious balance to the outfit. The overall design exudes the confidence, sophistication and sensuality that characterise TATTJA's style.<\/p>\n<p data-start=\"1783\" data-end=\"2021\">The SIGHRITH women's cyclamen double set is perfect for women who desire a unique piece that combines luxury, comfort and a timeless look. It will stand out in combination with a shirt, dress or smart trousers - in every outfit it will underline the personality of the wearer.<\/p>\n<p data-start=\"2023\" data-end=\"2259\">Discover the beauty of delicacy, sophisticated details and feminine style that will keep you warm and <a href=\"https:\/\/www.tattja.com\/en\/product-category\/damske-oblecenie\/dvojsety\/driekovnik-a-rukavniky\/\">in other colours.<\/a><br data-start=\"2126\" data-end=\"2129\" \/><strong data-start=\"2129\" data-end=\"2183\">See, <a href=\"https:\/\/shop.bogensberger.co.at\/produkt-schlagwort\/merino-extrafein\/\">from what materials<\/a> we produce our pieces<\/strong>, and treat yourself to a touch of quality that combines elegance, comfort and feminine charm.<\/p>","protected":false},"excerpt":{"rendered":"<p>The SIGHRITH cyclamen women's double set combines passion, elegance and comfort. The vibrant cyclamen color adds energy, while the soft knit brings warmth and exceptional comfort for everyday style.<\/p>","protected":false},"featured_media":2237,"comment_status":"open","ping_status":"closed","template":"","meta":[],"product_brand":[],"product_cat":[289,300,293,129,134],"product_tag":[],"class_list":{"0":"post-1900","1":"product","2":"type-product","3":"status-publish","4":"has-post-thumbnail","6":"product_cat-dvojsety","7":"product_cat-damske-oblecenie","8":"product_cat-driekovnik-a-rukavniky","9":"product_cat-dvojsety-cyklamenove","10":"product_cat-pleteninove-doplnky-cyklamenove","12":"first","13":"instock","14":"taxable","15":"shipping-taxable","16":"purchasable","17":"product-type-simple"},"yoast_head":"<!-- This site is optimized with the Yoast SEO plugin v26.0 - https:\/\/yoast.com\/wordpress\/plugins\/seo\/ -->\n<title>D\u00e1mske oble\u010denie 2-set SIGHRITH cykl\u00e1menov\u00fd - TATTJA<\/title>\n<meta name=\"description\" content=\"D\u00e1mske oble\u010denie dvojset SIGHRITH cykl\u00e1menov\u00fd \u2013 \u017eiariv\u00fd symbol \u017eenskosti a sebavedomia. Luxusn\u00fd driekovn\u00edk a ruk\u00e1vniky v modernom cykl\u00e1menovom odtieni.\" \/>\n<meta name=\"robots\" content=\"index, follow, max-snippet:-1, max-image-preview:large, max-video-preview:-1\" \/>\n<link rel=\"canonical\" href=\"https:\/\/www.tattja.com\/en\/product\/dvojset-sighrith-cyklamenovy\/\" \/>\n<meta property=\"og:locale\" content=\"en_GB\" \/>\n<meta property=\"og:type\" content=\"article\" \/>\n<meta property=\"og:title\" content=\"D\u00e1mske oble\u010denie 2-set SIGHRITH cykl\u00e1menov\u00fd - TATTJA\" \/>\n<meta property=\"og:description\" content=\"D\u00e1mske oble\u010denie dvojset SIGHRITH cykl\u00e1menov\u00fd \u2013 \u017eiariv\u00fd symbol \u017eenskosti a sebavedomia. Luxusn\u00fd driekovn\u00edk a ruk\u00e1vniky v modernom cykl\u00e1menovom odtieni.\" \/>\n<meta property=\"og:url\" content=\"https:\/\/www.tattja.com\/en\/product\/dvojset-sighrith-cyklamenovy\/\" \/>\n<meta property=\"og:site_name\" content=\"TATTJA\" \/>\n<meta property=\"article:modified_time\" content=\"2026-04-05T17:45:01+00:00\" \/>\n<meta property=\"og:image\" content=\"https:\/\/www.tattja.com\/wp-content\/uploads\/2025\/08\/cyklamenovy-dvojset-driekovnik-rukavniky-spredu.webp\" \/>\n\t<meta property=\"og:image:width\" content=\"1365\" \/>\n\t<meta property=\"og:image:height\" content=\"2048\" \/>\n\t<meta property=\"og:image:type\" content=\"image\/webp\" \/>\n<meta name=\"twitter:card\" content=\"summary_large_image\" \/>\n<meta name=\"twitter:label1\" content=\"Estimated reading time\" \/>\n\t<meta name=\"twitter:data1\" content=\"2 minutes\" \/>\n<script type=\"application\/ld+json\" class=\"yoast-schema-graph\">{\"@context\":\"https:\/\/schema.org\",\"@graph\":[{\"@type\":\"WebPage\",\"@id\":\"https:\/\/www.tattja.com\/product\/dvojset-sighrith-cyklamenovy\/\",\"url\":\"https:\/\/www.tattja.com\/product\/dvojset-sighrith-cyklamenovy\/\",\"name\":\"D\u00e1mske oble\u010denie 2-set SIGHRITH cykl\u00e1menov\u00fd - TATTJA\",\"isPartOf\":{\"@id\":\"https:\/\/www.tattja.com\/#website\"},\"primaryImageOfPage\":{\"@id\":\"https:\/\/www.tattja.com\/product\/dvojset-sighrith-cyklamenovy\/#primaryimage\"},\"image\":{\"@id\":\"https:\/\/www.tattja.com\/product\/dvojset-sighrith-cyklamenovy\/#primaryimage\"},\"thumbnailUrl\":\"https:\/\/www.tattja.com\/wp-content\/uploads\/2025\/08\/cyklamenovy-dvojset-driekovnik-rukavniky-spredu.webp\",\"datePublished\":\"2025-08-13T17:05:18+00:00\",\"dateModified\":\"2026-04-05T17:45:01+00:00\",\"description\":\"D\u00e1mske oble\u010denie dvojset SIGHRITH cykl\u00e1menov\u00fd \u2013 \u017eiariv\u00fd symbol \u017eenskosti a sebavedomia. Luxusn\u00fd driekovn\u00edk a ruk\u00e1vniky v modernom cykl\u00e1menovom odtieni.\",\"breadcrumb\":{\"@id\":\"https:\/\/www.tattja.com\/product\/dvojset-sighrith-cyklamenovy\/#breadcrumb\"},\"inLanguage\":\"en-GB\",\"potentialAction\":[{\"@type\":\"ReadAction\",\"target\":[\"https:\/\/www.tattja.com\/product\/dvojset-sighrith-cyklamenovy\/\"]}]},{\"@type\":\"ImageObject\",\"inLanguage\":\"en-GB\",\"@id\":\"https:\/\/www.tattja.com\/product\/dvojset-sighrith-cyklamenovy\/#primaryimage\",\"url\":\"https:\/\/www.tattja.com\/wp-content\/uploads\/2025\/08\/cyklamenovy-dvojset-driekovnik-rukavniky-spredu.webp\",\"contentUrl\":\"https:\/\/www.tattja.com\/wp-content\/uploads\/2025\/08\/cyklamenovy-dvojset-driekovnik-rukavniky-spredu.webp\",\"width\":1365,\"height\":2048,\"caption\":\"Cykl\u00e1menov\u00fd dvojset SIGHRITH \u2013 driekovn\u00edk a ruk\u00e1vniky TATTJA | predn\u00fd poh\u013ead\"},{\"@type\":\"BreadcrumbList\",\"@id\":\"https:\/\/www.tattja.com\/product\/dvojset-sighrith-cyklamenovy\/#breadcrumb\",\"itemListElement\":[{\"@type\":\"ListItem\",\"position\":1,\"name\":\"Domov\",\"item\":\"https:\/\/www.tattja.com\/\"},{\"@type\":\"ListItem\",\"position\":2,\"name\":\"Produkty\",\"item\":\"https:\/\/www.tattja.com\/damske-oblecenie-produkty\/\"},{\"@type\":\"ListItem\",\"position\":3,\"name\":\"D\u00e1mske oble\u010denie 2-set SIGHRITH cykl\u00e1menov\u00fd\"}]},{\"@type\":\"WebSite\",\"@id\":\"https:\/\/www.tattja.com\/#website\",\"url\":\"https:\/\/www.tattja.com\/\",\"name\":\"TATTJA\",\"description\":\"D\u00e1mske oble\u010denie z extra jemnej merino vlny \u2014 ru\u010dne pleten\u00e9 na Slovensku\",\"potentialAction\":[{\"@type\":\"SearchAction\",\"target\":{\"@type\":\"EntryPoint\",\"urlTemplate\":\"https:\/\/www.tattja.com\/?s={search_term_string}\"},\"query-input\":{\"@type\":\"PropertyValueSpecification\",\"valueRequired\":true,\"valueName\":\"search_term_string\"}}],\"inLanguage\":\"en-GB\"}]}<\/script>\n<!-- \/ Yoast SEO plugin. -->","yoast_head_json":{"title":"D\u00e1mske oble\u010denie 2-set SIGHRITH cykl\u00e1menov\u00fd - TATTJA","description":"D\u00e1mske oble\u010denie dvojset SIGHRITH cykl\u00e1menov\u00fd \u2013 \u017eiariv\u00fd symbol \u017eenskosti a sebavedomia. Luxusn\u00fd driekovn\u00edk a ruk\u00e1vniky v modernom cykl\u00e1menovom odtieni.","robots":{"index":"index","follow":"follow","max-snippet":"max-snippet:-1","max-image-preview":"max-image-preview:large","max-video-preview":"max-video-preview:-1"},"canonical":"https:\/\/www.tattja.com\/en\/product\/dvojset-sighrith-cyklamenovy\/","og_locale":"en_GB","og_type":"article","og_title":"D\u00e1mske oble\u010denie 2-set SIGHRITH cykl\u00e1menov\u00fd - TATTJA","og_description":"D\u00e1mske oble\u010denie dvojset SIGHRITH cykl\u00e1menov\u00fd \u2013 \u017eiariv\u00fd symbol \u017eenskosti a sebavedomia. Luxusn\u00fd driekovn\u00edk a ruk\u00e1vniky v modernom cykl\u00e1menovom odtieni.","og_url":"https:\/\/www.tattja.com\/en\/product\/dvojset-sighrith-cyklamenovy\/","og_site_name":"TATTJA","article_modified_time":"2026-04-05T17:45:01+00:00","og_image":[{"width":1365,"height":2048,"url":"https:\/\/www.tattja.com\/wp-content\/uploads\/2025\/08\/cyklamenovy-dvojset-driekovnik-rukavniky-spredu.webp","type":"image\/webp"}],"twitter_card":"summary_large_image","twitter_misc":{"Estimated reading time":"2 minutes"},"schema":{"@context":"https:\/\/schema.org","@graph":[{"@type":"WebPage","@id":"https:\/\/www.tattja.com\/product\/dvojset-sighrith-cyklamenovy\/","url":"https:\/\/www.tattja.com\/product\/dvojset-sighrith-cyklamenovy\/","name":"D\u00e1mske oble\u010denie 2-set SIGHRITH cykl\u00e1menov\u00fd - TATTJA","isPartOf":{"@id":"https:\/\/www.tattja.com\/#website"},"primaryImageOfPage":{"@id":"https:\/\/www.tattja.com\/product\/dvojset-sighrith-cyklamenovy\/#primaryimage"},"image":{"@id":"https:\/\/www.tattja.com\/product\/dvojset-sighrith-cyklamenovy\/#primaryimage"},"thumbnailUrl":"https:\/\/www.tattja.com\/wp-content\/uploads\/2025\/08\/cyklamenovy-dvojset-driekovnik-rukavniky-spredu.webp","datePublished":"2025-08-13T17:05:18+00:00","dateModified":"2026-04-05T17:45:01+00:00","description":"D\u00e1mske oble\u010denie dvojset SIGHRITH cykl\u00e1menov\u00fd \u2013 \u017eiariv\u00fd symbol \u017eenskosti a sebavedomia. Luxusn\u00fd driekovn\u00edk a ruk\u00e1vniky v modernom cykl\u00e1menovom odtieni.","breadcrumb":{"@id":"https:\/\/www.tattja.com\/product\/dvojset-sighrith-cyklamenovy\/#breadcrumb"},"inLanguage":"en-GB","potentialAction":[{"@type":"ReadAction","target":["https:\/\/www.tattja.com\/product\/dvojset-sighrith-cyklamenovy\/"]}]},{"@type":"ImageObject","inLanguage":"en-GB","@id":"https:\/\/www.tattja.com\/product\/dvojset-sighrith-cyklamenovy\/#primaryimage","url":"https:\/\/www.tattja.com\/wp-content\/uploads\/2025\/08\/cyklamenovy-dvojset-driekovnik-rukavniky-spredu.webp","contentUrl":"https:\/\/www.tattja.com\/wp-content\/uploads\/2025\/08\/cyklamenovy-dvojset-driekovnik-rukavniky-spredu.webp","width":1365,"height":2048,"caption":"Cykl\u00e1menov\u00fd dvojset SIGHRITH \u2013 driekovn\u00edk a ruk\u00e1vniky TATTJA | predn\u00fd poh\u013ead"},{"@type":"BreadcrumbList","@id":"https:\/\/www.tattja.com\/product\/dvojset-sighrith-cyklamenovy\/#breadcrumb","itemListElement":[{"@type":"ListItem","position":1,"name":"Domov","item":"https:\/\/www.tattja.com\/"},{"@type":"ListItem","position":2,"name":"Produkty","item":"https:\/\/www.tattja.com\/damske-oblecenie-produkty\/"},{"@type":"ListItem","position":3,"name":"D\u00e1mske oble\u010denie 2-set SIGHRITH cykl\u00e1menov\u00fd"}]},{"@type":"WebSite","@id":"https:\/\/www.tattja.com\/#website","url":"https:\/\/www.tattja.com\/","name":"TATTJA","description":"D\u00e1mske oble\u010denie z extra jemnej merino vlny \u2014 ru\u010dne pleten\u00e9 na Slovensku","potentialAction":[{"@type":"SearchAction","target":{"@type":"EntryPoint","urlTemplate":"https:\/\/www.tattja.com\/?s={search_term_string}"},"query-input":{"@type":"PropertyValueSpecification","valueRequired":true,"valueName":"search_term_string"}}],"inLanguage":"en-GB"}]}},"_links":{"self":[{"href":"https:\/\/www.tattja.com\/en\/wp-json\/wp\/v2\/product\/1900","targetHints":{"allow":["GET"]}}],"collection":[{"href":"https:\/\/www.tattja.com\/en\/wp-json\/wp\/v2\/product"}],"about":[{"href":"https:\/\/www.tattja.com\/en\/wp-json\/wp\/v2\/types\/product"}],"replies":[{"embeddable":true,"href":"https:\/\/www.tattja.com\/en\/wp-json\/wp\/v2\/comments?post=1900"}],"version-history":[{"count":6,"href":"https:\/\/www.tattja.com\/en\/wp-json\/wp\/v2\/product\/1900\/revisions"}],"predecessor-version":[{"id":7250,"href":"https:\/\/www.tattja.com\/en\/wp-json\/wp\/v2\/product\/1900\/revisions\/7250"}],"wp:featuredmedia":[{"embeddable":true,"href":"https:\/\/www.tattja.com\/en\/wp-json\/wp\/v2\/media\/2237"}],"wp:attachment":[{"href":"https:\/\/www.tattja.com\/en\/wp-json\/wp\/v2\/media?parent=1900"}],"wp:term":[{"taxonomy":"product_brand","embeddable":true,"href":"https:\/\/www.tattja.com\/en\/wp-json\/wp\/v2\/product_brand?post=1900"},{"taxonomy":"product_cat","embeddable":true,"href":"https:\/\/www.tattja.com\/en\/wp-json\/wp\/v2\/product_cat?post=1900"},{"taxonomy":"product_tag","embeddable":true,"href":"https:\/\/www.tattja.com\/en\/wp-json\/wp\/v2\/product_tag?post=1900"}],"curies":[{"name":"wp","href":"https:\/\/api.w.org\/{rel}","templated":true}]}}