{"id":1906,"date":"2025-08-13T19:07:40","date_gmt":"2025-08-13T17:07:40","guid":{"rendered":"https:\/\/www.tattja.com\/?post_type=product&#038;p=1906"},"modified":"2026-04-05T19:45:00","modified_gmt":"2026-04-05T17:45:00","slug":"damske-oblecenie-dvojset-ragbborg-cyklamenovy","status":"publish","type":"product","link":"https:\/\/www.tattja.com\/en\/product\/damske-oblecenie-dvojset-ragbborg-cyklamenovy\/","title":{"rendered":"D\u00e1mske oble\u010denie 2-set RAGBBORG cykl\u00e1menov\u00fd"},"content":{"rendered":"<p data-start=\"959\" data-end=\"1256\"><strong data-start=\"959\" data-end=\"1008\">Women's clothing double set RAGBBORG cyclamen<\/strong> is the embodiment of luxury, femininity and comfort in one elegant whole. This double set from the collection <strong data-start=\"1105\" data-end=\"1115\">TATTJA<\/strong> combines a cap with a shawl and knitted sleeves in an intense cyclamen shade that will awaken the energy, courage and sensuality of every woman.<\/p>\n<p data-start=\"1258\" data-end=\"1565\">The sleeves made of fine ribbed knit hug the arms and give them a soft and warm feeling. Thanks to the precise cut, they naturally shape the silhouette of the hands and create an elegant contrast to the soft materials of the clothes. The beanie hat completes the whole outfit with a modern urban detail that combines functionality and style.<\/p>\n<p data-start=\"1567\" data-end=\"1885\">The cyclamen colour is bold yet sophisticated - evoking feminine strength, energy and confidence. In combination with light tones it creates an interesting contrast, with neutral colours it looks balanced and subtle. This double set is the perfect choice for women who want to stand out from the crowd while staying true to their style.<\/p>\n<p data-start=\"1887\" data-end=\"2139\">Every piece of the collection <strong data-start=\"1908\" data-end=\"1918\">TATTJA<\/strong> combines tradition with modern luxury, attention to quality and sophisticated details. In addition, the women's clothing is two hundred <strong data-start=\"1997\" data-end=\"2021\">RAGBBORG cyclamen<\/strong> adds refinement and charm to an outfit, whether during autumn walks, at work or at informal gatherings.<\/p>\n<p data-start=\"2141\" data-end=\"2246\">Discover the beauty of delicacy, sophisticated details and feminine style that will keep you warm and <a href=\"https:\/\/www.tattja.com\/en\/product-category\/damske-oblecenie\/dvojsety\/rukavniky-a-ciapka\/\">in other colours<\/a>.<\/p>\n<p data-start=\"2248\" data-end=\"2388\"><strong data-start=\"2248\" data-end=\"2302\">See, <a href=\"https:\/\/shop.bogensberger.co.at\/produkt-schlagwort\/merino-extrafein\/\">from what materials<\/a> we produce our pieces<\/strong>, and treat yourself to a touch of luxury that combines comfort, elegance and natural femininity.<\/p>","protected":false},"excerpt":{"rendered":"<p><strong data-start=\"615\" data-end=\"664\">Women's clothing double set RAGBBORG cyclamen<\/strong> combines elegance, colour and comfort. The knitted sleeves are complemented by a cap with a cyclamen collar - a distinctive but harmonious accent that emphasises femininity and refinement. This set from the TATTJA collection exudes energy, confidence and attention to detail.<\/p>","protected":false},"featured_media":2246,"comment_status":"open","ping_status":"closed","template":"","meta":[],"product_brand":[],"product_cat":[289,300,129,134,295],"product_tag":[],"class_list":{"0":"post-1906","1":"product","2":"type-product","3":"status-publish","4":"has-post-thumbnail","6":"product_cat-dvojsety","7":"product_cat-damske-oblecenie","8":"product_cat-dvojsety-cyklamenove","9":"product_cat-pleteninove-doplnky-cyklamenove","10":"product_cat-rukavniky-a-ciapka","12":"first","13":"instock","14":"taxable","15":"shipping-taxable","16":"purchasable","17":"product-type-simple"},"yoast_head":"<!-- This site is optimized with the Yoast SEO plugin v26.0 - https:\/\/yoast.com\/wordpress\/plugins\/seo\/ -->\n<title>D\u00e1mske oble\u010denie 2-set RAGBBORG cykl\u00e1menov\u00fd - TATTJA<\/title>\n<meta name=\"description\" content=\"D\u00e1mske oble\u010denie dvojset RAGBBORG cykl\u00e1menov\u00fd \u2013 spojenie \u017eenskosti, luxusu a komfortu. Elegantn\u00e1 kombin\u00e1cia \u010diapky a ruk\u00e1vnikov pre v\u00fdrazn\u00fd \u0161t\u00fdl.\" \/>\n<meta name=\"robots\" content=\"index, follow, max-snippet:-1, max-image-preview:large, max-video-preview:-1\" \/>\n<link rel=\"canonical\" href=\"https:\/\/www.tattja.com\/en\/product\/damske-oblecenie-dvojset-ragbborg-cyklamenovy\/\" \/>\n<meta property=\"og:locale\" content=\"en_GB\" \/>\n<meta property=\"og:type\" content=\"article\" \/>\n<meta property=\"og:title\" content=\"D\u00e1mske oble\u010denie 2-set RAGBBORG cykl\u00e1menov\u00fd - TATTJA\" \/>\n<meta property=\"og:description\" content=\"D\u00e1mske oble\u010denie dvojset RAGBBORG cykl\u00e1menov\u00fd \u2013 spojenie \u017eenskosti, luxusu a komfortu. Elegantn\u00e1 kombin\u00e1cia \u010diapky a ruk\u00e1vnikov pre v\u00fdrazn\u00fd \u0161t\u00fdl.\" \/>\n<meta property=\"og:url\" content=\"https:\/\/www.tattja.com\/en\/product\/damske-oblecenie-dvojset-ragbborg-cyklamenovy\/\" \/>\n<meta property=\"og:site_name\" content=\"TATTJA\" \/>\n<meta property=\"article:modified_time\" content=\"2026-04-05T17:45:00+00:00\" \/>\n<meta property=\"og:image\" content=\"https:\/\/www.tattja.com\/wp-content\/uploads\/2025\/08\/cyklamenovy-dvojset-rukavniky-ciapka-spredu.webp\" \/>\n\t<meta property=\"og:image:width\" content=\"1365\" \/>\n\t<meta property=\"og:image:height\" content=\"2048\" \/>\n\t<meta property=\"og:image:type\" content=\"image\/webp\" \/>\n<meta name=\"twitter:card\" content=\"summary_large_image\" \/>\n<meta name=\"twitter:label1\" content=\"Estimated reading time\" \/>\n\t<meta name=\"twitter:data1\" content=\"2 minutes\" \/>\n<script type=\"application\/ld+json\" class=\"yoast-schema-graph\">{\"@context\":\"https:\/\/schema.org\",\"@graph\":[{\"@type\":\"WebPage\",\"@id\":\"https:\/\/www.tattja.com\/product\/damske-oblecenie-dvojset-ragbborg-cyklamenovy\/\",\"url\":\"https:\/\/www.tattja.com\/product\/damske-oblecenie-dvojset-ragbborg-cyklamenovy\/\",\"name\":\"D\u00e1mske oble\u010denie 2-set RAGBBORG cykl\u00e1menov\u00fd - TATTJA\",\"isPartOf\":{\"@id\":\"https:\/\/www.tattja.com\/#website\"},\"primaryImageOfPage\":{\"@id\":\"https:\/\/www.tattja.com\/product\/damske-oblecenie-dvojset-ragbborg-cyklamenovy\/#primaryimage\"},\"image\":{\"@id\":\"https:\/\/www.tattja.com\/product\/damske-oblecenie-dvojset-ragbborg-cyklamenovy\/#primaryimage\"},\"thumbnailUrl\":\"https:\/\/www.tattja.com\/wp-content\/uploads\/2025\/08\/cyklamenovy-dvojset-rukavniky-ciapka-spredu.webp\",\"datePublished\":\"2025-08-13T17:07:40+00:00\",\"dateModified\":\"2026-04-05T17:45:00+00:00\",\"description\":\"D\u00e1mske oble\u010denie dvojset RAGBBORG cykl\u00e1menov\u00fd \u2013 spojenie \u017eenskosti, luxusu a komfortu. Elegantn\u00e1 kombin\u00e1cia \u010diapky a ruk\u00e1vnikov pre v\u00fdrazn\u00fd \u0161t\u00fdl.\",\"breadcrumb\":{\"@id\":\"https:\/\/www.tattja.com\/product\/damske-oblecenie-dvojset-ragbborg-cyklamenovy\/#breadcrumb\"},\"inLanguage\":\"en-GB\",\"potentialAction\":[{\"@type\":\"ReadAction\",\"target\":[\"https:\/\/www.tattja.com\/product\/damske-oblecenie-dvojset-ragbborg-cyklamenovy\/\"]}]},{\"@type\":\"ImageObject\",\"inLanguage\":\"en-GB\",\"@id\":\"https:\/\/www.tattja.com\/product\/damske-oblecenie-dvojset-ragbborg-cyklamenovy\/#primaryimage\",\"url\":\"https:\/\/www.tattja.com\/wp-content\/uploads\/2025\/08\/cyklamenovy-dvojset-rukavniky-ciapka-spredu.webp\",\"contentUrl\":\"https:\/\/www.tattja.com\/wp-content\/uploads\/2025\/08\/cyklamenovy-dvojset-rukavniky-ciapka-spredu.webp\",\"width\":1365,\"height\":2048,\"caption\":\"Cykl\u00e1menov\u00fd dvojset RAGBBORG \u2013 ruk\u00e1vniky a \u010diapka TATTJA | predn\u00fd poh\u013ead\"},{\"@type\":\"BreadcrumbList\",\"@id\":\"https:\/\/www.tattja.com\/product\/damske-oblecenie-dvojset-ragbborg-cyklamenovy\/#breadcrumb\",\"itemListElement\":[{\"@type\":\"ListItem\",\"position\":1,\"name\":\"Domov\",\"item\":\"https:\/\/www.tattja.com\/\"},{\"@type\":\"ListItem\",\"position\":2,\"name\":\"Produkty\",\"item\":\"https:\/\/www.tattja.com\/damske-oblecenie-produkty\/\"},{\"@type\":\"ListItem\",\"position\":3,\"name\":\"D\u00e1mske oble\u010denie 2-set RAGBBORG cykl\u00e1menov\u00fd\"}]},{\"@type\":\"WebSite\",\"@id\":\"https:\/\/www.tattja.com\/#website\",\"url\":\"https:\/\/www.tattja.com\/\",\"name\":\"TATTJA\",\"description\":\"D\u00e1mske oble\u010denie z extra jemnej merino vlny \u2014 ru\u010dne pleten\u00e9 na Slovensku\",\"potentialAction\":[{\"@type\":\"SearchAction\",\"target\":{\"@type\":\"EntryPoint\",\"urlTemplate\":\"https:\/\/www.tattja.com\/?s={search_term_string}\"},\"query-input\":{\"@type\":\"PropertyValueSpecification\",\"valueRequired\":true,\"valueName\":\"search_term_string\"}}],\"inLanguage\":\"en-GB\"}]}<\/script>\n<!-- \/ Yoast SEO plugin. -->","yoast_head_json":{"title":"D\u00e1mske oble\u010denie 2-set RAGBBORG cykl\u00e1menov\u00fd - TATTJA","description":"D\u00e1mske oble\u010denie dvojset RAGBBORG cykl\u00e1menov\u00fd \u2013 spojenie \u017eenskosti, luxusu a komfortu. Elegantn\u00e1 kombin\u00e1cia \u010diapky a ruk\u00e1vnikov pre v\u00fdrazn\u00fd \u0161t\u00fdl.","robots":{"index":"index","follow":"follow","max-snippet":"max-snippet:-1","max-image-preview":"max-image-preview:large","max-video-preview":"max-video-preview:-1"},"canonical":"https:\/\/www.tattja.com\/en\/product\/damske-oblecenie-dvojset-ragbborg-cyklamenovy\/","og_locale":"en_GB","og_type":"article","og_title":"D\u00e1mske oble\u010denie 2-set RAGBBORG cykl\u00e1menov\u00fd - TATTJA","og_description":"D\u00e1mske oble\u010denie dvojset RAGBBORG cykl\u00e1menov\u00fd \u2013 spojenie \u017eenskosti, luxusu a komfortu. Elegantn\u00e1 kombin\u00e1cia \u010diapky a ruk\u00e1vnikov pre v\u00fdrazn\u00fd \u0161t\u00fdl.","og_url":"https:\/\/www.tattja.com\/en\/product\/damske-oblecenie-dvojset-ragbborg-cyklamenovy\/","og_site_name":"TATTJA","article_modified_time":"2026-04-05T17:45:00+00:00","og_image":[{"width":1365,"height":2048,"url":"https:\/\/www.tattja.com\/wp-content\/uploads\/2025\/08\/cyklamenovy-dvojset-rukavniky-ciapka-spredu.webp","type":"image\/webp"}],"twitter_card":"summary_large_image","twitter_misc":{"Estimated reading time":"2 minutes"},"schema":{"@context":"https:\/\/schema.org","@graph":[{"@type":"WebPage","@id":"https:\/\/www.tattja.com\/product\/damske-oblecenie-dvojset-ragbborg-cyklamenovy\/","url":"https:\/\/www.tattja.com\/product\/damske-oblecenie-dvojset-ragbborg-cyklamenovy\/","name":"D\u00e1mske oble\u010denie 2-set RAGBBORG cykl\u00e1menov\u00fd - TATTJA","isPartOf":{"@id":"https:\/\/www.tattja.com\/#website"},"primaryImageOfPage":{"@id":"https:\/\/www.tattja.com\/product\/damske-oblecenie-dvojset-ragbborg-cyklamenovy\/#primaryimage"},"image":{"@id":"https:\/\/www.tattja.com\/product\/damske-oblecenie-dvojset-ragbborg-cyklamenovy\/#primaryimage"},"thumbnailUrl":"https:\/\/www.tattja.com\/wp-content\/uploads\/2025\/08\/cyklamenovy-dvojset-rukavniky-ciapka-spredu.webp","datePublished":"2025-08-13T17:07:40+00:00","dateModified":"2026-04-05T17:45:00+00:00","description":"D\u00e1mske oble\u010denie dvojset RAGBBORG cykl\u00e1menov\u00fd \u2013 spojenie \u017eenskosti, luxusu a komfortu. Elegantn\u00e1 kombin\u00e1cia \u010diapky a ruk\u00e1vnikov pre v\u00fdrazn\u00fd \u0161t\u00fdl.","breadcrumb":{"@id":"https:\/\/www.tattja.com\/product\/damske-oblecenie-dvojset-ragbborg-cyklamenovy\/#breadcrumb"},"inLanguage":"en-GB","potentialAction":[{"@type":"ReadAction","target":["https:\/\/www.tattja.com\/product\/damske-oblecenie-dvojset-ragbborg-cyklamenovy\/"]}]},{"@type":"ImageObject","inLanguage":"en-GB","@id":"https:\/\/www.tattja.com\/product\/damske-oblecenie-dvojset-ragbborg-cyklamenovy\/#primaryimage","url":"https:\/\/www.tattja.com\/wp-content\/uploads\/2025\/08\/cyklamenovy-dvojset-rukavniky-ciapka-spredu.webp","contentUrl":"https:\/\/www.tattja.com\/wp-content\/uploads\/2025\/08\/cyklamenovy-dvojset-rukavniky-ciapka-spredu.webp","width":1365,"height":2048,"caption":"Cykl\u00e1menov\u00fd dvojset RAGBBORG \u2013 ruk\u00e1vniky a \u010diapka TATTJA | predn\u00fd poh\u013ead"},{"@type":"BreadcrumbList","@id":"https:\/\/www.tattja.com\/product\/damske-oblecenie-dvojset-ragbborg-cyklamenovy\/#breadcrumb","itemListElement":[{"@type":"ListItem","position":1,"name":"Domov","item":"https:\/\/www.tattja.com\/"},{"@type":"ListItem","position":2,"name":"Produkty","item":"https:\/\/www.tattja.com\/damske-oblecenie-produkty\/"},{"@type":"ListItem","position":3,"name":"D\u00e1mske oble\u010denie 2-set RAGBBORG cykl\u00e1menov\u00fd"}]},{"@type":"WebSite","@id":"https:\/\/www.tattja.com\/#website","url":"https:\/\/www.tattja.com\/","name":"TATTJA","description":"D\u00e1mske oble\u010denie z extra jemnej merino vlny \u2014 ru\u010dne pleten\u00e9 na Slovensku","potentialAction":[{"@type":"SearchAction","target":{"@type":"EntryPoint","urlTemplate":"https:\/\/www.tattja.com\/?s={search_term_string}"},"query-input":{"@type":"PropertyValueSpecification","valueRequired":true,"valueName":"search_term_string"}}],"inLanguage":"en-GB"}]}},"_links":{"self":[{"href":"https:\/\/www.tattja.com\/en\/wp-json\/wp\/v2\/product\/1906","targetHints":{"allow":["GET"]}}],"collection":[{"href":"https:\/\/www.tattja.com\/en\/wp-json\/wp\/v2\/product"}],"about":[{"href":"https:\/\/www.tattja.com\/en\/wp-json\/wp\/v2\/types\/product"}],"replies":[{"embeddable":true,"href":"https:\/\/www.tattja.com\/en\/wp-json\/wp\/v2\/comments?post=1906"}],"version-history":[{"count":6,"href":"https:\/\/www.tattja.com\/en\/wp-json\/wp\/v2\/product\/1906\/revisions"}],"predecessor-version":[{"id":7247,"href":"https:\/\/www.tattja.com\/en\/wp-json\/wp\/v2\/product\/1906\/revisions\/7247"}],"wp:featuredmedia":[{"embeddable":true,"href":"https:\/\/www.tattja.com\/en\/wp-json\/wp\/v2\/media\/2246"}],"wp:attachment":[{"href":"https:\/\/www.tattja.com\/en\/wp-json\/wp\/v2\/media?parent=1906"}],"wp:term":[{"taxonomy":"product_brand","embeddable":true,"href":"https:\/\/www.tattja.com\/en\/wp-json\/wp\/v2\/product_brand?post=1906"},{"taxonomy":"product_cat","embeddable":true,"href":"https:\/\/www.tattja.com\/en\/wp-json\/wp\/v2\/product_cat?post=1906"},{"taxonomy":"product_tag","embeddable":true,"href":"https:\/\/www.tattja.com\/en\/wp-json\/wp\/v2\/product_tag?post=1906"}],"curies":[{"name":"wp","href":"https:\/\/api.w.org\/{rel}","templated":true}]}}