{"id":1910,"date":"2025-08-13T19:09:42","date_gmt":"2025-08-13T17:09:42","guid":{"rendered":"https:\/\/www.tattja.com\/?post_type=product&#038;p=1910"},"modified":"2026-04-05T19:45:00","modified_gmt":"2026-04-05T17:45:00","slug":"damske-oblecenie-dvojset-ingeborg-cyklamenovy","status":"publish","type":"product","link":"https:\/\/www.tattja.com\/en\/product\/damske-oblecenie-dvojset-ingeborg-cyklamenovy\/","title":{"rendered":"D\u00e1mske oble\u010denie 2-set INGEBORG cykl\u00e1menov\u00fd"},"content":{"rendered":"<p data-start=\"868\" data-end=\"1175\"><strong data-start=\"868\" data-end=\"917\">Women's clothing double set INGEBORG cyclamen<\/strong> combines distinctive femininity, subtle luxury and practical elegance. This exceptional set from the collection <strong data-start=\"1019\" data-end=\"1029\">TATTJA<\/strong> consists of a cap with a shawl and a knitted neck warmer - two iconic pieces that complement each other and create a harmonious whole for every modern woman.<\/p>\n<p data-start=\"1177\" data-end=\"1444\">The cyclamen hue symbolizes self-confidence, passion and determination. It brings optimism, energy and a stylish accent to your winter wardrobe that instantly livens up any outfit. This bold tone is both elegant and bold at the same time - emphasising feminine strength and natural refinement.<\/p>\n<p data-start=\"1446\" data-end=\"1805\">The neckwarmer wraps around the shoulders with softness and warmth, bringing comfort and a feeling of security on colder days. The fine knit with ribbed structure follows the body's movement and adapts to the silhouette, while the cap with shield adds a modern touch to the model and protects from the wind or sun. Every detail is meticulously crafted with attention to quality and craftsmanship precision.<\/p>\n<p data-start=\"1807\" data-end=\"2063\">Women's clothing double set <strong data-start=\"1815\" data-end=\"1839\">INGEBORG cyclamen<\/strong> is the ideal choice for women who love timeless design and desire an accessory that combines style, functionality and elegance. It fits perfectly with both minimalist and bold pieces and will easily become a dominant element of an outfit.<\/p>\n<p data-start=\"2065\" data-end=\"2170\">Discover the beauty of delicacy, sophisticated details and feminine style that will keep you warm and <a href=\"https:\/\/www.tattja.com\/en\/product-category\/damske-oblecenie\/dvojsety\/nakrcnik-a-ciapka\/\">in other colours.<\/a><\/p>\n<p data-start=\"2172\" data-end=\"2311\"><strong data-start=\"2172\" data-end=\"2226\">See, <a href=\"https:\/\/shop.bogensberger.co.at\/produkt-schlagwort\/merino-extrafein\/\">from what materials<\/a> we produce our pieces<\/strong> and indulge in the comfort that comes with the combination of quality, aesthetics and feminine charm.<\/p>","protected":false},"excerpt":{"rendered":"<p><strong data-start=\"671\" data-end=\"720\">Women's clothing double set INGEBORG cyclamen<\/strong> - Cap with shawl and knitted neck warmer in a shade that combines femininity, energy and elegant TATTJA style.<\/p>","protected":false},"featured_media":2250,"comment_status":"open","ping_status":"closed","template":"","meta":[],"product_brand":[],"product_cat":[289,300,129,291,134],"product_tag":[],"class_list":{"0":"post-1910","1":"product","2":"type-product","3":"status-publish","4":"has-post-thumbnail","6":"product_cat-dvojsety","7":"product_cat-damske-oblecenie","8":"product_cat-dvojsety-cyklamenove","9":"product_cat-nakrcnik-a-ciapka","10":"product_cat-pleteninove-doplnky-cyklamenove","12":"first","13":"instock","14":"taxable","15":"shipping-taxable","16":"purchasable","17":"product-type-simple"},"yoast_head":"<!-- This site is optimized with the Yoast SEO plugin v26.0 - https:\/\/yoast.com\/wordpress\/plugins\/seo\/ -->\n<title>D\u00e1mske oble\u010denie 2-set INGEBORG cykl\u00e1menov\u00fd - TATTJA<\/title>\n<meta name=\"description\" content=\"D\u00e1mske oble\u010denie dvojset INGEBORG cykl\u00e1menov\u00fd \u2013 luxusn\u00e1 kombin\u00e1cia \u010diapky a n\u00e1kr\u010dn\u00edka, ktor\u00e1 sp\u00e1ja hrejiv\u00fa eleganciu s v\u00fdraznou energiou farby.\" \/>\n<meta name=\"robots\" content=\"index, follow, max-snippet:-1, max-image-preview:large, max-video-preview:-1\" \/>\n<link rel=\"canonical\" href=\"https:\/\/www.tattja.com\/en\/product\/damske-oblecenie-dvojset-ingeborg-cyklamenovy\/\" \/>\n<meta property=\"og:locale\" content=\"en_GB\" \/>\n<meta property=\"og:type\" content=\"article\" \/>\n<meta property=\"og:title\" content=\"D\u00e1mske oble\u010denie 2-set INGEBORG cykl\u00e1menov\u00fd - TATTJA\" \/>\n<meta property=\"og:description\" content=\"D\u00e1mske oble\u010denie dvojset INGEBORG cykl\u00e1menov\u00fd \u2013 luxusn\u00e1 kombin\u00e1cia \u010diapky a n\u00e1kr\u010dn\u00edka, ktor\u00e1 sp\u00e1ja hrejiv\u00fa eleganciu s v\u00fdraznou energiou farby.\" \/>\n<meta property=\"og:url\" content=\"https:\/\/www.tattja.com\/en\/product\/damske-oblecenie-dvojset-ingeborg-cyklamenovy\/\" \/>\n<meta property=\"og:site_name\" content=\"TATTJA\" \/>\n<meta property=\"article:modified_time\" content=\"2026-04-05T17:45:00+00:00\" \/>\n<meta property=\"og:image\" content=\"https:\/\/www.tattja.com\/wp-content\/uploads\/2025\/08\/cyklamenovy-dvojset-nakrcnik-ciapka.spredu.webp\" \/>\n\t<meta property=\"og:image:width\" content=\"1365\" \/>\n\t<meta property=\"og:image:height\" content=\"2048\" \/>\n\t<meta property=\"og:image:type\" content=\"image\/webp\" \/>\n<meta name=\"twitter:card\" content=\"summary_large_image\" \/>\n<meta name=\"twitter:label1\" content=\"Estimated reading time\" \/>\n\t<meta name=\"twitter:data1\" content=\"2 minutes\" \/>\n<script type=\"application\/ld+json\" class=\"yoast-schema-graph\">{\"@context\":\"https:\/\/schema.org\",\"@graph\":[{\"@type\":\"WebPage\",\"@id\":\"https:\/\/www.tattja.com\/product\/damske-oblecenie-dvojset-ingeborg-cyklamenovy\/\",\"url\":\"https:\/\/www.tattja.com\/product\/damske-oblecenie-dvojset-ingeborg-cyklamenovy\/\",\"name\":\"D\u00e1mske oble\u010denie 2-set INGEBORG cykl\u00e1menov\u00fd - TATTJA\",\"isPartOf\":{\"@id\":\"https:\/\/www.tattja.com\/#website\"},\"primaryImageOfPage\":{\"@id\":\"https:\/\/www.tattja.com\/product\/damske-oblecenie-dvojset-ingeborg-cyklamenovy\/#primaryimage\"},\"image\":{\"@id\":\"https:\/\/www.tattja.com\/product\/damske-oblecenie-dvojset-ingeborg-cyklamenovy\/#primaryimage\"},\"thumbnailUrl\":\"https:\/\/www.tattja.com\/wp-content\/uploads\/2025\/08\/cyklamenovy-dvojset-nakrcnik-ciapka.spredu.webp\",\"datePublished\":\"2025-08-13T17:09:42+00:00\",\"dateModified\":\"2026-04-05T17:45:00+00:00\",\"description\":\"D\u00e1mske oble\u010denie dvojset INGEBORG cykl\u00e1menov\u00fd \u2013 luxusn\u00e1 kombin\u00e1cia \u010diapky a n\u00e1kr\u010dn\u00edka, ktor\u00e1 sp\u00e1ja hrejiv\u00fa eleganciu s v\u00fdraznou energiou farby.\",\"breadcrumb\":{\"@id\":\"https:\/\/www.tattja.com\/product\/damske-oblecenie-dvojset-ingeborg-cyklamenovy\/#breadcrumb\"},\"inLanguage\":\"en-GB\",\"potentialAction\":[{\"@type\":\"ReadAction\",\"target\":[\"https:\/\/www.tattja.com\/product\/damske-oblecenie-dvojset-ingeborg-cyklamenovy\/\"]}]},{\"@type\":\"ImageObject\",\"inLanguage\":\"en-GB\",\"@id\":\"https:\/\/www.tattja.com\/product\/damske-oblecenie-dvojset-ingeborg-cyklamenovy\/#primaryimage\",\"url\":\"https:\/\/www.tattja.com\/wp-content\/uploads\/2025\/08\/cyklamenovy-dvojset-nakrcnik-ciapka.spredu.webp\",\"contentUrl\":\"https:\/\/www.tattja.com\/wp-content\/uploads\/2025\/08\/cyklamenovy-dvojset-nakrcnik-ciapka.spredu.webp\",\"width\":1365,\"height\":2048,\"caption\":\"Cykl\u00e1menov\u00fd dvojset INGEBORG \u2013 \u010diapka a n\u00e1kr\u010dn\u00edk TATTJA | predn\u00fd poh\u013ead\"},{\"@type\":\"BreadcrumbList\",\"@id\":\"https:\/\/www.tattja.com\/product\/damske-oblecenie-dvojset-ingeborg-cyklamenovy\/#breadcrumb\",\"itemListElement\":[{\"@type\":\"ListItem\",\"position\":1,\"name\":\"Domov\",\"item\":\"https:\/\/www.tattja.com\/\"},{\"@type\":\"ListItem\",\"position\":2,\"name\":\"Produkty\",\"item\":\"https:\/\/www.tattja.com\/damske-oblecenie-produkty\/\"},{\"@type\":\"ListItem\",\"position\":3,\"name\":\"D\u00e1mske oble\u010denie 2-set INGEBORG cykl\u00e1menov\u00fd\"}]},{\"@type\":\"WebSite\",\"@id\":\"https:\/\/www.tattja.com\/#website\",\"url\":\"https:\/\/www.tattja.com\/\",\"name\":\"TATTJA\",\"description\":\"D\u00e1mske oble\u010denie z extra jemnej merino vlny \u2014 ru\u010dne pleten\u00e9 na Slovensku\",\"potentialAction\":[{\"@type\":\"SearchAction\",\"target\":{\"@type\":\"EntryPoint\",\"urlTemplate\":\"https:\/\/www.tattja.com\/?s={search_term_string}\"},\"query-input\":{\"@type\":\"PropertyValueSpecification\",\"valueRequired\":true,\"valueName\":\"search_term_string\"}}],\"inLanguage\":\"en-GB\"}]}<\/script>\n<!-- \/ Yoast SEO plugin. -->","yoast_head_json":{"title":"D\u00e1mske oble\u010denie 2-set INGEBORG cykl\u00e1menov\u00fd - TATTJA","description":"D\u00e1mske oble\u010denie dvojset INGEBORG cykl\u00e1menov\u00fd \u2013 luxusn\u00e1 kombin\u00e1cia \u010diapky a n\u00e1kr\u010dn\u00edka, ktor\u00e1 sp\u00e1ja hrejiv\u00fa eleganciu s v\u00fdraznou energiou farby.","robots":{"index":"index","follow":"follow","max-snippet":"max-snippet:-1","max-image-preview":"max-image-preview:large","max-video-preview":"max-video-preview:-1"},"canonical":"https:\/\/www.tattja.com\/en\/product\/damske-oblecenie-dvojset-ingeborg-cyklamenovy\/","og_locale":"en_GB","og_type":"article","og_title":"D\u00e1mske oble\u010denie 2-set INGEBORG cykl\u00e1menov\u00fd - TATTJA","og_description":"D\u00e1mske oble\u010denie dvojset INGEBORG cykl\u00e1menov\u00fd \u2013 luxusn\u00e1 kombin\u00e1cia \u010diapky a n\u00e1kr\u010dn\u00edka, ktor\u00e1 sp\u00e1ja hrejiv\u00fa eleganciu s v\u00fdraznou energiou farby.","og_url":"https:\/\/www.tattja.com\/en\/product\/damske-oblecenie-dvojset-ingeborg-cyklamenovy\/","og_site_name":"TATTJA","article_modified_time":"2026-04-05T17:45:00+00:00","og_image":[{"width":1365,"height":2048,"url":"https:\/\/www.tattja.com\/wp-content\/uploads\/2025\/08\/cyklamenovy-dvojset-nakrcnik-ciapka.spredu.webp","type":"image\/webp"}],"twitter_card":"summary_large_image","twitter_misc":{"Estimated reading time":"2 minutes"},"schema":{"@context":"https:\/\/schema.org","@graph":[{"@type":"WebPage","@id":"https:\/\/www.tattja.com\/product\/damske-oblecenie-dvojset-ingeborg-cyklamenovy\/","url":"https:\/\/www.tattja.com\/product\/damske-oblecenie-dvojset-ingeborg-cyklamenovy\/","name":"D\u00e1mske oble\u010denie 2-set INGEBORG cykl\u00e1menov\u00fd - TATTJA","isPartOf":{"@id":"https:\/\/www.tattja.com\/#website"},"primaryImageOfPage":{"@id":"https:\/\/www.tattja.com\/product\/damske-oblecenie-dvojset-ingeborg-cyklamenovy\/#primaryimage"},"image":{"@id":"https:\/\/www.tattja.com\/product\/damske-oblecenie-dvojset-ingeborg-cyklamenovy\/#primaryimage"},"thumbnailUrl":"https:\/\/www.tattja.com\/wp-content\/uploads\/2025\/08\/cyklamenovy-dvojset-nakrcnik-ciapka.spredu.webp","datePublished":"2025-08-13T17:09:42+00:00","dateModified":"2026-04-05T17:45:00+00:00","description":"D\u00e1mske oble\u010denie dvojset INGEBORG cykl\u00e1menov\u00fd \u2013 luxusn\u00e1 kombin\u00e1cia \u010diapky a n\u00e1kr\u010dn\u00edka, ktor\u00e1 sp\u00e1ja hrejiv\u00fa eleganciu s v\u00fdraznou energiou farby.","breadcrumb":{"@id":"https:\/\/www.tattja.com\/product\/damske-oblecenie-dvojset-ingeborg-cyklamenovy\/#breadcrumb"},"inLanguage":"en-GB","potentialAction":[{"@type":"ReadAction","target":["https:\/\/www.tattja.com\/product\/damske-oblecenie-dvojset-ingeborg-cyklamenovy\/"]}]},{"@type":"ImageObject","inLanguage":"en-GB","@id":"https:\/\/www.tattja.com\/product\/damske-oblecenie-dvojset-ingeborg-cyklamenovy\/#primaryimage","url":"https:\/\/www.tattja.com\/wp-content\/uploads\/2025\/08\/cyklamenovy-dvojset-nakrcnik-ciapka.spredu.webp","contentUrl":"https:\/\/www.tattja.com\/wp-content\/uploads\/2025\/08\/cyklamenovy-dvojset-nakrcnik-ciapka.spredu.webp","width":1365,"height":2048,"caption":"Cykl\u00e1menov\u00fd dvojset INGEBORG \u2013 \u010diapka a n\u00e1kr\u010dn\u00edk TATTJA | predn\u00fd poh\u013ead"},{"@type":"BreadcrumbList","@id":"https:\/\/www.tattja.com\/product\/damske-oblecenie-dvojset-ingeborg-cyklamenovy\/#breadcrumb","itemListElement":[{"@type":"ListItem","position":1,"name":"Domov","item":"https:\/\/www.tattja.com\/"},{"@type":"ListItem","position":2,"name":"Produkty","item":"https:\/\/www.tattja.com\/damske-oblecenie-produkty\/"},{"@type":"ListItem","position":3,"name":"D\u00e1mske oble\u010denie 2-set INGEBORG cykl\u00e1menov\u00fd"}]},{"@type":"WebSite","@id":"https:\/\/www.tattja.com\/#website","url":"https:\/\/www.tattja.com\/","name":"TATTJA","description":"D\u00e1mske oble\u010denie z extra jemnej merino vlny \u2014 ru\u010dne pleten\u00e9 na Slovensku","potentialAction":[{"@type":"SearchAction","target":{"@type":"EntryPoint","urlTemplate":"https:\/\/www.tattja.com\/?s={search_term_string}"},"query-input":{"@type":"PropertyValueSpecification","valueRequired":true,"valueName":"search_term_string"}}],"inLanguage":"en-GB"}]}},"_links":{"self":[{"href":"https:\/\/www.tattja.com\/en\/wp-json\/wp\/v2\/product\/1910","targetHints":{"allow":["GET"]}}],"collection":[{"href":"https:\/\/www.tattja.com\/en\/wp-json\/wp\/v2\/product"}],"about":[{"href":"https:\/\/www.tattja.com\/en\/wp-json\/wp\/v2\/types\/product"}],"replies":[{"embeddable":true,"href":"https:\/\/www.tattja.com\/en\/wp-json\/wp\/v2\/comments?post=1910"}],"version-history":[{"count":6,"href":"https:\/\/www.tattja.com\/en\/wp-json\/wp\/v2\/product\/1910\/revisions"}],"predecessor-version":[{"id":7245,"href":"https:\/\/www.tattja.com\/en\/wp-json\/wp\/v2\/product\/1910\/revisions\/7245"}],"wp:featuredmedia":[{"embeddable":true,"href":"https:\/\/www.tattja.com\/en\/wp-json\/wp\/v2\/media\/2250"}],"wp:attachment":[{"href":"https:\/\/www.tattja.com\/en\/wp-json\/wp\/v2\/media?parent=1910"}],"wp:term":[{"taxonomy":"product_brand","embeddable":true,"href":"https:\/\/www.tattja.com\/en\/wp-json\/wp\/v2\/product_brand?post=1910"},{"taxonomy":"product_cat","embeddable":true,"href":"https:\/\/www.tattja.com\/en\/wp-json\/wp\/v2\/product_cat?post=1910"},{"taxonomy":"product_tag","embeddable":true,"href":"https:\/\/www.tattja.com\/en\/wp-json\/wp\/v2\/product_tag?post=1910"}],"curies":[{"name":"wp","href":"https:\/\/api.w.org\/{rel}","templated":true}]}}