{"id":1918,"date":"2025-08-13T19:13:44","date_gmt":"2025-08-13T17:13:44","guid":{"rendered":"https:\/\/www.tattja.com\/?post_type=product&#038;p=1918"},"modified":"2026-04-05T19:45:00","modified_gmt":"2026-04-05T17:45:00","slug":"damske-oblecenie-trojset-solvej-cyklamenovy-tattja","status":"publish","type":"product","link":"https:\/\/www.tattja.com\/en\/product\/damske-oblecenie-trojset-solvej-cyklamenovy-tattja\/","title":{"rendered":"D\u00e1mske oble\u010denie 3-set SOLVEJ cykl\u00e1menov\u00fd"},"content":{"rendered":"<p data-start=\"960\" data-end=\"1249\"><strong data-start=\"960\" data-end=\"990\">Women's clothing three-set SOLVEJ cyclamen<\/strong> is a celebration of feminine energy, elegance and comfort. This exclusive women's knitted set from the <strong data-start=\"1090\" data-end=\"1100\">TATTJA<\/strong> consists of three sophisticated pieces - a neckpiece, a neckwarmer and a cap - which together create an iconic balance between functionality and refinement.<\/p>\n<p data-start=\"1251\" data-end=\"1543\">Cyclamen symbolizes courage, vitality and inner sparkle. This shade brightens the complexion, accentuates feminine features and adds a special glamour to any combination. The soft neck warmer wraps around the shoulders and brings cosy warmth, the cowl neck shapes the waistline and the cap with shawl completes the ensemble with a modern accent.<\/p>\n<p data-start=\"1545\" data-end=\"1875\">We've designed every detail of the triple set to become part of your everyday luxury. The ribbed knit with a soft sheen flatters the figure and, thanks to the high quality of the workmanship, its shape will remain preserved even after many wears. Combining style and functionality, it beautifully accentuates your personality without unnecessary ostentation.<\/p>\n<p data-start=\"1877\" data-end=\"2116\">Women's three-set SOLVEJ cyclamen is ideal for days when you want to be special, but at the same time you want to feel comfortable and confident. You can easily combine it with an elegant coat, skirt or jeans - in each version it looks confident and harmonious.<\/p>\n<p data-start=\"1877\" data-end=\"2116\">Discover the beauty of delicacy, sophisticated details and feminine style that will warm you and <a href=\"https:\/\/www.tattja.com\/en\/product-category\/produkty\/trojsety-3\/nakrcnik-a-driekovnik-a-ciapka\/\">in other colours<\/a>.<\/p>\n<p data-start=\"2118\" data-end=\"2269\"><strong data-start=\"2118\" data-end=\"2175\">See, <a href=\"https:\/\/shop.bogensberger.co.at\/produkt-schlagwort\/merino-extrafein\/\">from what materials<\/a> we produce our pieces<\/strong> and discover the softness, quality and sensual touch behind every model of the brand <strong data-start=\"2258\" data-end=\"2268\">TATTJA<\/strong>.<\/p>","protected":false},"excerpt":{"rendered":"<p><strong data-start=\"697\" data-end=\"727\">Women's clothing three-set SOLVEJ cyclamen<\/strong> exudes energy, femininity and sophisticated style. This TATTJA knitted set - neck warmer, neck warmer and cap - combines comfort with bold elegance to create a distinctive yet harmonious whole.<\/p>","protected":false},"featured_media":2265,"comment_status":"open","ping_status":"closed","template":"","meta":[],"product_brand":[],"product_cat":[284,300,286,134,130],"product_tag":[],"class_list":{"0":"post-1918","1":"product","2":"type-product","3":"status-publish","4":"has-post-thumbnail","6":"product_cat-trojsety-3","7":"product_cat-damske-oblecenie","8":"product_cat-nakrcnik-a-driekovnik-a-ciapka","9":"product_cat-pleteninove-doplnky-cyklamenove","10":"product_cat-trojsety","12":"first","13":"instock","14":"taxable","15":"shipping-taxable","16":"purchasable","17":"product-type-simple"},"yoast_head":"<!-- This site is optimized with the Yoast SEO plugin v26.0 - https:\/\/yoast.com\/wordpress\/plugins\/seo\/ -->\n<title>D\u00e1mske oble\u010denie 3-set SOLVEJ cykl\u00e1menov\u00fd - TATTJA<\/title>\n<meta name=\"description\" content=\"D\u00e1mske oble\u010denie trojset SOLVEJ cykl\u00e1menov\u00fd \u2013 luxusn\u00fd komplet TATTJA, ktor\u00fd sp\u00e1ja \u017eenskos\u0165, pohodlie a hrejiv\u00fa eleganciu v \u017eiarivej farbe v\u00e1\u0161ho \u0161t\u00fdlu.\" \/>\n<meta name=\"robots\" content=\"index, follow, max-snippet:-1, max-image-preview:large, max-video-preview:-1\" \/>\n<link rel=\"canonical\" href=\"https:\/\/www.tattja.com\/en\/product\/damske-oblecenie-trojset-solvej-cyklamenovy-tattja\/\" \/>\n<meta property=\"og:locale\" content=\"en_GB\" \/>\n<meta property=\"og:type\" content=\"article\" \/>\n<meta property=\"og:title\" content=\"D\u00e1mske oble\u010denie 3-set SOLVEJ cykl\u00e1menov\u00fd - TATTJA\" \/>\n<meta property=\"og:description\" content=\"D\u00e1mske oble\u010denie trojset SOLVEJ cykl\u00e1menov\u00fd \u2013 luxusn\u00fd komplet TATTJA, ktor\u00fd sp\u00e1ja \u017eenskos\u0165, pohodlie a hrejiv\u00fa eleganciu v \u017eiarivej farbe v\u00e1\u0161ho \u0161t\u00fdlu.\" \/>\n<meta property=\"og:url\" content=\"https:\/\/www.tattja.com\/en\/product\/damske-oblecenie-trojset-solvej-cyklamenovy-tattja\/\" \/>\n<meta property=\"og:site_name\" content=\"TATTJA\" \/>\n<meta property=\"article:modified_time\" content=\"2026-04-05T17:45:00+00:00\" \/>\n<meta property=\"og:image\" content=\"https:\/\/www.tattja.com\/wp-content\/uploads\/2025\/08\/cyklamenovy-trojset-nakrcnik-driekovnik.ciapka-spredu.webp\" \/>\n\t<meta property=\"og:image:width\" content=\"1365\" \/>\n\t<meta property=\"og:image:height\" content=\"2048\" \/>\n\t<meta property=\"og:image:type\" content=\"image\/webp\" \/>\n<meta name=\"twitter:card\" content=\"summary_large_image\" \/>\n<meta name=\"twitter:label1\" content=\"Estimated reading time\" \/>\n\t<meta name=\"twitter:data1\" content=\"2 minutes\" \/>\n<script type=\"application\/ld+json\" class=\"yoast-schema-graph\">{\"@context\":\"https:\/\/schema.org\",\"@graph\":[{\"@type\":\"WebPage\",\"@id\":\"https:\/\/www.tattja.com\/product\/damske-oblecenie-trojset-solvej-cyklamenovy-tattja\/\",\"url\":\"https:\/\/www.tattja.com\/product\/damske-oblecenie-trojset-solvej-cyklamenovy-tattja\/\",\"name\":\"D\u00e1mske oble\u010denie 3-set SOLVEJ cykl\u00e1menov\u00fd - TATTJA\",\"isPartOf\":{\"@id\":\"https:\/\/www.tattja.com\/#website\"},\"primaryImageOfPage\":{\"@id\":\"https:\/\/www.tattja.com\/product\/damske-oblecenie-trojset-solvej-cyklamenovy-tattja\/#primaryimage\"},\"image\":{\"@id\":\"https:\/\/www.tattja.com\/product\/damske-oblecenie-trojset-solvej-cyklamenovy-tattja\/#primaryimage\"},\"thumbnailUrl\":\"https:\/\/www.tattja.com\/wp-content\/uploads\/2025\/08\/cyklamenovy-trojset-nakrcnik-driekovnik.ciapka-spredu.webp\",\"datePublished\":\"2025-08-13T17:13:44+00:00\",\"dateModified\":\"2026-04-05T17:45:00+00:00\",\"description\":\"D\u00e1mske oble\u010denie trojset SOLVEJ cykl\u00e1menov\u00fd \u2013 luxusn\u00fd komplet TATTJA, ktor\u00fd sp\u00e1ja \u017eenskos\u0165, pohodlie a hrejiv\u00fa eleganciu v \u017eiarivej farbe v\u00e1\u0161ho \u0161t\u00fdlu.\",\"breadcrumb\":{\"@id\":\"https:\/\/www.tattja.com\/product\/damske-oblecenie-trojset-solvej-cyklamenovy-tattja\/#breadcrumb\"},\"inLanguage\":\"en-GB\",\"potentialAction\":[{\"@type\":\"ReadAction\",\"target\":[\"https:\/\/www.tattja.com\/product\/damske-oblecenie-trojset-solvej-cyklamenovy-tattja\/\"]}]},{\"@type\":\"ImageObject\",\"inLanguage\":\"en-GB\",\"@id\":\"https:\/\/www.tattja.com\/product\/damske-oblecenie-trojset-solvej-cyklamenovy-tattja\/#primaryimage\",\"url\":\"https:\/\/www.tattja.com\/wp-content\/uploads\/2025\/08\/cyklamenovy-trojset-nakrcnik-driekovnik.ciapka-spredu.webp\",\"contentUrl\":\"https:\/\/www.tattja.com\/wp-content\/uploads\/2025\/08\/cyklamenovy-trojset-nakrcnik-driekovnik.ciapka-spredu.webp\",\"width\":1365,\"height\":2048,\"caption\":\"Trojset SOLVEJ \u2013 cykl\u00e1menov\u00fd n\u00e1kr\u010dn\u00edk, driekovn\u00edk a \u010diapka TATTJA | predn\u00fd poh\u013ead\"},{\"@type\":\"BreadcrumbList\",\"@id\":\"https:\/\/www.tattja.com\/product\/damske-oblecenie-trojset-solvej-cyklamenovy-tattja\/#breadcrumb\",\"itemListElement\":[{\"@type\":\"ListItem\",\"position\":1,\"name\":\"Domov\",\"item\":\"https:\/\/www.tattja.com\/\"},{\"@type\":\"ListItem\",\"position\":2,\"name\":\"Produkty\",\"item\":\"https:\/\/www.tattja.com\/damske-oblecenie-produkty\/\"},{\"@type\":\"ListItem\",\"position\":3,\"name\":\"D\u00e1mske oble\u010denie 3-set SOLVEJ cykl\u00e1menov\u00fd\"}]},{\"@type\":\"WebSite\",\"@id\":\"https:\/\/www.tattja.com\/#website\",\"url\":\"https:\/\/www.tattja.com\/\",\"name\":\"TATTJA\",\"description\":\"D\u00e1mske oble\u010denie z extra jemnej merino vlny \u2014 ru\u010dne pleten\u00e9 na Slovensku\",\"potentialAction\":[{\"@type\":\"SearchAction\",\"target\":{\"@type\":\"EntryPoint\",\"urlTemplate\":\"https:\/\/www.tattja.com\/?s={search_term_string}\"},\"query-input\":{\"@type\":\"PropertyValueSpecification\",\"valueRequired\":true,\"valueName\":\"search_term_string\"}}],\"inLanguage\":\"en-GB\"}]}<\/script>\n<!-- \/ Yoast SEO plugin. -->","yoast_head_json":{"title":"D\u00e1mske oble\u010denie 3-set SOLVEJ cykl\u00e1menov\u00fd - TATTJA","description":"D\u00e1mske oble\u010denie trojset SOLVEJ cykl\u00e1menov\u00fd \u2013 luxusn\u00fd komplet TATTJA, ktor\u00fd sp\u00e1ja \u017eenskos\u0165, pohodlie a hrejiv\u00fa eleganciu v \u017eiarivej farbe v\u00e1\u0161ho \u0161t\u00fdlu.","robots":{"index":"index","follow":"follow","max-snippet":"max-snippet:-1","max-image-preview":"max-image-preview:large","max-video-preview":"max-video-preview:-1"},"canonical":"https:\/\/www.tattja.com\/en\/product\/damske-oblecenie-trojset-solvej-cyklamenovy-tattja\/","og_locale":"en_GB","og_type":"article","og_title":"D\u00e1mske oble\u010denie 3-set SOLVEJ cykl\u00e1menov\u00fd - TATTJA","og_description":"D\u00e1mske oble\u010denie trojset SOLVEJ cykl\u00e1menov\u00fd \u2013 luxusn\u00fd komplet TATTJA, ktor\u00fd sp\u00e1ja \u017eenskos\u0165, pohodlie a hrejiv\u00fa eleganciu v \u017eiarivej farbe v\u00e1\u0161ho \u0161t\u00fdlu.","og_url":"https:\/\/www.tattja.com\/en\/product\/damske-oblecenie-trojset-solvej-cyklamenovy-tattja\/","og_site_name":"TATTJA","article_modified_time":"2026-04-05T17:45:00+00:00","og_image":[{"width":1365,"height":2048,"url":"https:\/\/www.tattja.com\/wp-content\/uploads\/2025\/08\/cyklamenovy-trojset-nakrcnik-driekovnik.ciapka-spredu.webp","type":"image\/webp"}],"twitter_card":"summary_large_image","twitter_misc":{"Estimated reading time":"2 minutes"},"schema":{"@context":"https:\/\/schema.org","@graph":[{"@type":"WebPage","@id":"https:\/\/www.tattja.com\/product\/damske-oblecenie-trojset-solvej-cyklamenovy-tattja\/","url":"https:\/\/www.tattja.com\/product\/damske-oblecenie-trojset-solvej-cyklamenovy-tattja\/","name":"D\u00e1mske oble\u010denie 3-set SOLVEJ cykl\u00e1menov\u00fd - TATTJA","isPartOf":{"@id":"https:\/\/www.tattja.com\/#website"},"primaryImageOfPage":{"@id":"https:\/\/www.tattja.com\/product\/damske-oblecenie-trojset-solvej-cyklamenovy-tattja\/#primaryimage"},"image":{"@id":"https:\/\/www.tattja.com\/product\/damske-oblecenie-trojset-solvej-cyklamenovy-tattja\/#primaryimage"},"thumbnailUrl":"https:\/\/www.tattja.com\/wp-content\/uploads\/2025\/08\/cyklamenovy-trojset-nakrcnik-driekovnik.ciapka-spredu.webp","datePublished":"2025-08-13T17:13:44+00:00","dateModified":"2026-04-05T17:45:00+00:00","description":"D\u00e1mske oble\u010denie trojset SOLVEJ cykl\u00e1menov\u00fd \u2013 luxusn\u00fd komplet TATTJA, ktor\u00fd sp\u00e1ja \u017eenskos\u0165, pohodlie a hrejiv\u00fa eleganciu v \u017eiarivej farbe v\u00e1\u0161ho \u0161t\u00fdlu.","breadcrumb":{"@id":"https:\/\/www.tattja.com\/product\/damske-oblecenie-trojset-solvej-cyklamenovy-tattja\/#breadcrumb"},"inLanguage":"en-GB","potentialAction":[{"@type":"ReadAction","target":["https:\/\/www.tattja.com\/product\/damske-oblecenie-trojset-solvej-cyklamenovy-tattja\/"]}]},{"@type":"ImageObject","inLanguage":"en-GB","@id":"https:\/\/www.tattja.com\/product\/damske-oblecenie-trojset-solvej-cyklamenovy-tattja\/#primaryimage","url":"https:\/\/www.tattja.com\/wp-content\/uploads\/2025\/08\/cyklamenovy-trojset-nakrcnik-driekovnik.ciapka-spredu.webp","contentUrl":"https:\/\/www.tattja.com\/wp-content\/uploads\/2025\/08\/cyklamenovy-trojset-nakrcnik-driekovnik.ciapka-spredu.webp","width":1365,"height":2048,"caption":"Trojset SOLVEJ \u2013 cykl\u00e1menov\u00fd n\u00e1kr\u010dn\u00edk, driekovn\u00edk a \u010diapka TATTJA | predn\u00fd poh\u013ead"},{"@type":"BreadcrumbList","@id":"https:\/\/www.tattja.com\/product\/damske-oblecenie-trojset-solvej-cyklamenovy-tattja\/#breadcrumb","itemListElement":[{"@type":"ListItem","position":1,"name":"Domov","item":"https:\/\/www.tattja.com\/"},{"@type":"ListItem","position":2,"name":"Produkty","item":"https:\/\/www.tattja.com\/damske-oblecenie-produkty\/"},{"@type":"ListItem","position":3,"name":"D\u00e1mske oble\u010denie 3-set SOLVEJ cykl\u00e1menov\u00fd"}]},{"@type":"WebSite","@id":"https:\/\/www.tattja.com\/#website","url":"https:\/\/www.tattja.com\/","name":"TATTJA","description":"D\u00e1mske oble\u010denie z extra jemnej merino vlny \u2014 ru\u010dne pleten\u00e9 na Slovensku","potentialAction":[{"@type":"SearchAction","target":{"@type":"EntryPoint","urlTemplate":"https:\/\/www.tattja.com\/?s={search_term_string}"},"query-input":{"@type":"PropertyValueSpecification","valueRequired":true,"valueName":"search_term_string"}}],"inLanguage":"en-GB"}]}},"_links":{"self":[{"href":"https:\/\/www.tattja.com\/en\/wp-json\/wp\/v2\/product\/1918","targetHints":{"allow":["GET"]}}],"collection":[{"href":"https:\/\/www.tattja.com\/en\/wp-json\/wp\/v2\/product"}],"about":[{"href":"https:\/\/www.tattja.com\/en\/wp-json\/wp\/v2\/types\/product"}],"replies":[{"embeddable":true,"href":"https:\/\/www.tattja.com\/en\/wp-json\/wp\/v2\/comments?post=1918"}],"version-history":[{"count":6,"href":"https:\/\/www.tattja.com\/en\/wp-json\/wp\/v2\/product\/1918\/revisions"}],"predecessor-version":[{"id":7241,"href":"https:\/\/www.tattja.com\/en\/wp-json\/wp\/v2\/product\/1918\/revisions\/7241"}],"wp:featuredmedia":[{"embeddable":true,"href":"https:\/\/www.tattja.com\/en\/wp-json\/wp\/v2\/media\/2265"}],"wp:attachment":[{"href":"https:\/\/www.tattja.com\/en\/wp-json\/wp\/v2\/media?parent=1918"}],"wp:term":[{"taxonomy":"product_brand","embeddable":true,"href":"https:\/\/www.tattja.com\/en\/wp-json\/wp\/v2\/product_brand?post=1918"},{"taxonomy":"product_cat","embeddable":true,"href":"https:\/\/www.tattja.com\/en\/wp-json\/wp\/v2\/product_cat?post=1918"},{"taxonomy":"product_tag","embeddable":true,"href":"https:\/\/www.tattja.com\/en\/wp-json\/wp\/v2\/product_tag?post=1918"}],"curies":[{"name":"wp","href":"https:\/\/api.w.org\/{rel}","templated":true}]}}