{"id":1920,"date":"2025-08-13T19:15:18","date_gmt":"2025-08-13T17:15:18","guid":{"rendered":"https:\/\/www.tattja.com\/?post_type=product&#038;p=1920"},"modified":"2026-04-05T19:45:00","modified_gmt":"2026-04-05T17:45:00","slug":"stvorset-tattja-cyklamenovy","status":"publish","type":"product","link":"https:\/\/www.tattja.com\/en\/product\/stvorset-tattja-cyklamenovy\/","title":{"rendered":"D\u00e1mske oble\u010denie 4-set TATTJA cykl\u00e1menov\u00fd"},"content":{"rendered":"<p data-start=\"1029\" data-end=\"1479\"><strong data-start=\"1029\" data-end=\"1079\">Women's four-piece TATTJA cyclamen<\/strong> we have created an elegant knitted ensemble that combines femininity, energy and luxury in one harmony. The quatrefoil is made up of four carefully designed pieces - a beanie, a neck warmer, arm warmers and a shrug. Each detail has its own meaning. The neckpiece wraps around the shoulders and accentuates the attitude, the cap protects against the cold and adds a distinctive charm. The sleeves add a modern element to the outfit and the shrug accentuates the feminine silhouette with its elegant line.<\/p>\n<p data-start=\"1481\" data-end=\"1702\">Cyclamen colour carries energy, determination and feminine confidence. Cyclamen colour highlights not only style, but also inner strength. This four-piece set will stand out in any wardrobe because it can turn an ordinary day into an elegant experience.<\/p>\n<p data-start=\"1704\" data-end=\"1924\">We made the knitted set from <strong>MERINO wool<\/strong>, which brings warmth, breathability and exceptional comfort. Premium quality allows each piece to conform to the body's movement while retaining both its shape and softness.<\/p>\n<p data-start=\"1926\" data-end=\"2104\">The TATTJA cyclamen women's four-piece suit brings a symbol of elegance for the modern woman who values quality, style and authenticity. In every gesture you can feel refinement, delicacy and self-confidence.<\/p>\n<p data-start=\"2106\" data-end=\"2341\">This quatrain does not only provide a fashionable design, but also expresses a feeling experience. It combines warmth, aesthetics and personal emanation.<\/p>\n<p data-start=\"2106\" data-end=\"2341\">Discover the beauty of delicacy, sophisticated details and feminine style that warms you and <a href=\"https:\/\/www.tattja.com\/en\/product-category\/produkty\/stvorset\/\">in other colours<\/a>.<br data-start=\"2210\" data-end=\"2213\" \/><strong data-start=\"2213\" data-end=\"2270\">See, <a href=\"https:\/\/shop.bogensberger.co.at\/produkt-schlagwort\/merino-extrafein\/\">from what materials<\/a> our pieces are made<\/strong> - Discover the quality that transforms every touch into a feeling of excellence.<\/p>","protected":false},"excerpt":{"rendered":"<p data-start=\"707\" data-end=\"955\"><strong data-start=\"707\" data-end=\"757\">Women's clothing - four-set TATTJA cyclamen<\/strong> combines energy, elegance and comfort. Four knitted pieces - a cap, a neck warmer, arm warmers and a shrug - create a harmonious outfit for the modern woman who loves refinement and a warming sense of excellence.<\/p>","protected":false},"featured_media":2255,"comment_status":"open","ping_status":"closed","template":"","meta":[],"product_brand":[],"product_cat":[296,300,297,134,131],"product_tag":[],"class_list":{"0":"post-1920","1":"product","2":"type-product","3":"status-publish","4":"has-post-thumbnail","6":"product_cat-stvorset","7":"product_cat-damske-oblecenie","8":"product_cat-nakrcnik-a-driekovnik-a-rukavniky-a-ciapka","9":"product_cat-pleteninove-doplnky-cyklamenove","10":"product_cat-stvorsety","12":"first","13":"instock","14":"taxable","15":"shipping-taxable","16":"purchasable","17":"product-type-simple"},"yoast_head":"<!-- This site is optimized with the Yoast SEO plugin v26.0 - https:\/\/yoast.com\/wordpress\/plugins\/seo\/ -->\n<title>D\u00e1mske oble\u010denie 4-set TATTJA cykl\u00e1menov\u00fd - TATTJA<\/title>\n<meta name=\"description\" content=\"D\u00e1mske oble\u010denie \u0161tvorset TATTJA cykl\u00e1menov\u00fd je elegantn\u00fd pleten\u00fd komplet s \u010diapkou, n\u00e1kr\u010dn\u00edkom a ruk\u00e1vnikmi. Noblesa, \u0161t\u00fdl a hrejiv\u00e1 \u017eenskos\u0165 v jednom.\" \/>\n<meta name=\"robots\" content=\"index, follow, max-snippet:-1, max-image-preview:large, max-video-preview:-1\" \/>\n<link rel=\"canonical\" href=\"https:\/\/www.tattja.com\/en\/product\/stvorset-tattja-cyklamenovy\/\" \/>\n<meta property=\"og:locale\" content=\"en_GB\" \/>\n<meta property=\"og:type\" content=\"article\" \/>\n<meta property=\"og:title\" content=\"D\u00e1mske oble\u010denie 4-set TATTJA cykl\u00e1menov\u00fd - TATTJA\" \/>\n<meta property=\"og:description\" content=\"D\u00e1mske oble\u010denie \u0161tvorset TATTJA cykl\u00e1menov\u00fd je elegantn\u00fd pleten\u00fd komplet s \u010diapkou, n\u00e1kr\u010dn\u00edkom a ruk\u00e1vnikmi. Noblesa, \u0161t\u00fdl a hrejiv\u00e1 \u017eenskos\u0165 v jednom.\" \/>\n<meta property=\"og:url\" content=\"https:\/\/www.tattja.com\/en\/product\/stvorset-tattja-cyklamenovy\/\" \/>\n<meta property=\"og:site_name\" content=\"TATTJA\" \/>\n<meta property=\"article:modified_time\" content=\"2026-04-05T17:45:00+00:00\" \/>\n<meta property=\"og:image\" content=\"https:\/\/www.tattja.com\/wp-content\/uploads\/2025\/08\/cyklamenovy-stvorset-nakrcnik-driekovnik-rukavniky-ciapka-spredu.webp\" \/>\n\t<meta property=\"og:image:width\" content=\"1365\" \/>\n\t<meta property=\"og:image:height\" content=\"2048\" \/>\n\t<meta property=\"og:image:type\" content=\"image\/webp\" \/>\n<meta name=\"twitter:card\" content=\"summary_large_image\" \/>\n<meta name=\"twitter:label1\" content=\"Estimated reading time\" \/>\n\t<meta name=\"twitter:data1\" content=\"2 minutes\" \/>\n<script type=\"application\/ld+json\" class=\"yoast-schema-graph\">{\"@context\":\"https:\/\/schema.org\",\"@graph\":[{\"@type\":\"WebPage\",\"@id\":\"https:\/\/www.tattja.com\/product\/stvorset-tattja-cyklamenovy\/\",\"url\":\"https:\/\/www.tattja.com\/product\/stvorset-tattja-cyklamenovy\/\",\"name\":\"D\u00e1mske oble\u010denie 4-set TATTJA cykl\u00e1menov\u00fd - TATTJA\",\"isPartOf\":{\"@id\":\"https:\/\/www.tattja.com\/#website\"},\"primaryImageOfPage\":{\"@id\":\"https:\/\/www.tattja.com\/product\/stvorset-tattja-cyklamenovy\/#primaryimage\"},\"image\":{\"@id\":\"https:\/\/www.tattja.com\/product\/stvorset-tattja-cyklamenovy\/#primaryimage\"},\"thumbnailUrl\":\"https:\/\/www.tattja.com\/wp-content\/uploads\/2025\/08\/cyklamenovy-stvorset-nakrcnik-driekovnik-rukavniky-ciapka-spredu.webp\",\"datePublished\":\"2025-08-13T17:15:18+00:00\",\"dateModified\":\"2026-04-05T17:45:00+00:00\",\"description\":\"D\u00e1mske oble\u010denie \u0161tvorset TATTJA cykl\u00e1menov\u00fd je elegantn\u00fd pleten\u00fd komplet s \u010diapkou, n\u00e1kr\u010dn\u00edkom a ruk\u00e1vnikmi. Noblesa, \u0161t\u00fdl a hrejiv\u00e1 \u017eenskos\u0165 v jednom.\",\"breadcrumb\":{\"@id\":\"https:\/\/www.tattja.com\/product\/stvorset-tattja-cyklamenovy\/#breadcrumb\"},\"inLanguage\":\"en-GB\",\"potentialAction\":[{\"@type\":\"ReadAction\",\"target\":[\"https:\/\/www.tattja.com\/product\/stvorset-tattja-cyklamenovy\/\"]}]},{\"@type\":\"ImageObject\",\"inLanguage\":\"en-GB\",\"@id\":\"https:\/\/www.tattja.com\/product\/stvorset-tattja-cyklamenovy\/#primaryimage\",\"url\":\"https:\/\/www.tattja.com\/wp-content\/uploads\/2025\/08\/cyklamenovy-stvorset-nakrcnik-driekovnik-rukavniky-ciapka-spredu.webp\",\"contentUrl\":\"https:\/\/www.tattja.com\/wp-content\/uploads\/2025\/08\/cyklamenovy-stvorset-nakrcnik-driekovnik-rukavniky-ciapka-spredu.webp\",\"width\":1365,\"height\":2048,\"caption\":\"Cykl\u00e1menov\u00fd \u0161tvorset TATTJA \u2013 n\u00e1kr\u010dn\u00edk, driekovn\u00edk, ruk\u00e1vniky a \u010diapka\"},{\"@type\":\"BreadcrumbList\",\"@id\":\"https:\/\/www.tattja.com\/product\/stvorset-tattja-cyklamenovy\/#breadcrumb\",\"itemListElement\":[{\"@type\":\"ListItem\",\"position\":1,\"name\":\"Domov\",\"item\":\"https:\/\/www.tattja.com\/\"},{\"@type\":\"ListItem\",\"position\":2,\"name\":\"Produkty\",\"item\":\"https:\/\/www.tattja.com\/damske-oblecenie-produkty\/\"},{\"@type\":\"ListItem\",\"position\":3,\"name\":\"D\u00e1mske oble\u010denie 4-set TATTJA cykl\u00e1menov\u00fd\"}]},{\"@type\":\"WebSite\",\"@id\":\"https:\/\/www.tattja.com\/#website\",\"url\":\"https:\/\/www.tattja.com\/\",\"name\":\"TATTJA\",\"description\":\"D\u00e1mske oble\u010denie z extra jemnej merino vlny \u2014 ru\u010dne pleten\u00e9 na Slovensku\",\"potentialAction\":[{\"@type\":\"SearchAction\",\"target\":{\"@type\":\"EntryPoint\",\"urlTemplate\":\"https:\/\/www.tattja.com\/?s={search_term_string}\"},\"query-input\":{\"@type\":\"PropertyValueSpecification\",\"valueRequired\":true,\"valueName\":\"search_term_string\"}}],\"inLanguage\":\"en-GB\"}]}<\/script>\n<!-- \/ Yoast SEO plugin. -->","yoast_head_json":{"title":"D\u00e1mske oble\u010denie 4-set TATTJA cykl\u00e1menov\u00fd - TATTJA","description":"D\u00e1mske oble\u010denie \u0161tvorset TATTJA cykl\u00e1menov\u00fd je elegantn\u00fd pleten\u00fd komplet s \u010diapkou, n\u00e1kr\u010dn\u00edkom a ruk\u00e1vnikmi. Noblesa, \u0161t\u00fdl a hrejiv\u00e1 \u017eenskos\u0165 v jednom.","robots":{"index":"index","follow":"follow","max-snippet":"max-snippet:-1","max-image-preview":"max-image-preview:large","max-video-preview":"max-video-preview:-1"},"canonical":"https:\/\/www.tattja.com\/en\/product\/stvorset-tattja-cyklamenovy\/","og_locale":"en_GB","og_type":"article","og_title":"D\u00e1mske oble\u010denie 4-set TATTJA cykl\u00e1menov\u00fd - TATTJA","og_description":"D\u00e1mske oble\u010denie \u0161tvorset TATTJA cykl\u00e1menov\u00fd je elegantn\u00fd pleten\u00fd komplet s \u010diapkou, n\u00e1kr\u010dn\u00edkom a ruk\u00e1vnikmi. Noblesa, \u0161t\u00fdl a hrejiv\u00e1 \u017eenskos\u0165 v jednom.","og_url":"https:\/\/www.tattja.com\/en\/product\/stvorset-tattja-cyklamenovy\/","og_site_name":"TATTJA","article_modified_time":"2026-04-05T17:45:00+00:00","og_image":[{"width":1365,"height":2048,"url":"https:\/\/www.tattja.com\/wp-content\/uploads\/2025\/08\/cyklamenovy-stvorset-nakrcnik-driekovnik-rukavniky-ciapka-spredu.webp","type":"image\/webp"}],"twitter_card":"summary_large_image","twitter_misc":{"Estimated reading time":"2 minutes"},"schema":{"@context":"https:\/\/schema.org","@graph":[{"@type":"WebPage","@id":"https:\/\/www.tattja.com\/product\/stvorset-tattja-cyklamenovy\/","url":"https:\/\/www.tattja.com\/product\/stvorset-tattja-cyklamenovy\/","name":"D\u00e1mske oble\u010denie 4-set TATTJA cykl\u00e1menov\u00fd - TATTJA","isPartOf":{"@id":"https:\/\/www.tattja.com\/#website"},"primaryImageOfPage":{"@id":"https:\/\/www.tattja.com\/product\/stvorset-tattja-cyklamenovy\/#primaryimage"},"image":{"@id":"https:\/\/www.tattja.com\/product\/stvorset-tattja-cyklamenovy\/#primaryimage"},"thumbnailUrl":"https:\/\/www.tattja.com\/wp-content\/uploads\/2025\/08\/cyklamenovy-stvorset-nakrcnik-driekovnik-rukavniky-ciapka-spredu.webp","datePublished":"2025-08-13T17:15:18+00:00","dateModified":"2026-04-05T17:45:00+00:00","description":"D\u00e1mske oble\u010denie \u0161tvorset TATTJA cykl\u00e1menov\u00fd je elegantn\u00fd pleten\u00fd komplet s \u010diapkou, n\u00e1kr\u010dn\u00edkom a ruk\u00e1vnikmi. Noblesa, \u0161t\u00fdl a hrejiv\u00e1 \u017eenskos\u0165 v jednom.","breadcrumb":{"@id":"https:\/\/www.tattja.com\/product\/stvorset-tattja-cyklamenovy\/#breadcrumb"},"inLanguage":"en-GB","potentialAction":[{"@type":"ReadAction","target":["https:\/\/www.tattja.com\/product\/stvorset-tattja-cyklamenovy\/"]}]},{"@type":"ImageObject","inLanguage":"en-GB","@id":"https:\/\/www.tattja.com\/product\/stvorset-tattja-cyklamenovy\/#primaryimage","url":"https:\/\/www.tattja.com\/wp-content\/uploads\/2025\/08\/cyklamenovy-stvorset-nakrcnik-driekovnik-rukavniky-ciapka-spredu.webp","contentUrl":"https:\/\/www.tattja.com\/wp-content\/uploads\/2025\/08\/cyklamenovy-stvorset-nakrcnik-driekovnik-rukavniky-ciapka-spredu.webp","width":1365,"height":2048,"caption":"Cykl\u00e1menov\u00fd \u0161tvorset TATTJA \u2013 n\u00e1kr\u010dn\u00edk, driekovn\u00edk, ruk\u00e1vniky a \u010diapka"},{"@type":"BreadcrumbList","@id":"https:\/\/www.tattja.com\/product\/stvorset-tattja-cyklamenovy\/#breadcrumb","itemListElement":[{"@type":"ListItem","position":1,"name":"Domov","item":"https:\/\/www.tattja.com\/"},{"@type":"ListItem","position":2,"name":"Produkty","item":"https:\/\/www.tattja.com\/damske-oblecenie-produkty\/"},{"@type":"ListItem","position":3,"name":"D\u00e1mske oble\u010denie 4-set TATTJA cykl\u00e1menov\u00fd"}]},{"@type":"WebSite","@id":"https:\/\/www.tattja.com\/#website","url":"https:\/\/www.tattja.com\/","name":"TATTJA","description":"D\u00e1mske oble\u010denie z extra jemnej merino vlny \u2014 ru\u010dne pleten\u00e9 na Slovensku","potentialAction":[{"@type":"SearchAction","target":{"@type":"EntryPoint","urlTemplate":"https:\/\/www.tattja.com\/?s={search_term_string}"},"query-input":{"@type":"PropertyValueSpecification","valueRequired":true,"valueName":"search_term_string"}}],"inLanguage":"en-GB"}]}},"_links":{"self":[{"href":"https:\/\/www.tattja.com\/en\/wp-json\/wp\/v2\/product\/1920","targetHints":{"allow":["GET"]}}],"collection":[{"href":"https:\/\/www.tattja.com\/en\/wp-json\/wp\/v2\/product"}],"about":[{"href":"https:\/\/www.tattja.com\/en\/wp-json\/wp\/v2\/types\/product"}],"replies":[{"embeddable":true,"href":"https:\/\/www.tattja.com\/en\/wp-json\/wp\/v2\/comments?post=1920"}],"version-history":[{"count":6,"href":"https:\/\/www.tattja.com\/en\/wp-json\/wp\/v2\/product\/1920\/revisions"}],"predecessor-version":[{"id":7240,"href":"https:\/\/www.tattja.com\/en\/wp-json\/wp\/v2\/product\/1920\/revisions\/7240"}],"wp:featuredmedia":[{"embeddable":true,"href":"https:\/\/www.tattja.com\/en\/wp-json\/wp\/v2\/media\/2255"}],"wp:attachment":[{"href":"https:\/\/www.tattja.com\/en\/wp-json\/wp\/v2\/media?parent=1920"}],"wp:term":[{"taxonomy":"product_brand","embeddable":true,"href":"https:\/\/www.tattja.com\/en\/wp-json\/wp\/v2\/product_brand?post=1920"},{"taxonomy":"product_cat","embeddable":true,"href":"https:\/\/www.tattja.com\/en\/wp-json\/wp\/v2\/product_cat?post=1920"},{"taxonomy":"product_tag","embeddable":true,"href":"https:\/\/www.tattja.com\/en\/wp-json\/wp\/v2\/product_tag?post=1920"}],"curies":[{"name":"wp","href":"https:\/\/api.w.org\/{rel}","templated":true}]}}