{"id":1986,"date":"2025-08-14T17:33:30","date_gmt":"2025-08-14T15:33:30","guid":{"rendered":"https:\/\/www.tattja.com\/?post_type=product&#038;p=1986"},"modified":"2026-04-05T19:44:52","modified_gmt":"2026-04-05T17:44:52","slug":"damske-oblecenie-driekovnik-natasja-tmavotyrkysovy","status":"publish","type":"product","link":"https:\/\/www.tattja.com\/en\/product\/damske-oblecenie-driekovnik-natasja-tmavotyrkysovy\/","title":{"rendered":"Women's clothing shirt NATASJA dark turquoise"},"content":{"rendered":"<p data-start=\"901\" data-end=\"1221\"><strong data-start=\"901\" data-end=\"955\">Women's clothing shirt NATASJA dark turquoise<\/strong> is an exceptional knitted accessory that combines functionality, style and comfort. This elegant piece from the collection <strong data-start=\"1059\" data-end=\"1069\">TATTJA<\/strong> gently wraps around the waist, providing pleasant warmth and accentuating feminine lines. Thanks to its design, it brings a modern yet timeless character to the outfit.<\/p>\n<p data-start=\"1223\" data-end=\"1617\">The dark turquoise colour acts as a touch of depth and calm. It was inspired by the tones of the sea, which symbolise serenity and feminine confidence. This shade adds a freshness and natural elegance to your wardrobe that makes you stand out in any situation. The NATASJA choker in dark turquoise goes well with both neutral and contrasting tones and becomes a versatile piece that you can easily mix and match into a variety of styles.<\/p>\n<p data-start=\"1619\" data-end=\"1922\">The fine ribbed structure of the knit adapts to the figure, accentuating the waist and shaping the silhouette. The material provides warmth while remaining breathable and soft. This shrug looks luxurious yet natural - thanks to the precision craftsmanship and attention to detail that is <strong data-start=\"1901\" data-end=\"1911\">TATTJA<\/strong> typical.<\/p>\n<p data-start=\"1924\" data-end=\"2139\">Women's clothes NATASJA dark turquoise can be worn alone or in combination with other pieces from the collection - with armbands, neckwarmer or cap you will create a harmonious and sophisticated set. It's an accessory that brings confidence, style and comfort all in one.<\/p>\n<p data-start=\"2141\" data-end=\"2246\">Discover the beauty of delicacy, sophisticated details and feminine style that will keep you warm and <a href=\"https:\/\/www.tattja.com\/en\/product-category\/damske-oblecenie\/doplnky-jednotlivo\/driekovniky\/\">in other colours.<\/a><\/p>\n<p data-start=\"2248\" data-end=\"2417\"><strong data-start=\"2248\" data-end=\"2302\">See,<a href=\"https:\/\/shop.bogensberger.co.at\/produkt-schlagwort\/merino-extrafein\/\"> from what materials<\/a> we produce our pieces<\/strong> and indulge in the combination of quality, comfort and elegance that make every piece <strong data-start=\"2385\" data-end=\"2395\">TATTJA<\/strong> an original experience.<\/p>","protected":false},"excerpt":{"rendered":"<p data-start=\"691\" data-end=\"859\"><strong data-start=\"691\" data-end=\"745\">Women's clothing shirt NATASJA dark turquoise<\/strong> combines femininity, comfort and elegance. The deep shade of turquoise accentuates the silhouette and adds freshness and calmness to the outfit.<\/p>","protected":false},"featured_media":7780,"comment_status":"open","ping_status":"closed","template":"","meta":[],"product_brand":[],"product_cat":[300,298,222,280,217],"product_tag":[],"class_list":{"0":"post-1986","1":"product","2":"type-product","3":"status-publish","4":"has-post-thumbnail","6":"product_cat-damske-oblecenie","7":"product_cat-doplnky-jednotlivo","8":"product_cat-driekovnik-tmavotyrkysovy","9":"product_cat-driekovniky","10":"product_cat-pleteninove-doplnky-tmavotyrkysove","12":"first","13":"instock","14":"taxable","15":"shipping-taxable","16":"purchasable","17":"product-type-simple"},"yoast_head":"<!-- This site is optimized with the Yoast SEO plugin v26.0 - https:\/\/yoast.com\/wordpress\/plugins\/seo\/ -->\n<title>D\u00e1mske oble\u010denie driekovn\u00edk NATASJA tmavotyrkysov\u00fd - TATTJA<\/title>\n<meta name=\"description\" content=\"D\u00e1mske oble\u010denie driekovn\u00edk NATASJA tmavotyrkysov\u00fd \u2013 elegantn\u00fd pleten\u00fd doplnok, ktor\u00fd zv\u00fdrazn\u00ed p\u00e1s, zahreje telo a dod\u00e1 outfitu noblesu a pokoj.\" \/>\n<meta name=\"robots\" content=\"index, follow, max-snippet:-1, max-image-preview:large, max-video-preview:-1\" \/>\n<link rel=\"canonical\" href=\"https:\/\/www.tattja.com\/en\/product\/damske-oblecenie-driekovnik-natasja-tmavotyrkysovy\/\" \/>\n<meta property=\"og:locale\" content=\"en_GB\" \/>\n<meta property=\"og:type\" content=\"article\" \/>\n<meta property=\"og:title\" content=\"D\u00e1mske oble\u010denie driekovn\u00edk NATASJA tmavotyrkysov\u00fd - TATTJA\" \/>\n<meta property=\"og:description\" content=\"D\u00e1mske oble\u010denie driekovn\u00edk NATASJA tmavotyrkysov\u00fd \u2013 elegantn\u00fd pleten\u00fd doplnok, ktor\u00fd zv\u00fdrazn\u00ed p\u00e1s, zahreje telo a dod\u00e1 outfitu noblesu a pokoj.\" \/>\n<meta property=\"og:url\" content=\"https:\/\/www.tattja.com\/en\/product\/damske-oblecenie-driekovnik-natasja-tmavotyrkysovy\/\" \/>\n<meta property=\"og:site_name\" content=\"TATTJA\" \/>\n<meta property=\"article:modified_time\" content=\"2026-04-05T17:44:52+00:00\" \/>\n<meta property=\"og:image\" content=\"https:\/\/www.tattja.com\/wp-content\/uploads\/2026\/01\/tmavotyrkysovy-driekovnik-spredu-25.webp\" \/>\n\t<meta property=\"og:image:width\" content=\"1365\" \/>\n\t<meta property=\"og:image:height\" content=\"2048\" \/>\n\t<meta property=\"og:image:type\" content=\"image\/webp\" \/>\n<meta name=\"twitter:card\" content=\"summary_large_image\" \/>\n<meta name=\"twitter:label1\" content=\"Estimated reading time\" \/>\n\t<meta name=\"twitter:data1\" content=\"2 minutes\" \/>\n<script type=\"application\/ld+json\" class=\"yoast-schema-graph\">{\"@context\":\"https:\/\/schema.org\",\"@graph\":[{\"@type\":\"WebPage\",\"@id\":\"https:\/\/www.tattja.com\/product\/damske-oblecenie-driekovnik-natasja-tmavotyrkysovy\/\",\"url\":\"https:\/\/www.tattja.com\/product\/damske-oblecenie-driekovnik-natasja-tmavotyrkysovy\/\",\"name\":\"D\u00e1mske oble\u010denie driekovn\u00edk NATASJA tmavotyrkysov\u00fd - TATTJA\",\"isPartOf\":{\"@id\":\"https:\/\/www.tattja.com\/#website\"},\"primaryImageOfPage\":{\"@id\":\"https:\/\/www.tattja.com\/product\/damske-oblecenie-driekovnik-natasja-tmavotyrkysovy\/#primaryimage\"},\"image\":{\"@id\":\"https:\/\/www.tattja.com\/product\/damske-oblecenie-driekovnik-natasja-tmavotyrkysovy\/#primaryimage\"},\"thumbnailUrl\":\"https:\/\/www.tattja.com\/wp-content\/uploads\/2026\/01\/tmavotyrkysovy-driekovnik-spredu-25.webp\",\"datePublished\":\"2025-08-14T15:33:30+00:00\",\"dateModified\":\"2026-04-05T17:44:52+00:00\",\"description\":\"D\u00e1mske oble\u010denie driekovn\u00edk NATASJA tmavotyrkysov\u00fd \u2013 elegantn\u00fd pleten\u00fd doplnok, ktor\u00fd zv\u00fdrazn\u00ed p\u00e1s, zahreje telo a dod\u00e1 outfitu noblesu a pokoj.\",\"breadcrumb\":{\"@id\":\"https:\/\/www.tattja.com\/product\/damske-oblecenie-driekovnik-natasja-tmavotyrkysovy\/#breadcrumb\"},\"inLanguage\":\"en-GB\",\"potentialAction\":[{\"@type\":\"ReadAction\",\"target\":[\"https:\/\/www.tattja.com\/product\/damske-oblecenie-driekovnik-natasja-tmavotyrkysovy\/\"]}]},{\"@type\":\"ImageObject\",\"inLanguage\":\"en-GB\",\"@id\":\"https:\/\/www.tattja.com\/product\/damske-oblecenie-driekovnik-natasja-tmavotyrkysovy\/#primaryimage\",\"url\":\"https:\/\/www.tattja.com\/wp-content\/uploads\/2026\/01\/tmavotyrkysovy-driekovnik-spredu-25.webp\",\"contentUrl\":\"https:\/\/www.tattja.com\/wp-content\/uploads\/2026\/01\/tmavotyrkysovy-driekovnik-spredu-25.webp\",\"width\":1365,\"height\":2048,\"caption\":\"Driekovn\u00edk NATASJA \u2013 tmavotyrkysov\u00fd pleten\u00fd doplnok TATTJA | predn\u00fd poh\u013ead\"},{\"@type\":\"BreadcrumbList\",\"@id\":\"https:\/\/www.tattja.com\/product\/damske-oblecenie-driekovnik-natasja-tmavotyrkysovy\/#breadcrumb\",\"itemListElement\":[{\"@type\":\"ListItem\",\"position\":1,\"name\":\"Domov\",\"item\":\"https:\/\/www.tattja.com\/\"},{\"@type\":\"ListItem\",\"position\":2,\"name\":\"Produkty\",\"item\":\"https:\/\/www.tattja.com\/damske-oblecenie-produkty\/\"},{\"@type\":\"ListItem\",\"position\":3,\"name\":\"D\u00e1mske oble\u010denie driekovn\u00edk NATASJA tmavotyrkysov\u00fd\"}]},{\"@type\":\"WebSite\",\"@id\":\"https:\/\/www.tattja.com\/#website\",\"url\":\"https:\/\/www.tattja.com\/\",\"name\":\"TATTJA\",\"description\":\"D\u00e1mske oble\u010denie z extra jemnej merino vlny \u2014 ru\u010dne pleten\u00e9 na Slovensku\",\"potentialAction\":[{\"@type\":\"SearchAction\",\"target\":{\"@type\":\"EntryPoint\",\"urlTemplate\":\"https:\/\/www.tattja.com\/?s={search_term_string}\"},\"query-input\":{\"@type\":\"PropertyValueSpecification\",\"valueRequired\":true,\"valueName\":\"search_term_string\"}}],\"inLanguage\":\"en-GB\"}]}<\/script>\n<!-- \/ Yoast SEO plugin. -->","yoast_head_json":{"title":"D\u00e1mske oble\u010denie driekovn\u00edk NATASJA tmavotyrkysov\u00fd - TATTJA","description":"D\u00e1mske oble\u010denie driekovn\u00edk NATASJA tmavotyrkysov\u00fd \u2013 elegantn\u00fd pleten\u00fd doplnok, ktor\u00fd zv\u00fdrazn\u00ed p\u00e1s, zahreje telo a dod\u00e1 outfitu noblesu a pokoj.","robots":{"index":"index","follow":"follow","max-snippet":"max-snippet:-1","max-image-preview":"max-image-preview:large","max-video-preview":"max-video-preview:-1"},"canonical":"https:\/\/www.tattja.com\/en\/product\/damske-oblecenie-driekovnik-natasja-tmavotyrkysovy\/","og_locale":"en_GB","og_type":"article","og_title":"D\u00e1mske oble\u010denie driekovn\u00edk NATASJA tmavotyrkysov\u00fd - TATTJA","og_description":"D\u00e1mske oble\u010denie driekovn\u00edk NATASJA tmavotyrkysov\u00fd \u2013 elegantn\u00fd pleten\u00fd doplnok, ktor\u00fd zv\u00fdrazn\u00ed p\u00e1s, zahreje telo a dod\u00e1 outfitu noblesu a pokoj.","og_url":"https:\/\/www.tattja.com\/en\/product\/damske-oblecenie-driekovnik-natasja-tmavotyrkysovy\/","og_site_name":"TATTJA","article_modified_time":"2026-04-05T17:44:52+00:00","og_image":[{"width":1365,"height":2048,"url":"https:\/\/www.tattja.com\/wp-content\/uploads\/2026\/01\/tmavotyrkysovy-driekovnik-spredu-25.webp","type":"image\/webp"}],"twitter_card":"summary_large_image","twitter_misc":{"Estimated reading time":"2 minutes"},"schema":{"@context":"https:\/\/schema.org","@graph":[{"@type":"WebPage","@id":"https:\/\/www.tattja.com\/product\/damske-oblecenie-driekovnik-natasja-tmavotyrkysovy\/","url":"https:\/\/www.tattja.com\/product\/damske-oblecenie-driekovnik-natasja-tmavotyrkysovy\/","name":"D\u00e1mske oble\u010denie driekovn\u00edk NATASJA tmavotyrkysov\u00fd - TATTJA","isPartOf":{"@id":"https:\/\/www.tattja.com\/#website"},"primaryImageOfPage":{"@id":"https:\/\/www.tattja.com\/product\/damske-oblecenie-driekovnik-natasja-tmavotyrkysovy\/#primaryimage"},"image":{"@id":"https:\/\/www.tattja.com\/product\/damske-oblecenie-driekovnik-natasja-tmavotyrkysovy\/#primaryimage"},"thumbnailUrl":"https:\/\/www.tattja.com\/wp-content\/uploads\/2026\/01\/tmavotyrkysovy-driekovnik-spredu-25.webp","datePublished":"2025-08-14T15:33:30+00:00","dateModified":"2026-04-05T17:44:52+00:00","description":"D\u00e1mske oble\u010denie driekovn\u00edk NATASJA tmavotyrkysov\u00fd \u2013 elegantn\u00fd pleten\u00fd doplnok, ktor\u00fd zv\u00fdrazn\u00ed p\u00e1s, zahreje telo a dod\u00e1 outfitu noblesu a pokoj.","breadcrumb":{"@id":"https:\/\/www.tattja.com\/product\/damske-oblecenie-driekovnik-natasja-tmavotyrkysovy\/#breadcrumb"},"inLanguage":"en-GB","potentialAction":[{"@type":"ReadAction","target":["https:\/\/www.tattja.com\/product\/damske-oblecenie-driekovnik-natasja-tmavotyrkysovy\/"]}]},{"@type":"ImageObject","inLanguage":"en-GB","@id":"https:\/\/www.tattja.com\/product\/damske-oblecenie-driekovnik-natasja-tmavotyrkysovy\/#primaryimage","url":"https:\/\/www.tattja.com\/wp-content\/uploads\/2026\/01\/tmavotyrkysovy-driekovnik-spredu-25.webp","contentUrl":"https:\/\/www.tattja.com\/wp-content\/uploads\/2026\/01\/tmavotyrkysovy-driekovnik-spredu-25.webp","width":1365,"height":2048,"caption":"Driekovn\u00edk NATASJA \u2013 tmavotyrkysov\u00fd pleten\u00fd doplnok TATTJA | predn\u00fd poh\u013ead"},{"@type":"BreadcrumbList","@id":"https:\/\/www.tattja.com\/product\/damske-oblecenie-driekovnik-natasja-tmavotyrkysovy\/#breadcrumb","itemListElement":[{"@type":"ListItem","position":1,"name":"Domov","item":"https:\/\/www.tattja.com\/"},{"@type":"ListItem","position":2,"name":"Produkty","item":"https:\/\/www.tattja.com\/damske-oblecenie-produkty\/"},{"@type":"ListItem","position":3,"name":"D\u00e1mske oble\u010denie driekovn\u00edk NATASJA tmavotyrkysov\u00fd"}]},{"@type":"WebSite","@id":"https:\/\/www.tattja.com\/#website","url":"https:\/\/www.tattja.com\/","name":"TATTJA","description":"D\u00e1mske oble\u010denie z extra jemnej merino vlny \u2014 ru\u010dne pleten\u00e9 na Slovensku","potentialAction":[{"@type":"SearchAction","target":{"@type":"EntryPoint","urlTemplate":"https:\/\/www.tattja.com\/?s={search_term_string}"},"query-input":{"@type":"PropertyValueSpecification","valueRequired":true,"valueName":"search_term_string"}}],"inLanguage":"en-GB"}]}},"_links":{"self":[{"href":"https:\/\/www.tattja.com\/en\/wp-json\/wp\/v2\/product\/1986","targetHints":{"allow":["GET"]}}],"collection":[{"href":"https:\/\/www.tattja.com\/en\/wp-json\/wp\/v2\/product"}],"about":[{"href":"https:\/\/www.tattja.com\/en\/wp-json\/wp\/v2\/types\/product"}],"replies":[{"embeddable":true,"href":"https:\/\/www.tattja.com\/en\/wp-json\/wp\/v2\/comments?post=1986"}],"version-history":[{"count":6,"href":"https:\/\/www.tattja.com\/en\/wp-json\/wp\/v2\/product\/1986\/revisions"}],"predecessor-version":[{"id":5871,"href":"https:\/\/www.tattja.com\/en\/wp-json\/wp\/v2\/product\/1986\/revisions\/5871"}],"wp:featuredmedia":[{"embeddable":true,"href":"https:\/\/www.tattja.com\/en\/wp-json\/wp\/v2\/media\/7780"}],"wp:attachment":[{"href":"https:\/\/www.tattja.com\/en\/wp-json\/wp\/v2\/media?parent=1986"}],"wp:term":[{"taxonomy":"product_brand","embeddable":true,"href":"https:\/\/www.tattja.com\/en\/wp-json\/wp\/v2\/product_brand?post=1986"},{"taxonomy":"product_cat","embeddable":true,"href":"https:\/\/www.tattja.com\/en\/wp-json\/wp\/v2\/product_cat?post=1986"},{"taxonomy":"product_tag","embeddable":true,"href":"https:\/\/www.tattja.com\/en\/wp-json\/wp\/v2\/product_tag?post=1986"}],"curies":[{"name":"wp","href":"https:\/\/api.w.org\/{rel}","templated":true}]}}