{"id":1990,"date":"2025-08-14T17:37:08","date_gmt":"2025-08-14T15:37:08","guid":{"rendered":"https:\/\/www.tattja.com\/?post_type=product&#038;p=1990"},"modified":"2026-04-05T19:44:52","modified_gmt":"2026-04-05T17:44:52","slug":"damske-oblecenie-dvojset-sighrith-tmavotyrkysovy","status":"publish","type":"product","link":"https:\/\/www.tattja.com\/en\/product\/damske-oblecenie-dvojset-sighrith-tmavotyrkysovy\/","title":{"rendered":"D\u00e1mske oble\u010denie 2-set SIGHRITH tmavotyrkysov\u00fd"},"content":{"rendered":"<p data-start=\"939\" data-end=\"1263\"><strong data-start=\"939\" data-end=\"991\">Women's double set SIGHRITH dark turquoise<\/strong> is a combination of elegance, functionality and modern aesthetics. This unique double set combines a fine ribbed knit with a timeless design that delivers both comfort and style. The collar and cuffs work together to create a harmonious whole that provides warmth and freedom of movement.<\/p>\n<p data-start=\"1265\" data-end=\"1632\">The dark turquoise colour exudes calm, balance and depth. It is inspired by the colour of the sea and symbolises a connection with both nature and inner peace. This shade looks refined yet fresh, and is ideal for women looking for a combination of elegance and distinctive style. Double Set combines well with both neutrals and saturated colours, making it versatile and timeless.<\/p>\n<p data-start=\"1634\" data-end=\"1951\">The waistband gently wraps around the waist, protects the body from the cold and flatters the figure at the same time. The sleeves unify the entire outfit, lengthening the silhouette of the arms and adding a visual accent that looks both modern and practical. Every detail is refined with an emphasis on quality, softness and long-lasting comfort - exactly in the spirit of the brand <strong data-start=\"1938\" data-end=\"1948\">TATTJA<\/strong>.<\/p>\n<p data-start=\"1953\" data-end=\"2124\">Women's double set SIGHRITH dark turquoise is the epitome of harmony between femininity, functionality and luxury. Suitable for casual days, work meetings and leisure.<\/p>\n<p data-start=\"2126\" data-end=\"2341\">Discover the beauty of delicacy, sophisticated details and feminine style that will keep you warm and <a href=\"https:\/\/www.tattja.com\/en\/product-category\/damske-oblecenie\/dvojsety\/driekovnik-a-rukavniky\/\">in other colours.<\/a><br data-start=\"2229\" data-end=\"2232\" \/><strong data-start=\"2232\" data-end=\"2286\">See, <a href=\"https:\/\/shop.bogensberger.co.at\/produkt-schlagwort\/merino-extrafein\/\">from what materials<\/a> we produce our pieces<\/strong>, and treat yourself to elegance and quality that will last for years.<\/p>","protected":false},"excerpt":{"rendered":"<p>Women's double set SIGHRITH dark turquoise combines softness, functionality and elegance. The knitted shirt collar and sleeves create a harmonious whole that accentuates the feminine silhouette and adds refinement to the outfit.<\/p>","protected":false},"featured_media":7786,"comment_status":"open","ping_status":"closed","template":"","meta":[],"product_brand":[],"product_cat":[289,300,293,220,217],"product_tag":[],"class_list":{"0":"post-1990","1":"product","2":"type-product","3":"status-publish","4":"has-post-thumbnail","6":"product_cat-dvojsety","7":"product_cat-damske-oblecenie","8":"product_cat-driekovnik-a-rukavniky","9":"product_cat-dvojsety-tmavotyrkysove","10":"product_cat-pleteninove-doplnky-tmavotyrkysove","12":"first","13":"instock","14":"taxable","15":"shipping-taxable","16":"purchasable","17":"product-type-simple"},"yoast_head":"<!-- This site is optimized with the Yoast SEO plugin v26.0 - https:\/\/yoast.com\/wordpress\/plugins\/seo\/ -->\n<title>D\u00e1mske oble\u010denie 2-set SIGHRITH tmavotyrkysov\u00fd - TATTJA<\/title>\n<meta name=\"description\" content=\"D\u00e1mske oble\u010denie dvojset SIGHRITH tmavotyrkysov\u00fd \u2013 sofistikovan\u00fd pleten\u00fd komplet, ktor\u00fd sp\u00e1ja eleganciu, funk\u010dnos\u0165 a nad\u010dasov\u00fd \u0161t\u00fdl zna\u010dky TATTJA.\" \/>\n<meta name=\"robots\" content=\"index, follow, max-snippet:-1, max-image-preview:large, max-video-preview:-1\" \/>\n<link rel=\"canonical\" href=\"https:\/\/www.tattja.com\/en\/product\/damske-oblecenie-dvojset-sighrith-tmavotyrkysovy\/\" \/>\n<meta property=\"og:locale\" content=\"en_GB\" \/>\n<meta property=\"og:type\" content=\"article\" \/>\n<meta property=\"og:title\" content=\"D\u00e1mske oble\u010denie 2-set SIGHRITH tmavotyrkysov\u00fd - TATTJA\" \/>\n<meta property=\"og:description\" content=\"D\u00e1mske oble\u010denie dvojset SIGHRITH tmavotyrkysov\u00fd \u2013 sofistikovan\u00fd pleten\u00fd komplet, ktor\u00fd sp\u00e1ja eleganciu, funk\u010dnos\u0165 a nad\u010dasov\u00fd \u0161t\u00fdl zna\u010dky TATTJA.\" \/>\n<meta property=\"og:url\" content=\"https:\/\/www.tattja.com\/en\/product\/damske-oblecenie-dvojset-sighrith-tmavotyrkysovy\/\" \/>\n<meta property=\"og:site_name\" content=\"TATTJA\" \/>\n<meta property=\"article:modified_time\" content=\"2026-04-05T17:44:52+00:00\" \/>\n<meta property=\"og:image\" content=\"https:\/\/www.tattja.com\/wp-content\/uploads\/2026\/01\/tmavotyrkysovy-dvojset-driekovnik-rukavniky-spredu-16.webp\" \/>\n\t<meta property=\"og:image:width\" content=\"1365\" \/>\n\t<meta property=\"og:image:height\" content=\"2048\" \/>\n\t<meta property=\"og:image:type\" content=\"image\/webp\" \/>\n<meta name=\"twitter:card\" content=\"summary_large_image\" \/>\n<meta name=\"twitter:label1\" content=\"Estimated reading time\" \/>\n\t<meta name=\"twitter:data1\" content=\"2 minutes\" \/>\n<script type=\"application\/ld+json\" class=\"yoast-schema-graph\">{\"@context\":\"https:\/\/schema.org\",\"@graph\":[{\"@type\":\"WebPage\",\"@id\":\"https:\/\/www.tattja.com\/product\/damske-oblecenie-dvojset-sighrith-tmavotyrkysovy\/\",\"url\":\"https:\/\/www.tattja.com\/product\/damske-oblecenie-dvojset-sighrith-tmavotyrkysovy\/\",\"name\":\"D\u00e1mske oble\u010denie 2-set SIGHRITH tmavotyrkysov\u00fd - TATTJA\",\"isPartOf\":{\"@id\":\"https:\/\/www.tattja.com\/#website\"},\"primaryImageOfPage\":{\"@id\":\"https:\/\/www.tattja.com\/product\/damske-oblecenie-dvojset-sighrith-tmavotyrkysovy\/#primaryimage\"},\"image\":{\"@id\":\"https:\/\/www.tattja.com\/product\/damske-oblecenie-dvojset-sighrith-tmavotyrkysovy\/#primaryimage\"},\"thumbnailUrl\":\"https:\/\/www.tattja.com\/wp-content\/uploads\/2026\/01\/tmavotyrkysovy-dvojset-driekovnik-rukavniky-spredu-16.webp\",\"datePublished\":\"2025-08-14T15:37:08+00:00\",\"dateModified\":\"2026-04-05T17:44:52+00:00\",\"description\":\"D\u00e1mske oble\u010denie dvojset SIGHRITH tmavotyrkysov\u00fd \u2013 sofistikovan\u00fd pleten\u00fd komplet, ktor\u00fd sp\u00e1ja eleganciu, funk\u010dnos\u0165 a nad\u010dasov\u00fd \u0161t\u00fdl zna\u010dky TATTJA.\",\"breadcrumb\":{\"@id\":\"https:\/\/www.tattja.com\/product\/damske-oblecenie-dvojset-sighrith-tmavotyrkysovy\/#breadcrumb\"},\"inLanguage\":\"en-GB\",\"potentialAction\":[{\"@type\":\"ReadAction\",\"target\":[\"https:\/\/www.tattja.com\/product\/damske-oblecenie-dvojset-sighrith-tmavotyrkysovy\/\"]}]},{\"@type\":\"ImageObject\",\"inLanguage\":\"en-GB\",\"@id\":\"https:\/\/www.tattja.com\/product\/damske-oblecenie-dvojset-sighrith-tmavotyrkysovy\/#primaryimage\",\"url\":\"https:\/\/www.tattja.com\/wp-content\/uploads\/2026\/01\/tmavotyrkysovy-dvojset-driekovnik-rukavniky-spredu-16.webp\",\"contentUrl\":\"https:\/\/www.tattja.com\/wp-content\/uploads\/2026\/01\/tmavotyrkysovy-dvojset-driekovnik-rukavniky-spredu-16.webp\",\"width\":1365,\"height\":2048,\"caption\":\"Dvojset SIGRITH \u2013 tmavotyrkysov\u00fd driekovn\u00edk a ruk\u00e1vniky TATTJA | predn\u00fd poh\u013ead\"},{\"@type\":\"BreadcrumbList\",\"@id\":\"https:\/\/www.tattja.com\/product\/damske-oblecenie-dvojset-sighrith-tmavotyrkysovy\/#breadcrumb\",\"itemListElement\":[{\"@type\":\"ListItem\",\"position\":1,\"name\":\"Domov\",\"item\":\"https:\/\/www.tattja.com\/\"},{\"@type\":\"ListItem\",\"position\":2,\"name\":\"Produkty\",\"item\":\"https:\/\/www.tattja.com\/damske-oblecenie-produkty\/\"},{\"@type\":\"ListItem\",\"position\":3,\"name\":\"D\u00e1mske oble\u010denie 2-set SIGHRITH tmavotyrkysov\u00fd\"}]},{\"@type\":\"WebSite\",\"@id\":\"https:\/\/www.tattja.com\/#website\",\"url\":\"https:\/\/www.tattja.com\/\",\"name\":\"TATTJA\",\"description\":\"D\u00e1mske oble\u010denie z extra jemnej merino vlny \u2014 ru\u010dne pleten\u00e9 na Slovensku\",\"potentialAction\":[{\"@type\":\"SearchAction\",\"target\":{\"@type\":\"EntryPoint\",\"urlTemplate\":\"https:\/\/www.tattja.com\/?s={search_term_string}\"},\"query-input\":{\"@type\":\"PropertyValueSpecification\",\"valueRequired\":true,\"valueName\":\"search_term_string\"}}],\"inLanguage\":\"en-GB\"}]}<\/script>\n<!-- \/ Yoast SEO plugin. -->","yoast_head_json":{"title":"D\u00e1mske oble\u010denie 2-set SIGHRITH tmavotyrkysov\u00fd - TATTJA","description":"D\u00e1mske oble\u010denie dvojset SIGHRITH tmavotyrkysov\u00fd \u2013 sofistikovan\u00fd pleten\u00fd komplet, ktor\u00fd sp\u00e1ja eleganciu, funk\u010dnos\u0165 a nad\u010dasov\u00fd \u0161t\u00fdl zna\u010dky TATTJA.","robots":{"index":"index","follow":"follow","max-snippet":"max-snippet:-1","max-image-preview":"max-image-preview:large","max-video-preview":"max-video-preview:-1"},"canonical":"https:\/\/www.tattja.com\/en\/product\/damske-oblecenie-dvojset-sighrith-tmavotyrkysovy\/","og_locale":"en_GB","og_type":"article","og_title":"D\u00e1mske oble\u010denie 2-set SIGHRITH tmavotyrkysov\u00fd - TATTJA","og_description":"D\u00e1mske oble\u010denie dvojset SIGHRITH tmavotyrkysov\u00fd \u2013 sofistikovan\u00fd pleten\u00fd komplet, ktor\u00fd sp\u00e1ja eleganciu, funk\u010dnos\u0165 a nad\u010dasov\u00fd \u0161t\u00fdl zna\u010dky TATTJA.","og_url":"https:\/\/www.tattja.com\/en\/product\/damske-oblecenie-dvojset-sighrith-tmavotyrkysovy\/","og_site_name":"TATTJA","article_modified_time":"2026-04-05T17:44:52+00:00","og_image":[{"width":1365,"height":2048,"url":"https:\/\/www.tattja.com\/wp-content\/uploads\/2026\/01\/tmavotyrkysovy-dvojset-driekovnik-rukavniky-spredu-16.webp","type":"image\/webp"}],"twitter_card":"summary_large_image","twitter_misc":{"Estimated reading time":"2 minutes"},"schema":{"@context":"https:\/\/schema.org","@graph":[{"@type":"WebPage","@id":"https:\/\/www.tattja.com\/product\/damske-oblecenie-dvojset-sighrith-tmavotyrkysovy\/","url":"https:\/\/www.tattja.com\/product\/damske-oblecenie-dvojset-sighrith-tmavotyrkysovy\/","name":"D\u00e1mske oble\u010denie 2-set SIGHRITH tmavotyrkysov\u00fd - TATTJA","isPartOf":{"@id":"https:\/\/www.tattja.com\/#website"},"primaryImageOfPage":{"@id":"https:\/\/www.tattja.com\/product\/damske-oblecenie-dvojset-sighrith-tmavotyrkysovy\/#primaryimage"},"image":{"@id":"https:\/\/www.tattja.com\/product\/damske-oblecenie-dvojset-sighrith-tmavotyrkysovy\/#primaryimage"},"thumbnailUrl":"https:\/\/www.tattja.com\/wp-content\/uploads\/2026\/01\/tmavotyrkysovy-dvojset-driekovnik-rukavniky-spredu-16.webp","datePublished":"2025-08-14T15:37:08+00:00","dateModified":"2026-04-05T17:44:52+00:00","description":"D\u00e1mske oble\u010denie dvojset SIGHRITH tmavotyrkysov\u00fd \u2013 sofistikovan\u00fd pleten\u00fd komplet, ktor\u00fd sp\u00e1ja eleganciu, funk\u010dnos\u0165 a nad\u010dasov\u00fd \u0161t\u00fdl zna\u010dky TATTJA.","breadcrumb":{"@id":"https:\/\/www.tattja.com\/product\/damske-oblecenie-dvojset-sighrith-tmavotyrkysovy\/#breadcrumb"},"inLanguage":"en-GB","potentialAction":[{"@type":"ReadAction","target":["https:\/\/www.tattja.com\/product\/damske-oblecenie-dvojset-sighrith-tmavotyrkysovy\/"]}]},{"@type":"ImageObject","inLanguage":"en-GB","@id":"https:\/\/www.tattja.com\/product\/damske-oblecenie-dvojset-sighrith-tmavotyrkysovy\/#primaryimage","url":"https:\/\/www.tattja.com\/wp-content\/uploads\/2026\/01\/tmavotyrkysovy-dvojset-driekovnik-rukavniky-spredu-16.webp","contentUrl":"https:\/\/www.tattja.com\/wp-content\/uploads\/2026\/01\/tmavotyrkysovy-dvojset-driekovnik-rukavniky-spredu-16.webp","width":1365,"height":2048,"caption":"Dvojset SIGRITH \u2013 tmavotyrkysov\u00fd driekovn\u00edk a ruk\u00e1vniky TATTJA | predn\u00fd poh\u013ead"},{"@type":"BreadcrumbList","@id":"https:\/\/www.tattja.com\/product\/damske-oblecenie-dvojset-sighrith-tmavotyrkysovy\/#breadcrumb","itemListElement":[{"@type":"ListItem","position":1,"name":"Domov","item":"https:\/\/www.tattja.com\/"},{"@type":"ListItem","position":2,"name":"Produkty","item":"https:\/\/www.tattja.com\/damske-oblecenie-produkty\/"},{"@type":"ListItem","position":3,"name":"D\u00e1mske oble\u010denie 2-set SIGHRITH tmavotyrkysov\u00fd"}]},{"@type":"WebSite","@id":"https:\/\/www.tattja.com\/#website","url":"https:\/\/www.tattja.com\/","name":"TATTJA","description":"D\u00e1mske oble\u010denie z extra jemnej merino vlny \u2014 ru\u010dne pleten\u00e9 na Slovensku","potentialAction":[{"@type":"SearchAction","target":{"@type":"EntryPoint","urlTemplate":"https:\/\/www.tattja.com\/?s={search_term_string}"},"query-input":{"@type":"PropertyValueSpecification","valueRequired":true,"valueName":"search_term_string"}}],"inLanguage":"en-GB"}]}},"_links":{"self":[{"href":"https:\/\/www.tattja.com\/en\/wp-json\/wp\/v2\/product\/1990","targetHints":{"allow":["GET"]}}],"collection":[{"href":"https:\/\/www.tattja.com\/en\/wp-json\/wp\/v2\/product"}],"about":[{"href":"https:\/\/www.tattja.com\/en\/wp-json\/wp\/v2\/types\/product"}],"replies":[{"embeddable":true,"href":"https:\/\/www.tattja.com\/en\/wp-json\/wp\/v2\/comments?post=1990"}],"version-history":[{"count":6,"href":"https:\/\/www.tattja.com\/en\/wp-json\/wp\/v2\/product\/1990\/revisions"}],"predecessor-version":[{"id":7217,"href":"https:\/\/www.tattja.com\/en\/wp-json\/wp\/v2\/product\/1990\/revisions\/7217"}],"wp:featuredmedia":[{"embeddable":true,"href":"https:\/\/www.tattja.com\/en\/wp-json\/wp\/v2\/media\/7786"}],"wp:attachment":[{"href":"https:\/\/www.tattja.com\/en\/wp-json\/wp\/v2\/media?parent=1990"}],"wp:term":[{"taxonomy":"product_brand","embeddable":true,"href":"https:\/\/www.tattja.com\/en\/wp-json\/wp\/v2\/product_brand?post=1990"},{"taxonomy":"product_cat","embeddable":true,"href":"https:\/\/www.tattja.com\/en\/wp-json\/wp\/v2\/product_cat?post=1990"},{"taxonomy":"product_tag","embeddable":true,"href":"https:\/\/www.tattja.com\/en\/wp-json\/wp\/v2\/product_tag?post=1990"}],"curies":[{"name":"wp","href":"https:\/\/api.w.org\/{rel}","templated":true}]}}