{"id":1996,"date":"2025-08-14T17:40:43","date_gmt":"2025-08-14T15:40:43","guid":{"rendered":"https:\/\/www.tattja.com\/?post_type=product&#038;p=1996"},"modified":"2026-04-05T19:44:52","modified_gmt":"2026-04-05T17:44:52","slug":"damske-oblecenie-dvojset-ragbborg-tmavotyrkysovy","status":"publish","type":"product","link":"https:\/\/www.tattja.com\/en\/product\/damske-oblecenie-dvojset-ragbborg-tmavotyrkysovy\/","title":{"rendered":"D\u00e1mske oble\u010denie 2-set RAGBBORG tmavotyrkysov\u00fd"},"content":{"rendered":"<p data-start=\"999\" data-end=\"1301\"><strong data-start=\"999\" data-end=\"1051\">Women's double set RAGBBORG dark turquoise<\/strong> strikes the perfect balance between elegance, functionality and modern design. This double set from the collection <strong data-start=\"1159\" data-end=\"1169\">TATTJA<\/strong> combines a beanie hat and knitted sleeves in a luxurious dark turquoise shade that evokes the depth of the ocean and the tranquility of the evening sky.<\/p>\n<p data-start=\"1303\" data-end=\"1641\">The beanie with a shield protects against the cold and adds a refined detail to the outfit at the same time. Its shape accentuates feminine features and brings a modern, urban accent. The sleeves made of soft, stretchy knit offer pleasant warmth and comfort with every movement. Combined, they create a harmonious whole that is ideal for transitional and colder seasons.<\/p>\n<p data-start=\"1643\" data-end=\"1908\">The dark turquoise colour looks elegant, confident and timeless. It stands out in combination with white, beige or grey, but also contrasts beautifully with warmer tones. This double set adds depth and understated glamour to any outfit, while remaining a practical and functional accessory.<\/p>\n<p data-start=\"1910\" data-end=\"2169\">Women's clothing double set <strong data-start=\"1916\" data-end=\"1943\">RAGBBORG dark turquoise<\/strong> is designed for a woman who has an eye for detail, sees beauty in simplicity and appreciates handmade craftsmanship. Each piece bears the brand's signature <strong data-start=\"2081\" data-end=\"2091\">TATTJA<\/strong> - a combination of quality materials, aesthetic purity and feminine character.<\/p>\n<p data-start=\"2171\" data-end=\"2276\">Discover the beauty of delicacy, sophisticated details and feminine style that will keep you warm and <a href=\"https:\/\/www.tattja.com\/en\/product-category\/damske-oblecenie\/dvojsety\/rukavniky-a-ciapka\/\">in other colours.<\/a><\/p>\n<p data-start=\"2278\" data-end=\"2447\"><strong data-start=\"2278\" data-end=\"2332\">See, <a href=\"https:\/\/shop.bogensberger.co.at\/produkt-schlagwort\/merino-extrafein\/\">from what materials<\/a> we produce our pieces<\/strong>, and discover a world of handcrafted textiles that bring comfort, elegance and timelessness to the brand <strong data-start=\"2434\" data-end=\"2444\">TATTJA<\/strong>.<\/p>","protected":false},"excerpt":{"rendered":"<p><strong data-start=\"652\" data-end=\"704\">Women's double set RAGBBORG dark turquoise<\/strong> brings together elegance, comfort and style. Knitted sleeves and a cap with a shawl in a deep dark turquoise shade add sophistication and feminine expression to the outfit. This double set is perfect for the woman who appreciates quality, style and comfort all in one.<\/p>","protected":false},"featured_media":7798,"comment_status":"open","ping_status":"closed","template":"","meta":[],"product_brand":[],"product_cat":[289,300,220,217,295],"product_tag":[],"class_list":{"0":"post-1996","1":"product","2":"type-product","3":"status-publish","4":"has-post-thumbnail","6":"product_cat-dvojsety","7":"product_cat-damske-oblecenie","8":"product_cat-dvojsety-tmavotyrkysove","9":"product_cat-pleteninove-doplnky-tmavotyrkysove","10":"product_cat-rukavniky-a-ciapka","12":"first","13":"instock","14":"taxable","15":"shipping-taxable","16":"purchasable","17":"product-type-simple"},"yoast_head":"<!-- This site is optimized with the Yoast SEO plugin v26.0 - https:\/\/yoast.com\/wordpress\/plugins\/seo\/ -->\n<title>D\u00e1mske oble\u010denie 2-set RAGBBORG tmavotyrkysov\u00fd - TATTJA<\/title>\n<meta name=\"description\" content=\"D\u00e1mske oble\u010denie dvojset RAGBBORG tmavotyrkysov\u00fd \u2013 elegantn\u00e9 spojenie h\u013abky oce\u00e1nu, noblesy a modern\u00e9ho dizajnu pre sebavedom\u00fa \u017eenu.\" \/>\n<meta name=\"robots\" content=\"index, follow, max-snippet:-1, max-image-preview:large, max-video-preview:-1\" \/>\n<link rel=\"canonical\" href=\"https:\/\/www.tattja.com\/en\/product\/damske-oblecenie-dvojset-ragbborg-tmavotyrkysovy\/\" \/>\n<meta property=\"og:locale\" content=\"en_GB\" \/>\n<meta property=\"og:type\" content=\"article\" \/>\n<meta property=\"og:title\" content=\"D\u00e1mske oble\u010denie 2-set RAGBBORG tmavotyrkysov\u00fd - TATTJA\" \/>\n<meta property=\"og:description\" content=\"D\u00e1mske oble\u010denie dvojset RAGBBORG tmavotyrkysov\u00fd \u2013 elegantn\u00e9 spojenie h\u013abky oce\u00e1nu, noblesy a modern\u00e9ho dizajnu pre sebavedom\u00fa \u017eenu.\" \/>\n<meta property=\"og:url\" content=\"https:\/\/www.tattja.com\/en\/product\/damske-oblecenie-dvojset-ragbborg-tmavotyrkysovy\/\" \/>\n<meta property=\"og:site_name\" content=\"TATTJA\" \/>\n<meta property=\"article:modified_time\" content=\"2026-04-05T17:44:52+00:00\" \/>\n<meta property=\"og:image\" content=\"https:\/\/www.tattja.com\/wp-content\/uploads\/2026\/01\/tmavotyrkysovy-dvojset-rukavniky-ciapka-spredu-31.webp\" \/>\n\t<meta property=\"og:image:width\" content=\"1365\" \/>\n\t<meta property=\"og:image:height\" content=\"2047\" \/>\n\t<meta property=\"og:image:type\" content=\"image\/webp\" \/>\n<meta name=\"twitter:card\" content=\"summary_large_image\" \/>\n<meta name=\"twitter:label1\" content=\"Estimated reading time\" \/>\n\t<meta name=\"twitter:data1\" content=\"2 minutes\" \/>\n<script type=\"application\/ld+json\" class=\"yoast-schema-graph\">{\"@context\":\"https:\/\/schema.org\",\"@graph\":[{\"@type\":\"WebPage\",\"@id\":\"https:\/\/www.tattja.com\/product\/damske-oblecenie-dvojset-ragbborg-tmavotyrkysovy\/\",\"url\":\"https:\/\/www.tattja.com\/product\/damske-oblecenie-dvojset-ragbborg-tmavotyrkysovy\/\",\"name\":\"D\u00e1mske oble\u010denie 2-set RAGBBORG tmavotyrkysov\u00fd - TATTJA\",\"isPartOf\":{\"@id\":\"https:\/\/www.tattja.com\/#website\"},\"primaryImageOfPage\":{\"@id\":\"https:\/\/www.tattja.com\/product\/damske-oblecenie-dvojset-ragbborg-tmavotyrkysovy\/#primaryimage\"},\"image\":{\"@id\":\"https:\/\/www.tattja.com\/product\/damske-oblecenie-dvojset-ragbborg-tmavotyrkysovy\/#primaryimage\"},\"thumbnailUrl\":\"https:\/\/www.tattja.com\/wp-content\/uploads\/2026\/01\/tmavotyrkysovy-dvojset-rukavniky-ciapka-spredu-31.webp\",\"datePublished\":\"2025-08-14T15:40:43+00:00\",\"dateModified\":\"2026-04-05T17:44:52+00:00\",\"description\":\"D\u00e1mske oble\u010denie dvojset RAGBBORG tmavotyrkysov\u00fd \u2013 elegantn\u00e9 spojenie h\u013abky oce\u00e1nu, noblesy a modern\u00e9ho dizajnu pre sebavedom\u00fa \u017eenu.\",\"breadcrumb\":{\"@id\":\"https:\/\/www.tattja.com\/product\/damske-oblecenie-dvojset-ragbborg-tmavotyrkysovy\/#breadcrumb\"},\"inLanguage\":\"en-GB\",\"potentialAction\":[{\"@type\":\"ReadAction\",\"target\":[\"https:\/\/www.tattja.com\/product\/damske-oblecenie-dvojset-ragbborg-tmavotyrkysovy\/\"]}]},{\"@type\":\"ImageObject\",\"inLanguage\":\"en-GB\",\"@id\":\"https:\/\/www.tattja.com\/product\/damske-oblecenie-dvojset-ragbborg-tmavotyrkysovy\/#primaryimage\",\"url\":\"https:\/\/www.tattja.com\/wp-content\/uploads\/2026\/01\/tmavotyrkysovy-dvojset-rukavniky-ciapka-spredu-31.webp\",\"contentUrl\":\"https:\/\/www.tattja.com\/wp-content\/uploads\/2026\/01\/tmavotyrkysovy-dvojset-rukavniky-ciapka-spredu-31.webp\",\"width\":1365,\"height\":2047,\"caption\":\"Dvojset RAGBORG \u2013 tmavotyrkysov\u00e1 \u010diapka a ruk\u00e1vniky TATTJA | predn\u00fd poh\u013ead\"},{\"@type\":\"BreadcrumbList\",\"@id\":\"https:\/\/www.tattja.com\/product\/damske-oblecenie-dvojset-ragbborg-tmavotyrkysovy\/#breadcrumb\",\"itemListElement\":[{\"@type\":\"ListItem\",\"position\":1,\"name\":\"Domov\",\"item\":\"https:\/\/www.tattja.com\/\"},{\"@type\":\"ListItem\",\"position\":2,\"name\":\"Produkty\",\"item\":\"https:\/\/www.tattja.com\/damske-oblecenie-produkty\/\"},{\"@type\":\"ListItem\",\"position\":3,\"name\":\"D\u00e1mske oble\u010denie 2-set RAGBBORG tmavotyrkysov\u00fd\"}]},{\"@type\":\"WebSite\",\"@id\":\"https:\/\/www.tattja.com\/#website\",\"url\":\"https:\/\/www.tattja.com\/\",\"name\":\"TATTJA\",\"description\":\"D\u00e1mske oble\u010denie z extra jemnej merino vlny \u2014 ru\u010dne pleten\u00e9 na Slovensku\",\"potentialAction\":[{\"@type\":\"SearchAction\",\"target\":{\"@type\":\"EntryPoint\",\"urlTemplate\":\"https:\/\/www.tattja.com\/?s={search_term_string}\"},\"query-input\":{\"@type\":\"PropertyValueSpecification\",\"valueRequired\":true,\"valueName\":\"search_term_string\"}}],\"inLanguage\":\"en-GB\"}]}<\/script>\n<!-- \/ Yoast SEO plugin. -->","yoast_head_json":{"title":"D\u00e1mske oble\u010denie 2-set RAGBBORG tmavotyrkysov\u00fd - TATTJA","description":"D\u00e1mske oble\u010denie dvojset RAGBBORG tmavotyrkysov\u00fd \u2013 elegantn\u00e9 spojenie h\u013abky oce\u00e1nu, noblesy a modern\u00e9ho dizajnu pre sebavedom\u00fa \u017eenu.","robots":{"index":"index","follow":"follow","max-snippet":"max-snippet:-1","max-image-preview":"max-image-preview:large","max-video-preview":"max-video-preview:-1"},"canonical":"https:\/\/www.tattja.com\/en\/product\/damske-oblecenie-dvojset-ragbborg-tmavotyrkysovy\/","og_locale":"en_GB","og_type":"article","og_title":"D\u00e1mske oble\u010denie 2-set RAGBBORG tmavotyrkysov\u00fd - TATTJA","og_description":"D\u00e1mske oble\u010denie dvojset RAGBBORG tmavotyrkysov\u00fd \u2013 elegantn\u00e9 spojenie h\u013abky oce\u00e1nu, noblesy a modern\u00e9ho dizajnu pre sebavedom\u00fa \u017eenu.","og_url":"https:\/\/www.tattja.com\/en\/product\/damske-oblecenie-dvojset-ragbborg-tmavotyrkysovy\/","og_site_name":"TATTJA","article_modified_time":"2026-04-05T17:44:52+00:00","og_image":[{"width":1365,"height":2047,"url":"https:\/\/www.tattja.com\/wp-content\/uploads\/2026\/01\/tmavotyrkysovy-dvojset-rukavniky-ciapka-spredu-31.webp","type":"image\/webp"}],"twitter_card":"summary_large_image","twitter_misc":{"Estimated reading time":"2 minutes"},"schema":{"@context":"https:\/\/schema.org","@graph":[{"@type":"WebPage","@id":"https:\/\/www.tattja.com\/product\/damske-oblecenie-dvojset-ragbborg-tmavotyrkysovy\/","url":"https:\/\/www.tattja.com\/product\/damske-oblecenie-dvojset-ragbborg-tmavotyrkysovy\/","name":"D\u00e1mske oble\u010denie 2-set RAGBBORG tmavotyrkysov\u00fd - TATTJA","isPartOf":{"@id":"https:\/\/www.tattja.com\/#website"},"primaryImageOfPage":{"@id":"https:\/\/www.tattja.com\/product\/damske-oblecenie-dvojset-ragbborg-tmavotyrkysovy\/#primaryimage"},"image":{"@id":"https:\/\/www.tattja.com\/product\/damske-oblecenie-dvojset-ragbborg-tmavotyrkysovy\/#primaryimage"},"thumbnailUrl":"https:\/\/www.tattja.com\/wp-content\/uploads\/2026\/01\/tmavotyrkysovy-dvojset-rukavniky-ciapka-spredu-31.webp","datePublished":"2025-08-14T15:40:43+00:00","dateModified":"2026-04-05T17:44:52+00:00","description":"D\u00e1mske oble\u010denie dvojset RAGBBORG tmavotyrkysov\u00fd \u2013 elegantn\u00e9 spojenie h\u013abky oce\u00e1nu, noblesy a modern\u00e9ho dizajnu pre sebavedom\u00fa \u017eenu.","breadcrumb":{"@id":"https:\/\/www.tattja.com\/product\/damske-oblecenie-dvojset-ragbborg-tmavotyrkysovy\/#breadcrumb"},"inLanguage":"en-GB","potentialAction":[{"@type":"ReadAction","target":["https:\/\/www.tattja.com\/product\/damske-oblecenie-dvojset-ragbborg-tmavotyrkysovy\/"]}]},{"@type":"ImageObject","inLanguage":"en-GB","@id":"https:\/\/www.tattja.com\/product\/damske-oblecenie-dvojset-ragbborg-tmavotyrkysovy\/#primaryimage","url":"https:\/\/www.tattja.com\/wp-content\/uploads\/2026\/01\/tmavotyrkysovy-dvojset-rukavniky-ciapka-spredu-31.webp","contentUrl":"https:\/\/www.tattja.com\/wp-content\/uploads\/2026\/01\/tmavotyrkysovy-dvojset-rukavniky-ciapka-spredu-31.webp","width":1365,"height":2047,"caption":"Dvojset RAGBORG \u2013 tmavotyrkysov\u00e1 \u010diapka a ruk\u00e1vniky TATTJA | predn\u00fd poh\u013ead"},{"@type":"BreadcrumbList","@id":"https:\/\/www.tattja.com\/product\/damske-oblecenie-dvojset-ragbborg-tmavotyrkysovy\/#breadcrumb","itemListElement":[{"@type":"ListItem","position":1,"name":"Domov","item":"https:\/\/www.tattja.com\/"},{"@type":"ListItem","position":2,"name":"Produkty","item":"https:\/\/www.tattja.com\/damske-oblecenie-produkty\/"},{"@type":"ListItem","position":3,"name":"D\u00e1mske oble\u010denie 2-set RAGBBORG tmavotyrkysov\u00fd"}]},{"@type":"WebSite","@id":"https:\/\/www.tattja.com\/#website","url":"https:\/\/www.tattja.com\/","name":"TATTJA","description":"D\u00e1mske oble\u010denie z extra jemnej merino vlny \u2014 ru\u010dne pleten\u00e9 na Slovensku","potentialAction":[{"@type":"SearchAction","target":{"@type":"EntryPoint","urlTemplate":"https:\/\/www.tattja.com\/?s={search_term_string}"},"query-input":{"@type":"PropertyValueSpecification","valueRequired":true,"valueName":"search_term_string"}}],"inLanguage":"en-GB"}]}},"_links":{"self":[{"href":"https:\/\/www.tattja.com\/en\/wp-json\/wp\/v2\/product\/1996","targetHints":{"allow":["GET"]}}],"collection":[{"href":"https:\/\/www.tattja.com\/en\/wp-json\/wp\/v2\/product"}],"about":[{"href":"https:\/\/www.tattja.com\/en\/wp-json\/wp\/v2\/types\/product"}],"replies":[{"embeddable":true,"href":"https:\/\/www.tattja.com\/en\/wp-json\/wp\/v2\/comments?post=1996"}],"version-history":[{"count":6,"href":"https:\/\/www.tattja.com\/en\/wp-json\/wp\/v2\/product\/1996\/revisions"}],"predecessor-version":[{"id":7214,"href":"https:\/\/www.tattja.com\/en\/wp-json\/wp\/v2\/product\/1996\/revisions\/7214"}],"wp:featuredmedia":[{"embeddable":true,"href":"https:\/\/www.tattja.com\/en\/wp-json\/wp\/v2\/media\/7798"}],"wp:attachment":[{"href":"https:\/\/www.tattja.com\/en\/wp-json\/wp\/v2\/media?parent=1996"}],"wp:term":[{"taxonomy":"product_brand","embeddable":true,"href":"https:\/\/www.tattja.com\/en\/wp-json\/wp\/v2\/product_brand?post=1996"},{"taxonomy":"product_cat","embeddable":true,"href":"https:\/\/www.tattja.com\/en\/wp-json\/wp\/v2\/product_cat?post=1996"},{"taxonomy":"product_tag","embeddable":true,"href":"https:\/\/www.tattja.com\/en\/wp-json\/wp\/v2\/product_tag?post=1996"}],"curies":[{"name":"wp","href":"https:\/\/api.w.org\/{rel}","templated":true}]}}