{"id":2000,"date":"2025-08-14T17:43:01","date_gmt":"2025-08-14T15:43:01","guid":{"rendered":"https:\/\/www.tattja.com\/?post_type=product&#038;p=2000"},"modified":"2026-04-05T19:44:52","modified_gmt":"2026-04-05T17:44:52","slug":"dvojset-ingeborg-tmavotyrkysovy","status":"publish","type":"product","link":"https:\/\/www.tattja.com\/en\/product\/dvojset-ingeborg-tmavotyrkysovy\/","title":{"rendered":"D\u00e1mske oble\u010denie 2-set INGEBORG tmavotyrkysov\u00fd"},"content":{"rendered":"<p data-start=\"931\" data-end=\"1219\"><strong data-start=\"931\" data-end=\"983\">Women's double set outfit INGEBORG dark turquoise<\/strong> combines elegance, functionality and feminine charm. This original set from the collection <strong data-start=\"1079\" data-end=\"1089\">TATTJA<\/strong> combines a hat with a shield and a soft knitted neck warmer, which together create a harmonious whole - both practical and exceptionally aesthetic.<\/p>\n<p data-start=\"1221\" data-end=\"1541\">The dark turquoise colour looks sophisticated and timeless. Its shade evokes the depth of the ocean, serenity and quiet refinement, perfectly capturing feminine strength in a minimalist form. This tone blends beautifully with both neutrals and contrasting colours, making it a versatile accessory for everyday wear and elegant occasions.<\/p>\n<p data-start=\"1543\" data-end=\"1884\">The neckwarmer in fine ribbed knit wraps the shoulders with soft warmth and provides a feeling of comfort on colder days. The beanie with a visor adds a modern touch to the whole - it protects against the wind and at the same time emphasises the wearer's individual style. Each piece of this set is crafted with attention to detail, craftsmanship and comfort that will last for years.<\/p>\n<p data-start=\"1886\" data-end=\"2091\">Women's clothing double set <strong data-start=\"1894\" data-end=\"1921\">INGEBORG dark turquoise<\/strong> is the ideal choice for women who appreciate the combination of aesthetics and practicality. It expresses individual style, natural self-confidence and a subtle touch of luxury in every movement.<\/p>\n<p data-start=\"2093\" data-end=\"2198\">Discover the beauty of delicacy, sophisticated details and feminine style that will keep you warm and<a href=\"https:\/\/www.tattja.com\/en\/product-category\/damske-oblecenie\/dvojsety\/nakrcnik-a-ciapka\/\"> in other colours<\/a>.<\/p>\n<p data-start=\"2200\" data-end=\"2345\"><strong data-start=\"2200\" data-end=\"2254\">See, <a href=\"https:\/\/shop.bogensberger.co.at\/produkt-schlagwort\/merino-extrafein\/\">from what materials<\/a> we produce our pieces<\/strong> and treat yourself to a touch of elegance that combines comfort, quality and refinement in a single design.<\/p>","protected":false},"excerpt":{"rendered":"<p data-start=\"738\" data-end=\"889\"><strong data-start=\"738\" data-end=\"790\">Women's double set outfit INGEBORG dark turquoise<\/strong> - A warming set in fine knitted fabric that combines comfort, refinement and timeless design from TATTJA.<\/p>","protected":false},"featured_media":7789,"comment_status":"open","ping_status":"closed","template":"","meta":[],"product_brand":[],"product_cat":[289,300,220,291,217],"product_tag":[],"class_list":{"0":"post-2000","1":"product","2":"type-product","3":"status-publish","4":"has-post-thumbnail","6":"product_cat-dvojsety","7":"product_cat-damske-oblecenie","8":"product_cat-dvojsety-tmavotyrkysove","9":"product_cat-nakrcnik-a-ciapka","10":"product_cat-pleteninove-doplnky-tmavotyrkysove","12":"first","13":"instock","14":"taxable","15":"shipping-taxable","16":"purchasable","17":"product-type-simple"},"yoast_head":"<!-- This site is optimized with the Yoast SEO plugin v26.0 - https:\/\/yoast.com\/wordpress\/plugins\/seo\/ -->\n<title>D\u00e1mske oble\u010denie 2-set INGEBORG tmavotyrkysov\u00fd - TATTJA<\/title>\n<meta name=\"description\" content=\"D\u00e1mske oble\u010denie dvojset INGEBORG tmavotyrkysov\u00fd \u2013 elegantn\u00fd set \u010diapky a n\u00e1kr\u010dn\u00edka v odtieni oce\u00e1novej h\u013abky pre spojenie \u0161t\u00fdlu, tepla a noblesy.\" \/>\n<meta name=\"robots\" content=\"index, follow, max-snippet:-1, max-image-preview:large, max-video-preview:-1\" \/>\n<link rel=\"canonical\" href=\"https:\/\/www.tattja.com\/en\/product\/dvojset-ingeborg-tmavotyrkysovy\/\" \/>\n<meta property=\"og:locale\" content=\"en_GB\" \/>\n<meta property=\"og:type\" content=\"article\" \/>\n<meta property=\"og:title\" content=\"D\u00e1mske oble\u010denie 2-set INGEBORG tmavotyrkysov\u00fd - TATTJA\" \/>\n<meta property=\"og:description\" content=\"D\u00e1mske oble\u010denie dvojset INGEBORG tmavotyrkysov\u00fd \u2013 elegantn\u00fd set \u010diapky a n\u00e1kr\u010dn\u00edka v odtieni oce\u00e1novej h\u013abky pre spojenie \u0161t\u00fdlu, tepla a noblesy.\" \/>\n<meta property=\"og:url\" content=\"https:\/\/www.tattja.com\/en\/product\/dvojset-ingeborg-tmavotyrkysovy\/\" \/>\n<meta property=\"og:site_name\" content=\"TATTJA\" \/>\n<meta property=\"article:modified_time\" content=\"2026-04-05T17:44:52+00:00\" \/>\n<meta property=\"og:image\" content=\"https:\/\/www.tattja.com\/wp-content\/uploads\/2026\/01\/tmavotyrkysovy-dvojset-nakrcnik-ciapka-spredu-43.webp\" \/>\n\t<meta property=\"og:image:width\" content=\"1365\" \/>\n\t<meta property=\"og:image:height\" content=\"2048\" \/>\n\t<meta property=\"og:image:type\" content=\"image\/webp\" \/>\n<meta name=\"twitter:card\" content=\"summary_large_image\" \/>\n<meta name=\"twitter:label1\" content=\"Estimated reading time\" \/>\n\t<meta name=\"twitter:data1\" content=\"2 minutes\" \/>\n<script type=\"application\/ld+json\" class=\"yoast-schema-graph\">{\"@context\":\"https:\/\/schema.org\",\"@graph\":[{\"@type\":\"WebPage\",\"@id\":\"https:\/\/www.tattja.com\/product\/dvojset-ingeborg-tmavotyrkysovy\/\",\"url\":\"https:\/\/www.tattja.com\/product\/dvojset-ingeborg-tmavotyrkysovy\/\",\"name\":\"D\u00e1mske oble\u010denie 2-set INGEBORG tmavotyrkysov\u00fd - TATTJA\",\"isPartOf\":{\"@id\":\"https:\/\/www.tattja.com\/#website\"},\"primaryImageOfPage\":{\"@id\":\"https:\/\/www.tattja.com\/product\/dvojset-ingeborg-tmavotyrkysovy\/#primaryimage\"},\"image\":{\"@id\":\"https:\/\/www.tattja.com\/product\/dvojset-ingeborg-tmavotyrkysovy\/#primaryimage\"},\"thumbnailUrl\":\"https:\/\/www.tattja.com\/wp-content\/uploads\/2026\/01\/tmavotyrkysovy-dvojset-nakrcnik-ciapka-spredu-43.webp\",\"datePublished\":\"2025-08-14T15:43:01+00:00\",\"dateModified\":\"2026-04-05T17:44:52+00:00\",\"description\":\"D\u00e1mske oble\u010denie dvojset INGEBORG tmavotyrkysov\u00fd \u2013 elegantn\u00fd set \u010diapky a n\u00e1kr\u010dn\u00edka v odtieni oce\u00e1novej h\u013abky pre spojenie \u0161t\u00fdlu, tepla a noblesy.\",\"breadcrumb\":{\"@id\":\"https:\/\/www.tattja.com\/product\/dvojset-ingeborg-tmavotyrkysovy\/#breadcrumb\"},\"inLanguage\":\"en-GB\",\"potentialAction\":[{\"@type\":\"ReadAction\",\"target\":[\"https:\/\/www.tattja.com\/product\/dvojset-ingeborg-tmavotyrkysovy\/\"]}]},{\"@type\":\"ImageObject\",\"inLanguage\":\"en-GB\",\"@id\":\"https:\/\/www.tattja.com\/product\/dvojset-ingeborg-tmavotyrkysovy\/#primaryimage\",\"url\":\"https:\/\/www.tattja.com\/wp-content\/uploads\/2026\/01\/tmavotyrkysovy-dvojset-nakrcnik-ciapka-spredu-43.webp\",\"contentUrl\":\"https:\/\/www.tattja.com\/wp-content\/uploads\/2026\/01\/tmavotyrkysovy-dvojset-nakrcnik-ciapka-spredu-43.webp\",\"width\":1365,\"height\":2048,\"caption\":\"Dvojset INGEBORG \u2013 tmavotyrkysov\u00e1 \u010diapka a n\u00e1kr\u010dn\u00edk TATTJA | predn\u00fd poh\u013ead\"},{\"@type\":\"BreadcrumbList\",\"@id\":\"https:\/\/www.tattja.com\/product\/dvojset-ingeborg-tmavotyrkysovy\/#breadcrumb\",\"itemListElement\":[{\"@type\":\"ListItem\",\"position\":1,\"name\":\"Domov\",\"item\":\"https:\/\/www.tattja.com\/\"},{\"@type\":\"ListItem\",\"position\":2,\"name\":\"Produkty\",\"item\":\"https:\/\/www.tattja.com\/damske-oblecenie-produkty\/\"},{\"@type\":\"ListItem\",\"position\":3,\"name\":\"D\u00e1mske oble\u010denie 2-set INGEBORG tmavotyrkysov\u00fd\"}]},{\"@type\":\"WebSite\",\"@id\":\"https:\/\/www.tattja.com\/#website\",\"url\":\"https:\/\/www.tattja.com\/\",\"name\":\"TATTJA\",\"description\":\"D\u00e1mske oble\u010denie z extra jemnej merino vlny \u2014 ru\u010dne pleten\u00e9 na Slovensku\",\"potentialAction\":[{\"@type\":\"SearchAction\",\"target\":{\"@type\":\"EntryPoint\",\"urlTemplate\":\"https:\/\/www.tattja.com\/?s={search_term_string}\"},\"query-input\":{\"@type\":\"PropertyValueSpecification\",\"valueRequired\":true,\"valueName\":\"search_term_string\"}}],\"inLanguage\":\"en-GB\"}]}<\/script>\n<!-- \/ Yoast SEO plugin. -->","yoast_head_json":{"title":"D\u00e1mske oble\u010denie 2-set INGEBORG tmavotyrkysov\u00fd - TATTJA","description":"D\u00e1mske oble\u010denie dvojset INGEBORG tmavotyrkysov\u00fd \u2013 elegantn\u00fd set \u010diapky a n\u00e1kr\u010dn\u00edka v odtieni oce\u00e1novej h\u013abky pre spojenie \u0161t\u00fdlu, tepla a noblesy.","robots":{"index":"index","follow":"follow","max-snippet":"max-snippet:-1","max-image-preview":"max-image-preview:large","max-video-preview":"max-video-preview:-1"},"canonical":"https:\/\/www.tattja.com\/en\/product\/dvojset-ingeborg-tmavotyrkysovy\/","og_locale":"en_GB","og_type":"article","og_title":"D\u00e1mske oble\u010denie 2-set INGEBORG tmavotyrkysov\u00fd - TATTJA","og_description":"D\u00e1mske oble\u010denie dvojset INGEBORG tmavotyrkysov\u00fd \u2013 elegantn\u00fd set \u010diapky a n\u00e1kr\u010dn\u00edka v odtieni oce\u00e1novej h\u013abky pre spojenie \u0161t\u00fdlu, tepla a noblesy.","og_url":"https:\/\/www.tattja.com\/en\/product\/dvojset-ingeborg-tmavotyrkysovy\/","og_site_name":"TATTJA","article_modified_time":"2026-04-05T17:44:52+00:00","og_image":[{"width":1365,"height":2048,"url":"https:\/\/www.tattja.com\/wp-content\/uploads\/2026\/01\/tmavotyrkysovy-dvojset-nakrcnik-ciapka-spredu-43.webp","type":"image\/webp"}],"twitter_card":"summary_large_image","twitter_misc":{"Estimated reading time":"2 minutes"},"schema":{"@context":"https:\/\/schema.org","@graph":[{"@type":"WebPage","@id":"https:\/\/www.tattja.com\/product\/dvojset-ingeborg-tmavotyrkysovy\/","url":"https:\/\/www.tattja.com\/product\/dvojset-ingeborg-tmavotyrkysovy\/","name":"D\u00e1mske oble\u010denie 2-set INGEBORG tmavotyrkysov\u00fd - TATTJA","isPartOf":{"@id":"https:\/\/www.tattja.com\/#website"},"primaryImageOfPage":{"@id":"https:\/\/www.tattja.com\/product\/dvojset-ingeborg-tmavotyrkysovy\/#primaryimage"},"image":{"@id":"https:\/\/www.tattja.com\/product\/dvojset-ingeborg-tmavotyrkysovy\/#primaryimage"},"thumbnailUrl":"https:\/\/www.tattja.com\/wp-content\/uploads\/2026\/01\/tmavotyrkysovy-dvojset-nakrcnik-ciapka-spredu-43.webp","datePublished":"2025-08-14T15:43:01+00:00","dateModified":"2026-04-05T17:44:52+00:00","description":"D\u00e1mske oble\u010denie dvojset INGEBORG tmavotyrkysov\u00fd \u2013 elegantn\u00fd set \u010diapky a n\u00e1kr\u010dn\u00edka v odtieni oce\u00e1novej h\u013abky pre spojenie \u0161t\u00fdlu, tepla a noblesy.","breadcrumb":{"@id":"https:\/\/www.tattja.com\/product\/dvojset-ingeborg-tmavotyrkysovy\/#breadcrumb"},"inLanguage":"en-GB","potentialAction":[{"@type":"ReadAction","target":["https:\/\/www.tattja.com\/product\/dvojset-ingeborg-tmavotyrkysovy\/"]}]},{"@type":"ImageObject","inLanguage":"en-GB","@id":"https:\/\/www.tattja.com\/product\/dvojset-ingeborg-tmavotyrkysovy\/#primaryimage","url":"https:\/\/www.tattja.com\/wp-content\/uploads\/2026\/01\/tmavotyrkysovy-dvojset-nakrcnik-ciapka-spredu-43.webp","contentUrl":"https:\/\/www.tattja.com\/wp-content\/uploads\/2026\/01\/tmavotyrkysovy-dvojset-nakrcnik-ciapka-spredu-43.webp","width":1365,"height":2048,"caption":"Dvojset INGEBORG \u2013 tmavotyrkysov\u00e1 \u010diapka a n\u00e1kr\u010dn\u00edk TATTJA | predn\u00fd poh\u013ead"},{"@type":"BreadcrumbList","@id":"https:\/\/www.tattja.com\/product\/dvojset-ingeborg-tmavotyrkysovy\/#breadcrumb","itemListElement":[{"@type":"ListItem","position":1,"name":"Domov","item":"https:\/\/www.tattja.com\/"},{"@type":"ListItem","position":2,"name":"Produkty","item":"https:\/\/www.tattja.com\/damske-oblecenie-produkty\/"},{"@type":"ListItem","position":3,"name":"D\u00e1mske oble\u010denie 2-set INGEBORG tmavotyrkysov\u00fd"}]},{"@type":"WebSite","@id":"https:\/\/www.tattja.com\/#website","url":"https:\/\/www.tattja.com\/","name":"TATTJA","description":"D\u00e1mske oble\u010denie z extra jemnej merino vlny \u2014 ru\u010dne pleten\u00e9 na Slovensku","potentialAction":[{"@type":"SearchAction","target":{"@type":"EntryPoint","urlTemplate":"https:\/\/www.tattja.com\/?s={search_term_string}"},"query-input":{"@type":"PropertyValueSpecification","valueRequired":true,"valueName":"search_term_string"}}],"inLanguage":"en-GB"}]}},"_links":{"self":[{"href":"https:\/\/www.tattja.com\/en\/wp-json\/wp\/v2\/product\/2000","targetHints":{"allow":["GET"]}}],"collection":[{"href":"https:\/\/www.tattja.com\/en\/wp-json\/wp\/v2\/product"}],"about":[{"href":"https:\/\/www.tattja.com\/en\/wp-json\/wp\/v2\/types\/product"}],"replies":[{"embeddable":true,"href":"https:\/\/www.tattja.com\/en\/wp-json\/wp\/v2\/comments?post=2000"}],"version-history":[{"count":6,"href":"https:\/\/www.tattja.com\/en\/wp-json\/wp\/v2\/product\/2000\/revisions"}],"predecessor-version":[{"id":7212,"href":"https:\/\/www.tattja.com\/en\/wp-json\/wp\/v2\/product\/2000\/revisions\/7212"}],"wp:featuredmedia":[{"embeddable":true,"href":"https:\/\/www.tattja.com\/en\/wp-json\/wp\/v2\/media\/7789"}],"wp:attachment":[{"href":"https:\/\/www.tattja.com\/en\/wp-json\/wp\/v2\/media?parent=2000"}],"wp:term":[{"taxonomy":"product_brand","embeddable":true,"href":"https:\/\/www.tattja.com\/en\/wp-json\/wp\/v2\/product_brand?post=2000"},{"taxonomy":"product_cat","embeddable":true,"href":"https:\/\/www.tattja.com\/en\/wp-json\/wp\/v2\/product_cat?post=2000"},{"taxonomy":"product_tag","embeddable":true,"href":"https:\/\/www.tattja.com\/en\/wp-json\/wp\/v2\/product_tag?post=2000"}],"curies":[{"name":"wp","href":"https:\/\/api.w.org\/{rel}","templated":true}]}}