{"id":2002,"date":"2025-08-14T17:44:18","date_gmt":"2025-08-14T15:44:18","guid":{"rendered":"https:\/\/www.tattja.com\/?post_type=product&#038;p=2002"},"modified":"2026-04-05T19:44:52","modified_gmt":"2026-04-05T17:44:52","slug":"damske-oblecenie-trojset-dakin-tmavotyrkysovy","status":"publish","type":"product","link":"https:\/\/www.tattja.com\/en\/product\/damske-oblecenie-trojset-dakin-tmavotyrkysovy\/","title":{"rendered":"D\u00e1mske oble\u010denie 3-set DAKIN tmavotyrkysov\u00fd"},"content":{"rendered":"<p data-start=\"950\" data-end=\"1187\"><strong data-start=\"950\" data-end=\"999\">Women's clothing three-set DAKIN dark turquoise<\/strong> combines style, functionality and comfort in one elegant set. This model from the collection <strong data-start=\"1082\" data-end=\"1092\">TATTJA<\/strong> will appeal to women who are looking for quality materials, practical design and attention to detail.<\/p>\n<p data-start=\"1189\" data-end=\"1562\">The three-piece set consists of three elaborate pieces - a neckwarmer, a shrug, and sleeves. The neckpiece gently wraps around the shoulders and protects the neckline area, providing warmth and an elegant look. The bib accentuates the waist, creating a feminine silhouette and adding a sense of comfort throughout the day. The sleeves complement the outfit both practically and stylishly, protecting the arms and unifying the overall visual impression.<\/p>\n<p data-start=\"1564\" data-end=\"1834\">The dark turquoise colour exudes depth, calm and confidence. It is ideal for women who love understated elegance with a touch of originality. This shade combines well with both neutral and contrasting tones and easily adapts to a variety of styles - from casual to formal.<\/p>\n<p data-start=\"1836\" data-end=\"2116\">The premium fibre knit brings softness, flexibility and breathability. Every detail of the model <strong data-start=\"1928\" data-end=\"1937\">DAKIN<\/strong> reflects craftsmanship, aesthetics and emphasis on feminine comfort.<\/p>\n<p data-start=\"1836\" data-end=\"2116\">The DAKIN dark turquoise women's three-piece set is becoming an indispensable piece in your wardrobe - suitable for everyday wear and special occasions.<\/p>\n<p data-start=\"2118\" data-end=\"2223\">Discover the beauty of delicacy, sophisticated details and feminine style that will keep you warm and <a href=\"https:\/\/www.tattja.com\/en\/product-category\/damske-oblecenie\/trojsety-3\/nakrcnik-a-driekovnik-a-rukavniky\/\">in other colours.<\/a><\/p>\n<p data-start=\"2225\" data-end=\"2373\"><strong data-start=\"2225\" data-end=\"2279\">See, <a href=\"https:\/\/shop.bogensberger.co.at\/produkt-schlagwort\/merino-extrafein\/\">from what materials<\/a> we produce our pieces<\/strong> and indulge in a luxurious feeling that combines elegance, functionality and timelessness in one<\/p>","protected":false},"excerpt":{"rendered":"<p data-start=\"667\" data-end=\"908\"><strong data-start=\"667\" data-end=\"716\">Women's clothing three-set DAKIN dark turquoise<\/strong> brings elegance, comfort and timeless depth of colour. The neck warmer, neckwarmer and sleeveless shirt form a harmonious ensemble that warms, accentuates feminine lines and adds a sophisticated touch to the outfit.<\/p>","protected":false},"featured_media":7816,"comment_status":"open","ping_status":"closed","template":"","meta":[],"product_brand":[],"product_cat":[284,300,285,217,219],"product_tag":[],"class_list":{"0":"post-2002","1":"product","2":"type-product","3":"status-publish","4":"has-post-thumbnail","6":"product_cat-trojsety-3","7":"product_cat-damske-oblecenie","8":"product_cat-nakrcnik-a-driekovnik-a-rukavniky","9":"product_cat-pleteninove-doplnky-tmavotyrkysove","10":"product_cat-trojsety-tmavotyrkysove","12":"first","13":"instock","14":"taxable","15":"shipping-taxable","16":"purchasable","17":"product-type-simple"},"yoast_head":"<!-- This site is optimized with the Yoast SEO plugin v26.0 - https:\/\/yoast.com\/wordpress\/plugins\/seo\/ -->\n<title>D\u00e1mske oble\u010denie 3-set DAKIN tmavotyrkysov\u00fd - TATTJA<\/title>\n<meta name=\"description\" content=\"D\u00e1mske oble\u010denie trojset DAKIN tmavotyrkysov\u00fd \u2013 elegantn\u00fd pleten\u00fd set TATTJA v hlbokom t\u00f3ne tyrkysu, ktor\u00fd sp\u00e1ja noblesu, funk\u010dnos\u0165 a \u0161t\u00fdl.\" \/>\n<meta name=\"robots\" content=\"index, follow, max-snippet:-1, max-image-preview:large, max-video-preview:-1\" \/>\n<link rel=\"canonical\" href=\"https:\/\/www.tattja.com\/en\/product\/damske-oblecenie-trojset-dakin-tmavotyrkysovy\/\" \/>\n<meta property=\"og:locale\" content=\"en_GB\" \/>\n<meta property=\"og:type\" content=\"article\" \/>\n<meta property=\"og:title\" content=\"D\u00e1mske oble\u010denie 3-set DAKIN tmavotyrkysov\u00fd - TATTJA\" \/>\n<meta property=\"og:description\" content=\"D\u00e1mske oble\u010denie trojset DAKIN tmavotyrkysov\u00fd \u2013 elegantn\u00fd pleten\u00fd set TATTJA v hlbokom t\u00f3ne tyrkysu, ktor\u00fd sp\u00e1ja noblesu, funk\u010dnos\u0165 a \u0161t\u00fdl.\" \/>\n<meta property=\"og:url\" content=\"https:\/\/www.tattja.com\/en\/product\/damske-oblecenie-trojset-dakin-tmavotyrkysovy\/\" \/>\n<meta property=\"og:site_name\" content=\"TATTJA\" \/>\n<meta property=\"article:modified_time\" content=\"2026-04-05T17:44:52+00:00\" \/>\n<meta property=\"og:image\" content=\"https:\/\/www.tattja.com\/wp-content\/uploads\/2026\/01\/tmavotyrkysovy-trojset-nakrcnik-driekovnik-rukavniky-spredu-7.webp\" \/>\n\t<meta property=\"og:image:width\" content=\"1365\" \/>\n\t<meta property=\"og:image:height\" content=\"2048\" \/>\n\t<meta property=\"og:image:type\" content=\"image\/webp\" \/>\n<meta name=\"twitter:card\" content=\"summary_large_image\" \/>\n<meta name=\"twitter:label1\" content=\"Estimated reading time\" \/>\n\t<meta name=\"twitter:data1\" content=\"2 minutes\" \/>\n<script type=\"application\/ld+json\" class=\"yoast-schema-graph\">{\"@context\":\"https:\/\/schema.org\",\"@graph\":[{\"@type\":\"WebPage\",\"@id\":\"https:\/\/www.tattja.com\/product\/damske-oblecenie-trojset-dakin-tmavotyrkysovy\/\",\"url\":\"https:\/\/www.tattja.com\/product\/damske-oblecenie-trojset-dakin-tmavotyrkysovy\/\",\"name\":\"D\u00e1mske oble\u010denie 3-set DAKIN tmavotyrkysov\u00fd - TATTJA\",\"isPartOf\":{\"@id\":\"https:\/\/www.tattja.com\/#website\"},\"primaryImageOfPage\":{\"@id\":\"https:\/\/www.tattja.com\/product\/damske-oblecenie-trojset-dakin-tmavotyrkysovy\/#primaryimage\"},\"image\":{\"@id\":\"https:\/\/www.tattja.com\/product\/damske-oblecenie-trojset-dakin-tmavotyrkysovy\/#primaryimage\"},\"thumbnailUrl\":\"https:\/\/www.tattja.com\/wp-content\/uploads\/2026\/01\/tmavotyrkysovy-trojset-nakrcnik-driekovnik-rukavniky-spredu-7.webp\",\"datePublished\":\"2025-08-14T15:44:18+00:00\",\"dateModified\":\"2026-04-05T17:44:52+00:00\",\"description\":\"D\u00e1mske oble\u010denie trojset DAKIN tmavotyrkysov\u00fd \u2013 elegantn\u00fd pleten\u00fd set TATTJA v hlbokom t\u00f3ne tyrkysu, ktor\u00fd sp\u00e1ja noblesu, funk\u010dnos\u0165 a \u0161t\u00fdl.\",\"breadcrumb\":{\"@id\":\"https:\/\/www.tattja.com\/product\/damske-oblecenie-trojset-dakin-tmavotyrkysovy\/#breadcrumb\"},\"inLanguage\":\"en-GB\",\"potentialAction\":[{\"@type\":\"ReadAction\",\"target\":[\"https:\/\/www.tattja.com\/product\/damske-oblecenie-trojset-dakin-tmavotyrkysovy\/\"]}]},{\"@type\":\"ImageObject\",\"inLanguage\":\"en-GB\",\"@id\":\"https:\/\/www.tattja.com\/product\/damske-oblecenie-trojset-dakin-tmavotyrkysovy\/#primaryimage\",\"url\":\"https:\/\/www.tattja.com\/wp-content\/uploads\/2026\/01\/tmavotyrkysovy-trojset-nakrcnik-driekovnik-rukavniky-spredu-7.webp\",\"contentUrl\":\"https:\/\/www.tattja.com\/wp-content\/uploads\/2026\/01\/tmavotyrkysovy-trojset-nakrcnik-driekovnik-rukavniky-spredu-7.webp\",\"width\":1365,\"height\":2048,\"caption\":\"Trojset DAKIN \u2013 tmavotyrkysov\u00fd n\u00e1kr\u010dn\u00edk, driekovn\u00edk a ruk\u00e1vniky TATTJA | predn\u00fd poh\u013ead\"},{\"@type\":\"BreadcrumbList\",\"@id\":\"https:\/\/www.tattja.com\/product\/damske-oblecenie-trojset-dakin-tmavotyrkysovy\/#breadcrumb\",\"itemListElement\":[{\"@type\":\"ListItem\",\"position\":1,\"name\":\"Domov\",\"item\":\"https:\/\/www.tattja.com\/\"},{\"@type\":\"ListItem\",\"position\":2,\"name\":\"Produkty\",\"item\":\"https:\/\/www.tattja.com\/damske-oblecenie-produkty\/\"},{\"@type\":\"ListItem\",\"position\":3,\"name\":\"D\u00e1mske oble\u010denie 3-set DAKIN tmavotyrkysov\u00fd\"}]},{\"@type\":\"WebSite\",\"@id\":\"https:\/\/www.tattja.com\/#website\",\"url\":\"https:\/\/www.tattja.com\/\",\"name\":\"TATTJA\",\"description\":\"D\u00e1mske oble\u010denie z extra jemnej merino vlny \u2014 ru\u010dne pleten\u00e9 na Slovensku\",\"potentialAction\":[{\"@type\":\"SearchAction\",\"target\":{\"@type\":\"EntryPoint\",\"urlTemplate\":\"https:\/\/www.tattja.com\/?s={search_term_string}\"},\"query-input\":{\"@type\":\"PropertyValueSpecification\",\"valueRequired\":true,\"valueName\":\"search_term_string\"}}],\"inLanguage\":\"en-GB\"}]}<\/script>\n<!-- \/ Yoast SEO plugin. -->","yoast_head_json":{"title":"D\u00e1mske oble\u010denie 3-set DAKIN tmavotyrkysov\u00fd - TATTJA","description":"D\u00e1mske oble\u010denie trojset DAKIN tmavotyrkysov\u00fd \u2013 elegantn\u00fd pleten\u00fd set TATTJA v hlbokom t\u00f3ne tyrkysu, ktor\u00fd sp\u00e1ja noblesu, funk\u010dnos\u0165 a \u0161t\u00fdl.","robots":{"index":"index","follow":"follow","max-snippet":"max-snippet:-1","max-image-preview":"max-image-preview:large","max-video-preview":"max-video-preview:-1"},"canonical":"https:\/\/www.tattja.com\/en\/product\/damske-oblecenie-trojset-dakin-tmavotyrkysovy\/","og_locale":"en_GB","og_type":"article","og_title":"D\u00e1mske oble\u010denie 3-set DAKIN tmavotyrkysov\u00fd - TATTJA","og_description":"D\u00e1mske oble\u010denie trojset DAKIN tmavotyrkysov\u00fd \u2013 elegantn\u00fd pleten\u00fd set TATTJA v hlbokom t\u00f3ne tyrkysu, ktor\u00fd sp\u00e1ja noblesu, funk\u010dnos\u0165 a \u0161t\u00fdl.","og_url":"https:\/\/www.tattja.com\/en\/product\/damske-oblecenie-trojset-dakin-tmavotyrkysovy\/","og_site_name":"TATTJA","article_modified_time":"2026-04-05T17:44:52+00:00","og_image":[{"width":1365,"height":2048,"url":"https:\/\/www.tattja.com\/wp-content\/uploads\/2026\/01\/tmavotyrkysovy-trojset-nakrcnik-driekovnik-rukavniky-spredu-7.webp","type":"image\/webp"}],"twitter_card":"summary_large_image","twitter_misc":{"Estimated reading time":"2 minutes"},"schema":{"@context":"https:\/\/schema.org","@graph":[{"@type":"WebPage","@id":"https:\/\/www.tattja.com\/product\/damske-oblecenie-trojset-dakin-tmavotyrkysovy\/","url":"https:\/\/www.tattja.com\/product\/damske-oblecenie-trojset-dakin-tmavotyrkysovy\/","name":"D\u00e1mske oble\u010denie 3-set DAKIN tmavotyrkysov\u00fd - TATTJA","isPartOf":{"@id":"https:\/\/www.tattja.com\/#website"},"primaryImageOfPage":{"@id":"https:\/\/www.tattja.com\/product\/damske-oblecenie-trojset-dakin-tmavotyrkysovy\/#primaryimage"},"image":{"@id":"https:\/\/www.tattja.com\/product\/damske-oblecenie-trojset-dakin-tmavotyrkysovy\/#primaryimage"},"thumbnailUrl":"https:\/\/www.tattja.com\/wp-content\/uploads\/2026\/01\/tmavotyrkysovy-trojset-nakrcnik-driekovnik-rukavniky-spredu-7.webp","datePublished":"2025-08-14T15:44:18+00:00","dateModified":"2026-04-05T17:44:52+00:00","description":"D\u00e1mske oble\u010denie trojset DAKIN tmavotyrkysov\u00fd \u2013 elegantn\u00fd pleten\u00fd set TATTJA v hlbokom t\u00f3ne tyrkysu, ktor\u00fd sp\u00e1ja noblesu, funk\u010dnos\u0165 a \u0161t\u00fdl.","breadcrumb":{"@id":"https:\/\/www.tattja.com\/product\/damske-oblecenie-trojset-dakin-tmavotyrkysovy\/#breadcrumb"},"inLanguage":"en-GB","potentialAction":[{"@type":"ReadAction","target":["https:\/\/www.tattja.com\/product\/damske-oblecenie-trojset-dakin-tmavotyrkysovy\/"]}]},{"@type":"ImageObject","inLanguage":"en-GB","@id":"https:\/\/www.tattja.com\/product\/damske-oblecenie-trojset-dakin-tmavotyrkysovy\/#primaryimage","url":"https:\/\/www.tattja.com\/wp-content\/uploads\/2026\/01\/tmavotyrkysovy-trojset-nakrcnik-driekovnik-rukavniky-spredu-7.webp","contentUrl":"https:\/\/www.tattja.com\/wp-content\/uploads\/2026\/01\/tmavotyrkysovy-trojset-nakrcnik-driekovnik-rukavniky-spredu-7.webp","width":1365,"height":2048,"caption":"Trojset DAKIN \u2013 tmavotyrkysov\u00fd n\u00e1kr\u010dn\u00edk, driekovn\u00edk a ruk\u00e1vniky TATTJA | predn\u00fd poh\u013ead"},{"@type":"BreadcrumbList","@id":"https:\/\/www.tattja.com\/product\/damske-oblecenie-trojset-dakin-tmavotyrkysovy\/#breadcrumb","itemListElement":[{"@type":"ListItem","position":1,"name":"Domov","item":"https:\/\/www.tattja.com\/"},{"@type":"ListItem","position":2,"name":"Produkty","item":"https:\/\/www.tattja.com\/damske-oblecenie-produkty\/"},{"@type":"ListItem","position":3,"name":"D\u00e1mske oble\u010denie 3-set DAKIN tmavotyrkysov\u00fd"}]},{"@type":"WebSite","@id":"https:\/\/www.tattja.com\/#website","url":"https:\/\/www.tattja.com\/","name":"TATTJA","description":"D\u00e1mske oble\u010denie z extra jemnej merino vlny \u2014 ru\u010dne pleten\u00e9 na Slovensku","potentialAction":[{"@type":"SearchAction","target":{"@type":"EntryPoint","urlTemplate":"https:\/\/www.tattja.com\/?s={search_term_string}"},"query-input":{"@type":"PropertyValueSpecification","valueRequired":true,"valueName":"search_term_string"}}],"inLanguage":"en-GB"}]}},"_links":{"self":[{"href":"https:\/\/www.tattja.com\/en\/wp-json\/wp\/v2\/product\/2002","targetHints":{"allow":["GET"]}}],"collection":[{"href":"https:\/\/www.tattja.com\/en\/wp-json\/wp\/v2\/product"}],"about":[{"href":"https:\/\/www.tattja.com\/en\/wp-json\/wp\/v2\/types\/product"}],"replies":[{"embeddable":true,"href":"https:\/\/www.tattja.com\/en\/wp-json\/wp\/v2\/comments?post=2002"}],"version-history":[{"count":6,"href":"https:\/\/www.tattja.com\/en\/wp-json\/wp\/v2\/product\/2002\/revisions"}],"predecessor-version":[{"id":7211,"href":"https:\/\/www.tattja.com\/en\/wp-json\/wp\/v2\/product\/2002\/revisions\/7211"}],"wp:featuredmedia":[{"embeddable":true,"href":"https:\/\/www.tattja.com\/en\/wp-json\/wp\/v2\/media\/7816"}],"wp:attachment":[{"href":"https:\/\/www.tattja.com\/en\/wp-json\/wp\/v2\/media?parent=2002"}],"wp:term":[{"taxonomy":"product_brand","embeddable":true,"href":"https:\/\/www.tattja.com\/en\/wp-json\/wp\/v2\/product_brand?post=2002"},{"taxonomy":"product_cat","embeddable":true,"href":"https:\/\/www.tattja.com\/en\/wp-json\/wp\/v2\/product_cat?post=2002"},{"taxonomy":"product_tag","embeddable":true,"href":"https:\/\/www.tattja.com\/en\/wp-json\/wp\/v2\/product_tag?post=2002"}],"curies":[{"name":"wp","href":"https:\/\/api.w.org\/{rel}","templated":true}]}}