{"id":2014,"date":"2025-08-14T17:51:39","date_gmt":"2025-08-14T15:51:39","guid":{"rendered":"https:\/\/www.tattja.com\/?post_type=product&#038;p=2014"},"modified":"2026-04-05T19:44:51","modified_gmt":"2026-04-05T17:44:51","slug":"damske-oblecenie-rukavniky-katja-fosforove-limetkove","status":"publish","type":"product","link":"https:\/\/www.tattja.com\/en\/product\/damske-oblecenie-rukavniky-katja-fosforove-limetkove\/","title":{"rendered":"Women's clothing sleeves KATJA phosphor lime"},"content":{"rendered":"<p data-start=\"869\" data-end=\"1189\"><strong data-start=\"869\" data-end=\"925\">D\u00e1mske oble\u010denie ruk\u00e1vniky KATJA fosforovo-limetkov\u00e9<\/strong> s\u00fa v\u00fdrazn\u00fdm doplnkom pre \u017eeny, ktor\u00e9 miluj\u00fa originalitu, energiu a \u0161t\u00fdl. Tento model z kolekcie <strong data-start=\"1022\" data-end=\"1032\">TATTJA<\/strong> sp\u00e1ja komfort pleteniny s odv\u00e1\u017enym dizajnom a okam\u017eite o\u017eiv\u00ed ak\u00fdko\u013evek outfit. Ruk\u00e1vniky dodaj\u00fa va\u0161im ruk\u00e1m pocit m\u00e4kkosti, hrejivosti a \u013eahkosti z\u00e1rove\u0148.<\/p>\n<p data-start=\"1191\" data-end=\"1528\">Fosforovo-limetkov\u00fd odtie\u0148 p\u00f4sob\u00ed svie\u017eo a hravo. Je to farba, ktor\u00e1 vynikne na prv\u00fd poh\u013ead, dod\u00e1 sebavedomie a roz\u017eiari aj jednoduch\u00fd look. Tento t\u00f3n prin\u00e1\u0161a pocit radosti, pohybu a modernej elegancie. Ruk\u00e1vniky v tejto farbe sa \u013eahko kombinuj\u00fa s bielou, sivou, b\u00e9\u017eovou aj kontrastn\u00fdmi odtie\u0148mi, tak\u017ee v\u017edy vynikn\u00fa ako \u0161t\u00fdlov\u00fd akcent.<\/p>\n<p data-start=\"1530\" data-end=\"1903\">Pletenina s jemnou rebrovanou \u0161trukt\u00farou je pru\u017en\u00e1, priedu\u0161n\u00e1 a pr\u00edjemn\u00e1 na dotyk. Dokonale sa prisp\u00f4sob\u00ed ruk\u00e1m, obopne ich s \u013eahkos\u0165ou a zachov\u00e1 pocit vo\u013enosti. Ka\u017ed\u00fd p\u00e1r ruk\u00e1vnikov je prec\u00edzne spracovan\u00fd, aby poskytol maxim\u00e1lne pohodlie a estetick\u00fd p\u00f4\u017eitok. V\u010faka kombin\u00e1cii kvality a dizajnu sa tento model st\u00e1va viac ne\u017e len praktick\u00fdm doplnkom \u2013 je \u0161perkom pre ruky.<\/p>\n<p data-start=\"1905\" data-end=\"2141\">Women's clothing armbands <strong data-start=\"1915\" data-end=\"1944\">KATJA fosforovo-limetkov\u00e9<\/strong> sa hodia na vrstvenie a doplnia ak\u00fdko\u013evek outfit, \u010di u\u017e elegantn\u00fd, le\u017e\u00e9rny alebo \u0161portov\u00fd. Dokonale ladia s k\u00faskami z kolekcie <strong data-start=\"2072\" data-end=\"2082\">TATTJA<\/strong>, ako je driekovn\u00edk, n\u00e1kr\u010dn\u00edk \u010di \u010diapka v rovnakom \u0161t\u00fdle.<\/p>\n<p data-start=\"2143\" data-end=\"2248\">Discover the beauty of delicacy, sophisticated details and feminine style that will keep you warm and <a href=\"https:\/\/www.tattja.com\/en\/product-category\/damske-oblecenie\/doplnky-jednotlivo\/rukavniky-2\/\">in other colours<\/a>.<\/p>\n<p data-start=\"2250\" data-end=\"2390\"><strong data-start=\"2250\" data-end=\"2304\">See, <a href=\"https:\/\/shop.bogensberger.co.at\/produkt-schlagwort\/merino-extrafein\/\">from what materials<\/a> we produce our pieces<\/strong> a doprajte si kombin\u00e1ciu pohodlia, kvality a v\u00fdnimo\u010dn\u00e9ho dizajnu zna\u010dky <strong data-start=\"2377\" data-end=\"2387\">TATTJA<\/strong>.<\/p>\n<hr data-start=\"2392\" data-end=\"2395\" \/>","protected":false},"excerpt":{"rendered":"<p><strong data-start=\"664\" data-end=\"720\">D\u00e1mske oble\u010denie ruk\u00e1vniky KATJA fosforovo-limetkov\u00e9<\/strong> vnes\u00fa do outfitu svie\u017eos\u0165, energiu a \u013eahkos\u0165. Hrav\u00fd doplnok, ktor\u00fd o\u017eiv\u00ed ka\u017ed\u00fd \u0161t\u00fdl a zahreje va\u0161e ruky.<\/p>","protected":false},"featured_media":7503,"comment_status":"open","ping_status":"closed","template":"","meta":[],"product_brand":[],"product_cat":[300,298,177,281,183],"product_tag":[],"class_list":{"0":"post-2014","1":"product","2":"type-product","3":"status-publish","4":"has-post-thumbnail","6":"product_cat-damske-oblecenie","7":"product_cat-doplnky-jednotlivo","8":"product_cat-pleteninove-doplnky-fosforove-limetkove","9":"product_cat-rukavniky-2","10":"product_cat-rukavniky-fosforove-limetkove","12":"first","13":"instock","14":"taxable","15":"shipping-taxable","16":"purchasable","17":"product-type-simple"},"yoast_head":"<!-- This site is optimized with the Yoast SEO plugin v26.0 - https:\/\/yoast.com\/wordpress\/plugins\/seo\/ -->\n<title>D\u00e1mske oble\u010denie ruk\u00e1vniky KATJA fosforov\u00e9 limetkov\u00e9 - TATTJA<\/title>\n<meta name=\"description\" content=\"D\u00e1mske oble\u010denie ruk\u00e1vniky KATJA fosforovo-limetkov\u00e9 \u2013 svie\u017ei m\u00f3dny doplnok, ktor\u00fd sp\u00e1ja hravos\u0165, energiu, pohodlie a \u017eensk\u00fd \u0161t\u00fdl.\" \/>\n<meta name=\"robots\" content=\"index, follow, max-snippet:-1, max-image-preview:large, max-video-preview:-1\" \/>\n<link rel=\"canonical\" href=\"https:\/\/www.tattja.com\/en\/product\/damske-oblecenie-rukavniky-katja-fosforove-limetkove\/\" \/>\n<meta property=\"og:locale\" content=\"en_GB\" \/>\n<meta property=\"og:type\" content=\"article\" \/>\n<meta property=\"og:title\" content=\"D\u00e1mske oble\u010denie ruk\u00e1vniky KATJA fosforov\u00e9 limetkov\u00e9 - TATTJA\" \/>\n<meta property=\"og:description\" content=\"D\u00e1mske oble\u010denie ruk\u00e1vniky KATJA fosforovo-limetkov\u00e9 \u2013 svie\u017ei m\u00f3dny doplnok, ktor\u00fd sp\u00e1ja hravos\u0165, energiu, pohodlie a \u017eensk\u00fd \u0161t\u00fdl.\" \/>\n<meta property=\"og:url\" content=\"https:\/\/www.tattja.com\/en\/product\/damske-oblecenie-rukavniky-katja-fosforove-limetkove\/\" \/>\n<meta property=\"og:site_name\" content=\"TATTJA\" \/>\n<meta property=\"article:modified_time\" content=\"2026-04-05T17:44:51+00:00\" \/>\n<meta property=\"og:image\" content=\"https:\/\/www.tattja.com\/wp-content\/uploads\/2026\/01\/fosforovy-limetkovy-rukavniky-spredu-16.webp\" \/>\n\t<meta property=\"og:image:width\" content=\"1365\" \/>\n\t<meta property=\"og:image:height\" content=\"2048\" \/>\n\t<meta property=\"og:image:type\" content=\"image\/webp\" \/>\n<meta name=\"twitter:card\" content=\"summary_large_image\" \/>\n<meta name=\"twitter:label1\" content=\"Estimated reading time\" \/>\n\t<meta name=\"twitter:data1\" content=\"2 minutes\" \/>\n<script type=\"application\/ld+json\" class=\"yoast-schema-graph\">{\"@context\":\"https:\/\/schema.org\",\"@graph\":[{\"@type\":\"WebPage\",\"@id\":\"https:\/\/www.tattja.com\/product\/damske-oblecenie-rukavniky-katja-fosforove-limetkove\/\",\"url\":\"https:\/\/www.tattja.com\/product\/damske-oblecenie-rukavniky-katja-fosforove-limetkove\/\",\"name\":\"D\u00e1mske oble\u010denie ruk\u00e1vniky KATJA fosforov\u00e9 limetkov\u00e9 - TATTJA\",\"isPartOf\":{\"@id\":\"https:\/\/www.tattja.com\/#website\"},\"primaryImageOfPage\":{\"@id\":\"https:\/\/www.tattja.com\/product\/damske-oblecenie-rukavniky-katja-fosforove-limetkove\/#primaryimage\"},\"image\":{\"@id\":\"https:\/\/www.tattja.com\/product\/damske-oblecenie-rukavniky-katja-fosforove-limetkove\/#primaryimage\"},\"thumbnailUrl\":\"https:\/\/www.tattja.com\/wp-content\/uploads\/2026\/01\/fosforovy-limetkovy-rukavniky-spredu-16.webp\",\"datePublished\":\"2025-08-14T15:51:39+00:00\",\"dateModified\":\"2026-04-05T17:44:51+00:00\",\"description\":\"D\u00e1mske oble\u010denie ruk\u00e1vniky KATJA fosforovo-limetkov\u00e9 \u2013 svie\u017ei m\u00f3dny doplnok, ktor\u00fd sp\u00e1ja hravos\u0165, energiu, pohodlie a \u017eensk\u00fd \u0161t\u00fdl.\",\"breadcrumb\":{\"@id\":\"https:\/\/www.tattja.com\/product\/damske-oblecenie-rukavniky-katja-fosforove-limetkove\/#breadcrumb\"},\"inLanguage\":\"en-GB\",\"potentialAction\":[{\"@type\":\"ReadAction\",\"target\":[\"https:\/\/www.tattja.com\/product\/damske-oblecenie-rukavniky-katja-fosforove-limetkove\/\"]}]},{\"@type\":\"ImageObject\",\"inLanguage\":\"en-GB\",\"@id\":\"https:\/\/www.tattja.com\/product\/damske-oblecenie-rukavniky-katja-fosforove-limetkove\/#primaryimage\",\"url\":\"https:\/\/www.tattja.com\/wp-content\/uploads\/2026\/01\/fosforovy-limetkovy-rukavniky-spredu-16.webp\",\"contentUrl\":\"https:\/\/www.tattja.com\/wp-content\/uploads\/2026\/01\/fosforovy-limetkovy-rukavniky-spredu-16.webp\",\"width\":1365,\"height\":2048,\"caption\":\"D\u00e1mske pleten\u00e9 ruk\u00e1vniky KATJA \u2013 fosforovo-limetkov\u00e9 | TATTJA\"},{\"@type\":\"BreadcrumbList\",\"@id\":\"https:\/\/www.tattja.com\/product\/damske-oblecenie-rukavniky-katja-fosforove-limetkove\/#breadcrumb\",\"itemListElement\":[{\"@type\":\"ListItem\",\"position\":1,\"name\":\"Domov\",\"item\":\"https:\/\/www.tattja.com\/\"},{\"@type\":\"ListItem\",\"position\":2,\"name\":\"Produkty\",\"item\":\"https:\/\/www.tattja.com\/damske-oblecenie-produkty\/\"},{\"@type\":\"ListItem\",\"position\":3,\"name\":\"D\u00e1mske oble\u010denie ruk\u00e1vniky KATJA fosforov\u00e9 limetkov\u00e9\"}]},{\"@type\":\"WebSite\",\"@id\":\"https:\/\/www.tattja.com\/#website\",\"url\":\"https:\/\/www.tattja.com\/\",\"name\":\"TATTJA\",\"description\":\"D\u00e1mske oble\u010denie z extra jemnej merino vlny \u2014 ru\u010dne pleten\u00e9 na Slovensku\",\"potentialAction\":[{\"@type\":\"SearchAction\",\"target\":{\"@type\":\"EntryPoint\",\"urlTemplate\":\"https:\/\/www.tattja.com\/?s={search_term_string}\"},\"query-input\":{\"@type\":\"PropertyValueSpecification\",\"valueRequired\":true,\"valueName\":\"search_term_string\"}}],\"inLanguage\":\"en-GB\"}]}<\/script>\n<!-- \/ Yoast SEO plugin. -->","yoast_head_json":{"title":"D\u00e1mske oble\u010denie ruk\u00e1vniky KATJA fosforov\u00e9 limetkov\u00e9 - TATTJA","description":"D\u00e1mske oble\u010denie ruk\u00e1vniky KATJA fosforovo-limetkov\u00e9 \u2013 svie\u017ei m\u00f3dny doplnok, ktor\u00fd sp\u00e1ja hravos\u0165, energiu, pohodlie a \u017eensk\u00fd \u0161t\u00fdl.","robots":{"index":"index","follow":"follow","max-snippet":"max-snippet:-1","max-image-preview":"max-image-preview:large","max-video-preview":"max-video-preview:-1"},"canonical":"https:\/\/www.tattja.com\/en\/product\/damske-oblecenie-rukavniky-katja-fosforove-limetkove\/","og_locale":"en_GB","og_type":"article","og_title":"D\u00e1mske oble\u010denie ruk\u00e1vniky KATJA fosforov\u00e9 limetkov\u00e9 - TATTJA","og_description":"D\u00e1mske oble\u010denie ruk\u00e1vniky KATJA fosforovo-limetkov\u00e9 \u2013 svie\u017ei m\u00f3dny doplnok, ktor\u00fd sp\u00e1ja hravos\u0165, energiu, pohodlie a \u017eensk\u00fd \u0161t\u00fdl.","og_url":"https:\/\/www.tattja.com\/en\/product\/damske-oblecenie-rukavniky-katja-fosforove-limetkove\/","og_site_name":"TATTJA","article_modified_time":"2026-04-05T17:44:51+00:00","og_image":[{"width":1365,"height":2048,"url":"https:\/\/www.tattja.com\/wp-content\/uploads\/2026\/01\/fosforovy-limetkovy-rukavniky-spredu-16.webp","type":"image\/webp"}],"twitter_card":"summary_large_image","twitter_misc":{"Estimated reading time":"2 minutes"},"schema":{"@context":"https:\/\/schema.org","@graph":[{"@type":"WebPage","@id":"https:\/\/www.tattja.com\/product\/damske-oblecenie-rukavniky-katja-fosforove-limetkove\/","url":"https:\/\/www.tattja.com\/product\/damske-oblecenie-rukavniky-katja-fosforove-limetkove\/","name":"D\u00e1mske oble\u010denie ruk\u00e1vniky KATJA fosforov\u00e9 limetkov\u00e9 - TATTJA","isPartOf":{"@id":"https:\/\/www.tattja.com\/#website"},"primaryImageOfPage":{"@id":"https:\/\/www.tattja.com\/product\/damske-oblecenie-rukavniky-katja-fosforove-limetkove\/#primaryimage"},"image":{"@id":"https:\/\/www.tattja.com\/product\/damske-oblecenie-rukavniky-katja-fosforove-limetkove\/#primaryimage"},"thumbnailUrl":"https:\/\/www.tattja.com\/wp-content\/uploads\/2026\/01\/fosforovy-limetkovy-rukavniky-spredu-16.webp","datePublished":"2025-08-14T15:51:39+00:00","dateModified":"2026-04-05T17:44:51+00:00","description":"D\u00e1mske oble\u010denie ruk\u00e1vniky KATJA fosforovo-limetkov\u00e9 \u2013 svie\u017ei m\u00f3dny doplnok, ktor\u00fd sp\u00e1ja hravos\u0165, energiu, pohodlie a \u017eensk\u00fd \u0161t\u00fdl.","breadcrumb":{"@id":"https:\/\/www.tattja.com\/product\/damske-oblecenie-rukavniky-katja-fosforove-limetkove\/#breadcrumb"},"inLanguage":"en-GB","potentialAction":[{"@type":"ReadAction","target":["https:\/\/www.tattja.com\/product\/damske-oblecenie-rukavniky-katja-fosforove-limetkove\/"]}]},{"@type":"ImageObject","inLanguage":"en-GB","@id":"https:\/\/www.tattja.com\/product\/damske-oblecenie-rukavniky-katja-fosforove-limetkove\/#primaryimage","url":"https:\/\/www.tattja.com\/wp-content\/uploads\/2026\/01\/fosforovy-limetkovy-rukavniky-spredu-16.webp","contentUrl":"https:\/\/www.tattja.com\/wp-content\/uploads\/2026\/01\/fosforovy-limetkovy-rukavniky-spredu-16.webp","width":1365,"height":2048,"caption":"D\u00e1mske pleten\u00e9 ruk\u00e1vniky KATJA \u2013 fosforovo-limetkov\u00e9 | TATTJA"},{"@type":"BreadcrumbList","@id":"https:\/\/www.tattja.com\/product\/damske-oblecenie-rukavniky-katja-fosforove-limetkove\/#breadcrumb","itemListElement":[{"@type":"ListItem","position":1,"name":"Domov","item":"https:\/\/www.tattja.com\/"},{"@type":"ListItem","position":2,"name":"Produkty","item":"https:\/\/www.tattja.com\/damske-oblecenie-produkty\/"},{"@type":"ListItem","position":3,"name":"D\u00e1mske oble\u010denie ruk\u00e1vniky KATJA fosforov\u00e9 limetkov\u00e9"}]},{"@type":"WebSite","@id":"https:\/\/www.tattja.com\/#website","url":"https:\/\/www.tattja.com\/","name":"TATTJA","description":"D\u00e1mske oble\u010denie z extra jemnej merino vlny \u2014 ru\u010dne pleten\u00e9 na Slovensku","potentialAction":[{"@type":"SearchAction","target":{"@type":"EntryPoint","urlTemplate":"https:\/\/www.tattja.com\/?s={search_term_string}"},"query-input":{"@type":"PropertyValueSpecification","valueRequired":true,"valueName":"search_term_string"}}],"inLanguage":"en-GB"}]}},"_links":{"self":[{"href":"https:\/\/www.tattja.com\/en\/wp-json\/wp\/v2\/product\/2014","targetHints":{"allow":["GET"]}}],"collection":[{"href":"https:\/\/www.tattja.com\/en\/wp-json\/wp\/v2\/product"}],"about":[{"href":"https:\/\/www.tattja.com\/en\/wp-json\/wp\/v2\/types\/product"}],"replies":[{"embeddable":true,"href":"https:\/\/www.tattja.com\/en\/wp-json\/wp\/v2\/comments?post=2014"}],"version-history":[{"count":6,"href":"https:\/\/www.tattja.com\/en\/wp-json\/wp\/v2\/product\/2014\/revisions"}],"predecessor-version":[{"id":5900,"href":"https:\/\/www.tattja.com\/en\/wp-json\/wp\/v2\/product\/2014\/revisions\/5900"}],"wp:featuredmedia":[{"embeddable":true,"href":"https:\/\/www.tattja.com\/en\/wp-json\/wp\/v2\/media\/7503"}],"wp:attachment":[{"href":"https:\/\/www.tattja.com\/en\/wp-json\/wp\/v2\/media?parent=2014"}],"wp:term":[{"taxonomy":"product_brand","embeddable":true,"href":"https:\/\/www.tattja.com\/en\/wp-json\/wp\/v2\/product_brand?post=2014"},{"taxonomy":"product_cat","embeddable":true,"href":"https:\/\/www.tattja.com\/en\/wp-json\/wp\/v2\/product_cat?post=2014"},{"taxonomy":"product_tag","embeddable":true,"href":"https:\/\/www.tattja.com\/en\/wp-json\/wp\/v2\/product_tag?post=2014"}],"curies":[{"name":"wp","href":"https:\/\/api.w.org\/{rel}","templated":true}]}}