{"id":2016,"date":"2025-08-14T17:52:33","date_gmt":"2025-08-14T15:52:33","guid":{"rendered":"https:\/\/www.tattja.com\/?post_type=product&#038;p=2016"},"modified":"2026-04-05T19:44:51","modified_gmt":"2026-04-05T17:44:51","slug":"damske-oblecenie-driekovnik-natasja-fosforovy-limetkovy","status":"publish","type":"product","link":"https:\/\/www.tattja.com\/en\/product\/damske-oblecenie-driekovnik-natasja-fosforovy-limetkovy\/","title":{"rendered":"Women's clothing shirt NATASJA phosphorus lime"},"content":{"rendered":"<p data-start=\"884\" data-end=\"1161\"><strong data-start=\"884\" data-end=\"943\">Women's clothing shirt NATASJA phosphorus lime<\/strong> is a unique knitted accessory that combines energy, style and functionality. This original piece from the collection <strong data-start=\"1047\" data-end=\"1057\">TATTJA<\/strong> gently hugs the waist area, providing warmth on colder days and adding a fresh accent to the outfit.<\/p>\n<p data-start=\"1163\" data-end=\"1481\">The phosphor-lime colour looks bright, fresh and optimistic. It brings a sparkle to the wardrobe that immediately catches the eye. This shade symbolises life energy, self-confidence and the joy of movement. Combined with the minimalist design of the shrug, it creates a harmonious contrast between the simplicity of the shape and the expression of the colour.<\/p>\n<p data-start=\"1483\" data-end=\"1816\">The fine ribbed structure of the knit adapts to the figure and accentuates feminine curves with elegance and ease. The material provides comfort, softness and natural breathability, so that it retains a pleasant feel even during all-day wear. This shrug is perfect for women who are looking for a combination of comfort and style in one piece.<\/p>\n<p data-start=\"1818\" data-end=\"2117\">The women's dress shirt NATASJA phosphor lime stands out as a stand-alone accessory, but also combines perfectly with a white shirt, sweater or coat. In conjunction with the armbands, cap or neckwarmer from the collection <strong data-start=\"2021\" data-end=\"2031\">TATTJA<\/strong> creates a sophisticated and fresh outfit that appeals to the modern woman with an eye for detail.<\/p>\n<p data-start=\"2119\" data-end=\"2224\">Discover the beauty of delicacy, sophisticated details and feminine style that will keep you warm and <a href=\"https:\/\/www.tattja.com\/en\/product-category\/damske-oblecenie\/doplnky-jednotlivo\/driekovniky\/\">in other colours.<\/a><\/p>\n<p data-start=\"2226\" data-end=\"2358\"><strong data-start=\"2226\" data-end=\"2280\">See, <a href=\"https:\/\/shop.bogensberger.co.at\/produkt-schlagwort\/merino-extrafein\/\">from what materials<\/a> we produce our pieces<\/strong> and enjoy the combination of comfort, quality and radiant design from <strong data-start=\"2345\" data-end=\"2355\">TATTJA<\/strong>.<\/p>","protected":false},"excerpt":{"rendered":"<p data-start=\"668\" data-end=\"842\"><strong data-start=\"668\" data-end=\"727\">Women's clothing shank NATASJA phosphor-lime<\/strong> combines comfort, freshness and modern design. The vibrant lime colour will brighten up your outfit and accentuate your feminine silhouette.<\/p>","protected":false},"featured_media":7479,"comment_status":"open","ping_status":"closed","template":"","meta":[],"product_brand":[],"product_cat":[300,298,182,280,177],"product_tag":[],"class_list":{"0":"post-2016","1":"product","2":"type-product","3":"status-publish","4":"has-post-thumbnail","6":"product_cat-damske-oblecenie","7":"product_cat-doplnky-jednotlivo","8":"product_cat-driekovnik-fosforovy-limetkovy","9":"product_cat-driekovniky","10":"product_cat-pleteninove-doplnky-fosforove-limetkove","12":"first","13":"instock","14":"taxable","15":"shipping-taxable","16":"purchasable","17":"product-type-simple"},"yoast_head":"<!-- This site is optimized with the Yoast SEO plugin v26.0 - https:\/\/yoast.com\/wordpress\/plugins\/seo\/ -->\n<title>D\u00e1mske oble\u010denie driekovn\u00edk NATASJA fosforov\u00fd limetkov\u00fd - TATTJA<\/title>\n<meta name=\"description\" content=\"D\u00e1mske oble\u010denie driekovn\u00edk NATASJA fosforovo-limetkov\u00fd \u2013 svie\u017ei pleten\u00fd doplnok, ktor\u00fd zv\u00fdrazn\u00ed p\u00e1s, dod\u00e1 energiu a prinesie \u0161t\u00fdl i pohodlie.\" \/>\n<meta name=\"robots\" content=\"index, follow, max-snippet:-1, max-image-preview:large, max-video-preview:-1\" \/>\n<link rel=\"canonical\" href=\"https:\/\/www.tattja.com\/en\/product\/damske-oblecenie-driekovnik-natasja-fosforovy-limetkovy\/\" \/>\n<meta property=\"og:locale\" content=\"en_GB\" \/>\n<meta property=\"og:type\" content=\"article\" \/>\n<meta property=\"og:title\" content=\"D\u00e1mske oble\u010denie driekovn\u00edk NATASJA fosforov\u00fd limetkov\u00fd - TATTJA\" \/>\n<meta property=\"og:description\" content=\"D\u00e1mske oble\u010denie driekovn\u00edk NATASJA fosforovo-limetkov\u00fd \u2013 svie\u017ei pleten\u00fd doplnok, ktor\u00fd zv\u00fdrazn\u00ed p\u00e1s, dod\u00e1 energiu a prinesie \u0161t\u00fdl i pohodlie.\" \/>\n<meta property=\"og:url\" content=\"https:\/\/www.tattja.com\/en\/product\/damske-oblecenie-driekovnik-natasja-fosforovy-limetkovy\/\" \/>\n<meta property=\"og:site_name\" content=\"TATTJA\" \/>\n<meta property=\"article:modified_time\" content=\"2026-04-05T17:44:51+00:00\" \/>\n<meta property=\"og:image\" content=\"https:\/\/www.tattja.com\/wp-content\/uploads\/2026\/01\/fosforovy-limetkovy-driekovnik-spredu-1.webp\" \/>\n\t<meta property=\"og:image:width\" content=\"1365\" \/>\n\t<meta property=\"og:image:height\" content=\"2048\" \/>\n\t<meta property=\"og:image:type\" content=\"image\/webp\" \/>\n<meta name=\"twitter:card\" content=\"summary_large_image\" \/>\n<meta name=\"twitter:label1\" content=\"Estimated reading time\" \/>\n\t<meta name=\"twitter:data1\" content=\"2 minutes\" \/>\n<script type=\"application\/ld+json\" class=\"yoast-schema-graph\">{\"@context\":\"https:\/\/schema.org\",\"@graph\":[{\"@type\":\"WebPage\",\"@id\":\"https:\/\/www.tattja.com\/product\/damske-oblecenie-driekovnik-natasja-fosforovy-limetkovy\/\",\"url\":\"https:\/\/www.tattja.com\/product\/damske-oblecenie-driekovnik-natasja-fosforovy-limetkovy\/\",\"name\":\"D\u00e1mske oble\u010denie driekovn\u00edk NATASJA fosforov\u00fd limetkov\u00fd - TATTJA\",\"isPartOf\":{\"@id\":\"https:\/\/www.tattja.com\/#website\"},\"primaryImageOfPage\":{\"@id\":\"https:\/\/www.tattja.com\/product\/damske-oblecenie-driekovnik-natasja-fosforovy-limetkovy\/#primaryimage\"},\"image\":{\"@id\":\"https:\/\/www.tattja.com\/product\/damske-oblecenie-driekovnik-natasja-fosforovy-limetkovy\/#primaryimage\"},\"thumbnailUrl\":\"https:\/\/www.tattja.com\/wp-content\/uploads\/2026\/01\/fosforovy-limetkovy-driekovnik-spredu-1.webp\",\"datePublished\":\"2025-08-14T15:52:33+00:00\",\"dateModified\":\"2026-04-05T17:44:51+00:00\",\"description\":\"D\u00e1mske oble\u010denie driekovn\u00edk NATASJA fosforovo-limetkov\u00fd \u2013 svie\u017ei pleten\u00fd doplnok, ktor\u00fd zv\u00fdrazn\u00ed p\u00e1s, dod\u00e1 energiu a prinesie \u0161t\u00fdl i pohodlie.\",\"breadcrumb\":{\"@id\":\"https:\/\/www.tattja.com\/product\/damske-oblecenie-driekovnik-natasja-fosforovy-limetkovy\/#breadcrumb\"},\"inLanguage\":\"en-GB\",\"potentialAction\":[{\"@type\":\"ReadAction\",\"target\":[\"https:\/\/www.tattja.com\/product\/damske-oblecenie-driekovnik-natasja-fosforovy-limetkovy\/\"]}]},{\"@type\":\"ImageObject\",\"inLanguage\":\"en-GB\",\"@id\":\"https:\/\/www.tattja.com\/product\/damske-oblecenie-driekovnik-natasja-fosforovy-limetkovy\/#primaryimage\",\"url\":\"https:\/\/www.tattja.com\/wp-content\/uploads\/2026\/01\/fosforovy-limetkovy-driekovnik-spredu-1.webp\",\"contentUrl\":\"https:\/\/www.tattja.com\/wp-content\/uploads\/2026\/01\/fosforovy-limetkovy-driekovnik-spredu-1.webp\",\"width\":1365,\"height\":2048,\"caption\":\"D\u00e1msky pleten\u00fd driekovn\u00edk NATASJA \u2013 fosforovo-limetkov\u00fd | TATTJA\"},{\"@type\":\"BreadcrumbList\",\"@id\":\"https:\/\/www.tattja.com\/product\/damske-oblecenie-driekovnik-natasja-fosforovy-limetkovy\/#breadcrumb\",\"itemListElement\":[{\"@type\":\"ListItem\",\"position\":1,\"name\":\"Domov\",\"item\":\"https:\/\/www.tattja.com\/\"},{\"@type\":\"ListItem\",\"position\":2,\"name\":\"Produkty\",\"item\":\"https:\/\/www.tattja.com\/damske-oblecenie-produkty\/\"},{\"@type\":\"ListItem\",\"position\":3,\"name\":\"D\u00e1mske oble\u010denie driekovn\u00edk NATASJA fosforov\u00fd limetkov\u00fd\"}]},{\"@type\":\"WebSite\",\"@id\":\"https:\/\/www.tattja.com\/#website\",\"url\":\"https:\/\/www.tattja.com\/\",\"name\":\"TATTJA\",\"description\":\"D\u00e1mske oble\u010denie z extra jemnej merino vlny \u2014 ru\u010dne pleten\u00e9 na Slovensku\",\"potentialAction\":[{\"@type\":\"SearchAction\",\"target\":{\"@type\":\"EntryPoint\",\"urlTemplate\":\"https:\/\/www.tattja.com\/?s={search_term_string}\"},\"query-input\":{\"@type\":\"PropertyValueSpecification\",\"valueRequired\":true,\"valueName\":\"search_term_string\"}}],\"inLanguage\":\"en-GB\"}]}<\/script>\n<!-- \/ Yoast SEO plugin. -->","yoast_head_json":{"title":"D\u00e1mske oble\u010denie driekovn\u00edk NATASJA fosforov\u00fd limetkov\u00fd - TATTJA","description":"D\u00e1mske oble\u010denie driekovn\u00edk NATASJA fosforovo-limetkov\u00fd \u2013 svie\u017ei pleten\u00fd doplnok, ktor\u00fd zv\u00fdrazn\u00ed p\u00e1s, dod\u00e1 energiu a prinesie \u0161t\u00fdl i pohodlie.","robots":{"index":"index","follow":"follow","max-snippet":"max-snippet:-1","max-image-preview":"max-image-preview:large","max-video-preview":"max-video-preview:-1"},"canonical":"https:\/\/www.tattja.com\/en\/product\/damske-oblecenie-driekovnik-natasja-fosforovy-limetkovy\/","og_locale":"en_GB","og_type":"article","og_title":"D\u00e1mske oble\u010denie driekovn\u00edk NATASJA fosforov\u00fd limetkov\u00fd - TATTJA","og_description":"D\u00e1mske oble\u010denie driekovn\u00edk NATASJA fosforovo-limetkov\u00fd \u2013 svie\u017ei pleten\u00fd doplnok, ktor\u00fd zv\u00fdrazn\u00ed p\u00e1s, dod\u00e1 energiu a prinesie \u0161t\u00fdl i pohodlie.","og_url":"https:\/\/www.tattja.com\/en\/product\/damske-oblecenie-driekovnik-natasja-fosforovy-limetkovy\/","og_site_name":"TATTJA","article_modified_time":"2026-04-05T17:44:51+00:00","og_image":[{"width":1365,"height":2048,"url":"https:\/\/www.tattja.com\/wp-content\/uploads\/2026\/01\/fosforovy-limetkovy-driekovnik-spredu-1.webp","type":"image\/webp"}],"twitter_card":"summary_large_image","twitter_misc":{"Estimated reading time":"2 minutes"},"schema":{"@context":"https:\/\/schema.org","@graph":[{"@type":"WebPage","@id":"https:\/\/www.tattja.com\/product\/damske-oblecenie-driekovnik-natasja-fosforovy-limetkovy\/","url":"https:\/\/www.tattja.com\/product\/damske-oblecenie-driekovnik-natasja-fosforovy-limetkovy\/","name":"D\u00e1mske oble\u010denie driekovn\u00edk NATASJA fosforov\u00fd limetkov\u00fd - TATTJA","isPartOf":{"@id":"https:\/\/www.tattja.com\/#website"},"primaryImageOfPage":{"@id":"https:\/\/www.tattja.com\/product\/damske-oblecenie-driekovnik-natasja-fosforovy-limetkovy\/#primaryimage"},"image":{"@id":"https:\/\/www.tattja.com\/product\/damske-oblecenie-driekovnik-natasja-fosforovy-limetkovy\/#primaryimage"},"thumbnailUrl":"https:\/\/www.tattja.com\/wp-content\/uploads\/2026\/01\/fosforovy-limetkovy-driekovnik-spredu-1.webp","datePublished":"2025-08-14T15:52:33+00:00","dateModified":"2026-04-05T17:44:51+00:00","description":"D\u00e1mske oble\u010denie driekovn\u00edk NATASJA fosforovo-limetkov\u00fd \u2013 svie\u017ei pleten\u00fd doplnok, ktor\u00fd zv\u00fdrazn\u00ed p\u00e1s, dod\u00e1 energiu a prinesie \u0161t\u00fdl i pohodlie.","breadcrumb":{"@id":"https:\/\/www.tattja.com\/product\/damske-oblecenie-driekovnik-natasja-fosforovy-limetkovy\/#breadcrumb"},"inLanguage":"en-GB","potentialAction":[{"@type":"ReadAction","target":["https:\/\/www.tattja.com\/product\/damske-oblecenie-driekovnik-natasja-fosforovy-limetkovy\/"]}]},{"@type":"ImageObject","inLanguage":"en-GB","@id":"https:\/\/www.tattja.com\/product\/damske-oblecenie-driekovnik-natasja-fosforovy-limetkovy\/#primaryimage","url":"https:\/\/www.tattja.com\/wp-content\/uploads\/2026\/01\/fosforovy-limetkovy-driekovnik-spredu-1.webp","contentUrl":"https:\/\/www.tattja.com\/wp-content\/uploads\/2026\/01\/fosforovy-limetkovy-driekovnik-spredu-1.webp","width":1365,"height":2048,"caption":"D\u00e1msky pleten\u00fd driekovn\u00edk NATASJA \u2013 fosforovo-limetkov\u00fd | TATTJA"},{"@type":"BreadcrumbList","@id":"https:\/\/www.tattja.com\/product\/damske-oblecenie-driekovnik-natasja-fosforovy-limetkovy\/#breadcrumb","itemListElement":[{"@type":"ListItem","position":1,"name":"Domov","item":"https:\/\/www.tattja.com\/"},{"@type":"ListItem","position":2,"name":"Produkty","item":"https:\/\/www.tattja.com\/damske-oblecenie-produkty\/"},{"@type":"ListItem","position":3,"name":"D\u00e1mske oble\u010denie driekovn\u00edk NATASJA fosforov\u00fd limetkov\u00fd"}]},{"@type":"WebSite","@id":"https:\/\/www.tattja.com\/#website","url":"https:\/\/www.tattja.com\/","name":"TATTJA","description":"D\u00e1mske oble\u010denie z extra jemnej merino vlny \u2014 ru\u010dne pleten\u00e9 na Slovensku","potentialAction":[{"@type":"SearchAction","target":{"@type":"EntryPoint","urlTemplate":"https:\/\/www.tattja.com\/?s={search_term_string}"},"query-input":{"@type":"PropertyValueSpecification","valueRequired":true,"valueName":"search_term_string"}}],"inLanguage":"en-GB"}]}},"_links":{"self":[{"href":"https:\/\/www.tattja.com\/en\/wp-json\/wp\/v2\/product\/2016","targetHints":{"allow":["GET"]}}],"collection":[{"href":"https:\/\/www.tattja.com\/en\/wp-json\/wp\/v2\/product"}],"about":[{"href":"https:\/\/www.tattja.com\/en\/wp-json\/wp\/v2\/types\/product"}],"replies":[{"embeddable":true,"href":"https:\/\/www.tattja.com\/en\/wp-json\/wp\/v2\/comments?post=2016"}],"version-history":[{"count":6,"href":"https:\/\/www.tattja.com\/en\/wp-json\/wp\/v2\/product\/2016\/revisions"}],"predecessor-version":[{"id":5873,"href":"https:\/\/www.tattja.com\/en\/wp-json\/wp\/v2\/product\/2016\/revisions\/5873"}],"wp:featuredmedia":[{"embeddable":true,"href":"https:\/\/www.tattja.com\/en\/wp-json\/wp\/v2\/media\/7479"}],"wp:attachment":[{"href":"https:\/\/www.tattja.com\/en\/wp-json\/wp\/v2\/media?parent=2016"}],"wp:term":[{"taxonomy":"product_brand","embeddable":true,"href":"https:\/\/www.tattja.com\/en\/wp-json\/wp\/v2\/product_brand?post=2016"},{"taxonomy":"product_cat","embeddable":true,"href":"https:\/\/www.tattja.com\/en\/wp-json\/wp\/v2\/product_cat?post=2016"},{"taxonomy":"product_tag","embeddable":true,"href":"https:\/\/www.tattja.com\/en\/wp-json\/wp\/v2\/product_tag?post=2016"}],"curies":[{"name":"wp","href":"https:\/\/api.w.org\/{rel}","templated":true}]}}