{"id":2018,"date":"2025-08-14T17:53:57","date_gmt":"2025-08-14T15:53:57","guid":{"rendered":"https:\/\/www.tattja.com\/?post_type=product&#038;p=2018"},"modified":"2026-04-05T19:44:51","modified_gmt":"2026-04-05T17:44:51","slug":"damske-oblecenie-nakrcnik-tanja-fosforovy-limetkovy","status":"publish","type":"product","link":"https:\/\/www.tattja.com\/en\/product\/damske-oblecenie-nakrcnik-tanja-fosforovy-limetkovy\/","title":{"rendered":"Women's clothing neck warmer TANJA phosphor lime"},"content":{"rendered":"<p data-start=\"886\" data-end=\"1157\"><strong data-start=\"886\" data-end=\"941\">D\u00e1mske oble\u010denie n\u00e1kr\u010dn\u00edk TANJA fosforovo-limetkov\u00fd<\/strong> predstavuje spojenie svie\u017eosti, elegancie a modern\u00e9ho luxusu. Tento origin\u00e1lny pleten\u00fd doplnok z kolekcie <strong data-start=\"1048\" data-end=\"1058\">TATTJA<\/strong> dod\u00e1 ka\u017ed\u00e9mu outfitu jedine\u010dn\u00fd charakter a roz\u017eiari ho energiou, ktor\u00e1 p\u00f4sob\u00ed \u017eensky aj odv\u00e1\u017ene.<\/p>\n<p data-start=\"1159\" data-end=\"1525\">Fosforovo-limetkov\u00fd odtie\u0148 vy\u017earuje optimizmus a hravos\u0165. Pripom\u00edna dotyk jari a pren\u00e1\u0161a do \u0161atn\u00edka svie\u017ei n\u00e1dych pr\u00edrody. Tento t\u00f3n sa st\u00e1va neprehliadnute\u013en\u00fdm akcentom, ktor\u00fd o\u017eiv\u00ed minimalistick\u00e9 k\u00fasky, no z\u00e1rove\u0148 kr\u00e1sne lad\u00ed s neutr\u00e1lnymi aj tmav\u0161\u00edmi farbami. Jeho jas pod\u010diarkuje sebavedomie \u017eeny, ktor\u00e1 m\u00e1 rada \u0161t\u00fdl a chce sa c\u00edti\u0165 v\u00fdnimo\u010dne v ka\u017edom momente.<\/p>\n<p data-start=\"1527\" data-end=\"1859\">Hebk\u00e1 rebrovan\u00e1 pletenina jemne obj\u00edma ramen\u00e1 a krk, poskytuje pocit tepla, pri\u010dom zost\u00e1va \u013eahk\u00e1 a vzdu\u0161n\u00e1. Ka\u017ed\u00fd steh odzrkad\u013euje prec\u00edznos\u0165 a remeseln\u00fa starostlivos\u0165, ktor\u00e9 s\u00fa pre zna\u010dku TATTJA charakteristick\u00e9. N\u00e1kr\u010dn\u00edk sa st\u00e1va nielen m\u00f3dnym doplnkom, ale aj prejavom osobn\u00e9ho \u0161t\u00fdlu \u2013 jemne provokat\u00edvnym, no st\u00e1le elegantn\u00fdm.<\/p>\n<p data-start=\"1861\" data-end=\"2161\">V kombin\u00e1cii s ostatn\u00fdmi k\u00faskami kolekcie <strong data-start=\"1903\" data-end=\"1913\">TATTJA<\/strong> vytvor\u00ed harmonick\u00fd celok pln\u00fd kontrastu a energie. Fosforovo-limetkov\u00fd t\u00f3n vynikne najm\u00e4 po\u010das chladnej\u0161\u00edch dn\u00ed, ke\u010f roz\u017eiari tv\u00e1r aj cel\u00fd outfit svoj\u00edm \u017eiv\u00fdm n\u00e1dychom. D\u00e1mske oble\u010denie n\u00e1kr\u010dn\u00edk TANJA fosforov\u00fd limetkov\u00fd je doplnok, ktor\u00fd sa \u013eahko prisp\u00f4sob\u00ed r\u00f4znym \u0161t\u00fdlom \u2013 od le\u017e\u00e9rneho po elegantn\u00fd.<\/p>\n<p data-start=\"2163\" data-end=\"2268\">Discover the beauty of delicacy, sophisticated details and feminine style that will keep you warm and <a href=\"https:\/\/www.tattja.com\/en\/product-category\/damske-oblecenie\/doplnky-jednotlivo\/nakrcniky\/\">in other colours.<\/a><\/p>\n<p data-start=\"2270\" data-end=\"2407\"><strong data-start=\"2270\" data-end=\"2324\">See, <a href=\"https:\/\/shop.bogensberger.co.at\/produkt-schlagwort\/merino-extrafein\/\">from what materials<\/a> we produce our pieces<\/strong> a doprajte si spojenie kvality, svie\u017eosti a pohodlia v jednom dokonalom doplnku.<\/p>","protected":false},"excerpt":{"rendered":"<p data-start=\"673\" data-end=\"844\"><strong data-start=\"673\" data-end=\"728\">D\u00e1mske oble\u010denie n\u00e1kr\u010dn\u00edk TANJA fosforovo-limetkov\u00fd<\/strong> \u017eiari energiou, svie\u017eos\u0165ou a luxusn\u00fdm spracovan\u00edm. Tento doplnok o\u017eiv\u00ed outfit a prinesie pocit radosti i noblesy.<\/p>","protected":false},"featured_media":7500,"comment_status":"open","ping_status":"closed","template":"","meta":[],"product_brand":[],"product_cat":[300,298,181,279,177],"product_tag":[],"class_list":{"0":"post-2018","1":"product","2":"type-product","3":"status-publish","4":"has-post-thumbnail","6":"product_cat-damske-oblecenie","7":"product_cat-doplnky-jednotlivo","8":"product_cat-nakrcnik-fosforovy-limetkovy","9":"product_cat-nakrcniky","10":"product_cat-pleteninove-doplnky-fosforove-limetkove","12":"first","13":"instock","14":"taxable","15":"shipping-taxable","16":"purchasable","17":"product-type-simple"},"yoast_head":"<!-- This site is optimized with the Yoast SEO plugin v26.0 - https:\/\/yoast.com\/wordpress\/plugins\/seo\/ -->\n<title>D\u00e1mske oble\u010denie n\u00e1kr\u010dn\u00edk TANJA fosforov\u00fd limetkov\u00fd - TATTJA<\/title>\n<meta name=\"description\" content=\"D\u00e1mske oble\u010denie n\u00e1kr\u010dn\u00edk TANJA fosforovo-limetkov\u00fd \u2013 svie\u017ei pleten\u00fd doplnok, ktor\u00fd roz\u017eiari outfit a spoj\u00ed \u0161t\u00fdl, teplo a hravos\u0165 TATTJA.\" \/>\n<meta name=\"robots\" content=\"index, follow, max-snippet:-1, max-image-preview:large, max-video-preview:-1\" \/>\n<link rel=\"canonical\" href=\"https:\/\/www.tattja.com\/en\/product\/damske-oblecenie-nakrcnik-tanja-fosforovy-limetkovy\/\" \/>\n<meta property=\"og:locale\" content=\"en_GB\" \/>\n<meta property=\"og:type\" content=\"article\" \/>\n<meta property=\"og:title\" content=\"D\u00e1mske oble\u010denie n\u00e1kr\u010dn\u00edk TANJA fosforov\u00fd limetkov\u00fd - TATTJA\" \/>\n<meta property=\"og:description\" content=\"D\u00e1mske oble\u010denie n\u00e1kr\u010dn\u00edk TANJA fosforovo-limetkov\u00fd \u2013 svie\u017ei pleten\u00fd doplnok, ktor\u00fd roz\u017eiari outfit a spoj\u00ed \u0161t\u00fdl, teplo a hravos\u0165 TATTJA.\" \/>\n<meta property=\"og:url\" content=\"https:\/\/www.tattja.com\/en\/product\/damske-oblecenie-nakrcnik-tanja-fosforovy-limetkovy\/\" \/>\n<meta property=\"og:site_name\" content=\"TATTJA\" \/>\n<meta property=\"article:modified_time\" content=\"2026-04-05T17:44:51+00:00\" \/>\n<meta property=\"og:image\" content=\"https:\/\/www.tattja.com\/wp-content\/uploads\/2026\/01\/fosforovy-limetkovy-nakrcnik-spredu-19.webp\" \/>\n\t<meta property=\"og:image:width\" content=\"1365\" \/>\n\t<meta property=\"og:image:height\" content=\"2048\" \/>\n\t<meta property=\"og:image:type\" content=\"image\/webp\" \/>\n<meta name=\"twitter:card\" content=\"summary_large_image\" \/>\n<meta name=\"twitter:label1\" content=\"Estimated reading time\" \/>\n\t<meta name=\"twitter:data1\" content=\"2 minutes\" \/>\n<script type=\"application\/ld+json\" class=\"yoast-schema-graph\">{\"@context\":\"https:\/\/schema.org\",\"@graph\":[{\"@type\":\"WebPage\",\"@id\":\"https:\/\/www.tattja.com\/product\/damske-oblecenie-nakrcnik-tanja-fosforovy-limetkovy\/\",\"url\":\"https:\/\/www.tattja.com\/product\/damske-oblecenie-nakrcnik-tanja-fosforovy-limetkovy\/\",\"name\":\"D\u00e1mske oble\u010denie n\u00e1kr\u010dn\u00edk TANJA fosforov\u00fd limetkov\u00fd - TATTJA\",\"isPartOf\":{\"@id\":\"https:\/\/www.tattja.com\/#website\"},\"primaryImageOfPage\":{\"@id\":\"https:\/\/www.tattja.com\/product\/damske-oblecenie-nakrcnik-tanja-fosforovy-limetkovy\/#primaryimage\"},\"image\":{\"@id\":\"https:\/\/www.tattja.com\/product\/damske-oblecenie-nakrcnik-tanja-fosforovy-limetkovy\/#primaryimage\"},\"thumbnailUrl\":\"https:\/\/www.tattja.com\/wp-content\/uploads\/2026\/01\/fosforovy-limetkovy-nakrcnik-spredu-19.webp\",\"datePublished\":\"2025-08-14T15:53:57+00:00\",\"dateModified\":\"2026-04-05T17:44:51+00:00\",\"description\":\"D\u00e1mske oble\u010denie n\u00e1kr\u010dn\u00edk TANJA fosforovo-limetkov\u00fd \u2013 svie\u017ei pleten\u00fd doplnok, ktor\u00fd roz\u017eiari outfit a spoj\u00ed \u0161t\u00fdl, teplo a hravos\u0165 TATTJA.\",\"breadcrumb\":{\"@id\":\"https:\/\/www.tattja.com\/product\/damske-oblecenie-nakrcnik-tanja-fosforovy-limetkovy\/#breadcrumb\"},\"inLanguage\":\"en-GB\",\"potentialAction\":[{\"@type\":\"ReadAction\",\"target\":[\"https:\/\/www.tattja.com\/product\/damske-oblecenie-nakrcnik-tanja-fosforovy-limetkovy\/\"]}]},{\"@type\":\"ImageObject\",\"inLanguage\":\"en-GB\",\"@id\":\"https:\/\/www.tattja.com\/product\/damske-oblecenie-nakrcnik-tanja-fosforovy-limetkovy\/#primaryimage\",\"url\":\"https:\/\/www.tattja.com\/wp-content\/uploads\/2026\/01\/fosforovy-limetkovy-nakrcnik-spredu-19.webp\",\"contentUrl\":\"https:\/\/www.tattja.com\/wp-content\/uploads\/2026\/01\/fosforovy-limetkovy-nakrcnik-spredu-19.webp\",\"width\":1365,\"height\":2048,\"caption\":\"D\u00e1msky pleten\u00fd n\u00e1kr\u010dn\u00edk TANJA \u2013 fosforovo-limetkov\u00fd | TATTJA\"},{\"@type\":\"BreadcrumbList\",\"@id\":\"https:\/\/www.tattja.com\/product\/damske-oblecenie-nakrcnik-tanja-fosforovy-limetkovy\/#breadcrumb\",\"itemListElement\":[{\"@type\":\"ListItem\",\"position\":1,\"name\":\"Domov\",\"item\":\"https:\/\/www.tattja.com\/\"},{\"@type\":\"ListItem\",\"position\":2,\"name\":\"Produkty\",\"item\":\"https:\/\/www.tattja.com\/damske-oblecenie-produkty\/\"},{\"@type\":\"ListItem\",\"position\":3,\"name\":\"D\u00e1mske oble\u010denie n\u00e1kr\u010dn\u00edk TANJA fosforov\u00fd limetkov\u00fd\"}]},{\"@type\":\"WebSite\",\"@id\":\"https:\/\/www.tattja.com\/#website\",\"url\":\"https:\/\/www.tattja.com\/\",\"name\":\"TATTJA\",\"description\":\"D\u00e1mske oble\u010denie z extra jemnej merino vlny \u2014 ru\u010dne pleten\u00e9 na Slovensku\",\"potentialAction\":[{\"@type\":\"SearchAction\",\"target\":{\"@type\":\"EntryPoint\",\"urlTemplate\":\"https:\/\/www.tattja.com\/?s={search_term_string}\"},\"query-input\":{\"@type\":\"PropertyValueSpecification\",\"valueRequired\":true,\"valueName\":\"search_term_string\"}}],\"inLanguage\":\"en-GB\"}]}<\/script>\n<!-- \/ Yoast SEO plugin. -->","yoast_head_json":{"title":"D\u00e1mske oble\u010denie n\u00e1kr\u010dn\u00edk TANJA fosforov\u00fd limetkov\u00fd - TATTJA","description":"D\u00e1mske oble\u010denie n\u00e1kr\u010dn\u00edk TANJA fosforovo-limetkov\u00fd \u2013 svie\u017ei pleten\u00fd doplnok, ktor\u00fd roz\u017eiari outfit a spoj\u00ed \u0161t\u00fdl, teplo a hravos\u0165 TATTJA.","robots":{"index":"index","follow":"follow","max-snippet":"max-snippet:-1","max-image-preview":"max-image-preview:large","max-video-preview":"max-video-preview:-1"},"canonical":"https:\/\/www.tattja.com\/en\/product\/damske-oblecenie-nakrcnik-tanja-fosforovy-limetkovy\/","og_locale":"en_GB","og_type":"article","og_title":"D\u00e1mske oble\u010denie n\u00e1kr\u010dn\u00edk TANJA fosforov\u00fd limetkov\u00fd - TATTJA","og_description":"D\u00e1mske oble\u010denie n\u00e1kr\u010dn\u00edk TANJA fosforovo-limetkov\u00fd \u2013 svie\u017ei pleten\u00fd doplnok, ktor\u00fd roz\u017eiari outfit a spoj\u00ed \u0161t\u00fdl, teplo a hravos\u0165 TATTJA.","og_url":"https:\/\/www.tattja.com\/en\/product\/damske-oblecenie-nakrcnik-tanja-fosforovy-limetkovy\/","og_site_name":"TATTJA","article_modified_time":"2026-04-05T17:44:51+00:00","og_image":[{"width":1365,"height":2048,"url":"https:\/\/www.tattja.com\/wp-content\/uploads\/2026\/01\/fosforovy-limetkovy-nakrcnik-spredu-19.webp","type":"image\/webp"}],"twitter_card":"summary_large_image","twitter_misc":{"Estimated reading time":"2 minutes"},"schema":{"@context":"https:\/\/schema.org","@graph":[{"@type":"WebPage","@id":"https:\/\/www.tattja.com\/product\/damske-oblecenie-nakrcnik-tanja-fosforovy-limetkovy\/","url":"https:\/\/www.tattja.com\/product\/damske-oblecenie-nakrcnik-tanja-fosforovy-limetkovy\/","name":"D\u00e1mske oble\u010denie n\u00e1kr\u010dn\u00edk TANJA fosforov\u00fd limetkov\u00fd - TATTJA","isPartOf":{"@id":"https:\/\/www.tattja.com\/#website"},"primaryImageOfPage":{"@id":"https:\/\/www.tattja.com\/product\/damske-oblecenie-nakrcnik-tanja-fosforovy-limetkovy\/#primaryimage"},"image":{"@id":"https:\/\/www.tattja.com\/product\/damske-oblecenie-nakrcnik-tanja-fosforovy-limetkovy\/#primaryimage"},"thumbnailUrl":"https:\/\/www.tattja.com\/wp-content\/uploads\/2026\/01\/fosforovy-limetkovy-nakrcnik-spredu-19.webp","datePublished":"2025-08-14T15:53:57+00:00","dateModified":"2026-04-05T17:44:51+00:00","description":"D\u00e1mske oble\u010denie n\u00e1kr\u010dn\u00edk TANJA fosforovo-limetkov\u00fd \u2013 svie\u017ei pleten\u00fd doplnok, ktor\u00fd roz\u017eiari outfit a spoj\u00ed \u0161t\u00fdl, teplo a hravos\u0165 TATTJA.","breadcrumb":{"@id":"https:\/\/www.tattja.com\/product\/damske-oblecenie-nakrcnik-tanja-fosforovy-limetkovy\/#breadcrumb"},"inLanguage":"en-GB","potentialAction":[{"@type":"ReadAction","target":["https:\/\/www.tattja.com\/product\/damske-oblecenie-nakrcnik-tanja-fosforovy-limetkovy\/"]}]},{"@type":"ImageObject","inLanguage":"en-GB","@id":"https:\/\/www.tattja.com\/product\/damske-oblecenie-nakrcnik-tanja-fosforovy-limetkovy\/#primaryimage","url":"https:\/\/www.tattja.com\/wp-content\/uploads\/2026\/01\/fosforovy-limetkovy-nakrcnik-spredu-19.webp","contentUrl":"https:\/\/www.tattja.com\/wp-content\/uploads\/2026\/01\/fosforovy-limetkovy-nakrcnik-spredu-19.webp","width":1365,"height":2048,"caption":"D\u00e1msky pleten\u00fd n\u00e1kr\u010dn\u00edk TANJA \u2013 fosforovo-limetkov\u00fd | TATTJA"},{"@type":"BreadcrumbList","@id":"https:\/\/www.tattja.com\/product\/damske-oblecenie-nakrcnik-tanja-fosforovy-limetkovy\/#breadcrumb","itemListElement":[{"@type":"ListItem","position":1,"name":"Domov","item":"https:\/\/www.tattja.com\/"},{"@type":"ListItem","position":2,"name":"Produkty","item":"https:\/\/www.tattja.com\/damske-oblecenie-produkty\/"},{"@type":"ListItem","position":3,"name":"D\u00e1mske oble\u010denie n\u00e1kr\u010dn\u00edk TANJA fosforov\u00fd limetkov\u00fd"}]},{"@type":"WebSite","@id":"https:\/\/www.tattja.com\/#website","url":"https:\/\/www.tattja.com\/","name":"TATTJA","description":"D\u00e1mske oble\u010denie z extra jemnej merino vlny \u2014 ru\u010dne pleten\u00e9 na Slovensku","potentialAction":[{"@type":"SearchAction","target":{"@type":"EntryPoint","urlTemplate":"https:\/\/www.tattja.com\/?s={search_term_string}"},"query-input":{"@type":"PropertyValueSpecification","valueRequired":true,"valueName":"search_term_string"}}],"inLanguage":"en-GB"}]}},"_links":{"self":[{"href":"https:\/\/www.tattja.com\/en\/wp-json\/wp\/v2\/product\/2018","targetHints":{"allow":["GET"]}}],"collection":[{"href":"https:\/\/www.tattja.com\/en\/wp-json\/wp\/v2\/product"}],"about":[{"href":"https:\/\/www.tattja.com\/en\/wp-json\/wp\/v2\/types\/product"}],"replies":[{"embeddable":true,"href":"https:\/\/www.tattja.com\/en\/wp-json\/wp\/v2\/comments?post=2018"}],"version-history":[{"count":6,"href":"https:\/\/www.tattja.com\/en\/wp-json\/wp\/v2\/product\/2018\/revisions"}],"predecessor-version":[{"id":5844,"href":"https:\/\/www.tattja.com\/en\/wp-json\/wp\/v2\/product\/2018\/revisions\/5844"}],"wp:featuredmedia":[{"embeddable":true,"href":"https:\/\/www.tattja.com\/en\/wp-json\/wp\/v2\/media\/7500"}],"wp:attachment":[{"href":"https:\/\/www.tattja.com\/en\/wp-json\/wp\/v2\/media?parent=2018"}],"wp:term":[{"taxonomy":"product_brand","embeddable":true,"href":"https:\/\/www.tattja.com\/en\/wp-json\/wp\/v2\/product_brand?post=2018"},{"taxonomy":"product_cat","embeddable":true,"href":"https:\/\/www.tattja.com\/en\/wp-json\/wp\/v2\/product_cat?post=2018"},{"taxonomy":"product_tag","embeddable":true,"href":"https:\/\/www.tattja.com\/en\/wp-json\/wp\/v2\/product_tag?post=2018"}],"curies":[{"name":"wp","href":"https:\/\/api.w.org\/{rel}","templated":true}]}}