{"id":2028,"date":"2025-08-14T17:59:38","date_gmt":"2025-08-14T15:59:38","guid":{"rendered":"https:\/\/www.tattja.com\/?post_type=product&#038;p=2028"},"modified":"2026-04-05T19:44:48","modified_gmt":"2026-04-05T17:44:48","slug":"damske-oblecenie-dvojset-magnhild-fosforovy-limetkovy","status":"publish","type":"product","link":"https:\/\/www.tattja.com\/en\/product\/damske-oblecenie-dvojset-magnhild-fosforovy-limetkovy\/","title":{"rendered":"D\u00e1mske oble\u010denie 2-set MAGNHILD fosforov\u00fd limetkov\u00fd"},"content":{"rendered":"<p data-start=\"989\" data-end=\"1291\"><strong data-start=\"989\" data-end=\"1046\">D\u00e1mske oble\u010denie dvojset MAGNHILD fosforovo-limetkov\u00fd<\/strong> predstavuje jedine\u010dn\u00e9 spojenie modern\u00e9ho dizajnu, luxusu a sebavedomej \u017eenskosti. Tento dvojset z kolekcie <strong data-start=\"1154\" data-end=\"1164\">TATTJA<\/strong> tvoria dva \u0161t\u00fdlov\u00e9 k\u00fasky \u2013 pleten\u00fd driekovn\u00edk a \u010diapka so \u0161iltom. Tieto ikonick\u00e9 k\u00fasky spolu vytv\u00e1raj\u00fa svie\u017ei, v\u00fdrazn\u00fd a origin\u00e1lny celok.<\/p>\n<p data-start=\"1293\" data-end=\"1625\">Fosforovo-limetkov\u00e1 farba prin\u00e1\u0161a energiu, optimizmus a odv\u00e1\u017eny n\u00e1boj. Je to odtie\u0148, ktor\u00fd pri\u0165ahuje poh\u013eady a vy\u017earuje silu individuality. Driekovn\u00edk jemne obop\u00edna p\u00e1s, formuje postavu a poskytuje pr\u00edjemn\u00fd pocit tepla. Je vyroben\u00fd z pru\u017enej pleteniny, ktor\u00e1 sa prirodzene prisp\u00f4sob\u00ed telu, v\u010faka \u010domu poskytuje maxim\u00e1lne pohodlie.<\/p>\n<p data-start=\"1627\" data-end=\"1930\">\u010ciapka so \u0161iltom dop\u013a\u0148a outfit o modern\u00fd a funk\u010dn\u00fd prvok. Chr\u00e1ni pred chladom, no z\u00e1rove\u0148 p\u00f4sob\u00ed ako \u0161t\u00fdlov\u00fd akcent, ktor\u00fd pod\u010diarkne energick\u00fd charakter celej kombin\u00e1cie. Tento set je ide\u00e1lny pre \u017eeny, ktor\u00e9 sa neboja vynikn\u00fa\u0165 a chc\u00fa v ka\u017edodennom outfite spoji\u0165 komfort s v\u00fdrazn\u00fdm vizu\u00e1lnym efektom.<\/p>\n<p data-start=\"1932\" data-end=\"2163\">V kombin\u00e1cii s neutr\u00e1lnymi t\u00f3nmi p\u00f4sob\u00ed elegantne, so svetl\u00fdmi farbami zasa svie\u017eo a mladistvo. D\u00e1mske oble\u010denie dvojset <strong data-start=\"2028\" data-end=\"2060\">MAGNHILD fosforovo-limetkov\u00fd<\/strong> dod\u00e1 v\u00e1\u0161mu \u0161atn\u00edku modern\u00fd mestsk\u00fd n\u00e1dych a stane sa ob\u013e\u00faben\u00fdm spolo\u010dn\u00edkom do pr\u00e1ce aj na vo\u013en\u00fd \u010das.<\/p>\n<p data-start=\"2165\" data-end=\"2270\">Discover the beauty of delicacy, sophisticated details and feminine style that will keep you warm and <a href=\"https:\/\/www.tattja.com\/en\/product-category\/damske-oblecenie\/dvojsety\/driekovnik-a-ciapka\/\">in other colours<\/a>.<\/p>\n<p data-start=\"2272\" data-end=\"2424\"><strong data-start=\"2272\" data-end=\"2326\">See, <a href=\"https:\/\/shop.bogensberger.co.at\/produkt-schlagwort\/merino-extrafein\/\">from what materials<\/a> we produce our pieces<\/strong>, a doprajte si dotyk luxusu, ktor\u00fd sp\u00e1ja kvalitu, farbu a osobitos\u0165 v jednom harmonickom celku.<\/p>","protected":false},"excerpt":{"rendered":"<p><strong data-start=\"633\" data-end=\"690\">D\u00e1mske oble\u010denie dvojset MAGNHILD fosforovo-limetkov\u00fd<\/strong> vynik\u00e1 energiou a originalitou. Pleten\u00fd driekovn\u00edk zv\u00fdrazn\u00ed p\u00e1s a dod\u00e1 pocit hrejivosti, \u010diapka so \u0161iltom dopln\u00ed outfit o svie\u017ei a odv\u00e1\u017eny akcent. Fosforovo-limetkov\u00e1 farba roz\u017eiari de\u0148 a pod\u010diarkne modern\u00fd mestsk\u00fd \u0161t\u00fdl \u017eeny, ktor\u00e1 miluje v\u00fdnimo\u010dnos<\/p>","protected":false},"featured_media":7482,"comment_status":"open","ping_status":"closed","template":"","meta":[],"product_brand":[],"product_cat":[289,300,294,180,177],"product_tag":[],"class_list":{"0":"post-2028","1":"product","2":"type-product","3":"status-publish","4":"has-post-thumbnail","6":"product_cat-dvojsety","7":"product_cat-damske-oblecenie","8":"product_cat-driekovnik-a-ciapka","9":"product_cat-dvojsety-fosforove-limetkove","10":"product_cat-pleteninove-doplnky-fosforove-limetkove","12":"first","13":"instock","14":"taxable","15":"shipping-taxable","16":"purchasable","17":"product-type-simple"},"yoast_head":"<!-- This site is optimized with the Yoast SEO plugin v26.0 - https:\/\/yoast.com\/wordpress\/plugins\/seo\/ -->\n<title>D\u00e1mske oble\u010denie 2-set MAGNHILD fosforov\u00fd limetkov\u00fd - TATTJA<\/title>\n<meta name=\"description\" content=\"D\u00e1mske oble\u010denie dvojset MAGNHILD fosforovo-limetkov\u00fd \u2013 \u017eiariv\u00fd symbol originality a luxusu. Spojenie komfortu, farby a nad\u010dasov\u00e9ho \u0161t\u00fdlu.\" \/>\n<meta name=\"robots\" content=\"index, follow, max-snippet:-1, max-image-preview:large, max-video-preview:-1\" \/>\n<link rel=\"canonical\" href=\"https:\/\/www.tattja.com\/en\/product\/damske-oblecenie-dvojset-magnhild-fosforovy-limetkovy\/\" \/>\n<meta property=\"og:locale\" content=\"en_GB\" \/>\n<meta property=\"og:type\" content=\"article\" \/>\n<meta property=\"og:title\" content=\"D\u00e1mske oble\u010denie 2-set MAGNHILD fosforov\u00fd limetkov\u00fd - TATTJA\" \/>\n<meta property=\"og:description\" content=\"D\u00e1mske oble\u010denie dvojset MAGNHILD fosforovo-limetkov\u00fd \u2013 \u017eiariv\u00fd symbol originality a luxusu. Spojenie komfortu, farby a nad\u010dasov\u00e9ho \u0161t\u00fdlu.\" \/>\n<meta property=\"og:url\" content=\"https:\/\/www.tattja.com\/en\/product\/damske-oblecenie-dvojset-magnhild-fosforovy-limetkovy\/\" \/>\n<meta property=\"og:site_name\" content=\"TATTJA\" \/>\n<meta property=\"article:modified_time\" content=\"2026-04-05T17:44:48+00:00\" \/>\n<meta property=\"og:image\" content=\"https:\/\/www.tattja.com\/wp-content\/uploads\/2026\/01\/fosforovy-limetkovy-dvojset-driekovnik-ciapka-spredu-43.webp\" \/>\n\t<meta property=\"og:image:width\" content=\"1365\" \/>\n\t<meta property=\"og:image:height\" content=\"2048\" \/>\n\t<meta property=\"og:image:type\" content=\"image\/webp\" \/>\n<meta name=\"twitter:card\" content=\"summary_large_image\" \/>\n<meta name=\"twitter:label1\" content=\"Estimated reading time\" \/>\n\t<meta name=\"twitter:data1\" content=\"2 minutes\" \/>\n<script type=\"application\/ld+json\" class=\"yoast-schema-graph\">{\"@context\":\"https:\/\/schema.org\",\"@graph\":[{\"@type\":\"WebPage\",\"@id\":\"https:\/\/www.tattja.com\/product\/damske-oblecenie-dvojset-magnhild-fosforovy-limetkovy\/\",\"url\":\"https:\/\/www.tattja.com\/product\/damske-oblecenie-dvojset-magnhild-fosforovy-limetkovy\/\",\"name\":\"D\u00e1mske oble\u010denie 2-set MAGNHILD fosforov\u00fd limetkov\u00fd - TATTJA\",\"isPartOf\":{\"@id\":\"https:\/\/www.tattja.com\/#website\"},\"primaryImageOfPage\":{\"@id\":\"https:\/\/www.tattja.com\/product\/damske-oblecenie-dvojset-magnhild-fosforovy-limetkovy\/#primaryimage\"},\"image\":{\"@id\":\"https:\/\/www.tattja.com\/product\/damske-oblecenie-dvojset-magnhild-fosforovy-limetkovy\/#primaryimage\"},\"thumbnailUrl\":\"https:\/\/www.tattja.com\/wp-content\/uploads\/2026\/01\/fosforovy-limetkovy-dvojset-driekovnik-ciapka-spredu-43.webp\",\"datePublished\":\"2025-08-14T15:59:38+00:00\",\"dateModified\":\"2026-04-05T17:44:48+00:00\",\"description\":\"D\u00e1mske oble\u010denie dvojset MAGNHILD fosforovo-limetkov\u00fd \u2013 \u017eiariv\u00fd symbol originality a luxusu. Spojenie komfortu, farby a nad\u010dasov\u00e9ho \u0161t\u00fdlu.\",\"breadcrumb\":{\"@id\":\"https:\/\/www.tattja.com\/product\/damske-oblecenie-dvojset-magnhild-fosforovy-limetkovy\/#breadcrumb\"},\"inLanguage\":\"en-GB\",\"potentialAction\":[{\"@type\":\"ReadAction\",\"target\":[\"https:\/\/www.tattja.com\/product\/damske-oblecenie-dvojset-magnhild-fosforovy-limetkovy\/\"]}]},{\"@type\":\"ImageObject\",\"inLanguage\":\"en-GB\",\"@id\":\"https:\/\/www.tattja.com\/product\/damske-oblecenie-dvojset-magnhild-fosforovy-limetkovy\/#primaryimage\",\"url\":\"https:\/\/www.tattja.com\/wp-content\/uploads\/2026\/01\/fosforovy-limetkovy-dvojset-driekovnik-ciapka-spredu-43.webp\",\"contentUrl\":\"https:\/\/www.tattja.com\/wp-content\/uploads\/2026\/01\/fosforovy-limetkovy-dvojset-driekovnik-ciapka-spredu-43.webp\",\"width\":1365,\"height\":2048,\"caption\":\"D\u00e1msky pleten\u00fd dvojset MAGNHILD \u2013 fosforovo-limetkov\u00fd | TATTJA\"},{\"@type\":\"BreadcrumbList\",\"@id\":\"https:\/\/www.tattja.com\/product\/damske-oblecenie-dvojset-magnhild-fosforovy-limetkovy\/#breadcrumb\",\"itemListElement\":[{\"@type\":\"ListItem\",\"position\":1,\"name\":\"Domov\",\"item\":\"https:\/\/www.tattja.com\/\"},{\"@type\":\"ListItem\",\"position\":2,\"name\":\"Produkty\",\"item\":\"https:\/\/www.tattja.com\/damske-oblecenie-produkty\/\"},{\"@type\":\"ListItem\",\"position\":3,\"name\":\"D\u00e1mske oble\u010denie 2-set MAGNHILD fosforov\u00fd limetkov\u00fd\"}]},{\"@type\":\"WebSite\",\"@id\":\"https:\/\/www.tattja.com\/#website\",\"url\":\"https:\/\/www.tattja.com\/\",\"name\":\"TATTJA\",\"description\":\"D\u00e1mske oble\u010denie z extra jemnej merino vlny \u2014 ru\u010dne pleten\u00e9 na Slovensku\",\"potentialAction\":[{\"@type\":\"SearchAction\",\"target\":{\"@type\":\"EntryPoint\",\"urlTemplate\":\"https:\/\/www.tattja.com\/?s={search_term_string}\"},\"query-input\":{\"@type\":\"PropertyValueSpecification\",\"valueRequired\":true,\"valueName\":\"search_term_string\"}}],\"inLanguage\":\"en-GB\"}]}<\/script>\n<!-- \/ Yoast SEO plugin. -->","yoast_head_json":{"title":"D\u00e1mske oble\u010denie 2-set MAGNHILD fosforov\u00fd limetkov\u00fd - TATTJA","description":"D\u00e1mske oble\u010denie dvojset MAGNHILD fosforovo-limetkov\u00fd \u2013 \u017eiariv\u00fd symbol originality a luxusu. Spojenie komfortu, farby a nad\u010dasov\u00e9ho \u0161t\u00fdlu.","robots":{"index":"index","follow":"follow","max-snippet":"max-snippet:-1","max-image-preview":"max-image-preview:large","max-video-preview":"max-video-preview:-1"},"canonical":"https:\/\/www.tattja.com\/en\/product\/damske-oblecenie-dvojset-magnhild-fosforovy-limetkovy\/","og_locale":"en_GB","og_type":"article","og_title":"D\u00e1mske oble\u010denie 2-set MAGNHILD fosforov\u00fd limetkov\u00fd - TATTJA","og_description":"D\u00e1mske oble\u010denie dvojset MAGNHILD fosforovo-limetkov\u00fd \u2013 \u017eiariv\u00fd symbol originality a luxusu. Spojenie komfortu, farby a nad\u010dasov\u00e9ho \u0161t\u00fdlu.","og_url":"https:\/\/www.tattja.com\/en\/product\/damske-oblecenie-dvojset-magnhild-fosforovy-limetkovy\/","og_site_name":"TATTJA","article_modified_time":"2026-04-05T17:44:48+00:00","og_image":[{"width":1365,"height":2048,"url":"https:\/\/www.tattja.com\/wp-content\/uploads\/2026\/01\/fosforovy-limetkovy-dvojset-driekovnik-ciapka-spredu-43.webp","type":"image\/webp"}],"twitter_card":"summary_large_image","twitter_misc":{"Estimated reading time":"2 minutes"},"schema":{"@context":"https:\/\/schema.org","@graph":[{"@type":"WebPage","@id":"https:\/\/www.tattja.com\/product\/damske-oblecenie-dvojset-magnhild-fosforovy-limetkovy\/","url":"https:\/\/www.tattja.com\/product\/damske-oblecenie-dvojset-magnhild-fosforovy-limetkovy\/","name":"D\u00e1mske oble\u010denie 2-set MAGNHILD fosforov\u00fd limetkov\u00fd - TATTJA","isPartOf":{"@id":"https:\/\/www.tattja.com\/#website"},"primaryImageOfPage":{"@id":"https:\/\/www.tattja.com\/product\/damske-oblecenie-dvojset-magnhild-fosforovy-limetkovy\/#primaryimage"},"image":{"@id":"https:\/\/www.tattja.com\/product\/damske-oblecenie-dvojset-magnhild-fosforovy-limetkovy\/#primaryimage"},"thumbnailUrl":"https:\/\/www.tattja.com\/wp-content\/uploads\/2026\/01\/fosforovy-limetkovy-dvojset-driekovnik-ciapka-spredu-43.webp","datePublished":"2025-08-14T15:59:38+00:00","dateModified":"2026-04-05T17:44:48+00:00","description":"D\u00e1mske oble\u010denie dvojset MAGNHILD fosforovo-limetkov\u00fd \u2013 \u017eiariv\u00fd symbol originality a luxusu. Spojenie komfortu, farby a nad\u010dasov\u00e9ho \u0161t\u00fdlu.","breadcrumb":{"@id":"https:\/\/www.tattja.com\/product\/damske-oblecenie-dvojset-magnhild-fosforovy-limetkovy\/#breadcrumb"},"inLanguage":"en-GB","potentialAction":[{"@type":"ReadAction","target":["https:\/\/www.tattja.com\/product\/damske-oblecenie-dvojset-magnhild-fosforovy-limetkovy\/"]}]},{"@type":"ImageObject","inLanguage":"en-GB","@id":"https:\/\/www.tattja.com\/product\/damske-oblecenie-dvojset-magnhild-fosforovy-limetkovy\/#primaryimage","url":"https:\/\/www.tattja.com\/wp-content\/uploads\/2026\/01\/fosforovy-limetkovy-dvojset-driekovnik-ciapka-spredu-43.webp","contentUrl":"https:\/\/www.tattja.com\/wp-content\/uploads\/2026\/01\/fosforovy-limetkovy-dvojset-driekovnik-ciapka-spredu-43.webp","width":1365,"height":2048,"caption":"D\u00e1msky pleten\u00fd dvojset MAGNHILD \u2013 fosforovo-limetkov\u00fd | TATTJA"},{"@type":"BreadcrumbList","@id":"https:\/\/www.tattja.com\/product\/damske-oblecenie-dvojset-magnhild-fosforovy-limetkovy\/#breadcrumb","itemListElement":[{"@type":"ListItem","position":1,"name":"Domov","item":"https:\/\/www.tattja.com\/"},{"@type":"ListItem","position":2,"name":"Produkty","item":"https:\/\/www.tattja.com\/damske-oblecenie-produkty\/"},{"@type":"ListItem","position":3,"name":"D\u00e1mske oble\u010denie 2-set MAGNHILD fosforov\u00fd limetkov\u00fd"}]},{"@type":"WebSite","@id":"https:\/\/www.tattja.com\/#website","url":"https:\/\/www.tattja.com\/","name":"TATTJA","description":"D\u00e1mske oble\u010denie z extra jemnej merino vlny \u2014 ru\u010dne pleten\u00e9 na Slovensku","potentialAction":[{"@type":"SearchAction","target":{"@type":"EntryPoint","urlTemplate":"https:\/\/www.tattja.com\/?s={search_term_string}"},"query-input":{"@type":"PropertyValueSpecification","valueRequired":true,"valueName":"search_term_string"}}],"inLanguage":"en-GB"}]}},"_links":{"self":[{"href":"https:\/\/www.tattja.com\/en\/wp-json\/wp\/v2\/product\/2028","targetHints":{"allow":["GET"]}}],"collection":[{"href":"https:\/\/www.tattja.com\/en\/wp-json\/wp\/v2\/product"}],"about":[{"href":"https:\/\/www.tattja.com\/en\/wp-json\/wp\/v2\/types\/product"}],"replies":[{"embeddable":true,"href":"https:\/\/www.tattja.com\/en\/wp-json\/wp\/v2\/comments?post=2028"}],"version-history":[{"count":6,"href":"https:\/\/www.tattja.com\/en\/wp-json\/wp\/v2\/product\/2028\/revisions"}],"predecessor-version":[{"id":7202,"href":"https:\/\/www.tattja.com\/en\/wp-json\/wp\/v2\/product\/2028\/revisions\/7202"}],"wp:featuredmedia":[{"embeddable":true,"href":"https:\/\/www.tattja.com\/en\/wp-json\/wp\/v2\/media\/7482"}],"wp:attachment":[{"href":"https:\/\/www.tattja.com\/en\/wp-json\/wp\/v2\/media?parent=2028"}],"wp:term":[{"taxonomy":"product_brand","embeddable":true,"href":"https:\/\/www.tattja.com\/en\/wp-json\/wp\/v2\/product_brand?post=2028"},{"taxonomy":"product_cat","embeddable":true,"href":"https:\/\/www.tattja.com\/en\/wp-json\/wp\/v2\/product_cat?post=2028"},{"taxonomy":"product_tag","embeddable":true,"href":"https:\/\/www.tattja.com\/en\/wp-json\/wp\/v2\/product_tag?post=2028"}],"curies":[{"name":"wp","href":"https:\/\/api.w.org\/{rel}","templated":true}]}}