{"id":2053,"date":"2025-08-21T09:31:17","date_gmt":"2025-08-21T07:31:17","guid":{"rendered":"https:\/\/www.tattja.com\/?post_type=product&#038;p=2053"},"modified":"2026-04-05T19:44:47","modified_gmt":"2026-04-05T17:44:47","slug":"damske-oblecenie-ciapka-anja-tmavomodra","status":"publish","type":"product","link":"https:\/\/www.tattja.com\/en\/product\/damske-oblecenie-ciapka-anja-tmavomodra\/","title":{"rendered":"Women's clothing cap ANJA dark blue"},"content":{"rendered":"<p data-start=\"857\" data-end=\"1135\"><strong data-start=\"857\" data-end=\"900\">Women's clothing cap ANJA dark blue<\/strong> is the epitome of elegance and modern luxury. This iconic piece from the collection <strong data-start=\"978\" data-end=\"988\">TATTJA<\/strong> combines femininity, practicality and precision craftsmanship. It is an accessory that underlines the personality of every woman and adds a touch of refinement to the outfit.<\/p>\n<p data-start=\"1137\" data-end=\"1424\">The deep dark blue shade looks dignified, balanced and timeless. It symbolises calm, strength and sophistication, making it an ideal accessory for women with refined taste. Combined with minimalist outfits, the cap creates a harmonious contrast and adds an elegant touch to the look.<\/p>\n<p data-start=\"1426\" data-end=\"1724\">The fine ribbed knit is pleasant to the touch and adapts to the shape of the head, providing maximum comfort on colder days. It is breathable, warm and also retains its shape even after repeated wear. Each stitch reflects the attention to detail and quality that is the brand's <strong data-start=\"1694\" data-end=\"1704\">TATTJA<\/strong> characteristic.<\/p>\n<p data-start=\"1726\" data-end=\"1998\">The stylish visor gives the cap a modern urban look and enhances its practicality - it protects the eyes from the sun's rays and the wind, while accentuating feminine features. This unique accessory combines timelessness with subtle extravagance, creating the perfect balance between elegance and comfort.<\/p>\n<p data-start=\"2000\" data-end=\"2214\"><strong data-start=\"2000\" data-end=\"2026\">Women's clothing cap ANJA dark blue<\/strong> combines perfectly with other accessories from the collection <strong data-start=\"2081\" data-end=\"2091\">TATTJA<\/strong> - with a shirt collar, armbands or a neck warmer. Together they create a balanced whole that will underline your style all year round.<\/p>\n<p data-start=\"2216\" data-end=\"2321\">Discover the beauty of delicacy, sophisticated details and feminine style that will keep you warm and <a href=\"https:\/\/www.tattja.com\/en\/product-category\/damske-oblecenie\/doplnky-jednotlivo\/ciapky\/\">in other colours<\/a>.<\/p>\n<p data-start=\"2323\" data-end=\"2436\"><strong data-start=\"2323\" data-end=\"2377\">See, <a href=\"https:\/\/shop.bogensberger.co.at\/produkt-schlagwort\/merino-extrafein\/\">from what materials<\/a> we produce our pieces<\/strong> and treat yourself to a touch of luxury that you can feel in every fibre.<\/p>","protected":false},"excerpt":{"rendered":"<p><strong data-start=\"658\" data-end=\"701\">Women's clothing cap ANJA dark blue<\/strong> - fine ribbed knit, elegant silhouette and a deep shade of refinement for women who exude style and confidence.<\/p>","protected":false},"featured_media":7673,"comment_status":"open","ping_status":"closed","template":"","meta":[],"product_brand":[],"product_cat":[208,282,300,298,201],"product_tag":[],"class_list":{"0":"post-2053","1":"product","2":"type-product","3":"status-publish","4":"has-post-thumbnail","6":"product_cat-ciapka-tmavomodra","7":"product_cat-ciapky","8":"product_cat-damske-oblecenie","9":"product_cat-doplnky-jednotlivo","10":"product_cat-pleteninove-doplnky-tmavomodre","12":"first","13":"instock","14":"taxable","15":"shipping-taxable","16":"purchasable","17":"product-type-simple"},"yoast_head":"<!-- This site is optimized with the Yoast SEO plugin v26.0 - https:\/\/yoast.com\/wordpress\/plugins\/seo\/ -->\n<title>D\u00e1mske oble\u010denie \u010diapka ANJA tmavomodr\u00e1 - TATTJA<\/title>\n<meta name=\"description\" content=\"D\u00e1mske oble\u010denie \u010diapka ANJA tmavomodr\u00e1 \u2013 luxusn\u00e1 pleten\u00e1 \u010diapka so \u0161iltom, ktor\u00e1 sp\u00e1ja eleganciu, komfort a noblesu v modernom mestskom \u0161t\u00fdle.\" \/>\n<meta name=\"robots\" content=\"index, follow, max-snippet:-1, max-image-preview:large, max-video-preview:-1\" \/>\n<link rel=\"canonical\" href=\"https:\/\/www.tattja.com\/en\/product\/damske-oblecenie-ciapka-anja-tmavomodra\/\" \/>\n<meta property=\"og:locale\" content=\"en_GB\" \/>\n<meta property=\"og:type\" content=\"article\" \/>\n<meta property=\"og:title\" content=\"D\u00e1mske oble\u010denie \u010diapka ANJA tmavomodr\u00e1 - TATTJA\" \/>\n<meta property=\"og:description\" content=\"D\u00e1mske oble\u010denie \u010diapka ANJA tmavomodr\u00e1 \u2013 luxusn\u00e1 pleten\u00e1 \u010diapka so \u0161iltom, ktor\u00e1 sp\u00e1ja eleganciu, komfort a noblesu v modernom mestskom \u0161t\u00fdle.\" \/>\n<meta property=\"og:url\" content=\"https:\/\/www.tattja.com\/en\/product\/damske-oblecenie-ciapka-anja-tmavomodra\/\" \/>\n<meta property=\"og:site_name\" content=\"TATTJA\" \/>\n<meta property=\"article:modified_time\" content=\"2026-04-05T17:44:47+00:00\" \/>\n<meta property=\"og:image\" content=\"https:\/\/www.tattja.com\/wp-content\/uploads\/2026\/01\/tmavomodry-ciapka-spredu-43.webp\" \/>\n\t<meta property=\"og:image:width\" content=\"1365\" \/>\n\t<meta property=\"og:image:height\" content=\"2048\" \/>\n\t<meta property=\"og:image:type\" content=\"image\/webp\" \/>\n<meta name=\"twitter:card\" content=\"summary_large_image\" \/>\n<meta name=\"twitter:label1\" content=\"Estimated reading time\" \/>\n\t<meta name=\"twitter:data1\" content=\"2 minutes\" \/>\n<script type=\"application\/ld+json\" class=\"yoast-schema-graph\">{\"@context\":\"https:\/\/schema.org\",\"@graph\":[{\"@type\":\"WebPage\",\"@id\":\"https:\/\/www.tattja.com\/product\/damske-oblecenie-ciapka-anja-tmavomodra\/\",\"url\":\"https:\/\/www.tattja.com\/product\/damske-oblecenie-ciapka-anja-tmavomodra\/\",\"name\":\"D\u00e1mske oble\u010denie \u010diapka ANJA tmavomodr\u00e1 - TATTJA\",\"isPartOf\":{\"@id\":\"https:\/\/www.tattja.com\/#website\"},\"primaryImageOfPage\":{\"@id\":\"https:\/\/www.tattja.com\/product\/damske-oblecenie-ciapka-anja-tmavomodra\/#primaryimage\"},\"image\":{\"@id\":\"https:\/\/www.tattja.com\/product\/damske-oblecenie-ciapka-anja-tmavomodra\/#primaryimage\"},\"thumbnailUrl\":\"https:\/\/www.tattja.com\/wp-content\/uploads\/2026\/01\/tmavomodry-ciapka-spredu-43.webp\",\"datePublished\":\"2025-08-21T07:31:17+00:00\",\"dateModified\":\"2026-04-05T17:44:47+00:00\",\"description\":\"D\u00e1mske oble\u010denie \u010diapka ANJA tmavomodr\u00e1 \u2013 luxusn\u00e1 pleten\u00e1 \u010diapka so \u0161iltom, ktor\u00e1 sp\u00e1ja eleganciu, komfort a noblesu v modernom mestskom \u0161t\u00fdle.\",\"breadcrumb\":{\"@id\":\"https:\/\/www.tattja.com\/product\/damske-oblecenie-ciapka-anja-tmavomodra\/#breadcrumb\"},\"inLanguage\":\"en-GB\",\"potentialAction\":[{\"@type\":\"ReadAction\",\"target\":[\"https:\/\/www.tattja.com\/product\/damske-oblecenie-ciapka-anja-tmavomodra\/\"]}]},{\"@type\":\"ImageObject\",\"inLanguage\":\"en-GB\",\"@id\":\"https:\/\/www.tattja.com\/product\/damske-oblecenie-ciapka-anja-tmavomodra\/#primaryimage\",\"url\":\"https:\/\/www.tattja.com\/wp-content\/uploads\/2026\/01\/tmavomodry-ciapka-spredu-43.webp\",\"contentUrl\":\"https:\/\/www.tattja.com\/wp-content\/uploads\/2026\/01\/tmavomodry-ciapka-spredu-43.webp\",\"width\":1365,\"height\":2048,\"caption\":\"Tmavomodr\u00e1 pleten\u00e1 \u010diapka ANJA TATTJA \u2013 poh\u013ead spredu\"},{\"@type\":\"BreadcrumbList\",\"@id\":\"https:\/\/www.tattja.com\/product\/damske-oblecenie-ciapka-anja-tmavomodra\/#breadcrumb\",\"itemListElement\":[{\"@type\":\"ListItem\",\"position\":1,\"name\":\"Domov\",\"item\":\"https:\/\/www.tattja.com\/\"},{\"@type\":\"ListItem\",\"position\":2,\"name\":\"Produkty\",\"item\":\"https:\/\/www.tattja.com\/damske-oblecenie-produkty\/\"},{\"@type\":\"ListItem\",\"position\":3,\"name\":\"D\u00e1mske oble\u010denie \u010diapka ANJA tmavomodr\u00e1\"}]},{\"@type\":\"WebSite\",\"@id\":\"https:\/\/www.tattja.com\/#website\",\"url\":\"https:\/\/www.tattja.com\/\",\"name\":\"TATTJA\",\"description\":\"D\u00e1mske oble\u010denie z extra jemnej merino vlny \u2014 ru\u010dne pleten\u00e9 na Slovensku\",\"potentialAction\":[{\"@type\":\"SearchAction\",\"target\":{\"@type\":\"EntryPoint\",\"urlTemplate\":\"https:\/\/www.tattja.com\/?s={search_term_string}\"},\"query-input\":{\"@type\":\"PropertyValueSpecification\",\"valueRequired\":true,\"valueName\":\"search_term_string\"}}],\"inLanguage\":\"en-GB\"}]}<\/script>\n<!-- \/ Yoast SEO plugin. -->","yoast_head_json":{"title":"D\u00e1mske oble\u010denie \u010diapka ANJA tmavomodr\u00e1 - TATTJA","description":"D\u00e1mske oble\u010denie \u010diapka ANJA tmavomodr\u00e1 \u2013 luxusn\u00e1 pleten\u00e1 \u010diapka so \u0161iltom, ktor\u00e1 sp\u00e1ja eleganciu, komfort a noblesu v modernom mestskom \u0161t\u00fdle.","robots":{"index":"index","follow":"follow","max-snippet":"max-snippet:-1","max-image-preview":"max-image-preview:large","max-video-preview":"max-video-preview:-1"},"canonical":"https:\/\/www.tattja.com\/en\/product\/damske-oblecenie-ciapka-anja-tmavomodra\/","og_locale":"en_GB","og_type":"article","og_title":"D\u00e1mske oble\u010denie \u010diapka ANJA tmavomodr\u00e1 - TATTJA","og_description":"D\u00e1mske oble\u010denie \u010diapka ANJA tmavomodr\u00e1 \u2013 luxusn\u00e1 pleten\u00e1 \u010diapka so \u0161iltom, ktor\u00e1 sp\u00e1ja eleganciu, komfort a noblesu v modernom mestskom \u0161t\u00fdle.","og_url":"https:\/\/www.tattja.com\/en\/product\/damske-oblecenie-ciapka-anja-tmavomodra\/","og_site_name":"TATTJA","article_modified_time":"2026-04-05T17:44:47+00:00","og_image":[{"width":1365,"height":2048,"url":"https:\/\/www.tattja.com\/wp-content\/uploads\/2026\/01\/tmavomodry-ciapka-spredu-43.webp","type":"image\/webp"}],"twitter_card":"summary_large_image","twitter_misc":{"Estimated reading time":"2 minutes"},"schema":{"@context":"https:\/\/schema.org","@graph":[{"@type":"WebPage","@id":"https:\/\/www.tattja.com\/product\/damske-oblecenie-ciapka-anja-tmavomodra\/","url":"https:\/\/www.tattja.com\/product\/damske-oblecenie-ciapka-anja-tmavomodra\/","name":"D\u00e1mske oble\u010denie \u010diapka ANJA tmavomodr\u00e1 - TATTJA","isPartOf":{"@id":"https:\/\/www.tattja.com\/#website"},"primaryImageOfPage":{"@id":"https:\/\/www.tattja.com\/product\/damske-oblecenie-ciapka-anja-tmavomodra\/#primaryimage"},"image":{"@id":"https:\/\/www.tattja.com\/product\/damske-oblecenie-ciapka-anja-tmavomodra\/#primaryimage"},"thumbnailUrl":"https:\/\/www.tattja.com\/wp-content\/uploads\/2026\/01\/tmavomodry-ciapka-spredu-43.webp","datePublished":"2025-08-21T07:31:17+00:00","dateModified":"2026-04-05T17:44:47+00:00","description":"D\u00e1mske oble\u010denie \u010diapka ANJA tmavomodr\u00e1 \u2013 luxusn\u00e1 pleten\u00e1 \u010diapka so \u0161iltom, ktor\u00e1 sp\u00e1ja eleganciu, komfort a noblesu v modernom mestskom \u0161t\u00fdle.","breadcrumb":{"@id":"https:\/\/www.tattja.com\/product\/damske-oblecenie-ciapka-anja-tmavomodra\/#breadcrumb"},"inLanguage":"en-GB","potentialAction":[{"@type":"ReadAction","target":["https:\/\/www.tattja.com\/product\/damske-oblecenie-ciapka-anja-tmavomodra\/"]}]},{"@type":"ImageObject","inLanguage":"en-GB","@id":"https:\/\/www.tattja.com\/product\/damske-oblecenie-ciapka-anja-tmavomodra\/#primaryimage","url":"https:\/\/www.tattja.com\/wp-content\/uploads\/2026\/01\/tmavomodry-ciapka-spredu-43.webp","contentUrl":"https:\/\/www.tattja.com\/wp-content\/uploads\/2026\/01\/tmavomodry-ciapka-spredu-43.webp","width":1365,"height":2048,"caption":"Tmavomodr\u00e1 pleten\u00e1 \u010diapka ANJA TATTJA \u2013 poh\u013ead spredu"},{"@type":"BreadcrumbList","@id":"https:\/\/www.tattja.com\/product\/damske-oblecenie-ciapka-anja-tmavomodra\/#breadcrumb","itemListElement":[{"@type":"ListItem","position":1,"name":"Domov","item":"https:\/\/www.tattja.com\/"},{"@type":"ListItem","position":2,"name":"Produkty","item":"https:\/\/www.tattja.com\/damske-oblecenie-produkty\/"},{"@type":"ListItem","position":3,"name":"D\u00e1mske oble\u010denie \u010diapka ANJA tmavomodr\u00e1"}]},{"@type":"WebSite","@id":"https:\/\/www.tattja.com\/#website","url":"https:\/\/www.tattja.com\/","name":"TATTJA","description":"D\u00e1mske oble\u010denie z extra jemnej merino vlny \u2014 ru\u010dne pleten\u00e9 na Slovensku","potentialAction":[{"@type":"SearchAction","target":{"@type":"EntryPoint","urlTemplate":"https:\/\/www.tattja.com\/?s={search_term_string}"},"query-input":{"@type":"PropertyValueSpecification","valueRequired":true,"valueName":"search_term_string"}}],"inLanguage":"en-GB"}]}},"_links":{"self":[{"href":"https:\/\/www.tattja.com\/en\/wp-json\/wp\/v2\/product\/2053","targetHints":{"allow":["GET"]}}],"collection":[{"href":"https:\/\/www.tattja.com\/en\/wp-json\/wp\/v2\/product"}],"about":[{"href":"https:\/\/www.tattja.com\/en\/wp-json\/wp\/v2\/types\/product"}],"replies":[{"embeddable":true,"href":"https:\/\/www.tattja.com\/en\/wp-json\/wp\/v2\/comments?post=2053"}],"version-history":[{"count":5,"href":"https:\/\/www.tattja.com\/en\/wp-json\/wp\/v2\/product\/2053\/revisions"}],"predecessor-version":[{"id":5916,"href":"https:\/\/www.tattja.com\/en\/wp-json\/wp\/v2\/product\/2053\/revisions\/5916"}],"wp:featuredmedia":[{"embeddable":true,"href":"https:\/\/www.tattja.com\/en\/wp-json\/wp\/v2\/media\/7673"}],"wp:attachment":[{"href":"https:\/\/www.tattja.com\/en\/wp-json\/wp\/v2\/media?parent=2053"}],"wp:term":[{"taxonomy":"product_brand","embeddable":true,"href":"https:\/\/www.tattja.com\/en\/wp-json\/wp\/v2\/product_brand?post=2053"},{"taxonomy":"product_cat","embeddable":true,"href":"https:\/\/www.tattja.com\/en\/wp-json\/wp\/v2\/product_cat?post=2053"},{"taxonomy":"product_tag","embeddable":true,"href":"https:\/\/www.tattja.com\/en\/wp-json\/wp\/v2\/product_tag?post=2053"}],"curies":[{"name":"wp","href":"https:\/\/api.w.org\/{rel}","templated":true}]}}