{"id":2087,"date":"2025-08-21T10:15:02","date_gmt":"2025-08-21T08:15:02","guid":{"rendered":"https:\/\/www.tattja.com\/?post_type=product&#038;p=2087"},"modified":"2026-04-05T19:44:43","modified_gmt":"2026-04-05T17:44:43","slug":"damske-oblecenie-rukavniky-katja-bledofialove-orgovanove","status":"publish","type":"product","link":"https:\/\/www.tattja.com\/en\/product\/damske-oblecenie-rukavniky-katja-bledofialove-orgovanove\/","title":{"rendered":"Women's clothing sleeves KATJA pale lilac purple"},"content":{"rendered":"<p data-start=\"881\" data-end=\"1220\"><strong data-start=\"881\" data-end=\"941\">Women's clothing sleeves KATJA pale lilac purple<\/strong> combine refinement, elegance and functional comfort. This model from the collection <strong data-start=\"1011\" data-end=\"1021\">TATTJA<\/strong> is designed for women who love details, quality workmanship and colours with soul. Sleeves will become your favourite accessory for the transitional period - they will warm you up, brighten up your outfit and give it a feminine touch.<\/p>\n<p data-start=\"1222\" data-end=\"1596\">The shade of pale violet lilac looks tender and romantic. It evokes the peace, harmony and gentleness of spring. This shade combines well with neutral tones such as white, grey or beige, but also with contrasting colours that underline its originality. Sleeves in this colour exude a natural elegance and become a timeless piece that will stand out in any style.<\/p>\n<p data-start=\"1598\" data-end=\"1842\">The ribbed knit is soft, stretchy and breathable. It wraps perfectly around the arms, allows free movement and provides a feeling of comfort throughout the day. Each pair of armbands is created with attention to quality, aesthetics and detail, giving them an exclusive character.<\/p>\n<p data-start=\"1844\" data-end=\"2096\">Women's clothing armbands <strong data-start=\"1854\" data-end=\"1887\">KATJA pale violet lilac<\/strong> can be worn alone or as part of a set with a neckpiece, neckwarmer or cap from the collection <strong data-start=\"1983\" data-end=\"1993\">TATTJA<\/strong>. In this way, you create a harmonious whole that combines modern design with the subtlety of natural tones.<\/p>\n<p data-start=\"2098\" data-end=\"2203\">Discover the beauty of delicacy, sophisticated details and feminine style that will keep you warm and <a href=\"https:\/\/www.tattja.com\/en\/product-category\/damske-oblecenie\/doplnky-jednotlivo\/rukavniky-2\/\">in other colours.<\/a><\/p>\n<p data-start=\"2205\" data-end=\"2348\"><strong data-start=\"2205\" data-end=\"2259\">See, <a href=\"https:\/\/shop.bogensberger.co.at\/produkt-schlagwort\/merino-extrafein\/\">from what materials<\/a> we produce our pieces<\/strong> and indulge in the combination of warmth, comfort and elegance that defines the brand <strong data-start=\"2335\" data-end=\"2345\">TATTJA<\/strong>.<\/p>","protected":false},"excerpt":{"rendered":"<p><strong data-start=\"664\" data-end=\"724\">Women's clothing sleeves KATJA pale lilac purple<\/strong> bring softness, elegance and comfort. Their unique shade adds freshness, femininity and natural charm to the outfit.<\/p>","protected":false},"featured_media":7372,"comment_status":"open","ping_status":"closed","template":"","meta":[],"product_brand":[],"product_cat":[300,258,298,145,281,151],"product_tag":[],"class_list":{"0":"post-2087","1":"product","2":"type-product","3":"status-publish","4":"has-post-thumbnail","6":"product_cat-damske-oblecenie","7":"product_cat-jednotlive-doplnky-bledofialove-orgovanove","8":"product_cat-doplnky-jednotlivo","9":"product_cat-pleteninove-doplnky-bledofialove-orgovanove","10":"product_cat-rukavniky-2","11":"product_cat-rukavniky-bledofialove-orgovanove","13":"first","14":"instock","15":"taxable","16":"shipping-taxable","17":"purchasable","18":"product-type-simple"},"yoast_head":"<!-- This site is optimized with the Yoast SEO plugin v26.0 - https:\/\/yoast.com\/wordpress\/plugins\/seo\/ -->\n<title>D\u00e1mske oble\u010denie ruk\u00e1vniky KATJA bledofialov\u00e9 orgov\u00e1nov\u00e9 - TATTJA<\/title>\n<meta name=\"description\" content=\"D\u00e1mske oble\u010denie ruk\u00e1vniky KATJA bledofialov\u00e9 orgov\u00e1nov\u00e9 \u2013 jemn\u00e9, elegantn\u00e9 a hrejiv\u00e9 ruk\u00e1vniky, ktor\u00e9 doplnia outfit s n\u00e1dychom \u017eenskosti a luxusu.\" \/>\n<meta name=\"robots\" content=\"index, follow, max-snippet:-1, max-image-preview:large, max-video-preview:-1\" \/>\n<link rel=\"canonical\" href=\"https:\/\/www.tattja.com\/en\/product\/damske-oblecenie-rukavniky-katja-bledofialove-orgovanove\/\" \/>\n<meta property=\"og:locale\" content=\"en_GB\" \/>\n<meta property=\"og:type\" content=\"article\" \/>\n<meta property=\"og:title\" content=\"D\u00e1mske oble\u010denie ruk\u00e1vniky KATJA bledofialov\u00e9 orgov\u00e1nov\u00e9 - TATTJA\" \/>\n<meta property=\"og:description\" content=\"D\u00e1mske oble\u010denie ruk\u00e1vniky KATJA bledofialov\u00e9 orgov\u00e1nov\u00e9 \u2013 jemn\u00e9, elegantn\u00e9 a hrejiv\u00e9 ruk\u00e1vniky, ktor\u00e9 doplnia outfit s n\u00e1dychom \u017eenskosti a luxusu.\" \/>\n<meta property=\"og:url\" content=\"https:\/\/www.tattja.com\/en\/product\/damske-oblecenie-rukavniky-katja-bledofialove-orgovanove\/\" \/>\n<meta property=\"og:site_name\" content=\"TATTJA\" \/>\n<meta property=\"article:modified_time\" content=\"2026-04-05T17:44:43+00:00\" \/>\n<meta property=\"og:image\" content=\"https:\/\/www.tattja.com\/wp-content\/uploads\/2025\/12\/bledofialovy-orgovanovy-rukavniky-spredu-19.webp\" \/>\n\t<meta property=\"og:image:width\" content=\"1365\" \/>\n\t<meta property=\"og:image:height\" content=\"2048\" \/>\n\t<meta property=\"og:image:type\" content=\"image\/webp\" \/>\n<meta name=\"twitter:card\" content=\"summary_large_image\" \/>\n<meta name=\"twitter:label1\" content=\"Estimated reading time\" \/>\n\t<meta name=\"twitter:data1\" content=\"2 minutes\" \/>\n<script type=\"application\/ld+json\" class=\"yoast-schema-graph\">{\"@context\":\"https:\/\/schema.org\",\"@graph\":[{\"@type\":\"WebPage\",\"@id\":\"https:\/\/www.tattja.com\/product\/damske-oblecenie-rukavniky-katja-bledofialove-orgovanove\/\",\"url\":\"https:\/\/www.tattja.com\/product\/damske-oblecenie-rukavniky-katja-bledofialove-orgovanove\/\",\"name\":\"D\u00e1mske oble\u010denie ruk\u00e1vniky KATJA bledofialov\u00e9 orgov\u00e1nov\u00e9 - TATTJA\",\"isPartOf\":{\"@id\":\"https:\/\/www.tattja.com\/#website\"},\"primaryImageOfPage\":{\"@id\":\"https:\/\/www.tattja.com\/product\/damske-oblecenie-rukavniky-katja-bledofialove-orgovanove\/#primaryimage\"},\"image\":{\"@id\":\"https:\/\/www.tattja.com\/product\/damske-oblecenie-rukavniky-katja-bledofialove-orgovanove\/#primaryimage\"},\"thumbnailUrl\":\"https:\/\/www.tattja.com\/wp-content\/uploads\/2025\/12\/bledofialovy-orgovanovy-rukavniky-spredu-19.webp\",\"datePublished\":\"2025-08-21T08:15:02+00:00\",\"dateModified\":\"2026-04-05T17:44:43+00:00\",\"description\":\"D\u00e1mske oble\u010denie ruk\u00e1vniky KATJA bledofialov\u00e9 orgov\u00e1nov\u00e9 \u2013 jemn\u00e9, elegantn\u00e9 a hrejiv\u00e9 ruk\u00e1vniky, ktor\u00e9 doplnia outfit s n\u00e1dychom \u017eenskosti a luxusu.\",\"breadcrumb\":{\"@id\":\"https:\/\/www.tattja.com\/product\/damske-oblecenie-rukavniky-katja-bledofialove-orgovanove\/#breadcrumb\"},\"inLanguage\":\"en-GB\",\"potentialAction\":[{\"@type\":\"ReadAction\",\"target\":[\"https:\/\/www.tattja.com\/product\/damske-oblecenie-rukavniky-katja-bledofialove-orgovanove\/\"]}]},{\"@type\":\"ImageObject\",\"inLanguage\":\"en-GB\",\"@id\":\"https:\/\/www.tattja.com\/product\/damske-oblecenie-rukavniky-katja-bledofialove-orgovanove\/#primaryimage\",\"url\":\"https:\/\/www.tattja.com\/wp-content\/uploads\/2025\/12\/bledofialovy-orgovanovy-rukavniky-spredu-19.webp\",\"contentUrl\":\"https:\/\/www.tattja.com\/wp-content\/uploads\/2025\/12\/bledofialovy-orgovanovy-rukavniky-spredu-19.webp\",\"width\":1365,\"height\":2048,\"caption\":\"Bledofialovo-orgov\u00e1nov\u00e9 pleten\u00e9 ruk\u00e1vniky KATJA \u2013 predn\u00fd poh\u013ead\"},{\"@type\":\"BreadcrumbList\",\"@id\":\"https:\/\/www.tattja.com\/product\/damske-oblecenie-rukavniky-katja-bledofialove-orgovanove\/#breadcrumb\",\"itemListElement\":[{\"@type\":\"ListItem\",\"position\":1,\"name\":\"Domov\",\"item\":\"https:\/\/www.tattja.com\/\"},{\"@type\":\"ListItem\",\"position\":2,\"name\":\"Produkty\",\"item\":\"https:\/\/www.tattja.com\/damske-oblecenie-produkty\/\"},{\"@type\":\"ListItem\",\"position\":3,\"name\":\"D\u00e1mske oble\u010denie ruk\u00e1vniky KATJA bledofialov\u00e9 orgov\u00e1nov\u00e9\"}]},{\"@type\":\"WebSite\",\"@id\":\"https:\/\/www.tattja.com\/#website\",\"url\":\"https:\/\/www.tattja.com\/\",\"name\":\"TATTJA\",\"description\":\"D\u00e1mske oble\u010denie z extra jemnej merino vlny \u2014 ru\u010dne pleten\u00e9 na Slovensku\",\"potentialAction\":[{\"@type\":\"SearchAction\",\"target\":{\"@type\":\"EntryPoint\",\"urlTemplate\":\"https:\/\/www.tattja.com\/?s={search_term_string}\"},\"query-input\":{\"@type\":\"PropertyValueSpecification\",\"valueRequired\":true,\"valueName\":\"search_term_string\"}}],\"inLanguage\":\"en-GB\"}]}<\/script>\n<!-- \/ Yoast SEO plugin. -->","yoast_head_json":{"title":"D\u00e1mske oble\u010denie ruk\u00e1vniky KATJA bledofialov\u00e9 orgov\u00e1nov\u00e9 - TATTJA","description":"D\u00e1mske oble\u010denie ruk\u00e1vniky KATJA bledofialov\u00e9 orgov\u00e1nov\u00e9 \u2013 jemn\u00e9, elegantn\u00e9 a hrejiv\u00e9 ruk\u00e1vniky, ktor\u00e9 doplnia outfit s n\u00e1dychom \u017eenskosti a luxusu.","robots":{"index":"index","follow":"follow","max-snippet":"max-snippet:-1","max-image-preview":"max-image-preview:large","max-video-preview":"max-video-preview:-1"},"canonical":"https:\/\/www.tattja.com\/en\/product\/damske-oblecenie-rukavniky-katja-bledofialove-orgovanove\/","og_locale":"en_GB","og_type":"article","og_title":"D\u00e1mske oble\u010denie ruk\u00e1vniky KATJA bledofialov\u00e9 orgov\u00e1nov\u00e9 - TATTJA","og_description":"D\u00e1mske oble\u010denie ruk\u00e1vniky KATJA bledofialov\u00e9 orgov\u00e1nov\u00e9 \u2013 jemn\u00e9, elegantn\u00e9 a hrejiv\u00e9 ruk\u00e1vniky, ktor\u00e9 doplnia outfit s n\u00e1dychom \u017eenskosti a luxusu.","og_url":"https:\/\/www.tattja.com\/en\/product\/damske-oblecenie-rukavniky-katja-bledofialove-orgovanove\/","og_site_name":"TATTJA","article_modified_time":"2026-04-05T17:44:43+00:00","og_image":[{"width":1365,"height":2048,"url":"https:\/\/www.tattja.com\/wp-content\/uploads\/2025\/12\/bledofialovy-orgovanovy-rukavniky-spredu-19.webp","type":"image\/webp"}],"twitter_card":"summary_large_image","twitter_misc":{"Estimated reading time":"2 minutes"},"schema":{"@context":"https:\/\/schema.org","@graph":[{"@type":"WebPage","@id":"https:\/\/www.tattja.com\/product\/damske-oblecenie-rukavniky-katja-bledofialove-orgovanove\/","url":"https:\/\/www.tattja.com\/product\/damske-oblecenie-rukavniky-katja-bledofialove-orgovanove\/","name":"D\u00e1mske oble\u010denie ruk\u00e1vniky KATJA bledofialov\u00e9 orgov\u00e1nov\u00e9 - TATTJA","isPartOf":{"@id":"https:\/\/www.tattja.com\/#website"},"primaryImageOfPage":{"@id":"https:\/\/www.tattja.com\/product\/damske-oblecenie-rukavniky-katja-bledofialove-orgovanove\/#primaryimage"},"image":{"@id":"https:\/\/www.tattja.com\/product\/damske-oblecenie-rukavniky-katja-bledofialove-orgovanove\/#primaryimage"},"thumbnailUrl":"https:\/\/www.tattja.com\/wp-content\/uploads\/2025\/12\/bledofialovy-orgovanovy-rukavniky-spredu-19.webp","datePublished":"2025-08-21T08:15:02+00:00","dateModified":"2026-04-05T17:44:43+00:00","description":"D\u00e1mske oble\u010denie ruk\u00e1vniky KATJA bledofialov\u00e9 orgov\u00e1nov\u00e9 \u2013 jemn\u00e9, elegantn\u00e9 a hrejiv\u00e9 ruk\u00e1vniky, ktor\u00e9 doplnia outfit s n\u00e1dychom \u017eenskosti a luxusu.","breadcrumb":{"@id":"https:\/\/www.tattja.com\/product\/damske-oblecenie-rukavniky-katja-bledofialove-orgovanove\/#breadcrumb"},"inLanguage":"en-GB","potentialAction":[{"@type":"ReadAction","target":["https:\/\/www.tattja.com\/product\/damske-oblecenie-rukavniky-katja-bledofialove-orgovanove\/"]}]},{"@type":"ImageObject","inLanguage":"en-GB","@id":"https:\/\/www.tattja.com\/product\/damske-oblecenie-rukavniky-katja-bledofialove-orgovanove\/#primaryimage","url":"https:\/\/www.tattja.com\/wp-content\/uploads\/2025\/12\/bledofialovy-orgovanovy-rukavniky-spredu-19.webp","contentUrl":"https:\/\/www.tattja.com\/wp-content\/uploads\/2025\/12\/bledofialovy-orgovanovy-rukavniky-spredu-19.webp","width":1365,"height":2048,"caption":"Bledofialovo-orgov\u00e1nov\u00e9 pleten\u00e9 ruk\u00e1vniky KATJA \u2013 predn\u00fd poh\u013ead"},{"@type":"BreadcrumbList","@id":"https:\/\/www.tattja.com\/product\/damske-oblecenie-rukavniky-katja-bledofialove-orgovanove\/#breadcrumb","itemListElement":[{"@type":"ListItem","position":1,"name":"Domov","item":"https:\/\/www.tattja.com\/"},{"@type":"ListItem","position":2,"name":"Produkty","item":"https:\/\/www.tattja.com\/damske-oblecenie-produkty\/"},{"@type":"ListItem","position":3,"name":"D\u00e1mske oble\u010denie ruk\u00e1vniky KATJA bledofialov\u00e9 orgov\u00e1nov\u00e9"}]},{"@type":"WebSite","@id":"https:\/\/www.tattja.com\/#website","url":"https:\/\/www.tattja.com\/","name":"TATTJA","description":"D\u00e1mske oble\u010denie z extra jemnej merino vlny \u2014 ru\u010dne pleten\u00e9 na Slovensku","potentialAction":[{"@type":"SearchAction","target":{"@type":"EntryPoint","urlTemplate":"https:\/\/www.tattja.com\/?s={search_term_string}"},"query-input":{"@type":"PropertyValueSpecification","valueRequired":true,"valueName":"search_term_string"}}],"inLanguage":"en-GB"}]}},"_links":{"self":[{"href":"https:\/\/www.tattja.com\/en\/wp-json\/wp\/v2\/product\/2087","targetHints":{"allow":["GET"]}}],"collection":[{"href":"https:\/\/www.tattja.com\/en\/wp-json\/wp\/v2\/product"}],"about":[{"href":"https:\/\/www.tattja.com\/en\/wp-json\/wp\/v2\/types\/product"}],"replies":[{"embeddable":true,"href":"https:\/\/www.tattja.com\/en\/wp-json\/wp\/v2\/comments?post=2087"}],"version-history":[{"count":6,"href":"https:\/\/www.tattja.com\/en\/wp-json\/wp\/v2\/product\/2087\/revisions"}],"predecessor-version":[{"id":5892,"href":"https:\/\/www.tattja.com\/en\/wp-json\/wp\/v2\/product\/2087\/revisions\/5892"}],"wp:featuredmedia":[{"embeddable":true,"href":"https:\/\/www.tattja.com\/en\/wp-json\/wp\/v2\/media\/7372"}],"wp:attachment":[{"href":"https:\/\/www.tattja.com\/en\/wp-json\/wp\/v2\/media?parent=2087"}],"wp:term":[{"taxonomy":"product_brand","embeddable":true,"href":"https:\/\/www.tattja.com\/en\/wp-json\/wp\/v2\/product_brand?post=2087"},{"taxonomy":"product_cat","embeddable":true,"href":"https:\/\/www.tattja.com\/en\/wp-json\/wp\/v2\/product_cat?post=2087"},{"taxonomy":"product_tag","embeddable":true,"href":"https:\/\/www.tattja.com\/en\/wp-json\/wp\/v2\/product_tag?post=2087"}],"curies":[{"name":"wp","href":"https:\/\/api.w.org\/{rel}","templated":true}]}}