{"id":2093,"date":"2025-08-21T10:17:57","date_gmt":"2025-08-21T08:17:57","guid":{"rendered":"https:\/\/www.tattja.com\/?post_type=product&#038;p=2093"},"modified":"2026-04-05T19:44:43","modified_gmt":"2026-04-05T17:44:43","slug":"damske-oblecenie-dvojset-sighrith-bledofialovy-orgovanovy","status":"publish","type":"product","link":"https:\/\/www.tattja.com\/en\/product\/damske-oblecenie-dvojset-sighrith-bledofialovy-orgovanovy\/","title":{"rendered":"D\u00e1mske oble\u010denie 2-set SIGHRITH bledofialov\u00fd orgov\u00e1nov\u00fd"},"content":{"rendered":"<p data-start=\"952\" data-end=\"1304\"><strong data-start=\"952\" data-end=\"1013\">Women's double set SIGHRITH pale lilac lilac<\/strong> brings a combination of softness, comfort and natural elegance. We designed this double set for women who appreciate timeless design and quality. It combines a knitted shrug and cuffs into a harmonious ensemble that adapts to the figure, warms and enhances feminine curves without restricting movement.<\/p>\n<p data-start=\"1306\" data-end=\"1637\">The pale lilac-purple shade looks delicate and elegant, while at the same time radiating calm and feminine grace. It is ideal for women who love soft colours, but also want to look original and stylish. This tone can easily be combined with both neutrals and richer shades, making it suitable for both casual wear and more formal occasions.<\/p>\n<p data-start=\"1639\" data-end=\"1931\">The collar gently wraps around the waist, protects against the cold and completes the elegant silhouette. The sleeves warm the shoulders and arms, give the outfit a warm feeling and at the same time act as a stylish accessory. Thanks to the collection's high-quality ribbed knit fabric <strong data-start=\"1869\" data-end=\"1879\">TATTJA<\/strong> retains its shape and comfort even with frequent wear.<\/p>\n<p data-start=\"1933\" data-end=\"2131\">We designed the SIGHRITH women's double set pale lilac lilac as the perfect combination of femininity and functionality. It brings elegance, refinement and sophistication to every day. You'll use it to take to the city, for walks and for moments of relaxation.<\/p>\n<p data-start=\"2133\" data-end=\"2373\">Discover the beauty of delicacy, sophisticated details and feminine style that will keep you warm and <a href=\"https:\/\/www.tattja.com\/en\/product-category\/damske-oblecenie\/dvojsety\/driekovnik-a-rukavniky\/\">in other colours<\/a>.<br data-start=\"2236\" data-end=\"2239\" \/><strong data-start=\"2239\" data-end=\"2293\">See, <a href=\"https:\/\/shop.bogensberger.co.at\/produkt-schlagwort\/merino-extrafein\/\">from what materials<\/a> we produce our pieces<\/strong>, and treat yourself to a luxurious touch of quality that enhances your natural elegance.<\/p>","protected":false},"excerpt":{"rendered":"<p>The SIGHRITH women's double set pale lilac lilac offers the perfect balance between elegance, comfort and femininity. The combination of a shrug and sleeveless shirt creates a subtle yet distinctive accent for any outfit.<\/p>","protected":false},"featured_media":7395,"comment_status":"open","ping_status":"closed","template":"","meta":[],"product_brand":[],"product_cat":[289,300,293,148,145],"product_tag":[],"class_list":{"0":"post-2093","1":"product","2":"type-product","3":"status-publish","4":"has-post-thumbnail","6":"product_cat-dvojsety","7":"product_cat-damske-oblecenie","8":"product_cat-driekovnik-a-rukavniky","9":"product_cat-dvojsety-bledofialove-orgovanove","10":"product_cat-pleteninove-doplnky-bledofialove-orgovanove","12":"first","13":"instock","14":"taxable","15":"shipping-taxable","16":"purchasable","17":"product-type-simple"},"yoast_head":"<!-- This site is optimized with the Yoast SEO plugin v26.0 - https:\/\/yoast.com\/wordpress\/plugins\/seo\/ -->\n<title>D\u00e1mske oble\u010denie 2-set SIGHRITH bledofialov\u00fd orgov\u00e1nov\u00fd - TATTJA<\/title>\n<meta name=\"description\" content=\"D\u00e1mske oble\u010denie dvojset SIGHRITH bledofialov\u00fd orgov\u00e1nov\u00fd \u2013 jemn\u00fd a \u017eensk\u00fd komplet, ktor\u00fd sp\u00e1ja noblesu, pohodlie a prirodzen\u00fa eleganciu zna\u010dky TATTJA.\" \/>\n<meta name=\"robots\" content=\"index, follow, max-snippet:-1, max-image-preview:large, max-video-preview:-1\" \/>\n<link rel=\"canonical\" href=\"https:\/\/www.tattja.com\/en\/product\/damske-oblecenie-dvojset-sighrith-bledofialovy-orgovanovy\/\" \/>\n<meta property=\"og:locale\" content=\"en_GB\" \/>\n<meta property=\"og:type\" content=\"article\" \/>\n<meta property=\"og:title\" content=\"D\u00e1mske oble\u010denie 2-set SIGHRITH bledofialov\u00fd orgov\u00e1nov\u00fd - TATTJA\" \/>\n<meta property=\"og:description\" content=\"D\u00e1mske oble\u010denie dvojset SIGHRITH bledofialov\u00fd orgov\u00e1nov\u00fd \u2013 jemn\u00fd a \u017eensk\u00fd komplet, ktor\u00fd sp\u00e1ja noblesu, pohodlie a prirodzen\u00fa eleganciu zna\u010dky TATTJA.\" \/>\n<meta property=\"og:url\" content=\"https:\/\/www.tattja.com\/en\/product\/damske-oblecenie-dvojset-sighrith-bledofialovy-orgovanovy\/\" \/>\n<meta property=\"og:site_name\" content=\"TATTJA\" \/>\n<meta property=\"article:modified_time\" content=\"2026-04-05T17:44:43+00:00\" \/>\n<meta property=\"og:image\" content=\"https:\/\/www.tattja.com\/wp-content\/uploads\/2025\/12\/bledofialovy-orgovanovy-dvojset-driekovnik-rukavniky-spredu-16.webp\" \/>\n\t<meta property=\"og:image:width\" content=\"1365\" \/>\n\t<meta property=\"og:image:height\" content=\"2047\" \/>\n\t<meta property=\"og:image:type\" content=\"image\/webp\" \/>\n<meta name=\"twitter:card\" content=\"summary_large_image\" \/>\n<meta name=\"twitter:label1\" content=\"Estimated reading time\" \/>\n\t<meta name=\"twitter:data1\" content=\"2 minutes\" \/>\n<script type=\"application\/ld+json\" class=\"yoast-schema-graph\">{\"@context\":\"https:\/\/schema.org\",\"@graph\":[{\"@type\":\"WebPage\",\"@id\":\"https:\/\/www.tattja.com\/product\/damske-oblecenie-dvojset-sighrith-bledofialovy-orgovanovy\/\",\"url\":\"https:\/\/www.tattja.com\/product\/damske-oblecenie-dvojset-sighrith-bledofialovy-orgovanovy\/\",\"name\":\"D\u00e1mske oble\u010denie 2-set SIGHRITH bledofialov\u00fd orgov\u00e1nov\u00fd - TATTJA\",\"isPartOf\":{\"@id\":\"https:\/\/www.tattja.com\/#website\"},\"primaryImageOfPage\":{\"@id\":\"https:\/\/www.tattja.com\/product\/damske-oblecenie-dvojset-sighrith-bledofialovy-orgovanovy\/#primaryimage\"},\"image\":{\"@id\":\"https:\/\/www.tattja.com\/product\/damske-oblecenie-dvojset-sighrith-bledofialovy-orgovanovy\/#primaryimage\"},\"thumbnailUrl\":\"https:\/\/www.tattja.com\/wp-content\/uploads\/2025\/12\/bledofialovy-orgovanovy-dvojset-driekovnik-rukavniky-spredu-16.webp\",\"datePublished\":\"2025-08-21T08:17:57+00:00\",\"dateModified\":\"2026-04-05T17:44:43+00:00\",\"description\":\"D\u00e1mske oble\u010denie dvojset SIGHRITH bledofialov\u00fd orgov\u00e1nov\u00fd \u2013 jemn\u00fd a \u017eensk\u00fd komplet, ktor\u00fd sp\u00e1ja noblesu, pohodlie a prirodzen\u00fa eleganciu zna\u010dky TATTJA.\",\"breadcrumb\":{\"@id\":\"https:\/\/www.tattja.com\/product\/damske-oblecenie-dvojset-sighrith-bledofialovy-orgovanovy\/#breadcrumb\"},\"inLanguage\":\"en-GB\",\"potentialAction\":[{\"@type\":\"ReadAction\",\"target\":[\"https:\/\/www.tattja.com\/product\/damske-oblecenie-dvojset-sighrith-bledofialovy-orgovanovy\/\"]}]},{\"@type\":\"ImageObject\",\"inLanguage\":\"en-GB\",\"@id\":\"https:\/\/www.tattja.com\/product\/damske-oblecenie-dvojset-sighrith-bledofialovy-orgovanovy\/#primaryimage\",\"url\":\"https:\/\/www.tattja.com\/wp-content\/uploads\/2025\/12\/bledofialovy-orgovanovy-dvojset-driekovnik-rukavniky-spredu-16.webp\",\"contentUrl\":\"https:\/\/www.tattja.com\/wp-content\/uploads\/2025\/12\/bledofialovy-orgovanovy-dvojset-driekovnik-rukavniky-spredu-16.webp\",\"width\":1365,\"height\":2047,\"caption\":\"Bledofialovo-orgov\u00e1nov\u00fd pleten\u00fd dvojset SIGRITH \u2013 driekovn\u00edk a ruk\u00e1vniky, predn\u00fd poh\u013ead\"},{\"@type\":\"BreadcrumbList\",\"@id\":\"https:\/\/www.tattja.com\/product\/damske-oblecenie-dvojset-sighrith-bledofialovy-orgovanovy\/#breadcrumb\",\"itemListElement\":[{\"@type\":\"ListItem\",\"position\":1,\"name\":\"Domov\",\"item\":\"https:\/\/www.tattja.com\/\"},{\"@type\":\"ListItem\",\"position\":2,\"name\":\"Produkty\",\"item\":\"https:\/\/www.tattja.com\/damske-oblecenie-produkty\/\"},{\"@type\":\"ListItem\",\"position\":3,\"name\":\"D\u00e1mske oble\u010denie 2-set SIGHRITH bledofialov\u00fd orgov\u00e1nov\u00fd\"}]},{\"@type\":\"WebSite\",\"@id\":\"https:\/\/www.tattja.com\/#website\",\"url\":\"https:\/\/www.tattja.com\/\",\"name\":\"TATTJA\",\"description\":\"D\u00e1mske oble\u010denie z extra jemnej merino vlny \u2014 ru\u010dne pleten\u00e9 na Slovensku\",\"potentialAction\":[{\"@type\":\"SearchAction\",\"target\":{\"@type\":\"EntryPoint\",\"urlTemplate\":\"https:\/\/www.tattja.com\/?s={search_term_string}\"},\"query-input\":{\"@type\":\"PropertyValueSpecification\",\"valueRequired\":true,\"valueName\":\"search_term_string\"}}],\"inLanguage\":\"en-GB\"}]}<\/script>\n<!-- \/ Yoast SEO plugin. -->","yoast_head_json":{"title":"D\u00e1mske oble\u010denie 2-set SIGHRITH bledofialov\u00fd orgov\u00e1nov\u00fd - TATTJA","description":"D\u00e1mske oble\u010denie dvojset SIGHRITH bledofialov\u00fd orgov\u00e1nov\u00fd \u2013 jemn\u00fd a \u017eensk\u00fd komplet, ktor\u00fd sp\u00e1ja noblesu, pohodlie a prirodzen\u00fa eleganciu zna\u010dky TATTJA.","robots":{"index":"index","follow":"follow","max-snippet":"max-snippet:-1","max-image-preview":"max-image-preview:large","max-video-preview":"max-video-preview:-1"},"canonical":"https:\/\/www.tattja.com\/en\/product\/damske-oblecenie-dvojset-sighrith-bledofialovy-orgovanovy\/","og_locale":"en_GB","og_type":"article","og_title":"D\u00e1mske oble\u010denie 2-set SIGHRITH bledofialov\u00fd orgov\u00e1nov\u00fd - TATTJA","og_description":"D\u00e1mske oble\u010denie dvojset SIGHRITH bledofialov\u00fd orgov\u00e1nov\u00fd \u2013 jemn\u00fd a \u017eensk\u00fd komplet, ktor\u00fd sp\u00e1ja noblesu, pohodlie a prirodzen\u00fa eleganciu zna\u010dky TATTJA.","og_url":"https:\/\/www.tattja.com\/en\/product\/damske-oblecenie-dvojset-sighrith-bledofialovy-orgovanovy\/","og_site_name":"TATTJA","article_modified_time":"2026-04-05T17:44:43+00:00","og_image":[{"width":1365,"height":2047,"url":"https:\/\/www.tattja.com\/wp-content\/uploads\/2025\/12\/bledofialovy-orgovanovy-dvojset-driekovnik-rukavniky-spredu-16.webp","type":"image\/webp"}],"twitter_card":"summary_large_image","twitter_misc":{"Estimated reading time":"2 minutes"},"schema":{"@context":"https:\/\/schema.org","@graph":[{"@type":"WebPage","@id":"https:\/\/www.tattja.com\/product\/damske-oblecenie-dvojset-sighrith-bledofialovy-orgovanovy\/","url":"https:\/\/www.tattja.com\/product\/damske-oblecenie-dvojset-sighrith-bledofialovy-orgovanovy\/","name":"D\u00e1mske oble\u010denie 2-set SIGHRITH bledofialov\u00fd orgov\u00e1nov\u00fd - TATTJA","isPartOf":{"@id":"https:\/\/www.tattja.com\/#website"},"primaryImageOfPage":{"@id":"https:\/\/www.tattja.com\/product\/damske-oblecenie-dvojset-sighrith-bledofialovy-orgovanovy\/#primaryimage"},"image":{"@id":"https:\/\/www.tattja.com\/product\/damske-oblecenie-dvojset-sighrith-bledofialovy-orgovanovy\/#primaryimage"},"thumbnailUrl":"https:\/\/www.tattja.com\/wp-content\/uploads\/2025\/12\/bledofialovy-orgovanovy-dvojset-driekovnik-rukavniky-spredu-16.webp","datePublished":"2025-08-21T08:17:57+00:00","dateModified":"2026-04-05T17:44:43+00:00","description":"D\u00e1mske oble\u010denie dvojset SIGHRITH bledofialov\u00fd orgov\u00e1nov\u00fd \u2013 jemn\u00fd a \u017eensk\u00fd komplet, ktor\u00fd sp\u00e1ja noblesu, pohodlie a prirodzen\u00fa eleganciu zna\u010dky TATTJA.","breadcrumb":{"@id":"https:\/\/www.tattja.com\/product\/damske-oblecenie-dvojset-sighrith-bledofialovy-orgovanovy\/#breadcrumb"},"inLanguage":"en-GB","potentialAction":[{"@type":"ReadAction","target":["https:\/\/www.tattja.com\/product\/damske-oblecenie-dvojset-sighrith-bledofialovy-orgovanovy\/"]}]},{"@type":"ImageObject","inLanguage":"en-GB","@id":"https:\/\/www.tattja.com\/product\/damske-oblecenie-dvojset-sighrith-bledofialovy-orgovanovy\/#primaryimage","url":"https:\/\/www.tattja.com\/wp-content\/uploads\/2025\/12\/bledofialovy-orgovanovy-dvojset-driekovnik-rukavniky-spredu-16.webp","contentUrl":"https:\/\/www.tattja.com\/wp-content\/uploads\/2025\/12\/bledofialovy-orgovanovy-dvojset-driekovnik-rukavniky-spredu-16.webp","width":1365,"height":2047,"caption":"Bledofialovo-orgov\u00e1nov\u00fd pleten\u00fd dvojset SIGRITH \u2013 driekovn\u00edk a ruk\u00e1vniky, predn\u00fd poh\u013ead"},{"@type":"BreadcrumbList","@id":"https:\/\/www.tattja.com\/product\/damske-oblecenie-dvojset-sighrith-bledofialovy-orgovanovy\/#breadcrumb","itemListElement":[{"@type":"ListItem","position":1,"name":"Domov","item":"https:\/\/www.tattja.com\/"},{"@type":"ListItem","position":2,"name":"Produkty","item":"https:\/\/www.tattja.com\/damske-oblecenie-produkty\/"},{"@type":"ListItem","position":3,"name":"D\u00e1mske oble\u010denie 2-set SIGHRITH bledofialov\u00fd orgov\u00e1nov\u00fd"}]},{"@type":"WebSite","@id":"https:\/\/www.tattja.com\/#website","url":"https:\/\/www.tattja.com\/","name":"TATTJA","description":"D\u00e1mske oble\u010denie z extra jemnej merino vlny \u2014 ru\u010dne pleten\u00e9 na Slovensku","potentialAction":[{"@type":"SearchAction","target":{"@type":"EntryPoint","urlTemplate":"https:\/\/www.tattja.com\/?s={search_term_string}"},"query-input":{"@type":"PropertyValueSpecification","valueRequired":true,"valueName":"search_term_string"}}],"inLanguage":"en-GB"}]}},"_links":{"self":[{"href":"https:\/\/www.tattja.com\/en\/wp-json\/wp\/v2\/product\/2093","targetHints":{"allow":["GET"]}}],"collection":[{"href":"https:\/\/www.tattja.com\/en\/wp-json\/wp\/v2\/product"}],"about":[{"href":"https:\/\/www.tattja.com\/en\/wp-json\/wp\/v2\/types\/product"}],"replies":[{"embeddable":true,"href":"https:\/\/www.tattja.com\/en\/wp-json\/wp\/v2\/comments?post=2093"}],"version-history":[{"count":6,"href":"https:\/\/www.tattja.com\/en\/wp-json\/wp\/v2\/product\/2093\/revisions"}],"predecessor-version":[{"id":7184,"href":"https:\/\/www.tattja.com\/en\/wp-json\/wp\/v2\/product\/2093\/revisions\/7184"}],"wp:featuredmedia":[{"embeddable":true,"href":"https:\/\/www.tattja.com\/en\/wp-json\/wp\/v2\/media\/7395"}],"wp:attachment":[{"href":"https:\/\/www.tattja.com\/en\/wp-json\/wp\/v2\/media?parent=2093"}],"wp:term":[{"taxonomy":"product_brand","embeddable":true,"href":"https:\/\/www.tattja.com\/en\/wp-json\/wp\/v2\/product_brand?post=2093"},{"taxonomy":"product_cat","embeddable":true,"href":"https:\/\/www.tattja.com\/en\/wp-json\/wp\/v2\/product_cat?post=2093"},{"taxonomy":"product_tag","embeddable":true,"href":"https:\/\/www.tattja.com\/en\/wp-json\/wp\/v2\/product_tag?post=2093"}],"curies":[{"name":"wp","href":"https:\/\/api.w.org\/{rel}","templated":true}]}}