{"id":2109,"date":"2025-08-21T10:44:23","date_gmt":"2025-08-21T08:44:23","guid":{"rendered":"https:\/\/www.tattja.com\/?post_type=product&#038;p=2109"},"modified":"2026-04-05T19:44:42","modified_gmt":"2026-04-05T17:44:42","slug":"damske-oblecenie-trojset-mimir-bledofialovy-orgovanovy","status":"publish","type":"product","link":"https:\/\/www.tattja.com\/en\/product\/damske-oblecenie-trojset-mimir-bledofialovy-orgovanovy\/","title":{"rendered":"D\u00e1mske oble\u010denie 3-set MIMIR bledofialov\u00fd orgov\u00e1nov\u00fd"},"content":{"rendered":"<p data-start=\"1111\" data-end=\"1443\"><strong data-start=\"1111\" data-end=\"1169\">Women's clothing three-set MIMIR pale purple lilac<\/strong> is the epitome of refinement, sophistication and functional beauty. This elegant knitted set from the brand <strong data-start=\"1259\" data-end=\"1269\">TATTJA<\/strong> It consists of a neckpiece, armbands and a cap with a visor - three detailed pieces that together create a harmonious whole with a touch of luxury and feminine glamour.<\/p>\n<p data-start=\"1445\" data-end=\"1750\">The lilac shade symbolizes calmness, sensuality and femininity. Its pastel softness is ethereal, yet exudes confidence and refined elegance. This tone flatters all skin types and becomes a versatile companion throughout the year - refreshing summer combinations and adding warmth to winter outfits.<\/p>\n<p data-start=\"1752\" data-end=\"2105\">The neckwarmer gently wraps around the neck and shoulders, bringing a feeling of soft warmth and comfort. The sleeves accentuate the line of the arms and add a stylish detail to the outfit, while the beanie cap completes the ensemble with modern feminine energy. Each piece is designed to look elegant yet practical - adapting to movement, keeping you warm and leaving a feeling of effortless luxury.<\/p>\n<p data-start=\"2107\" data-end=\"2345\">The knitted fabric is stretchy, breathable and soft to the touch, providing exceptional comfort every day. The careful craftsmanship of the material is testament to the brand's artisanal precision and attention to detail <strong data-start=\"2322\" data-end=\"2332\">TATTJA<\/strong>characterized by.<\/p>\n<p data-start=\"2347\" data-end=\"2589\"><strong data-start=\"2347\" data-end=\"2405\">Women's clothing three-set MIMIR pale purple lilac<\/strong> is the ideal accessory for women looking for a combination of luxury, comfort and originality. This model elevates even a simple outfit into an elegant ensemble that exudes calm and feminine strength.<\/p>\n<p data-start=\"2347\" data-end=\"2589\">Discover the beauty of delicacy, sophisticated details and feminine style that will keep you warm and <a href=\"https:\/\/www.tattja.com\/en\/product-category\/damske-oblecenie\/trojsety-3\/nakrcnik-a-rukavniky-a-ciapka\/\">in other colours<\/a>.<\/p>\n<p data-start=\"2591\" data-end=\"2761\"><strong data-start=\"2591\" data-end=\"2648\">See, <a href=\"https:\/\/shop.bogensberger.co.at\/produkt-schlagwort\/merino-extrafein\/\">from what materials<\/a> we produce our pieces<\/strong> and discover the beauty in the details that combine elegance, functionality and exceptional refinement of each model <strong data-start=\"2748\" data-end=\"2758\">TATTJA<\/strong>.<\/p>","protected":false},"excerpt":{"rendered":"<p><strong data-start=\"723\" data-end=\"781\">Women's clothing three-set MIMIR pale purple lilac<\/strong> combines refinement, elegance and practicality. Necktie, sleeves and a cap with a shield create a harmonious whole that warms and enhances feminine strength. The lilac tone looks delicate, fresh and sophisticated. This set is ideal for women who appreciate the comfort and original style of the brand <strong data-start=\"1058\" data-end=\"1068\">TATTJA<\/strong>.<\/p>","protected":false},"featured_media":7352,"comment_status":"open","ping_status":"closed","template":"","meta":[],"product_brand":[],"product_cat":[284,300,287,145,147],"product_tag":[],"class_list":{"0":"post-2109","1":"product","2":"type-product","3":"status-publish","4":"has-post-thumbnail","6":"product_cat-trojsety-3","7":"product_cat-damske-oblecenie","8":"product_cat-nakrcnik-a-rukavniky-a-ciapka","9":"product_cat-pleteninove-doplnky-bledofialove-orgovanove","10":"product_cat-trojsety-bledofialove-orgovanove","12":"first","13":"instock","14":"taxable","15":"shipping-taxable","16":"purchasable","17":"product-type-simple"},"yoast_head":"<!-- This site is optimized with the Yoast SEO plugin v26.0 - https:\/\/yoast.com\/wordpress\/plugins\/seo\/ -->\n<title>D\u00e1mske oble\u010denie 3-set MIMIR bledofialov\u00fd orgov\u00e1nov\u00fd - TATTJA<\/title>\n<meta name=\"description\" content=\"D\u00e1mske oble\u010denie trojset MIMIR bledofialov\u00fd orgov\u00e1nov\u00fd \u2013 elegantn\u00fd pleten\u00fd set TATTJA sp\u00e1ja jemnos\u0165, luxus a pohodlie v t\u00f3ne ne\u017enej \u017eenskosti.\" \/>\n<meta name=\"robots\" content=\"index, follow, max-snippet:-1, max-image-preview:large, max-video-preview:-1\" \/>\n<link rel=\"canonical\" href=\"https:\/\/www.tattja.com\/en\/product\/damske-oblecenie-trojset-mimir-bledofialovy-orgovanovy\/\" \/>\n<meta property=\"og:locale\" content=\"en_GB\" \/>\n<meta property=\"og:type\" content=\"article\" \/>\n<meta property=\"og:title\" content=\"D\u00e1mske oble\u010denie 3-set MIMIR bledofialov\u00fd orgov\u00e1nov\u00fd - TATTJA\" \/>\n<meta property=\"og:description\" content=\"D\u00e1mske oble\u010denie trojset MIMIR bledofialov\u00fd orgov\u00e1nov\u00fd \u2013 elegantn\u00fd pleten\u00fd set TATTJA sp\u00e1ja jemnos\u0165, luxus a pohodlie v t\u00f3ne ne\u017enej \u017eenskosti.\" \/>\n<meta property=\"og:url\" content=\"https:\/\/www.tattja.com\/en\/product\/damske-oblecenie-trojset-mimir-bledofialovy-orgovanovy\/\" \/>\n<meta property=\"og:site_name\" content=\"TATTJA\" \/>\n<meta property=\"article:modified_time\" content=\"2026-04-05T17:44:42+00:00\" \/>\n<meta property=\"og:image\" content=\"https:\/\/www.tattja.com\/wp-content\/uploads\/2025\/12\/bledofialovy-orgovanovy-trojset-nakrcnik-rukavniky-ciapka-spredu-22.webp\" \/>\n\t<meta property=\"og:image:width\" content=\"1365\" \/>\n\t<meta property=\"og:image:height\" content=\"2048\" \/>\n\t<meta property=\"og:image:type\" content=\"image\/webp\" \/>\n<meta name=\"twitter:card\" content=\"summary_large_image\" \/>\n<meta name=\"twitter:label1\" content=\"Estimated reading time\" \/>\n\t<meta name=\"twitter:data1\" content=\"2 minutes\" \/>\n<script type=\"application\/ld+json\" class=\"yoast-schema-graph\">{\"@context\":\"https:\/\/schema.org\",\"@graph\":[{\"@type\":\"WebPage\",\"@id\":\"https:\/\/www.tattja.com\/product\/damske-oblecenie-trojset-mimir-bledofialovy-orgovanovy\/\",\"url\":\"https:\/\/www.tattja.com\/product\/damske-oblecenie-trojset-mimir-bledofialovy-orgovanovy\/\",\"name\":\"D\u00e1mske oble\u010denie 3-set MIMIR bledofialov\u00fd orgov\u00e1nov\u00fd - TATTJA\",\"isPartOf\":{\"@id\":\"https:\/\/www.tattja.com\/#website\"},\"primaryImageOfPage\":{\"@id\":\"https:\/\/www.tattja.com\/product\/damske-oblecenie-trojset-mimir-bledofialovy-orgovanovy\/#primaryimage\"},\"image\":{\"@id\":\"https:\/\/www.tattja.com\/product\/damske-oblecenie-trojset-mimir-bledofialovy-orgovanovy\/#primaryimage\"},\"thumbnailUrl\":\"https:\/\/www.tattja.com\/wp-content\/uploads\/2025\/12\/bledofialovy-orgovanovy-trojset-nakrcnik-rukavniky-ciapka-spredu-22.webp\",\"datePublished\":\"2025-08-21T08:44:23+00:00\",\"dateModified\":\"2026-04-05T17:44:42+00:00\",\"description\":\"D\u00e1mske oble\u010denie trojset MIMIR bledofialov\u00fd orgov\u00e1nov\u00fd \u2013 elegantn\u00fd pleten\u00fd set TATTJA sp\u00e1ja jemnos\u0165, luxus a pohodlie v t\u00f3ne ne\u017enej \u017eenskosti.\",\"breadcrumb\":{\"@id\":\"https:\/\/www.tattja.com\/product\/damske-oblecenie-trojset-mimir-bledofialovy-orgovanovy\/#breadcrumb\"},\"inLanguage\":\"en-GB\",\"potentialAction\":[{\"@type\":\"ReadAction\",\"target\":[\"https:\/\/www.tattja.com\/product\/damske-oblecenie-trojset-mimir-bledofialovy-orgovanovy\/\"]}]},{\"@type\":\"ImageObject\",\"inLanguage\":\"en-GB\",\"@id\":\"https:\/\/www.tattja.com\/product\/damske-oblecenie-trojset-mimir-bledofialovy-orgovanovy\/#primaryimage\",\"url\":\"https:\/\/www.tattja.com\/wp-content\/uploads\/2025\/12\/bledofialovy-orgovanovy-trojset-nakrcnik-rukavniky-ciapka-spredu-22.webp\",\"contentUrl\":\"https:\/\/www.tattja.com\/wp-content\/uploads\/2025\/12\/bledofialovy-orgovanovy-trojset-nakrcnik-rukavniky-ciapka-spredu-22.webp\",\"width\":1365,\"height\":2048,\"caption\":\"Bledofialovo-orgov\u00e1nov\u00fd pleten\u00fd trojset \u2013 n\u00e1kr\u010dn\u00edk, ruk\u00e1vniky a \u010diapka, predn\u00fd poh\u013ead\"},{\"@type\":\"BreadcrumbList\",\"@id\":\"https:\/\/www.tattja.com\/product\/damske-oblecenie-trojset-mimir-bledofialovy-orgovanovy\/#breadcrumb\",\"itemListElement\":[{\"@type\":\"ListItem\",\"position\":1,\"name\":\"Domov\",\"item\":\"https:\/\/www.tattja.com\/\"},{\"@type\":\"ListItem\",\"position\":2,\"name\":\"Produkty\",\"item\":\"https:\/\/www.tattja.com\/damske-oblecenie-produkty\/\"},{\"@type\":\"ListItem\",\"position\":3,\"name\":\"D\u00e1mske oble\u010denie 3-set MIMIR bledofialov\u00fd orgov\u00e1nov\u00fd\"}]},{\"@type\":\"WebSite\",\"@id\":\"https:\/\/www.tattja.com\/#website\",\"url\":\"https:\/\/www.tattja.com\/\",\"name\":\"TATTJA\",\"description\":\"D\u00e1mske oble\u010denie z extra jemnej merino vlny \u2014 ru\u010dne pleten\u00e9 na Slovensku\",\"potentialAction\":[{\"@type\":\"SearchAction\",\"target\":{\"@type\":\"EntryPoint\",\"urlTemplate\":\"https:\/\/www.tattja.com\/?s={search_term_string}\"},\"query-input\":{\"@type\":\"PropertyValueSpecification\",\"valueRequired\":true,\"valueName\":\"search_term_string\"}}],\"inLanguage\":\"en-GB\"}]}<\/script>\n<!-- \/ Yoast SEO plugin. -->","yoast_head_json":{"title":"D\u00e1mske oble\u010denie 3-set MIMIR bledofialov\u00fd orgov\u00e1nov\u00fd - TATTJA","description":"D\u00e1mske oble\u010denie trojset MIMIR bledofialov\u00fd orgov\u00e1nov\u00fd \u2013 elegantn\u00fd pleten\u00fd set TATTJA sp\u00e1ja jemnos\u0165, luxus a pohodlie v t\u00f3ne ne\u017enej \u017eenskosti.","robots":{"index":"index","follow":"follow","max-snippet":"max-snippet:-1","max-image-preview":"max-image-preview:large","max-video-preview":"max-video-preview:-1"},"canonical":"https:\/\/www.tattja.com\/en\/product\/damske-oblecenie-trojset-mimir-bledofialovy-orgovanovy\/","og_locale":"en_GB","og_type":"article","og_title":"D\u00e1mske oble\u010denie 3-set MIMIR bledofialov\u00fd orgov\u00e1nov\u00fd - TATTJA","og_description":"D\u00e1mske oble\u010denie trojset MIMIR bledofialov\u00fd orgov\u00e1nov\u00fd \u2013 elegantn\u00fd pleten\u00fd set TATTJA sp\u00e1ja jemnos\u0165, luxus a pohodlie v t\u00f3ne ne\u017enej \u017eenskosti.","og_url":"https:\/\/www.tattja.com\/en\/product\/damske-oblecenie-trojset-mimir-bledofialovy-orgovanovy\/","og_site_name":"TATTJA","article_modified_time":"2026-04-05T17:44:42+00:00","og_image":[{"width":1365,"height":2048,"url":"https:\/\/www.tattja.com\/wp-content\/uploads\/2025\/12\/bledofialovy-orgovanovy-trojset-nakrcnik-rukavniky-ciapka-spredu-22.webp","type":"image\/webp"}],"twitter_card":"summary_large_image","twitter_misc":{"Estimated reading time":"2 minutes"},"schema":{"@context":"https:\/\/schema.org","@graph":[{"@type":"WebPage","@id":"https:\/\/www.tattja.com\/product\/damske-oblecenie-trojset-mimir-bledofialovy-orgovanovy\/","url":"https:\/\/www.tattja.com\/product\/damske-oblecenie-trojset-mimir-bledofialovy-orgovanovy\/","name":"D\u00e1mske oble\u010denie 3-set MIMIR bledofialov\u00fd orgov\u00e1nov\u00fd - TATTJA","isPartOf":{"@id":"https:\/\/www.tattja.com\/#website"},"primaryImageOfPage":{"@id":"https:\/\/www.tattja.com\/product\/damske-oblecenie-trojset-mimir-bledofialovy-orgovanovy\/#primaryimage"},"image":{"@id":"https:\/\/www.tattja.com\/product\/damske-oblecenie-trojset-mimir-bledofialovy-orgovanovy\/#primaryimage"},"thumbnailUrl":"https:\/\/www.tattja.com\/wp-content\/uploads\/2025\/12\/bledofialovy-orgovanovy-trojset-nakrcnik-rukavniky-ciapka-spredu-22.webp","datePublished":"2025-08-21T08:44:23+00:00","dateModified":"2026-04-05T17:44:42+00:00","description":"D\u00e1mske oble\u010denie trojset MIMIR bledofialov\u00fd orgov\u00e1nov\u00fd \u2013 elegantn\u00fd pleten\u00fd set TATTJA sp\u00e1ja jemnos\u0165, luxus a pohodlie v t\u00f3ne ne\u017enej \u017eenskosti.","breadcrumb":{"@id":"https:\/\/www.tattja.com\/product\/damske-oblecenie-trojset-mimir-bledofialovy-orgovanovy\/#breadcrumb"},"inLanguage":"en-GB","potentialAction":[{"@type":"ReadAction","target":["https:\/\/www.tattja.com\/product\/damske-oblecenie-trojset-mimir-bledofialovy-orgovanovy\/"]}]},{"@type":"ImageObject","inLanguage":"en-GB","@id":"https:\/\/www.tattja.com\/product\/damske-oblecenie-trojset-mimir-bledofialovy-orgovanovy\/#primaryimage","url":"https:\/\/www.tattja.com\/wp-content\/uploads\/2025\/12\/bledofialovy-orgovanovy-trojset-nakrcnik-rukavniky-ciapka-spredu-22.webp","contentUrl":"https:\/\/www.tattja.com\/wp-content\/uploads\/2025\/12\/bledofialovy-orgovanovy-trojset-nakrcnik-rukavniky-ciapka-spredu-22.webp","width":1365,"height":2048,"caption":"Bledofialovo-orgov\u00e1nov\u00fd pleten\u00fd trojset \u2013 n\u00e1kr\u010dn\u00edk, ruk\u00e1vniky a \u010diapka, predn\u00fd poh\u013ead"},{"@type":"BreadcrumbList","@id":"https:\/\/www.tattja.com\/product\/damske-oblecenie-trojset-mimir-bledofialovy-orgovanovy\/#breadcrumb","itemListElement":[{"@type":"ListItem","position":1,"name":"Domov","item":"https:\/\/www.tattja.com\/"},{"@type":"ListItem","position":2,"name":"Produkty","item":"https:\/\/www.tattja.com\/damske-oblecenie-produkty\/"},{"@type":"ListItem","position":3,"name":"D\u00e1mske oble\u010denie 3-set MIMIR bledofialov\u00fd orgov\u00e1nov\u00fd"}]},{"@type":"WebSite","@id":"https:\/\/www.tattja.com\/#website","url":"https:\/\/www.tattja.com\/","name":"TATTJA","description":"D\u00e1mske oble\u010denie z extra jemnej merino vlny \u2014 ru\u010dne pleten\u00e9 na Slovensku","potentialAction":[{"@type":"SearchAction","target":{"@type":"EntryPoint","urlTemplate":"https:\/\/www.tattja.com\/?s={search_term_string}"},"query-input":{"@type":"PropertyValueSpecification","valueRequired":true,"valueName":"search_term_string"}}],"inLanguage":"en-GB"}]}},"_links":{"self":[{"href":"https:\/\/www.tattja.com\/en\/wp-json\/wp\/v2\/product\/2109","targetHints":{"allow":["GET"]}}],"collection":[{"href":"https:\/\/www.tattja.com\/en\/wp-json\/wp\/v2\/product"}],"about":[{"href":"https:\/\/www.tattja.com\/en\/wp-json\/wp\/v2\/types\/product"}],"replies":[{"embeddable":true,"href":"https:\/\/www.tattja.com\/en\/wp-json\/wp\/v2\/comments?post=2109"}],"version-history":[{"count":6,"href":"https:\/\/www.tattja.com\/en\/wp-json\/wp\/v2\/product\/2109\/revisions"}],"predecessor-version":[{"id":7176,"href":"https:\/\/www.tattja.com\/en\/wp-json\/wp\/v2\/product\/2109\/revisions\/7176"}],"wp:featuredmedia":[{"embeddable":true,"href":"https:\/\/www.tattja.com\/en\/wp-json\/wp\/v2\/media\/7352"}],"wp:attachment":[{"href":"https:\/\/www.tattja.com\/en\/wp-json\/wp\/v2\/media?parent=2109"}],"wp:term":[{"taxonomy":"product_brand","embeddable":true,"href":"https:\/\/www.tattja.com\/en\/wp-json\/wp\/v2\/product_brand?post=2109"},{"taxonomy":"product_cat","embeddable":true,"href":"https:\/\/www.tattja.com\/en\/wp-json\/wp\/v2\/product_cat?post=2109"},{"taxonomy":"product_tag","embeddable":true,"href":"https:\/\/www.tattja.com\/en\/wp-json\/wp\/v2\/product_tag?post=2109"}],"curies":[{"name":"wp","href":"https:\/\/api.w.org\/{rel}","templated":true}]}}