{"id":2147,"date":"2025-08-21T11:08:49","date_gmt":"2025-08-21T09:08:49","guid":{"rendered":"https:\/\/www.tattja.com\/?post_type=product&#038;p=2147"},"modified":"2026-04-05T19:44:38","modified_gmt":"2026-04-05T17:44:38","slug":"damske-oblecenie-ukavniky-katja-tmavofialove","status":"publish","type":"product","link":"https:\/\/www.tattja.com\/en\/product\/damske-oblecenie-ukavniky-katja-tmavofialove\/","title":{"rendered":"Women's clothing sleeveless KATJA dark purple"},"content":{"rendered":"<p data-start=\"866\" data-end=\"1200\"><strong data-start=\"866\" data-end=\"915\">Women's clothing sleeveless KATJA dark purple<\/strong> are a combination of luxury, elegance and functionality in one accessory. This original piece from the collection <strong data-start=\"1020\" data-end=\"1030\">TATTJA<\/strong> is designed for women who appreciate quality, detail and feminine glamour. The sleeves will keep you warm and at the same time enhance the style even in the simplest combinations.<\/p>\n<p data-start=\"1202\" data-end=\"1535\">The deep violet shade is deep, refined and mysterious at the same time. It evokes the velvety tones of luxury and symbolises both confidence and elegance. It creates a subtle contrast in the outfit and gives it a sophisticated character. The KATJA sleeves in this colour blend perfectly with both neutral and light tones, opening up a wide range of possibilities for mixing and matching.<\/p>\n<p data-start=\"1537\" data-end=\"1894\">The knitted fabric made of high quality, soft and stretchy material wraps around the arms with ease and brings a feeling of comfort. The ribbed texture is delicate yet precisely crafted, allowing the armbands to hold their shape and remain elegant even after extended wear. They are the perfect choice for layering - they complement a shirt, dress, pullover or coat and add a warming touch with a touch of luxury to an outfit.<\/p>\n<p data-start=\"1896\" data-end=\"2101\">Women's clothing armbands <strong data-start=\"1906\" data-end=\"1928\">KATJA dark purple<\/strong> are more than just an accessory - they are a piece of jewellery for your hands that combines functionality, aesthetics and feminine charm. Their unique hue transforms even a simple look into an elegant and distinctive one.<\/p>\n<p data-start=\"2103\" data-end=\"2208\">Discover the beauty of delicacy, sophisticated details and feminine style that will keep you warm and <a href=\"https:\/\/www.tattja.com\/en\/product-category\/damske-oblecenie\/doplnky-jednotlivo\/rukavniky-2\/\">in other colours.<\/a><\/p>\n<p data-start=\"2210\" data-end=\"2359\"><strong data-start=\"2210\" data-end=\"2264\">See, <a href=\"https:\/\/shop.bogensberger.co.at\/produkt-schlagwort\/merino-extrafein\/\">from what materials<\/a> we produce our pieces<\/strong> and indulge in the combination of comfort, elegance and originality that defines the brand <strong data-start=\"2346\" data-end=\"2356\">TATTJA<\/strong>.<\/p>\n<hr data-start=\"2361\" data-end=\"2364\" \/>","protected":false},"excerpt":{"rendered":"<p><strong data-start=\"662\" data-end=\"711\">Women's clothing sleeveless KATJA dark purple<\/strong> add elegance and warming comfort to any outfit. A luxurious accessory for women who love style and originality.<\/p>","protected":false},"featured_media":7604,"comment_status":"open","ping_status":"closed","template":"","meta":[],"product_brand":[],"product_cat":[300,298,193,281,199],"product_tag":[],"class_list":{"0":"post-2147","1":"product","2":"type-product","3":"status-publish","4":"has-post-thumbnail","6":"product_cat-damske-oblecenie","7":"product_cat-doplnky-jednotlivo","8":"product_cat-pleteninove-doplnky-tmavofialove","9":"product_cat-rukavniky-2","10":"product_cat-rukavniky-tmavofialove","12":"first","13":"instock","14":"taxable","15":"shipping-taxable","16":"purchasable","17":"product-type-simple"},"yoast_head":"<!-- This site is optimized with the Yoast SEO plugin v26.0 - https:\/\/yoast.com\/wordpress\/plugins\/seo\/ -->\n<title>D\u00e1mske oble\u010denie ruk\u00e1vniky KATJA tmavofialov\u00e9 - TATTJA<\/title>\n<meta name=\"description\" content=\"D\u00e1mske oble\u010denie ruk\u00e1vniky KATJA tmavofialov\u00e9 \u2013 elegantn\u00e9 pleten\u00e9 ruk\u00e1vniky, ktor\u00e9 sp\u00e1jaj\u00fa komfort, teplo a noblesu pre modern\u00fa \u017eenu.\" \/>\n<meta name=\"robots\" content=\"index, follow, max-snippet:-1, max-image-preview:large, max-video-preview:-1\" \/>\n<link rel=\"canonical\" href=\"https:\/\/www.tattja.com\/en\/product\/damske-oblecenie-ukavniky-katja-tmavofialove\/\" \/>\n<meta property=\"og:locale\" content=\"en_GB\" \/>\n<meta property=\"og:type\" content=\"article\" \/>\n<meta property=\"og:title\" content=\"D\u00e1mske oble\u010denie ruk\u00e1vniky KATJA tmavofialov\u00e9 - TATTJA\" \/>\n<meta property=\"og:description\" content=\"D\u00e1mske oble\u010denie ruk\u00e1vniky KATJA tmavofialov\u00e9 \u2013 elegantn\u00e9 pleten\u00e9 ruk\u00e1vniky, ktor\u00e9 sp\u00e1jaj\u00fa komfort, teplo a noblesu pre modern\u00fa \u017eenu.\" \/>\n<meta property=\"og:url\" content=\"https:\/\/www.tattja.com\/en\/product\/damske-oblecenie-ukavniky-katja-tmavofialove\/\" \/>\n<meta property=\"og:site_name\" content=\"TATTJA\" \/>\n<meta property=\"article:modified_time\" content=\"2026-04-05T17:44:38+00:00\" \/>\n<meta property=\"og:image\" content=\"https:\/\/www.tattja.com\/wp-content\/uploads\/2026\/01\/tmavofialovy-rukavniky-spredu-16.webp\" \/>\n\t<meta property=\"og:image:width\" content=\"1365\" \/>\n\t<meta property=\"og:image:height\" content=\"2048\" \/>\n\t<meta property=\"og:image:type\" content=\"image\/webp\" \/>\n<meta name=\"twitter:card\" content=\"summary_large_image\" \/>\n<meta name=\"twitter:label1\" content=\"Estimated reading time\" \/>\n\t<meta name=\"twitter:data1\" content=\"2 minutes\" \/>\n<script type=\"application\/ld+json\" class=\"yoast-schema-graph\">{\"@context\":\"https:\/\/schema.org\",\"@graph\":[{\"@type\":\"WebPage\",\"@id\":\"https:\/\/www.tattja.com\/product\/damske-oblecenie-ukavniky-katja-tmavofialove\/\",\"url\":\"https:\/\/www.tattja.com\/product\/damske-oblecenie-ukavniky-katja-tmavofialove\/\",\"name\":\"D\u00e1mske oble\u010denie ruk\u00e1vniky KATJA tmavofialov\u00e9 - TATTJA\",\"isPartOf\":{\"@id\":\"https:\/\/www.tattja.com\/#website\"},\"primaryImageOfPage\":{\"@id\":\"https:\/\/www.tattja.com\/product\/damske-oblecenie-ukavniky-katja-tmavofialove\/#primaryimage\"},\"image\":{\"@id\":\"https:\/\/www.tattja.com\/product\/damske-oblecenie-ukavniky-katja-tmavofialove\/#primaryimage\"},\"thumbnailUrl\":\"https:\/\/www.tattja.com\/wp-content\/uploads\/2026\/01\/tmavofialovy-rukavniky-spredu-16.webp\",\"datePublished\":\"2025-08-21T09:08:49+00:00\",\"dateModified\":\"2026-04-05T17:44:38+00:00\",\"description\":\"D\u00e1mske oble\u010denie ruk\u00e1vniky KATJA tmavofialov\u00e9 \u2013 elegantn\u00e9 pleten\u00e9 ruk\u00e1vniky, ktor\u00e9 sp\u00e1jaj\u00fa komfort, teplo a noblesu pre modern\u00fa \u017eenu.\",\"breadcrumb\":{\"@id\":\"https:\/\/www.tattja.com\/product\/damske-oblecenie-ukavniky-katja-tmavofialove\/#breadcrumb\"},\"inLanguage\":\"en-GB\",\"potentialAction\":[{\"@type\":\"ReadAction\",\"target\":[\"https:\/\/www.tattja.com\/product\/damske-oblecenie-ukavniky-katja-tmavofialove\/\"]}]},{\"@type\":\"ImageObject\",\"inLanguage\":\"en-GB\",\"@id\":\"https:\/\/www.tattja.com\/product\/damske-oblecenie-ukavniky-katja-tmavofialove\/#primaryimage\",\"url\":\"https:\/\/www.tattja.com\/wp-content\/uploads\/2026\/01\/tmavofialovy-rukavniky-spredu-16.webp\",\"contentUrl\":\"https:\/\/www.tattja.com\/wp-content\/uploads\/2026\/01\/tmavofialovy-rukavniky-spredu-16.webp\",\"width\":1365,\"height\":2048,\"caption\":\"Ruk\u00e1vniky KATJA tmavofialov\u00e9 \u2013 predn\u00fd poh\u013ead | TATTJA\"},{\"@type\":\"BreadcrumbList\",\"@id\":\"https:\/\/www.tattja.com\/product\/damske-oblecenie-ukavniky-katja-tmavofialove\/#breadcrumb\",\"itemListElement\":[{\"@type\":\"ListItem\",\"position\":1,\"name\":\"Domov\",\"item\":\"https:\/\/www.tattja.com\/\"},{\"@type\":\"ListItem\",\"position\":2,\"name\":\"Produkty\",\"item\":\"https:\/\/www.tattja.com\/damske-oblecenie-produkty\/\"},{\"@type\":\"ListItem\",\"position\":3,\"name\":\"D\u00e1mske oble\u010denie ruk\u00e1vniky KATJA tmavofialov\u00e9\"}]},{\"@type\":\"WebSite\",\"@id\":\"https:\/\/www.tattja.com\/#website\",\"url\":\"https:\/\/www.tattja.com\/\",\"name\":\"TATTJA\",\"description\":\"D\u00e1mske oble\u010denie z extra jemnej merino vlny \u2014 ru\u010dne pleten\u00e9 na Slovensku\",\"potentialAction\":[{\"@type\":\"SearchAction\",\"target\":{\"@type\":\"EntryPoint\",\"urlTemplate\":\"https:\/\/www.tattja.com\/?s={search_term_string}\"},\"query-input\":{\"@type\":\"PropertyValueSpecification\",\"valueRequired\":true,\"valueName\":\"search_term_string\"}}],\"inLanguage\":\"en-GB\"}]}<\/script>\n<!-- \/ Yoast SEO plugin. -->","yoast_head_json":{"title":"D\u00e1mske oble\u010denie ruk\u00e1vniky KATJA tmavofialov\u00e9 - TATTJA","description":"D\u00e1mske oble\u010denie ruk\u00e1vniky KATJA tmavofialov\u00e9 \u2013 elegantn\u00e9 pleten\u00e9 ruk\u00e1vniky, ktor\u00e9 sp\u00e1jaj\u00fa komfort, teplo a noblesu pre modern\u00fa \u017eenu.","robots":{"index":"index","follow":"follow","max-snippet":"max-snippet:-1","max-image-preview":"max-image-preview:large","max-video-preview":"max-video-preview:-1"},"canonical":"https:\/\/www.tattja.com\/en\/product\/damske-oblecenie-ukavniky-katja-tmavofialove\/","og_locale":"en_GB","og_type":"article","og_title":"D\u00e1mske oble\u010denie ruk\u00e1vniky KATJA tmavofialov\u00e9 - TATTJA","og_description":"D\u00e1mske oble\u010denie ruk\u00e1vniky KATJA tmavofialov\u00e9 \u2013 elegantn\u00e9 pleten\u00e9 ruk\u00e1vniky, ktor\u00e9 sp\u00e1jaj\u00fa komfort, teplo a noblesu pre modern\u00fa \u017eenu.","og_url":"https:\/\/www.tattja.com\/en\/product\/damske-oblecenie-ukavniky-katja-tmavofialove\/","og_site_name":"TATTJA","article_modified_time":"2026-04-05T17:44:38+00:00","og_image":[{"width":1365,"height":2048,"url":"https:\/\/www.tattja.com\/wp-content\/uploads\/2026\/01\/tmavofialovy-rukavniky-spredu-16.webp","type":"image\/webp"}],"twitter_card":"summary_large_image","twitter_misc":{"Estimated reading time":"2 minutes"},"schema":{"@context":"https:\/\/schema.org","@graph":[{"@type":"WebPage","@id":"https:\/\/www.tattja.com\/product\/damske-oblecenie-ukavniky-katja-tmavofialove\/","url":"https:\/\/www.tattja.com\/product\/damske-oblecenie-ukavniky-katja-tmavofialove\/","name":"D\u00e1mske oble\u010denie ruk\u00e1vniky KATJA tmavofialov\u00e9 - TATTJA","isPartOf":{"@id":"https:\/\/www.tattja.com\/#website"},"primaryImageOfPage":{"@id":"https:\/\/www.tattja.com\/product\/damske-oblecenie-ukavniky-katja-tmavofialove\/#primaryimage"},"image":{"@id":"https:\/\/www.tattja.com\/product\/damske-oblecenie-ukavniky-katja-tmavofialove\/#primaryimage"},"thumbnailUrl":"https:\/\/www.tattja.com\/wp-content\/uploads\/2026\/01\/tmavofialovy-rukavniky-spredu-16.webp","datePublished":"2025-08-21T09:08:49+00:00","dateModified":"2026-04-05T17:44:38+00:00","description":"D\u00e1mske oble\u010denie ruk\u00e1vniky KATJA tmavofialov\u00e9 \u2013 elegantn\u00e9 pleten\u00e9 ruk\u00e1vniky, ktor\u00e9 sp\u00e1jaj\u00fa komfort, teplo a noblesu pre modern\u00fa \u017eenu.","breadcrumb":{"@id":"https:\/\/www.tattja.com\/product\/damske-oblecenie-ukavniky-katja-tmavofialove\/#breadcrumb"},"inLanguage":"en-GB","potentialAction":[{"@type":"ReadAction","target":["https:\/\/www.tattja.com\/product\/damske-oblecenie-ukavniky-katja-tmavofialove\/"]}]},{"@type":"ImageObject","inLanguage":"en-GB","@id":"https:\/\/www.tattja.com\/product\/damske-oblecenie-ukavniky-katja-tmavofialove\/#primaryimage","url":"https:\/\/www.tattja.com\/wp-content\/uploads\/2026\/01\/tmavofialovy-rukavniky-spredu-16.webp","contentUrl":"https:\/\/www.tattja.com\/wp-content\/uploads\/2026\/01\/tmavofialovy-rukavniky-spredu-16.webp","width":1365,"height":2048,"caption":"Ruk\u00e1vniky KATJA tmavofialov\u00e9 \u2013 predn\u00fd poh\u013ead | TATTJA"},{"@type":"BreadcrumbList","@id":"https:\/\/www.tattja.com\/product\/damske-oblecenie-ukavniky-katja-tmavofialove\/#breadcrumb","itemListElement":[{"@type":"ListItem","position":1,"name":"Domov","item":"https:\/\/www.tattja.com\/"},{"@type":"ListItem","position":2,"name":"Produkty","item":"https:\/\/www.tattja.com\/damske-oblecenie-produkty\/"},{"@type":"ListItem","position":3,"name":"D\u00e1mske oble\u010denie ruk\u00e1vniky KATJA tmavofialov\u00e9"}]},{"@type":"WebSite","@id":"https:\/\/www.tattja.com\/#website","url":"https:\/\/www.tattja.com\/","name":"TATTJA","description":"D\u00e1mske oble\u010denie z extra jemnej merino vlny \u2014 ru\u010dne pleten\u00e9 na Slovensku","potentialAction":[{"@type":"SearchAction","target":{"@type":"EntryPoint","urlTemplate":"https:\/\/www.tattja.com\/?s={search_term_string}"},"query-input":{"@type":"PropertyValueSpecification","valueRequired":true,"valueName":"search_term_string"}}],"inLanguage":"en-GB"}]}},"_links":{"self":[{"href":"https:\/\/www.tattja.com\/en\/wp-json\/wp\/v2\/product\/2147","targetHints":{"allow":["GET"]}}],"collection":[{"href":"https:\/\/www.tattja.com\/en\/wp-json\/wp\/v2\/product"}],"about":[{"href":"https:\/\/www.tattja.com\/en\/wp-json\/wp\/v2\/types\/product"}],"replies":[{"embeddable":true,"href":"https:\/\/www.tattja.com\/en\/wp-json\/wp\/v2\/comments?post=2147"}],"version-history":[{"count":6,"href":"https:\/\/www.tattja.com\/en\/wp-json\/wp\/v2\/product\/2147\/revisions"}],"predecessor-version":[{"id":5884,"href":"https:\/\/www.tattja.com\/en\/wp-json\/wp\/v2\/product\/2147\/revisions\/5884"}],"wp:featuredmedia":[{"embeddable":true,"href":"https:\/\/www.tattja.com\/en\/wp-json\/wp\/v2\/media\/7604"}],"wp:attachment":[{"href":"https:\/\/www.tattja.com\/en\/wp-json\/wp\/v2\/media?parent=2147"}],"wp:term":[{"taxonomy":"product_brand","embeddable":true,"href":"https:\/\/www.tattja.com\/en\/wp-json\/wp\/v2\/product_brand?post=2147"},{"taxonomy":"product_cat","embeddable":true,"href":"https:\/\/www.tattja.com\/en\/wp-json\/wp\/v2\/product_cat?post=2147"},{"taxonomy":"product_tag","embeddable":true,"href":"https:\/\/www.tattja.com\/en\/wp-json\/wp\/v2\/product_tag?post=2147"}],"curies":[{"name":"wp","href":"https:\/\/api.w.org\/{rel}","templated":true}]}}