{"id":2155,"date":"2025-08-21T11:12:18","date_gmt":"2025-08-21T09:12:18","guid":{"rendered":"https:\/\/www.tattja.com\/?post_type=product&#038;p=2155"},"modified":"2026-04-05T19:44:37","modified_gmt":"2026-04-05T17:44:37","slug":"damske-oblecenie-dvojset-rigmor-tmavofialovy","status":"publish","type":"product","link":"https:\/\/www.tattja.com\/en\/product\/damske-oblecenie-dvojset-rigmor-tmavofialovy\/","title":{"rendered":"D\u00e1mske oble\u010denie 2-set RIGMOR tmavofialov\u00fd"},"content":{"rendered":"<p data-start=\"895\" data-end=\"1220\"><strong data-start=\"895\" data-end=\"943\">Women's clothing double set RIGMOR dark purple<\/strong> combines refinement, femininity and a sense of luxury. This elegant double set is designed for women who love to combine functionality, style and comfort in one timeless piece. The fine knit structure adapts to the body, warms pleasantly and creates a feeling of comfort with every movement.<\/p>\n<p data-start=\"1222\" data-end=\"1540\">The dark purple colour looks elegant, mysterious and sophisticated. It is a symbol of self-confidence, poise and feminine charm. The neckpiece gently wraps around the shoulders and protects against the cold, while the sleeves add pizzazz and a functional dimension to the outfit. Together they create a stylish ensemble that will stand out in both casual and more formal outfits.<\/p>\n<p data-start=\"1542\" data-end=\"1844\">Women's double set RIGMOR dark purple is the ideal accessory for women who do not want to choose between comfort and elegance. It combines subtle details with a sophisticated design that elevates any outfit to a new level. Thanks to its versatility, it is suitable for work, the city and a social gathering.<\/p>\n<p data-start=\"1846\" data-end=\"1992\">Each element of the TATTJA collection is created with attention to quality and detail, so the double set becomes not only a fashionable but also a durable piece in your wardrobe.<\/p>\n<p data-start=\"1994\" data-end=\"2233\">Discover the beauty of delicacy, sophisticated details and feminine style that will keep you warm and <a href=\"https:\/\/www.tattja.com\/en\/product-category\/damske-oblecenie\/dvojsety\/nakrcnik-a-rukavniky\/\">in other colours.<\/a><br data-start=\"2097\" data-end=\"2100\" \/><strong data-start=\"2100\" data-end=\"2154\">See, <a href=\"https:\/\/shop.bogensberger.co.at\/produkt-schlagwort\/merino-extrafein\/\">from what materials<\/a> we produce our pieces<\/strong> - Discover quality that combines comfort, style and elegance in every detail.<\/p>","protected":false},"excerpt":{"rendered":"<p>Women's double set RIGMOR dark purple combines elegance, refinement and warming comfort. The delicate neck and sleeve cuffs in a refined colour accentuate femininity and style. This double set is ideal for women who appreciate quality, sophisticated details and a unique look.<\/p>","protected":false},"featured_media":7595,"comment_status":"open","ping_status":"closed","template":"","meta":[],"product_brand":[],"product_cat":[289,300,196,292,193],"product_tag":[],"class_list":{"0":"post-2155","1":"product","2":"type-product","3":"status-publish","4":"has-post-thumbnail","6":"product_cat-dvojsety","7":"product_cat-damske-oblecenie","8":"product_cat-dvojsety-tmavofialove","9":"product_cat-nakrcnik-a-rukavniky","10":"product_cat-pleteninove-doplnky-tmavofialove","12":"first","13":"instock","14":"taxable","15":"shipping-taxable","16":"purchasable","17":"product-type-simple"},"yoast_head":"<!-- This site is optimized with the Yoast SEO plugin v26.0 - https:\/\/yoast.com\/wordpress\/plugins\/seo\/ -->\n<title>D\u00e1mske oble\u010denie 2-set RIGMOR tmavofialov\u00fd - TATTJA<\/title>\n<meta name=\"description\" content=\"D\u00e1mske oble\u010denie dvojset RIGMOR tmavofialov\u00fd \u2013 noblesn\u00fd set s n\u00e1kr\u010dn\u00edkom a ruk\u00e1vnikmi pre \u017eeny, ktor\u00e9 miluj\u00fa eleganciu, pohodlie a jedine\u010dn\u00fd \u0161t\u00fdl.\" \/>\n<meta name=\"robots\" content=\"index, follow, max-snippet:-1, max-image-preview:large, max-video-preview:-1\" \/>\n<link rel=\"canonical\" href=\"https:\/\/www.tattja.com\/en\/product\/damske-oblecenie-dvojset-rigmor-tmavofialovy\/\" \/>\n<meta property=\"og:locale\" content=\"en_GB\" \/>\n<meta property=\"og:type\" content=\"article\" \/>\n<meta property=\"og:title\" content=\"D\u00e1mske oble\u010denie 2-set RIGMOR tmavofialov\u00fd - TATTJA\" \/>\n<meta property=\"og:description\" content=\"D\u00e1mske oble\u010denie dvojset RIGMOR tmavofialov\u00fd \u2013 noblesn\u00fd set s n\u00e1kr\u010dn\u00edkom a ruk\u00e1vnikmi pre \u017eeny, ktor\u00e9 miluj\u00fa eleganciu, pohodlie a jedine\u010dn\u00fd \u0161t\u00fdl.\" \/>\n<meta property=\"og:url\" content=\"https:\/\/www.tattja.com\/en\/product\/damske-oblecenie-dvojset-rigmor-tmavofialovy\/\" \/>\n<meta property=\"og:site_name\" content=\"TATTJA\" \/>\n<meta property=\"article:modified_time\" content=\"2026-04-05T17:44:37+00:00\" \/>\n<meta property=\"og:image\" content=\"https:\/\/www.tattja.com\/wp-content\/uploads\/2026\/01\/tmavofialovy-dvojset-nakrcnik-rukavniky-spredu-13.webp\" \/>\n\t<meta property=\"og:image:width\" content=\"1365\" \/>\n\t<meta property=\"og:image:height\" content=\"2048\" \/>\n\t<meta property=\"og:image:type\" content=\"image\/webp\" \/>\n<meta name=\"twitter:card\" content=\"summary_large_image\" \/>\n<meta name=\"twitter:label1\" content=\"Estimated reading time\" \/>\n\t<meta name=\"twitter:data1\" content=\"2 minutes\" \/>\n<script type=\"application\/ld+json\" class=\"yoast-schema-graph\">{\"@context\":\"https:\/\/schema.org\",\"@graph\":[{\"@type\":\"WebPage\",\"@id\":\"https:\/\/www.tattja.com\/product\/damske-oblecenie-dvojset-rigmor-tmavofialovy\/\",\"url\":\"https:\/\/www.tattja.com\/product\/damske-oblecenie-dvojset-rigmor-tmavofialovy\/\",\"name\":\"D\u00e1mske oble\u010denie 2-set RIGMOR tmavofialov\u00fd - TATTJA\",\"isPartOf\":{\"@id\":\"https:\/\/www.tattja.com\/#website\"},\"primaryImageOfPage\":{\"@id\":\"https:\/\/www.tattja.com\/product\/damske-oblecenie-dvojset-rigmor-tmavofialovy\/#primaryimage\"},\"image\":{\"@id\":\"https:\/\/www.tattja.com\/product\/damske-oblecenie-dvojset-rigmor-tmavofialovy\/#primaryimage\"},\"thumbnailUrl\":\"https:\/\/www.tattja.com\/wp-content\/uploads\/2026\/01\/tmavofialovy-dvojset-nakrcnik-rukavniky-spredu-13.webp\",\"datePublished\":\"2025-08-21T09:12:18+00:00\",\"dateModified\":\"2026-04-05T17:44:37+00:00\",\"description\":\"D\u00e1mske oble\u010denie dvojset RIGMOR tmavofialov\u00fd \u2013 noblesn\u00fd set s n\u00e1kr\u010dn\u00edkom a ruk\u00e1vnikmi pre \u017eeny, ktor\u00e9 miluj\u00fa eleganciu, pohodlie a jedine\u010dn\u00fd \u0161t\u00fdl.\",\"breadcrumb\":{\"@id\":\"https:\/\/www.tattja.com\/product\/damske-oblecenie-dvojset-rigmor-tmavofialovy\/#breadcrumb\"},\"inLanguage\":\"en-GB\",\"potentialAction\":[{\"@type\":\"ReadAction\",\"target\":[\"https:\/\/www.tattja.com\/product\/damske-oblecenie-dvojset-rigmor-tmavofialovy\/\"]}]},{\"@type\":\"ImageObject\",\"inLanguage\":\"en-GB\",\"@id\":\"https:\/\/www.tattja.com\/product\/damske-oblecenie-dvojset-rigmor-tmavofialovy\/#primaryimage\",\"url\":\"https:\/\/www.tattja.com\/wp-content\/uploads\/2026\/01\/tmavofialovy-dvojset-nakrcnik-rukavniky-spredu-13.webp\",\"contentUrl\":\"https:\/\/www.tattja.com\/wp-content\/uploads\/2026\/01\/tmavofialovy-dvojset-nakrcnik-rukavniky-spredu-13.webp\",\"width\":1365,\"height\":2048,\"caption\":\"Dvojset RIGMOR tmavofialov\u00fd \u2013 n\u00e1kr\u010dn\u00edk a ruk\u00e1vniky, predn\u00fd poh\u013ead | TATTJA\"},{\"@type\":\"BreadcrumbList\",\"@id\":\"https:\/\/www.tattja.com\/product\/damske-oblecenie-dvojset-rigmor-tmavofialovy\/#breadcrumb\",\"itemListElement\":[{\"@type\":\"ListItem\",\"position\":1,\"name\":\"Domov\",\"item\":\"https:\/\/www.tattja.com\/\"},{\"@type\":\"ListItem\",\"position\":2,\"name\":\"Produkty\",\"item\":\"https:\/\/www.tattja.com\/damske-oblecenie-produkty\/\"},{\"@type\":\"ListItem\",\"position\":3,\"name\":\"D\u00e1mske oble\u010denie 2-set RIGMOR tmavofialov\u00fd\"}]},{\"@type\":\"WebSite\",\"@id\":\"https:\/\/www.tattja.com\/#website\",\"url\":\"https:\/\/www.tattja.com\/\",\"name\":\"TATTJA\",\"description\":\"D\u00e1mske oble\u010denie z extra jemnej merino vlny \u2014 ru\u010dne pleten\u00e9 na Slovensku\",\"potentialAction\":[{\"@type\":\"SearchAction\",\"target\":{\"@type\":\"EntryPoint\",\"urlTemplate\":\"https:\/\/www.tattja.com\/?s={search_term_string}\"},\"query-input\":{\"@type\":\"PropertyValueSpecification\",\"valueRequired\":true,\"valueName\":\"search_term_string\"}}],\"inLanguage\":\"en-GB\"}]}<\/script>\n<!-- \/ Yoast SEO plugin. -->","yoast_head_json":{"title":"D\u00e1mske oble\u010denie 2-set RIGMOR tmavofialov\u00fd - TATTJA","description":"D\u00e1mske oble\u010denie dvojset RIGMOR tmavofialov\u00fd \u2013 noblesn\u00fd set s n\u00e1kr\u010dn\u00edkom a ruk\u00e1vnikmi pre \u017eeny, ktor\u00e9 miluj\u00fa eleganciu, pohodlie a jedine\u010dn\u00fd \u0161t\u00fdl.","robots":{"index":"index","follow":"follow","max-snippet":"max-snippet:-1","max-image-preview":"max-image-preview:large","max-video-preview":"max-video-preview:-1"},"canonical":"https:\/\/www.tattja.com\/en\/product\/damske-oblecenie-dvojset-rigmor-tmavofialovy\/","og_locale":"en_GB","og_type":"article","og_title":"D\u00e1mske oble\u010denie 2-set RIGMOR tmavofialov\u00fd - TATTJA","og_description":"D\u00e1mske oble\u010denie dvojset RIGMOR tmavofialov\u00fd \u2013 noblesn\u00fd set s n\u00e1kr\u010dn\u00edkom a ruk\u00e1vnikmi pre \u017eeny, ktor\u00e9 miluj\u00fa eleganciu, pohodlie a jedine\u010dn\u00fd \u0161t\u00fdl.","og_url":"https:\/\/www.tattja.com\/en\/product\/damske-oblecenie-dvojset-rigmor-tmavofialovy\/","og_site_name":"TATTJA","article_modified_time":"2026-04-05T17:44:37+00:00","og_image":[{"width":1365,"height":2048,"url":"https:\/\/www.tattja.com\/wp-content\/uploads\/2026\/01\/tmavofialovy-dvojset-nakrcnik-rukavniky-spredu-13.webp","type":"image\/webp"}],"twitter_card":"summary_large_image","twitter_misc":{"Estimated reading time":"2 minutes"},"schema":{"@context":"https:\/\/schema.org","@graph":[{"@type":"WebPage","@id":"https:\/\/www.tattja.com\/product\/damske-oblecenie-dvojset-rigmor-tmavofialovy\/","url":"https:\/\/www.tattja.com\/product\/damske-oblecenie-dvojset-rigmor-tmavofialovy\/","name":"D\u00e1mske oble\u010denie 2-set RIGMOR tmavofialov\u00fd - TATTJA","isPartOf":{"@id":"https:\/\/www.tattja.com\/#website"},"primaryImageOfPage":{"@id":"https:\/\/www.tattja.com\/product\/damske-oblecenie-dvojset-rigmor-tmavofialovy\/#primaryimage"},"image":{"@id":"https:\/\/www.tattja.com\/product\/damske-oblecenie-dvojset-rigmor-tmavofialovy\/#primaryimage"},"thumbnailUrl":"https:\/\/www.tattja.com\/wp-content\/uploads\/2026\/01\/tmavofialovy-dvojset-nakrcnik-rukavniky-spredu-13.webp","datePublished":"2025-08-21T09:12:18+00:00","dateModified":"2026-04-05T17:44:37+00:00","description":"D\u00e1mske oble\u010denie dvojset RIGMOR tmavofialov\u00fd \u2013 noblesn\u00fd set s n\u00e1kr\u010dn\u00edkom a ruk\u00e1vnikmi pre \u017eeny, ktor\u00e9 miluj\u00fa eleganciu, pohodlie a jedine\u010dn\u00fd \u0161t\u00fdl.","breadcrumb":{"@id":"https:\/\/www.tattja.com\/product\/damske-oblecenie-dvojset-rigmor-tmavofialovy\/#breadcrumb"},"inLanguage":"en-GB","potentialAction":[{"@type":"ReadAction","target":["https:\/\/www.tattja.com\/product\/damske-oblecenie-dvojset-rigmor-tmavofialovy\/"]}]},{"@type":"ImageObject","inLanguage":"en-GB","@id":"https:\/\/www.tattja.com\/product\/damske-oblecenie-dvojset-rigmor-tmavofialovy\/#primaryimage","url":"https:\/\/www.tattja.com\/wp-content\/uploads\/2026\/01\/tmavofialovy-dvojset-nakrcnik-rukavniky-spredu-13.webp","contentUrl":"https:\/\/www.tattja.com\/wp-content\/uploads\/2026\/01\/tmavofialovy-dvojset-nakrcnik-rukavniky-spredu-13.webp","width":1365,"height":2048,"caption":"Dvojset RIGMOR tmavofialov\u00fd \u2013 n\u00e1kr\u010dn\u00edk a ruk\u00e1vniky, predn\u00fd poh\u013ead | TATTJA"},{"@type":"BreadcrumbList","@id":"https:\/\/www.tattja.com\/product\/damske-oblecenie-dvojset-rigmor-tmavofialovy\/#breadcrumb","itemListElement":[{"@type":"ListItem","position":1,"name":"Domov","item":"https:\/\/www.tattja.com\/"},{"@type":"ListItem","position":2,"name":"Produkty","item":"https:\/\/www.tattja.com\/damske-oblecenie-produkty\/"},{"@type":"ListItem","position":3,"name":"D\u00e1mske oble\u010denie 2-set RIGMOR tmavofialov\u00fd"}]},{"@type":"WebSite","@id":"https:\/\/www.tattja.com\/#website","url":"https:\/\/www.tattja.com\/","name":"TATTJA","description":"D\u00e1mske oble\u010denie z extra jemnej merino vlny \u2014 ru\u010dne pleten\u00e9 na Slovensku","potentialAction":[{"@type":"SearchAction","target":{"@type":"EntryPoint","urlTemplate":"https:\/\/www.tattja.com\/?s={search_term_string}"},"query-input":{"@type":"PropertyValueSpecification","valueRequired":true,"valueName":"search_term_string"}}],"inLanguage":"en-GB"}]}},"_links":{"self":[{"href":"https:\/\/www.tattja.com\/en\/wp-json\/wp\/v2\/product\/2155","targetHints":{"allow":["GET"]}}],"collection":[{"href":"https:\/\/www.tattja.com\/en\/wp-json\/wp\/v2\/product"}],"about":[{"href":"https:\/\/www.tattja.com\/en\/wp-json\/wp\/v2\/types\/product"}],"replies":[{"embeddable":true,"href":"https:\/\/www.tattja.com\/en\/wp-json\/wp\/v2\/comments?post=2155"}],"version-history":[{"count":6,"href":"https:\/\/www.tattja.com\/en\/wp-json\/wp\/v2\/product\/2155\/revisions"}],"predecessor-version":[{"id":7161,"href":"https:\/\/www.tattja.com\/en\/wp-json\/wp\/v2\/product\/2155\/revisions\/7161"}],"wp:featuredmedia":[{"embeddable":true,"href":"https:\/\/www.tattja.com\/en\/wp-json\/wp\/v2\/media\/7595"}],"wp:attachment":[{"href":"https:\/\/www.tattja.com\/en\/wp-json\/wp\/v2\/media?parent=2155"}],"wp:term":[{"taxonomy":"product_brand","embeddable":true,"href":"https:\/\/www.tattja.com\/en\/wp-json\/wp\/v2\/product_brand?post=2155"},{"taxonomy":"product_cat","embeddable":true,"href":"https:\/\/www.tattja.com\/en\/wp-json\/wp\/v2\/product_cat?post=2155"},{"taxonomy":"product_tag","embeddable":true,"href":"https:\/\/www.tattja.com\/en\/wp-json\/wp\/v2\/product_tag?post=2155"}],"curies":[{"name":"wp","href":"https:\/\/api.w.org\/{rel}","templated":true}]}}