{"id":2159,"date":"2025-08-21T11:14:21","date_gmt":"2025-08-21T09:14:21","guid":{"rendered":"https:\/\/www.tattja.com\/?post_type=product&#038;p=2159"},"modified":"2026-04-05T19:44:37","modified_gmt":"2026-04-05T17:44:37","slug":"damske-oblecenie-dvojset-ragbborg-tmavofialovy","status":"publish","type":"product","link":"https:\/\/www.tattja.com\/en\/product\/damske-oblecenie-dvojset-ragbborg-tmavofialovy\/","title":{"rendered":"Damske oble\u010denie 2-set RAGBBORG tmavofialov\u00fd"},"content":{"rendered":"<p data-start=\"991\" data-end=\"1268\"><strong data-start=\"991\" data-end=\"1041\">Women's clothing double set RAGBBORG dark purple<\/strong> combines feminine elegance, refinement and subtle luxury in one exceptional whole. This model from the collection <strong data-start=\"1138\" data-end=\"1148\">TATTJA<\/strong> consists of a cap with a shield and sleeves made of fine knitted fabric, which together create a harmonious and sophisticated outfit.<\/p>\n<p data-start=\"1270\" data-end=\"1608\">The sleeves wrap nicely around the forearms, keep you warm on colder days and act as an understated piece of jewellery. Their structure accentuates the graceful lines of the arms and adds a feminine and sophisticated detail to the overall look. A beanie cap adds a modern accent to the double set, bringing style and functionality in one - protecting from the cold while looking classy.<\/p>\n<p data-start=\"1610\" data-end=\"1893\">The dark purple colour exudes depth, calmness and elegance. It is a symbol of refined aesthetics and tasteful self-confidence, which manifests itself in every movement. This double set pairs with both neutral and bold tones, making it a versatile accessory for everyday style and special occasions.<\/p>\n<p data-start=\"1895\" data-end=\"2139\">Every piece of the collection <strong data-start=\"1916\" data-end=\"1926\">TATTJA<\/strong> carries a combination of hand craftsmanship and modern design. Women's double set clothing <strong data-start=\"1988\" data-end=\"2013\">RAGBBORG dark purple<\/strong> highlights female individuality and combines comfort with artistic expression. It will be appreciated by every woman with an eye for detail and quality.<\/p>\n<p data-start=\"2141\" data-end=\"2246\">Discover the beauty <a href=\"https:\/\/shop.bogensberger.co.at\/produkt-schlagwort\/merino-extrafein\/\">Subtleties<\/a>, sophisticated details and feminine style that will keep you warm and <a href=\"https:\/\/www.tattja.com\/en\/product-category\/damske-oblecenie\/dvojsety\/rukavniky-a-ciapka\/\">in other colours<\/a>.<\/p>\n<p data-start=\"2248\" data-end=\"2385\"><strong data-start=\"2248\" data-end=\"2302\">See, <a href=\"https:\/\/shop.bogensberger.co.at\/produkt-schlagwort\/merino-extrafein\/\">from what materials<\/a> we produce our pieces<\/strong>, and be inspired by the combination of elegance, functionality and exceptional comfort.<\/p>","protected":false},"excerpt":{"rendered":"<p><strong data-start=\"642\" data-end=\"692\">Women's clothing double set RAGBBORG dark purple<\/strong> represents a combination of elegance, luxury and comfort. The beanie hat and knitted sleeves in a deep shade of purple underline femininity, self-confidence and unique style. This double set will highlight the personality of every woman who sees beauty in details and harmony.<\/p>","protected":false},"featured_media":7598,"comment_status":"open","ping_status":"closed","template":"","meta":[],"product_brand":[],"product_cat":[289,300,196,193,295],"product_tag":[],"class_list":{"0":"post-2159","1":"product","2":"type-product","3":"status-publish","4":"has-post-thumbnail","6":"product_cat-dvojsety","7":"product_cat-damske-oblecenie","8":"product_cat-dvojsety-tmavofialove","9":"product_cat-pleteninove-doplnky-tmavofialove","10":"product_cat-rukavniky-a-ciapka","12":"first","13":"instock","14":"taxable","15":"shipping-taxable","16":"purchasable","17":"product-type-simple"},"yoast_head":"<!-- This site is optimized with the Yoast SEO plugin v26.0 - https:\/\/yoast.com\/wordpress\/plugins\/seo\/ -->\n<title>Damske oble\u010denie 2-set RAGBBORG tmavofialov\u00fd - TATTJA<\/title>\n<meta name=\"description\" content=\"D\u00e1mske oble\u010denie dvojset RAGBBORG tmavofialov\u00fd \u2013 noblesa, jemn\u00fd luxus a \u017eensk\u00e1 elegancia v harmonickom spojen\u00ed \u0161t\u00fdlu a pohodlia.\" \/>\n<meta name=\"robots\" content=\"index, follow, max-snippet:-1, max-image-preview:large, max-video-preview:-1\" \/>\n<link rel=\"canonical\" href=\"https:\/\/www.tattja.com\/en\/product\/damske-oblecenie-dvojset-ragbborg-tmavofialovy\/\" \/>\n<meta property=\"og:locale\" content=\"en_GB\" \/>\n<meta property=\"og:type\" content=\"article\" \/>\n<meta property=\"og:title\" content=\"Damske oble\u010denie 2-set RAGBBORG tmavofialov\u00fd - TATTJA\" \/>\n<meta property=\"og:description\" content=\"D\u00e1mske oble\u010denie dvojset RAGBBORG tmavofialov\u00fd \u2013 noblesa, jemn\u00fd luxus a \u017eensk\u00e1 elegancia v harmonickom spojen\u00ed \u0161t\u00fdlu a pohodlia.\" \/>\n<meta property=\"og:url\" content=\"https:\/\/www.tattja.com\/en\/product\/damske-oblecenie-dvojset-ragbborg-tmavofialovy\/\" \/>\n<meta property=\"og:site_name\" content=\"TATTJA\" \/>\n<meta property=\"article:modified_time\" content=\"2026-04-05T17:44:37+00:00\" \/>\n<meta property=\"og:image\" content=\"https:\/\/www.tattja.com\/wp-content\/uploads\/2026\/01\/tmavofialovy-dvojset-rukavniky-ciapka-spredu-37.webp\" \/>\n\t<meta property=\"og:image:width\" content=\"1365\" \/>\n\t<meta property=\"og:image:height\" content=\"2048\" \/>\n\t<meta property=\"og:image:type\" content=\"image\/webp\" \/>\n<meta name=\"twitter:card\" content=\"summary_large_image\" \/>\n<meta name=\"twitter:label1\" content=\"Estimated reading time\" \/>\n\t<meta name=\"twitter:data1\" content=\"2 minutes\" \/>\n<script type=\"application\/ld+json\" class=\"yoast-schema-graph\">{\"@context\":\"https:\/\/schema.org\",\"@graph\":[{\"@type\":\"WebPage\",\"@id\":\"https:\/\/www.tattja.com\/product\/damske-oblecenie-dvojset-ragbborg-tmavofialovy\/\",\"url\":\"https:\/\/www.tattja.com\/product\/damske-oblecenie-dvojset-ragbborg-tmavofialovy\/\",\"name\":\"Damske oble\u010denie 2-set RAGBBORG tmavofialov\u00fd - TATTJA\",\"isPartOf\":{\"@id\":\"https:\/\/www.tattja.com\/#website\"},\"primaryImageOfPage\":{\"@id\":\"https:\/\/www.tattja.com\/product\/damske-oblecenie-dvojset-ragbborg-tmavofialovy\/#primaryimage\"},\"image\":{\"@id\":\"https:\/\/www.tattja.com\/product\/damske-oblecenie-dvojset-ragbborg-tmavofialovy\/#primaryimage\"},\"thumbnailUrl\":\"https:\/\/www.tattja.com\/wp-content\/uploads\/2026\/01\/tmavofialovy-dvojset-rukavniky-ciapka-spredu-37.webp\",\"datePublished\":\"2025-08-21T09:14:21+00:00\",\"dateModified\":\"2026-04-05T17:44:37+00:00\",\"description\":\"D\u00e1mske oble\u010denie dvojset RAGBBORG tmavofialov\u00fd \u2013 noblesa, jemn\u00fd luxus a \u017eensk\u00e1 elegancia v harmonickom spojen\u00ed \u0161t\u00fdlu a pohodlia.\",\"breadcrumb\":{\"@id\":\"https:\/\/www.tattja.com\/product\/damske-oblecenie-dvojset-ragbborg-tmavofialovy\/#breadcrumb\"},\"inLanguage\":\"en-GB\",\"potentialAction\":[{\"@type\":\"ReadAction\",\"target\":[\"https:\/\/www.tattja.com\/product\/damske-oblecenie-dvojset-ragbborg-tmavofialovy\/\"]}]},{\"@type\":\"ImageObject\",\"inLanguage\":\"en-GB\",\"@id\":\"https:\/\/www.tattja.com\/product\/damske-oblecenie-dvojset-ragbborg-tmavofialovy\/#primaryimage\",\"url\":\"https:\/\/www.tattja.com\/wp-content\/uploads\/2026\/01\/tmavofialovy-dvojset-rukavniky-ciapka-spredu-37.webp\",\"contentUrl\":\"https:\/\/www.tattja.com\/wp-content\/uploads\/2026\/01\/tmavofialovy-dvojset-rukavniky-ciapka-spredu-37.webp\",\"width\":1365,\"height\":2048,\"caption\":\"Dvojset RAGGBORG tmavofialov\u00fd \u2013 \u010diapka a ruk\u00e1vniky, predn\u00fd poh\u013ead | TATTJA\"},{\"@type\":\"BreadcrumbList\",\"@id\":\"https:\/\/www.tattja.com\/product\/damske-oblecenie-dvojset-ragbborg-tmavofialovy\/#breadcrumb\",\"itemListElement\":[{\"@type\":\"ListItem\",\"position\":1,\"name\":\"Domov\",\"item\":\"https:\/\/www.tattja.com\/\"},{\"@type\":\"ListItem\",\"position\":2,\"name\":\"Produkty\",\"item\":\"https:\/\/www.tattja.com\/damske-oblecenie-produkty\/\"},{\"@type\":\"ListItem\",\"position\":3,\"name\":\"Damske oble\u010denie 2-set RAGBBORG tmavofialov\u00fd\"}]},{\"@type\":\"WebSite\",\"@id\":\"https:\/\/www.tattja.com\/#website\",\"url\":\"https:\/\/www.tattja.com\/\",\"name\":\"TATTJA\",\"description\":\"D\u00e1mske oble\u010denie z extra jemnej merino vlny \u2014 ru\u010dne pleten\u00e9 na Slovensku\",\"potentialAction\":[{\"@type\":\"SearchAction\",\"target\":{\"@type\":\"EntryPoint\",\"urlTemplate\":\"https:\/\/www.tattja.com\/?s={search_term_string}\"},\"query-input\":{\"@type\":\"PropertyValueSpecification\",\"valueRequired\":true,\"valueName\":\"search_term_string\"}}],\"inLanguage\":\"en-GB\"}]}<\/script>\n<!-- \/ Yoast SEO plugin. -->","yoast_head_json":{"title":"Damske oble\u010denie 2-set RAGBBORG tmavofialov\u00fd - TATTJA","description":"D\u00e1mske oble\u010denie dvojset RAGBBORG tmavofialov\u00fd \u2013 noblesa, jemn\u00fd luxus a \u017eensk\u00e1 elegancia v harmonickom spojen\u00ed \u0161t\u00fdlu a pohodlia.","robots":{"index":"index","follow":"follow","max-snippet":"max-snippet:-1","max-image-preview":"max-image-preview:large","max-video-preview":"max-video-preview:-1"},"canonical":"https:\/\/www.tattja.com\/en\/product\/damske-oblecenie-dvojset-ragbborg-tmavofialovy\/","og_locale":"en_GB","og_type":"article","og_title":"Damske oble\u010denie 2-set RAGBBORG tmavofialov\u00fd - TATTJA","og_description":"D\u00e1mske oble\u010denie dvojset RAGBBORG tmavofialov\u00fd \u2013 noblesa, jemn\u00fd luxus a \u017eensk\u00e1 elegancia v harmonickom spojen\u00ed \u0161t\u00fdlu a pohodlia.","og_url":"https:\/\/www.tattja.com\/en\/product\/damske-oblecenie-dvojset-ragbborg-tmavofialovy\/","og_site_name":"TATTJA","article_modified_time":"2026-04-05T17:44:37+00:00","og_image":[{"width":1365,"height":2048,"url":"https:\/\/www.tattja.com\/wp-content\/uploads\/2026\/01\/tmavofialovy-dvojset-rukavniky-ciapka-spredu-37.webp","type":"image\/webp"}],"twitter_card":"summary_large_image","twitter_misc":{"Estimated reading time":"2 minutes"},"schema":{"@context":"https:\/\/schema.org","@graph":[{"@type":"WebPage","@id":"https:\/\/www.tattja.com\/product\/damske-oblecenie-dvojset-ragbborg-tmavofialovy\/","url":"https:\/\/www.tattja.com\/product\/damske-oblecenie-dvojset-ragbborg-tmavofialovy\/","name":"Damske oble\u010denie 2-set RAGBBORG tmavofialov\u00fd - TATTJA","isPartOf":{"@id":"https:\/\/www.tattja.com\/#website"},"primaryImageOfPage":{"@id":"https:\/\/www.tattja.com\/product\/damske-oblecenie-dvojset-ragbborg-tmavofialovy\/#primaryimage"},"image":{"@id":"https:\/\/www.tattja.com\/product\/damske-oblecenie-dvojset-ragbborg-tmavofialovy\/#primaryimage"},"thumbnailUrl":"https:\/\/www.tattja.com\/wp-content\/uploads\/2026\/01\/tmavofialovy-dvojset-rukavniky-ciapka-spredu-37.webp","datePublished":"2025-08-21T09:14:21+00:00","dateModified":"2026-04-05T17:44:37+00:00","description":"D\u00e1mske oble\u010denie dvojset RAGBBORG tmavofialov\u00fd \u2013 noblesa, jemn\u00fd luxus a \u017eensk\u00e1 elegancia v harmonickom spojen\u00ed \u0161t\u00fdlu a pohodlia.","breadcrumb":{"@id":"https:\/\/www.tattja.com\/product\/damske-oblecenie-dvojset-ragbborg-tmavofialovy\/#breadcrumb"},"inLanguage":"en-GB","potentialAction":[{"@type":"ReadAction","target":["https:\/\/www.tattja.com\/product\/damske-oblecenie-dvojset-ragbborg-tmavofialovy\/"]}]},{"@type":"ImageObject","inLanguage":"en-GB","@id":"https:\/\/www.tattja.com\/product\/damske-oblecenie-dvojset-ragbborg-tmavofialovy\/#primaryimage","url":"https:\/\/www.tattja.com\/wp-content\/uploads\/2026\/01\/tmavofialovy-dvojset-rukavniky-ciapka-spredu-37.webp","contentUrl":"https:\/\/www.tattja.com\/wp-content\/uploads\/2026\/01\/tmavofialovy-dvojset-rukavniky-ciapka-spredu-37.webp","width":1365,"height":2048,"caption":"Dvojset RAGGBORG tmavofialov\u00fd \u2013 \u010diapka a ruk\u00e1vniky, predn\u00fd poh\u013ead | TATTJA"},{"@type":"BreadcrumbList","@id":"https:\/\/www.tattja.com\/product\/damske-oblecenie-dvojset-ragbborg-tmavofialovy\/#breadcrumb","itemListElement":[{"@type":"ListItem","position":1,"name":"Domov","item":"https:\/\/www.tattja.com\/"},{"@type":"ListItem","position":2,"name":"Produkty","item":"https:\/\/www.tattja.com\/damske-oblecenie-produkty\/"},{"@type":"ListItem","position":3,"name":"Damske oble\u010denie 2-set RAGBBORG tmavofialov\u00fd"}]},{"@type":"WebSite","@id":"https:\/\/www.tattja.com\/#website","url":"https:\/\/www.tattja.com\/","name":"TATTJA","description":"D\u00e1mske oble\u010denie z extra jemnej merino vlny \u2014 ru\u010dne pleten\u00e9 na Slovensku","potentialAction":[{"@type":"SearchAction","target":{"@type":"EntryPoint","urlTemplate":"https:\/\/www.tattja.com\/?s={search_term_string}"},"query-input":{"@type":"PropertyValueSpecification","valueRequired":true,"valueName":"search_term_string"}}],"inLanguage":"en-GB"}]}},"_links":{"self":[{"href":"https:\/\/www.tattja.com\/en\/wp-json\/wp\/v2\/product\/2159","targetHints":{"allow":["GET"]}}],"collection":[{"href":"https:\/\/www.tattja.com\/en\/wp-json\/wp\/v2\/product"}],"about":[{"href":"https:\/\/www.tattja.com\/en\/wp-json\/wp\/v2\/types\/product"}],"replies":[{"embeddable":true,"href":"https:\/\/www.tattja.com\/en\/wp-json\/wp\/v2\/comments?post=2159"}],"version-history":[{"count":6,"href":"https:\/\/www.tattja.com\/en\/wp-json\/wp\/v2\/product\/2159\/revisions"}],"predecessor-version":[{"id":7159,"href":"https:\/\/www.tattja.com\/en\/wp-json\/wp\/v2\/product\/2159\/revisions\/7159"}],"wp:featuredmedia":[{"embeddable":true,"href":"https:\/\/www.tattja.com\/en\/wp-json\/wp\/v2\/media\/7598"}],"wp:attachment":[{"href":"https:\/\/www.tattja.com\/en\/wp-json\/wp\/v2\/media?parent=2159"}],"wp:term":[{"taxonomy":"product_brand","embeddable":true,"href":"https:\/\/www.tattja.com\/en\/wp-json\/wp\/v2\/product_brand?post=2159"},{"taxonomy":"product_cat","embeddable":true,"href":"https:\/\/www.tattja.com\/en\/wp-json\/wp\/v2\/product_cat?post=2159"},{"taxonomy":"product_tag","embeddable":true,"href":"https:\/\/www.tattja.com\/en\/wp-json\/wp\/v2\/product_tag?post=2159"}],"curies":[{"name":"wp","href":"https:\/\/api.w.org\/{rel}","templated":true}]}}