{"id":2163,"date":"2025-08-21T11:16:40","date_gmt":"2025-08-21T09:16:40","guid":{"rendered":"https:\/\/www.tattja.com\/?post_type=product&#038;p=2163"},"modified":"2026-04-05T19:44:37","modified_gmt":"2026-04-05T17:44:37","slug":"damske-oblecenie-dvojset-ingeborg-tmavofialovy","status":"publish","type":"product","link":"https:\/\/www.tattja.com\/en\/product\/damske-oblecenie-dvojset-ingeborg-tmavofialovy\/","title":{"rendered":"D\u00e1mske oble\u010denie 2-set INGEBORG tmavofialov\u00fd"},"content":{"rendered":"<p data-start=\"916\" data-end=\"1211\"><strong data-start=\"916\" data-end=\"966\">Women's double set outfit INGEBORG dark purple<\/strong> combines warmth, elegance and timeless design. This exceptional set from the collection <strong data-start=\"1052\" data-end=\"1062\">TATTJA<\/strong> is made up of two iconic pieces - a beanie hat and a knitted neck warmer, which together create a harmonious whole ideal for the modern woman with a sense of style.<\/p>\n<p data-start=\"1213\" data-end=\"1533\">The dark purple shade exudes refinement, inner strength and feminine elegance. Its deep tone is both mysterious and sophisticated, adding a touch of originality to every outfit. This colour enhances the wearer's natural beauty and self-confidence and blends perfectly with both neutrals and richer shades in autumn and winter wardrobes.<\/p>\n<p data-start=\"1535\" data-end=\"1794\">The neckwarmer gently wraps around the shoulders and neck, bringing a feeling of comfort and warmth, while the cap with a shield adds a modern yet elegant character to the whole ensemble. Their combination is proof that practicality can go hand in hand with luxury and feminine refinement.<\/p>\n<p data-start=\"1796\" data-end=\"2095\">Women's clothing double set <strong data-start=\"1804\" data-end=\"1829\">INGEBORG dark purple<\/strong> is suitable for city walks, travel and leisure time. Thanks to the quality workmanship and elastic structure of the knitted fabric, it provides comfort throughout the day and keeps its shape even after wearing. It is the ideal accessory for the woman who desires excellence in simplicity.<\/p>\n<p data-start=\"2097\" data-end=\"2202\">Discover the beauty of delicacy, sophisticated details and feminine style that will keep you warm and <a href=\"https:\/\/www.tattja.com\/en\/product-category\/damske-oblecenie\/dvojsety\/nakrcnik-a-ciapka\/\">in other colours<\/a>.<\/p>\n<p data-start=\"2204\" data-end=\"2340\"><strong data-start=\"2204\" data-end=\"2258\">See what materials we use to make our pieces<\/strong> and treat yourself to a combination of warming elegance, functionality and aesthetic perfection.<\/p>","protected":false},"excerpt":{"rendered":"<h6>Dark purple three-piece set - elegance in the perfect interplay of a warm neck warmer, a stylish shrug and a refined cap.<\/h6>","protected":false},"featured_media":7589,"comment_status":"open","ping_status":"closed","template":"","meta":[],"product_brand":[],"product_cat":[289,300,196,291,193],"product_tag":[],"class_list":{"0":"post-2163","1":"product","2":"type-product","3":"status-publish","4":"has-post-thumbnail","6":"product_cat-dvojsety","7":"product_cat-damske-oblecenie","8":"product_cat-dvojsety-tmavofialove","9":"product_cat-nakrcnik-a-ciapka","10":"product_cat-pleteninove-doplnky-tmavofialove","12":"first","13":"instock","14":"taxable","15":"shipping-taxable","16":"purchasable","17":"product-type-simple"},"yoast_head":"<!-- This site is optimized with the Yoast SEO plugin v26.0 - https:\/\/yoast.com\/wordpress\/plugins\/seo\/ -->\n<title>D\u00e1mske oble\u010denie 2-set INGEBORG tmavofialov\u00fd - TATTJA<\/title>\n<meta name=\"description\" content=\"D\u00e1mske oble\u010denie dvojset INGEBORG tmavofialov\u00fd \u2013 elegantn\u00e1 kombin\u00e1cia \u010diapky a n\u00e1kr\u010dn\u00edka v odtieni, ktor\u00fd sp\u00e1ja noblesu, \u017eenskos\u0165 a modern\u00fd \u0161t\u00fdl.\" \/>\n<meta name=\"robots\" content=\"index, follow, max-snippet:-1, max-image-preview:large, max-video-preview:-1\" \/>\n<link rel=\"canonical\" href=\"https:\/\/www.tattja.com\/en\/product\/damske-oblecenie-dvojset-ingeborg-tmavofialovy\/\" \/>\n<meta property=\"og:locale\" content=\"en_GB\" \/>\n<meta property=\"og:type\" content=\"article\" \/>\n<meta property=\"og:title\" content=\"D\u00e1mske oble\u010denie 2-set INGEBORG tmavofialov\u00fd - TATTJA\" \/>\n<meta property=\"og:description\" content=\"D\u00e1mske oble\u010denie dvojset INGEBORG tmavofialov\u00fd \u2013 elegantn\u00e1 kombin\u00e1cia \u010diapky a n\u00e1kr\u010dn\u00edka v odtieni, ktor\u00fd sp\u00e1ja noblesu, \u017eenskos\u0165 a modern\u00fd \u0161t\u00fdl.\" \/>\n<meta property=\"og:url\" content=\"https:\/\/www.tattja.com\/en\/product\/damske-oblecenie-dvojset-ingeborg-tmavofialovy\/\" \/>\n<meta property=\"og:site_name\" content=\"TATTJA\" \/>\n<meta property=\"article:modified_time\" content=\"2026-04-05T17:44:37+00:00\" \/>\n<meta property=\"og:image\" content=\"https:\/\/www.tattja.com\/wp-content\/uploads\/2026\/01\/tmavofialovy-dvojset-nakrcnik-ciapka-spredu-40.webp\" \/>\n\t<meta property=\"og:image:width\" content=\"1365\" \/>\n\t<meta property=\"og:image:height\" content=\"2048\" \/>\n\t<meta property=\"og:image:type\" content=\"image\/webp\" \/>\n<meta name=\"twitter:card\" content=\"summary_large_image\" \/>\n<meta name=\"twitter:label1\" content=\"Estimated reading time\" \/>\n\t<meta name=\"twitter:data1\" content=\"2 minutes\" \/>\n<script type=\"application\/ld+json\" class=\"yoast-schema-graph\">{\"@context\":\"https:\/\/schema.org\",\"@graph\":[{\"@type\":\"WebPage\",\"@id\":\"https:\/\/www.tattja.com\/product\/damske-oblecenie-dvojset-ingeborg-tmavofialovy\/\",\"url\":\"https:\/\/www.tattja.com\/product\/damske-oblecenie-dvojset-ingeborg-tmavofialovy\/\",\"name\":\"D\u00e1mske oble\u010denie 2-set INGEBORG tmavofialov\u00fd - TATTJA\",\"isPartOf\":{\"@id\":\"https:\/\/www.tattja.com\/#website\"},\"primaryImageOfPage\":{\"@id\":\"https:\/\/www.tattja.com\/product\/damske-oblecenie-dvojset-ingeborg-tmavofialovy\/#primaryimage\"},\"image\":{\"@id\":\"https:\/\/www.tattja.com\/product\/damske-oblecenie-dvojset-ingeborg-tmavofialovy\/#primaryimage\"},\"thumbnailUrl\":\"https:\/\/www.tattja.com\/wp-content\/uploads\/2026\/01\/tmavofialovy-dvojset-nakrcnik-ciapka-spredu-40.webp\",\"datePublished\":\"2025-08-21T09:16:40+00:00\",\"dateModified\":\"2026-04-05T17:44:37+00:00\",\"description\":\"D\u00e1mske oble\u010denie dvojset INGEBORG tmavofialov\u00fd \u2013 elegantn\u00e1 kombin\u00e1cia \u010diapky a n\u00e1kr\u010dn\u00edka v odtieni, ktor\u00fd sp\u00e1ja noblesu, \u017eenskos\u0165 a modern\u00fd \u0161t\u00fdl.\",\"breadcrumb\":{\"@id\":\"https:\/\/www.tattja.com\/product\/damske-oblecenie-dvojset-ingeborg-tmavofialovy\/#breadcrumb\"},\"inLanguage\":\"en-GB\",\"potentialAction\":[{\"@type\":\"ReadAction\",\"target\":[\"https:\/\/www.tattja.com\/product\/damske-oblecenie-dvojset-ingeborg-tmavofialovy\/\"]}]},{\"@type\":\"ImageObject\",\"inLanguage\":\"en-GB\",\"@id\":\"https:\/\/www.tattja.com\/product\/damske-oblecenie-dvojset-ingeborg-tmavofialovy\/#primaryimage\",\"url\":\"https:\/\/www.tattja.com\/wp-content\/uploads\/2026\/01\/tmavofialovy-dvojset-nakrcnik-ciapka-spredu-40.webp\",\"contentUrl\":\"https:\/\/www.tattja.com\/wp-content\/uploads\/2026\/01\/tmavofialovy-dvojset-nakrcnik-ciapka-spredu-40.webp\",\"width\":1365,\"height\":2048,\"caption\":\"Dvojset INGEBORG tmavofialov\u00fd \u2013 \u010diapka a n\u00e1kr\u010dn\u00edk, predn\u00fd poh\u013ead | TATTJA\"},{\"@type\":\"BreadcrumbList\",\"@id\":\"https:\/\/www.tattja.com\/product\/damske-oblecenie-dvojset-ingeborg-tmavofialovy\/#breadcrumb\",\"itemListElement\":[{\"@type\":\"ListItem\",\"position\":1,\"name\":\"Domov\",\"item\":\"https:\/\/www.tattja.com\/\"},{\"@type\":\"ListItem\",\"position\":2,\"name\":\"Produkty\",\"item\":\"https:\/\/www.tattja.com\/damske-oblecenie-produkty\/\"},{\"@type\":\"ListItem\",\"position\":3,\"name\":\"D\u00e1mske oble\u010denie 2-set INGEBORG tmavofialov\u00fd\"}]},{\"@type\":\"WebSite\",\"@id\":\"https:\/\/www.tattja.com\/#website\",\"url\":\"https:\/\/www.tattja.com\/\",\"name\":\"TATTJA\",\"description\":\"D\u00e1mske oble\u010denie z extra jemnej merino vlny \u2014 ru\u010dne pleten\u00e9 na Slovensku\",\"potentialAction\":[{\"@type\":\"SearchAction\",\"target\":{\"@type\":\"EntryPoint\",\"urlTemplate\":\"https:\/\/www.tattja.com\/?s={search_term_string}\"},\"query-input\":{\"@type\":\"PropertyValueSpecification\",\"valueRequired\":true,\"valueName\":\"search_term_string\"}}],\"inLanguage\":\"en-GB\"}]}<\/script>\n<!-- \/ Yoast SEO plugin. -->","yoast_head_json":{"title":"D\u00e1mske oble\u010denie 2-set INGEBORG tmavofialov\u00fd - TATTJA","description":"D\u00e1mske oble\u010denie dvojset INGEBORG tmavofialov\u00fd \u2013 elegantn\u00e1 kombin\u00e1cia \u010diapky a n\u00e1kr\u010dn\u00edka v odtieni, ktor\u00fd sp\u00e1ja noblesu, \u017eenskos\u0165 a modern\u00fd \u0161t\u00fdl.","robots":{"index":"index","follow":"follow","max-snippet":"max-snippet:-1","max-image-preview":"max-image-preview:large","max-video-preview":"max-video-preview:-1"},"canonical":"https:\/\/www.tattja.com\/en\/product\/damske-oblecenie-dvojset-ingeborg-tmavofialovy\/","og_locale":"en_GB","og_type":"article","og_title":"D\u00e1mske oble\u010denie 2-set INGEBORG tmavofialov\u00fd - TATTJA","og_description":"D\u00e1mske oble\u010denie dvojset INGEBORG tmavofialov\u00fd \u2013 elegantn\u00e1 kombin\u00e1cia \u010diapky a n\u00e1kr\u010dn\u00edka v odtieni, ktor\u00fd sp\u00e1ja noblesu, \u017eenskos\u0165 a modern\u00fd \u0161t\u00fdl.","og_url":"https:\/\/www.tattja.com\/en\/product\/damske-oblecenie-dvojset-ingeborg-tmavofialovy\/","og_site_name":"TATTJA","article_modified_time":"2026-04-05T17:44:37+00:00","og_image":[{"width":1365,"height":2048,"url":"https:\/\/www.tattja.com\/wp-content\/uploads\/2026\/01\/tmavofialovy-dvojset-nakrcnik-ciapka-spredu-40.webp","type":"image\/webp"}],"twitter_card":"summary_large_image","twitter_misc":{"Estimated reading time":"2 minutes"},"schema":{"@context":"https:\/\/schema.org","@graph":[{"@type":"WebPage","@id":"https:\/\/www.tattja.com\/product\/damske-oblecenie-dvojset-ingeborg-tmavofialovy\/","url":"https:\/\/www.tattja.com\/product\/damske-oblecenie-dvojset-ingeborg-tmavofialovy\/","name":"D\u00e1mske oble\u010denie 2-set INGEBORG tmavofialov\u00fd - TATTJA","isPartOf":{"@id":"https:\/\/www.tattja.com\/#website"},"primaryImageOfPage":{"@id":"https:\/\/www.tattja.com\/product\/damske-oblecenie-dvojset-ingeborg-tmavofialovy\/#primaryimage"},"image":{"@id":"https:\/\/www.tattja.com\/product\/damske-oblecenie-dvojset-ingeborg-tmavofialovy\/#primaryimage"},"thumbnailUrl":"https:\/\/www.tattja.com\/wp-content\/uploads\/2026\/01\/tmavofialovy-dvojset-nakrcnik-ciapka-spredu-40.webp","datePublished":"2025-08-21T09:16:40+00:00","dateModified":"2026-04-05T17:44:37+00:00","description":"D\u00e1mske oble\u010denie dvojset INGEBORG tmavofialov\u00fd \u2013 elegantn\u00e1 kombin\u00e1cia \u010diapky a n\u00e1kr\u010dn\u00edka v odtieni, ktor\u00fd sp\u00e1ja noblesu, \u017eenskos\u0165 a modern\u00fd \u0161t\u00fdl.","breadcrumb":{"@id":"https:\/\/www.tattja.com\/product\/damske-oblecenie-dvojset-ingeborg-tmavofialovy\/#breadcrumb"},"inLanguage":"en-GB","potentialAction":[{"@type":"ReadAction","target":["https:\/\/www.tattja.com\/product\/damske-oblecenie-dvojset-ingeborg-tmavofialovy\/"]}]},{"@type":"ImageObject","inLanguage":"en-GB","@id":"https:\/\/www.tattja.com\/product\/damske-oblecenie-dvojset-ingeborg-tmavofialovy\/#primaryimage","url":"https:\/\/www.tattja.com\/wp-content\/uploads\/2026\/01\/tmavofialovy-dvojset-nakrcnik-ciapka-spredu-40.webp","contentUrl":"https:\/\/www.tattja.com\/wp-content\/uploads\/2026\/01\/tmavofialovy-dvojset-nakrcnik-ciapka-spredu-40.webp","width":1365,"height":2048,"caption":"Dvojset INGEBORG tmavofialov\u00fd \u2013 \u010diapka a n\u00e1kr\u010dn\u00edk, predn\u00fd poh\u013ead | TATTJA"},{"@type":"BreadcrumbList","@id":"https:\/\/www.tattja.com\/product\/damske-oblecenie-dvojset-ingeborg-tmavofialovy\/#breadcrumb","itemListElement":[{"@type":"ListItem","position":1,"name":"Domov","item":"https:\/\/www.tattja.com\/"},{"@type":"ListItem","position":2,"name":"Produkty","item":"https:\/\/www.tattja.com\/damske-oblecenie-produkty\/"},{"@type":"ListItem","position":3,"name":"D\u00e1mske oble\u010denie 2-set INGEBORG tmavofialov\u00fd"}]},{"@type":"WebSite","@id":"https:\/\/www.tattja.com\/#website","url":"https:\/\/www.tattja.com\/","name":"TATTJA","description":"D\u00e1mske oble\u010denie z extra jemnej merino vlny \u2014 ru\u010dne pleten\u00e9 na Slovensku","potentialAction":[{"@type":"SearchAction","target":{"@type":"EntryPoint","urlTemplate":"https:\/\/www.tattja.com\/?s={search_term_string}"},"query-input":{"@type":"PropertyValueSpecification","valueRequired":true,"valueName":"search_term_string"}}],"inLanguage":"en-GB"}]}},"_links":{"self":[{"href":"https:\/\/www.tattja.com\/en\/wp-json\/wp\/v2\/product\/2163","targetHints":{"allow":["GET"]}}],"collection":[{"href":"https:\/\/www.tattja.com\/en\/wp-json\/wp\/v2\/product"}],"about":[{"href":"https:\/\/www.tattja.com\/en\/wp-json\/wp\/v2\/types\/product"}],"replies":[{"embeddable":true,"href":"https:\/\/www.tattja.com\/en\/wp-json\/wp\/v2\/comments?post=2163"}],"version-history":[{"count":6,"href":"https:\/\/www.tattja.com\/en\/wp-json\/wp\/v2\/product\/2163\/revisions"}],"predecessor-version":[{"id":7157,"href":"https:\/\/www.tattja.com\/en\/wp-json\/wp\/v2\/product\/2163\/revisions\/7157"}],"wp:featuredmedia":[{"embeddable":true,"href":"https:\/\/www.tattja.com\/en\/wp-json\/wp\/v2\/media\/7589"}],"wp:attachment":[{"href":"https:\/\/www.tattja.com\/en\/wp-json\/wp\/v2\/media?parent=2163"}],"wp:term":[{"taxonomy":"product_brand","embeddable":true,"href":"https:\/\/www.tattja.com\/en\/wp-json\/wp\/v2\/product_brand?post=2163"},{"taxonomy":"product_cat","embeddable":true,"href":"https:\/\/www.tattja.com\/en\/wp-json\/wp\/v2\/product_cat?post=2163"},{"taxonomy":"product_tag","embeddable":true,"href":"https:\/\/www.tattja.com\/en\/wp-json\/wp\/v2\/product_tag?post=2163"}],"curies":[{"name":"wp","href":"https:\/\/api.w.org\/{rel}","templated":true}]}}