{"id":2171,"date":"2025-08-21T11:21:54","date_gmt":"2025-08-21T09:21:54","guid":{"rendered":"https:\/\/www.tattja.com\/?post_type=product&#038;p=2171"},"modified":"2026-04-05T19:44:37","modified_gmt":"2026-04-05T17:44:37","slug":"damske-oblecenie-trojset-solvej-tmavofialovy-tattja","status":"publish","type":"product","link":"https:\/\/www.tattja.com\/en\/product\/damske-oblecenie-trojset-solvej-tmavofialovy-tattja\/","title":{"rendered":"D\u00e1mske oble\u010denie 3-set SOLVEJ tmavofialov\u00fd"},"content":{"rendered":"<p data-start=\"988\" data-end=\"1339\"><strong data-start=\"988\" data-end=\"1019\">Women's clothing three-set SOLVEJ dark purple<\/strong> is a combination of mystical elegance and modern luxury. This women's knitted set from the brand <strong data-start=\"1113\" data-end=\"1123\">TATTJA<\/strong> represents a sophisticated fusion of style, comfort and feminine power. The neck warmer gently hugs the shoulders and gives a sense of security, the shrug accentuates the silhouette of the body, and the cap with shirring adds a sophisticated accent to the overall look.<\/p>\n<p data-start=\"1341\" data-end=\"1610\">The dark purple colour conveys refinement, calmness and depth - it looks exceptional and timeless. Every detail of the three-piece set has been created with a focus on aesthetics, functionality and premium quality. The fine natural fibre knit provides warming comfort, breathability and long-lasting durability.<\/p>\n<p data-start=\"1612\" data-end=\"1892\">Women's three-set SOLVEJ dark purple will become a versatile piece that will emphasize the personal style of the wearer - whether in combination with elegant trousers, a long coat or a simple skirt. Thanks to its timelessness and sophisticated design, it will bring a touch of refinement to any outfit.<\/p>\n<p data-start=\"1894\" data-end=\"2126\">Each model from the workshop <strong data-start=\"1915\" data-end=\"1925\">TATTJA<\/strong> carries the philosophy of slow fashion - a sense of quality, precision and aesthetics that resists trends. This three-piece set is more than an accessory - it's an expression of personality, taste and natural elegance.<\/p>\n<p data-start=\"1894\" data-end=\"2126\">Discover the beauty of delicacy, sophisticated details and feminine style that will keep you warm and <a href=\"https:\/\/www.tattja.com\/en\/product-category\/produkty\/trojsety-3\/nakrcnik-a-driekovnik-a-ciapka\/\">in other colours<\/a>.<\/p>\n<p data-start=\"2128\" data-end=\"2296\"><strong data-start=\"2128\" data-end=\"2185\">See, <a href=\"https:\/\/shop.bogensberger.co.at\/produkt-schlagwort\/merino-extrafein\/\">from what materials<\/a> we produce our pieces<\/strong> - discover the origins of our premium yarns, their softness and quality that turn knitting into an artistic experience.<\/p>","protected":false},"excerpt":{"rendered":"<p><strong data-start=\"742\" data-end=\"773\">Women's clothing three-set SOLVEJ dark purple<\/strong> combines refinement, warmth and softness. The luxurious TATTJA knitted set with neck warmer, neckwarmer and cap with shawl envelops the body in soft comfort and elegant charm.<\/p>","protected":false},"featured_media":7613,"comment_status":"open","ping_status":"closed","template":"","meta":[],"product_brand":[],"product_cat":[284,300,286,193,195],"product_tag":[],"class_list":{"0":"post-2171","1":"product","2":"type-product","3":"status-publish","4":"has-post-thumbnail","6":"product_cat-trojsety-3","7":"product_cat-damske-oblecenie","8":"product_cat-nakrcnik-a-driekovnik-a-ciapka","9":"product_cat-pleteninove-doplnky-tmavofialove","10":"product_cat-trojsety-tmavofialove","12":"first","13":"instock","14":"taxable","15":"shipping-taxable","16":"purchasable","17":"product-type-simple"},"yoast_head":"<!-- This site is optimized with the Yoast SEO plugin v26.0 - https:\/\/yoast.com\/wordpress\/plugins\/seo\/ -->\n<title>D\u00e1mske oble\u010denie 3-set SOLVEJ tmavofialov\u00fd - TATTJA<\/title>\n<meta name=\"description\" content=\"D\u00e1mske oble\u010denie trojset SOLVEJ tmavofialov\u00fd \u2013 luxusn\u00fd d\u00e1msky pleten\u00fd komplet TATTJA, ktor\u00fd sp\u00e1ja \u017eenskos\u0165, eleganciu a noblesu v nad\u010dasovej harm\u00f3nii.\" \/>\n<meta name=\"robots\" content=\"index, follow, max-snippet:-1, max-image-preview:large, max-video-preview:-1\" \/>\n<link rel=\"canonical\" href=\"https:\/\/www.tattja.com\/en\/product\/damske-oblecenie-trojset-solvej-tmavofialovy-tattja\/\" \/>\n<meta property=\"og:locale\" content=\"en_GB\" \/>\n<meta property=\"og:type\" content=\"article\" \/>\n<meta property=\"og:title\" content=\"D\u00e1mske oble\u010denie 3-set SOLVEJ tmavofialov\u00fd - TATTJA\" \/>\n<meta property=\"og:description\" content=\"D\u00e1mske oble\u010denie trojset SOLVEJ tmavofialov\u00fd \u2013 luxusn\u00fd d\u00e1msky pleten\u00fd komplet TATTJA, ktor\u00fd sp\u00e1ja \u017eenskos\u0165, eleganciu a noblesu v nad\u010dasovej harm\u00f3nii.\" \/>\n<meta property=\"og:url\" content=\"https:\/\/www.tattja.com\/en\/product\/damske-oblecenie-trojset-solvej-tmavofialovy-tattja\/\" \/>\n<meta property=\"og:site_name\" content=\"TATTJA\" \/>\n<meta property=\"article:modified_time\" content=\"2026-04-05T17:44:37+00:00\" \/>\n<meta property=\"og:image\" content=\"https:\/\/www.tattja.com\/wp-content\/uploads\/2026\/01\/tmavofialovy-trojset-nakrcnik-driekovnik-ciapka-spredu-25.webp\" \/>\n\t<meta property=\"og:image:width\" content=\"1365\" \/>\n\t<meta property=\"og:image:height\" content=\"2048\" \/>\n\t<meta property=\"og:image:type\" content=\"image\/webp\" \/>\n<meta name=\"twitter:card\" content=\"summary_large_image\" \/>\n<meta name=\"twitter:label1\" content=\"Estimated reading time\" \/>\n\t<meta name=\"twitter:data1\" content=\"2 minutes\" \/>\n<script type=\"application\/ld+json\" class=\"yoast-schema-graph\">{\"@context\":\"https:\/\/schema.org\",\"@graph\":[{\"@type\":\"WebPage\",\"@id\":\"https:\/\/www.tattja.com\/product\/damske-oblecenie-trojset-solvej-tmavofialovy-tattja\/\",\"url\":\"https:\/\/www.tattja.com\/product\/damske-oblecenie-trojset-solvej-tmavofialovy-tattja\/\",\"name\":\"D\u00e1mske oble\u010denie 3-set SOLVEJ tmavofialov\u00fd - TATTJA\",\"isPartOf\":{\"@id\":\"https:\/\/www.tattja.com\/#website\"},\"primaryImageOfPage\":{\"@id\":\"https:\/\/www.tattja.com\/product\/damske-oblecenie-trojset-solvej-tmavofialovy-tattja\/#primaryimage\"},\"image\":{\"@id\":\"https:\/\/www.tattja.com\/product\/damske-oblecenie-trojset-solvej-tmavofialovy-tattja\/#primaryimage\"},\"thumbnailUrl\":\"https:\/\/www.tattja.com\/wp-content\/uploads\/2026\/01\/tmavofialovy-trojset-nakrcnik-driekovnik-ciapka-spredu-25.webp\",\"datePublished\":\"2025-08-21T09:21:54+00:00\",\"dateModified\":\"2026-04-05T17:44:37+00:00\",\"description\":\"D\u00e1mske oble\u010denie trojset SOLVEJ tmavofialov\u00fd \u2013 luxusn\u00fd d\u00e1msky pleten\u00fd komplet TATTJA, ktor\u00fd sp\u00e1ja \u017eenskos\u0165, eleganciu a noblesu v nad\u010dasovej harm\u00f3nii.\",\"breadcrumb\":{\"@id\":\"https:\/\/www.tattja.com\/product\/damske-oblecenie-trojset-solvej-tmavofialovy-tattja\/#breadcrumb\"},\"inLanguage\":\"en-GB\",\"potentialAction\":[{\"@type\":\"ReadAction\",\"target\":[\"https:\/\/www.tattja.com\/product\/damske-oblecenie-trojset-solvej-tmavofialovy-tattja\/\"]}]},{\"@type\":\"ImageObject\",\"inLanguage\":\"en-GB\",\"@id\":\"https:\/\/www.tattja.com\/product\/damske-oblecenie-trojset-solvej-tmavofialovy-tattja\/#primaryimage\",\"url\":\"https:\/\/www.tattja.com\/wp-content\/uploads\/2026\/01\/tmavofialovy-trojset-nakrcnik-driekovnik-ciapka-spredu-25.webp\",\"contentUrl\":\"https:\/\/www.tattja.com\/wp-content\/uploads\/2026\/01\/tmavofialovy-trojset-nakrcnik-driekovnik-ciapka-spredu-25.webp\",\"width\":1365,\"height\":2048,\"caption\":\"Trojset SOLVEJ tmavofialov\u00fd \u2013 n\u00e1kr\u010dn\u00edk, driekovn\u00edk a \u010diapka, predn\u00fd poh\u013ead | TATTJA\"},{\"@type\":\"BreadcrumbList\",\"@id\":\"https:\/\/www.tattja.com\/product\/damske-oblecenie-trojset-solvej-tmavofialovy-tattja\/#breadcrumb\",\"itemListElement\":[{\"@type\":\"ListItem\",\"position\":1,\"name\":\"Domov\",\"item\":\"https:\/\/www.tattja.com\/\"},{\"@type\":\"ListItem\",\"position\":2,\"name\":\"Produkty\",\"item\":\"https:\/\/www.tattja.com\/damske-oblecenie-produkty\/\"},{\"@type\":\"ListItem\",\"position\":3,\"name\":\"D\u00e1mske oble\u010denie 3-set SOLVEJ tmavofialov\u00fd\"}]},{\"@type\":\"WebSite\",\"@id\":\"https:\/\/www.tattja.com\/#website\",\"url\":\"https:\/\/www.tattja.com\/\",\"name\":\"TATTJA\",\"description\":\"D\u00e1mske oble\u010denie z extra jemnej merino vlny \u2014 ru\u010dne pleten\u00e9 na Slovensku\",\"potentialAction\":[{\"@type\":\"SearchAction\",\"target\":{\"@type\":\"EntryPoint\",\"urlTemplate\":\"https:\/\/www.tattja.com\/?s={search_term_string}\"},\"query-input\":{\"@type\":\"PropertyValueSpecification\",\"valueRequired\":true,\"valueName\":\"search_term_string\"}}],\"inLanguage\":\"en-GB\"}]}<\/script>\n<!-- \/ Yoast SEO plugin. -->","yoast_head_json":{"title":"D\u00e1mske oble\u010denie 3-set SOLVEJ tmavofialov\u00fd - TATTJA","description":"D\u00e1mske oble\u010denie trojset SOLVEJ tmavofialov\u00fd \u2013 luxusn\u00fd d\u00e1msky pleten\u00fd komplet TATTJA, ktor\u00fd sp\u00e1ja \u017eenskos\u0165, eleganciu a noblesu v nad\u010dasovej harm\u00f3nii.","robots":{"index":"index","follow":"follow","max-snippet":"max-snippet:-1","max-image-preview":"max-image-preview:large","max-video-preview":"max-video-preview:-1"},"canonical":"https:\/\/www.tattja.com\/en\/product\/damske-oblecenie-trojset-solvej-tmavofialovy-tattja\/","og_locale":"en_GB","og_type":"article","og_title":"D\u00e1mske oble\u010denie 3-set SOLVEJ tmavofialov\u00fd - TATTJA","og_description":"D\u00e1mske oble\u010denie trojset SOLVEJ tmavofialov\u00fd \u2013 luxusn\u00fd d\u00e1msky pleten\u00fd komplet TATTJA, ktor\u00fd sp\u00e1ja \u017eenskos\u0165, eleganciu a noblesu v nad\u010dasovej harm\u00f3nii.","og_url":"https:\/\/www.tattja.com\/en\/product\/damske-oblecenie-trojset-solvej-tmavofialovy-tattja\/","og_site_name":"TATTJA","article_modified_time":"2026-04-05T17:44:37+00:00","og_image":[{"width":1365,"height":2048,"url":"https:\/\/www.tattja.com\/wp-content\/uploads\/2026\/01\/tmavofialovy-trojset-nakrcnik-driekovnik-ciapka-spredu-25.webp","type":"image\/webp"}],"twitter_card":"summary_large_image","twitter_misc":{"Estimated reading time":"2 minutes"},"schema":{"@context":"https:\/\/schema.org","@graph":[{"@type":"WebPage","@id":"https:\/\/www.tattja.com\/product\/damske-oblecenie-trojset-solvej-tmavofialovy-tattja\/","url":"https:\/\/www.tattja.com\/product\/damske-oblecenie-trojset-solvej-tmavofialovy-tattja\/","name":"D\u00e1mske oble\u010denie 3-set SOLVEJ tmavofialov\u00fd - TATTJA","isPartOf":{"@id":"https:\/\/www.tattja.com\/#website"},"primaryImageOfPage":{"@id":"https:\/\/www.tattja.com\/product\/damske-oblecenie-trojset-solvej-tmavofialovy-tattja\/#primaryimage"},"image":{"@id":"https:\/\/www.tattja.com\/product\/damske-oblecenie-trojset-solvej-tmavofialovy-tattja\/#primaryimage"},"thumbnailUrl":"https:\/\/www.tattja.com\/wp-content\/uploads\/2026\/01\/tmavofialovy-trojset-nakrcnik-driekovnik-ciapka-spredu-25.webp","datePublished":"2025-08-21T09:21:54+00:00","dateModified":"2026-04-05T17:44:37+00:00","description":"D\u00e1mske oble\u010denie trojset SOLVEJ tmavofialov\u00fd \u2013 luxusn\u00fd d\u00e1msky pleten\u00fd komplet TATTJA, ktor\u00fd sp\u00e1ja \u017eenskos\u0165, eleganciu a noblesu v nad\u010dasovej harm\u00f3nii.","breadcrumb":{"@id":"https:\/\/www.tattja.com\/product\/damske-oblecenie-trojset-solvej-tmavofialovy-tattja\/#breadcrumb"},"inLanguage":"en-GB","potentialAction":[{"@type":"ReadAction","target":["https:\/\/www.tattja.com\/product\/damske-oblecenie-trojset-solvej-tmavofialovy-tattja\/"]}]},{"@type":"ImageObject","inLanguage":"en-GB","@id":"https:\/\/www.tattja.com\/product\/damske-oblecenie-trojset-solvej-tmavofialovy-tattja\/#primaryimage","url":"https:\/\/www.tattja.com\/wp-content\/uploads\/2026\/01\/tmavofialovy-trojset-nakrcnik-driekovnik-ciapka-spredu-25.webp","contentUrl":"https:\/\/www.tattja.com\/wp-content\/uploads\/2026\/01\/tmavofialovy-trojset-nakrcnik-driekovnik-ciapka-spredu-25.webp","width":1365,"height":2048,"caption":"Trojset SOLVEJ tmavofialov\u00fd \u2013 n\u00e1kr\u010dn\u00edk, driekovn\u00edk a \u010diapka, predn\u00fd poh\u013ead | TATTJA"},{"@type":"BreadcrumbList","@id":"https:\/\/www.tattja.com\/product\/damske-oblecenie-trojset-solvej-tmavofialovy-tattja\/#breadcrumb","itemListElement":[{"@type":"ListItem","position":1,"name":"Domov","item":"https:\/\/www.tattja.com\/"},{"@type":"ListItem","position":2,"name":"Produkty","item":"https:\/\/www.tattja.com\/damske-oblecenie-produkty\/"},{"@type":"ListItem","position":3,"name":"D\u00e1mske oble\u010denie 3-set SOLVEJ tmavofialov\u00fd"}]},{"@type":"WebSite","@id":"https:\/\/www.tattja.com\/#website","url":"https:\/\/www.tattja.com\/","name":"TATTJA","description":"D\u00e1mske oble\u010denie z extra jemnej merino vlny \u2014 ru\u010dne pleten\u00e9 na Slovensku","potentialAction":[{"@type":"SearchAction","target":{"@type":"EntryPoint","urlTemplate":"https:\/\/www.tattja.com\/?s={search_term_string}"},"query-input":{"@type":"PropertyValueSpecification","valueRequired":true,"valueName":"search_term_string"}}],"inLanguage":"en-GB"}]}},"_links":{"self":[{"href":"https:\/\/www.tattja.com\/en\/wp-json\/wp\/v2\/product\/2171","targetHints":{"allow":["GET"]}}],"collection":[{"href":"https:\/\/www.tattja.com\/en\/wp-json\/wp\/v2\/product"}],"about":[{"href":"https:\/\/www.tattja.com\/en\/wp-json\/wp\/v2\/types\/product"}],"replies":[{"embeddable":true,"href":"https:\/\/www.tattja.com\/en\/wp-json\/wp\/v2\/comments?post=2171"}],"version-history":[{"count":6,"href":"https:\/\/www.tattja.com\/en\/wp-json\/wp\/v2\/product\/2171\/revisions"}],"predecessor-version":[{"id":7153,"href":"https:\/\/www.tattja.com\/en\/wp-json\/wp\/v2\/product\/2171\/revisions\/7153"}],"wp:featuredmedia":[{"embeddable":true,"href":"https:\/\/www.tattja.com\/en\/wp-json\/wp\/v2\/media\/7613"}],"wp:attachment":[{"href":"https:\/\/www.tattja.com\/en\/wp-json\/wp\/v2\/media?parent=2171"}],"wp:term":[{"taxonomy":"product_brand","embeddable":true,"href":"https:\/\/www.tattja.com\/en\/wp-json\/wp\/v2\/product_brand?post=2171"},{"taxonomy":"product_cat","embeddable":true,"href":"https:\/\/www.tattja.com\/en\/wp-json\/wp\/v2\/product_cat?post=2171"},{"taxonomy":"product_tag","embeddable":true,"href":"https:\/\/www.tattja.com\/en\/wp-json\/wp\/v2\/product_tag?post=2171"}],"curies":[{"name":"wp","href":"https:\/\/api.w.org\/{rel}","templated":true}]}}