{"id":2175,"date":"2025-08-22T10:29:21","date_gmt":"2025-08-22T08:29:21","guid":{"rendered":"https:\/\/www.tattja.com\/?post_type=product&#038;p=2175"},"modified":"2026-04-05T19:44:36","modified_gmt":"2026-04-05T17:44:36","slug":"damske-oblecenie-ciapka-anja-tmavosiva","status":"publish","type":"product","link":"https:\/\/www.tattja.com\/en\/product\/damske-oblecenie-ciapka-anja-tmavosiva\/","title":{"rendered":"Women's clothing cap ANJA dark grey"},"content":{"rendered":"<p data-start=\"872\" data-end=\"1237\"><strong data-start=\"872\" data-end=\"914\">Women's clothing cap ANJA dark grey<\/strong> is an elegant accessory that combines timelessness, comfort and feminine style. This model from the collection <strong data-start=\"1008\" data-end=\"1018\">TATTJA<\/strong> offers the perfect balance between modern design and practical functionality. The cap in dark grey shade looks understated yet sophisticated - perfect for women who seek simplicity with a touch of refinement.<\/p>\n<p data-start=\"1239\" data-end=\"1540\">The soft knit adapts pleasantly to the shape of the head and provides warmth even on cold days. The material is breathable, soft to the touch and creates a feeling of lightness when worn. Every detail, from the meticulously crafted hem to the practical neckline, underlines the quality and original signature of the brand <strong data-start=\"1527\" data-end=\"1537\">TATTJA<\/strong>.<\/p>\n<p data-start=\"1542\" data-end=\"1880\">The dark grey shade is versatile, easy to combine and blends harmoniously with different styles. It perfectly complements minimalist, urban and casual outfits. It goes well with elegant coats, but looks equally good in combination with a comfortable cardigan or winter jacket. Thanks to its design, it becomes an essential part of the modern wardrobe.<\/p>\n<p data-start=\"1882\" data-end=\"2119\">Women's clothing cap <strong data-start=\"1889\" data-end=\"1907\">ANJA dark grey<\/strong> exudes subtle femininity and self-confidence. It is ideal for casual wear, travel and winter walks. The combination of functionality, style and quality makes this piece a versatile accessory that will stand out in any situation.<\/p>\n<p data-start=\"2121\" data-end=\"2226\">Discover the beauty of delicacy, sophisticated details and feminine style that will keep you warm and <a href=\"https:\/\/www.tattja.com\/en\/product-category\/damske-oblecenie\/doplnky-jednotlivo\/ciapky\/\">in other colours<\/a>.<\/p>\n<p data-start=\"2228\" data-end=\"2368\"><strong data-start=\"2228\" data-end=\"2282\">See, <a href=\"https:\/\/shop.bogensberger.co.at\/produkt-schlagwort\/merino-extrafein\/\">from what materials<\/a> we produce our pieces<\/strong> and enjoy the combination of elegance, comfort and timeless design of the brand <strong data-start=\"2355\" data-end=\"2365\">TATTJA<\/strong>.<\/p>","protected":false},"excerpt":{"rendered":"<p><strong data-start=\"660\" data-end=\"702\">Women's clothing cap ANJA dark grey<\/strong> is a stylish accessory that combines simplicity, comfort and elegance. Warm, soft and timeless in every detail.<\/p>","protected":false},"featured_media":7719,"comment_status":"open","ping_status":"closed","template":"","meta":[],"product_brand":[],"product_cat":[216,282,300,298,267,209],"product_tag":[],"class_list":{"0":"post-2175","1":"product","2":"type-product","3":"status-publish","4":"has-post-thumbnail","6":"product_cat-ciapka-tmavosiva","7":"product_cat-ciapky","8":"product_cat-damske-oblecenie","9":"product_cat-doplnky-jednotlivo","10":"product_cat-jednotlive-doplnky-tmavosive","11":"product_cat-pleteninove-doplnky-tmavosive","13":"first","14":"instock","15":"taxable","16":"shipping-taxable","17":"purchasable","18":"product-type-simple"},"yoast_head":"<!-- This site is optimized with the Yoast SEO plugin v26.0 - https:\/\/yoast.com\/wordpress\/plugins\/seo\/ -->\n<title>D\u00e1mske oble\u010denie \u010diapka ANJA tmavosiv\u00e1 - TATTJA<\/title>\n<meta name=\"description\" content=\"D\u00e1mske oble\u010denie \u010diapka ANJA tmavosiv\u00e1 \u2013 nad\u010dasov\u00fd doplnok z jemnej pleteniny, ktor\u00fd sp\u00e1ja eleganciu, funk\u010dnos\u0165 a modern\u00fd \u0161t\u00fdl.\" \/>\n<meta name=\"robots\" content=\"index, follow, max-snippet:-1, max-image-preview:large, max-video-preview:-1\" \/>\n<link rel=\"canonical\" href=\"https:\/\/www.tattja.com\/en\/product\/damske-oblecenie-ciapka-anja-tmavosiva\/\" \/>\n<meta property=\"og:locale\" content=\"en_GB\" \/>\n<meta property=\"og:type\" content=\"article\" \/>\n<meta property=\"og:title\" content=\"D\u00e1mske oble\u010denie \u010diapka ANJA tmavosiv\u00e1 - TATTJA\" \/>\n<meta property=\"og:description\" content=\"D\u00e1mske oble\u010denie \u010diapka ANJA tmavosiv\u00e1 \u2013 nad\u010dasov\u00fd doplnok z jemnej pleteniny, ktor\u00fd sp\u00e1ja eleganciu, funk\u010dnos\u0165 a modern\u00fd \u0161t\u00fdl.\" \/>\n<meta property=\"og:url\" content=\"https:\/\/www.tattja.com\/en\/product\/damske-oblecenie-ciapka-anja-tmavosiva\/\" \/>\n<meta property=\"og:site_name\" content=\"TATTJA\" \/>\n<meta property=\"article:modified_time\" content=\"2026-04-05T17:44:36+00:00\" \/>\n<meta property=\"og:image\" content=\"https:\/\/www.tattja.com\/wp-content\/uploads\/2026\/01\/tmavosivy-ciapka-spredu-25.webp\" \/>\n\t<meta property=\"og:image:width\" content=\"1365\" \/>\n\t<meta property=\"og:image:height\" content=\"2048\" \/>\n\t<meta property=\"og:image:type\" content=\"image\/webp\" \/>\n<meta name=\"twitter:card\" content=\"summary_large_image\" \/>\n<meta name=\"twitter:label1\" content=\"Estimated reading time\" \/>\n\t<meta name=\"twitter:data1\" content=\"2 minutes\" \/>\n<script type=\"application\/ld+json\" class=\"yoast-schema-graph\">{\"@context\":\"https:\/\/schema.org\",\"@graph\":[{\"@type\":\"WebPage\",\"@id\":\"https:\/\/www.tattja.com\/product\/damske-oblecenie-ciapka-anja-tmavosiva\/\",\"url\":\"https:\/\/www.tattja.com\/product\/damske-oblecenie-ciapka-anja-tmavosiva\/\",\"name\":\"D\u00e1mske oble\u010denie \u010diapka ANJA tmavosiv\u00e1 - TATTJA\",\"isPartOf\":{\"@id\":\"https:\/\/www.tattja.com\/#website\"},\"primaryImageOfPage\":{\"@id\":\"https:\/\/www.tattja.com\/product\/damske-oblecenie-ciapka-anja-tmavosiva\/#primaryimage\"},\"image\":{\"@id\":\"https:\/\/www.tattja.com\/product\/damske-oblecenie-ciapka-anja-tmavosiva\/#primaryimage\"},\"thumbnailUrl\":\"https:\/\/www.tattja.com\/wp-content\/uploads\/2026\/01\/tmavosivy-ciapka-spredu-25.webp\",\"datePublished\":\"2025-08-22T08:29:21+00:00\",\"dateModified\":\"2026-04-05T17:44:36+00:00\",\"description\":\"D\u00e1mske oble\u010denie \u010diapka ANJA tmavosiv\u00e1 \u2013 nad\u010dasov\u00fd doplnok z jemnej pleteniny, ktor\u00fd sp\u00e1ja eleganciu, funk\u010dnos\u0165 a modern\u00fd \u0161t\u00fdl.\",\"breadcrumb\":{\"@id\":\"https:\/\/www.tattja.com\/product\/damske-oblecenie-ciapka-anja-tmavosiva\/#breadcrumb\"},\"inLanguage\":\"en-GB\",\"potentialAction\":[{\"@type\":\"ReadAction\",\"target\":[\"https:\/\/www.tattja.com\/product\/damske-oblecenie-ciapka-anja-tmavosiva\/\"]}]},{\"@type\":\"ImageObject\",\"inLanguage\":\"en-GB\",\"@id\":\"https:\/\/www.tattja.com\/product\/damske-oblecenie-ciapka-anja-tmavosiva\/#primaryimage\",\"url\":\"https:\/\/www.tattja.com\/wp-content\/uploads\/2026\/01\/tmavosivy-ciapka-spredu-25.webp\",\"contentUrl\":\"https:\/\/www.tattja.com\/wp-content\/uploads\/2026\/01\/tmavosivy-ciapka-spredu-25.webp\",\"width\":1365,\"height\":2048,\"caption\":\"Tmavosiv\u00e1 \u010diapka ANJA \u2013 pleten\u00e1 \u010diapka TATTJA\"},{\"@type\":\"BreadcrumbList\",\"@id\":\"https:\/\/www.tattja.com\/product\/damske-oblecenie-ciapka-anja-tmavosiva\/#breadcrumb\",\"itemListElement\":[{\"@type\":\"ListItem\",\"position\":1,\"name\":\"Domov\",\"item\":\"https:\/\/www.tattja.com\/\"},{\"@type\":\"ListItem\",\"position\":2,\"name\":\"Produkty\",\"item\":\"https:\/\/www.tattja.com\/damske-oblecenie-produkty\/\"},{\"@type\":\"ListItem\",\"position\":3,\"name\":\"D\u00e1mske oble\u010denie \u010diapka ANJA tmavosiv\u00e1\"}]},{\"@type\":\"WebSite\",\"@id\":\"https:\/\/www.tattja.com\/#website\",\"url\":\"https:\/\/www.tattja.com\/\",\"name\":\"TATTJA\",\"description\":\"D\u00e1mske oble\u010denie z extra jemnej merino vlny \u2014 ru\u010dne pleten\u00e9 na Slovensku\",\"potentialAction\":[{\"@type\":\"SearchAction\",\"target\":{\"@type\":\"EntryPoint\",\"urlTemplate\":\"https:\/\/www.tattja.com\/?s={search_term_string}\"},\"query-input\":{\"@type\":\"PropertyValueSpecification\",\"valueRequired\":true,\"valueName\":\"search_term_string\"}}],\"inLanguage\":\"en-GB\"}]}<\/script>\n<!-- \/ Yoast SEO plugin. -->","yoast_head_json":{"title":"D\u00e1mske oble\u010denie \u010diapka ANJA tmavosiv\u00e1 - TATTJA","description":"D\u00e1mske oble\u010denie \u010diapka ANJA tmavosiv\u00e1 \u2013 nad\u010dasov\u00fd doplnok z jemnej pleteniny, ktor\u00fd sp\u00e1ja eleganciu, funk\u010dnos\u0165 a modern\u00fd \u0161t\u00fdl.","robots":{"index":"index","follow":"follow","max-snippet":"max-snippet:-1","max-image-preview":"max-image-preview:large","max-video-preview":"max-video-preview:-1"},"canonical":"https:\/\/www.tattja.com\/en\/product\/damske-oblecenie-ciapka-anja-tmavosiva\/","og_locale":"en_GB","og_type":"article","og_title":"D\u00e1mske oble\u010denie \u010diapka ANJA tmavosiv\u00e1 - TATTJA","og_description":"D\u00e1mske oble\u010denie \u010diapka ANJA tmavosiv\u00e1 \u2013 nad\u010dasov\u00fd doplnok z jemnej pleteniny, ktor\u00fd sp\u00e1ja eleganciu, funk\u010dnos\u0165 a modern\u00fd \u0161t\u00fdl.","og_url":"https:\/\/www.tattja.com\/en\/product\/damske-oblecenie-ciapka-anja-tmavosiva\/","og_site_name":"TATTJA","article_modified_time":"2026-04-05T17:44:36+00:00","og_image":[{"width":1365,"height":2048,"url":"https:\/\/www.tattja.com\/wp-content\/uploads\/2026\/01\/tmavosivy-ciapka-spredu-25.webp","type":"image\/webp"}],"twitter_card":"summary_large_image","twitter_misc":{"Estimated reading time":"2 minutes"},"schema":{"@context":"https:\/\/schema.org","@graph":[{"@type":"WebPage","@id":"https:\/\/www.tattja.com\/product\/damske-oblecenie-ciapka-anja-tmavosiva\/","url":"https:\/\/www.tattja.com\/product\/damske-oblecenie-ciapka-anja-tmavosiva\/","name":"D\u00e1mske oble\u010denie \u010diapka ANJA tmavosiv\u00e1 - TATTJA","isPartOf":{"@id":"https:\/\/www.tattja.com\/#website"},"primaryImageOfPage":{"@id":"https:\/\/www.tattja.com\/product\/damske-oblecenie-ciapka-anja-tmavosiva\/#primaryimage"},"image":{"@id":"https:\/\/www.tattja.com\/product\/damske-oblecenie-ciapka-anja-tmavosiva\/#primaryimage"},"thumbnailUrl":"https:\/\/www.tattja.com\/wp-content\/uploads\/2026\/01\/tmavosivy-ciapka-spredu-25.webp","datePublished":"2025-08-22T08:29:21+00:00","dateModified":"2026-04-05T17:44:36+00:00","description":"D\u00e1mske oble\u010denie \u010diapka ANJA tmavosiv\u00e1 \u2013 nad\u010dasov\u00fd doplnok z jemnej pleteniny, ktor\u00fd sp\u00e1ja eleganciu, funk\u010dnos\u0165 a modern\u00fd \u0161t\u00fdl.","breadcrumb":{"@id":"https:\/\/www.tattja.com\/product\/damske-oblecenie-ciapka-anja-tmavosiva\/#breadcrumb"},"inLanguage":"en-GB","potentialAction":[{"@type":"ReadAction","target":["https:\/\/www.tattja.com\/product\/damske-oblecenie-ciapka-anja-tmavosiva\/"]}]},{"@type":"ImageObject","inLanguage":"en-GB","@id":"https:\/\/www.tattja.com\/product\/damske-oblecenie-ciapka-anja-tmavosiva\/#primaryimage","url":"https:\/\/www.tattja.com\/wp-content\/uploads\/2026\/01\/tmavosivy-ciapka-spredu-25.webp","contentUrl":"https:\/\/www.tattja.com\/wp-content\/uploads\/2026\/01\/tmavosivy-ciapka-spredu-25.webp","width":1365,"height":2048,"caption":"Tmavosiv\u00e1 \u010diapka ANJA \u2013 pleten\u00e1 \u010diapka TATTJA"},{"@type":"BreadcrumbList","@id":"https:\/\/www.tattja.com\/product\/damske-oblecenie-ciapka-anja-tmavosiva\/#breadcrumb","itemListElement":[{"@type":"ListItem","position":1,"name":"Domov","item":"https:\/\/www.tattja.com\/"},{"@type":"ListItem","position":2,"name":"Produkty","item":"https:\/\/www.tattja.com\/damske-oblecenie-produkty\/"},{"@type":"ListItem","position":3,"name":"D\u00e1mske oble\u010denie \u010diapka ANJA tmavosiv\u00e1"}]},{"@type":"WebSite","@id":"https:\/\/www.tattja.com\/#website","url":"https:\/\/www.tattja.com\/","name":"TATTJA","description":"D\u00e1mske oble\u010denie z extra jemnej merino vlny \u2014 ru\u010dne pleten\u00e9 na Slovensku","potentialAction":[{"@type":"SearchAction","target":{"@type":"EntryPoint","urlTemplate":"https:\/\/www.tattja.com\/?s={search_term_string}"},"query-input":{"@type":"PropertyValueSpecification","valueRequired":true,"valueName":"search_term_string"}}],"inLanguage":"en-GB"}]}},"_links":{"self":[{"href":"https:\/\/www.tattja.com\/en\/wp-json\/wp\/v2\/product\/2175","targetHints":{"allow":["GET"]}}],"collection":[{"href":"https:\/\/www.tattja.com\/en\/wp-json\/wp\/v2\/product"}],"about":[{"href":"https:\/\/www.tattja.com\/en\/wp-json\/wp\/v2\/types\/product"}],"replies":[{"embeddable":true,"href":"https:\/\/www.tattja.com\/en\/wp-json\/wp\/v2\/comments?post=2175"}],"version-history":[{"count":6,"href":"https:\/\/www.tattja.com\/en\/wp-json\/wp\/v2\/product\/2175\/revisions"}],"predecessor-version":[{"id":5902,"href":"https:\/\/www.tattja.com\/en\/wp-json\/wp\/v2\/product\/2175\/revisions\/5902"}],"wp:featuredmedia":[{"embeddable":true,"href":"https:\/\/www.tattja.com\/en\/wp-json\/wp\/v2\/media\/7719"}],"wp:attachment":[{"href":"https:\/\/www.tattja.com\/en\/wp-json\/wp\/v2\/media?parent=2175"}],"wp:term":[{"taxonomy":"product_brand","embeddable":true,"href":"https:\/\/www.tattja.com\/en\/wp-json\/wp\/v2\/product_brand?post=2175"},{"taxonomy":"product_cat","embeddable":true,"href":"https:\/\/www.tattja.com\/en\/wp-json\/wp\/v2\/product_cat?post=2175"},{"taxonomy":"product_tag","embeddable":true,"href":"https:\/\/www.tattja.com\/en\/wp-json\/wp\/v2\/product_tag?post=2175"}],"curies":[{"name":"wp","href":"https:\/\/api.w.org\/{rel}","templated":true}]}}