{"id":2183,"date":"2025-08-22T10:34:16","date_gmt":"2025-08-22T08:34:16","guid":{"rendered":"https:\/\/www.tattja.com\/?post_type=product&#038;p=2183"},"modified":"2026-04-05T19:44:36","modified_gmt":"2026-04-05T17:44:36","slug":"damske-oblecenie-dvojset-sighrith-tmavosivy","status":"publish","type":"product","link":"https:\/\/www.tattja.com\/en\/product\/damske-oblecenie-dvojset-sighrith-tmavosivy\/","title":{"rendered":"D\u00e1mske oble\u010denie 2-set SIGHRITH tmavosiv\u00fd"},"content":{"rendered":"<p data-start=\"771\" data-end=\"1098\"><strong data-start=\"771\" data-end=\"801\">Dvojset SIGHRITH tmavosiv\u00fd<\/strong> predstavuje spojenie noblesy, elegancie a praktickosti. Tento nad\u010dasov\u00fd model sp\u00e1ja driekovn\u00edk a ruk\u00e1vniky do dokonale zladen\u00e9ho celku, ktor\u00fd zahreje, zv\u00fdrazn\u00ed \u017eensk\u00fa siluetu a dod\u00e1 outfitu modern\u00fd v\u00fdraz. M\u00e4kk\u00e1 rebrovan\u00e1 pletenina sa pr\u00edjemne prisp\u00f4sob\u00ed telu a pon\u00faka pohodlie po\u010das cel\u00e9ho d\u0148a.<\/p>\n<p data-start=\"1100\" data-end=\"1450\">Tmavosiv\u00fd odtie\u0148 p\u00f4sob\u00ed vyv\u00e1\u017eene, sofistikovane a elegantne. Symbolizuje stabilitu, istotu a diskr\u00e9tny luxus, ktor\u00fd vynikne pri ka\u017edej pr\u00edle\u017eitosti. Je ide\u00e1lnou vo\u013ebou pre \u017eeny, ktor\u00e9 h\u013eadaj\u00fa v m\u00f3de jednoduchos\u0165, kvalitu a estetiku v jednom. Tento t\u00f3n dokonale lad\u00ed s minimalistick\u00fdm \u0161t\u00fdlom a \u013eahko sa kombinuje s ostatn\u00fdmi k\u00faskami kolekcie TATTJA.<\/p>\n<p data-start=\"1452\" data-end=\"1780\">Driekovn\u00edk jemne obop\u00edna p\u00e1s a prin\u00e1\u0161a pocit hrejivosti aj vizu\u00e1lnej harm\u00f3nie. Ruk\u00e1vniky elegantne predl\u017euj\u00fa l\u00edniu r\u00fak a dotv\u00e1raj\u00fa ucelen\u00fd dizajn, ktor\u00fd p\u00f4sob\u00ed moderne, no st\u00e1le \u017eensky. Ka\u017ed\u00fd detail dvojsetu SIGHRITH odzrkad\u013euje ru\u010dn\u00e9 spracovanie, zmysel pre estetiku a kvalitu, ktor\u00e1 sa st\u00e1va charakteristick\u00fdm znakom zna\u010dky.<\/p>\n<p data-start=\"1782\" data-end=\"2058\">Tento model si zamiluj\u00fa \u017eeny, ktor\u00e9 vedia, \u017ee prav\u00e1 kr\u00e1sa spo\u010d\u00edva v detailoch a preferuj\u00fa nad\u010dasovos\u0165 pred ok\u00e1zalos\u0165ou. D\u00e1mske oble\u010denie dvojset SIGHRITH tmavosiv\u00fd je ide\u00e1lny spolo\u010dn\u00edk do pr\u00e1ce, na vo\u013en\u00fd \u010das aj do spolo\u010dnosti \u2013 v\u017edy, ke\u010f chce \u017eena p\u00f4sobi\u0165 elegantne, sebavedomo a prirodzene.<\/p>\n<p data-start=\"2060\" data-end=\"2299\">Discover the beauty of delicacy, sophisticated details and feminine style that will keep you warm and <a href=\"https:\/\/www.tattja.com\/en\/product-category\/damske-oblecenie\/dvojsety\/driekovnik-a-rukavniky\/\">in other colours.<\/a><br data-start=\"2163\" data-end=\"2166\" \/><strong data-start=\"2166\" data-end=\"2220\">See, <a href=\"https:\/\/shop.bogensberger.co.at\/produkt-schlagwort\/merino-extrafein\/\">from what materials<\/a> we produce our pieces<\/strong>, a nechajte sa un\u00e1\u0161a\u0165 dotykom luxusu, ktor\u00fd sp\u00e1ja komfort, kvalitu a estetiku.<\/p>","protected":false},"excerpt":{"rendered":"<p data-start=\"532\" data-end=\"729\">Dvojset SIGHRITH tmavosiv\u00fd sp\u00e1ja eleganciu, komfort a sofistikovanos\u0165. Driekovn\u00edk s ruk\u00e1vnikmi v jemne rebrovanej \u0161trukt\u00fare pon\u00faka hrejivos\u0165, ladnos\u0165 a \u0161t\u00fdl, ktor\u00fd pod\u010diarkne osobitos\u0165 ka\u017edej \u017eeny.<\/p>","protected":false},"featured_media":7728,"comment_status":"open","ping_status":"closed","template":"","meta":[],"product_brand":[],"product_cat":[289,293,212,209],"product_tag":[],"class_list":{"0":"post-2183","1":"product","2":"type-product","3":"status-publish","4":"has-post-thumbnail","6":"product_cat-dvojsety","7":"product_cat-driekovnik-a-rukavniky","8":"product_cat-dvojsety-tmavosive","9":"product_cat-pleteninove-doplnky-tmavosive","11":"first","12":"instock","13":"taxable","14":"shipping-taxable","15":"purchasable","16":"product-type-simple"},"yoast_head":"<!-- This site is optimized with the Yoast SEO plugin v26.0 - https:\/\/yoast.com\/wordpress\/plugins\/seo\/ -->\n<title>D\u00e1mske oble\u010denie 2-set SIGHRITH tmavosiv\u00fd - TATTJA<\/title>\n<meta name=\"description\" content=\"Dvojset SIGHRITH tmavosiv\u00fd \u2013 exkluz\u00edvna kombin\u00e1cia driekovn\u00edka a ruk\u00e1vnikov v odtieni noblesy a istoty. Luxus, pohodlie a nad\u010dasov\u00e1 \u017eenskos\u0165 v jednom\" \/>\n<meta name=\"robots\" content=\"index, follow, max-snippet:-1, max-image-preview:large, max-video-preview:-1\" \/>\n<link rel=\"canonical\" href=\"https:\/\/www.tattja.com\/en\/product\/damske-oblecenie-dvojset-sighrith-tmavosivy\/\" \/>\n<meta property=\"og:locale\" content=\"en_GB\" \/>\n<meta property=\"og:type\" content=\"article\" \/>\n<meta property=\"og:title\" content=\"D\u00e1mske oble\u010denie 2-set SIGHRITH tmavosiv\u00fd - TATTJA\" \/>\n<meta property=\"og:description\" content=\"Dvojset SIGHRITH tmavosiv\u00fd \u2013 exkluz\u00edvna kombin\u00e1cia driekovn\u00edka a ruk\u00e1vnikov v odtieni noblesy a istoty. Luxus, pohodlie a nad\u010dasov\u00e1 \u017eenskos\u0165 v jednom\" \/>\n<meta property=\"og:url\" content=\"https:\/\/www.tattja.com\/en\/product\/damske-oblecenie-dvojset-sighrith-tmavosivy\/\" \/>\n<meta property=\"og:site_name\" content=\"TATTJA\" \/>\n<meta property=\"article:modified_time\" content=\"2026-04-05T17:44:36+00:00\" \/>\n<meta property=\"og:image\" content=\"https:\/\/www.tattja.com\/wp-content\/uploads\/2026\/01\/tmavosivy-dvojset-driekovnik-rukavniky-spredu-16.webp\" \/>\n\t<meta property=\"og:image:width\" content=\"1365\" \/>\n\t<meta property=\"og:image:height\" content=\"2048\" \/>\n\t<meta property=\"og:image:type\" content=\"image\/webp\" \/>\n<meta name=\"twitter:card\" content=\"summary_large_image\" \/>\n<meta name=\"twitter:label1\" content=\"Estimated reading time\" \/>\n\t<meta name=\"twitter:data1\" content=\"2 minutes\" \/>\n<script type=\"application\/ld+json\" class=\"yoast-schema-graph\">{\"@context\":\"https:\/\/schema.org\",\"@graph\":[{\"@type\":\"WebPage\",\"@id\":\"https:\/\/www.tattja.com\/product\/damske-oblecenie-dvojset-sighrith-tmavosivy\/\",\"url\":\"https:\/\/www.tattja.com\/product\/damske-oblecenie-dvojset-sighrith-tmavosivy\/\",\"name\":\"D\u00e1mske oble\u010denie 2-set SIGHRITH tmavosiv\u00fd - TATTJA\",\"isPartOf\":{\"@id\":\"https:\/\/www.tattja.com\/#website\"},\"primaryImageOfPage\":{\"@id\":\"https:\/\/www.tattja.com\/product\/damske-oblecenie-dvojset-sighrith-tmavosivy\/#primaryimage\"},\"image\":{\"@id\":\"https:\/\/www.tattja.com\/product\/damske-oblecenie-dvojset-sighrith-tmavosivy\/#primaryimage\"},\"thumbnailUrl\":\"https:\/\/www.tattja.com\/wp-content\/uploads\/2026\/01\/tmavosivy-dvojset-driekovnik-rukavniky-spredu-16.webp\",\"datePublished\":\"2025-08-22T08:34:16+00:00\",\"dateModified\":\"2026-04-05T17:44:36+00:00\",\"description\":\"Dvojset SIGHRITH tmavosiv\u00fd \u2013 exkluz\u00edvna kombin\u00e1cia driekovn\u00edka a ruk\u00e1vnikov v odtieni noblesy a istoty. Luxus, pohodlie a nad\u010dasov\u00e1 \u017eenskos\u0165 v jednom\",\"breadcrumb\":{\"@id\":\"https:\/\/www.tattja.com\/product\/damske-oblecenie-dvojset-sighrith-tmavosivy\/#breadcrumb\"},\"inLanguage\":\"en-GB\",\"potentialAction\":[{\"@type\":\"ReadAction\",\"target\":[\"https:\/\/www.tattja.com\/product\/damske-oblecenie-dvojset-sighrith-tmavosivy\/\"]}]},{\"@type\":\"ImageObject\",\"inLanguage\":\"en-GB\",\"@id\":\"https:\/\/www.tattja.com\/product\/damske-oblecenie-dvojset-sighrith-tmavosivy\/#primaryimage\",\"url\":\"https:\/\/www.tattja.com\/wp-content\/uploads\/2026\/01\/tmavosivy-dvojset-driekovnik-rukavniky-spredu-16.webp\",\"contentUrl\":\"https:\/\/www.tattja.com\/wp-content\/uploads\/2026\/01\/tmavosivy-dvojset-driekovnik-rukavniky-spredu-16.webp\",\"width\":1365,\"height\":2048,\"caption\":\"Tmavosiv\u00fd dvojset SIGHRITH \u2013 driekovn\u00edk a ruk\u00e1vniky TATTJA\"},{\"@type\":\"BreadcrumbList\",\"@id\":\"https:\/\/www.tattja.com\/product\/damske-oblecenie-dvojset-sighrith-tmavosivy\/#breadcrumb\",\"itemListElement\":[{\"@type\":\"ListItem\",\"position\":1,\"name\":\"Domov\",\"item\":\"https:\/\/www.tattja.com\/\"},{\"@type\":\"ListItem\",\"position\":2,\"name\":\"Produkty\",\"item\":\"https:\/\/www.tattja.com\/damske-oblecenie-produkty\/\"},{\"@type\":\"ListItem\",\"position\":3,\"name\":\"D\u00e1mske oble\u010denie 2-set SIGHRITH tmavosiv\u00fd\"}]},{\"@type\":\"WebSite\",\"@id\":\"https:\/\/www.tattja.com\/#website\",\"url\":\"https:\/\/www.tattja.com\/\",\"name\":\"TATTJA\",\"description\":\"D\u00e1mske oble\u010denie z extra jemnej merino vlny \u2014 ru\u010dne pleten\u00e9 na Slovensku\",\"potentialAction\":[{\"@type\":\"SearchAction\",\"target\":{\"@type\":\"EntryPoint\",\"urlTemplate\":\"https:\/\/www.tattja.com\/?s={search_term_string}\"},\"query-input\":{\"@type\":\"PropertyValueSpecification\",\"valueRequired\":true,\"valueName\":\"search_term_string\"}}],\"inLanguage\":\"en-GB\"}]}<\/script>\n<!-- \/ Yoast SEO plugin. -->","yoast_head_json":{"title":"D\u00e1mske oble\u010denie 2-set SIGHRITH tmavosiv\u00fd - TATTJA","description":"Dvojset SIGHRITH tmavosiv\u00fd \u2013 exkluz\u00edvna kombin\u00e1cia driekovn\u00edka a ruk\u00e1vnikov v odtieni noblesy a istoty. Luxus, pohodlie a nad\u010dasov\u00e1 \u017eenskos\u0165 v jednom","robots":{"index":"index","follow":"follow","max-snippet":"max-snippet:-1","max-image-preview":"max-image-preview:large","max-video-preview":"max-video-preview:-1"},"canonical":"https:\/\/www.tattja.com\/en\/product\/damske-oblecenie-dvojset-sighrith-tmavosivy\/","og_locale":"en_GB","og_type":"article","og_title":"D\u00e1mske oble\u010denie 2-set SIGHRITH tmavosiv\u00fd - TATTJA","og_description":"Dvojset SIGHRITH tmavosiv\u00fd \u2013 exkluz\u00edvna kombin\u00e1cia driekovn\u00edka a ruk\u00e1vnikov v odtieni noblesy a istoty. Luxus, pohodlie a nad\u010dasov\u00e1 \u017eenskos\u0165 v jednom","og_url":"https:\/\/www.tattja.com\/en\/product\/damske-oblecenie-dvojset-sighrith-tmavosivy\/","og_site_name":"TATTJA","article_modified_time":"2026-04-05T17:44:36+00:00","og_image":[{"width":1365,"height":2048,"url":"https:\/\/www.tattja.com\/wp-content\/uploads\/2026\/01\/tmavosivy-dvojset-driekovnik-rukavniky-spredu-16.webp","type":"image\/webp"}],"twitter_card":"summary_large_image","twitter_misc":{"Estimated reading time":"2 minutes"},"schema":{"@context":"https:\/\/schema.org","@graph":[{"@type":"WebPage","@id":"https:\/\/www.tattja.com\/product\/damske-oblecenie-dvojset-sighrith-tmavosivy\/","url":"https:\/\/www.tattja.com\/product\/damske-oblecenie-dvojset-sighrith-tmavosivy\/","name":"D\u00e1mske oble\u010denie 2-set SIGHRITH tmavosiv\u00fd - TATTJA","isPartOf":{"@id":"https:\/\/www.tattja.com\/#website"},"primaryImageOfPage":{"@id":"https:\/\/www.tattja.com\/product\/damske-oblecenie-dvojset-sighrith-tmavosivy\/#primaryimage"},"image":{"@id":"https:\/\/www.tattja.com\/product\/damske-oblecenie-dvojset-sighrith-tmavosivy\/#primaryimage"},"thumbnailUrl":"https:\/\/www.tattja.com\/wp-content\/uploads\/2026\/01\/tmavosivy-dvojset-driekovnik-rukavniky-spredu-16.webp","datePublished":"2025-08-22T08:34:16+00:00","dateModified":"2026-04-05T17:44:36+00:00","description":"Dvojset SIGHRITH tmavosiv\u00fd \u2013 exkluz\u00edvna kombin\u00e1cia driekovn\u00edka a ruk\u00e1vnikov v odtieni noblesy a istoty. Luxus, pohodlie a nad\u010dasov\u00e1 \u017eenskos\u0165 v jednom","breadcrumb":{"@id":"https:\/\/www.tattja.com\/product\/damske-oblecenie-dvojset-sighrith-tmavosivy\/#breadcrumb"},"inLanguage":"en-GB","potentialAction":[{"@type":"ReadAction","target":["https:\/\/www.tattja.com\/product\/damske-oblecenie-dvojset-sighrith-tmavosivy\/"]}]},{"@type":"ImageObject","inLanguage":"en-GB","@id":"https:\/\/www.tattja.com\/product\/damske-oblecenie-dvojset-sighrith-tmavosivy\/#primaryimage","url":"https:\/\/www.tattja.com\/wp-content\/uploads\/2026\/01\/tmavosivy-dvojset-driekovnik-rukavniky-spredu-16.webp","contentUrl":"https:\/\/www.tattja.com\/wp-content\/uploads\/2026\/01\/tmavosivy-dvojset-driekovnik-rukavniky-spredu-16.webp","width":1365,"height":2048,"caption":"Tmavosiv\u00fd dvojset SIGHRITH \u2013 driekovn\u00edk a ruk\u00e1vniky TATTJA"},{"@type":"BreadcrumbList","@id":"https:\/\/www.tattja.com\/product\/damske-oblecenie-dvojset-sighrith-tmavosivy\/#breadcrumb","itemListElement":[{"@type":"ListItem","position":1,"name":"Domov","item":"https:\/\/www.tattja.com\/"},{"@type":"ListItem","position":2,"name":"Produkty","item":"https:\/\/www.tattja.com\/damske-oblecenie-produkty\/"},{"@type":"ListItem","position":3,"name":"D\u00e1mske oble\u010denie 2-set SIGHRITH tmavosiv\u00fd"}]},{"@type":"WebSite","@id":"https:\/\/www.tattja.com\/#website","url":"https:\/\/www.tattja.com\/","name":"TATTJA","description":"D\u00e1mske oble\u010denie z extra jemnej merino vlny \u2014 ru\u010dne pleten\u00e9 na Slovensku","potentialAction":[{"@type":"SearchAction","target":{"@type":"EntryPoint","urlTemplate":"https:\/\/www.tattja.com\/?s={search_term_string}"},"query-input":{"@type":"PropertyValueSpecification","valueRequired":true,"valueName":"search_term_string"}}],"inLanguage":"en-GB"}]}},"_links":{"self":[{"href":"https:\/\/www.tattja.com\/en\/wp-json\/wp\/v2\/product\/2183","targetHints":{"allow":["GET"]}}],"collection":[{"href":"https:\/\/www.tattja.com\/en\/wp-json\/wp\/v2\/product"}],"about":[{"href":"https:\/\/www.tattja.com\/en\/wp-json\/wp\/v2\/types\/product"}],"replies":[{"embeddable":true,"href":"https:\/\/www.tattja.com\/en\/wp-json\/wp\/v2\/comments?post=2183"}],"version-history":[{"count":6,"href":"https:\/\/www.tattja.com\/en\/wp-json\/wp\/v2\/product\/2183\/revisions"}],"predecessor-version":[{"id":7151,"href":"https:\/\/www.tattja.com\/en\/wp-json\/wp\/v2\/product\/2183\/revisions\/7151"}],"wp:featuredmedia":[{"embeddable":true,"href":"https:\/\/www.tattja.com\/en\/wp-json\/wp\/v2\/media\/7728"}],"wp:attachment":[{"href":"https:\/\/www.tattja.com\/en\/wp-json\/wp\/v2\/media?parent=2183"}],"wp:term":[{"taxonomy":"product_brand","embeddable":true,"href":"https:\/\/www.tattja.com\/en\/wp-json\/wp\/v2\/product_brand?post=2183"},{"taxonomy":"product_cat","embeddable":true,"href":"https:\/\/www.tattja.com\/en\/wp-json\/wp\/v2\/product_cat?post=2183"},{"taxonomy":"product_tag","embeddable":true,"href":"https:\/\/www.tattja.com\/en\/wp-json\/wp\/v2\/product_tag?post=2183"}],"curies":[{"name":"wp","href":"https:\/\/api.w.org\/{rel}","templated":true}]}}