{"id":2199,"date":"2025-08-22T10:44:56","date_gmt":"2025-08-22T08:44:56","guid":{"rendered":"https:\/\/www.tattja.com\/?post_type=product&#038;p=2199"},"modified":"2026-04-05T19:44:33","modified_gmt":"2026-04-05T17:44:33","slug":"damske-oblecenie-trojset-mimir-tmavosivy","status":"publish","type":"product","link":"https:\/\/www.tattja.com\/en\/product\/damske-oblecenie-trojset-mimir-tmavosivy\/","title":{"rendered":"D\u00e1mske oble\u010denie 3-set MIMIR tmavosiv\u00fd"},"content":{"rendered":"<p data-start=\"952\" data-end=\"1218\"><strong data-start=\"952\" data-end=\"996\">Women's clothing three-set MIMIR dark grey<\/strong> is synonymous with subtle elegance, functionality and everyday comfort. This knitted set by the brand <strong data-start=\"1093\" data-end=\"1103\">TATTJA<\/strong> combines three iconic pieces - neckwarmer, armbands and cap - which together form a harmonious and practical whole.<\/p>\n<p data-start=\"1220\" data-end=\"1505\">The dark grey shade combines sophistication, balance and timelessness. The colour looks calm, versatile and fits perfectly with any wardrobe. It combines easily with both warm and cool tones, offering endless styling possibilities - from urban outfits to elegant combinations.<\/p>\n<p data-start=\"1507\" data-end=\"1814\">The neck warms the shoulders and neck, creates an optically fine line and gives the wearer a feeling of security. Sleeves add a modern accent, practically protecting the arms while bringing a layer of warmth on colder days. A cap with a shawl closes off the ensemble with refinement and ease - acting as an understated yet distinctive accessory.<\/p>\n<p data-start=\"1816\" data-end=\"2136\">The premium knit fabric is soft, breathable and stretchy. Every stitch reflects the craftsmanship precision and aesthetics typical of the brand <strong data-start=\"1934\" data-end=\"1944\">TATTJA<\/strong>. The material adapts to movement, retains its shape and provides long-lasting comfort. This set is designed for women who seek a balance between simplicity and sophisticated style in fashion.<\/p>\n<p data-start=\"2138\" data-end=\"2393\">Women's clothing three-set <strong data-start=\"2146\" data-end=\"2155\">MIMIR<\/strong> brings luxury in a minimalist form. Wear it as a complete set for a cohesive chic look, or break up the individual pieces to create subtle accents to suit your mood. Either way, it will leave an impression of confidence, refinement and natural beauty.<\/p>\n<p data-start=\"2138\" data-end=\"2393\">Discover the beauty of delicacy, sophisticated details and feminine style that will keep you warm and <a href=\"https:\/\/www.tattja.com\/en\/product-category\/damske-oblecenie\/trojsety-3\/nakrcnik-a-rukavniky-a-ciapka\/\">in other colours<\/a>.<\/p>\n<p data-start=\"2395\" data-end=\"2549\"><strong data-start=\"2395\" data-end=\"2452\">See, <a href=\"https:\/\/shop.bogensberger.co.at\/produkt-schlagwort\/merino-extrafein\/\">from what materials<\/a> we produce our pieces<\/strong> - discover the charm of knitwear that combines softness, quality and timeless brand design <strong data-start=\"2536\" data-end=\"2546\">TATTJA<\/strong>.<\/p>","protected":false},"excerpt":{"rendered":"<p data-start=\"609\" data-end=\"911\"><strong data-start=\"609\" data-end=\"653\">Women's clothing three-set MIMIR dark grey<\/strong> is an elegant knitted set from the brand <strong data-start=\"693\" data-end=\"703\">TATTJA<\/strong>, that combines style, functionality and warming comfort. Neckwarmer, armwarmers and cap together create a harmonious whole, ideal for women who love clean lines, timelessness and minimalist luxury in every detail.<\/p>","protected":false},"featured_media":7761,"comment_status":"open","ping_status":"closed","template":"","meta":[],"product_brand":[],"product_cat":[284,287,209,211],"product_tag":[],"class_list":{"0":"post-2199","1":"product","2":"type-product","3":"status-publish","4":"has-post-thumbnail","6":"product_cat-trojsety-3","7":"product_cat-nakrcnik-a-rukavniky-a-ciapka","8":"product_cat-pleteninove-doplnky-tmavosive","9":"product_cat-trojsety-tmavosive","11":"first","12":"instock","13":"taxable","14":"shipping-taxable","15":"purchasable","16":"product-type-simple"},"yoast_head":"<!-- This site is optimized with the Yoast SEO plugin v26.0 - https:\/\/yoast.com\/wordpress\/plugins\/seo\/ -->\n<title>D\u00e1mske oble\u010denie 3-set MIMIR tmavosiv\u00fd - TATTJA<\/title>\n<meta name=\"description\" content=\"D\u00e1mske oble\u010denie trojset MIMIR tmavosiv\u00fd \u2013 pleten\u00fd set TATTJA s n\u00e1kr\u010dn\u00edkom, ruk\u00e1vnikmi a \u010diapkou pre nad\u010dasov\u00fa eleganciu, komfort a noblesu.\" \/>\n<meta name=\"robots\" content=\"index, follow, max-snippet:-1, max-image-preview:large, max-video-preview:-1\" \/>\n<link rel=\"canonical\" href=\"https:\/\/www.tattja.com\/en\/product\/damske-oblecenie-trojset-mimir-tmavosivy\/\" \/>\n<meta property=\"og:locale\" content=\"en_GB\" \/>\n<meta property=\"og:type\" content=\"article\" \/>\n<meta property=\"og:title\" content=\"D\u00e1mske oble\u010denie 3-set MIMIR tmavosiv\u00fd - TATTJA\" \/>\n<meta property=\"og:description\" content=\"D\u00e1mske oble\u010denie trojset MIMIR tmavosiv\u00fd \u2013 pleten\u00fd set TATTJA s n\u00e1kr\u010dn\u00edkom, ruk\u00e1vnikmi a \u010diapkou pre nad\u010dasov\u00fa eleganciu, komfort a noblesu.\" \/>\n<meta property=\"og:url\" content=\"https:\/\/www.tattja.com\/en\/product\/damske-oblecenie-trojset-mimir-tmavosivy\/\" \/>\n<meta property=\"og:site_name\" content=\"TATTJA\" \/>\n<meta property=\"article:modified_time\" content=\"2026-04-05T17:44:33+00:00\" \/>\n<meta property=\"og:image\" content=\"https:\/\/www.tattja.com\/wp-content\/uploads\/2026\/01\/tmavosivy-trojset-nakrcnik-rukavniky-ciapka-spredu-34.webp\" \/>\n\t<meta property=\"og:image:width\" content=\"1365\" \/>\n\t<meta property=\"og:image:height\" content=\"2048\" \/>\n\t<meta property=\"og:image:type\" content=\"image\/webp\" \/>\n<meta name=\"twitter:card\" content=\"summary_large_image\" \/>\n<meta name=\"twitter:label1\" content=\"Estimated reading time\" \/>\n\t<meta name=\"twitter:data1\" content=\"2 minutes\" \/>\n<script type=\"application\/ld+json\" class=\"yoast-schema-graph\">{\"@context\":\"https:\/\/schema.org\",\"@graph\":[{\"@type\":\"WebPage\",\"@id\":\"https:\/\/www.tattja.com\/product\/damske-oblecenie-trojset-mimir-tmavosivy\/\",\"url\":\"https:\/\/www.tattja.com\/product\/damske-oblecenie-trojset-mimir-tmavosivy\/\",\"name\":\"D\u00e1mske oble\u010denie 3-set MIMIR tmavosiv\u00fd - TATTJA\",\"isPartOf\":{\"@id\":\"https:\/\/www.tattja.com\/#website\"},\"primaryImageOfPage\":{\"@id\":\"https:\/\/www.tattja.com\/product\/damske-oblecenie-trojset-mimir-tmavosivy\/#primaryimage\"},\"image\":{\"@id\":\"https:\/\/www.tattja.com\/product\/damske-oblecenie-trojset-mimir-tmavosivy\/#primaryimage\"},\"thumbnailUrl\":\"https:\/\/www.tattja.com\/wp-content\/uploads\/2026\/01\/tmavosivy-trojset-nakrcnik-rukavniky-ciapka-spredu-34.webp\",\"datePublished\":\"2025-08-22T08:44:56+00:00\",\"dateModified\":\"2026-04-05T17:44:33+00:00\",\"description\":\"D\u00e1mske oble\u010denie trojset MIMIR tmavosiv\u00fd \u2013 pleten\u00fd set TATTJA s n\u00e1kr\u010dn\u00edkom, ruk\u00e1vnikmi a \u010diapkou pre nad\u010dasov\u00fa eleganciu, komfort a noblesu.\",\"breadcrumb\":{\"@id\":\"https:\/\/www.tattja.com\/product\/damske-oblecenie-trojset-mimir-tmavosivy\/#breadcrumb\"},\"inLanguage\":\"en-GB\",\"potentialAction\":[{\"@type\":\"ReadAction\",\"target\":[\"https:\/\/www.tattja.com\/product\/damske-oblecenie-trojset-mimir-tmavosivy\/\"]}]},{\"@type\":\"ImageObject\",\"inLanguage\":\"en-GB\",\"@id\":\"https:\/\/www.tattja.com\/product\/damske-oblecenie-trojset-mimir-tmavosivy\/#primaryimage\",\"url\":\"https:\/\/www.tattja.com\/wp-content\/uploads\/2026\/01\/tmavosivy-trojset-nakrcnik-rukavniky-ciapka-spredu-34.webp\",\"contentUrl\":\"https:\/\/www.tattja.com\/wp-content\/uploads\/2026\/01\/tmavosivy-trojset-nakrcnik-rukavniky-ciapka-spredu-34.webp\",\"width\":1365,\"height\":2048,\"caption\":\"Tmavosiv\u00fd pleten\u00fd trojset MIMIR TATTJA \u2013 sofistikovan\u00e1 elegancia a funk\u010dn\u00fd dizajn\"},{\"@type\":\"BreadcrumbList\",\"@id\":\"https:\/\/www.tattja.com\/product\/damske-oblecenie-trojset-mimir-tmavosivy\/#breadcrumb\",\"itemListElement\":[{\"@type\":\"ListItem\",\"position\":1,\"name\":\"Domov\",\"item\":\"https:\/\/www.tattja.com\/\"},{\"@type\":\"ListItem\",\"position\":2,\"name\":\"Produkty\",\"item\":\"https:\/\/www.tattja.com\/damske-oblecenie-produkty\/\"},{\"@type\":\"ListItem\",\"position\":3,\"name\":\"D\u00e1mske oble\u010denie 3-set MIMIR tmavosiv\u00fd\"}]},{\"@type\":\"WebSite\",\"@id\":\"https:\/\/www.tattja.com\/#website\",\"url\":\"https:\/\/www.tattja.com\/\",\"name\":\"TATTJA\",\"description\":\"D\u00e1mske oble\u010denie z extra jemnej merino vlny \u2014 ru\u010dne pleten\u00e9 na Slovensku\",\"potentialAction\":[{\"@type\":\"SearchAction\",\"target\":{\"@type\":\"EntryPoint\",\"urlTemplate\":\"https:\/\/www.tattja.com\/?s={search_term_string}\"},\"query-input\":{\"@type\":\"PropertyValueSpecification\",\"valueRequired\":true,\"valueName\":\"search_term_string\"}}],\"inLanguage\":\"en-GB\"}]}<\/script>\n<!-- \/ Yoast SEO plugin. -->","yoast_head_json":{"title":"D\u00e1mske oble\u010denie 3-set MIMIR tmavosiv\u00fd - TATTJA","description":"D\u00e1mske oble\u010denie trojset MIMIR tmavosiv\u00fd \u2013 pleten\u00fd set TATTJA s n\u00e1kr\u010dn\u00edkom, ruk\u00e1vnikmi a \u010diapkou pre nad\u010dasov\u00fa eleganciu, komfort a noblesu.","robots":{"index":"index","follow":"follow","max-snippet":"max-snippet:-1","max-image-preview":"max-image-preview:large","max-video-preview":"max-video-preview:-1"},"canonical":"https:\/\/www.tattja.com\/en\/product\/damske-oblecenie-trojset-mimir-tmavosivy\/","og_locale":"en_GB","og_type":"article","og_title":"D\u00e1mske oble\u010denie 3-set MIMIR tmavosiv\u00fd - TATTJA","og_description":"D\u00e1mske oble\u010denie trojset MIMIR tmavosiv\u00fd \u2013 pleten\u00fd set TATTJA s n\u00e1kr\u010dn\u00edkom, ruk\u00e1vnikmi a \u010diapkou pre nad\u010dasov\u00fa eleganciu, komfort a noblesu.","og_url":"https:\/\/www.tattja.com\/en\/product\/damske-oblecenie-trojset-mimir-tmavosivy\/","og_site_name":"TATTJA","article_modified_time":"2026-04-05T17:44:33+00:00","og_image":[{"width":1365,"height":2048,"url":"https:\/\/www.tattja.com\/wp-content\/uploads\/2026\/01\/tmavosivy-trojset-nakrcnik-rukavniky-ciapka-spredu-34.webp","type":"image\/webp"}],"twitter_card":"summary_large_image","twitter_misc":{"Estimated reading time":"2 minutes"},"schema":{"@context":"https:\/\/schema.org","@graph":[{"@type":"WebPage","@id":"https:\/\/www.tattja.com\/product\/damske-oblecenie-trojset-mimir-tmavosivy\/","url":"https:\/\/www.tattja.com\/product\/damske-oblecenie-trojset-mimir-tmavosivy\/","name":"D\u00e1mske oble\u010denie 3-set MIMIR tmavosiv\u00fd - TATTJA","isPartOf":{"@id":"https:\/\/www.tattja.com\/#website"},"primaryImageOfPage":{"@id":"https:\/\/www.tattja.com\/product\/damske-oblecenie-trojset-mimir-tmavosivy\/#primaryimage"},"image":{"@id":"https:\/\/www.tattja.com\/product\/damske-oblecenie-trojset-mimir-tmavosivy\/#primaryimage"},"thumbnailUrl":"https:\/\/www.tattja.com\/wp-content\/uploads\/2026\/01\/tmavosivy-trojset-nakrcnik-rukavniky-ciapka-spredu-34.webp","datePublished":"2025-08-22T08:44:56+00:00","dateModified":"2026-04-05T17:44:33+00:00","description":"D\u00e1mske oble\u010denie trojset MIMIR tmavosiv\u00fd \u2013 pleten\u00fd set TATTJA s n\u00e1kr\u010dn\u00edkom, ruk\u00e1vnikmi a \u010diapkou pre nad\u010dasov\u00fa eleganciu, komfort a noblesu.","breadcrumb":{"@id":"https:\/\/www.tattja.com\/product\/damske-oblecenie-trojset-mimir-tmavosivy\/#breadcrumb"},"inLanguage":"en-GB","potentialAction":[{"@type":"ReadAction","target":["https:\/\/www.tattja.com\/product\/damske-oblecenie-trojset-mimir-tmavosivy\/"]}]},{"@type":"ImageObject","inLanguage":"en-GB","@id":"https:\/\/www.tattja.com\/product\/damske-oblecenie-trojset-mimir-tmavosivy\/#primaryimage","url":"https:\/\/www.tattja.com\/wp-content\/uploads\/2026\/01\/tmavosivy-trojset-nakrcnik-rukavniky-ciapka-spredu-34.webp","contentUrl":"https:\/\/www.tattja.com\/wp-content\/uploads\/2026\/01\/tmavosivy-trojset-nakrcnik-rukavniky-ciapka-spredu-34.webp","width":1365,"height":2048,"caption":"Tmavosiv\u00fd pleten\u00fd trojset MIMIR TATTJA \u2013 sofistikovan\u00e1 elegancia a funk\u010dn\u00fd dizajn"},{"@type":"BreadcrumbList","@id":"https:\/\/www.tattja.com\/product\/damske-oblecenie-trojset-mimir-tmavosivy\/#breadcrumb","itemListElement":[{"@type":"ListItem","position":1,"name":"Domov","item":"https:\/\/www.tattja.com\/"},{"@type":"ListItem","position":2,"name":"Produkty","item":"https:\/\/www.tattja.com\/damske-oblecenie-produkty\/"},{"@type":"ListItem","position":3,"name":"D\u00e1mske oble\u010denie 3-set MIMIR tmavosiv\u00fd"}]},{"@type":"WebSite","@id":"https:\/\/www.tattja.com\/#website","url":"https:\/\/www.tattja.com\/","name":"TATTJA","description":"D\u00e1mske oble\u010denie z extra jemnej merino vlny \u2014 ru\u010dne pleten\u00e9 na Slovensku","potentialAction":[{"@type":"SearchAction","target":{"@type":"EntryPoint","urlTemplate":"https:\/\/www.tattja.com\/?s={search_term_string}"},"query-input":{"@type":"PropertyValueSpecification","valueRequired":true,"valueName":"search_term_string"}}],"inLanguage":"en-GB"}]}},"_links":{"self":[{"href":"https:\/\/www.tattja.com\/en\/wp-json\/wp\/v2\/product\/2199","targetHints":{"allow":["GET"]}}],"collection":[{"href":"https:\/\/www.tattja.com\/en\/wp-json\/wp\/v2\/product"}],"about":[{"href":"https:\/\/www.tattja.com\/en\/wp-json\/wp\/v2\/types\/product"}],"replies":[{"embeddable":true,"href":"https:\/\/www.tattja.com\/en\/wp-json\/wp\/v2\/comments?post=2199"}],"version-history":[{"count":6,"href":"https:\/\/www.tattja.com\/en\/wp-json\/wp\/v2\/product\/2199\/revisions"}],"predecessor-version":[{"id":7143,"href":"https:\/\/www.tattja.com\/en\/wp-json\/wp\/v2\/product\/2199\/revisions\/7143"}],"wp:featuredmedia":[{"embeddable":true,"href":"https:\/\/www.tattja.com\/en\/wp-json\/wp\/v2\/media\/7761"}],"wp:attachment":[{"href":"https:\/\/www.tattja.com\/en\/wp-json\/wp\/v2\/media?parent=2199"}],"wp:term":[{"taxonomy":"product_brand","embeddable":true,"href":"https:\/\/www.tattja.com\/en\/wp-json\/wp\/v2\/product_brand?post=2199"},{"taxonomy":"product_cat","embeddable":true,"href":"https:\/\/www.tattja.com\/en\/wp-json\/wp\/v2\/product_cat?post=2199"},{"taxonomy":"product_tag","embeddable":true,"href":"https:\/\/www.tattja.com\/en\/wp-json\/wp\/v2\/product_tag?post=2199"}],"curies":[{"name":"wp","href":"https:\/\/api.w.org\/{rel}","templated":true}]}}