{"id":2201,"date":"2025-08-22T10:45:44","date_gmt":"2025-08-22T08:45:44","guid":{"rendered":"https:\/\/www.tattja.com\/?post_type=product&#038;p=2201"},"modified":"2026-04-05T19:44:33","modified_gmt":"2026-04-05T17:44:33","slug":"damske-oblecenie-trojset-solvej-tmavosivy-tattja","status":"publish","type":"product","link":"https:\/\/www.tattja.com\/en\/product\/damske-oblecenie-trojset-solvej-tmavosivy-tattja\/","title":{"rendered":"D\u00e1mske oble\u010denie 3-set SOLVEJ tmavosiv\u00fd"},"content":{"rendered":"<p data-start=\"943\" data-end=\"1202\"><strong data-start=\"943\" data-end=\"971\">Women's clothing three-set SOLVEJ dark grey<\/strong> is a combination of functionality, elegance and comfort in a minimalist form. This women's knitted set includes three basic pieces - a neck warmer, a neck warmer and a hat - which together form a coherent, practical and stylish whole.<\/p>\n<p data-start=\"1204\" data-end=\"1503\">We've designed each element of the three-piece set with an emphasis on feminine silhouette, comfort and timeless design. The neckwarmer gently wraps around the shoulders and provides warmth on cold days, the shrug elegantly shapes the waist and completes the proportions, while the cap with its clean lines adds an understated yet luxurious detail to the outfit.<\/p>\n<p data-start=\"1505\" data-end=\"1811\">The dark grey shade looks balanced, sophisticated and versatile. It's easy to pair with any wardrobe - from casual jeans to smart coats. It's a shade that exudes calm, balance and subtle refinement. This three-piece set is not just about practicality, but also about style that stands out in any situation.<\/p>\n<p data-start=\"1813\" data-end=\"2054\">Thanks to the precise knitting and quality workmanship, the <strong>women's clothing three-set SOLVEJ dark grey<\/strong> will become your reliable companion for everyday wear and special occasions. These are pieces that will enhance your natural elegance and give you confidence.<\/p>\n<p data-start=\"1813\" data-end=\"2054\">Discover the beauty of delicacy, sophisticated details and feminine style that warms you and <a href=\"https:\/\/www.tattja.com\/en\/product-category\/produkty\/trojsety-3\/nakrcnik-a-driekovnik-a-ciapka\/\">in other colours.<\/a><\/p>\n<p data-start=\"2056\" data-end=\"2195\"><strong data-start=\"2056\" data-end=\"2113\">See, <a href=\"https:\/\/shop.bogensberger.co.at\/produkt-schlagwort\/merino-extrafein\/\">from what materials<\/a> we produce our pieces<\/strong> - discover the quality and finesse of the fibres behind every TATTJA model.<\/p>","protected":false},"excerpt":{"rendered":"<p><strong data-start=\"653\" data-end=\"681\">SOLVEJ triple set dark grey<\/strong> is a symbol of discreet luxury and comfort. This women's knitted set consists of a neck warmer, a shrug and a beanie - three harmonious elements that create a sophisticated yet practical ensemble for colder days.<\/p>","protected":false},"featured_media":7755,"comment_status":"open","ping_status":"closed","template":"","meta":[],"product_brand":[],"product_cat":[284,286,209,211],"product_tag":[],"class_list":{"0":"post-2201","1":"product","2":"type-product","3":"status-publish","4":"has-post-thumbnail","6":"product_cat-trojsety-3","7":"product_cat-nakrcnik-a-driekovnik-a-ciapka","8":"product_cat-pleteninove-doplnky-tmavosive","9":"product_cat-trojsety-tmavosive","11":"first","12":"instock","13":"taxable","14":"shipping-taxable","15":"purchasable","16":"product-type-simple"},"yoast_head":"<!-- This site is optimized with the Yoast SEO plugin v26.0 - https:\/\/yoast.com\/wordpress\/plugins\/seo\/ -->\n<title>D\u00e1mske oble\u010denie 3-set SOLVEJ tmavosiv\u00fd - TATTJA<\/title>\n<meta name=\"description\" content=\"D\u00e1mske oble\u010denie trojset SOLVEJ tmavosiv\u00fd \u2013 elegantn\u00fd d\u00e1msky pleten\u00fd komplet TATTJA, ktor\u00fd sp\u00e1ja noblesu, hrejivos\u0165 a nad\u010dasov\u00fa \u017eenskos\u0165 v ka\u017edom detaile.\" \/>\n<meta name=\"robots\" content=\"index, follow, max-snippet:-1, max-image-preview:large, max-video-preview:-1\" \/>\n<link rel=\"canonical\" href=\"https:\/\/www.tattja.com\/en\/product\/damske-oblecenie-trojset-solvej-tmavosivy-tattja\/\" \/>\n<meta property=\"og:locale\" content=\"en_GB\" \/>\n<meta property=\"og:type\" content=\"article\" \/>\n<meta property=\"og:title\" content=\"D\u00e1mske oble\u010denie 3-set SOLVEJ tmavosiv\u00fd - TATTJA\" \/>\n<meta property=\"og:description\" content=\"D\u00e1mske oble\u010denie trojset SOLVEJ tmavosiv\u00fd \u2013 elegantn\u00fd d\u00e1msky pleten\u00fd komplet TATTJA, ktor\u00fd sp\u00e1ja noblesu, hrejivos\u0165 a nad\u010dasov\u00fa \u017eenskos\u0165 v ka\u017edom detaile.\" \/>\n<meta property=\"og:url\" content=\"https:\/\/www.tattja.com\/en\/product\/damske-oblecenie-trojset-solvej-tmavosivy-tattja\/\" \/>\n<meta property=\"og:site_name\" content=\"TATTJA\" \/>\n<meta property=\"article:modified_time\" content=\"2026-04-05T17:44:33+00:00\" \/>\n<meta property=\"og:image\" content=\"https:\/\/www.tattja.com\/wp-content\/uploads\/2026\/01\/tmavosivy-trojset-nakrcnik-driekovnik-ciapka-spredu-19.webp\" \/>\n\t<meta property=\"og:image:width\" content=\"1365\" \/>\n\t<meta property=\"og:image:height\" content=\"2048\" \/>\n\t<meta property=\"og:image:type\" content=\"image\/webp\" \/>\n<meta name=\"twitter:card\" content=\"summary_large_image\" \/>\n<meta name=\"twitter:label1\" content=\"Estimated reading time\" \/>\n\t<meta name=\"twitter:data1\" content=\"2 minutes\" \/>\n<script type=\"application\/ld+json\" class=\"yoast-schema-graph\">{\"@context\":\"https:\/\/schema.org\",\"@graph\":[{\"@type\":\"WebPage\",\"@id\":\"https:\/\/www.tattja.com\/product\/damske-oblecenie-trojset-solvej-tmavosivy-tattja\/\",\"url\":\"https:\/\/www.tattja.com\/product\/damske-oblecenie-trojset-solvej-tmavosivy-tattja\/\",\"name\":\"D\u00e1mske oble\u010denie 3-set SOLVEJ tmavosiv\u00fd - TATTJA\",\"isPartOf\":{\"@id\":\"https:\/\/www.tattja.com\/#website\"},\"primaryImageOfPage\":{\"@id\":\"https:\/\/www.tattja.com\/product\/damske-oblecenie-trojset-solvej-tmavosivy-tattja\/#primaryimage\"},\"image\":{\"@id\":\"https:\/\/www.tattja.com\/product\/damske-oblecenie-trojset-solvej-tmavosivy-tattja\/#primaryimage\"},\"thumbnailUrl\":\"https:\/\/www.tattja.com\/wp-content\/uploads\/2026\/01\/tmavosivy-trojset-nakrcnik-driekovnik-ciapka-spredu-19.webp\",\"datePublished\":\"2025-08-22T08:45:44+00:00\",\"dateModified\":\"2026-04-05T17:44:33+00:00\",\"description\":\"D\u00e1mske oble\u010denie trojset SOLVEJ tmavosiv\u00fd \u2013 elegantn\u00fd d\u00e1msky pleten\u00fd komplet TATTJA, ktor\u00fd sp\u00e1ja noblesu, hrejivos\u0165 a nad\u010dasov\u00fa \u017eenskos\u0165 v ka\u017edom detaile.\",\"breadcrumb\":{\"@id\":\"https:\/\/www.tattja.com\/product\/damske-oblecenie-trojset-solvej-tmavosivy-tattja\/#breadcrumb\"},\"inLanguage\":\"en-GB\",\"potentialAction\":[{\"@type\":\"ReadAction\",\"target\":[\"https:\/\/www.tattja.com\/product\/damske-oblecenie-trojset-solvej-tmavosivy-tattja\/\"]}]},{\"@type\":\"ImageObject\",\"inLanguage\":\"en-GB\",\"@id\":\"https:\/\/www.tattja.com\/product\/damske-oblecenie-trojset-solvej-tmavosivy-tattja\/#primaryimage\",\"url\":\"https:\/\/www.tattja.com\/wp-content\/uploads\/2026\/01\/tmavosivy-trojset-nakrcnik-driekovnik-ciapka-spredu-19.webp\",\"contentUrl\":\"https:\/\/www.tattja.com\/wp-content\/uploads\/2026\/01\/tmavosivy-trojset-nakrcnik-driekovnik-ciapka-spredu-19.webp\",\"width\":1365,\"height\":2048,\"caption\":\"Tmavosiv\u00fd pleten\u00fd trojset SOLVEJ TATTJA \u2013 elegantn\u00fd komplet s n\u00e1kr\u010dn\u00edkom, driekovn\u00edkom a \u010diapkou\"},{\"@type\":\"BreadcrumbList\",\"@id\":\"https:\/\/www.tattja.com\/product\/damske-oblecenie-trojset-solvej-tmavosivy-tattja\/#breadcrumb\",\"itemListElement\":[{\"@type\":\"ListItem\",\"position\":1,\"name\":\"Domov\",\"item\":\"https:\/\/www.tattja.com\/\"},{\"@type\":\"ListItem\",\"position\":2,\"name\":\"Produkty\",\"item\":\"https:\/\/www.tattja.com\/damske-oblecenie-produkty\/\"},{\"@type\":\"ListItem\",\"position\":3,\"name\":\"D\u00e1mske oble\u010denie 3-set SOLVEJ tmavosiv\u00fd\"}]},{\"@type\":\"WebSite\",\"@id\":\"https:\/\/www.tattja.com\/#website\",\"url\":\"https:\/\/www.tattja.com\/\",\"name\":\"TATTJA\",\"description\":\"D\u00e1mske oble\u010denie z extra jemnej merino vlny \u2014 ru\u010dne pleten\u00e9 na Slovensku\",\"potentialAction\":[{\"@type\":\"SearchAction\",\"target\":{\"@type\":\"EntryPoint\",\"urlTemplate\":\"https:\/\/www.tattja.com\/?s={search_term_string}\"},\"query-input\":{\"@type\":\"PropertyValueSpecification\",\"valueRequired\":true,\"valueName\":\"search_term_string\"}}],\"inLanguage\":\"en-GB\"}]}<\/script>\n<!-- \/ Yoast SEO plugin. -->","yoast_head_json":{"title":"D\u00e1mske oble\u010denie 3-set SOLVEJ tmavosiv\u00fd - TATTJA","description":"D\u00e1mske oble\u010denie trojset SOLVEJ tmavosiv\u00fd \u2013 elegantn\u00fd d\u00e1msky pleten\u00fd komplet TATTJA, ktor\u00fd sp\u00e1ja noblesu, hrejivos\u0165 a nad\u010dasov\u00fa \u017eenskos\u0165 v ka\u017edom detaile.","robots":{"index":"index","follow":"follow","max-snippet":"max-snippet:-1","max-image-preview":"max-image-preview:large","max-video-preview":"max-video-preview:-1"},"canonical":"https:\/\/www.tattja.com\/en\/product\/damske-oblecenie-trojset-solvej-tmavosivy-tattja\/","og_locale":"en_GB","og_type":"article","og_title":"D\u00e1mske oble\u010denie 3-set SOLVEJ tmavosiv\u00fd - TATTJA","og_description":"D\u00e1mske oble\u010denie trojset SOLVEJ tmavosiv\u00fd \u2013 elegantn\u00fd d\u00e1msky pleten\u00fd komplet TATTJA, ktor\u00fd sp\u00e1ja noblesu, hrejivos\u0165 a nad\u010dasov\u00fa \u017eenskos\u0165 v ka\u017edom detaile.","og_url":"https:\/\/www.tattja.com\/en\/product\/damske-oblecenie-trojset-solvej-tmavosivy-tattja\/","og_site_name":"TATTJA","article_modified_time":"2026-04-05T17:44:33+00:00","og_image":[{"width":1365,"height":2048,"url":"https:\/\/www.tattja.com\/wp-content\/uploads\/2026\/01\/tmavosivy-trojset-nakrcnik-driekovnik-ciapka-spredu-19.webp","type":"image\/webp"}],"twitter_card":"summary_large_image","twitter_misc":{"Estimated reading time":"2 minutes"},"schema":{"@context":"https:\/\/schema.org","@graph":[{"@type":"WebPage","@id":"https:\/\/www.tattja.com\/product\/damske-oblecenie-trojset-solvej-tmavosivy-tattja\/","url":"https:\/\/www.tattja.com\/product\/damske-oblecenie-trojset-solvej-tmavosivy-tattja\/","name":"D\u00e1mske oble\u010denie 3-set SOLVEJ tmavosiv\u00fd - TATTJA","isPartOf":{"@id":"https:\/\/www.tattja.com\/#website"},"primaryImageOfPage":{"@id":"https:\/\/www.tattja.com\/product\/damske-oblecenie-trojset-solvej-tmavosivy-tattja\/#primaryimage"},"image":{"@id":"https:\/\/www.tattja.com\/product\/damske-oblecenie-trojset-solvej-tmavosivy-tattja\/#primaryimage"},"thumbnailUrl":"https:\/\/www.tattja.com\/wp-content\/uploads\/2026\/01\/tmavosivy-trojset-nakrcnik-driekovnik-ciapka-spredu-19.webp","datePublished":"2025-08-22T08:45:44+00:00","dateModified":"2026-04-05T17:44:33+00:00","description":"D\u00e1mske oble\u010denie trojset SOLVEJ tmavosiv\u00fd \u2013 elegantn\u00fd d\u00e1msky pleten\u00fd komplet TATTJA, ktor\u00fd sp\u00e1ja noblesu, hrejivos\u0165 a nad\u010dasov\u00fa \u017eenskos\u0165 v ka\u017edom detaile.","breadcrumb":{"@id":"https:\/\/www.tattja.com\/product\/damske-oblecenie-trojset-solvej-tmavosivy-tattja\/#breadcrumb"},"inLanguage":"en-GB","potentialAction":[{"@type":"ReadAction","target":["https:\/\/www.tattja.com\/product\/damske-oblecenie-trojset-solvej-tmavosivy-tattja\/"]}]},{"@type":"ImageObject","inLanguage":"en-GB","@id":"https:\/\/www.tattja.com\/product\/damske-oblecenie-trojset-solvej-tmavosivy-tattja\/#primaryimage","url":"https:\/\/www.tattja.com\/wp-content\/uploads\/2026\/01\/tmavosivy-trojset-nakrcnik-driekovnik-ciapka-spredu-19.webp","contentUrl":"https:\/\/www.tattja.com\/wp-content\/uploads\/2026\/01\/tmavosivy-trojset-nakrcnik-driekovnik-ciapka-spredu-19.webp","width":1365,"height":2048,"caption":"Tmavosiv\u00fd pleten\u00fd trojset SOLVEJ TATTJA \u2013 elegantn\u00fd komplet s n\u00e1kr\u010dn\u00edkom, driekovn\u00edkom a \u010diapkou"},{"@type":"BreadcrumbList","@id":"https:\/\/www.tattja.com\/product\/damske-oblecenie-trojset-solvej-tmavosivy-tattja\/#breadcrumb","itemListElement":[{"@type":"ListItem","position":1,"name":"Domov","item":"https:\/\/www.tattja.com\/"},{"@type":"ListItem","position":2,"name":"Produkty","item":"https:\/\/www.tattja.com\/damske-oblecenie-produkty\/"},{"@type":"ListItem","position":3,"name":"D\u00e1mske oble\u010denie 3-set SOLVEJ tmavosiv\u00fd"}]},{"@type":"WebSite","@id":"https:\/\/www.tattja.com\/#website","url":"https:\/\/www.tattja.com\/","name":"TATTJA","description":"D\u00e1mske oble\u010denie z extra jemnej merino vlny \u2014 ru\u010dne pleten\u00e9 na Slovensku","potentialAction":[{"@type":"SearchAction","target":{"@type":"EntryPoint","urlTemplate":"https:\/\/www.tattja.com\/?s={search_term_string}"},"query-input":{"@type":"PropertyValueSpecification","valueRequired":true,"valueName":"search_term_string"}}],"inLanguage":"en-GB"}]}},"_links":{"self":[{"href":"https:\/\/www.tattja.com\/en\/wp-json\/wp\/v2\/product\/2201","targetHints":{"allow":["GET"]}}],"collection":[{"href":"https:\/\/www.tattja.com\/en\/wp-json\/wp\/v2\/product"}],"about":[{"href":"https:\/\/www.tattja.com\/en\/wp-json\/wp\/v2\/types\/product"}],"replies":[{"embeddable":true,"href":"https:\/\/www.tattja.com\/en\/wp-json\/wp\/v2\/comments?post=2201"}],"version-history":[{"count":6,"href":"https:\/\/www.tattja.com\/en\/wp-json\/wp\/v2\/product\/2201\/revisions"}],"predecessor-version":[{"id":7142,"href":"https:\/\/www.tattja.com\/en\/wp-json\/wp\/v2\/product\/2201\/revisions\/7142"}],"wp:featuredmedia":[{"embeddable":true,"href":"https:\/\/www.tattja.com\/en\/wp-json\/wp\/v2\/media\/7755"}],"wp:attachment":[{"href":"https:\/\/www.tattja.com\/en\/wp-json\/wp\/v2\/media?parent=2201"}],"wp:term":[{"taxonomy":"product_brand","embeddable":true,"href":"https:\/\/www.tattja.com\/en\/wp-json\/wp\/v2\/product_brand?post=2201"},{"taxonomy":"product_cat","embeddable":true,"href":"https:\/\/www.tattja.com\/en\/wp-json\/wp\/v2\/product_cat?post=2201"},{"taxonomy":"product_tag","embeddable":true,"href":"https:\/\/www.tattja.com\/en\/wp-json\/wp\/v2\/product_tag?post=2201"}],"curies":[{"name":"wp","href":"https:\/\/api.w.org\/{rel}","templated":true}]}}