{"id":7861,"date":"2026-01-12T21:10:37","date_gmt":"2026-01-12T20:10:37","guid":{"rendered":"https:\/\/www.tattja.com\/?post_type=product&#038;p=7861"},"modified":"2026-04-05T19:44:32","modified_gmt":"2026-04-05T17:44:32","slug":"damske-oblecenie-2-set-ragbborg-cerveny","status":"publish","type":"product","link":"https:\/\/www.tattja.com\/en\/product\/damske-oblecenie-2-set-ragbborg-cerveny\/","title":{"rendered":"D\u00e1mske oble\u010denie 2-set RAGBBORG \u010derven\u00fd"},"content":{"rendered":"<article class=\"text-token-text-primary w-full focus:outline-none [--shadow-height:45px] has-data-writing-block:pointer-events-none has-data-writing-block:-mt-(--shadow-height) has-data-writing-block:pt-(--shadow-height) [&amp;:has([data-writing-block])&gt;*]:pointer-events-auto scroll-mt-[calc(var(--header-height)+min(200px,max(70px,20svh)))]\" dir=\"auto\" style=\"font-style: normal; font-variant-caps: normal; font-weight: 400; letter-spacing: normal; orphans: auto; text-align: start; text-indent: 0px; text-transform: none; white-space: normal; widows: auto; word-spacing: 0px; -webkit-text-stroke-width: 0px; text-decoration: none; caret-color: #000000; color: #000000;\" tabindex=\"-1\" data-turn-id=\"request-68ee2950-5a00-8331-83a7-f9c896e1d832-21\" data-testid=\"conversation-turn-331\" data-scroll-anchor=\"true\" data-turn=\"assistant\">\n<div class=\"text-base my-auto mx-auto pb-10 [--thread-content-margin:--spacing(4)] thread-sm:[--thread-content-margin:--spacing(6)] thread-lg:[--thread-content-margin:--spacing(16)] px-(--thread-content-margin)\">\n<div class=\"[--thread-content-max-width:40rem] thread-lg:[--thread-content-max-width:48rem] mx-auto max-w-(--thread-content-max-width) flex-1 group\/turn-messages focus-visible:outline-hidden relative flex w-full min-w-0 flex-col agent-turn\" tabindex=\"-1\">\n<div class=\"flex max-w-full flex-col grow\">\n<div class=\"min-h-8 text-message relative flex w-full flex-col items-end gap-2 text-start break-words whitespace-normal [.text-message+&amp;]:mt-1\" dir=\"auto\" data-message-author-role=\"assistant\" data-message-id=\"140034a7-024d-4c34-bf53-29b095126a7b\" data-message-model-slug=\"gpt-5\">\n<div class=\"flex w-full flex-col gap-1 empty:hidden first:pt-[1px]\">\n<div class=\"markdown prose dark:prose-invert w-full break-words light markdown-new-styling\">\n<p data-start=\"139\" data-end=\"406\"><strong data-start=\"139\" data-end=\"184\">D\u00e1mske oble\u010denie dvojset RAGGBORG \u010derven\u00fd<\/strong> synonymizuje v\u00fdrazn\u00fa \u017eenskos\u0165, eleganciu a modern\u00fd komfort. Tento dvojset z kolekcie <strong data-start=\"275\" data-end=\"285\">TATTJA<\/strong> sme vytvorili spojen\u00edm \u010diapky so \u0161iltom a pleten\u00fdch ruk\u00e1vnikov. Obidva doplnky symbolizuj\u00fa ikonick\u00fa kombin\u00e1ciu, ktor\u00e1 sp\u00e1ja funk\u010dnos\u0165, m\u00f3dny charakter a dotyk luxusu.<\/p>\n<p data-start=\"408\" data-end=\"673\">Ke\u010f\u017ee s\u00fdta \u010derven\u00e1 farba p\u00f4sob\u00ed sebavedomo, energicky a z\u00e1rove\u0148 noblesne, okam\u017eite pritiahne poh\u013ead a dod\u00e1 ka\u017ed\u00e9mu outfitu osobitos\u0165. \u010cerven\u00fd RAGGBORG si vyber\u00fa \u017eeny, ktor\u00e9 sa neboja vynikn\u00fa\u0165 a chc\u00fa prostredn\u00edctvom farby vyjadri\u0165 svoju silu, \u017eenskos\u0165 a \u0161t\u00fdl.<\/p>\n<p data-start=\"675\" data-end=\"963\">\u010ciapka so \u0161iltom nielen chr\u00e1ni pred chladom, ale z\u00e1rove\u0148 dod\u00e1va setu mestsk\u00fd, modern\u00fd v\u00fdraz. Ruk\u00e1vniky zahrej\u00fa ruky, zv\u00fdraznia l\u00edniu pa\u017e\u00ed a vytv\u00e1raj\u00fa elegantn\u00fa siluetu. Jemn\u00e1 rebrovan\u00e1 pletenina sa prirodzene prisp\u00f4sob\u00ed tvaru tela a poskytuje m\u00e4kkos\u0165, pru\u017enos\u0165 a maxim\u00e1lny komfort po\u010das cel\u00e9ho d\u0148a.<\/p>\n<p data-start=\"965\" data-end=\"1187\"><strong data-start=\"965\" data-end=\"1010\">D\u00e1mske oble\u010denie dvojset RAGGBORG \u010derven\u00fd<\/strong> je ide\u00e1lny doplnok na ka\u017edodenn\u00e9 nosenie, do pr\u00e1ce aj na vo\u013en\u00fd \u010das. Ke\u010f\u017ee sp\u00e1ja funk\u010dnos\u0165 s v\u00fdrazn\u00fdm dizajnom, praktick\u00fd doplnok v\u00e1m poskytne \u0161t\u00fdlovos\u0165, \u017eenskos\u0165 a nezamenite\u013enos\u0165.<\/p>\n<p data-start=\"2022\" data-end=\"2127\">Discover the beauty of delicacy, sophisticated details and feminine style that will keep you warm and <a href=\"https:\/\/www.tattja.com\/en\/product-category\/damske-oblecenie\/dvojsety\/rukavniky-a-ciapka\/\">in other colours<\/a>.<\/p>\n<p data-start=\"2129\" data-end=\"2273\"><strong data-start=\"2129\" data-end=\"2183\">See what materials we use to make our pieces<\/strong>, and treat yourself to the luxury that lies in quality, precision and timeless design.<\/p>\n<\/div>\n<\/div>\n<\/div>\n<\/div>\n<\/div>\n<\/div>\n<\/article>","protected":false},"excerpt":{"rendered":"<p><strong data-start=\"45\" data-end=\"90\">D\u00e1mske oble\u010denie dvojset RAGBBORG \u010derven\u00fd<\/strong> predstavuje spojenie v\u00fdraznej \u017eenskosti a elegancie. Pleten\u00e1 \u010diapka so \u0161iltom dop\u013a\u0148a ruk\u00e1vniky, ktor\u00e9 zahrej\u00fa a zv\u00fdraznia \u017eensk\u00e9 l\u00ednie. S\u00fdta \u010derven\u00e1 farba dod\u00e1va outfitu energiu a noblesu \u2013 ide\u00e1lna pre \u017eenu, ktor\u00e1 miluje sebavedom\u00fd \u0161t\u00fdl, jemn\u00e9 detaily a pohodlie v jednom. \u2764\ufe0f<\/p>","protected":false},"featured_media":7649,"comment_status":"open","ping_status":"closed","template":"","meta":[],"product_brand":[],"product_cat":[289,334,332,295],"product_tag":[],"class_list":{"0":"post-7861","1":"product","2":"type-product","3":"status-publish","4":"has-post-thumbnail","6":"product_cat-dvojsety","7":"product_cat-dvojsety-cervene","8":"product_cat-pleteninove-doplnky-cervene","9":"product_cat-rukavniky-a-ciapka","11":"first","12":"instock","13":"taxable","14":"shipping-taxable","15":"purchasable","16":"product-type-simple"},"yoast_head":"<!-- This site is optimized with the Yoast SEO plugin v26.0 - https:\/\/yoast.com\/wordpress\/plugins\/seo\/ -->\n<title>D\u00e1mske oble\u010denie 2-set RAGBBORG \u010derven\u00fd - TATTJA<\/title>\n<meta name=\"description\" content=\"D\u00e1mske oble\u010denie 2-set RAGBBORG \u010derven\u00fd \u2013 noblesn\u00e1 kombin\u00e1cia \u010diapky a ruk\u00e1vnikov, ktor\u00e1 sp\u00e1ja diskr\u00e9tny luxus, pohodlie a modern\u00fa eleganciu.\" \/>\n<meta name=\"robots\" content=\"index, follow, max-snippet:-1, max-image-preview:large, max-video-preview:-1\" \/>\n<link rel=\"canonical\" href=\"https:\/\/www.tattja.com\/en\/product\/damske-oblecenie-2-set-ragbborg-cerveny\/\" \/>\n<meta property=\"og:locale\" content=\"en_GB\" \/>\n<meta property=\"og:type\" content=\"article\" \/>\n<meta property=\"og:title\" content=\"D\u00e1mske oble\u010denie 2-set RAGBBORG \u010derven\u00fd - TATTJA\" \/>\n<meta property=\"og:description\" content=\"D\u00e1mske oble\u010denie 2-set RAGBBORG \u010derven\u00fd \u2013 noblesn\u00e1 kombin\u00e1cia \u010diapky a ruk\u00e1vnikov, ktor\u00e1 sp\u00e1ja diskr\u00e9tny luxus, pohodlie a modern\u00fa eleganciu.\" \/>\n<meta property=\"og:url\" content=\"https:\/\/www.tattja.com\/en\/product\/damske-oblecenie-2-set-ragbborg-cerveny\/\" \/>\n<meta property=\"og:site_name\" content=\"TATTJA\" \/>\n<meta property=\"article:modified_time\" content=\"2026-04-05T17:44:32+00:00\" \/>\n<meta property=\"og:image\" content=\"https:\/\/www.tattja.com\/wp-content\/uploads\/2026\/01\/cerveny-dvojset-rukavniky-ciapka-spredu.webp\" \/>\n\t<meta property=\"og:image:width\" content=\"1365\" \/>\n\t<meta property=\"og:image:height\" content=\"2048\" \/>\n\t<meta property=\"og:image:type\" content=\"image\/webp\" \/>\n<meta name=\"twitter:card\" content=\"summary_large_image\" \/>\n<meta name=\"twitter:label1\" content=\"Estimated reading time\" \/>\n\t<meta name=\"twitter:data1\" content=\"2 minutes\" \/>\n<script type=\"application\/ld+json\" class=\"yoast-schema-graph\">{\"@context\":\"https:\/\/schema.org\",\"@graph\":[{\"@type\":\"WebPage\",\"@id\":\"https:\/\/www.tattja.com\/product\/damske-oblecenie-2-set-ragbborg-cerveny\/\",\"url\":\"https:\/\/www.tattja.com\/product\/damske-oblecenie-2-set-ragbborg-cerveny\/\",\"name\":\"D\u00e1mske oble\u010denie 2-set RAGBBORG \u010derven\u00fd - TATTJA\",\"isPartOf\":{\"@id\":\"https:\/\/www.tattja.com\/#website\"},\"primaryImageOfPage\":{\"@id\":\"https:\/\/www.tattja.com\/product\/damske-oblecenie-2-set-ragbborg-cerveny\/#primaryimage\"},\"image\":{\"@id\":\"https:\/\/www.tattja.com\/product\/damske-oblecenie-2-set-ragbborg-cerveny\/#primaryimage\"},\"thumbnailUrl\":\"https:\/\/www.tattja.com\/wp-content\/uploads\/2026\/01\/cerveny-dvojset-rukavniky-ciapka-spredu.webp\",\"datePublished\":\"2026-01-12T20:10:37+00:00\",\"dateModified\":\"2026-04-05T17:44:32+00:00\",\"description\":\"D\u00e1mske oble\u010denie 2-set RAGBBORG \u010derven\u00fd \u2013 noblesn\u00e1 kombin\u00e1cia \u010diapky a ruk\u00e1vnikov, ktor\u00e1 sp\u00e1ja diskr\u00e9tny luxus, pohodlie a modern\u00fa eleganciu.\",\"breadcrumb\":{\"@id\":\"https:\/\/www.tattja.com\/product\/damske-oblecenie-2-set-ragbborg-cerveny\/#breadcrumb\"},\"inLanguage\":\"en-GB\",\"potentialAction\":[{\"@type\":\"ReadAction\",\"target\":[\"https:\/\/www.tattja.com\/product\/damske-oblecenie-2-set-ragbborg-cerveny\/\"]}]},{\"@type\":\"ImageObject\",\"inLanguage\":\"en-GB\",\"@id\":\"https:\/\/www.tattja.com\/product\/damske-oblecenie-2-set-ragbborg-cerveny\/#primaryimage\",\"url\":\"https:\/\/www.tattja.com\/wp-content\/uploads\/2026\/01\/cerveny-dvojset-rukavniky-ciapka-spredu.webp\",\"contentUrl\":\"https:\/\/www.tattja.com\/wp-content\/uploads\/2026\/01\/cerveny-dvojset-rukavniky-ciapka-spredu.webp\",\"width\":1365,\"height\":2048,\"caption\":\"\u010cerven\u00fd dvojset RAGBBORG \u2013 ruk\u00e1vniky a \u010diapka TATTJA (spredu)\"},{\"@type\":\"BreadcrumbList\",\"@id\":\"https:\/\/www.tattja.com\/product\/damske-oblecenie-2-set-ragbborg-cerveny\/#breadcrumb\",\"itemListElement\":[{\"@type\":\"ListItem\",\"position\":1,\"name\":\"Domov\",\"item\":\"https:\/\/www.tattja.com\/\"},{\"@type\":\"ListItem\",\"position\":2,\"name\":\"Produkty\",\"item\":\"https:\/\/www.tattja.com\/damske-oblecenie-produkty\/\"},{\"@type\":\"ListItem\",\"position\":3,\"name\":\"D\u00e1mske oble\u010denie 2-set RAGBBORG \u010derven\u00fd\"}]},{\"@type\":\"WebSite\",\"@id\":\"https:\/\/www.tattja.com\/#website\",\"url\":\"https:\/\/www.tattja.com\/\",\"name\":\"TATTJA\",\"description\":\"D\u00e1mske oble\u010denie z extra jemnej merino vlny \u2014 ru\u010dne pleten\u00e9 na Slovensku\",\"potentialAction\":[{\"@type\":\"SearchAction\",\"target\":{\"@type\":\"EntryPoint\",\"urlTemplate\":\"https:\/\/www.tattja.com\/?s={search_term_string}\"},\"query-input\":{\"@type\":\"PropertyValueSpecification\",\"valueRequired\":true,\"valueName\":\"search_term_string\"}}],\"inLanguage\":\"en-GB\"}]}<\/script>\n<!-- \/ Yoast SEO plugin. -->","yoast_head_json":{"title":"D\u00e1mske oble\u010denie 2-set RAGBBORG \u010derven\u00fd - TATTJA","description":"D\u00e1mske oble\u010denie 2-set RAGBBORG \u010derven\u00fd \u2013 noblesn\u00e1 kombin\u00e1cia \u010diapky a ruk\u00e1vnikov, ktor\u00e1 sp\u00e1ja diskr\u00e9tny luxus, pohodlie a modern\u00fa eleganciu.","robots":{"index":"index","follow":"follow","max-snippet":"max-snippet:-1","max-image-preview":"max-image-preview:large","max-video-preview":"max-video-preview:-1"},"canonical":"https:\/\/www.tattja.com\/en\/product\/damske-oblecenie-2-set-ragbborg-cerveny\/","og_locale":"en_GB","og_type":"article","og_title":"D\u00e1mske oble\u010denie 2-set RAGBBORG \u010derven\u00fd - TATTJA","og_description":"D\u00e1mske oble\u010denie 2-set RAGBBORG \u010derven\u00fd \u2013 noblesn\u00e1 kombin\u00e1cia \u010diapky a ruk\u00e1vnikov, ktor\u00e1 sp\u00e1ja diskr\u00e9tny luxus, pohodlie a modern\u00fa eleganciu.","og_url":"https:\/\/www.tattja.com\/en\/product\/damske-oblecenie-2-set-ragbborg-cerveny\/","og_site_name":"TATTJA","article_modified_time":"2026-04-05T17:44:32+00:00","og_image":[{"width":1365,"height":2048,"url":"https:\/\/www.tattja.com\/wp-content\/uploads\/2026\/01\/cerveny-dvojset-rukavniky-ciapka-spredu.webp","type":"image\/webp"}],"twitter_card":"summary_large_image","twitter_misc":{"Estimated reading time":"2 minutes"},"schema":{"@context":"https:\/\/schema.org","@graph":[{"@type":"WebPage","@id":"https:\/\/www.tattja.com\/product\/damske-oblecenie-2-set-ragbborg-cerveny\/","url":"https:\/\/www.tattja.com\/product\/damske-oblecenie-2-set-ragbborg-cerveny\/","name":"D\u00e1mske oble\u010denie 2-set RAGBBORG \u010derven\u00fd - TATTJA","isPartOf":{"@id":"https:\/\/www.tattja.com\/#website"},"primaryImageOfPage":{"@id":"https:\/\/www.tattja.com\/product\/damske-oblecenie-2-set-ragbborg-cerveny\/#primaryimage"},"image":{"@id":"https:\/\/www.tattja.com\/product\/damske-oblecenie-2-set-ragbborg-cerveny\/#primaryimage"},"thumbnailUrl":"https:\/\/www.tattja.com\/wp-content\/uploads\/2026\/01\/cerveny-dvojset-rukavniky-ciapka-spredu.webp","datePublished":"2026-01-12T20:10:37+00:00","dateModified":"2026-04-05T17:44:32+00:00","description":"D\u00e1mske oble\u010denie 2-set RAGBBORG \u010derven\u00fd \u2013 noblesn\u00e1 kombin\u00e1cia \u010diapky a ruk\u00e1vnikov, ktor\u00e1 sp\u00e1ja diskr\u00e9tny luxus, pohodlie a modern\u00fa eleganciu.","breadcrumb":{"@id":"https:\/\/www.tattja.com\/product\/damske-oblecenie-2-set-ragbborg-cerveny\/#breadcrumb"},"inLanguage":"en-GB","potentialAction":[{"@type":"ReadAction","target":["https:\/\/www.tattja.com\/product\/damske-oblecenie-2-set-ragbborg-cerveny\/"]}]},{"@type":"ImageObject","inLanguage":"en-GB","@id":"https:\/\/www.tattja.com\/product\/damske-oblecenie-2-set-ragbborg-cerveny\/#primaryimage","url":"https:\/\/www.tattja.com\/wp-content\/uploads\/2026\/01\/cerveny-dvojset-rukavniky-ciapka-spredu.webp","contentUrl":"https:\/\/www.tattja.com\/wp-content\/uploads\/2026\/01\/cerveny-dvojset-rukavniky-ciapka-spredu.webp","width":1365,"height":2048,"caption":"\u010cerven\u00fd dvojset RAGBBORG \u2013 ruk\u00e1vniky a \u010diapka TATTJA (spredu)"},{"@type":"BreadcrumbList","@id":"https:\/\/www.tattja.com\/product\/damske-oblecenie-2-set-ragbborg-cerveny\/#breadcrumb","itemListElement":[{"@type":"ListItem","position":1,"name":"Domov","item":"https:\/\/www.tattja.com\/"},{"@type":"ListItem","position":2,"name":"Produkty","item":"https:\/\/www.tattja.com\/damske-oblecenie-produkty\/"},{"@type":"ListItem","position":3,"name":"D\u00e1mske oble\u010denie 2-set RAGBBORG \u010derven\u00fd"}]},{"@type":"WebSite","@id":"https:\/\/www.tattja.com\/#website","url":"https:\/\/www.tattja.com\/","name":"TATTJA","description":"D\u00e1mske oble\u010denie z extra jemnej merino vlny \u2014 ru\u010dne pleten\u00e9 na Slovensku","potentialAction":[{"@type":"SearchAction","target":{"@type":"EntryPoint","urlTemplate":"https:\/\/www.tattja.com\/?s={search_term_string}"},"query-input":{"@type":"PropertyValueSpecification","valueRequired":true,"valueName":"search_term_string"}}],"inLanguage":"en-GB"}]}},"_links":{"self":[{"href":"https:\/\/www.tattja.com\/en\/wp-json\/wp\/v2\/product\/7861","targetHints":{"allow":["GET"]}}],"collection":[{"href":"https:\/\/www.tattja.com\/en\/wp-json\/wp\/v2\/product"}],"about":[{"href":"https:\/\/www.tattja.com\/en\/wp-json\/wp\/v2\/types\/product"}],"replies":[{"embeddable":true,"href":"https:\/\/www.tattja.com\/en\/wp-json\/wp\/v2\/comments?post=7861"}],"version-history":[{"count":3,"href":"https:\/\/www.tattja.com\/en\/wp-json\/wp\/v2\/product\/7861\/revisions"}],"predecessor-version":[{"id":7893,"href":"https:\/\/www.tattja.com\/en\/wp-json\/wp\/v2\/product\/7861\/revisions\/7893"}],"wp:featuredmedia":[{"embeddable":true,"href":"https:\/\/www.tattja.com\/en\/wp-json\/wp\/v2\/media\/7649"}],"wp:attachment":[{"href":"https:\/\/www.tattja.com\/en\/wp-json\/wp\/v2\/media?parent=7861"}],"wp:term":[{"taxonomy":"product_brand","embeddable":true,"href":"https:\/\/www.tattja.com\/en\/wp-json\/wp\/v2\/product_brand?post=7861"},{"taxonomy":"product_cat","embeddable":true,"href":"https:\/\/www.tattja.com\/en\/wp-json\/wp\/v2\/product_cat?post=7861"},{"taxonomy":"product_tag","embeddable":true,"href":"https:\/\/www.tattja.com\/en\/wp-json\/wp\/v2\/product_tag?post=7861"}],"curies":[{"name":"wp","href":"https:\/\/api.w.org\/{rel}","templated":true}]}}