{"id":7875,"date":"2026-01-12T21:38:41","date_gmt":"2026-01-12T20:38:41","guid":{"rendered":"https:\/\/www.tattja.com\/?post_type=product&#038;p=7875"},"modified":"2026-04-05T19:44:31","modified_gmt":"2026-04-05T17:44:31","slug":"damske-oblecenie-ciapka-anja-cervena","status":"publish","type":"product","link":"https:\/\/www.tattja.com\/en\/product\/damske-oblecenie-ciapka-anja-cervena\/","title":{"rendered":"D\u00e1mske oble\u010denie \u010diapka ANJA \u010derven\u00e1"},"content":{"rendered":"<p data-start=\"277\" data-end=\"653\"><strong data-start=\"277\" data-end=\"317\">D\u00e1mske oble\u010denie \u010diapka ANJA \u010derven\u00e1<\/strong> sp\u00e1ja \u017eenskos\u0165, energiu a nad\u010dasov\u00fd \u0161t\u00fdl. Tento v\u00fdrazn\u00fd doplnok z kolekcie <strong data-start=\"421\" data-end=\"431\">TATTJA<\/strong> ocen\u00edte pre \u00a0dokonal\u00fa rovnov\u00e1hu medzi sofistikovan\u00fdm dizajnom a praktickou funk\u010dnos\u0165ou. S\u00fdta \u010derven\u00e1 farba p\u00f4sob\u00ed sebavedomo, luxusne a dod\u00e1va outfitu siln\u00fd vizu\u00e1lny akcent \u2013 ide\u00e1lna pre \u017eeny, ktor\u00e9 chc\u00fa vynikn\u00fa\u0165 s eleganciou.<\/p>\n<p data-start=\"655\" data-end=\"955\">Jemn\u00e1 pletenina sa pr\u00edjemne prisp\u00f4sob\u00ed tvaru hlavy a poskytuje hrejivos\u0165 aj po\u010das chladn\u00fdch dn\u00ed. Materi\u00e1l je priedu\u0161n\u00fd, hebk\u00fd na dotyk a vytv\u00e1ra pocit \u013eahkosti pri nosen\u00ed. Ka\u017ed\u00fd detail, od prec\u00edzne spracovan\u00e9ho okraja a\u017e po elegantn\u00fd strih, pod\u010diarkuje kvalitu a origin\u00e1lny rukopis zna\u010dky <strong data-start=\"944\" data-end=\"954\">TATTJA<\/strong>.<\/p>\n<p data-start=\"957\" data-end=\"1255\">\u010cerven\u00fd odtie\u0148 symbolizuje v\u00e1\u0161e\u0148, silu a \u017eensk\u00fa energiu. V\u00fdborne dopln\u00ed minimalistick\u00e9 aj v\u00fdraznej\u0161ie outfity, kr\u00e1sne kontrastuje s neutr\u00e1lnymi farbami a zv\u00fdrazn\u00ed zimn\u00e9 aj mestsk\u00e9 looky. Hod\u00ed sa k elegantn\u00fdm kab\u00e1tom, ale rovnako dobre vynikne v kombin\u00e1cii so svetrami, \u0161\u00e1lmi \u010di pleten\u00fdmi doplnkami.<\/p>\n<p data-start=\"1257\" data-end=\"1541\"><strong data-start=\"1257\" data-end=\"1297\">D\u00e1mske oble\u010denie \u010diapka ANJA \u010derven\u00e1<\/strong> vy\u017earuje sebavedomie, \u017eenskos\u0165 a osobitos\u0165. Je ide\u00e1lnou vo\u013ebou na ka\u017edodenn\u00e9 nosenie, cestovanie aj zimn\u00e9 prech\u00e1dzky. Spojenie v\u00fdraznej farby, komfortu a pr\u00e9miovej kvality rob\u00ed z tohto k\u00fasku \u0161t\u00fdlov\u00fd doplnok, ktor\u00fd okam\u017eite pov\u00fd\u0161i ka\u017ed\u00fd outfit.<\/p>\n<p data-start=\"2121\" data-end=\"2226\">Discover the beauty of delicacy, sophisticated details and feminine style that will keep you warm and <a href=\"https:\/\/www.tattja.com\/en\/product-category\/damske-oblecenie\/doplnky-jednotlivo\/ciapky\/\">in other colours<\/a>.<\/p>\n<p data-start=\"2228\" data-end=\"2368\"><strong data-start=\"2228\" data-end=\"2282\">See, <a href=\"https:\/\/shop.bogensberger.co.at\/produkt-schlagwort\/merino-extrafein\/\">from what materials<\/a> we produce our pieces<\/strong> and enjoy the combination of elegance, comfort and timeless design of the brand <strong data-start=\"2355\" data-end=\"2365\">TATTJA<\/strong><\/p>","protected":false},"excerpt":{"rendered":"<p>&nbsp;<\/p>\n<p><strong data-start=\"63\" data-end=\"232\">D\u00e1mske oble\u010denie \u010diapka ANJA \u010derven\u00e1 <\/strong>predstavuje v\u00fdrazn\u00fd \u0161t\u00fdlov\u00fd doplnok, ktor\u00fd sp\u00e1ja energiu, komfort a eleganciu. Hrejiv\u00e1, jemn\u00e1 a nad\u010dasov\u00e1 vo v\u0161etk\u00fdch detailoch. \u2764\ufe0f<\/p>\n<p>&nbsp;<\/p>","protected":false},"featured_media":7628,"comment_status":"open","ping_status":"closed","template":"","meta":[],"product_brand":[],"product_cat":[337,282,300,333,298,332],"product_tag":[],"class_list":{"0":"post-7875","1":"product","2":"type-product","3":"status-publish","4":"has-post-thumbnail","6":"product_cat-ciapka-cervena","7":"product_cat-ciapky","8":"product_cat-damske-oblecenie","9":"product_cat-doplnky-cervene","10":"product_cat-doplnky-jednotlivo","11":"product_cat-pleteninove-doplnky-cervene","13":"first","14":"instock","15":"taxable","16":"shipping-taxable","17":"purchasable","18":"product-type-simple"},"yoast_head":"<!-- This site is optimized with the Yoast SEO plugin v26.0 - https:\/\/yoast.com\/wordpress\/plugins\/seo\/ -->\n<title>D\u00e1mske oble\u010denie \u010diapka ANJA \u010derven\u00e1 - TATTJA<\/title>\n<meta name=\"description\" content=\"D\u00e1mske oble\u010denie \u010diapka ANJA \u010derven\u00e1 \u2013 nad\u010dasov\u00fd doplnok z jemnej pleteniny, ktor\u00fd sp\u00e1ja eleganciu, funk\u010dnos\u0165 a modern\u00fd \u0161t\u00fdl.\" \/>\n<meta name=\"robots\" content=\"index, follow, max-snippet:-1, max-image-preview:large, max-video-preview:-1\" \/>\n<link rel=\"canonical\" href=\"https:\/\/www.tattja.com\/en\/product\/damske-oblecenie-ciapka-anja-cervena\/\" \/>\n<meta property=\"og:locale\" content=\"en_GB\" \/>\n<meta property=\"og:type\" content=\"article\" \/>\n<meta property=\"og:title\" content=\"D\u00e1mske oble\u010denie \u010diapka ANJA \u010derven\u00e1 - TATTJA\" \/>\n<meta property=\"og:description\" content=\"D\u00e1mske oble\u010denie \u010diapka ANJA \u010derven\u00e1 \u2013 nad\u010dasov\u00fd doplnok z jemnej pleteniny, ktor\u00fd sp\u00e1ja eleganciu, funk\u010dnos\u0165 a modern\u00fd \u0161t\u00fdl.\" \/>\n<meta property=\"og:url\" content=\"https:\/\/www.tattja.com\/en\/product\/damske-oblecenie-ciapka-anja-cervena\/\" \/>\n<meta property=\"og:site_name\" content=\"TATTJA\" \/>\n<meta property=\"article:modified_time\" content=\"2026-04-05T17:44:31+00:00\" \/>\n<meta property=\"og:image\" content=\"https:\/\/www.tattja.com\/wp-content\/uploads\/2026\/01\/cerveny-ciapka-spredu.webp\" \/>\n\t<meta property=\"og:image:width\" content=\"1365\" \/>\n\t<meta property=\"og:image:height\" content=\"2048\" \/>\n\t<meta property=\"og:image:type\" content=\"image\/webp\" \/>\n<meta name=\"twitter:card\" content=\"summary_large_image\" \/>\n<meta name=\"twitter:label1\" content=\"Estimated reading time\" \/>\n\t<meta name=\"twitter:data1\" content=\"2 minutes\" \/>\n<script type=\"application\/ld+json\" class=\"yoast-schema-graph\">{\"@context\":\"https:\/\/schema.org\",\"@graph\":[{\"@type\":\"WebPage\",\"@id\":\"https:\/\/www.tattja.com\/product\/damske-oblecenie-ciapka-anja-cervena\/\",\"url\":\"https:\/\/www.tattja.com\/product\/damske-oblecenie-ciapka-anja-cervena\/\",\"name\":\"D\u00e1mske oble\u010denie \u010diapka ANJA \u010derven\u00e1 - TATTJA\",\"isPartOf\":{\"@id\":\"https:\/\/www.tattja.com\/#website\"},\"primaryImageOfPage\":{\"@id\":\"https:\/\/www.tattja.com\/product\/damske-oblecenie-ciapka-anja-cervena\/#primaryimage\"},\"image\":{\"@id\":\"https:\/\/www.tattja.com\/product\/damske-oblecenie-ciapka-anja-cervena\/#primaryimage\"},\"thumbnailUrl\":\"https:\/\/www.tattja.com\/wp-content\/uploads\/2026\/01\/cerveny-ciapka-spredu.webp\",\"datePublished\":\"2026-01-12T20:38:41+00:00\",\"dateModified\":\"2026-04-05T17:44:31+00:00\",\"description\":\"D\u00e1mske oble\u010denie \u010diapka ANJA \u010derven\u00e1 \u2013 nad\u010dasov\u00fd doplnok z jemnej pleteniny, ktor\u00fd sp\u00e1ja eleganciu, funk\u010dnos\u0165 a modern\u00fd \u0161t\u00fdl.\",\"breadcrumb\":{\"@id\":\"https:\/\/www.tattja.com\/product\/damske-oblecenie-ciapka-anja-cervena\/#breadcrumb\"},\"inLanguage\":\"en-GB\",\"potentialAction\":[{\"@type\":\"ReadAction\",\"target\":[\"https:\/\/www.tattja.com\/product\/damske-oblecenie-ciapka-anja-cervena\/\"]}]},{\"@type\":\"ImageObject\",\"inLanguage\":\"en-GB\",\"@id\":\"https:\/\/www.tattja.com\/product\/damske-oblecenie-ciapka-anja-cervena\/#primaryimage\",\"url\":\"https:\/\/www.tattja.com\/wp-content\/uploads\/2026\/01\/cerveny-ciapka-spredu.webp\",\"contentUrl\":\"https:\/\/www.tattja.com\/wp-content\/uploads\/2026\/01\/cerveny-ciapka-spredu.webp\",\"width\":1365,\"height\":2048,\"caption\":\"\u010cerven\u00e1 pleten\u00e1 \u010diapka ANJA \u2013 poh\u013ead spredu\"},{\"@type\":\"BreadcrumbList\",\"@id\":\"https:\/\/www.tattja.com\/product\/damske-oblecenie-ciapka-anja-cervena\/#breadcrumb\",\"itemListElement\":[{\"@type\":\"ListItem\",\"position\":1,\"name\":\"Domov\",\"item\":\"https:\/\/www.tattja.com\/\"},{\"@type\":\"ListItem\",\"position\":2,\"name\":\"Produkty\",\"item\":\"https:\/\/www.tattja.com\/damske-oblecenie-produkty\/\"},{\"@type\":\"ListItem\",\"position\":3,\"name\":\"D\u00e1mske oble\u010denie \u010diapka ANJA \u010derven\u00e1\"}]},{\"@type\":\"WebSite\",\"@id\":\"https:\/\/www.tattja.com\/#website\",\"url\":\"https:\/\/www.tattja.com\/\",\"name\":\"TATTJA\",\"description\":\"D\u00e1mske oble\u010denie z extra jemnej merino vlny \u2014 ru\u010dne pleten\u00e9 na Slovensku\",\"potentialAction\":[{\"@type\":\"SearchAction\",\"target\":{\"@type\":\"EntryPoint\",\"urlTemplate\":\"https:\/\/www.tattja.com\/?s={search_term_string}\"},\"query-input\":{\"@type\":\"PropertyValueSpecification\",\"valueRequired\":true,\"valueName\":\"search_term_string\"}}],\"inLanguage\":\"en-GB\"}]}<\/script>\n<!-- \/ Yoast SEO plugin. -->","yoast_head_json":{"title":"D\u00e1mske oble\u010denie \u010diapka ANJA \u010derven\u00e1 - TATTJA","description":"D\u00e1mske oble\u010denie \u010diapka ANJA \u010derven\u00e1 \u2013 nad\u010dasov\u00fd doplnok z jemnej pleteniny, ktor\u00fd sp\u00e1ja eleganciu, funk\u010dnos\u0165 a modern\u00fd \u0161t\u00fdl.","robots":{"index":"index","follow":"follow","max-snippet":"max-snippet:-1","max-image-preview":"max-image-preview:large","max-video-preview":"max-video-preview:-1"},"canonical":"https:\/\/www.tattja.com\/en\/product\/damske-oblecenie-ciapka-anja-cervena\/","og_locale":"en_GB","og_type":"article","og_title":"D\u00e1mske oble\u010denie \u010diapka ANJA \u010derven\u00e1 - TATTJA","og_description":"D\u00e1mske oble\u010denie \u010diapka ANJA \u010derven\u00e1 \u2013 nad\u010dasov\u00fd doplnok z jemnej pleteniny, ktor\u00fd sp\u00e1ja eleganciu, funk\u010dnos\u0165 a modern\u00fd \u0161t\u00fdl.","og_url":"https:\/\/www.tattja.com\/en\/product\/damske-oblecenie-ciapka-anja-cervena\/","og_site_name":"TATTJA","article_modified_time":"2026-04-05T17:44:31+00:00","og_image":[{"width":1365,"height":2048,"url":"https:\/\/www.tattja.com\/wp-content\/uploads\/2026\/01\/cerveny-ciapka-spredu.webp","type":"image\/webp"}],"twitter_card":"summary_large_image","twitter_misc":{"Estimated reading time":"2 minutes"},"schema":{"@context":"https:\/\/schema.org","@graph":[{"@type":"WebPage","@id":"https:\/\/www.tattja.com\/product\/damske-oblecenie-ciapka-anja-cervena\/","url":"https:\/\/www.tattja.com\/product\/damske-oblecenie-ciapka-anja-cervena\/","name":"D\u00e1mske oble\u010denie \u010diapka ANJA \u010derven\u00e1 - TATTJA","isPartOf":{"@id":"https:\/\/www.tattja.com\/#website"},"primaryImageOfPage":{"@id":"https:\/\/www.tattja.com\/product\/damske-oblecenie-ciapka-anja-cervena\/#primaryimage"},"image":{"@id":"https:\/\/www.tattja.com\/product\/damske-oblecenie-ciapka-anja-cervena\/#primaryimage"},"thumbnailUrl":"https:\/\/www.tattja.com\/wp-content\/uploads\/2026\/01\/cerveny-ciapka-spredu.webp","datePublished":"2026-01-12T20:38:41+00:00","dateModified":"2026-04-05T17:44:31+00:00","description":"D\u00e1mske oble\u010denie \u010diapka ANJA \u010derven\u00e1 \u2013 nad\u010dasov\u00fd doplnok z jemnej pleteniny, ktor\u00fd sp\u00e1ja eleganciu, funk\u010dnos\u0165 a modern\u00fd \u0161t\u00fdl.","breadcrumb":{"@id":"https:\/\/www.tattja.com\/product\/damske-oblecenie-ciapka-anja-cervena\/#breadcrumb"},"inLanguage":"en-GB","potentialAction":[{"@type":"ReadAction","target":["https:\/\/www.tattja.com\/product\/damske-oblecenie-ciapka-anja-cervena\/"]}]},{"@type":"ImageObject","inLanguage":"en-GB","@id":"https:\/\/www.tattja.com\/product\/damske-oblecenie-ciapka-anja-cervena\/#primaryimage","url":"https:\/\/www.tattja.com\/wp-content\/uploads\/2026\/01\/cerveny-ciapka-spredu.webp","contentUrl":"https:\/\/www.tattja.com\/wp-content\/uploads\/2026\/01\/cerveny-ciapka-spredu.webp","width":1365,"height":2048,"caption":"\u010cerven\u00e1 pleten\u00e1 \u010diapka ANJA \u2013 poh\u013ead spredu"},{"@type":"BreadcrumbList","@id":"https:\/\/www.tattja.com\/product\/damske-oblecenie-ciapka-anja-cervena\/#breadcrumb","itemListElement":[{"@type":"ListItem","position":1,"name":"Domov","item":"https:\/\/www.tattja.com\/"},{"@type":"ListItem","position":2,"name":"Produkty","item":"https:\/\/www.tattja.com\/damske-oblecenie-produkty\/"},{"@type":"ListItem","position":3,"name":"D\u00e1mske oble\u010denie \u010diapka ANJA \u010derven\u00e1"}]},{"@type":"WebSite","@id":"https:\/\/www.tattja.com\/#website","url":"https:\/\/www.tattja.com\/","name":"TATTJA","description":"D\u00e1mske oble\u010denie z extra jemnej merino vlny \u2014 ru\u010dne pleten\u00e9 na Slovensku","potentialAction":[{"@type":"SearchAction","target":{"@type":"EntryPoint","urlTemplate":"https:\/\/www.tattja.com\/?s={search_term_string}"},"query-input":{"@type":"PropertyValueSpecification","valueRequired":true,"valueName":"search_term_string"}}],"inLanguage":"en-GB"}]}},"_links":{"self":[{"href":"https:\/\/www.tattja.com\/en\/wp-json\/wp\/v2\/product\/7875","targetHints":{"allow":["GET"]}}],"collection":[{"href":"https:\/\/www.tattja.com\/en\/wp-json\/wp\/v2\/product"}],"about":[{"href":"https:\/\/www.tattja.com\/en\/wp-json\/wp\/v2\/types\/product"}],"replies":[{"embeddable":true,"href":"https:\/\/www.tattja.com\/en\/wp-json\/wp\/v2\/comments?post=7875"}],"version-history":[{"count":4,"href":"https:\/\/www.tattja.com\/en\/wp-json\/wp\/v2\/product\/7875\/revisions"}],"predecessor-version":[{"id":7877,"href":"https:\/\/www.tattja.com\/en\/wp-json\/wp\/v2\/product\/7875\/revisions\/7877"}],"wp:featuredmedia":[{"embeddable":true,"href":"https:\/\/www.tattja.com\/en\/wp-json\/wp\/v2\/media\/7628"}],"wp:attachment":[{"href":"https:\/\/www.tattja.com\/en\/wp-json\/wp\/v2\/media?parent=7875"}],"wp:term":[{"taxonomy":"product_brand","embeddable":true,"href":"https:\/\/www.tattja.com\/en\/wp-json\/wp\/v2\/product_brand?post=7875"},{"taxonomy":"product_cat","embeddable":true,"href":"https:\/\/www.tattja.com\/en\/wp-json\/wp\/v2\/product_cat?post=7875"},{"taxonomy":"product_tag","embeddable":true,"href":"https:\/\/www.tattja.com\/en\/wp-json\/wp\/v2\/product_tag?post=7875"}],"curies":[{"name":"wp","href":"https:\/\/api.w.org\/{rel}","templated":true}]}}